{"id":217976,"date":"2019-09-27T13:02:35","date_gmt":"2019-09-27T11:02:35","guid":{"rendered":"https:\/\/raspberrypi.dk\/produkt\/omnivesa-vesa-mount-til-raspberry-pi\/"},"modified":"2026-04-01T21:35:05","modified_gmt":"2026-04-01T19:35:05","slug":"omnivesa-vesa-mount-til-raspberry-pi","status":"publish","type":"product","link":"https:\/\/raspberrypi.dk\/no\/produkt\/omnivesa-vesa-mount-til-raspberry-pi\/","title":{"rendered":"OmniVESA &#8211; VESA mount til Raspberry Pi"},"content":{"rendered":"<p>Settet inneholder:<\/p>\n<ul>\n<li>1 x OmniVESA<\/li>\n<li>2 x M4 16mm nylon tommelskruer<\/li>\n<li>2x 5 mm nylonavstandsstykker<\/li>\n<li>2 x M2,5 x 16 nylonskruer<\/li>\n<li>3 x M2,5 muttere<\/li>\n<\/ul>\n<p>Bare fjern den beskyttende baksiden fra OmniVESA og monter Raspberry Pi enten uten etui eller i visse st\u00f8ttede tilfeller. Nylonskruene er lange nok til \u00e5 passe til det meste, og de kan ogs\u00e5 kuttes av hvis du finner dem for lange.<\/p>\n<p><span id=\"result_box\" class=\"\" lang=\"da\">OmniVESA supportet 75mm og 100mm &laquo;spacing mounts&raquo;.<\/span><\/p>\n","protected":false},"excerpt":{"rendered":"<p>Pimoroni OmniVESA. Perfekt montering direkte p\u00e5 baksiden av TV-en eller annen skjerm med VESA.<\/p>\n<p>Din Raspberry Pi kan monteres helt uten etui eller sitte i v\u00e5r <a href=\"https:\/\/raspberrypi.dk\/no\/webshop\/kategori\/raspberry-pi-cases-no\/\">PiBow 3 Case<\/a>.<\/p>\n","protected":false},"featured_media":217977,"comment_status":"open","ping_status":"closed","template":"","meta":[],"product_brand":[],"product_cat":[594],"product_tag":[],"class_list":{"0":"post-217976","1":"product","2":"type-product","3":"status-publish","4":"has-post-thumbnail","6":"product_cat-raspberry-pi-cases-no","8":"first","9":"instock","10":"taxable","11":"shipping-taxable","12":"purchasable","13":"product-type-simple"},"composite_virtual":false,"composite_layout":"","composite_add_to_cart_form_location":"","composite_editable_in_cart":false,"composite_sold_individually_context":"","composite_shop_price_calc":"","composite_components":[],"composite_scenarios":[],"bundled_by":[],"bundle_stock_status":"instock","bundle_stock_quantity":6,"bundle_virtual":false,"bundle_layout":"","bundle_add_to_cart_form_location":"","bundle_editable_in_cart":false,"bundle_sold_individually_context":"","bundle_item_grouping":"","bundle_min_size":"","bundle_max_size":"","bundle_price":[],"bundled_items":[],"bundle_sell_ids":[],"yoast_head":"<!-- This site is optimized with the Yoast SEO plugin v27.1.1 - https:\/\/yoast.com\/product\/yoast-seo-wordpress\/ -->\n<title>OmniVESA - VESA mount til Raspberry Pi \u2022 RaspberryPi.dk<\/title>\n<meta name=\"robots\" content=\"index, follow, max-snippet:-1, max-image-preview:large, max-video-preview:-1\" \/>\n<link rel=\"canonical\" href=\"https:\/\/raspberrypi.dk\/no\/produkt\/omnivesa-vesa-mount-til-raspberry-pi\/\" \/>\n<meta property=\"og:locale\" content=\"nb_NO\" \/>\n<meta property=\"og:type\" content=\"article\" \/>\n<meta property=\"og:title\" content=\"OmniVESA - VESA mount til Raspberry Pi \u2022 RaspberryPi.dk\" \/>\n<meta property=\"og:description\" content=\"Pimoroni OmniVESA. Perfekt montering direkte p\u00e5 baksiden av TV-en eller annen skjerm med VESA.  Din Raspberry Pi kan monteres helt uten etui eller sitte i v\u00e5r PiBow 3 Case.\" \/>\n<meta property=\"og:url\" content=\"https:\/\/raspberrypi.dk\/no\/produkt\/omnivesa-vesa-mount-til-raspberry-pi\/\" \/>\n<meta property=\"og:site_name\" content=\"RaspberryPi.dk\" \/>\n<meta property=\"article:publisher\" content=\"https:\/\/facebook.com\/RaspberryPiDanmark\" \/>\n<meta property=\"article:modified_time\" content=\"2026-04-01T19:35:05+00:00\" \/>\n<meta property=\"og:image\" content=\"https:\/\/raspberrypi.dk\/wp-content\/uploads\/2017\/03\/omnivesa-vesa-mount-raspberry-pi.png\" \/>\n\t<meta property=\"og:image:width\" content=\"500\" \/>\n\t<meta property=\"og:image:height\" content=\"500\" \/>\n\t<meta property=\"og:image:type\" content=\"image\/png\" \/>\n<meta name=\"twitter:card\" content=\"summary_large_image\" \/>\n<meta name=\"twitter:site\" content=\"@raspberrypidk\" \/>\n<meta name=\"twitter:label1\" content=\"Ansl. lesetid\" \/>\n\t<meta name=\"twitter:data1\" content=\"1 minutt\" \/>\n<script type=\"application\/ld+json\" class=\"yoast-schema-graph\">{\"@context\":\"https:\/\/schema.org\",\"@graph\":[{\"@type\":\"WebPage\",\"@id\":\"https:\/\/raspberrypi.dk\/no\/produkt\/omnivesa-vesa-mount-til-raspberry-pi\/\",\"url\":\"https:\/\/raspberrypi.dk\/no\/produkt\/omnivesa-vesa-mount-til-raspberry-pi\/\",\"name\":\"OmniVESA - VESA mount til Raspberry Pi \u2022 RaspberryPi.dk\",\"isPartOf\":{\"@id\":\"https:\/\/raspberrypi.dk\/no\/#website\"},\"primaryImageOfPage\":{\"@id\":\"https:\/\/raspberrypi.dk\/no\/produkt\/omnivesa-vesa-mount-til-raspberry-pi\/#primaryimage\"},\"image\":{\"@id\":\"https:\/\/raspberrypi.dk\/no\/produkt\/omnivesa-vesa-mount-til-raspberry-pi\/#primaryimage\"},\"thumbnailUrl\":\"https:\/\/raspberrypi.dk\/wp-content\/uploads\/2017\/03\/omnivesa-vesa-mount-raspberry-pi.png\",\"datePublished\":\"2019-09-27T11:02:35+00:00\",\"dateModified\":\"2026-04-01T19:35:05+00:00\",\"breadcrumb\":{\"@id\":\"https:\/\/raspberrypi.dk\/no\/produkt\/omnivesa-vesa-mount-til-raspberry-pi\/#breadcrumb\"},\"inLanguage\":\"nb-NO\",\"potentialAction\":[{\"@type\":\"ReadAction\",\"target\":[\"https:\/\/raspberrypi.dk\/no\/produkt\/omnivesa-vesa-mount-til-raspberry-pi\/\"]}]},{\"@type\":\"ImageObject\",\"inLanguage\":\"nb-NO\",\"@id\":\"https:\/\/raspberrypi.dk\/no\/produkt\/omnivesa-vesa-mount-til-raspberry-pi\/#primaryimage\",\"url\":\"https:\/\/raspberrypi.dk\/wp-content\/uploads\/2017\/03\/omnivesa-vesa-mount-raspberry-pi.png\",\"contentUrl\":\"https:\/\/raspberrypi.dk\/wp-content\/uploads\/2017\/03\/omnivesa-vesa-mount-raspberry-pi.png\",\"width\":500,\"height\":500},{\"@type\":\"BreadcrumbList\",\"@id\":\"https:\/\/raspberrypi.dk\/no\/produkt\/omnivesa-vesa-mount-til-raspberry-pi\/#breadcrumb\",\"itemListElement\":[{\"@type\":\"ListItem\",\"position\":1,\"name\":\"Hjem\",\"item\":\"https:\/\/raspberrypi.dk\/no\/raspberry-pi-nettbutikk\/\"},{\"@type\":\"ListItem\",\"position\":2,\"name\":\"Shop\",\"item\":\"https:\/\/raspberrypi.dk\/no\/shop-2\/\"},{\"@type\":\"ListItem\",\"position\":3,\"name\":\"OmniVESA &#8211; VESA mount til Raspberry Pi\"}]},{\"@type\":\"WebSite\",\"@id\":\"https:\/\/raspberrypi.dk\/no\/#website\",\"url\":\"https:\/\/raspberrypi.dk\/no\/\",\"name\":\"RaspberryPi.dk\",\"description\":\"Danmarks f\u00f8rende Raspberry Pi side!\",\"publisher\":{\"@id\":\"https:\/\/raspberrypi.dk\/no\/#organization\"},\"potentialAction\":[{\"@type\":\"SearchAction\",\"target\":{\"@type\":\"EntryPoint\",\"urlTemplate\":\"https:\/\/raspberrypi.dk\/no\/?s={search_term_string}\"},\"query-input\":{\"@type\":\"PropertyValueSpecification\",\"valueRequired\":true,\"valueName\":\"search_term_string\"}}],\"inLanguage\":\"nb-NO\"},{\"@type\":\"Organization\",\"@id\":\"https:\/\/raspberrypi.dk\/no\/#organization\",\"name\":\"RaspberryPi.dk\",\"url\":\"https:\/\/raspberrypi.dk\/no\/\",\"logo\":{\"@type\":\"ImageObject\",\"inLanguage\":\"nb-NO\",\"@id\":\"https:\/\/raspberrypi.dk\/no\/#\/schema\/logo\/image\/\",\"url\":\"https:\/\/raspberrypi.dk\/wp-content\/uploads\/2017\/05\/RaspberryPidk_logo-2.png\",\"contentUrl\":\"https:\/\/raspberrypi.dk\/wp-content\/uploads\/2017\/05\/RaspberryPidk_logo-2.png\",\"width\":470,\"height\":110,\"caption\":\"RaspberryPi.dk\"},\"image\":{\"@id\":\"https:\/\/raspberrypi.dk\/no\/#\/schema\/logo\/image\/\"},\"sameAs\":[\"https:\/\/facebook.com\/RaspberryPiDanmark\",\"https:\/\/x.com\/raspberrypidk\",\"https:\/\/instagram.com\/raspberrypi.dk\"]}]}<\/script>\n<!-- \/ Yoast SEO plugin. -->","yoast_head_json":{"title":"OmniVESA - VESA mount til Raspberry Pi \u2022 RaspberryPi.dk","robots":{"index":"index","follow":"follow","max-snippet":"max-snippet:-1","max-image-preview":"max-image-preview:large","max-video-preview":"max-video-preview:-1"},"canonical":"https:\/\/raspberrypi.dk\/no\/produkt\/omnivesa-vesa-mount-til-raspberry-pi\/","og_locale":"nb_NO","og_type":"article","og_title":"OmniVESA - VESA mount til Raspberry Pi \u2022 RaspberryPi.dk","og_description":"Pimoroni OmniVESA. Perfekt montering direkte p\u00e5 baksiden av TV-en eller annen skjerm med VESA.  Din Raspberry Pi kan monteres helt uten etui eller sitte i v\u00e5r PiBow 3 Case.","og_url":"https:\/\/raspberrypi.dk\/no\/produkt\/omnivesa-vesa-mount-til-raspberry-pi\/","og_site_name":"RaspberryPi.dk","article_publisher":"https:\/\/facebook.com\/RaspberryPiDanmark","article_modified_time":"2026-04-01T19:35:05+00:00","og_image":[{"width":500,"height":500,"url":"https:\/\/raspberrypi.dk\/wp-content\/uploads\/2017\/03\/omnivesa-vesa-mount-raspberry-pi.png","type":"image\/png"}],"twitter_card":"summary_large_image","twitter_site":"@raspberrypidk","twitter_misc":{"Ansl. lesetid":"1 minutt"},"schema":{"@context":"https:\/\/schema.org","@graph":[{"@type":"WebPage","@id":"https:\/\/raspberrypi.dk\/no\/produkt\/omnivesa-vesa-mount-til-raspberry-pi\/","url":"https:\/\/raspberrypi.dk\/no\/produkt\/omnivesa-vesa-mount-til-raspberry-pi\/","name":"OmniVESA - VESA mount til Raspberry Pi \u2022 RaspberryPi.dk","isPartOf":{"@id":"https:\/\/raspberrypi.dk\/no\/#website"},"primaryImageOfPage":{"@id":"https:\/\/raspberrypi.dk\/no\/produkt\/omnivesa-vesa-mount-til-raspberry-pi\/#primaryimage"},"image":{"@id":"https:\/\/raspberrypi.dk\/no\/produkt\/omnivesa-vesa-mount-til-raspberry-pi\/#primaryimage"},"thumbnailUrl":"https:\/\/raspberrypi.dk\/wp-content\/uploads\/2017\/03\/omnivesa-vesa-mount-raspberry-pi.png","datePublished":"2019-09-27T11:02:35+00:00","dateModified":"2026-04-01T19:35:05+00:00","breadcrumb":{"@id":"https:\/\/raspberrypi.dk\/no\/produkt\/omnivesa-vesa-mount-til-raspberry-pi\/#breadcrumb"},"inLanguage":"nb-NO","potentialAction":[{"@type":"ReadAction","target":["https:\/\/raspberrypi.dk\/no\/produkt\/omnivesa-vesa-mount-til-raspberry-pi\/"]}]},{"@type":"ImageObject","inLanguage":"nb-NO","@id":"https:\/\/raspberrypi.dk\/no\/produkt\/omnivesa-vesa-mount-til-raspberry-pi\/#primaryimage","url":"https:\/\/raspberrypi.dk\/wp-content\/uploads\/2017\/03\/omnivesa-vesa-mount-raspberry-pi.png","contentUrl":"https:\/\/raspberrypi.dk\/wp-content\/uploads\/2017\/03\/omnivesa-vesa-mount-raspberry-pi.png","width":500,"height":500},{"@type":"BreadcrumbList","@id":"https:\/\/raspberrypi.dk\/no\/produkt\/omnivesa-vesa-mount-til-raspberry-pi\/#breadcrumb","itemListElement":[{"@type":"ListItem","position":1,"name":"Hjem","item":"https:\/\/raspberrypi.dk\/no\/raspberry-pi-nettbutikk\/"},{"@type":"ListItem","position":2,"name":"Shop","item":"https:\/\/raspberrypi.dk\/no\/shop-2\/"},{"@type":"ListItem","position":3,"name":"OmniVESA &#8211; VESA mount til Raspberry Pi"}]},{"@type":"WebSite","@id":"https:\/\/raspberrypi.dk\/no\/#website","url":"https:\/\/raspberrypi.dk\/no\/","name":"RaspberryPi.dk","description":"Danmarks f\u00f8rende Raspberry Pi side!","publisher":{"@id":"https:\/\/raspberrypi.dk\/no\/#organization"},"potentialAction":[{"@type":"SearchAction","target":{"@type":"EntryPoint","urlTemplate":"https:\/\/raspberrypi.dk\/no\/?s={search_term_string}"},"query-input":{"@type":"PropertyValueSpecification","valueRequired":true,"valueName":"search_term_string"}}],"inLanguage":"nb-NO"},{"@type":"Organization","@id":"https:\/\/raspberrypi.dk\/no\/#organization","name":"RaspberryPi.dk","url":"https:\/\/raspberrypi.dk\/no\/","logo":{"@type":"ImageObject","inLanguage":"nb-NO","@id":"https:\/\/raspberrypi.dk\/no\/#\/schema\/logo\/image\/","url":"https:\/\/raspberrypi.dk\/wp-content\/uploads\/2017\/05\/RaspberryPidk_logo-2.png","contentUrl":"https:\/\/raspberrypi.dk\/wp-content\/uploads\/2017\/05\/RaspberryPidk_logo-2.png","width":470,"height":110,"caption":"RaspberryPi.dk"},"image":{"@id":"https:\/\/raspberrypi.dk\/no\/#\/schema\/logo\/image\/"},"sameAs":["https:\/\/facebook.com\/RaspberryPiDanmark","https:\/\/x.com\/raspberrypidk","https:\/\/instagram.com\/raspberrypi.dk"]}]}},"_links":{"self":[{"href":"https:\/\/raspberrypi.dk\/no\/wp-json\/wp\/v2\/product\/217976","targetHints":{"allow":["GET"]}}],"collection":[{"href":"https:\/\/raspberrypi.dk\/no\/wp-json\/wp\/v2\/product"}],"about":[{"href":"https:\/\/raspberrypi.dk\/no\/wp-json\/wp\/v2\/types\/product"}],"replies":[{"embeddable":true,"href":"https:\/\/raspberrypi.dk\/no\/wp-json\/wp\/v2\/comments?post=217976"}],"wp:featuredmedia":[{"embeddable":true,"href":"https:\/\/raspberrypi.dk\/no\/wp-json\/wp\/v2\/media\/217977"}],"wp:attachment":[{"href":"https:\/\/raspberrypi.dk\/no\/wp-json\/wp\/v2\/media?parent=217976"}],"wp:term":[{"taxonomy":"product_brand","embeddable":true,"href":"https:\/\/raspberrypi.dk\/no\/wp-json\/wp\/v2\/product_brand?post=217976"},{"taxonomy":"product_cat","embeddable":true,"href":"https:\/\/raspberrypi.dk\/no\/wp-json\/wp\/v2\/product_cat?post=217976"},{"taxonomy":"product_tag","embeddable":true,"href":"https:\/\/raspberrypi.dk\/no\/wp-json\/wp\/v2\/product_tag?post=217976"}],"curies":[{"name":"wp","href":"https:\/\/api.w.org\/{rel}","templated":true}]}}