{"id":218176,"date":"2024-02-19T14:10:52","date_gmt":"2024-02-19T13:10:52","guid":{"rendered":"https:\/\/raspberrypi.dk\/?post_type=product&#038;p=218176"},"modified":"2026-03-25T11:38:58","modified_gmt":"2026-03-25T10:38:58","slug":"kksb-heatsink-case-for-pi-5","status":"publish","type":"product","link":"https:\/\/raspberrypi.dk\/no\/produkt\/kksb-heatsink-case-for-pi-5\/","title":{"rendered":"KKSB Heatsink Case for Pi 5"},"content":{"rendered":"<div id=\"shopify-section-template--20317341122894__7b4b4c57-2931-4ee9-a230-468b5a914869\" class=\"shopify-section rich-text--section\">\n<section class=\" rich-text--container rich-text-regular \">\n<div class=\" rich-text-block rich-text-alignment-left \">\n<h2 class=\" rich-text-heading rich-text-heading-large \">Durable and Effective Build Quality<\/h2>\n<div class=\"rich-text-content rte\" data-rte=\"\">\n<p>Crafted from anodised black aluminium, our case ensures optimal passive cooling without sacrificing silence. The robust aluminium frame, coupled with a strategically designed large heatsink, effectively dissipates heat, maintaining peak performance for your Raspberry Pi 5.<\/p>\n<\/div>\n<\/div>\n<\/section>\n<\/div>\n<div id=\"shopify-section-template--20317341122894__11d88236-82dc-4e00-8050-2f5e99012d4d\" class=\"shopify-section custom-liquid\">\n<div id=\"\"><\/div>\n<div class=\"section-offset\"><\/div>\n<\/div>\n<div id=\"shopify-section-template--20317341122894__7082a77d-f78d-4fa6-a04a-c141d270734a\" class=\"shopify-section text-and-image\">\n<div class=\"section-offset\">\n<div class=\"page-container\">\n<div class=\"feature-row mod-image-right\">\n<div class=\"feature-row--img mod-right\">\n<div class=\"media-box\"><img decoding=\"async\" src=\"https:\/\/kksb-cases.com\/cdn\/shop\/files\/DSC02974.jpg?v=1706354632\" alt=\"\" \/><\/div>\n<\/div>\n<div class=\"feature-row--content\">\n<div class=\"rte feature-row--text\">\n<h4><strong>Accessibility and Convenience<\/strong><\/h4>\n<p data-sanitized-data-mce-fragment=\"1\">Featuring laser-engraved labelled cutouts and easy access to the 40-PIN GPIO, our case ensures hassle-free connectivity and expansion options.<\/p>\n<p data-sanitized-data-mce-fragment=\"1\">Additionally, a dedicated slot for camera\/display cables enhances accessibility, while rubber feet provide stability across diverse environments. For assembly guidance, a QR code on the packaging offers quick access to instructions.<\/p>\n<\/div>\n<\/div>\n<\/div>\n<\/div>\n<\/div>\n<\/div>\n<div id=\"shopify-section-template--20317341122894__834ffd98-949d-4e3d-aea2-966e864b2f86\" class=\"shopify-section text-and-image\">\n<div class=\"section-offset mod-inverse\">\n<div class=\"page-container\">\n<div class=\"feature-row mod-image-left\">\n<div class=\"feature-row--img mod-left\">\n<div class=\"media-box\"><img decoding=\"async\" src=\"https:\/\/kksb-cases.com\/cdn\/shop\/files\/DSC02980.jpg?v=1706354646\" alt=\"\" \/><\/div>\n<\/div>\n<div class=\"feature-row--content\">\n<div class=\"rte feature-row--text\">\n<h4><strong>Some Examples of Possible Applications<\/strong><\/h4>\n<ul type=\"disc\" data-sanitized-data-mce-fragment=\"1\">\n<li data-sanitized-data-mce-fragment=\"1\">Industrial IoT Monitoring System: Utilize the Raspberry Pi 5 Case with Heatsink for stable performance in demanding environments, with DIN Rail mounting ensuring robustness.<\/li>\n<li data-sanitized-data-mce-fragment=\"1\">Home Media Center: Transform your Raspberry Pi 5 into a silent home media centre by incorporating the case with tripod mounting, allowing for extended operation during entertainment sessions.<\/li>\n<li data-sanitized-data-mce-fragment=\"1\">Surveillance Camera Network: Leverage the case&#8217;s compatibility with camera holders to set up a reliable surveillance camera network for enhanced security.<\/li>\n<li data-sanitized-data-mce-fragment=\"1\">Educational Robotics Project: Integrate the Raspberry Pi 5 Case into hands-on learning experiences, utilizing its stability and labelled cutouts for easy connectivity in educational robotics projects.<\/li>\n<li data-sanitized-data-mce-fragment=\"1\">Wireless Sensor Network in Smart Home Setup: Create a seamless wireless sensor network for smart home applications using the case&#8217;s wireless-friendly polycarbonate base and various mounting options for proper placement.<\/li>\n<\/ul>\n<\/div>\n<\/div>\n<\/div>\n<\/div>\n<\/div>\n<\/div>\n<div id=\"shopify-section-template--20317341122894__9f9bcc24-8852-4668-b8dd-fa1ef87eb182\" class=\"shopify-section text-and-image\">\n<div class=\"section-offset\">\n<div class=\"page-container\">\n<div class=\"feature-row mod-image-right\">\n<div class=\"feature-row--img mod-right\">\n<div class=\"media-box\"><img decoding=\"async\" src=\"https:\/\/kksb-cases.com\/cdn\/shop\/files\/DSC02983.jpg?v=1706354625\" alt=\"\" \/><\/div>\n<\/div>\n<div class=\"feature-row--content\">\n<div class=\"rte feature-row--text\">\n<h4><\/h4>\n<h4><strong>Wireless-Friendly Polycarbonate Base<\/strong><\/h4>\n<p data-sanitized-data-mce-fragment=\"1\">Complemented by a crack-resistant polycarbonate base, the case facilitates uninterrupted wireless signal transmission, ideal for applications requiring stable WiFi and Bluetooth connectivity.<\/p>\n<\/div>\n<\/div>\n<\/div>\n<\/div>\n<\/div>\n<\/div>\n<div id=\"shopify-section-template--20317341122894__f5d84159-e4c1-44ba-bda0-3ab07f60233c\" class=\"shopify-section text-and-image\">\n<div class=\"section-offset mod-inverse\">\n<div class=\"page-container\">\n<div class=\"feature-row mod-image-left\">\n<div class=\"feature-row--img mod-left\">\n<div class=\"media-box\"><img decoding=\"async\" src=\"https:\/\/kksb-cases.com\/cdn\/shop\/files\/DSC02981.jpg?v=1706354656\" alt=\"\" \/><\/div>\n<\/div>\n<div class=\"feature-row--content\">\n<div class=\"rte feature-row--text\">\n<h4><\/h4>\n<h4><strong>Why Should You Buy This Case?<\/strong><\/h4>\n<ul type=\"disc\" data-sanitized-data-mce-fragment=\"1\">\n<li data-sanitized-data-mce-fragment=\"1\"><strong>Silent Passive Cooling: Large black anodized aluminium heatsink for silent and effective thermal management.<\/strong><\/li>\n<li data-sanitized-data-mce-fragment=\"1\"><strong data-sanitized-data-mce-fragment=\"1\">Wireless-Friendly Design:<\/strong>\u00a0Black crack-resistant polycarbonate base for optimal WiFi\/Bluetooth signal transmission with minimal signal loss.<\/li>\n<li data-sanitized-data-mce-fragment=\"1\"><strong data-sanitized-data-mce-fragment=\"1\">Versatile Mounting Options:\u00a0<\/strong>Ideal for industrial installations and different settings. The case is compatible with the KKSB DIN Rail Mount Clip, KKSB Camera Holder, and KKSB UNC Thread Bracket for Tripod mounting (these accessories are Not Included).<\/li>\n<li data-sanitized-data-mce-fragment=\"1\"><strong data-sanitized-data-mce-fragment=\"1\">User-Friendly Accessibility:\u00a0<\/strong>Laser-engraved cutouts for connectors. Dedicated slot for the camera\/display cable, and an additional slot to pass suitable cables at the back side of the case.<\/li>\n<li data-sanitized-data-mce-fragment=\"1\"><strong data-sanitized-data-mce-fragment=\"1\">Reliable Build Quality:\u00a0<\/strong>The case structure and the heatsink are made of anodised aluminium. The black surface treatment contributes to the appealing design of the case.<\/li>\n<\/ul>\n<p>The case boasts a user-friendly design, featuring laser-engraved labelled cutouts for easy access to Raspberry Pi 5 connectors, alongside an integrated start button for added convenience.<\/p>\n<\/div>\n<\/div>\n<\/div>\n<\/div>\n<\/div>\n<\/div>\n<div id=\"shopify-section-template--20317341122894__d58a98f4-d9a7-4a6d-a9d2-d37c3917ea3c\" class=\"shopify-section text-and-image\">\n<div class=\"section-offset\">\n<div class=\"page-container\">\n<div class=\"feature-row mod-image-right\">\n<div class=\"feature-row--img mod-right\">\n<div class=\"media-box\"><img decoding=\"async\" src=\"https:\/\/kksb-cases.com\/cdn\/shop\/files\/DSC02978.jpg?v=1706354642\" alt=\"\" \/><\/div>\n<\/div>\n<div class=\"feature-row--content\">\n<div class=\"rte feature-row--text\">\n<h2><strong>Versatile Mounting Options<\/strong><\/h2>\n<p>Our case offers versatility with compatibility for various mounting solutions, including the KKSB DIN Rail Mount Clip for industrial applications, the KKSB UNC Thread Bracket for tripod mounting, and the KKSB Camera Holder for projects requiring visual assistance or monitoring.<\/p>\n<\/div>\n<\/div>\n<\/div>\n<\/div>\n<\/div>\n<\/div>\n<div id=\"shopify-section-template--20317341122894__54949a5f-e9b4-4570-b3e6-f22d9e0376ff\" class=\"shopify-section text-and-image\">\n<div class=\"section-offset mod-inverse\">\n<div class=\"page-container\">\n<div class=\"feature-row mod-image-left\">\n<div class=\"feature-row--img mod-left\">\n<div class=\"media-box\"><img decoding=\"async\" src=\"https:\/\/kksb-cases.com\/cdn\/shop\/files\/DSC02973.jpg?v=1706354614\" alt=\"\" \/><\/div>\n<\/div>\n<div class=\"feature-row--content\">\n<div class=\"rte feature-row--text\">\n<h4><strong>Items Included<\/strong><\/h4>\n<ul type=\"disc\" data-sanitized-data-mce-fragment=\"1\">\n<li data-sanitized-data-mce-fragment=\"1\">KKSB Case for Raspberry Pi 5<\/li>\n<li data-sanitized-data-mce-fragment=\"1\">Heatsink<\/li>\n<li data-sanitized-data-mce-fragment=\"1\">Thermal Pads<\/li>\n<li data-sanitized-data-mce-fragment=\"1\">Rubber Feet<\/li>\n<li data-sanitized-data-mce-fragment=\"1\">Fasteners<\/li>\n<\/ul>\n<h3 data-sanitized-data-mce-fragment=\"1\"><strong>Compatible Products (Sold Separately)<\/strong><\/h3>\n<ul type=\"disc\" data-sanitized-data-mce-fragment=\"1\">\n<li data-sanitized-data-mce-fragment=\"1\"><strong><u><a href=\"https:\/\/raspberrypi.dk\/no\/produkt\/raspberry-pi-5-8-gb-2\/\" target=\"_blank\" rel=\"noopener noreferrer\" data-sanitized-target=\"_blank\">Raspberry Pi 5 (8GB)\u00a0<\/a>\/\u00a0<a href=\"https:\/\/raspberrypi.dk\/no\/produkt\/raspberry-pi-5-4-gb-2\/\" data-sanitized-target=\"_blank\">Raspberry Pi 5 (4GB)<\/a><\/u><\/strong><\/li>\n<li data-sanitized-data-mce-fragment=\"1\"><strong><u>KKSB DIN Rail Mount Clip<\/u><\/strong><\/li>\n<li data-sanitized-data-mce-fragment=\"1\"><strong><u>KKSB UNC Thread Bracket<\/u><\/strong><\/li>\n<li data-sanitized-data-mce-fragment=\"1\"><a href=\"https:\/\/raspberrypi.dk\/en\/product\/kksb-sbc-camera-case-with-360-degree-rotation-holder\/\"><strong><u>KKSB Camera Holder<\/u><\/strong><\/a><\/li>\n<\/ul>\n<\/div>\n<\/div>\n<\/div>\n<\/div>\n<\/div>\n<\/div>\n","protected":false},"excerpt":{"rendered":"<p>\u00d8k Raspberry Pi 5-opplevelsen din med v\u00e5rt skreddersydde Raspberry Pi 5-deksel designet for stille passiv kj\u00f8ling via en integrert stor sort eloksert aluminiumskj\u00f8leribbe.<\/p>\n","protected":false},"featured_media":218173,"comment_status":"open","ping_status":"closed","template":"","meta":[],"product_brand":[],"product_cat":[594],"product_tag":[703],"class_list":{"0":"post-218176","1":"product","2":"type-product","3":"status-publish","4":"has-post-thumbnail","6":"product_cat-raspberry-pi-cases-no","7":"product_tag-rpi5-no","9":"first","10":"outofstock","11":"taxable","12":"shipping-taxable","13":"purchasable","14":"product-type-simple"},"composite_virtual":false,"composite_layout":"","composite_add_to_cart_form_location":"","composite_editable_in_cart":false,"composite_sold_individually_context":"","composite_shop_price_calc":"","composite_components":[],"composite_scenarios":[],"bundled_by":[],"bundle_stock_status":"outofstock","bundle_stock_quantity":-1,"bundle_virtual":false,"bundle_layout":"","bundle_add_to_cart_form_location":"","bundle_editable_in_cart":false,"bundle_sold_individually_context":"","bundle_item_grouping":"","bundle_min_size":"","bundle_max_size":"","bundle_price":[],"bundled_items":[],"bundle_sell_ids":[],"yoast_head":"<!-- This site is optimized with the Yoast SEO plugin v27.1.1 - https:\/\/yoast.com\/product\/yoast-seo-wordpress\/ -->\n<title>KKSB Heatsink Case for Pi 5 \u2022 RaspberryPi.dk<\/title>\n<meta name=\"robots\" content=\"index, follow, max-snippet:-1, max-image-preview:large, max-video-preview:-1\" \/>\n<link rel=\"canonical\" href=\"https:\/\/raspberrypi.dk\/no\/produkt\/kksb-heatsink-case-for-pi-5\/\" \/>\n<meta property=\"og:locale\" content=\"nb_NO\" \/>\n<meta property=\"og:type\" content=\"article\" \/>\n<meta property=\"og:title\" content=\"KKSB Heatsink Case for Pi 5 \u2022 RaspberryPi.dk\" \/>\n<meta property=\"og:description\" content=\"\u00d8k Raspberry Pi 5-opplevelsen din med v\u00e5rt skreddersydde Raspberry Pi 5-deksel designet for stille passiv kj\u00f8ling via en integrert stor sort eloksert aluminiumskj\u00f8leribbe.\" \/>\n<meta property=\"og:url\" content=\"https:\/\/raspberrypi.dk\/no\/produkt\/kksb-heatsink-case-for-pi-5\/\" \/>\n<meta property=\"og:site_name\" content=\"RaspberryPi.dk\" \/>\n<meta property=\"article:publisher\" content=\"https:\/\/facebook.com\/RaspberryPiDanmark\" \/>\n<meta property=\"article:modified_time\" content=\"2026-03-25T10:38:58+00:00\" \/>\n<meta property=\"og:image\" content=\"https:\/\/raspberrypi.dk\/wp-content\/uploads\/2024\/02\/DSC02973_800x544.webp\" \/>\n\t<meta property=\"og:image:width\" content=\"800\" \/>\n\t<meta property=\"og:image:height\" content=\"533\" \/>\n\t<meta property=\"og:image:type\" content=\"image\/webp\" \/>\n<meta name=\"twitter:card\" content=\"summary_large_image\" \/>\n<meta name=\"twitter:site\" content=\"@raspberrypidk\" \/>\n<meta name=\"twitter:label1\" content=\"Ansl. lesetid\" \/>\n\t<meta name=\"twitter:data1\" content=\"5 minutter\" \/>\n<script type=\"application\/ld+json\" class=\"yoast-schema-graph\">{\"@context\":\"https:\/\/schema.org\",\"@graph\":[{\"@type\":\"WebPage\",\"@id\":\"https:\/\/raspberrypi.dk\/no\/produkt\/kksb-heatsink-case-for-pi-5\/\",\"url\":\"https:\/\/raspberrypi.dk\/no\/produkt\/kksb-heatsink-case-for-pi-5\/\",\"name\":\"KKSB Heatsink Case for Pi 5 \u2022 RaspberryPi.dk\",\"isPartOf\":{\"@id\":\"https:\/\/raspberrypi.dk\/no\/#website\"},\"primaryImageOfPage\":{\"@id\":\"https:\/\/raspberrypi.dk\/no\/produkt\/kksb-heatsink-case-for-pi-5\/#primaryimage\"},\"image\":{\"@id\":\"https:\/\/raspberrypi.dk\/no\/produkt\/kksb-heatsink-case-for-pi-5\/#primaryimage\"},\"thumbnailUrl\":\"https:\/\/raspberrypi.dk\/wp-content\/uploads\/2024\/02\/DSC02973_800x544.webp\",\"datePublished\":\"2024-02-19T13:10:52+00:00\",\"dateModified\":\"2026-03-25T10:38:58+00:00\",\"breadcrumb\":{\"@id\":\"https:\/\/raspberrypi.dk\/no\/produkt\/kksb-heatsink-case-for-pi-5\/#breadcrumb\"},\"inLanguage\":\"nb-NO\",\"potentialAction\":[{\"@type\":\"ReadAction\",\"target\":[\"https:\/\/raspberrypi.dk\/no\/produkt\/kksb-heatsink-case-for-pi-5\/\"]}]},{\"@type\":\"ImageObject\",\"inLanguage\":\"nb-NO\",\"@id\":\"https:\/\/raspberrypi.dk\/no\/produkt\/kksb-heatsink-case-for-pi-5\/#primaryimage\",\"url\":\"https:\/\/raspberrypi.dk\/wp-content\/uploads\/2024\/02\/DSC02973_800x544.webp\",\"contentUrl\":\"https:\/\/raspberrypi.dk\/wp-content\/uploads\/2024\/02\/DSC02973_800x544.webp\",\"width\":800,\"height\":533,\"caption\":\"KKSB Raspberry Pi 5 Case Aluminium Heatsink Silent Passive Cooling\"},{\"@type\":\"BreadcrumbList\",\"@id\":\"https:\/\/raspberrypi.dk\/no\/produkt\/kksb-heatsink-case-for-pi-5\/#breadcrumb\",\"itemListElement\":[{\"@type\":\"ListItem\",\"position\":1,\"name\":\"Hjem\",\"item\":\"https:\/\/raspberrypi.dk\/no\/raspberry-pi-nettbutikk\/\"},{\"@type\":\"ListItem\",\"position\":2,\"name\":\"Shop\",\"item\":\"https:\/\/raspberrypi.dk\/no\/shop-2\/\"},{\"@type\":\"ListItem\",\"position\":3,\"name\":\"KKSB Heatsink Case for Pi 5\"}]},{\"@type\":\"WebSite\",\"@id\":\"https:\/\/raspberrypi.dk\/no\/#website\",\"url\":\"https:\/\/raspberrypi.dk\/no\/\",\"name\":\"RaspberryPi.dk\",\"description\":\"Danmarks f\u00f8rende Raspberry Pi side!\",\"publisher\":{\"@id\":\"https:\/\/raspberrypi.dk\/no\/#organization\"},\"potentialAction\":[{\"@type\":\"SearchAction\",\"target\":{\"@type\":\"EntryPoint\",\"urlTemplate\":\"https:\/\/raspberrypi.dk\/no\/?s={search_term_string}\"},\"query-input\":{\"@type\":\"PropertyValueSpecification\",\"valueRequired\":true,\"valueName\":\"search_term_string\"}}],\"inLanguage\":\"nb-NO\"},{\"@type\":\"Organization\",\"@id\":\"https:\/\/raspberrypi.dk\/no\/#organization\",\"name\":\"RaspberryPi.dk\",\"url\":\"https:\/\/raspberrypi.dk\/no\/\",\"logo\":{\"@type\":\"ImageObject\",\"inLanguage\":\"nb-NO\",\"@id\":\"https:\/\/raspberrypi.dk\/no\/#\/schema\/logo\/image\/\",\"url\":\"https:\/\/raspberrypi.dk\/wp-content\/uploads\/2017\/05\/RaspberryPidk_logo-2.png\",\"contentUrl\":\"https:\/\/raspberrypi.dk\/wp-content\/uploads\/2017\/05\/RaspberryPidk_logo-2.png\",\"width\":470,\"height\":110,\"caption\":\"RaspberryPi.dk\"},\"image\":{\"@id\":\"https:\/\/raspberrypi.dk\/no\/#\/schema\/logo\/image\/\"},\"sameAs\":[\"https:\/\/facebook.com\/RaspberryPiDanmark\",\"https:\/\/x.com\/raspberrypidk\",\"https:\/\/instagram.com\/raspberrypi.dk\"]}]}<\/script>\n<!-- \/ Yoast SEO plugin. -->","yoast_head_json":{"title":"KKSB Heatsink Case for Pi 5 \u2022 RaspberryPi.dk","robots":{"index":"index","follow":"follow","max-snippet":"max-snippet:-1","max-image-preview":"max-image-preview:large","max-video-preview":"max-video-preview:-1"},"canonical":"https:\/\/raspberrypi.dk\/no\/produkt\/kksb-heatsink-case-for-pi-5\/","og_locale":"nb_NO","og_type":"article","og_title":"KKSB Heatsink Case for Pi 5 \u2022 RaspberryPi.dk","og_description":"\u00d8k Raspberry Pi 5-opplevelsen din med v\u00e5rt skreddersydde Raspberry Pi 5-deksel designet for stille passiv kj\u00f8ling via en integrert stor sort eloksert aluminiumskj\u00f8leribbe.","og_url":"https:\/\/raspberrypi.dk\/no\/produkt\/kksb-heatsink-case-for-pi-5\/","og_site_name":"RaspberryPi.dk","article_publisher":"https:\/\/facebook.com\/RaspberryPiDanmark","article_modified_time":"2026-03-25T10:38:58+00:00","og_image":[{"width":800,"height":533,"url":"https:\/\/raspberrypi.dk\/wp-content\/uploads\/2024\/02\/DSC02973_800x544.webp","type":"image\/webp"}],"twitter_card":"summary_large_image","twitter_site":"@raspberrypidk","twitter_misc":{"Ansl. lesetid":"5 minutter"},"schema":{"@context":"https:\/\/schema.org","@graph":[{"@type":"WebPage","@id":"https:\/\/raspberrypi.dk\/no\/produkt\/kksb-heatsink-case-for-pi-5\/","url":"https:\/\/raspberrypi.dk\/no\/produkt\/kksb-heatsink-case-for-pi-5\/","name":"KKSB Heatsink Case for Pi 5 \u2022 RaspberryPi.dk","isPartOf":{"@id":"https:\/\/raspberrypi.dk\/no\/#website"},"primaryImageOfPage":{"@id":"https:\/\/raspberrypi.dk\/no\/produkt\/kksb-heatsink-case-for-pi-5\/#primaryimage"},"image":{"@id":"https:\/\/raspberrypi.dk\/no\/produkt\/kksb-heatsink-case-for-pi-5\/#primaryimage"},"thumbnailUrl":"https:\/\/raspberrypi.dk\/wp-content\/uploads\/2024\/02\/DSC02973_800x544.webp","datePublished":"2024-02-19T13:10:52+00:00","dateModified":"2026-03-25T10:38:58+00:00","breadcrumb":{"@id":"https:\/\/raspberrypi.dk\/no\/produkt\/kksb-heatsink-case-for-pi-5\/#breadcrumb"},"inLanguage":"nb-NO","potentialAction":[{"@type":"ReadAction","target":["https:\/\/raspberrypi.dk\/no\/produkt\/kksb-heatsink-case-for-pi-5\/"]}]},{"@type":"ImageObject","inLanguage":"nb-NO","@id":"https:\/\/raspberrypi.dk\/no\/produkt\/kksb-heatsink-case-for-pi-5\/#primaryimage","url":"https:\/\/raspberrypi.dk\/wp-content\/uploads\/2024\/02\/DSC02973_800x544.webp","contentUrl":"https:\/\/raspberrypi.dk\/wp-content\/uploads\/2024\/02\/DSC02973_800x544.webp","width":800,"height":533,"caption":"KKSB Raspberry Pi 5 Case Aluminium Heatsink Silent Passive Cooling"},{"@type":"BreadcrumbList","@id":"https:\/\/raspberrypi.dk\/no\/produkt\/kksb-heatsink-case-for-pi-5\/#breadcrumb","itemListElement":[{"@type":"ListItem","position":1,"name":"Hjem","item":"https:\/\/raspberrypi.dk\/no\/raspberry-pi-nettbutikk\/"},{"@type":"ListItem","position":2,"name":"Shop","item":"https:\/\/raspberrypi.dk\/no\/shop-2\/"},{"@type":"ListItem","position":3,"name":"KKSB Heatsink Case for Pi 5"}]},{"@type":"WebSite","@id":"https:\/\/raspberrypi.dk\/no\/#website","url":"https:\/\/raspberrypi.dk\/no\/","name":"RaspberryPi.dk","description":"Danmarks f\u00f8rende Raspberry Pi side!","publisher":{"@id":"https:\/\/raspberrypi.dk\/no\/#organization"},"potentialAction":[{"@type":"SearchAction","target":{"@type":"EntryPoint","urlTemplate":"https:\/\/raspberrypi.dk\/no\/?s={search_term_string}"},"query-input":{"@type":"PropertyValueSpecification","valueRequired":true,"valueName":"search_term_string"}}],"inLanguage":"nb-NO"},{"@type":"Organization","@id":"https:\/\/raspberrypi.dk\/no\/#organization","name":"RaspberryPi.dk","url":"https:\/\/raspberrypi.dk\/no\/","logo":{"@type":"ImageObject","inLanguage":"nb-NO","@id":"https:\/\/raspberrypi.dk\/no\/#\/schema\/logo\/image\/","url":"https:\/\/raspberrypi.dk\/wp-content\/uploads\/2017\/05\/RaspberryPidk_logo-2.png","contentUrl":"https:\/\/raspberrypi.dk\/wp-content\/uploads\/2017\/05\/RaspberryPidk_logo-2.png","width":470,"height":110,"caption":"RaspberryPi.dk"},"image":{"@id":"https:\/\/raspberrypi.dk\/no\/#\/schema\/logo\/image\/"},"sameAs":["https:\/\/facebook.com\/RaspberryPiDanmark","https:\/\/x.com\/raspberrypidk","https:\/\/instagram.com\/raspberrypi.dk"]}]}},"_links":{"self":[{"href":"https:\/\/raspberrypi.dk\/no\/wp-json\/wp\/v2\/product\/218176","targetHints":{"allow":["GET"]}}],"collection":[{"href":"https:\/\/raspberrypi.dk\/no\/wp-json\/wp\/v2\/product"}],"about":[{"href":"https:\/\/raspberrypi.dk\/no\/wp-json\/wp\/v2\/types\/product"}],"replies":[{"embeddable":true,"href":"https:\/\/raspberrypi.dk\/no\/wp-json\/wp\/v2\/comments?post=218176"}],"wp:featuredmedia":[{"embeddable":true,"href":"https:\/\/raspberrypi.dk\/no\/wp-json\/wp\/v2\/media\/218173"}],"wp:attachment":[{"href":"https:\/\/raspberrypi.dk\/no\/wp-json\/wp\/v2\/media?parent=218176"}],"wp:term":[{"taxonomy":"product_brand","embeddable":true,"href":"https:\/\/raspberrypi.dk\/no\/wp-json\/wp\/v2\/product_brand?post=218176"},{"taxonomy":"product_cat","embeddable":true,"href":"https:\/\/raspberrypi.dk\/no\/wp-json\/wp\/v2\/product_cat?post=218176"},{"taxonomy":"product_tag","embeddable":true,"href":"https:\/\/raspberrypi.dk\/no\/wp-json\/wp\/v2\/product_tag?post=218176"}],"curies":[{"name":"wp","href":"https:\/\/api.w.org\/{rel}","templated":true}]}}