{"id":218258,"date":"2019-09-23T10:23:14","date_gmt":"2019-09-23T08:23:14","guid":{"rendered":"https:\/\/raspberrypi.dk\/produkt\/camjam-edukit-3-robotics-raspberry-pi-robot-kit\/"},"modified":"2026-03-01T17:19:20","modified_gmt":"2026-03-01T16:19:20","slug":"camjam-edukit-3-robotics-raspberry-pi-robot-kit","status":"publish","type":"product","link":"https:\/\/raspberrypi.dk\/no\/produkt\/camjam-edukit-3-robotics-raspberry-pi-robot-kit\/","title":{"rendered":"CamJam EduKit #3 Robotics &#8211; Raspberry Pi Robot Kit"},"content":{"rendered":"<div class=\"product-tabbed-content\">\n<div class=\"tab-switch__content\" data-content=\"desc\">\n<div class=\"product-description rte\">\n<p>Alt du trenger \u00e5 gj\u00f8re er \u00e5 legge til ditt eget chassis, Raspberry Pi (alle modeller) og batterier! F\u00f8lg deretter arbeidsarkene for \u00e5 lage din egen motoriserte buggy. Legg til de inkluderte sensorene, og du vil snart oppdage gjenstander foran roboten din og f\u00f8lge linjer.<\/p>\n<p><strong>Worksheets<\/strong> kan <a href=\"https:\/\/github.com\/CamJam-EduKit\/EduKit3\" target=\"_blank\" rel=\"noopener noreferrer\">downloades fra GitHub<\/a>. Det er to versjoner:<\/p>\n<ul>\n<li><a href=\"https:\/\/github.com\/CamJam-EduKit\/EduKit3\/tree\/master\/CamJam%20Edukit%203%20-%20GPIO%20Zero\" target=\"_blank\" rel=\"noopener noreferrer\">GPIO Zero<\/a> (anbefalt)<\/li>\n<li><a href=\"https:\/\/github.com\/CamJam-EduKit\/EduKit3\/tree\/master\/CamJam%20Edukit%203%20-%20RPi.GPIO\" target=\"_blank\" rel=\"noopener noreferrer\">RPi.GPIO<\/a> (mer teknisk)<\/li>\n<\/ul>\n<p><strong>F\u00f8lgende komponenter er inkludert i settet:<\/strong><\/p>\n<ul>\n<li>Et spesialdesignet, forh\u00e5ndsloddet motorkontrollkort (med skrueterminaler)<\/li>\n<li>To likestr\u00f8msmotorer (med ledninger forh\u00e5ndsloddet)<\/li>\n<li>To tilpassede r\u00f8de hjul (som g\u00e5r ekstra fort &#8230; fordi de er r\u00f8de!)<\/li>\n<li>Et kulehjul (brukes som &laquo;tredje hjul&raquo; for roboten din)<\/li>\n<li>Et lite br\u00f8dbrett (for \u00e5 lage kretsene dine)<\/li>\n<li>To stykker kraftig 3M polstret dobbeltsidig tape<\/li>\n<li>En batteriboks for 4 AA-batterier (batterier ikke inkludert)<\/li>\n<li>En ultrasonisk avstandssensor (for \u00e5 oppdage gjenstander foran roboten din)<\/li>\n<li>En linjef\u00f8lgesensor (for \u00e5 oppdage og f\u00f8lge svarte linjer)<\/li>\n<li>Motstander og startkabler for \u00e5 fullf\u00f8re kretsene dine<\/li>\n<\/ul>\n<p><strong>Du m\u00e5 legge til:<\/strong><\/p>\n<ul>\n<li>Et Raspberry Pi (alle versjoner, inkludert Pi Zero) SD-kort og str\u00f8mforsyning.<\/li>\n<li>Et tastatur og en mus. (Pi Zero kan kreve en USB-hub og\/eller adapter)<\/li>\n<li>Et chassis &#8211; hva som helst &#8211; bruk fantasien!<\/li>\n<li>4 x AA batterier for motorer.<\/li>\n<\/ul>\n<p>Har du en 3D-printer? Daniel Bull har meget vennlig designet et fantastisk chassis, tilgjengelig p\u00e5 <a href=\"http:\/\/www.thingiverse.com\/thing:1113796\">Thingiverse<\/a>.<\/p>\n<p><a href=\"http:\/\/www.thingiverse.com\/thing:1113796\"><img decoding=\"async\" src=\"https:\/\/cdn.shopify.com\/s\/files\/1\/0176\/3274\/files\/edukit_chassis_large.jpg?1169622518771133179\" alt=\"\" \/><\/a><\/p>\n<p>Alex Eames fra Raspi.TV fikk tak i en prototype, her er videoen hans.<\/p>\n<div class=\"video-wrapper\">Og her er en unboxing-video fra Average Man vs Raspberry Pi!<\/div>\n<p>&nbsp;<\/p>\n<div class=\"video-wrapper\">Og en annen anmeldelse fra TheRaspberryPiGuy.<\/div>\n<p>&nbsp;<\/p>\n<div class=\"video-wrapper\"><\/div>\n<\/div>\n<\/div>\n<\/div>\n","protected":false},"excerpt":{"rendered":"<p>CamJam EduKit #3 er et Raspberry Pi-sett fokusert p\u00e5 robotikk og inneholder (nesten) alt du trenger for \u00e5 lage din helt egen Raspberry Pi-drevne robot.<\/p>\n","protected":false},"featured_media":218261,"comment_status":"open","ping_status":"closed","template":"","meta":[],"product_brand":[],"product_cat":[603,597],"product_tag":[717,703],"class_list":{"0":"post-218258","1":"product","2":"type-product","3":"status-publish","4":"has-post-thumbnail","6":"product_cat-raspberry-pi-startpakker-og-kits-no","7":"product_cat-raspberry-pi-hats-gpio-no","8":"product_tag-rpi4-no","9":"product_tag-rpi5-no","11":"first","12":"instock","13":"taxable","14":"shipping-taxable","15":"purchasable","16":"product-type-simple"},"composite_virtual":false,"composite_layout":"","composite_add_to_cart_form_location":"","composite_editable_in_cart":false,"composite_sold_individually_context":"","composite_shop_price_calc":"","composite_components":[],"composite_scenarios":[],"bundled_by":[],"bundle_stock_status":"instock","bundle_stock_quantity":7,"bundle_virtual":false,"bundle_layout":"","bundle_add_to_cart_form_location":"","bundle_editable_in_cart":false,"bundle_sold_individually_context":"","bundle_item_grouping":"","bundle_min_size":"","bundle_max_size":"","bundle_price":[],"bundled_items":[],"bundle_sell_ids":[],"yoast_head":"<!-- This site is optimized with the Yoast SEO plugin v27.1.1 - https:\/\/yoast.com\/product\/yoast-seo-wordpress\/ -->\n<title>CamJam EduKit #3 Robotics - Raspberry Pi Robot Kit \u2022 RaspberryPi.dk<\/title>\n<meta name=\"robots\" content=\"index, follow, max-snippet:-1, max-image-preview:large, max-video-preview:-1\" \/>\n<link rel=\"canonical\" href=\"https:\/\/raspberrypi.dk\/no\/produkt\/camjam-edukit-3-robotics-raspberry-pi-robot-kit\/\" \/>\n<meta property=\"og:locale\" content=\"nb_NO\" \/>\n<meta property=\"og:type\" content=\"article\" \/>\n<meta property=\"og:title\" content=\"CamJam EduKit #3 Robotics - Raspberry Pi Robot Kit \u2022 RaspberryPi.dk\" \/>\n<meta property=\"og:description\" content=\"CamJam EduKit #3 er et Raspberry Pi-sett fokusert p\u00e5 robotikk og inneholder (nesten) alt du trenger for \u00e5 lage din helt egen Raspberry Pi-drevne robot.\" \/>\n<meta property=\"og:url\" content=\"https:\/\/raspberrypi.dk\/no\/produkt\/camjam-edukit-3-robotics-raspberry-pi-robot-kit\/\" \/>\n<meta property=\"og:site_name\" content=\"RaspberryPi.dk\" \/>\n<meta property=\"article:publisher\" content=\"https:\/\/facebook.com\/RaspberryPiDanmark\" \/>\n<meta property=\"article:modified_time\" content=\"2026-03-01T16:19:20+00:00\" \/>\n<meta property=\"og:image\" content=\"https:\/\/raspberrypi.dk\/wp-content\/uploads\/2019\/09\/camjam-edukit-3-robotics.jpg\" \/>\n\t<meta property=\"og:image:width\" content=\"1000\" \/>\n\t<meta property=\"og:image:height\" content=\"1000\" \/>\n\t<meta property=\"og:image:type\" content=\"image\/jpeg\" \/>\n<meta name=\"twitter:card\" content=\"summary_large_image\" \/>\n<meta name=\"twitter:site\" content=\"@raspberrypidk\" \/>\n<meta name=\"twitter:label1\" content=\"Ansl. lesetid\" \/>\n\t<meta name=\"twitter:data1\" content=\"2 minutter\" \/>\n<script type=\"application\/ld+json\" class=\"yoast-schema-graph\">{\"@context\":\"https:\/\/schema.org\",\"@graph\":[{\"@type\":\"WebPage\",\"@id\":\"https:\/\/raspberrypi.dk\/no\/produkt\/camjam-edukit-3-robotics-raspberry-pi-robot-kit\/\",\"url\":\"https:\/\/raspberrypi.dk\/no\/produkt\/camjam-edukit-3-robotics-raspberry-pi-robot-kit\/\",\"name\":\"CamJam EduKit #3 Robotics - Raspberry Pi Robot Kit \u2022 RaspberryPi.dk\",\"isPartOf\":{\"@id\":\"https:\/\/raspberrypi.dk\/no\/#website\"},\"primaryImageOfPage\":{\"@id\":\"https:\/\/raspberrypi.dk\/no\/produkt\/camjam-edukit-3-robotics-raspberry-pi-robot-kit\/#primaryimage\"},\"image\":{\"@id\":\"https:\/\/raspberrypi.dk\/no\/produkt\/camjam-edukit-3-robotics-raspberry-pi-robot-kit\/#primaryimage\"},\"thumbnailUrl\":\"https:\/\/raspberrypi.dk\/wp-content\/uploads\/2019\/09\/camjam-edukit-3-robotics.jpg\",\"datePublished\":\"2019-09-23T08:23:14+00:00\",\"dateModified\":\"2026-03-01T16:19:20+00:00\",\"breadcrumb\":{\"@id\":\"https:\/\/raspberrypi.dk\/no\/produkt\/camjam-edukit-3-robotics-raspberry-pi-robot-kit\/#breadcrumb\"},\"inLanguage\":\"nb-NO\",\"potentialAction\":[{\"@type\":\"ReadAction\",\"target\":[\"https:\/\/raspberrypi.dk\/no\/produkt\/camjam-edukit-3-robotics-raspberry-pi-robot-kit\/\"]}]},{\"@type\":\"ImageObject\",\"inLanguage\":\"nb-NO\",\"@id\":\"https:\/\/raspberrypi.dk\/no\/produkt\/camjam-edukit-3-robotics-raspberry-pi-robot-kit\/#primaryimage\",\"url\":\"https:\/\/raspberrypi.dk\/wp-content\/uploads\/2019\/09\/camjam-edukit-3-robotics.jpg\",\"contentUrl\":\"https:\/\/raspberrypi.dk\/wp-content\/uploads\/2019\/09\/camjam-edukit-3-robotics.jpg\",\"width\":1000,\"height\":1000},{\"@type\":\"BreadcrumbList\",\"@id\":\"https:\/\/raspberrypi.dk\/no\/produkt\/camjam-edukit-3-robotics-raspberry-pi-robot-kit\/#breadcrumb\",\"itemListElement\":[{\"@type\":\"ListItem\",\"position\":1,\"name\":\"Hjem\",\"item\":\"https:\/\/raspberrypi.dk\/no\/raspberry-pi-nettbutikk\/\"},{\"@type\":\"ListItem\",\"position\":2,\"name\":\"Shop\",\"item\":\"https:\/\/raspberrypi.dk\/no\/shop-2\/\"},{\"@type\":\"ListItem\",\"position\":3,\"name\":\"CamJam EduKit #3 Robotics &#8211; Raspberry Pi Robot Kit\"}]},{\"@type\":\"WebSite\",\"@id\":\"https:\/\/raspberrypi.dk\/no\/#website\",\"url\":\"https:\/\/raspberrypi.dk\/no\/\",\"name\":\"RaspberryPi.dk\",\"description\":\"Danmarks f\u00f8rende Raspberry Pi side!\",\"publisher\":{\"@id\":\"https:\/\/raspberrypi.dk\/no\/#organization\"},\"potentialAction\":[{\"@type\":\"SearchAction\",\"target\":{\"@type\":\"EntryPoint\",\"urlTemplate\":\"https:\/\/raspberrypi.dk\/no\/?s={search_term_string}\"},\"query-input\":{\"@type\":\"PropertyValueSpecification\",\"valueRequired\":true,\"valueName\":\"search_term_string\"}}],\"inLanguage\":\"nb-NO\"},{\"@type\":\"Organization\",\"@id\":\"https:\/\/raspberrypi.dk\/no\/#organization\",\"name\":\"RaspberryPi.dk\",\"url\":\"https:\/\/raspberrypi.dk\/no\/\",\"logo\":{\"@type\":\"ImageObject\",\"inLanguage\":\"nb-NO\",\"@id\":\"https:\/\/raspberrypi.dk\/no\/#\/schema\/logo\/image\/\",\"url\":\"https:\/\/raspberrypi.dk\/wp-content\/uploads\/2017\/05\/RaspberryPidk_logo-2.png\",\"contentUrl\":\"https:\/\/raspberrypi.dk\/wp-content\/uploads\/2017\/05\/RaspberryPidk_logo-2.png\",\"width\":470,\"height\":110,\"caption\":\"RaspberryPi.dk\"},\"image\":{\"@id\":\"https:\/\/raspberrypi.dk\/no\/#\/schema\/logo\/image\/\"},\"sameAs\":[\"https:\/\/facebook.com\/RaspberryPiDanmark\",\"https:\/\/x.com\/raspberrypidk\",\"https:\/\/instagram.com\/raspberrypi.dk\"]}]}<\/script>\n<!-- \/ Yoast SEO plugin. -->","yoast_head_json":{"title":"CamJam EduKit #3 Robotics - Raspberry Pi Robot Kit \u2022 RaspberryPi.dk","robots":{"index":"index","follow":"follow","max-snippet":"max-snippet:-1","max-image-preview":"max-image-preview:large","max-video-preview":"max-video-preview:-1"},"canonical":"https:\/\/raspberrypi.dk\/no\/produkt\/camjam-edukit-3-robotics-raspberry-pi-robot-kit\/","og_locale":"nb_NO","og_type":"article","og_title":"CamJam EduKit #3 Robotics - Raspberry Pi Robot Kit \u2022 RaspberryPi.dk","og_description":"CamJam EduKit #3 er et Raspberry Pi-sett fokusert p\u00e5 robotikk og inneholder (nesten) alt du trenger for \u00e5 lage din helt egen Raspberry Pi-drevne robot.","og_url":"https:\/\/raspberrypi.dk\/no\/produkt\/camjam-edukit-3-robotics-raspberry-pi-robot-kit\/","og_site_name":"RaspberryPi.dk","article_publisher":"https:\/\/facebook.com\/RaspberryPiDanmark","article_modified_time":"2026-03-01T16:19:20+00:00","og_image":[{"width":1000,"height":1000,"url":"https:\/\/raspberrypi.dk\/wp-content\/uploads\/2019\/09\/camjam-edukit-3-robotics.jpg","type":"image\/jpeg"}],"twitter_card":"summary_large_image","twitter_site":"@raspberrypidk","twitter_misc":{"Ansl. lesetid":"2 minutter"},"schema":{"@context":"https:\/\/schema.org","@graph":[{"@type":"WebPage","@id":"https:\/\/raspberrypi.dk\/no\/produkt\/camjam-edukit-3-robotics-raspberry-pi-robot-kit\/","url":"https:\/\/raspberrypi.dk\/no\/produkt\/camjam-edukit-3-robotics-raspberry-pi-robot-kit\/","name":"CamJam EduKit #3 Robotics - Raspberry Pi Robot Kit \u2022 RaspberryPi.dk","isPartOf":{"@id":"https:\/\/raspberrypi.dk\/no\/#website"},"primaryImageOfPage":{"@id":"https:\/\/raspberrypi.dk\/no\/produkt\/camjam-edukit-3-robotics-raspberry-pi-robot-kit\/#primaryimage"},"image":{"@id":"https:\/\/raspberrypi.dk\/no\/produkt\/camjam-edukit-3-robotics-raspberry-pi-robot-kit\/#primaryimage"},"thumbnailUrl":"https:\/\/raspberrypi.dk\/wp-content\/uploads\/2019\/09\/camjam-edukit-3-robotics.jpg","datePublished":"2019-09-23T08:23:14+00:00","dateModified":"2026-03-01T16:19:20+00:00","breadcrumb":{"@id":"https:\/\/raspberrypi.dk\/no\/produkt\/camjam-edukit-3-robotics-raspberry-pi-robot-kit\/#breadcrumb"},"inLanguage":"nb-NO","potentialAction":[{"@type":"ReadAction","target":["https:\/\/raspberrypi.dk\/no\/produkt\/camjam-edukit-3-robotics-raspberry-pi-robot-kit\/"]}]},{"@type":"ImageObject","inLanguage":"nb-NO","@id":"https:\/\/raspberrypi.dk\/no\/produkt\/camjam-edukit-3-robotics-raspberry-pi-robot-kit\/#primaryimage","url":"https:\/\/raspberrypi.dk\/wp-content\/uploads\/2019\/09\/camjam-edukit-3-robotics.jpg","contentUrl":"https:\/\/raspberrypi.dk\/wp-content\/uploads\/2019\/09\/camjam-edukit-3-robotics.jpg","width":1000,"height":1000},{"@type":"BreadcrumbList","@id":"https:\/\/raspberrypi.dk\/no\/produkt\/camjam-edukit-3-robotics-raspberry-pi-robot-kit\/#breadcrumb","itemListElement":[{"@type":"ListItem","position":1,"name":"Hjem","item":"https:\/\/raspberrypi.dk\/no\/raspberry-pi-nettbutikk\/"},{"@type":"ListItem","position":2,"name":"Shop","item":"https:\/\/raspberrypi.dk\/no\/shop-2\/"},{"@type":"ListItem","position":3,"name":"CamJam EduKit #3 Robotics &#8211; Raspberry Pi Robot Kit"}]},{"@type":"WebSite","@id":"https:\/\/raspberrypi.dk\/no\/#website","url":"https:\/\/raspberrypi.dk\/no\/","name":"RaspberryPi.dk","description":"Danmarks f\u00f8rende Raspberry Pi side!","publisher":{"@id":"https:\/\/raspberrypi.dk\/no\/#organization"},"potentialAction":[{"@type":"SearchAction","target":{"@type":"EntryPoint","urlTemplate":"https:\/\/raspberrypi.dk\/no\/?s={search_term_string}"},"query-input":{"@type":"PropertyValueSpecification","valueRequired":true,"valueName":"search_term_string"}}],"inLanguage":"nb-NO"},{"@type":"Organization","@id":"https:\/\/raspberrypi.dk\/no\/#organization","name":"RaspberryPi.dk","url":"https:\/\/raspberrypi.dk\/no\/","logo":{"@type":"ImageObject","inLanguage":"nb-NO","@id":"https:\/\/raspberrypi.dk\/no\/#\/schema\/logo\/image\/","url":"https:\/\/raspberrypi.dk\/wp-content\/uploads\/2017\/05\/RaspberryPidk_logo-2.png","contentUrl":"https:\/\/raspberrypi.dk\/wp-content\/uploads\/2017\/05\/RaspberryPidk_logo-2.png","width":470,"height":110,"caption":"RaspberryPi.dk"},"image":{"@id":"https:\/\/raspberrypi.dk\/no\/#\/schema\/logo\/image\/"},"sameAs":["https:\/\/facebook.com\/RaspberryPiDanmark","https:\/\/x.com\/raspberrypidk","https:\/\/instagram.com\/raspberrypi.dk"]}]}},"_links":{"self":[{"href":"https:\/\/raspberrypi.dk\/no\/wp-json\/wp\/v2\/product\/218258","targetHints":{"allow":["GET"]}}],"collection":[{"href":"https:\/\/raspberrypi.dk\/no\/wp-json\/wp\/v2\/product"}],"about":[{"href":"https:\/\/raspberrypi.dk\/no\/wp-json\/wp\/v2\/types\/product"}],"replies":[{"embeddable":true,"href":"https:\/\/raspberrypi.dk\/no\/wp-json\/wp\/v2\/comments?post=218258"}],"wp:featuredmedia":[{"embeddable":true,"href":"https:\/\/raspberrypi.dk\/no\/wp-json\/wp\/v2\/media\/218261"}],"wp:attachment":[{"href":"https:\/\/raspberrypi.dk\/no\/wp-json\/wp\/v2\/media?parent=218258"}],"wp:term":[{"taxonomy":"product_brand","embeddable":true,"href":"https:\/\/raspberrypi.dk\/no\/wp-json\/wp\/v2\/product_brand?post=218258"},{"taxonomy":"product_cat","embeddable":true,"href":"https:\/\/raspberrypi.dk\/no\/wp-json\/wp\/v2\/product_cat?post=218258"},{"taxonomy":"product_tag","embeddable":true,"href":"https:\/\/raspberrypi.dk\/no\/wp-json\/wp\/v2\/product_tag?post=218258"}],"curies":[{"name":"wp","href":"https:\/\/api.w.org\/{rel}","templated":true}]}}