{"id":218262,"date":"2019-09-20T09:59:25","date_gmt":"2019-09-20T07:59:25","guid":{"rendered":"https:\/\/raspberrypi.dk\/produkt\/zero4u-usb-hub-4-port-til-pi-zero-v1-3-og-w\/"},"modified":"2025-09-29T09:50:27","modified_gmt":"2025-09-29T07:50:27","slug":"zero4u-usb-hub-4-port-til-pi-zero-v1-3-og-w","status":"publish","type":"product","link":"https:\/\/raspberrypi.dk\/no\/produkt\/zero4u-usb-hub-4-port-til-pi-zero-v1-3-og-w\/","title":{"rendered":"Zero4U &#8211; USB Hub 4-Port til Pi Zero (v1.3 og W)"},"content":{"rendered":"<p><strong>Innhold:<\/strong><\/p>\n<ul>\n<li>4-ports USB 2.0-hubkort x 1<\/li>\n<li>Plast avstandsstykke x 4<\/li>\n<li>M2,5 plastskrue x 4<\/li>\n<li>M2,5 plastmutter x 4<\/li>\n<li>Ferrittring x 1 (hindrer ustabilitet for\u00e5rsaket av wifi p\u00e5 den nye Zero W)<\/li>\n<\/ul>\n<p><a href=\"https:\/\/raspberrypi.dk\/wp-content\/uploads\/2017\/04\/Zero4U_UserManual.pdf\">Hent Manual<\/a><\/p>\n<p>De 4 pogo-pinnene p\u00e5 baksiden kobler sammen PP1-, PP6-, PP22- og PP23-testputene p\u00e5 Raspberry Pi Zero, og derfor vil ingen lodding v\u00e6re n\u00f8dvendig.<\/p>\n<p>Zero4U USB-huben tar str\u00f8m direkte fra din Raspberry Pi Zero, s\u00e5 du trenger ikke \u00e5 drive USB-huben separat. Men du kan bruke JST XH2.54-kontakten om bord som alternativ str\u00f8minngangsport om \u00f8nskelig.<\/p>\n<p>Den bl\u00e5 LED-en fungerer som en str\u00f8mindikator og lyser n\u00e5r str\u00f8mmen er tilkoblet.<\/p>\n<p>Hver USB-port har en dedikert hvit LED som transaksjonsindikator og en dedikert elektrolytisk kondensator for \u00e5 stabilisere utgangsspenningen.<\/p>\n<p>Hvis du bruker denne USB-huben med andre typer datamaskiner, kan du bruke en USB-kabel (ikke inkludert) for \u00e5 koble den innebygde mini-USB-porten til USB-porten.<\/p>\n","protected":false},"excerpt":{"rendered":"<p><span id=\"result_box\" class=\"\" lang=\"da\"><span class=\"\"><strong>UUGear Zero4U for Raspberry Pi Zero v1.3 og W<\/strong> er en 4-ports USB-hub for Raspberry Pi Zero v1.3 og W, og den kan monteres direkte p\u00e5 Raspberry Pi Zero. Monteres direkte, ingen lodding. Eventuelle tilleggskj\u00f8p <a href=\"https:\/\/raspberrypi.dk\/no\/produkt\/case-til-zero4u-usb-hub\/\">etui med plass til Pi Zero og Zero4U<\/a>.<\/span><\/span><\/p>\n","protected":false},"featured_media":218263,"comment_status":"open","ping_status":"closed","template":"","meta":[],"product_brand":[],"product_cat":[601,597,606],"product_tag":[],"class_list":{"0":"post-218262","1":"product","2":"type-product","3":"status-publish","4":"has-post-thumbnail","6":"product_cat-raspberry-pi-zero-og-tilbehoer-no","7":"product_cat-raspberry-pi-hats-gpio-no","8":"product_cat-raspberry-pi-usb-tilbehor-no","10":"first","11":"outofstock","12":"taxable","13":"shipping-taxable","14":"purchasable","15":"product-type-simple"},"composite_virtual":false,"composite_layout":"","composite_add_to_cart_form_location":"","composite_editable_in_cart":false,"composite_sold_individually_context":"","composite_shop_price_calc":"","composite_components":[],"composite_scenarios":[],"bundled_by":[],"bundle_stock_status":"outofstock","bundle_stock_quantity":0,"bundle_virtual":false,"bundle_layout":"","bundle_add_to_cart_form_location":"","bundle_editable_in_cart":false,"bundle_sold_individually_context":"","bundle_item_grouping":"","bundle_min_size":"","bundle_max_size":"","bundle_price":[],"bundled_items":[],"bundle_sell_ids":[],"yoast_head":"<!-- This site is optimized with the Yoast SEO plugin v27.1.1 - https:\/\/yoast.com\/product\/yoast-seo-wordpress\/ -->\n<title>Zero4U - USB Hub 4-Port til Pi Zero (v1.3 og W) \u2022 RaspberryPi.dk<\/title>\n<meta name=\"robots\" content=\"index, follow, max-snippet:-1, max-image-preview:large, max-video-preview:-1\" \/>\n<link rel=\"canonical\" href=\"https:\/\/raspberrypi.dk\/no\/produkt\/zero4u-usb-hub-4-port-til-pi-zero-v1-3-og-w\/\" \/>\n<meta property=\"og:locale\" content=\"nb_NO\" \/>\n<meta property=\"og:type\" content=\"article\" \/>\n<meta property=\"og:title\" content=\"Zero4U - USB Hub 4-Port til Pi Zero (v1.3 og W) \u2022 RaspberryPi.dk\" \/>\n<meta property=\"og:description\" content=\"UUGear Zero4U for Raspberry Pi Zero v1.3 og W er en 4-ports USB-hub for Raspberry Pi Zero v1.3 og W, og den kan monteres direkte p\u00e5 Raspberry Pi Zero. Monteres direkte, ingen lodding. Eventuelle tilleggskj\u00f8p etui med plass til Pi Zero og Zero4U.\" \/>\n<meta property=\"og:url\" content=\"https:\/\/raspberrypi.dk\/no\/produkt\/zero4u-usb-hub-4-port-til-pi-zero-v1-3-og-w\/\" \/>\n<meta property=\"og:site_name\" content=\"RaspberryPi.dk\" \/>\n<meta property=\"article:publisher\" content=\"https:\/\/facebook.com\/RaspberryPiDanmark\" \/>\n<meta property=\"article:modified_time\" content=\"2025-09-29T07:50:27+00:00\" \/>\n<meta property=\"og:image\" content=\"https:\/\/raspberrypi.dk\/wp-content\/uploads\/2017\/04\/zero4u-usb-hub-4-port-raspberry-pi-zero.png\" \/>\n\t<meta property=\"og:image:width\" content=\"500\" \/>\n\t<meta property=\"og:image:height\" content=\"500\" \/>\n\t<meta property=\"og:image:type\" content=\"image\/png\" \/>\n<meta name=\"twitter:card\" content=\"summary_large_image\" \/>\n<meta name=\"twitter:site\" content=\"@raspberrypidk\" \/>\n<meta name=\"twitter:label1\" content=\"Ansl. lesetid\" \/>\n\t<meta name=\"twitter:data1\" content=\"1 minutt\" \/>\n<script type=\"application\/ld+json\" class=\"yoast-schema-graph\">{\"@context\":\"https:\/\/schema.org\",\"@graph\":[{\"@type\":\"WebPage\",\"@id\":\"https:\/\/raspberrypi.dk\/no\/produkt\/zero4u-usb-hub-4-port-til-pi-zero-v1-3-og-w\/\",\"url\":\"https:\/\/raspberrypi.dk\/no\/produkt\/zero4u-usb-hub-4-port-til-pi-zero-v1-3-og-w\/\",\"name\":\"Zero4U - USB Hub 4-Port til Pi Zero (v1.3 og W) \u2022 RaspberryPi.dk\",\"isPartOf\":{\"@id\":\"https:\/\/raspberrypi.dk\/no\/#website\"},\"primaryImageOfPage\":{\"@id\":\"https:\/\/raspberrypi.dk\/no\/produkt\/zero4u-usb-hub-4-port-til-pi-zero-v1-3-og-w\/#primaryimage\"},\"image\":{\"@id\":\"https:\/\/raspberrypi.dk\/no\/produkt\/zero4u-usb-hub-4-port-til-pi-zero-v1-3-og-w\/#primaryimage\"},\"thumbnailUrl\":\"https:\/\/raspberrypi.dk\/wp-content\/uploads\/2017\/04\/zero4u-usb-hub-4-port-raspberry-pi-zero.png\",\"datePublished\":\"2019-09-20T07:59:25+00:00\",\"dateModified\":\"2025-09-29T07:50:27+00:00\",\"breadcrumb\":{\"@id\":\"https:\/\/raspberrypi.dk\/no\/produkt\/zero4u-usb-hub-4-port-til-pi-zero-v1-3-og-w\/#breadcrumb\"},\"inLanguage\":\"nb-NO\",\"potentialAction\":[{\"@type\":\"ReadAction\",\"target\":[\"https:\/\/raspberrypi.dk\/no\/produkt\/zero4u-usb-hub-4-port-til-pi-zero-v1-3-og-w\/\"]}]},{\"@type\":\"ImageObject\",\"inLanguage\":\"nb-NO\",\"@id\":\"https:\/\/raspberrypi.dk\/no\/produkt\/zero4u-usb-hub-4-port-til-pi-zero-v1-3-og-w\/#primaryimage\",\"url\":\"https:\/\/raspberrypi.dk\/wp-content\/uploads\/2017\/04\/zero4u-usb-hub-4-port-raspberry-pi-zero.png\",\"contentUrl\":\"https:\/\/raspberrypi.dk\/wp-content\/uploads\/2017\/04\/zero4u-usb-hub-4-port-raspberry-pi-zero.png\",\"width\":500,\"height\":500},{\"@type\":\"BreadcrumbList\",\"@id\":\"https:\/\/raspberrypi.dk\/no\/produkt\/zero4u-usb-hub-4-port-til-pi-zero-v1-3-og-w\/#breadcrumb\",\"itemListElement\":[{\"@type\":\"ListItem\",\"position\":1,\"name\":\"Hjem\",\"item\":\"https:\/\/raspberrypi.dk\/no\/raspberry-pi-nettbutikk\/\"},{\"@type\":\"ListItem\",\"position\":2,\"name\":\"Shop\",\"item\":\"https:\/\/raspberrypi.dk\/no\/shop-2\/\"},{\"@type\":\"ListItem\",\"position\":3,\"name\":\"Zero4U &#8211; USB Hub 4-Port til Pi Zero (v1.3 og W)\"}]},{\"@type\":\"WebSite\",\"@id\":\"https:\/\/raspberrypi.dk\/no\/#website\",\"url\":\"https:\/\/raspberrypi.dk\/no\/\",\"name\":\"RaspberryPi.dk\",\"description\":\"Danmarks f\u00f8rende Raspberry Pi side!\",\"publisher\":{\"@id\":\"https:\/\/raspberrypi.dk\/no\/#organization\"},\"potentialAction\":[{\"@type\":\"SearchAction\",\"target\":{\"@type\":\"EntryPoint\",\"urlTemplate\":\"https:\/\/raspberrypi.dk\/no\/?s={search_term_string}\"},\"query-input\":{\"@type\":\"PropertyValueSpecification\",\"valueRequired\":true,\"valueName\":\"search_term_string\"}}],\"inLanguage\":\"nb-NO\"},{\"@type\":\"Organization\",\"@id\":\"https:\/\/raspberrypi.dk\/no\/#organization\",\"name\":\"RaspberryPi.dk\",\"url\":\"https:\/\/raspberrypi.dk\/no\/\",\"logo\":{\"@type\":\"ImageObject\",\"inLanguage\":\"nb-NO\",\"@id\":\"https:\/\/raspberrypi.dk\/no\/#\/schema\/logo\/image\/\",\"url\":\"https:\/\/raspberrypi.dk\/wp-content\/uploads\/2017\/05\/RaspberryPidk_logo-2.png\",\"contentUrl\":\"https:\/\/raspberrypi.dk\/wp-content\/uploads\/2017\/05\/RaspberryPidk_logo-2.png\",\"width\":470,\"height\":110,\"caption\":\"RaspberryPi.dk\"},\"image\":{\"@id\":\"https:\/\/raspberrypi.dk\/no\/#\/schema\/logo\/image\/\"},\"sameAs\":[\"https:\/\/facebook.com\/RaspberryPiDanmark\",\"https:\/\/x.com\/raspberrypidk\",\"https:\/\/instagram.com\/raspberrypi.dk\"]}]}<\/script>\n<!-- \/ Yoast SEO plugin. -->","yoast_head_json":{"title":"Zero4U - USB Hub 4-Port til Pi Zero (v1.3 og W) \u2022 RaspberryPi.dk","robots":{"index":"index","follow":"follow","max-snippet":"max-snippet:-1","max-image-preview":"max-image-preview:large","max-video-preview":"max-video-preview:-1"},"canonical":"https:\/\/raspberrypi.dk\/no\/produkt\/zero4u-usb-hub-4-port-til-pi-zero-v1-3-og-w\/","og_locale":"nb_NO","og_type":"article","og_title":"Zero4U - USB Hub 4-Port til Pi Zero (v1.3 og W) \u2022 RaspberryPi.dk","og_description":"UUGear Zero4U for Raspberry Pi Zero v1.3 og W er en 4-ports USB-hub for Raspberry Pi Zero v1.3 og W, og den kan monteres direkte p\u00e5 Raspberry Pi Zero. Monteres direkte, ingen lodding. Eventuelle tilleggskj\u00f8p etui med plass til Pi Zero og Zero4U.","og_url":"https:\/\/raspberrypi.dk\/no\/produkt\/zero4u-usb-hub-4-port-til-pi-zero-v1-3-og-w\/","og_site_name":"RaspberryPi.dk","article_publisher":"https:\/\/facebook.com\/RaspberryPiDanmark","article_modified_time":"2025-09-29T07:50:27+00:00","og_image":[{"width":500,"height":500,"url":"https:\/\/raspberrypi.dk\/wp-content\/uploads\/2017\/04\/zero4u-usb-hub-4-port-raspberry-pi-zero.png","type":"image\/png"}],"twitter_card":"summary_large_image","twitter_site":"@raspberrypidk","twitter_misc":{"Ansl. lesetid":"1 minutt"},"schema":{"@context":"https:\/\/schema.org","@graph":[{"@type":"WebPage","@id":"https:\/\/raspberrypi.dk\/no\/produkt\/zero4u-usb-hub-4-port-til-pi-zero-v1-3-og-w\/","url":"https:\/\/raspberrypi.dk\/no\/produkt\/zero4u-usb-hub-4-port-til-pi-zero-v1-3-og-w\/","name":"Zero4U - USB Hub 4-Port til Pi Zero (v1.3 og W) \u2022 RaspberryPi.dk","isPartOf":{"@id":"https:\/\/raspberrypi.dk\/no\/#website"},"primaryImageOfPage":{"@id":"https:\/\/raspberrypi.dk\/no\/produkt\/zero4u-usb-hub-4-port-til-pi-zero-v1-3-og-w\/#primaryimage"},"image":{"@id":"https:\/\/raspberrypi.dk\/no\/produkt\/zero4u-usb-hub-4-port-til-pi-zero-v1-3-og-w\/#primaryimage"},"thumbnailUrl":"https:\/\/raspberrypi.dk\/wp-content\/uploads\/2017\/04\/zero4u-usb-hub-4-port-raspberry-pi-zero.png","datePublished":"2019-09-20T07:59:25+00:00","dateModified":"2025-09-29T07:50:27+00:00","breadcrumb":{"@id":"https:\/\/raspberrypi.dk\/no\/produkt\/zero4u-usb-hub-4-port-til-pi-zero-v1-3-og-w\/#breadcrumb"},"inLanguage":"nb-NO","potentialAction":[{"@type":"ReadAction","target":["https:\/\/raspberrypi.dk\/no\/produkt\/zero4u-usb-hub-4-port-til-pi-zero-v1-3-og-w\/"]}]},{"@type":"ImageObject","inLanguage":"nb-NO","@id":"https:\/\/raspberrypi.dk\/no\/produkt\/zero4u-usb-hub-4-port-til-pi-zero-v1-3-og-w\/#primaryimage","url":"https:\/\/raspberrypi.dk\/wp-content\/uploads\/2017\/04\/zero4u-usb-hub-4-port-raspberry-pi-zero.png","contentUrl":"https:\/\/raspberrypi.dk\/wp-content\/uploads\/2017\/04\/zero4u-usb-hub-4-port-raspberry-pi-zero.png","width":500,"height":500},{"@type":"BreadcrumbList","@id":"https:\/\/raspberrypi.dk\/no\/produkt\/zero4u-usb-hub-4-port-til-pi-zero-v1-3-og-w\/#breadcrumb","itemListElement":[{"@type":"ListItem","position":1,"name":"Hjem","item":"https:\/\/raspberrypi.dk\/no\/raspberry-pi-nettbutikk\/"},{"@type":"ListItem","position":2,"name":"Shop","item":"https:\/\/raspberrypi.dk\/no\/shop-2\/"},{"@type":"ListItem","position":3,"name":"Zero4U &#8211; USB Hub 4-Port til Pi Zero (v1.3 og W)"}]},{"@type":"WebSite","@id":"https:\/\/raspberrypi.dk\/no\/#website","url":"https:\/\/raspberrypi.dk\/no\/","name":"RaspberryPi.dk","description":"Danmarks f\u00f8rende Raspberry Pi side!","publisher":{"@id":"https:\/\/raspberrypi.dk\/no\/#organization"},"potentialAction":[{"@type":"SearchAction","target":{"@type":"EntryPoint","urlTemplate":"https:\/\/raspberrypi.dk\/no\/?s={search_term_string}"},"query-input":{"@type":"PropertyValueSpecification","valueRequired":true,"valueName":"search_term_string"}}],"inLanguage":"nb-NO"},{"@type":"Organization","@id":"https:\/\/raspberrypi.dk\/no\/#organization","name":"RaspberryPi.dk","url":"https:\/\/raspberrypi.dk\/no\/","logo":{"@type":"ImageObject","inLanguage":"nb-NO","@id":"https:\/\/raspberrypi.dk\/no\/#\/schema\/logo\/image\/","url":"https:\/\/raspberrypi.dk\/wp-content\/uploads\/2017\/05\/RaspberryPidk_logo-2.png","contentUrl":"https:\/\/raspberrypi.dk\/wp-content\/uploads\/2017\/05\/RaspberryPidk_logo-2.png","width":470,"height":110,"caption":"RaspberryPi.dk"},"image":{"@id":"https:\/\/raspberrypi.dk\/no\/#\/schema\/logo\/image\/"},"sameAs":["https:\/\/facebook.com\/RaspberryPiDanmark","https:\/\/x.com\/raspberrypidk","https:\/\/instagram.com\/raspberrypi.dk"]}]}},"_links":{"self":[{"href":"https:\/\/raspberrypi.dk\/no\/wp-json\/wp\/v2\/product\/218262","targetHints":{"allow":["GET"]}}],"collection":[{"href":"https:\/\/raspberrypi.dk\/no\/wp-json\/wp\/v2\/product"}],"about":[{"href":"https:\/\/raspberrypi.dk\/no\/wp-json\/wp\/v2\/types\/product"}],"replies":[{"embeddable":true,"href":"https:\/\/raspberrypi.dk\/no\/wp-json\/wp\/v2\/comments?post=218262"}],"wp:featuredmedia":[{"embeddable":true,"href":"https:\/\/raspberrypi.dk\/no\/wp-json\/wp\/v2\/media\/218263"}],"wp:attachment":[{"href":"https:\/\/raspberrypi.dk\/no\/wp-json\/wp\/v2\/media?parent=218262"}],"wp:term":[{"taxonomy":"product_brand","embeddable":true,"href":"https:\/\/raspberrypi.dk\/no\/wp-json\/wp\/v2\/product_brand?post=218262"},{"taxonomy":"product_cat","embeddable":true,"href":"https:\/\/raspberrypi.dk\/no\/wp-json\/wp\/v2\/product_cat?post=218262"},{"taxonomy":"product_tag","embeddable":true,"href":"https:\/\/raspberrypi.dk\/no\/wp-json\/wp\/v2\/product_tag?post=218262"}],"curies":[{"name":"wp","href":"https:\/\/api.w.org\/{rel}","templated":true}]}}