{"id":218267,"date":"2019-09-19T11:13:30","date_gmt":"2019-09-19T09:13:30","guid":{"rendered":"https:\/\/raspberrypi.dk\/produkt\/smartipi-touch-2-case-til-raspberry-pi-7-touchscreen-display\/"},"modified":"2024-04-26T13:20:50","modified_gmt":"2024-04-26T11:20:50","slug":"smartipi-touch-2-case-til-raspberry-pi-7-touchscreen-display","status":"publish","type":"product","link":"https:\/\/raspberrypi.dk\/no\/produkt\/smartipi-touch-2-case-til-raspberry-pi-7-touchscreen-display\/","title":{"rendered":"SmartiPi Touch 2 &#8211; Case til Raspberry Pi 7&#8243; Touchscreen Display"},"content":{"rendered":"<p>MERK F\u00d8LGENDE! Kompatibel med Pi 4.<\/p>\n<p>Skjermen festes i kassen med fire skruer. En Raspberry Pi B+, 2B, 3B, 3A+, 3B+ eller 4 lukkes deretter av i plassen p\u00e5 baksiden av dekselet. En enkel &laquo;d\u00f8r&raquo; dekker Pi-en n\u00e5r den er i rommet. Kabelen som f\u00f8lger med skjermen kobles til Raspberry Pi DSI-porten. Stativet har en pivot som lar deg justere vinkelen p\u00e5 skjermen.<\/p>\n<p>SmartiPi Touch 2 er et deksel for den offisielle Raspberry Pi-skjermen, Raspberry Pi og Raspberry Pi-kameraet. Nye funksjoner inkluderer et integrert kamerafeste, tre utskiftbare alternativer for frontplate og vifte.<\/p>\n<p><strong>Egenskaper<\/strong>:<\/p>\n<ul>\n<li>Justerbar vinkel<\/li>\n<li>Byggeklosskompatibel frontplate med kamerahull<\/li>\n<li>Glatt frontplate med kamerahull<\/li>\n<li>Glatt frontplate<\/li>\n<li>D\u00f8r med vifte<\/li>\n<li>D\u00f8r med GPIO-tilgang<\/li>\n<li>USB-C splitter (for bruk med Pi 4)<\/li>\n<li>Micro USB splitter (for bruk med Pi 2 og 3)<\/li>\n<li>Kompakte monteringer<\/li>\n<li>75 mm VESA-feste<\/li>\n<li>HDMI- og lydporttilgang<\/li>\n<li>Kompatibel med Raspberry Pi B+, 2B, 3B, 3A+, 3B+ og 4<\/li>\n<li>Kompatibel med Raspberry Pi Camera V1 og V2<\/li>\n<li>Kompatibel med den offisielle Raspberry Pi-skjermen<\/li>\n<\/ul>\n<p><strong>MERK F\u00d8LGENDE!<\/strong> <strong>Raspberry Pi, kamera eller skjerm er ikke inkludert.<\/strong><\/p>\n<p>Alt vist nedenfor er inkludert:<\/p>\n<p>&nbsp;<\/p>\n<p>&nbsp;<\/p>\n<p class=\"ewd-ulb-lightbox\"><img decoding=\"async\" src=\"https:\/\/cdn.shopify.com\/s\/files\/1\/0793\/8029\/files\/kit_includes_with_text_600x600.jpg?v=1567351059\" alt=\"\" \/><\/p>\n<p>Juster enkelt vinkelen til:<\/p>\n<p class=\"ewd-ulb-lightbox\"><img decoding=\"async\" src=\"https:\/\/cdn.shopify.com\/s\/files\/1\/0793\/8029\/products\/adjust_angle_480x480.jpg?v=1567456900\" alt=\"\" \/><\/p>\n<p>De medf\u00f8lgende b\u00e5ndkablene er festet til den offisielle Pi-skjermen og det offisielle Pi-kameraet. Den lengre kabelen som er festet til kameraet, f\u00f8res under skjermkontrollkortet.<\/p>\n<div class=\"ewd-ulb-lightbox\"><img decoding=\"async\" src=\"https:\/\/cdn.shopify.com\/s\/files\/1\/0793\/8029\/files\/assemble_cable_480x480.jpg?v=1567444776\" alt=\"\" \/><\/div>\n<p>Displayet sammen med kamera og kabler er satt sammen i kofferten som vist nedenfor.<\/p>\n<p class=\"ewd-ulb-lightbox\"><img decoding=\"async\" src=\"https:\/\/cdn.shopify.com\/s\/files\/1\/0793\/8029\/files\/assembly_camera_480x480.jpg?v=1567444852\" alt=\"\" \/><\/p>\n<p>En byggeklosskompatibel front med kamerahull, glatt front med kamerahull og solid glatt front er inkludert. De kan monteres med medf\u00f8lgende maskinvare.<\/p>\n<p>&nbsp;<\/p>\n<p class=\"ewd-ulb-lightbox\"><img decoding=\"async\" src=\"https:\/\/cdn.shopify.com\/s\/files\/1\/0793\/8029\/products\/3_covers_480x480.jpg?v=1567350169\" alt=\"\" \/><\/p>\n<p class=\"ewd-ulb-lightbox\"><img decoding=\"async\" src=\"https:\/\/cdn.shopify.com\/s\/files\/1\/0793\/8029\/files\/3_faceplates_480x480.jpg?v=1567528718\" alt=\"\" \/><\/p>\n<p class=\"ewd-ulb-lightbox\"><img decoding=\"async\" src=\"https:\/\/cdn.shopify.com\/s\/files\/1\/0793\/8029\/files\/lego_man_480x480.jpg?v=1567530123\" alt=\"\" \/><\/p>\n<p class=\"ewd-ulb-lightbox\">Raspberry Pi-kameraet monteres p\u00e5 baksiden med de medf\u00f8lgende skruene.<\/p>\n<p class=\"ewd-ulb-lightbox\"><img decoding=\"async\" src=\"https:\/\/cdn.shopify.com\/s\/files\/1\/0793\/8029\/files\/screw_in_camera_480x480.jpg?v=1567351446\" alt=\"\" \/><\/p>\n<p>Raspberry Pi monteres deretter p\u00e5 baksiden og b\u00e5ndkablene monteres som vist. Viften kan kobles til 5v GPIO pin (7500 RPM) eller 3,3v GPIO pin (4800 RPM)<\/p>\n<p>Viften er en standard 30&#215;30 mm vifte og kan enkelt byttes ut med en annen lett tilgjengelig 30&#215;30 mm vifte.<\/p>\n<p class=\"ewd-ulb-lightbox\"><img decoding=\"async\" src=\"https:\/\/cdn.shopify.com\/s\/files\/1\/0793\/8029\/files\/assemble_fan_480x480.jpg?v=1567448670\" alt=\"\" \/><\/p>\n<p class=\"ewd-ulb-lightbox\"><img decoding=\"async\" src=\"https:\/\/cdn.shopify.com\/s\/files\/1\/0793\/8029\/files\/assemble_pi_480x480.jpg?v=1567444920\" alt=\"\" \/><\/p>\n<p>To forskjellige bakd\u00f8rsversjoner er inkludert i settet. Den ene d\u00f8ren har en utskj\u00e6ring som kan fjernes for \u00e5 synliggj\u00f8re GPIO-pinnene. Den andre d\u00f8ren muliggj\u00f8r installasjon av en kj\u00f8levifte. Ingen av d\u00f8rene fungerer med HAT-brett.<\/p>\n<p class=\"ewd-ulb-lightbox\"><img decoding=\"async\" src=\"https:\/\/cdn.shopify.com\/s\/files\/1\/0793\/8029\/files\/back_view_fan_door_480x480.jpg?v=1567444321\" alt=\"\" \/><\/p>\n<p>&nbsp;<\/p>\n<p class=\"ewd-ulb-lightbox\"><img decoding=\"async\" src=\"https:\/\/cdn.shopify.com\/s\/files\/1\/0793\/8029\/files\/back_view_standard_door_480x480.jpg?v=1567444339\" alt=\"\" \/><img decoding=\"async\" src=\"https:\/\/cdn.shopify.com\/s\/files\/1\/0793\/8029\/files\/cut_door_240x240.jpg?v=1567444626\" alt=\"\" \/><\/p>\n<p>For \u00e5 bruke HAT-brett m\u00e5 d\u00f8ren fjernes. Standard HAT-skjold kan deretter skrus p\u00e5 Pi-monteringsboltene. Det valgfrie bakdekseltilbeh\u00f8ret kan kj\u00f8pes separat for \u00e5 dekke HAT-platen.<\/p>\n<p class=\"ewd-ulb-lightbox\"><img decoding=\"async\" src=\"https:\/\/cdn.shopify.com\/s\/files\/1\/0793\/8029\/files\/pi_mounting_studs_94daf92a-82c0-4b00-a9a8-d6af0e042ef1_480x480.jpg?v=1567453044\" alt=\"\" \/><\/p>\n<p>&nbsp;<\/p>\n<p class=\"ewd-ulb-lightbox\"><img decoding=\"async\" src=\"https:\/\/cdn.shopify.com\/s\/files\/1\/0793\/8029\/files\/hat_assembled_480x480.jpg?v=1567445196\" alt=\"\" \/><\/p>\n<p>Begge d\u00f8rene fungerer med Raspberry Pi versjon 2,3 og 4. HDMI og lydutgang er tilgjengelig.<\/p>\n<p>&nbsp;<\/p>\n<p class=\"ewd-ulb-lightbox\"><img decoding=\"async\" src=\"https:\/\/cdn.shopify.com\/s\/files\/1\/0793\/8029\/files\/door_detail_480x480.jpg?v=1567445277\" alt=\"\" \/><\/p>\n<p>Settet inneholder to splitterkabler: en for bruk med Raspberry Pi 2\/3 og skjerm og en for Raspberry Pi 4 og skjerm.<\/p>\n<p class=\"ewd-ulb-lightbox\"><img decoding=\"async\" src=\"https:\/\/cdn.shopify.com\/s\/files\/1\/0793\/8029\/files\/cables_480x480.jpg?v=1567446070\" alt=\"\" \/><\/p>\n<p class=\"ewd-ulb-lightbox\">Fire m4 gjengede innlegg lar deg montere dekselet med et 75 mm VESA-feste. Disse brukes ogs\u00e5 til \u00e5 montere det valgfrie bakdekselet.<br \/>\n<img decoding=\"async\" src=\"https:\/\/cdn.shopify.com\/s\/files\/1\/0793\/8029\/files\/vesa_mounts_480x480.jpg?v=1567530546\" alt=\"\" \/><\/p>\n<p>Det er ogs\u00e5 inkludert sm\u00e5 fester som kan brukes til \u00e5 montere dekselet p\u00e5 en rekke overflater. Disse kan brukes i stedet for stativ.<\/p>\n<p class=\"ewd-ulb-lightbox\"><img decoding=\"async\" src=\"https:\/\/cdn.shopify.com\/s\/files\/1\/0793\/8029\/files\/small_mounts_480x480.jpg?v=1567446316\" alt=\"\" \/><\/p>\n<p>Tilbeh\u00f8r til ryggen (ikke inkludert) kan kj\u00f8pes separat.<\/p>\n<p class=\"ewd-ulb-lightbox\"><img decoding=\"async\" src=\"https:\/\/cdn.shopify.com\/s\/files\/1\/0793\/8029\/files\/back_cover_assemble_480x480.jpg?v=1567548961\" alt=\"\" \/><\/p>\n<p class=\"ewd-ulb-lightbox\"><img decoding=\"async\" src=\"https:\/\/cdn.shopify.com\/s\/files\/1\/0793\/8029\/files\/small_cover_480x480.jpg?v=1567446385\" alt=\"\" \/><\/p>\n","protected":false},"excerpt":{"rendered":"<p><strong>SmartiPi Touch 2-skap for offisiell Raspberry Pi 7&#8243; Touchscreen Display.<\/strong><\/p>\n<p>Designet for \u00e5 huse Raspberry Pi 7&#8243; ber\u00f8ringsskjerm sammen med<strong> Raspberry Pi<\/strong>\u00a0og muligens kamera.<\/p>\n<p>SmartiPi Touch 2 er et superkult deksel for den offisielle Raspberry Pi-ber\u00f8ringsskjermen. Kamerafunksjonalitet, veggmontert og HAT-kompatibel!<\/p>\n","protected":false},"featured_media":218279,"comment_status":"open","ping_status":"closed","template":"","meta":[],"product_brand":[],"product_cat":[595,594],"product_tag":[717],"class_list":{"0":"post-218267","1":"product","2":"type-product","3":"status-publish","4":"has-post-thumbnail","6":"product_cat-raspberry-pi-displays-no","7":"product_cat-raspberry-pi-cases-no","8":"product_tag-rpi4-no","10":"first","11":"outofstock","12":"taxable","13":"shipping-taxable","14":"purchasable","15":"product-type-simple"},"composite_virtual":false,"composite_layout":"","composite_add_to_cart_form_location":"","composite_editable_in_cart":false,"composite_sold_individually_context":"","composite_shop_price_calc":"","composite_components":[],"composite_scenarios":[],"bundled_by":["218739"],"bundle_stock_status":"outofstock","bundle_stock_quantity":0,"bundle_virtual":false,"bundle_layout":"","bundle_add_to_cart_form_location":"","bundle_editable_in_cart":false,"bundle_sold_individually_context":"","bundle_item_grouping":"","bundle_min_size":"","bundle_max_size":"","bundle_price":[],"bundled_items":[],"bundle_sell_ids":[],"yoast_head":"<!-- This site is optimized with the Yoast SEO plugin v27.1.1 - https:\/\/yoast.com\/product\/yoast-seo-wordpress\/ -->\n<title>SmartiPi Touch 2 - Case til Raspberry Pi 7&quot; Touchscreen Display \u2022 RaspberryPi.dk<\/title>\n<meta name=\"robots\" content=\"index, follow, max-snippet:-1, max-image-preview:large, max-video-preview:-1\" \/>\n<link rel=\"canonical\" href=\"https:\/\/raspberrypi.dk\/no\/produkt\/smartipi-touch-2-case-til-raspberry-pi-7-touchscreen-display\/\" \/>\n<meta property=\"og:locale\" content=\"nb_NO\" \/>\n<meta property=\"og:type\" content=\"article\" \/>\n<meta property=\"og:title\" content=\"SmartiPi Touch 2 - Case til Raspberry Pi 7&quot; Touchscreen Display \u2022 RaspberryPi.dk\" \/>\n<meta property=\"og:description\" content=\"SmartiPi Touch 2-skap for offisiell Raspberry Pi 7&quot; Touchscreen Display.  Designet for \u00e5 huse Raspberry Pi 7&quot; ber\u00f8ringsskjerm sammen med Raspberry Pi\u00a0og muligens kamera.  SmartiPi Touch 2 er et superkult deksel for den offisielle Raspberry Pi-ber\u00f8ringsskjermen. Kamerafunksjonalitet, veggmontert og HAT-kompatibel!\" \/>\n<meta property=\"og:url\" content=\"https:\/\/raspberrypi.dk\/no\/produkt\/smartipi-touch-2-case-til-raspberry-pi-7-touchscreen-display\/\" \/>\n<meta property=\"og:site_name\" content=\"RaspberryPi.dk\" \/>\n<meta property=\"article:publisher\" content=\"https:\/\/facebook.com\/RaspberryPiDanmark\" \/>\n<meta property=\"article:modified_time\" content=\"2024-04-26T11:20:50+00:00\" \/>\n<meta property=\"og:image\" content=\"https:\/\/raspberrypi.dk\/wp-content\/uploads\/2019\/09\/smartipi-touch-2-case-beauty_shot_plain_front.jpg\" \/>\n\t<meta property=\"og:image:width\" content=\"2048\" \/>\n\t<meta property=\"og:image:height\" content=\"1596\" \/>\n\t<meta property=\"og:image:type\" content=\"image\/jpeg\" \/>\n<meta name=\"twitter:card\" content=\"summary_large_image\" \/>\n<meta name=\"twitter:site\" content=\"@raspberrypidk\" \/>\n<meta name=\"twitter:label1\" content=\"Ansl. lesetid\" \/>\n\t<meta name=\"twitter:data1\" content=\"7 minutter\" \/>\n<script type=\"application\/ld+json\" class=\"yoast-schema-graph\">{\"@context\":\"https:\/\/schema.org\",\"@graph\":[{\"@type\":\"WebPage\",\"@id\":\"https:\/\/raspberrypi.dk\/no\/produkt\/smartipi-touch-2-case-til-raspberry-pi-7-touchscreen-display\/\",\"url\":\"https:\/\/raspberrypi.dk\/no\/produkt\/smartipi-touch-2-case-til-raspberry-pi-7-touchscreen-display\/\",\"name\":\"SmartiPi Touch 2 - Case til Raspberry Pi 7\\\" Touchscreen Display \u2022 RaspberryPi.dk\",\"isPartOf\":{\"@id\":\"https:\/\/raspberrypi.dk\/no\/#website\"},\"primaryImageOfPage\":{\"@id\":\"https:\/\/raspberrypi.dk\/no\/produkt\/smartipi-touch-2-case-til-raspberry-pi-7-touchscreen-display\/#primaryimage\"},\"image\":{\"@id\":\"https:\/\/raspberrypi.dk\/no\/produkt\/smartipi-touch-2-case-til-raspberry-pi-7-touchscreen-display\/#primaryimage\"},\"thumbnailUrl\":\"https:\/\/raspberrypi.dk\/wp-content\/uploads\/2019\/09\/smartipi-touch-2-case-beauty_shot_plain_front.jpg\",\"datePublished\":\"2019-09-19T09:13:30+00:00\",\"dateModified\":\"2024-04-26T11:20:50+00:00\",\"breadcrumb\":{\"@id\":\"https:\/\/raspberrypi.dk\/no\/produkt\/smartipi-touch-2-case-til-raspberry-pi-7-touchscreen-display\/#breadcrumb\"},\"inLanguage\":\"nb-NO\",\"potentialAction\":[{\"@type\":\"ReadAction\",\"target\":[\"https:\/\/raspberrypi.dk\/no\/produkt\/smartipi-touch-2-case-til-raspberry-pi-7-touchscreen-display\/\"]}]},{\"@type\":\"ImageObject\",\"inLanguage\":\"nb-NO\",\"@id\":\"https:\/\/raspberrypi.dk\/no\/produkt\/smartipi-touch-2-case-til-raspberry-pi-7-touchscreen-display\/#primaryimage\",\"url\":\"https:\/\/raspberrypi.dk\/wp-content\/uploads\/2019\/09\/smartipi-touch-2-case-beauty_shot_plain_front.jpg\",\"contentUrl\":\"https:\/\/raspberrypi.dk\/wp-content\/uploads\/2019\/09\/smartipi-touch-2-case-beauty_shot_plain_front.jpg\",\"width\":2048,\"height\":1596},{\"@type\":\"BreadcrumbList\",\"@id\":\"https:\/\/raspberrypi.dk\/no\/produkt\/smartipi-touch-2-case-til-raspberry-pi-7-touchscreen-display\/#breadcrumb\",\"itemListElement\":[{\"@type\":\"ListItem\",\"position\":1,\"name\":\"Hjem\",\"item\":\"https:\/\/raspberrypi.dk\/no\/raspberry-pi-nettbutikk\/\"},{\"@type\":\"ListItem\",\"position\":2,\"name\":\"Shop\",\"item\":\"https:\/\/raspberrypi.dk\/no\/shop-2\/\"},{\"@type\":\"ListItem\",\"position\":3,\"name\":\"SmartiPi Touch 2 &#8211; Case til Raspberry Pi 7&#8243; Touchscreen Display\"}]},{\"@type\":\"WebSite\",\"@id\":\"https:\/\/raspberrypi.dk\/no\/#website\",\"url\":\"https:\/\/raspberrypi.dk\/no\/\",\"name\":\"RaspberryPi.dk\",\"description\":\"Danmarks f\u00f8rende Raspberry Pi side!\",\"publisher\":{\"@id\":\"https:\/\/raspberrypi.dk\/no\/#organization\"},\"potentialAction\":[{\"@type\":\"SearchAction\",\"target\":{\"@type\":\"EntryPoint\",\"urlTemplate\":\"https:\/\/raspberrypi.dk\/no\/?s={search_term_string}\"},\"query-input\":{\"@type\":\"PropertyValueSpecification\",\"valueRequired\":true,\"valueName\":\"search_term_string\"}}],\"inLanguage\":\"nb-NO\"},{\"@type\":\"Organization\",\"@id\":\"https:\/\/raspberrypi.dk\/no\/#organization\",\"name\":\"RaspberryPi.dk\",\"url\":\"https:\/\/raspberrypi.dk\/no\/\",\"logo\":{\"@type\":\"ImageObject\",\"inLanguage\":\"nb-NO\",\"@id\":\"https:\/\/raspberrypi.dk\/no\/#\/schema\/logo\/image\/\",\"url\":\"https:\/\/raspberrypi.dk\/wp-content\/uploads\/2017\/05\/RaspberryPidk_logo-2.png\",\"contentUrl\":\"https:\/\/raspberrypi.dk\/wp-content\/uploads\/2017\/05\/RaspberryPidk_logo-2.png\",\"width\":470,\"height\":110,\"caption\":\"RaspberryPi.dk\"},\"image\":{\"@id\":\"https:\/\/raspberrypi.dk\/no\/#\/schema\/logo\/image\/\"},\"sameAs\":[\"https:\/\/facebook.com\/RaspberryPiDanmark\",\"https:\/\/x.com\/raspberrypidk\",\"https:\/\/instagram.com\/raspberrypi.dk\"]}]}<\/script>\n<!-- \/ Yoast SEO plugin. -->","yoast_head_json":{"title":"SmartiPi Touch 2 - Case til Raspberry Pi 7\" Touchscreen Display \u2022 RaspberryPi.dk","robots":{"index":"index","follow":"follow","max-snippet":"max-snippet:-1","max-image-preview":"max-image-preview:large","max-video-preview":"max-video-preview:-1"},"canonical":"https:\/\/raspberrypi.dk\/no\/produkt\/smartipi-touch-2-case-til-raspberry-pi-7-touchscreen-display\/","og_locale":"nb_NO","og_type":"article","og_title":"SmartiPi Touch 2 - Case til Raspberry Pi 7\" Touchscreen Display \u2022 RaspberryPi.dk","og_description":"SmartiPi Touch 2-skap for offisiell Raspberry Pi 7\" Touchscreen Display.  Designet for \u00e5 huse Raspberry Pi 7\" ber\u00f8ringsskjerm sammen med Raspberry Pi\u00a0og muligens kamera.  SmartiPi Touch 2 er et superkult deksel for den offisielle Raspberry Pi-ber\u00f8ringsskjermen. Kamerafunksjonalitet, veggmontert og HAT-kompatibel!","og_url":"https:\/\/raspberrypi.dk\/no\/produkt\/smartipi-touch-2-case-til-raspberry-pi-7-touchscreen-display\/","og_site_name":"RaspberryPi.dk","article_publisher":"https:\/\/facebook.com\/RaspberryPiDanmark","article_modified_time":"2024-04-26T11:20:50+00:00","og_image":[{"width":2048,"height":1596,"url":"https:\/\/raspberrypi.dk\/wp-content\/uploads\/2019\/09\/smartipi-touch-2-case-beauty_shot_plain_front.jpg","type":"image\/jpeg"}],"twitter_card":"summary_large_image","twitter_site":"@raspberrypidk","twitter_misc":{"Ansl. lesetid":"7 minutter"},"schema":{"@context":"https:\/\/schema.org","@graph":[{"@type":"WebPage","@id":"https:\/\/raspberrypi.dk\/no\/produkt\/smartipi-touch-2-case-til-raspberry-pi-7-touchscreen-display\/","url":"https:\/\/raspberrypi.dk\/no\/produkt\/smartipi-touch-2-case-til-raspberry-pi-7-touchscreen-display\/","name":"SmartiPi Touch 2 - Case til Raspberry Pi 7\" Touchscreen Display \u2022 RaspberryPi.dk","isPartOf":{"@id":"https:\/\/raspberrypi.dk\/no\/#website"},"primaryImageOfPage":{"@id":"https:\/\/raspberrypi.dk\/no\/produkt\/smartipi-touch-2-case-til-raspberry-pi-7-touchscreen-display\/#primaryimage"},"image":{"@id":"https:\/\/raspberrypi.dk\/no\/produkt\/smartipi-touch-2-case-til-raspberry-pi-7-touchscreen-display\/#primaryimage"},"thumbnailUrl":"https:\/\/raspberrypi.dk\/wp-content\/uploads\/2019\/09\/smartipi-touch-2-case-beauty_shot_plain_front.jpg","datePublished":"2019-09-19T09:13:30+00:00","dateModified":"2024-04-26T11:20:50+00:00","breadcrumb":{"@id":"https:\/\/raspberrypi.dk\/no\/produkt\/smartipi-touch-2-case-til-raspberry-pi-7-touchscreen-display\/#breadcrumb"},"inLanguage":"nb-NO","potentialAction":[{"@type":"ReadAction","target":["https:\/\/raspberrypi.dk\/no\/produkt\/smartipi-touch-2-case-til-raspberry-pi-7-touchscreen-display\/"]}]},{"@type":"ImageObject","inLanguage":"nb-NO","@id":"https:\/\/raspberrypi.dk\/no\/produkt\/smartipi-touch-2-case-til-raspberry-pi-7-touchscreen-display\/#primaryimage","url":"https:\/\/raspberrypi.dk\/wp-content\/uploads\/2019\/09\/smartipi-touch-2-case-beauty_shot_plain_front.jpg","contentUrl":"https:\/\/raspberrypi.dk\/wp-content\/uploads\/2019\/09\/smartipi-touch-2-case-beauty_shot_plain_front.jpg","width":2048,"height":1596},{"@type":"BreadcrumbList","@id":"https:\/\/raspberrypi.dk\/no\/produkt\/smartipi-touch-2-case-til-raspberry-pi-7-touchscreen-display\/#breadcrumb","itemListElement":[{"@type":"ListItem","position":1,"name":"Hjem","item":"https:\/\/raspberrypi.dk\/no\/raspberry-pi-nettbutikk\/"},{"@type":"ListItem","position":2,"name":"Shop","item":"https:\/\/raspberrypi.dk\/no\/shop-2\/"},{"@type":"ListItem","position":3,"name":"SmartiPi Touch 2 &#8211; Case til Raspberry Pi 7&#8243; Touchscreen Display"}]},{"@type":"WebSite","@id":"https:\/\/raspberrypi.dk\/no\/#website","url":"https:\/\/raspberrypi.dk\/no\/","name":"RaspberryPi.dk","description":"Danmarks f\u00f8rende Raspberry Pi side!","publisher":{"@id":"https:\/\/raspberrypi.dk\/no\/#organization"},"potentialAction":[{"@type":"SearchAction","target":{"@type":"EntryPoint","urlTemplate":"https:\/\/raspberrypi.dk\/no\/?s={search_term_string}"},"query-input":{"@type":"PropertyValueSpecification","valueRequired":true,"valueName":"search_term_string"}}],"inLanguage":"nb-NO"},{"@type":"Organization","@id":"https:\/\/raspberrypi.dk\/no\/#organization","name":"RaspberryPi.dk","url":"https:\/\/raspberrypi.dk\/no\/","logo":{"@type":"ImageObject","inLanguage":"nb-NO","@id":"https:\/\/raspberrypi.dk\/no\/#\/schema\/logo\/image\/","url":"https:\/\/raspberrypi.dk\/wp-content\/uploads\/2017\/05\/RaspberryPidk_logo-2.png","contentUrl":"https:\/\/raspberrypi.dk\/wp-content\/uploads\/2017\/05\/RaspberryPidk_logo-2.png","width":470,"height":110,"caption":"RaspberryPi.dk"},"image":{"@id":"https:\/\/raspberrypi.dk\/no\/#\/schema\/logo\/image\/"},"sameAs":["https:\/\/facebook.com\/RaspberryPiDanmark","https:\/\/x.com\/raspberrypidk","https:\/\/instagram.com\/raspberrypi.dk"]}]}},"_links":{"self":[{"href":"https:\/\/raspberrypi.dk\/no\/wp-json\/wp\/v2\/product\/218267","targetHints":{"allow":["GET"]}}],"collection":[{"href":"https:\/\/raspberrypi.dk\/no\/wp-json\/wp\/v2\/product"}],"about":[{"href":"https:\/\/raspberrypi.dk\/no\/wp-json\/wp\/v2\/types\/product"}],"replies":[{"embeddable":true,"href":"https:\/\/raspberrypi.dk\/no\/wp-json\/wp\/v2\/comments?post=218267"}],"wp:featuredmedia":[{"embeddable":true,"href":"https:\/\/raspberrypi.dk\/no\/wp-json\/wp\/v2\/media\/218279"}],"wp:attachment":[{"href":"https:\/\/raspberrypi.dk\/no\/wp-json\/wp\/v2\/media?parent=218267"}],"wp:term":[{"taxonomy":"product_brand","embeddable":true,"href":"https:\/\/raspberrypi.dk\/no\/wp-json\/wp\/v2\/product_brand?post=218267"},{"taxonomy":"product_cat","embeddable":true,"href":"https:\/\/raspberrypi.dk\/no\/wp-json\/wp\/v2\/product_cat?post=218267"},{"taxonomy":"product_tag","embeddable":true,"href":"https:\/\/raspberrypi.dk\/no\/wp-json\/wp\/v2\/product_tag?post=218267"}],"curies":[{"name":"wp","href":"https:\/\/api.w.org\/{rel}","templated":true}]}}