{"id":218287,"date":"2019-09-10T15:10:49","date_gmt":"2019-09-10T13:10:49","guid":{"rendered":"https:\/\/raspberrypi.dk\/produkt\/raspberry-pi-3-model-b\/"},"modified":"2026-04-13T11:12:08","modified_gmt":"2026-04-13T09:12:08","slug":"raspberry-pi-3-model-b","status":"publish","type":"product","link":"https:\/\/raspberrypi.dk\/no\/produkt\/raspberry-pi-3-model-b\/","title":{"rendered":"Raspberry Pi 3 Model B"},"content":{"rendered":"<p><strong>Tekniske spesifikasjoner:<\/strong><\/p>\n<p>Broadcom BCM2837 64bit ARMv8 QUAD Core 64bit prosessor (1,2GHz)<br \/>\n1 GB RAM<br \/>\nBCM43143 Wi-Fi om bord<br \/>\nBluetooth Low Energy (BLE) on board<br \/>\n40 pin GPIO<br \/>\n4 x USB2-porter<br \/>\n4-polet stereoutgang og komposittvideoport<br \/>\nHDMI<br \/>\nCSI-kameraport (til <a title=\"Camera Board til Raspberry Pi\" href=\"http:\/\/raspberrypi.dk\/produkt\/raspberry-pi-camera-board\/\">Raspberry Pi camera<\/a>)<br \/>\nDSI-skjermport (til <a title=\"Raspberry Pi 7\u2033 Touchscreen Display\" href=\"http:\/\/raspberrypi.dk\/produkt\/raspberry-pi-7-touchscreen-display\/\">Raspberry Pi touch screen displa<\/a>y)<br \/>\nMicroSD-port for \u00e5 laste operativsystemet og lagre data<br \/>\nOppgradert Micro USB-str\u00f8mkilde (st\u00f8tter n\u00e5 opptil 2,5 A)<\/p>\n<p><strong>Raspberry Pi 3 Model B-oppgraderinger:<\/strong><\/p>\n<p>Ny generasjon QUAD Core Broadcom BCM2837 64bit ARMv8-prosessor<br \/>\nProsessorhastigheten har \u00f8kt fra 900MHz p\u00e5 Raspberry Pi 2 til 1,2GHz p\u00e5 <strong>Raspberry pi 3 Model B<\/strong><br \/>\nBCM43143 Wi-Fi om bord<br \/>\nBluetooth Low Energy (BLE) om bord<br \/>\nOppgradert str\u00f8mkilde med opptil 2,5 A (kan n\u00e5 drive enda mer krevende enheter via USB-portene)<\/p>\n<p>Du kan lese mye mer om Raspberry Pi 3, grunnlaget bak, prosjekter med datamaskinen p\u00e5 denne siden i form av nyhetsartikler og et sv\u00e6rt aktivt forum.<\/p>\n","protected":false},"excerpt":{"rendered":"<p>Sammenlignet med Pi 2 har Raspberry Pi 3 Model B en nyere prosessor, ARMv8-prosessoren, med en hastighet p\u00e5 1,2 GHz i motsetning til 900 MHz. I tillegg inkluderer den n\u00e5 WiFi- og Bluetooth-brikker (BLE). Fullt bakoverkompatibel med eksisterende Pi 2.<\/p>\n<p>Trenger din bedrift et st\u00f8rre antall Raspberry Pi 3 eller hjelp med Raspberry Pi maskinvare\/programvare? <a href=\"https:\/\/raspberrypi.dk\/no\/om\/b2b-salg\/\">Kontakt os her<\/a>.<\/p>\n[wpb-pcf-button]\n","protected":false},"featured_media":218288,"comment_status":"open","ping_status":"closed","template":"","meta":[],"product_brand":[],"product_cat":[600],"product_tag":[],"class_list":{"0":"post-218287","1":"product","2":"type-product","3":"status-publish","4":"has-post-thumbnail","6":"product_cat-raspberry-pi-modeller-no","8":"first","9":"instock","10":"taxable","11":"shipping-taxable","12":"purchasable","13":"product-type-simple"},"composite_virtual":false,"composite_layout":"","composite_add_to_cart_form_location":"","composite_editable_in_cart":false,"composite_sold_individually_context":"","composite_shop_price_calc":"","composite_components":[],"composite_scenarios":[],"bundled_by":[],"bundle_stock_status":"instock","bundle_stock_quantity":97,"bundle_virtual":false,"bundle_layout":"","bundle_add_to_cart_form_location":"","bundle_editable_in_cart":false,"bundle_sold_individually_context":"","bundle_item_grouping":"","bundle_min_size":"","bundle_max_size":"","bundle_price":[],"bundled_items":[],"bundle_sell_ids":[218834,217639],"yoast_head":"<!-- This site is optimized with the Yoast SEO plugin v27.1.1 - https:\/\/yoast.com\/product\/yoast-seo-wordpress\/ -->\n<title>Raspberry Pi 3 Model B, 1GB Ram \u2022 RaspberryPi.dk<\/title>\n<meta name=\"description\" content=\"Kj\u00f8p Raspberry Pi 3 Model B billig p\u00e5 RaspberryPi.dk, den offisielle danske Raspberry Pi-nettbutikken. N\u00e5 med en sterkere prosessor og integrert WiFi og Bluetooth.\" \/>\n<meta name=\"robots\" content=\"index, follow, max-snippet:-1, max-image-preview:large, max-video-preview:-1\" \/>\n<link rel=\"canonical\" href=\"https:\/\/raspberrypi.dk\/no\/produkt\/raspberry-pi-3-model-b\/\" \/>\n<meta property=\"og:locale\" content=\"nb_NO\" \/>\n<meta property=\"og:type\" content=\"article\" \/>\n<meta property=\"og:title\" content=\"Raspberry Pi 3 Model B, 1GB Ram \u2022 RaspberryPi.dk\" \/>\n<meta property=\"og:description\" content=\"Kj\u00f8p Raspberry Pi 3 Model B billig p\u00e5 RaspberryPi.dk, den offisielle danske Raspberry Pi-nettbutikken. N\u00e5 med en sterkere prosessor og integrert WiFi og Bluetooth.\" \/>\n<meta property=\"og:url\" content=\"https:\/\/raspberrypi.dk\/no\/produkt\/raspberry-pi-3-model-b\/\" \/>\n<meta property=\"og:site_name\" content=\"RaspberryPi.dk\" \/>\n<meta property=\"article:publisher\" content=\"https:\/\/facebook.com\/RaspberryPiDanmark\" \/>\n<meta property=\"article:modified_time\" content=\"2026-04-13T09:12:08+00:00\" \/>\n<meta property=\"og:image\" content=\"https:\/\/raspberrypi.dk\/wp-content\/uploads\/2016\/02\/Raspberry-Pi-3.jpg\" \/>\n\t<meta property=\"og:image:width\" content=\"1024\" \/>\n\t<meta property=\"og:image:height\" content=\"683\" \/>\n\t<meta property=\"og:image:type\" content=\"image\/jpeg\" \/>\n<meta name=\"twitter:card\" content=\"summary_large_image\" \/>\n<meta name=\"twitter:site\" content=\"@raspberrypidk\" \/>\n<meta name=\"twitter:label1\" content=\"Ansl. lesetid\" \/>\n\t<meta name=\"twitter:data1\" content=\"1 minutt\" \/>\n<script type=\"application\/ld+json\" class=\"yoast-schema-graph\">{\"@context\":\"https:\/\/schema.org\",\"@graph\":[{\"@type\":\"WebPage\",\"@id\":\"https:\/\/raspberrypi.dk\/no\/produkt\/raspberry-pi-3-model-b\/\",\"url\":\"https:\/\/raspberrypi.dk\/no\/produkt\/raspberry-pi-3-model-b\/\",\"name\":\"Raspberry Pi 3 Model B, 1GB Ram \u2022 RaspberryPi.dk\",\"isPartOf\":{\"@id\":\"https:\/\/raspberrypi.dk\/no\/#website\"},\"primaryImageOfPage\":{\"@id\":\"https:\/\/raspberrypi.dk\/no\/produkt\/raspberry-pi-3-model-b\/#primaryimage\"},\"image\":{\"@id\":\"https:\/\/raspberrypi.dk\/no\/produkt\/raspberry-pi-3-model-b\/#primaryimage\"},\"thumbnailUrl\":\"https:\/\/raspberrypi.dk\/wp-content\/uploads\/2016\/02\/Raspberry-Pi-3.jpg\",\"datePublished\":\"2019-09-10T13:10:49+00:00\",\"dateModified\":\"2026-04-13T09:12:08+00:00\",\"description\":\"Kj\u00f8p Raspberry Pi 3 Model B billig p\u00e5 RaspberryPi.dk, den offisielle danske Raspberry Pi-nettbutikken. N\u00e5 med en sterkere prosessor og integrert WiFi og Bluetooth.\",\"breadcrumb\":{\"@id\":\"https:\/\/raspberrypi.dk\/no\/produkt\/raspberry-pi-3-model-b\/#breadcrumb\"},\"inLanguage\":\"nb-NO\",\"potentialAction\":[{\"@type\":\"ReadAction\",\"target\":[\"https:\/\/raspberrypi.dk\/no\/produkt\/raspberry-pi-3-model-b\/\"]}]},{\"@type\":\"ImageObject\",\"inLanguage\":\"nb-NO\",\"@id\":\"https:\/\/raspberrypi.dk\/no\/produkt\/raspberry-pi-3-model-b\/#primaryimage\",\"url\":\"https:\/\/raspberrypi.dk\/wp-content\/uploads\/2016\/02\/Raspberry-Pi-3.jpg\",\"contentUrl\":\"https:\/\/raspberrypi.dk\/wp-content\/uploads\/2016\/02\/Raspberry-Pi-3.jpg\",\"width\":1024,\"height\":683,\"caption\":\"raspberry pi 3 model b\"},{\"@type\":\"BreadcrumbList\",\"@id\":\"https:\/\/raspberrypi.dk\/no\/produkt\/raspberry-pi-3-model-b\/#breadcrumb\",\"itemListElement\":[{\"@type\":\"ListItem\",\"position\":1,\"name\":\"Hjem\",\"item\":\"https:\/\/raspberrypi.dk\/no\/raspberry-pi-nettbutikk\/\"},{\"@type\":\"ListItem\",\"position\":2,\"name\":\"Shop\",\"item\":\"https:\/\/raspberrypi.dk\/no\/shop-2\/\"},{\"@type\":\"ListItem\",\"position\":3,\"name\":\"Raspberry Pi 3 Model B\"}]},{\"@type\":\"WebSite\",\"@id\":\"https:\/\/raspberrypi.dk\/no\/#website\",\"url\":\"https:\/\/raspberrypi.dk\/no\/\",\"name\":\"RaspberryPi.dk\",\"description\":\"Danmarks f\u00f8rende Raspberry Pi side!\",\"publisher\":{\"@id\":\"https:\/\/raspberrypi.dk\/no\/#organization\"},\"potentialAction\":[{\"@type\":\"SearchAction\",\"target\":{\"@type\":\"EntryPoint\",\"urlTemplate\":\"https:\/\/raspberrypi.dk\/no\/?s={search_term_string}\"},\"query-input\":{\"@type\":\"PropertyValueSpecification\",\"valueRequired\":true,\"valueName\":\"search_term_string\"}}],\"inLanguage\":\"nb-NO\"},{\"@type\":\"Organization\",\"@id\":\"https:\/\/raspberrypi.dk\/no\/#organization\",\"name\":\"RaspberryPi.dk\",\"url\":\"https:\/\/raspberrypi.dk\/no\/\",\"logo\":{\"@type\":\"ImageObject\",\"inLanguage\":\"nb-NO\",\"@id\":\"https:\/\/raspberrypi.dk\/no\/#\/schema\/logo\/image\/\",\"url\":\"https:\/\/raspberrypi.dk\/wp-content\/uploads\/2017\/05\/RaspberryPidk_logo-2.png\",\"contentUrl\":\"https:\/\/raspberrypi.dk\/wp-content\/uploads\/2017\/05\/RaspberryPidk_logo-2.png\",\"width\":470,\"height\":110,\"caption\":\"RaspberryPi.dk\"},\"image\":{\"@id\":\"https:\/\/raspberrypi.dk\/no\/#\/schema\/logo\/image\/\"},\"sameAs\":[\"https:\/\/facebook.com\/RaspberryPiDanmark\",\"https:\/\/x.com\/raspberrypidk\",\"https:\/\/instagram.com\/raspberrypi.dk\"]}]}<\/script>\n<!-- \/ Yoast SEO plugin. -->","yoast_head_json":{"title":"Raspberry Pi 3 Model B, 1GB Ram \u2022 RaspberryPi.dk","description":"Kj\u00f8p Raspberry Pi 3 Model B billig p\u00e5 RaspberryPi.dk, den offisielle danske Raspberry Pi-nettbutikken. N\u00e5 med en sterkere prosessor og integrert WiFi og Bluetooth.","robots":{"index":"index","follow":"follow","max-snippet":"max-snippet:-1","max-image-preview":"max-image-preview:large","max-video-preview":"max-video-preview:-1"},"canonical":"https:\/\/raspberrypi.dk\/no\/produkt\/raspberry-pi-3-model-b\/","og_locale":"nb_NO","og_type":"article","og_title":"Raspberry Pi 3 Model B, 1GB Ram \u2022 RaspberryPi.dk","og_description":"Kj\u00f8p Raspberry Pi 3 Model B billig p\u00e5 RaspberryPi.dk, den offisielle danske Raspberry Pi-nettbutikken. N\u00e5 med en sterkere prosessor og integrert WiFi og Bluetooth.","og_url":"https:\/\/raspberrypi.dk\/no\/produkt\/raspberry-pi-3-model-b\/","og_site_name":"RaspberryPi.dk","article_publisher":"https:\/\/facebook.com\/RaspberryPiDanmark","article_modified_time":"2026-04-13T09:12:08+00:00","og_image":[{"width":1024,"height":683,"url":"https:\/\/raspberrypi.dk\/wp-content\/uploads\/2016\/02\/Raspberry-Pi-3.jpg","type":"image\/jpeg"}],"twitter_card":"summary_large_image","twitter_site":"@raspberrypidk","twitter_misc":{"Ansl. lesetid":"1 minutt"},"schema":{"@context":"https:\/\/schema.org","@graph":[{"@type":"WebPage","@id":"https:\/\/raspberrypi.dk\/no\/produkt\/raspberry-pi-3-model-b\/","url":"https:\/\/raspberrypi.dk\/no\/produkt\/raspberry-pi-3-model-b\/","name":"Raspberry Pi 3 Model B, 1GB Ram \u2022 RaspberryPi.dk","isPartOf":{"@id":"https:\/\/raspberrypi.dk\/no\/#website"},"primaryImageOfPage":{"@id":"https:\/\/raspberrypi.dk\/no\/produkt\/raspberry-pi-3-model-b\/#primaryimage"},"image":{"@id":"https:\/\/raspberrypi.dk\/no\/produkt\/raspberry-pi-3-model-b\/#primaryimage"},"thumbnailUrl":"https:\/\/raspberrypi.dk\/wp-content\/uploads\/2016\/02\/Raspberry-Pi-3.jpg","datePublished":"2019-09-10T13:10:49+00:00","dateModified":"2026-04-13T09:12:08+00:00","description":"Kj\u00f8p Raspberry Pi 3 Model B billig p\u00e5 RaspberryPi.dk, den offisielle danske Raspberry Pi-nettbutikken. N\u00e5 med en sterkere prosessor og integrert WiFi og Bluetooth.","breadcrumb":{"@id":"https:\/\/raspberrypi.dk\/no\/produkt\/raspberry-pi-3-model-b\/#breadcrumb"},"inLanguage":"nb-NO","potentialAction":[{"@type":"ReadAction","target":["https:\/\/raspberrypi.dk\/no\/produkt\/raspberry-pi-3-model-b\/"]}]},{"@type":"ImageObject","inLanguage":"nb-NO","@id":"https:\/\/raspberrypi.dk\/no\/produkt\/raspberry-pi-3-model-b\/#primaryimage","url":"https:\/\/raspberrypi.dk\/wp-content\/uploads\/2016\/02\/Raspberry-Pi-3.jpg","contentUrl":"https:\/\/raspberrypi.dk\/wp-content\/uploads\/2016\/02\/Raspberry-Pi-3.jpg","width":1024,"height":683,"caption":"raspberry pi 3 model b"},{"@type":"BreadcrumbList","@id":"https:\/\/raspberrypi.dk\/no\/produkt\/raspberry-pi-3-model-b\/#breadcrumb","itemListElement":[{"@type":"ListItem","position":1,"name":"Hjem","item":"https:\/\/raspberrypi.dk\/no\/raspberry-pi-nettbutikk\/"},{"@type":"ListItem","position":2,"name":"Shop","item":"https:\/\/raspberrypi.dk\/no\/shop-2\/"},{"@type":"ListItem","position":3,"name":"Raspberry Pi 3 Model B"}]},{"@type":"WebSite","@id":"https:\/\/raspberrypi.dk\/no\/#website","url":"https:\/\/raspberrypi.dk\/no\/","name":"RaspberryPi.dk","description":"Danmarks f\u00f8rende Raspberry Pi side!","publisher":{"@id":"https:\/\/raspberrypi.dk\/no\/#organization"},"potentialAction":[{"@type":"SearchAction","target":{"@type":"EntryPoint","urlTemplate":"https:\/\/raspberrypi.dk\/no\/?s={search_term_string}"},"query-input":{"@type":"PropertyValueSpecification","valueRequired":true,"valueName":"search_term_string"}}],"inLanguage":"nb-NO"},{"@type":"Organization","@id":"https:\/\/raspberrypi.dk\/no\/#organization","name":"RaspberryPi.dk","url":"https:\/\/raspberrypi.dk\/no\/","logo":{"@type":"ImageObject","inLanguage":"nb-NO","@id":"https:\/\/raspberrypi.dk\/no\/#\/schema\/logo\/image\/","url":"https:\/\/raspberrypi.dk\/wp-content\/uploads\/2017\/05\/RaspberryPidk_logo-2.png","contentUrl":"https:\/\/raspberrypi.dk\/wp-content\/uploads\/2017\/05\/RaspberryPidk_logo-2.png","width":470,"height":110,"caption":"RaspberryPi.dk"},"image":{"@id":"https:\/\/raspberrypi.dk\/no\/#\/schema\/logo\/image\/"},"sameAs":["https:\/\/facebook.com\/RaspberryPiDanmark","https:\/\/x.com\/raspberrypidk","https:\/\/instagram.com\/raspberrypi.dk"]}]}},"_links":{"self":[{"href":"https:\/\/raspberrypi.dk\/no\/wp-json\/wp\/v2\/product\/218287","targetHints":{"allow":["GET"]}}],"collection":[{"href":"https:\/\/raspberrypi.dk\/no\/wp-json\/wp\/v2\/product"}],"about":[{"href":"https:\/\/raspberrypi.dk\/no\/wp-json\/wp\/v2\/types\/product"}],"replies":[{"embeddable":true,"href":"https:\/\/raspberrypi.dk\/no\/wp-json\/wp\/v2\/comments?post=218287"}],"wp:featuredmedia":[{"embeddable":true,"href":"https:\/\/raspberrypi.dk\/no\/wp-json\/wp\/v2\/media\/218288"}],"wp:attachment":[{"href":"https:\/\/raspberrypi.dk\/no\/wp-json\/wp\/v2\/media?parent=218287"}],"wp:term":[{"taxonomy":"product_brand","embeddable":true,"href":"https:\/\/raspberrypi.dk\/no\/wp-json\/wp\/v2\/product_brand?post=218287"},{"taxonomy":"product_cat","embeddable":true,"href":"https:\/\/raspberrypi.dk\/no\/wp-json\/wp\/v2\/product_cat?post=218287"},{"taxonomy":"product_tag","embeddable":true,"href":"https:\/\/raspberrypi.dk\/no\/wp-json\/wp\/v2\/product_tag?post=218287"}],"curies":[{"name":"wp","href":"https:\/\/api.w.org\/{rel}","templated":true}]}}