{"id":218304,"date":"2019-08-28T09:42:40","date_gmt":"2019-08-28T07:42:40","guid":{"rendered":"https:\/\/raspberrypi.dk\/produkt\/touch-hyperpixel-4-display\/"},"modified":"2026-04-20T14:44:42","modified_gmt":"2026-04-20T12:44:42","slug":"touch-hyperpixel-4-display","status":"publish","type":"product","link":"https:\/\/raspberrypi.dk\/no\/produkt\/touch-hyperpixel-4-display\/","title":{"rendered":"Touch &#8211; HyperPixel 4&#8243; Display"},"content":{"rendered":"<p>Dette er siste versjon av HyperPixel <strong>MED<\/strong> ber\u00f8ring.<\/p>\n<p>Denne nye versjonen av HyperPixel har en vakker IPS-skjerm med brede visningsvinkler, spesiallaget dekkglass (p\u00e5 touch-versjonen), og det alternative I2C-grensesnittet er trukket ut for avanserte brukere.<\/p>\n<p>Den er tilgjengelig i ber\u00f8rings- og ikke-ber\u00f8ringsversjon avhengig av dine preferanser.<\/p>\n<p>V\u00e6r oppmerksom p\u00e5 at bildene av skjermen p\u00e5 denne siden ikke har blitt Photoshopped. Det er Raspbian-skrivebord med HyperPixel-bakgrunn!<\/p>\n<p><strong>Funksjoner<\/strong><\/p>\n<ul>\n<li>H\u00f8yhastighets DPI-grensesnitt<\/li>\n<li>4&#8243; IPS (med vidvinkel, 160\u00b0) skjerm (86,4&#215;51,8mm)<\/li>\n<li>800 x 480 piksler (~235 PPI)<\/li>\n<li>18-biters farge (262 144 farger)<\/li>\n<li>60 FPS bildefrekvens<\/li>\n<li>Kontrastforhold: 500:1<\/li>\n<li>Kapasitiv ber\u00f8ring<\/li>\n<li>40-pins hunnhodet inkludert for \u00e5 \u00f8ke h\u00f8yden for bruk med Pi B+, 2, 3, 3B+<\/li>\n<li>Kompatibel med Raspberry Pi 4, 3B+, 3, 2, B+, A+, Zero og Zero W<\/li>\n<li>En-linje installat\u00f8r<\/li>\n<\/ul>\n<p>HyperPixel 4.0 bruker et h\u00f8yhastighets DPI-grensesnitt slik at det kan bytte 5 ganger mer pikseldata enn det vanlige SPI-grensesnittet som brukes av andre sm\u00e5 Pi-skjermer. Den har 60 FPS bildefrekvens og en oppl\u00f8sning p\u00e5 cirka 235 piksler per tomme (800&#215;480) p\u00e5 4&#8243;-skjermen. Skjermen kan vise 18-bits farger (262.144 farger).<\/p>\n<p>Den har kapasitiv ber\u00f8ringsskjerm som er mer f\u00f8lsom og responsiv for ber\u00f8ring enn en resistiv ber\u00f8ringsskjerm, og den kan <strong>multi-touch!<\/strong><\/p>\n<p>Alt leveres ferdig montert og ingen lodding n\u00f8dvendig! Skjermen sitter trygt p\u00e5 HyperPixel PCB og kobles til via en pen liten innfelt FPC-kabel. Bare sett HyperPixel p\u00e5 Pi og kj\u00f8r installasjonsprogrammet for \u00e5 f\u00e5 alt satt opp!<\/p>\n<p><strong>Merk!<\/strong> N\u00e5r du installerer HyperPixel p\u00e5 Pi, pass p\u00e5 at du ikke ber\u00f8rer overflaten av skjermen! Hold brettet i kantene og vipp det for \u00e5 passe sammen med den utvidede headeren (eller GPIO-headeren).<\/p>\n<p>Den vil fungere med alle 40-pinners versjoner av Pi, inkludert Pi Zero og Pi Zero W. Hvis du bruker den med en st\u00f8rre Pi som B+, 2 eller 3, bruk den ekstra 40-pinners overskriften som f\u00f8lger med for \u00e5 \u00f8ke den opp til \u00f8nsket h\u00f8yde. Hvis du bruker en Zero eller Zero W, bare koble den direkte til GPIO.<\/p>\n<p>Det medf\u00f8lgende standoff-settet lar deg montere HyperPixel 4.0 sikkert p\u00e5 Pi. Bare skru dem inn p\u00e5 undersiden av HyperPixel 4.0 PCB og fest deretter med skruer gjennom monteringshullene p\u00e5 Pi.<\/p>\n<p><strong>Programvare<\/strong><\/p>\n<p>Et installeringsprogram med \u00e9n linje er kompilert for \u00e5 konfigurere Pi for HyperPixel p\u00e5 riktig m\u00e5te og for \u00e5 aktivere ber\u00f8ring. Merk at du trenger en ekstra skjerm, tastatur og mus for \u00e5 installere programvaren, eller du kan gj\u00f8re det via SSH.<\/p>\n<p>\u00c5pne en terminal og skriv: curl https:\/\/github.com\/pimoroni\/hyperpixel4<\/p>\n<p>for \u00e5 kj\u00f8re installasjonsprogrammet og sette opp HyperPixel 4.0.<\/p>\n<p><span title=\"Find the GitHub repository here: https:\/\/github.com\/pimoroni\/hyperpixel \">Find GitHub repository her: <a href=\"https:\/\/github.com\/pimoroni\/hyperpixel4\">https:\/\/github.com\/pimoroni\/hyperpixel4<\/a><\/span><\/p>\n<p><span id=\"result_box\" class=\"\" lang=\"da\"><span title=\"Dimensions: 56.5x86x10mm (WxHxD, depth includes header and display).\"><strong>Dimensjoner:<\/strong>\u00a058.5x97x12mm (BxHxD, dybden indeholder header og display).<\/span><\/span><\/p>\n<p>&nbsp;<\/p>\n","protected":false},"excerpt":{"rendered":"<p>En h\u00f8yoppl\u00f8selig, h\u00f8yhastighets<strong> 4&#8243; TFT-skjerm med touch<\/strong> for din Raspberry Pi.<\/p>\n<p><strong>HyperPixel<\/strong> er den perfekte m\u00e5ten \u00e5 f\u00e5 en liten skjerm for din Pi uten mye kabler. Design ditt eget GUI for \u00e5 administrere prosjektene dine eller vise dataene dine, eller forvandle Pi-en din til et lite mediesenter.<\/p>\n","protected":false},"featured_media":218305,"comment_status":"open","ping_status":"closed","template":"","meta":[],"product_brand":[],"product_cat":[595],"product_tag":[717,703],"class_list":{"0":"post-218304","1":"product","2":"type-product","3":"status-publish","4":"has-post-thumbnail","6":"product_cat-raspberry-pi-displays-no","7":"product_tag-rpi4-no","8":"product_tag-rpi5-no","10":"first","11":"instock","12":"taxable","13":"shipping-taxable","14":"purchasable","15":"product-type-simple"},"composite_virtual":false,"composite_layout":"","composite_add_to_cart_form_location":"","composite_editable_in_cart":false,"composite_sold_individually_context":"","composite_shop_price_calc":"","composite_components":[],"composite_scenarios":[],"bundled_by":[],"bundle_stock_status":"instock","bundle_stock_quantity":4,"bundle_virtual":false,"bundle_layout":"","bundle_add_to_cart_form_location":"","bundle_editable_in_cart":false,"bundle_sold_individually_context":"","bundle_item_grouping":"","bundle_min_size":"","bundle_max_size":"","bundle_price":[],"bundled_items":[],"bundle_sell_ids":[],"yoast_head":"<!-- This site is optimized with the Yoast SEO plugin v27.1.1 - https:\/\/yoast.com\/product\/yoast-seo-wordpress\/ -->\n<title>Touch - HyperPixel 4&quot; Display \u2022 RaspberryPi.dk<\/title>\n<meta name=\"robots\" content=\"index, follow, max-snippet:-1, max-image-preview:large, max-video-preview:-1\" \/>\n<link rel=\"canonical\" href=\"https:\/\/raspberrypi.dk\/no\/produkt\/touch-hyperpixel-4-display\/\" \/>\n<meta property=\"og:locale\" content=\"nb_NO\" \/>\n<meta property=\"og:type\" content=\"article\" \/>\n<meta property=\"og:title\" content=\"Touch - HyperPixel 4&quot; Display \u2022 RaspberryPi.dk\" \/>\n<meta property=\"og:description\" content=\"En h\u00f8yoppl\u00f8selig, h\u00f8yhastighets 4&quot; TFT-skjerm med touch for din Raspberry Pi.  HyperPixel er den perfekte m\u00e5ten \u00e5 f\u00e5 en liten skjerm for din Pi uten mye kabler. Design ditt eget GUI for \u00e5 administrere prosjektene dine eller vise dataene dine, eller forvandle Pi-en din til et lite mediesenter.\" \/>\n<meta property=\"og:url\" content=\"https:\/\/raspberrypi.dk\/no\/produkt\/touch-hyperpixel-4-display\/\" \/>\n<meta property=\"og:site_name\" content=\"RaspberryPi.dk\" \/>\n<meta property=\"article:publisher\" content=\"https:\/\/facebook.com\/RaspberryPiDanmark\" \/>\n<meta property=\"article:modified_time\" content=\"2026-04-20T12:44:42+00:00\" \/>\n<meta property=\"og:image\" content=\"https:\/\/raspberrypi.dk\/wp-content\/uploads\/2017\/09\/hyperpixel-4-touch-1.jpeg\" \/>\n\t<meta property=\"og:image:width\" content=\"1024\" \/>\n\t<meta property=\"og:image:height\" content=\"1024\" \/>\n\t<meta property=\"og:image:type\" content=\"image\/jpeg\" \/>\n<meta name=\"twitter:card\" content=\"summary_large_image\" \/>\n<meta name=\"twitter:site\" content=\"@raspberrypidk\" \/>\n<meta name=\"twitter:label1\" content=\"Ansl. lesetid\" \/>\n\t<meta name=\"twitter:data1\" content=\"3 minutter\" \/>\n<script type=\"application\/ld+json\" class=\"yoast-schema-graph\">{\"@context\":\"https:\/\/schema.org\",\"@graph\":[{\"@type\":\"WebPage\",\"@id\":\"https:\/\/raspberrypi.dk\/no\/produkt\/touch-hyperpixel-4-display\/\",\"url\":\"https:\/\/raspberrypi.dk\/no\/produkt\/touch-hyperpixel-4-display\/\",\"name\":\"Touch - HyperPixel 4\\\" Display \u2022 RaspberryPi.dk\",\"isPartOf\":{\"@id\":\"https:\/\/raspberrypi.dk\/no\/#website\"},\"primaryImageOfPage\":{\"@id\":\"https:\/\/raspberrypi.dk\/no\/produkt\/touch-hyperpixel-4-display\/#primaryimage\"},\"image\":{\"@id\":\"https:\/\/raspberrypi.dk\/no\/produkt\/touch-hyperpixel-4-display\/#primaryimage\"},\"thumbnailUrl\":\"https:\/\/raspberrypi.dk\/wp-content\/uploads\/2017\/09\/hyperpixel-4-touch-1.jpeg\",\"datePublished\":\"2019-08-28T07:42:40+00:00\",\"dateModified\":\"2026-04-20T12:44:42+00:00\",\"breadcrumb\":{\"@id\":\"https:\/\/raspberrypi.dk\/no\/produkt\/touch-hyperpixel-4-display\/#breadcrumb\"},\"inLanguage\":\"nb-NO\",\"potentialAction\":[{\"@type\":\"ReadAction\",\"target\":[\"https:\/\/raspberrypi.dk\/no\/produkt\/touch-hyperpixel-4-display\/\"]}]},{\"@type\":\"ImageObject\",\"inLanguage\":\"nb-NO\",\"@id\":\"https:\/\/raspberrypi.dk\/no\/produkt\/touch-hyperpixel-4-display\/#primaryimage\",\"url\":\"https:\/\/raspberrypi.dk\/wp-content\/uploads\/2017\/09\/hyperpixel-4-touch-1.jpeg\",\"contentUrl\":\"https:\/\/raspberrypi.dk\/wp-content\/uploads\/2017\/09\/hyperpixel-4-touch-1.jpeg\",\"width\":1024,\"height\":1024},{\"@type\":\"BreadcrumbList\",\"@id\":\"https:\/\/raspberrypi.dk\/no\/produkt\/touch-hyperpixel-4-display\/#breadcrumb\",\"itemListElement\":[{\"@type\":\"ListItem\",\"position\":1,\"name\":\"Hjem\",\"item\":\"https:\/\/raspberrypi.dk\/no\/raspberry-pi-nettbutikk\/\"},{\"@type\":\"ListItem\",\"position\":2,\"name\":\"Shop\",\"item\":\"https:\/\/raspberrypi.dk\/no\/shop-2\/\"},{\"@type\":\"ListItem\",\"position\":3,\"name\":\"Touch &#8211; HyperPixel 4&#8243; Display\"}]},{\"@type\":\"WebSite\",\"@id\":\"https:\/\/raspberrypi.dk\/no\/#website\",\"url\":\"https:\/\/raspberrypi.dk\/no\/\",\"name\":\"RaspberryPi.dk\",\"description\":\"Danmarks f\u00f8rende Raspberry Pi side!\",\"publisher\":{\"@id\":\"https:\/\/raspberrypi.dk\/no\/#organization\"},\"potentialAction\":[{\"@type\":\"SearchAction\",\"target\":{\"@type\":\"EntryPoint\",\"urlTemplate\":\"https:\/\/raspberrypi.dk\/no\/?s={search_term_string}\"},\"query-input\":{\"@type\":\"PropertyValueSpecification\",\"valueRequired\":true,\"valueName\":\"search_term_string\"}}],\"inLanguage\":\"nb-NO\"},{\"@type\":\"Organization\",\"@id\":\"https:\/\/raspberrypi.dk\/no\/#organization\",\"name\":\"RaspberryPi.dk\",\"url\":\"https:\/\/raspberrypi.dk\/no\/\",\"logo\":{\"@type\":\"ImageObject\",\"inLanguage\":\"nb-NO\",\"@id\":\"https:\/\/raspberrypi.dk\/no\/#\/schema\/logo\/image\/\",\"url\":\"https:\/\/raspberrypi.dk\/wp-content\/uploads\/2017\/05\/RaspberryPidk_logo-2.png\",\"contentUrl\":\"https:\/\/raspberrypi.dk\/wp-content\/uploads\/2017\/05\/RaspberryPidk_logo-2.png\",\"width\":470,\"height\":110,\"caption\":\"RaspberryPi.dk\"},\"image\":{\"@id\":\"https:\/\/raspberrypi.dk\/no\/#\/schema\/logo\/image\/\"},\"sameAs\":[\"https:\/\/facebook.com\/RaspberryPiDanmark\",\"https:\/\/x.com\/raspberrypidk\",\"https:\/\/instagram.com\/raspberrypi.dk\"]}]}<\/script>\n<!-- \/ Yoast SEO plugin. -->","yoast_head_json":{"title":"Touch - HyperPixel 4\" Display \u2022 RaspberryPi.dk","robots":{"index":"index","follow":"follow","max-snippet":"max-snippet:-1","max-image-preview":"max-image-preview:large","max-video-preview":"max-video-preview:-1"},"canonical":"https:\/\/raspberrypi.dk\/no\/produkt\/touch-hyperpixel-4-display\/","og_locale":"nb_NO","og_type":"article","og_title":"Touch - HyperPixel 4\" Display \u2022 RaspberryPi.dk","og_description":"En h\u00f8yoppl\u00f8selig, h\u00f8yhastighets 4\" TFT-skjerm med touch for din Raspberry Pi.  HyperPixel er den perfekte m\u00e5ten \u00e5 f\u00e5 en liten skjerm for din Pi uten mye kabler. Design ditt eget GUI for \u00e5 administrere prosjektene dine eller vise dataene dine, eller forvandle Pi-en din til et lite mediesenter.","og_url":"https:\/\/raspberrypi.dk\/no\/produkt\/touch-hyperpixel-4-display\/","og_site_name":"RaspberryPi.dk","article_publisher":"https:\/\/facebook.com\/RaspberryPiDanmark","article_modified_time":"2026-04-20T12:44:42+00:00","og_image":[{"width":1024,"height":1024,"url":"https:\/\/raspberrypi.dk\/wp-content\/uploads\/2017\/09\/hyperpixel-4-touch-1.jpeg","type":"image\/jpeg"}],"twitter_card":"summary_large_image","twitter_site":"@raspberrypidk","twitter_misc":{"Ansl. lesetid":"3 minutter"},"schema":{"@context":"https:\/\/schema.org","@graph":[{"@type":"WebPage","@id":"https:\/\/raspberrypi.dk\/no\/produkt\/touch-hyperpixel-4-display\/","url":"https:\/\/raspberrypi.dk\/no\/produkt\/touch-hyperpixel-4-display\/","name":"Touch - HyperPixel 4\" Display \u2022 RaspberryPi.dk","isPartOf":{"@id":"https:\/\/raspberrypi.dk\/no\/#website"},"primaryImageOfPage":{"@id":"https:\/\/raspberrypi.dk\/no\/produkt\/touch-hyperpixel-4-display\/#primaryimage"},"image":{"@id":"https:\/\/raspberrypi.dk\/no\/produkt\/touch-hyperpixel-4-display\/#primaryimage"},"thumbnailUrl":"https:\/\/raspberrypi.dk\/wp-content\/uploads\/2017\/09\/hyperpixel-4-touch-1.jpeg","datePublished":"2019-08-28T07:42:40+00:00","dateModified":"2026-04-20T12:44:42+00:00","breadcrumb":{"@id":"https:\/\/raspberrypi.dk\/no\/produkt\/touch-hyperpixel-4-display\/#breadcrumb"},"inLanguage":"nb-NO","potentialAction":[{"@type":"ReadAction","target":["https:\/\/raspberrypi.dk\/no\/produkt\/touch-hyperpixel-4-display\/"]}]},{"@type":"ImageObject","inLanguage":"nb-NO","@id":"https:\/\/raspberrypi.dk\/no\/produkt\/touch-hyperpixel-4-display\/#primaryimage","url":"https:\/\/raspberrypi.dk\/wp-content\/uploads\/2017\/09\/hyperpixel-4-touch-1.jpeg","contentUrl":"https:\/\/raspberrypi.dk\/wp-content\/uploads\/2017\/09\/hyperpixel-4-touch-1.jpeg","width":1024,"height":1024},{"@type":"BreadcrumbList","@id":"https:\/\/raspberrypi.dk\/no\/produkt\/touch-hyperpixel-4-display\/#breadcrumb","itemListElement":[{"@type":"ListItem","position":1,"name":"Hjem","item":"https:\/\/raspberrypi.dk\/no\/raspberry-pi-nettbutikk\/"},{"@type":"ListItem","position":2,"name":"Shop","item":"https:\/\/raspberrypi.dk\/no\/shop-2\/"},{"@type":"ListItem","position":3,"name":"Touch &#8211; HyperPixel 4&#8243; Display"}]},{"@type":"WebSite","@id":"https:\/\/raspberrypi.dk\/no\/#website","url":"https:\/\/raspberrypi.dk\/no\/","name":"RaspberryPi.dk","description":"Danmarks f\u00f8rende Raspberry Pi side!","publisher":{"@id":"https:\/\/raspberrypi.dk\/no\/#organization"},"potentialAction":[{"@type":"SearchAction","target":{"@type":"EntryPoint","urlTemplate":"https:\/\/raspberrypi.dk\/no\/?s={search_term_string}"},"query-input":{"@type":"PropertyValueSpecification","valueRequired":true,"valueName":"search_term_string"}}],"inLanguage":"nb-NO"},{"@type":"Organization","@id":"https:\/\/raspberrypi.dk\/no\/#organization","name":"RaspberryPi.dk","url":"https:\/\/raspberrypi.dk\/no\/","logo":{"@type":"ImageObject","inLanguage":"nb-NO","@id":"https:\/\/raspberrypi.dk\/no\/#\/schema\/logo\/image\/","url":"https:\/\/raspberrypi.dk\/wp-content\/uploads\/2017\/05\/RaspberryPidk_logo-2.png","contentUrl":"https:\/\/raspberrypi.dk\/wp-content\/uploads\/2017\/05\/RaspberryPidk_logo-2.png","width":470,"height":110,"caption":"RaspberryPi.dk"},"image":{"@id":"https:\/\/raspberrypi.dk\/no\/#\/schema\/logo\/image\/"},"sameAs":["https:\/\/facebook.com\/RaspberryPiDanmark","https:\/\/x.com\/raspberrypidk","https:\/\/instagram.com\/raspberrypi.dk"]}]}},"_links":{"self":[{"href":"https:\/\/raspberrypi.dk\/no\/wp-json\/wp\/v2\/product\/218304","targetHints":{"allow":["GET"]}}],"collection":[{"href":"https:\/\/raspberrypi.dk\/no\/wp-json\/wp\/v2\/product"}],"about":[{"href":"https:\/\/raspberrypi.dk\/no\/wp-json\/wp\/v2\/types\/product"}],"replies":[{"embeddable":true,"href":"https:\/\/raspberrypi.dk\/no\/wp-json\/wp\/v2\/comments?post=218304"}],"wp:featuredmedia":[{"embeddable":true,"href":"https:\/\/raspberrypi.dk\/no\/wp-json\/wp\/v2\/media\/218305"}],"wp:attachment":[{"href":"https:\/\/raspberrypi.dk\/no\/wp-json\/wp\/v2\/media?parent=218304"}],"wp:term":[{"taxonomy":"product_brand","embeddable":true,"href":"https:\/\/raspberrypi.dk\/no\/wp-json\/wp\/v2\/product_brand?post=218304"},{"taxonomy":"product_cat","embeddable":true,"href":"https:\/\/raspberrypi.dk\/no\/wp-json\/wp\/v2\/product_cat?post=218304"},{"taxonomy":"product_tag","embeddable":true,"href":"https:\/\/raspberrypi.dk\/no\/wp-json\/wp\/v2\/product_tag?post=218304"}],"curies":[{"name":"wp","href":"https:\/\/api.w.org\/{rel}","templated":true}]}}