{"id":218311,"date":"2019-08-19T10:39:57","date_gmt":"2019-08-19T08:39:57","guid":{"rendered":"https:\/\/raspberrypi.dk\/produkt\/traadloes-kontroller-gamepad-for-raspberry-pi\/"},"modified":"2025-11-06T07:20:17","modified_gmt":"2025-11-06T06:20:17","slug":"traadloes-kontroller-gamepad-for-raspberry-pi","status":"publish","type":"product","link":"https:\/\/raspberrypi.dk\/no\/produkt\/traadloes-kontroller-gamepad-for-raspberry-pi\/","title":{"rendered":"Tr\u00e5dl\u00f8s kontroller\/gamepad for Raspberry Pi"},"content":{"rendered":"<p>Perfekt kontroller for spilling, kontroll av roboter etc. med din Raspberry Pi. Kontrolleren er <strong>kompatibel med RetroPie,<\/strong> den er testet av! Sett usb-mottakeren i Pi-en din, batterier i kontrolleren og sl\u00e5 p\u00e5 kontrolleren. Da er det bare \u00e5 f\u00f8lge den vanlige oppsettguiden i RetroPie.<\/p>\n<p><strong>MERK F\u00d8LGENDE! G\u00e5r p\u00e5 3 AAA-batterier (ikke inkludert).<\/strong><\/p>\n<p><strong>Pakken inneholder:<\/strong><\/p>\n<ul>\n<li>Tr\u00e5dl\u00f8s kontroller \/ gamepad<\/li>\n<li>2,4 GHz USB-mottaker<\/li>\n<\/ul>\n<p><strong>Egenskaper<\/strong>:<\/p>\n<ul>\n<li>2,4 GHz tr\u00e5dl\u00f8s (Nano USB mottatt inkludert).<\/li>\n<li>Ergonomisk form, behagelig under spill.<\/li>\n<li>360 graders parallelle stenger.<\/li>\n<li>Trykkf\u00f8lsomme line\u00e6re utl\u00f8serknapper med 256 niv\u00e5er.<\/li>\n<li>St\u00f8rrelse: 160mm*110mm*70mm<\/li>\n<li>Drevet av 3*AAA-batterier (ikke inkludert)<\/li>\n<\/ul>\n","protected":false},"excerpt":{"rendered":"<p>Superfin tr\u00e5dl\u00f8s kontroller\/gamepad for Raspberry Pi. Den er designet i samme stil som en Playstation-kontroller, og den er kompatibel med Raspberry Pi med for eksempel operativsystemet<strong> RetroPie<\/strong>!<\/p>\n<p>MERK F\u00d8LGENDE! G\u00e5r p\u00e5 3 AAA-batterier (ikke inkludert).<\/p>\n","protected":false},"featured_media":218312,"comment_status":"open","ping_status":"closed","template":"","meta":[],"product_brand":[],"product_cat":[606],"product_tag":[717,703],"class_list":{"0":"post-218311","1":"product","2":"type-product","3":"status-publish","4":"has-post-thumbnail","6":"product_cat-raspberry-pi-usb-tilbehor-no","7":"product_tag-rpi4-no","8":"product_tag-rpi5-no","10":"first","11":"outofstock","12":"taxable","13":"shipping-taxable","14":"purchasable","15":"product-type-simple"},"composite_virtual":false,"composite_layout":"","composite_add_to_cart_form_location":"","composite_editable_in_cart":false,"composite_sold_individually_context":"","composite_shop_price_calc":"","composite_components":[],"composite_scenarios":[],"bundled_by":[],"bundle_stock_status":"outofstock","bundle_stock_quantity":-2,"bundle_virtual":false,"bundle_layout":"","bundle_add_to_cart_form_location":"","bundle_editable_in_cart":false,"bundle_sold_individually_context":"","bundle_item_grouping":"","bundle_min_size":"","bundle_max_size":"","bundle_price":[],"bundled_items":[],"bundle_sell_ids":[],"yoast_head":"<!-- This site is optimized with the Yoast SEO plugin v27.1.1 - https:\/\/yoast.com\/product\/yoast-seo-wordpress\/ -->\n<title>Tr\u00e5dl\u00f8s kontroller\/gamepad for Raspberry Pi \u2022 RaspberryPi.dk<\/title>\n<meta name=\"robots\" content=\"index, follow, max-snippet:-1, max-image-preview:large, max-video-preview:-1\" \/>\n<link rel=\"canonical\" href=\"https:\/\/raspberrypi.dk\/no\/produkt\/traadloes-kontroller-gamepad-for-raspberry-pi\/\" \/>\n<meta property=\"og:locale\" content=\"nb_NO\" \/>\n<meta property=\"og:type\" content=\"article\" \/>\n<meta property=\"og:title\" content=\"Tr\u00e5dl\u00f8s kontroller\/gamepad for Raspberry Pi \u2022 RaspberryPi.dk\" \/>\n<meta property=\"og:description\" content=\"Superfin tr\u00e5dl\u00f8s kontroller\/gamepad for Raspberry Pi. Den er designet i samme stil som en Playstation-kontroller, og den er kompatibel med Raspberry Pi med for eksempel operativsystemet RetroPie!  MERK F\u00d8LGENDE! G\u00e5r p\u00e5 3 AAA-batterier (ikke inkludert).\" \/>\n<meta property=\"og:url\" content=\"https:\/\/raspberrypi.dk\/no\/produkt\/traadloes-kontroller-gamepad-for-raspberry-pi\/\" \/>\n<meta property=\"og:site_name\" content=\"RaspberryPi.dk\" \/>\n<meta property=\"article:publisher\" content=\"https:\/\/facebook.com\/RaspberryPiDanmark\" \/>\n<meta property=\"article:modified_time\" content=\"2025-11-06T06:20:17+00:00\" \/>\n<meta property=\"og:image\" content=\"https:\/\/raspberrypi.dk\/wp-content\/uploads\/2017\/10\/wireless-controller-raspberry-pi-1.jpg\" \/>\n\t<meta property=\"og:image:width\" content=\"1024\" \/>\n\t<meta property=\"og:image:height\" content=\"1024\" \/>\n\t<meta property=\"og:image:type\" content=\"image\/jpeg\" \/>\n<meta name=\"twitter:card\" content=\"summary_large_image\" \/>\n<meta name=\"twitter:site\" content=\"@raspberrypidk\" \/>\n<meta name=\"twitter:label1\" content=\"Ansl. lesetid\" \/>\n\t<meta name=\"twitter:data1\" content=\"1 minutt\" \/>\n<script type=\"application\/ld+json\" class=\"yoast-schema-graph\">{\"@context\":\"https:\/\/schema.org\",\"@graph\":[{\"@type\":\"WebPage\",\"@id\":\"https:\/\/raspberrypi.dk\/no\/produkt\/traadloes-kontroller-gamepad-for-raspberry-pi\/\",\"url\":\"https:\/\/raspberrypi.dk\/no\/produkt\/traadloes-kontroller-gamepad-for-raspberry-pi\/\",\"name\":\"Tr\u00e5dl\u00f8s kontroller\/gamepad for Raspberry Pi \u2022 RaspberryPi.dk\",\"isPartOf\":{\"@id\":\"https:\/\/raspberrypi.dk\/no\/#website\"},\"primaryImageOfPage\":{\"@id\":\"https:\/\/raspberrypi.dk\/no\/produkt\/traadloes-kontroller-gamepad-for-raspberry-pi\/#primaryimage\"},\"image\":{\"@id\":\"https:\/\/raspberrypi.dk\/no\/produkt\/traadloes-kontroller-gamepad-for-raspberry-pi\/#primaryimage\"},\"thumbnailUrl\":\"https:\/\/raspberrypi.dk\/wp-content\/uploads\/2017\/10\/wireless-controller-raspberry-pi-1.jpg\",\"datePublished\":\"2019-08-19T08:39:57+00:00\",\"dateModified\":\"2025-11-06T06:20:17+00:00\",\"breadcrumb\":{\"@id\":\"https:\/\/raspberrypi.dk\/no\/produkt\/traadloes-kontroller-gamepad-for-raspberry-pi\/#breadcrumb\"},\"inLanguage\":\"nb-NO\",\"potentialAction\":[{\"@type\":\"ReadAction\",\"target\":[\"https:\/\/raspberrypi.dk\/no\/produkt\/traadloes-kontroller-gamepad-for-raspberry-pi\/\"]}]},{\"@type\":\"ImageObject\",\"inLanguage\":\"nb-NO\",\"@id\":\"https:\/\/raspberrypi.dk\/no\/produkt\/traadloes-kontroller-gamepad-for-raspberry-pi\/#primaryimage\",\"url\":\"https:\/\/raspberrypi.dk\/wp-content\/uploads\/2017\/10\/wireless-controller-raspberry-pi-1.jpg\",\"contentUrl\":\"https:\/\/raspberrypi.dk\/wp-content\/uploads\/2017\/10\/wireless-controller-raspberry-pi-1.jpg\",\"width\":1024,\"height\":1024},{\"@type\":\"BreadcrumbList\",\"@id\":\"https:\/\/raspberrypi.dk\/no\/produkt\/traadloes-kontroller-gamepad-for-raspberry-pi\/#breadcrumb\",\"itemListElement\":[{\"@type\":\"ListItem\",\"position\":1,\"name\":\"Hjem\",\"item\":\"https:\/\/raspberrypi.dk\/no\/raspberry-pi-nettbutikk\/\"},{\"@type\":\"ListItem\",\"position\":2,\"name\":\"Shop\",\"item\":\"https:\/\/raspberrypi.dk\/no\/shop-2\/\"},{\"@type\":\"ListItem\",\"position\":3,\"name\":\"Tr\u00e5dl\u00f8s kontroller\/gamepad for Raspberry Pi\"}]},{\"@type\":\"WebSite\",\"@id\":\"https:\/\/raspberrypi.dk\/no\/#website\",\"url\":\"https:\/\/raspberrypi.dk\/no\/\",\"name\":\"RaspberryPi.dk\",\"description\":\"Danmarks f\u00f8rende Raspberry Pi side!\",\"publisher\":{\"@id\":\"https:\/\/raspberrypi.dk\/no\/#organization\"},\"potentialAction\":[{\"@type\":\"SearchAction\",\"target\":{\"@type\":\"EntryPoint\",\"urlTemplate\":\"https:\/\/raspberrypi.dk\/no\/?s={search_term_string}\"},\"query-input\":{\"@type\":\"PropertyValueSpecification\",\"valueRequired\":true,\"valueName\":\"search_term_string\"}}],\"inLanguage\":\"nb-NO\"},{\"@type\":\"Organization\",\"@id\":\"https:\/\/raspberrypi.dk\/no\/#organization\",\"name\":\"RaspberryPi.dk\",\"url\":\"https:\/\/raspberrypi.dk\/no\/\",\"logo\":{\"@type\":\"ImageObject\",\"inLanguage\":\"nb-NO\",\"@id\":\"https:\/\/raspberrypi.dk\/no\/#\/schema\/logo\/image\/\",\"url\":\"https:\/\/raspberrypi.dk\/wp-content\/uploads\/2017\/05\/RaspberryPidk_logo-2.png\",\"contentUrl\":\"https:\/\/raspberrypi.dk\/wp-content\/uploads\/2017\/05\/RaspberryPidk_logo-2.png\",\"width\":470,\"height\":110,\"caption\":\"RaspberryPi.dk\"},\"image\":{\"@id\":\"https:\/\/raspberrypi.dk\/no\/#\/schema\/logo\/image\/\"},\"sameAs\":[\"https:\/\/facebook.com\/RaspberryPiDanmark\",\"https:\/\/x.com\/raspberrypidk\",\"https:\/\/instagram.com\/raspberrypi.dk\"]}]}<\/script>\n<!-- \/ Yoast SEO plugin. -->","yoast_head_json":{"title":"Tr\u00e5dl\u00f8s kontroller\/gamepad for Raspberry Pi \u2022 RaspberryPi.dk","robots":{"index":"index","follow":"follow","max-snippet":"max-snippet:-1","max-image-preview":"max-image-preview:large","max-video-preview":"max-video-preview:-1"},"canonical":"https:\/\/raspberrypi.dk\/no\/produkt\/traadloes-kontroller-gamepad-for-raspberry-pi\/","og_locale":"nb_NO","og_type":"article","og_title":"Tr\u00e5dl\u00f8s kontroller\/gamepad for Raspberry Pi \u2022 RaspberryPi.dk","og_description":"Superfin tr\u00e5dl\u00f8s kontroller\/gamepad for Raspberry Pi. Den er designet i samme stil som en Playstation-kontroller, og den er kompatibel med Raspberry Pi med for eksempel operativsystemet RetroPie!  MERK F\u00d8LGENDE! G\u00e5r p\u00e5 3 AAA-batterier (ikke inkludert).","og_url":"https:\/\/raspberrypi.dk\/no\/produkt\/traadloes-kontroller-gamepad-for-raspberry-pi\/","og_site_name":"RaspberryPi.dk","article_publisher":"https:\/\/facebook.com\/RaspberryPiDanmark","article_modified_time":"2025-11-06T06:20:17+00:00","og_image":[{"width":1024,"height":1024,"url":"https:\/\/raspberrypi.dk\/wp-content\/uploads\/2017\/10\/wireless-controller-raspberry-pi-1.jpg","type":"image\/jpeg"}],"twitter_card":"summary_large_image","twitter_site":"@raspberrypidk","twitter_misc":{"Ansl. lesetid":"1 minutt"},"schema":{"@context":"https:\/\/schema.org","@graph":[{"@type":"WebPage","@id":"https:\/\/raspberrypi.dk\/no\/produkt\/traadloes-kontroller-gamepad-for-raspberry-pi\/","url":"https:\/\/raspberrypi.dk\/no\/produkt\/traadloes-kontroller-gamepad-for-raspberry-pi\/","name":"Tr\u00e5dl\u00f8s kontroller\/gamepad for Raspberry Pi \u2022 RaspberryPi.dk","isPartOf":{"@id":"https:\/\/raspberrypi.dk\/no\/#website"},"primaryImageOfPage":{"@id":"https:\/\/raspberrypi.dk\/no\/produkt\/traadloes-kontroller-gamepad-for-raspberry-pi\/#primaryimage"},"image":{"@id":"https:\/\/raspberrypi.dk\/no\/produkt\/traadloes-kontroller-gamepad-for-raspberry-pi\/#primaryimage"},"thumbnailUrl":"https:\/\/raspberrypi.dk\/wp-content\/uploads\/2017\/10\/wireless-controller-raspberry-pi-1.jpg","datePublished":"2019-08-19T08:39:57+00:00","dateModified":"2025-11-06T06:20:17+00:00","breadcrumb":{"@id":"https:\/\/raspberrypi.dk\/no\/produkt\/traadloes-kontroller-gamepad-for-raspberry-pi\/#breadcrumb"},"inLanguage":"nb-NO","potentialAction":[{"@type":"ReadAction","target":["https:\/\/raspberrypi.dk\/no\/produkt\/traadloes-kontroller-gamepad-for-raspberry-pi\/"]}]},{"@type":"ImageObject","inLanguage":"nb-NO","@id":"https:\/\/raspberrypi.dk\/no\/produkt\/traadloes-kontroller-gamepad-for-raspberry-pi\/#primaryimage","url":"https:\/\/raspberrypi.dk\/wp-content\/uploads\/2017\/10\/wireless-controller-raspberry-pi-1.jpg","contentUrl":"https:\/\/raspberrypi.dk\/wp-content\/uploads\/2017\/10\/wireless-controller-raspberry-pi-1.jpg","width":1024,"height":1024},{"@type":"BreadcrumbList","@id":"https:\/\/raspberrypi.dk\/no\/produkt\/traadloes-kontroller-gamepad-for-raspberry-pi\/#breadcrumb","itemListElement":[{"@type":"ListItem","position":1,"name":"Hjem","item":"https:\/\/raspberrypi.dk\/no\/raspberry-pi-nettbutikk\/"},{"@type":"ListItem","position":2,"name":"Shop","item":"https:\/\/raspberrypi.dk\/no\/shop-2\/"},{"@type":"ListItem","position":3,"name":"Tr\u00e5dl\u00f8s kontroller\/gamepad for Raspberry Pi"}]},{"@type":"WebSite","@id":"https:\/\/raspberrypi.dk\/no\/#website","url":"https:\/\/raspberrypi.dk\/no\/","name":"RaspberryPi.dk","description":"Danmarks f\u00f8rende Raspberry Pi side!","publisher":{"@id":"https:\/\/raspberrypi.dk\/no\/#organization"},"potentialAction":[{"@type":"SearchAction","target":{"@type":"EntryPoint","urlTemplate":"https:\/\/raspberrypi.dk\/no\/?s={search_term_string}"},"query-input":{"@type":"PropertyValueSpecification","valueRequired":true,"valueName":"search_term_string"}}],"inLanguage":"nb-NO"},{"@type":"Organization","@id":"https:\/\/raspberrypi.dk\/no\/#organization","name":"RaspberryPi.dk","url":"https:\/\/raspberrypi.dk\/no\/","logo":{"@type":"ImageObject","inLanguage":"nb-NO","@id":"https:\/\/raspberrypi.dk\/no\/#\/schema\/logo\/image\/","url":"https:\/\/raspberrypi.dk\/wp-content\/uploads\/2017\/05\/RaspberryPidk_logo-2.png","contentUrl":"https:\/\/raspberrypi.dk\/wp-content\/uploads\/2017\/05\/RaspberryPidk_logo-2.png","width":470,"height":110,"caption":"RaspberryPi.dk"},"image":{"@id":"https:\/\/raspberrypi.dk\/no\/#\/schema\/logo\/image\/"},"sameAs":["https:\/\/facebook.com\/RaspberryPiDanmark","https:\/\/x.com\/raspberrypidk","https:\/\/instagram.com\/raspberrypi.dk"]}]}},"_links":{"self":[{"href":"https:\/\/raspberrypi.dk\/no\/wp-json\/wp\/v2\/product\/218311","targetHints":{"allow":["GET"]}}],"collection":[{"href":"https:\/\/raspberrypi.dk\/no\/wp-json\/wp\/v2\/product"}],"about":[{"href":"https:\/\/raspberrypi.dk\/no\/wp-json\/wp\/v2\/types\/product"}],"replies":[{"embeddable":true,"href":"https:\/\/raspberrypi.dk\/no\/wp-json\/wp\/v2\/comments?post=218311"}],"wp:featuredmedia":[{"embeddable":true,"href":"https:\/\/raspberrypi.dk\/no\/wp-json\/wp\/v2\/media\/218312"}],"wp:attachment":[{"href":"https:\/\/raspberrypi.dk\/no\/wp-json\/wp\/v2\/media?parent=218311"}],"wp:term":[{"taxonomy":"product_brand","embeddable":true,"href":"https:\/\/raspberrypi.dk\/no\/wp-json\/wp\/v2\/product_brand?post=218311"},{"taxonomy":"product_cat","embeddable":true,"href":"https:\/\/raspberrypi.dk\/no\/wp-json\/wp\/v2\/product_cat?post=218311"},{"taxonomy":"product_tag","embeddable":true,"href":"https:\/\/raspberrypi.dk\/no\/wp-json\/wp\/v2\/product_tag?post=218311"}],"curies":[{"name":"wp","href":"https:\/\/api.w.org\/{rel}","templated":true}]}}