{"id":218342,"date":"2019-08-08T14:23:55","date_gmt":"2019-08-08T12:23:55","guid":{"rendered":"https:\/\/raspberrypi.dk\/produkt\/pi-zero-usb-stem\/"},"modified":"2025-05-13T18:28:27","modified_gmt":"2025-05-13T16:28:27","slug":"pi-zero-usb-stem","status":"publish","type":"product","link":"https:\/\/raspberrypi.dk\/no\/produkt\/pi-zero-usb-stem\/","title":{"rendered":"Pi Zero USB Stem"},"content":{"rendered":"<p>Bare koble den til en ledig USB-port, s\u00e5 kan du koble til Pi via USB Ethernet og dele datamaskinens internettforbindelse uten ekstra kabler eller str\u00f8mforsyninger.<\/p>\n<p>Zero Stem er loddet til bunnen av din Pi Zero og festet med bolter, noe som gj\u00f8r den praktisk \u00e5 bruke p\u00e5 farten. Bruk den til \u00e5 lage din egen lille plug-and-play virtuelle maskin, VNC-server, proxy-server eller kombinere flere i en klynge.<\/p>\n<p><strong>Settet inneholder:<\/strong><\/p>\n<ul>\n<li>Nullstamme PCB<\/li>\n<li>USB-kontakt<\/li>\n<li>Nylon skruer og muttere<\/li>\n<\/ul>\n<p><strong>Detaljer<\/strong>:<\/p>\n<ul>\n<li>Kompatibel med Pi Zero V1.3 (med kamerakontakt) og Pi Zero W.<\/li>\n<li>Ikke kompatibel med Pi Zero v1.2 (uten kamerakontakt)!<\/li>\n<li>St\u00f8ttes i Raspbian Jessie Pixel og Lite<\/li>\n<li>Oppsett er n\u00f8dvendig (se nedenfor)<\/li>\n<li>Krever lodding!<\/li>\n<\/ul>\n<p><strong>Montering og installasjon:<\/strong><\/p>\n<p>Bes\u00f8k <a href=\"https:\/\/zerostem.io\/installation\/\">https:\/\/zerostem.io\/installation\/<\/a> for fullstendige instruksjoner.<\/p>\n<p><strong>Forbered Raspbian:<\/strong><\/p>\n<p>Takk til Andrew Mulholland for \u00e5 skrive disse instruksjonene, som du kan finne i denne <a href=\"https:\/\/gist.github.com\/gbaman\/975e2db164b3ca2b51ae11e45e8fd40a\">GitHub Gist<\/a>.<\/p>\n<p>Kort sagt:<\/p>\n<ul>\n<li>Flash SD-kortet ditt som vanlig med Etcher eller Win32DiskImager<\/li>\n<li>\u00c5pne &laquo;boot&raquo;-partisjonen og rediger &laquo;config.txt&raquo;, legg til &laquo;dtoverlay=dwc2&raquo; nederst<\/li>\n<li>\u00c5pne &laquo;cmdline.txt&raquo; og legg til &laquo;modules-load = dwc2, g_ether&raquo; etter &laquo;rootwait&raquo;<\/li>\n<li>Opprett en ny fil med navnet &laquo;ssh&raquo; i hjemmekatalogen<\/li>\n<li>Sett det nyopprettede SD-kortet ditt inn i Pi Zero, koble det til en USB-port og du b\u00f8r kunne SSH til &laquo;raspberrypi.local&raquo; (du trenger Bonjour, iTunes eller Quicktime installert i Windows eller Avahi Daemon i Linux f\u00f8r dette virker).<\/li>\n<\/ul>\n","protected":false},"excerpt":{"rendered":"<p>Pi Zero USB Vote-bruker tester punktene under Pi Zero for \u00e5 koble til en USB-kontakt i full st\u00f8rrelse. Konverter Pi Zero eller Pi Zero W til en hendig USB-dongle.<\/p>\n","protected":false},"featured_media":218343,"comment_status":"open","ping_status":"closed","template":"","meta":[],"product_brand":[],"product_cat":[601,597,606],"product_tag":[],"class_list":{"0":"post-218342","1":"product","2":"type-product","3":"status-publish","4":"has-post-thumbnail","6":"product_cat-raspberry-pi-zero-og-tilbehoer-no","7":"product_cat-raspberry-pi-hats-gpio-no","8":"product_cat-raspberry-pi-usb-tilbehor-no","10":"first","11":"outofstock","12":"taxable","13":"shipping-taxable","14":"purchasable","15":"product-type-simple"},"composite_virtual":false,"composite_layout":"","composite_add_to_cart_form_location":"","composite_editable_in_cart":false,"composite_sold_individually_context":"","composite_shop_price_calc":"","composite_components":[],"composite_scenarios":[],"bundled_by":[],"bundle_stock_status":"outofstock","bundle_stock_quantity":0,"bundle_virtual":false,"bundle_layout":"","bundle_add_to_cart_form_location":"","bundle_editable_in_cart":false,"bundle_sold_individually_context":"","bundle_item_grouping":"","bundle_min_size":"","bundle_max_size":"","bundle_price":[],"bundled_items":[],"bundle_sell_ids":[],"yoast_head":"<!-- This site is optimized with the Yoast SEO plugin v27.1.1 - https:\/\/yoast.com\/product\/yoast-seo-wordpress\/ -->\n<title>Pi Zero USB Stem \u2022 RaspberryPi.dk<\/title>\n<meta name=\"robots\" content=\"index, follow, max-snippet:-1, max-image-preview:large, max-video-preview:-1\" \/>\n<link rel=\"canonical\" href=\"https:\/\/raspberrypi.dk\/no\/produkt\/pi-zero-usb-stem\/\" \/>\n<meta property=\"og:locale\" content=\"nb_NO\" \/>\n<meta property=\"og:type\" content=\"article\" \/>\n<meta property=\"og:title\" content=\"Pi Zero USB Stem \u2022 RaspberryPi.dk\" \/>\n<meta property=\"og:description\" content=\"Pi Zero USB Vote-bruker tester punktene under Pi Zero for \u00e5 koble til en USB-kontakt i full st\u00f8rrelse. Konverter Pi Zero eller Pi Zero W til en hendig USB-dongle.\" \/>\n<meta property=\"og:url\" content=\"https:\/\/raspberrypi.dk\/no\/produkt\/pi-zero-usb-stem\/\" \/>\n<meta property=\"og:site_name\" content=\"RaspberryPi.dk\" \/>\n<meta property=\"article:publisher\" content=\"https:\/\/facebook.com\/RaspberryPiDanmark\" \/>\n<meta property=\"article:modified_time\" content=\"2025-05-13T16:28:27+00:00\" \/>\n<meta property=\"og:image\" content=\"https:\/\/raspberrypi.dk\/wp-content\/uploads\/2019\/08\/pi-zero-usb-stem.jpg\" \/>\n\t<meta property=\"og:image:width\" content=\"600\" \/>\n\t<meta property=\"og:image:height\" content=\"600\" \/>\n\t<meta property=\"og:image:type\" content=\"image\/jpeg\" \/>\n<meta name=\"twitter:card\" content=\"summary_large_image\" \/>\n<meta name=\"twitter:site\" content=\"@raspberrypidk\" \/>\n<meta name=\"twitter:label1\" content=\"Ansl. lesetid\" \/>\n\t<meta name=\"twitter:data1\" content=\"2 minutter\" \/>\n<script type=\"application\/ld+json\" class=\"yoast-schema-graph\">{\"@context\":\"https:\/\/schema.org\",\"@graph\":[{\"@type\":\"WebPage\",\"@id\":\"https:\/\/raspberrypi.dk\/no\/produkt\/pi-zero-usb-stem\/\",\"url\":\"https:\/\/raspberrypi.dk\/no\/produkt\/pi-zero-usb-stem\/\",\"name\":\"Pi Zero USB Stem \u2022 RaspberryPi.dk\",\"isPartOf\":{\"@id\":\"https:\/\/raspberrypi.dk\/no\/#website\"},\"primaryImageOfPage\":{\"@id\":\"https:\/\/raspberrypi.dk\/no\/produkt\/pi-zero-usb-stem\/#primaryimage\"},\"image\":{\"@id\":\"https:\/\/raspberrypi.dk\/no\/produkt\/pi-zero-usb-stem\/#primaryimage\"},\"thumbnailUrl\":\"https:\/\/raspberrypi.dk\/wp-content\/uploads\/2019\/08\/pi-zero-usb-stem.jpg\",\"datePublished\":\"2019-08-08T12:23:55+00:00\",\"dateModified\":\"2025-05-13T16:28:27+00:00\",\"breadcrumb\":{\"@id\":\"https:\/\/raspberrypi.dk\/no\/produkt\/pi-zero-usb-stem\/#breadcrumb\"},\"inLanguage\":\"nb-NO\",\"potentialAction\":[{\"@type\":\"ReadAction\",\"target\":[\"https:\/\/raspberrypi.dk\/no\/produkt\/pi-zero-usb-stem\/\"]}]},{\"@type\":\"ImageObject\",\"inLanguage\":\"nb-NO\",\"@id\":\"https:\/\/raspberrypi.dk\/no\/produkt\/pi-zero-usb-stem\/#primaryimage\",\"url\":\"https:\/\/raspberrypi.dk\/wp-content\/uploads\/2019\/08\/pi-zero-usb-stem.jpg\",\"contentUrl\":\"https:\/\/raspberrypi.dk\/wp-content\/uploads\/2019\/08\/pi-zero-usb-stem.jpg\",\"width\":600,\"height\":600},{\"@type\":\"BreadcrumbList\",\"@id\":\"https:\/\/raspberrypi.dk\/no\/produkt\/pi-zero-usb-stem\/#breadcrumb\",\"itemListElement\":[{\"@type\":\"ListItem\",\"position\":1,\"name\":\"Hjem\",\"item\":\"https:\/\/raspberrypi.dk\/no\/raspberry-pi-nettbutikk\/\"},{\"@type\":\"ListItem\",\"position\":2,\"name\":\"Shop\",\"item\":\"https:\/\/raspberrypi.dk\/no\/shop-2\/\"},{\"@type\":\"ListItem\",\"position\":3,\"name\":\"Pi Zero USB Stem\"}]},{\"@type\":\"WebSite\",\"@id\":\"https:\/\/raspberrypi.dk\/no\/#website\",\"url\":\"https:\/\/raspberrypi.dk\/no\/\",\"name\":\"RaspberryPi.dk\",\"description\":\"Danmarks f\u00f8rende Raspberry Pi side!\",\"publisher\":{\"@id\":\"https:\/\/raspberrypi.dk\/no\/#organization\"},\"potentialAction\":[{\"@type\":\"SearchAction\",\"target\":{\"@type\":\"EntryPoint\",\"urlTemplate\":\"https:\/\/raspberrypi.dk\/no\/?s={search_term_string}\"},\"query-input\":{\"@type\":\"PropertyValueSpecification\",\"valueRequired\":true,\"valueName\":\"search_term_string\"}}],\"inLanguage\":\"nb-NO\"},{\"@type\":\"Organization\",\"@id\":\"https:\/\/raspberrypi.dk\/no\/#organization\",\"name\":\"RaspberryPi.dk\",\"url\":\"https:\/\/raspberrypi.dk\/no\/\",\"logo\":{\"@type\":\"ImageObject\",\"inLanguage\":\"nb-NO\",\"@id\":\"https:\/\/raspberrypi.dk\/no\/#\/schema\/logo\/image\/\",\"url\":\"https:\/\/raspberrypi.dk\/wp-content\/uploads\/2017\/05\/RaspberryPidk_logo-2.png\",\"contentUrl\":\"https:\/\/raspberrypi.dk\/wp-content\/uploads\/2017\/05\/RaspberryPidk_logo-2.png\",\"width\":470,\"height\":110,\"caption\":\"RaspberryPi.dk\"},\"image\":{\"@id\":\"https:\/\/raspberrypi.dk\/no\/#\/schema\/logo\/image\/\"},\"sameAs\":[\"https:\/\/facebook.com\/RaspberryPiDanmark\",\"https:\/\/x.com\/raspberrypidk\",\"https:\/\/instagram.com\/raspberrypi.dk\"]}]}<\/script>\n<!-- \/ Yoast SEO plugin. -->","yoast_head_json":{"title":"Pi Zero USB Stem \u2022 RaspberryPi.dk","robots":{"index":"index","follow":"follow","max-snippet":"max-snippet:-1","max-image-preview":"max-image-preview:large","max-video-preview":"max-video-preview:-1"},"canonical":"https:\/\/raspberrypi.dk\/no\/produkt\/pi-zero-usb-stem\/","og_locale":"nb_NO","og_type":"article","og_title":"Pi Zero USB Stem \u2022 RaspberryPi.dk","og_description":"Pi Zero USB Vote-bruker tester punktene under Pi Zero for \u00e5 koble til en USB-kontakt i full st\u00f8rrelse. Konverter Pi Zero eller Pi Zero W til en hendig USB-dongle.","og_url":"https:\/\/raspberrypi.dk\/no\/produkt\/pi-zero-usb-stem\/","og_site_name":"RaspberryPi.dk","article_publisher":"https:\/\/facebook.com\/RaspberryPiDanmark","article_modified_time":"2025-05-13T16:28:27+00:00","og_image":[{"width":600,"height":600,"url":"https:\/\/raspberrypi.dk\/wp-content\/uploads\/2019\/08\/pi-zero-usb-stem.jpg","type":"image\/jpeg"}],"twitter_card":"summary_large_image","twitter_site":"@raspberrypidk","twitter_misc":{"Ansl. lesetid":"2 minutter"},"schema":{"@context":"https:\/\/schema.org","@graph":[{"@type":"WebPage","@id":"https:\/\/raspberrypi.dk\/no\/produkt\/pi-zero-usb-stem\/","url":"https:\/\/raspberrypi.dk\/no\/produkt\/pi-zero-usb-stem\/","name":"Pi Zero USB Stem \u2022 RaspberryPi.dk","isPartOf":{"@id":"https:\/\/raspberrypi.dk\/no\/#website"},"primaryImageOfPage":{"@id":"https:\/\/raspberrypi.dk\/no\/produkt\/pi-zero-usb-stem\/#primaryimage"},"image":{"@id":"https:\/\/raspberrypi.dk\/no\/produkt\/pi-zero-usb-stem\/#primaryimage"},"thumbnailUrl":"https:\/\/raspberrypi.dk\/wp-content\/uploads\/2019\/08\/pi-zero-usb-stem.jpg","datePublished":"2019-08-08T12:23:55+00:00","dateModified":"2025-05-13T16:28:27+00:00","breadcrumb":{"@id":"https:\/\/raspberrypi.dk\/no\/produkt\/pi-zero-usb-stem\/#breadcrumb"},"inLanguage":"nb-NO","potentialAction":[{"@type":"ReadAction","target":["https:\/\/raspberrypi.dk\/no\/produkt\/pi-zero-usb-stem\/"]}]},{"@type":"ImageObject","inLanguage":"nb-NO","@id":"https:\/\/raspberrypi.dk\/no\/produkt\/pi-zero-usb-stem\/#primaryimage","url":"https:\/\/raspberrypi.dk\/wp-content\/uploads\/2019\/08\/pi-zero-usb-stem.jpg","contentUrl":"https:\/\/raspberrypi.dk\/wp-content\/uploads\/2019\/08\/pi-zero-usb-stem.jpg","width":600,"height":600},{"@type":"BreadcrumbList","@id":"https:\/\/raspberrypi.dk\/no\/produkt\/pi-zero-usb-stem\/#breadcrumb","itemListElement":[{"@type":"ListItem","position":1,"name":"Hjem","item":"https:\/\/raspberrypi.dk\/no\/raspberry-pi-nettbutikk\/"},{"@type":"ListItem","position":2,"name":"Shop","item":"https:\/\/raspberrypi.dk\/no\/shop-2\/"},{"@type":"ListItem","position":3,"name":"Pi Zero USB Stem"}]},{"@type":"WebSite","@id":"https:\/\/raspberrypi.dk\/no\/#website","url":"https:\/\/raspberrypi.dk\/no\/","name":"RaspberryPi.dk","description":"Danmarks f\u00f8rende Raspberry Pi side!","publisher":{"@id":"https:\/\/raspberrypi.dk\/no\/#organization"},"potentialAction":[{"@type":"SearchAction","target":{"@type":"EntryPoint","urlTemplate":"https:\/\/raspberrypi.dk\/no\/?s={search_term_string}"},"query-input":{"@type":"PropertyValueSpecification","valueRequired":true,"valueName":"search_term_string"}}],"inLanguage":"nb-NO"},{"@type":"Organization","@id":"https:\/\/raspberrypi.dk\/no\/#organization","name":"RaspberryPi.dk","url":"https:\/\/raspberrypi.dk\/no\/","logo":{"@type":"ImageObject","inLanguage":"nb-NO","@id":"https:\/\/raspberrypi.dk\/no\/#\/schema\/logo\/image\/","url":"https:\/\/raspberrypi.dk\/wp-content\/uploads\/2017\/05\/RaspberryPidk_logo-2.png","contentUrl":"https:\/\/raspberrypi.dk\/wp-content\/uploads\/2017\/05\/RaspberryPidk_logo-2.png","width":470,"height":110,"caption":"RaspberryPi.dk"},"image":{"@id":"https:\/\/raspberrypi.dk\/no\/#\/schema\/logo\/image\/"},"sameAs":["https:\/\/facebook.com\/RaspberryPiDanmark","https:\/\/x.com\/raspberrypidk","https:\/\/instagram.com\/raspberrypi.dk"]}]}},"_links":{"self":[{"href":"https:\/\/raspberrypi.dk\/no\/wp-json\/wp\/v2\/product\/218342","targetHints":{"allow":["GET"]}}],"collection":[{"href":"https:\/\/raspberrypi.dk\/no\/wp-json\/wp\/v2\/product"}],"about":[{"href":"https:\/\/raspberrypi.dk\/no\/wp-json\/wp\/v2\/types\/product"}],"replies":[{"embeddable":true,"href":"https:\/\/raspberrypi.dk\/no\/wp-json\/wp\/v2\/comments?post=218342"}],"wp:featuredmedia":[{"embeddable":true,"href":"https:\/\/raspberrypi.dk\/no\/wp-json\/wp\/v2\/media\/218343"}],"wp:attachment":[{"href":"https:\/\/raspberrypi.dk\/no\/wp-json\/wp\/v2\/media?parent=218342"}],"wp:term":[{"taxonomy":"product_brand","embeddable":true,"href":"https:\/\/raspberrypi.dk\/no\/wp-json\/wp\/v2\/product_brand?post=218342"},{"taxonomy":"product_cat","embeddable":true,"href":"https:\/\/raspberrypi.dk\/no\/wp-json\/wp\/v2\/product_cat?post=218342"},{"taxonomy":"product_tag","embeddable":true,"href":"https:\/\/raspberrypi.dk\/no\/wp-json\/wp\/v2\/product_tag?post=218342"}],"curies":[{"name":"wp","href":"https:\/\/api.w.org\/{rel}","templated":true}]}}