{"id":218348,"date":"2019-08-07T18:47:44","date_gmt":"2019-08-07T16:47:44","guid":{"rendered":"https:\/\/raspberrypi.dk\/produkt\/otrum-digital-signage-afspiller-kit\/"},"modified":"2025-01-20T09:20:47","modified_gmt":"2025-01-20T08:20:47","slug":"otrum-digital-signage-afspiller-kit","status":"publish","type":"product","link":"https:\/\/raspberrypi.dk\/no\/produkt\/otrum-digital-signage-afspiller-kit\/","title":{"rendered":"Otrum Digital Signage Afspiller Kit"},"content":{"rendered":"<p>Med dette settet er du klar til \u00e5 bruke Otrums Digital Signage-l\u00f8sning. V\u00e5r Otrum Digital Signage Player best\u00e5r av et lekkert aluminiumsdeksel fra Flirc, som ogs\u00e5 har passiv kj\u00f8ling for Raspberry Pi. I tillegg flashes SD-kortet med Otrums programvare, s\u00e5 alt som kreves er en lisens og du er i gang. SD-kort er montert i Raspberry Pi og Pi er montert i Flirc-deksel.<\/p>\n<p><strong>V\u00e5r Otrum Digital Signage Player inkluderer:<\/strong><\/p>\n<ul>\n<li>Raspberry Pi 4 Model B &#8211; 4 GB<\/li>\n<li>Flirc Raspberry Pi 4 kj\u00f8leveske<\/li>\n<li>Forh\u00e5ndsinstallert 16 GB Class 10 Micro SD-kort &#8211; Otrums<\/li>\n<li>Digital Signage-programvare<\/li>\n<li>Offisiell Raspberry Pi USB-C str\u00f8mforsyning &#8211; EU &#8211; 5V 3A &#8211; Svart<\/li>\n<li>1m Micro HDMI til HDMI-kabel &#8211; Sort<\/li>\n<\/ul>\n<p><strong>Otrum Digital Signage<\/strong><\/p>\n<p>Otrums Raspberry Pi-drevne digitale skiltingl\u00f8sninger gir deg et kraftig kommunikasjonsverkt\u00f8y! N\u00e5 installert p\u00e5 over 600 steder i Europa, Midt\u00f8sten, Afrika og Asia. Digital skilting gjort enkelt med Otrum Digital Signage Player! Programvare fra \u20ac25 pr spiller pr m\u00e5ned.<\/p>\n<p>Hver Otrum Digital Signage Player leveres forh\u00e5ndslastet med Otrums Digital Signage-programvare!<\/p>\n<p>For \u00e5 koble Raspberry Pis til Otrum Cloud, bare kontakt Otrum via <a href=\"mailto:signage@otrum.com\">signage@otrum.com<\/a> eller for<a href=\"https:\/\/otrumsignage.com\"> fullstendige oppsettinstruksjoner bes\u00f8k Otrum her!<\/a><\/p>\n<p><strong>Vennligst merk: Hver Otrum Digital Signage Player krever et abonnement p\u00e5 Otrums programvare, fra 25 EUR\/m\u00e5ned.<\/strong><\/p>\n<p><strong>Tilby en overlegen veifinningstjeneste til konferansedeltakere med m\u00f8teoversiktsskjermer og digitale d\u00f8rskilt. Hold markedsf\u00f8ringsbudskapene dine oppdatert med kampanjer og produktkampanjer, og administrer alle skjermer og innhold gjennom en enkel nettleser.<\/strong><\/p>\n<ul>\n<li>Del rett budskap til rett tid.<\/li>\n<li>Bruk din egen merkevarebygging.<\/li>\n<li>Alternativer for flyankomster\/avganger, v\u00e6r og Outlook-integrasjon.<\/li>\n<li>Generer inntekter gjennom reklamekampanjer.<\/li>\n<li>ROI fra eliminering av utskriftskostnader.<\/li>\n<li>Milj\u00f8vennlig, reduser papirforbruket.<\/li>\n<\/ul>\n<p><strong>Otrum Digital Signage Player har f\u00f8lgende funksjoner:<\/strong><\/p>\n<ul>\n<li><strong>Tilgang til CMS, 24\/7\/365<\/strong>\n<ul>\n<li>Last opp, administrer og planlegg bildene, teksten og videoene dine p\u00e5 nettet, uansett hvor du er.<\/li>\n<\/ul>\n<\/li>\n<li><strong>Ubegrenset p\u00e5logging<\/strong>\n<ul>\n<li>Inviter kolleger, leverand\u00f8rer eller eksterne partnere til \u00e5 publisere innholdet deres p\u00e5 skjermene dine.<\/li>\n<\/ul>\n<\/li>\n<li><strong>Ubegrenset lagringsplass<\/strong>\n<ul>\n<li>Med en skybasert lagringsl\u00f8sning har du ubegrenset lagringsplass for videoer og bilder.<\/li>\n<li><strong>Sikker tilkobling og hosting<\/strong>\n<ul>\n<li>Veldig sikker og stabil service.<\/li>\n<\/ul>\n<\/li>\n<\/ul>\n<\/li>\n<li><strong>Utdanning<\/strong><\/li>\n<li>Minimum oppl\u00e6ring kreves. Installasjonsveiledning, brukerh\u00e5ndbok og online veiledninger er gitt.<\/li>\n<li><strong>Brukerst\u00f8tte<\/strong>\n<ul>\n<li>Profesjonell nettst\u00f8tte inkludert i hele Europa, Midt\u00f8sten, Afrika og Asia.<\/li>\n<\/ul>\n<\/li>\n<li><strong>Server vedlikehold<\/strong>\n<ul>\n<li>Backend-servere, service, redundans og regelmessige sikkerhetskopier administreres.<\/li>\n<\/ul>\n<\/li>\n<li><strong>Alle fremtidige programvareoppdateringer<\/strong>\n<ul>\n<li>Du vil motta alle fremtidige programvareoppdateringer installert automatisk.<\/li>\n<\/ul>\n<\/li>\n<\/ul>\n","protected":false},"excerpt":{"rendered":"<p>Pakken inneholder produktene nedenfor. Montert og klar til bruk Otrums Digital Signage-system.<\/p>\n<p><strong>SD-kortet kan flashes med annen programvare uten problemer.<\/strong><\/p>\n","protected":false},"featured_media":197780,"comment_status":"open","ping_status":"closed","template":"","meta":[],"product_brand":[],"product_cat":[603],"product_tag":[],"class_list":{"0":"post-218348","1":"product","2":"type-product","3":"status-publish","4":"has-post-thumbnail","6":"product_cat-raspberry-pi-startpakker-og-kits-no","8":"first","9":"instock","10":"sale","11":"taxable","12":"shipping-taxable","13":"purchasable","14":"product-type-bundle"},"composite_virtual":false,"composite_layout":"","composite_add_to_cart_form_location":"","composite_editable_in_cart":false,"composite_sold_individually_context":"","composite_shop_price_calc":"","composite_components":[],"composite_scenarios":[],"bundled_by":[],"bundle_stock_status":"insufficientstock","bundle_stock_quantity":0,"bundle_virtual":false,"bundle_layout":"default","bundle_add_to_cart_form_location":"default","bundle_editable_in_cart":false,"bundle_sold_individually_context":"product","bundle_item_grouping":"parent","bundle_min_size":"","bundle_max_size":"","bundle_price":{"price":{"min":{"incl_tax":"1179","excl_tax":"943.2"},"max":{"incl_tax":"1179","excl_tax":"943.2"}},"regular_price":{"min":{"incl_tax":"1229","excl_tax":"983.2"},"max":{"incl_tax":"1229","excl_tax":"983.2"}}},"bundled_items":[{"bundled_item_id":1109,"product_id":217616,"menu_order":0,"quantity_min":1,"quantity_max":1,"quantity_default":1,"priced_individually":false,"shipped_individually":false,"override_title":false,"title":"Otrum Player &#8211; 4 GB","override_description":false,"description":"Otrum Player &#8211; 4 GB","optional":false,"hide_thumbnail":false,"discount":"","override_variations":false,"allowed_variations":[""],"override_default_variation_attributes":false,"default_variation_attributes":[],"single_product_visibility":"visible","cart_visibility":"visible","order_visibility":"visible","single_product_price_visibility":"visible","cart_price_visibility":"visible","order_price_visibility":"visible","stock_status":"out_of_stock"},{"bundled_item_id":1110,"product_id":217882,"menu_order":1,"quantity_min":1,"quantity_max":1,"quantity_default":1,"priced_individually":false,"shipped_individually":false,"override_title":false,"title":"Offisiell Raspberry Pi Micro HDMI-kabel &#8211; 1m &#8211; Svart","override_description":false,"description":"Offisiell Raspberry Pi Micro HDMI-kabel &#8211; 1m &#8211; Svart","optional":false,"hide_thumbnail":false,"discount":"","override_variations":false,"allowed_variations":[""],"override_default_variation_attributes":false,"default_variation_attributes":[],"single_product_visibility":"visible","cart_visibility":"visible","order_visibility":"visible","single_product_price_visibility":"visible","cart_price_visibility":"visible","order_price_visibility":"visible","stock_status":"in_stock"},{"bundled_item_id":1190,"product_id":218535,"menu_order":1,"quantity_min":1,"quantity_max":1,"quantity_default":1,"priced_individually":false,"shipped_individually":false,"override_title":false,"title":"Offisiell Raspberry Pi 15W USB-C str\u00f8mforsyning &#8211; EU &#8211; 5V 3A &#8211; Hvit","override_description":false,"description":"Offisiell Raspberry Pi 15W USB-C str\u00f8mforsyning &#8211; EU &#8211; 5V 3A &#8211; Hvit","optional":false,"hide_thumbnail":false,"discount":"","override_variations":false,"allowed_variations":[""],"override_default_variation_attributes":false,"default_variation_attributes":[],"single_product_visibility":"visible","cart_visibility":"visible","order_visibility":"visible","single_product_price_visibility":"visible","cart_price_visibility":"visible","order_price_visibility":"visible","stock_status":"in_stock"}],"bundle_sell_ids":[],"yoast_head":"<!-- This site is optimized with the Yoast SEO plugin v27.1.1 - https:\/\/yoast.com\/product\/yoast-seo-wordpress\/ -->\n<title>Otrum Digital Signage Afspiller Kit \u2022 RaspberryPi.dk<\/title>\n<meta name=\"robots\" content=\"index, follow, max-snippet:-1, max-image-preview:large, max-video-preview:-1\" \/>\n<link rel=\"canonical\" href=\"https:\/\/raspberrypi.dk\/no\/produkt\/otrum-digital-signage-afspiller-kit\/\" \/>\n<meta property=\"og:locale\" content=\"nb_NO\" \/>\n<meta property=\"og:type\" content=\"article\" \/>\n<meta property=\"og:title\" content=\"Otrum Digital Signage Afspiller Kit \u2022 RaspberryPi.dk\" \/>\n<meta property=\"og:description\" content=\"Pakken inneholder produktene nedenfor. Montert og klar til bruk Otrums Digital Signage-system.  SD-kortet kan flashes med annen programvare uten problemer.\" \/>\n<meta property=\"og:url\" content=\"https:\/\/raspberrypi.dk\/no\/produkt\/otrum-digital-signage-afspiller-kit\/\" \/>\n<meta property=\"og:site_name\" content=\"RaspberryPi.dk\" \/>\n<meta property=\"article:publisher\" content=\"https:\/\/facebook.com\/RaspberryPiDanmark\" \/>\n<meta property=\"article:modified_time\" content=\"2025-01-20T08:20:47+00:00\" \/>\n<meta property=\"og:image\" content=\"https:\/\/raspberrypi.dk\/wp-content\/uploads\/2019\/08\/otrum-digital-signage-afspiller.jpg\" \/>\n\t<meta property=\"og:image:width\" content=\"1024\" \/>\n\t<meta property=\"og:image:height\" content=\"772\" \/>\n\t<meta property=\"og:image:type\" content=\"image\/jpeg\" \/>\n<meta name=\"twitter:card\" content=\"summary_large_image\" \/>\n<meta name=\"twitter:site\" content=\"@raspberrypidk\" \/>\n<meta name=\"twitter:label1\" content=\"Ansl. lesetid\" \/>\n\t<meta name=\"twitter:data1\" content=\"3 minutter\" \/>\n<script type=\"application\/ld+json\" class=\"yoast-schema-graph\">{\"@context\":\"https:\/\/schema.org\",\"@graph\":[{\"@type\":\"WebPage\",\"@id\":\"https:\/\/raspberrypi.dk\/no\/produkt\/otrum-digital-signage-afspiller-kit\/\",\"url\":\"https:\/\/raspberrypi.dk\/no\/produkt\/otrum-digital-signage-afspiller-kit\/\",\"name\":\"Otrum Digital Signage Afspiller Kit \u2022 RaspberryPi.dk\",\"isPartOf\":{\"@id\":\"https:\/\/raspberrypi.dk\/no\/#website\"},\"primaryImageOfPage\":{\"@id\":\"https:\/\/raspberrypi.dk\/no\/produkt\/otrum-digital-signage-afspiller-kit\/#primaryimage\"},\"image\":{\"@id\":\"https:\/\/raspberrypi.dk\/no\/produkt\/otrum-digital-signage-afspiller-kit\/#primaryimage\"},\"thumbnailUrl\":\"https:\/\/raspberrypi.dk\/wp-content\/uploads\/2019\/08\/otrum-digital-signage-afspiller.jpg\",\"datePublished\":\"2019-08-07T16:47:44+00:00\",\"dateModified\":\"2025-01-20T08:20:47+00:00\",\"breadcrumb\":{\"@id\":\"https:\/\/raspberrypi.dk\/no\/produkt\/otrum-digital-signage-afspiller-kit\/#breadcrumb\"},\"inLanguage\":\"nb-NO\",\"potentialAction\":[{\"@type\":\"ReadAction\",\"target\":[\"https:\/\/raspberrypi.dk\/no\/produkt\/otrum-digital-signage-afspiller-kit\/\"]}]},{\"@type\":\"ImageObject\",\"inLanguage\":\"nb-NO\",\"@id\":\"https:\/\/raspberrypi.dk\/no\/produkt\/otrum-digital-signage-afspiller-kit\/#primaryimage\",\"url\":\"https:\/\/raspberrypi.dk\/wp-content\/uploads\/2019\/08\/otrum-digital-signage-afspiller.jpg\",\"contentUrl\":\"https:\/\/raspberrypi.dk\/wp-content\/uploads\/2019\/08\/otrum-digital-signage-afspiller.jpg\",\"width\":1024,\"height\":772},{\"@type\":\"BreadcrumbList\",\"@id\":\"https:\/\/raspberrypi.dk\/no\/produkt\/otrum-digital-signage-afspiller-kit\/#breadcrumb\",\"itemListElement\":[{\"@type\":\"ListItem\",\"position\":1,\"name\":\"Hjem\",\"item\":\"https:\/\/raspberrypi.dk\/no\/raspberry-pi-nettbutikk\/\"},{\"@type\":\"ListItem\",\"position\":2,\"name\":\"Shop\",\"item\":\"https:\/\/raspberrypi.dk\/no\/shop-2\/\"},{\"@type\":\"ListItem\",\"position\":3,\"name\":\"Otrum Digital Signage Afspiller Kit\"}]},{\"@type\":\"WebSite\",\"@id\":\"https:\/\/raspberrypi.dk\/no\/#website\",\"url\":\"https:\/\/raspberrypi.dk\/no\/\",\"name\":\"RaspberryPi.dk\",\"description\":\"Danmarks f\u00f8rende Raspberry Pi side!\",\"publisher\":{\"@id\":\"https:\/\/raspberrypi.dk\/no\/#organization\"},\"potentialAction\":[{\"@type\":\"SearchAction\",\"target\":{\"@type\":\"EntryPoint\",\"urlTemplate\":\"https:\/\/raspberrypi.dk\/no\/?s={search_term_string}\"},\"query-input\":{\"@type\":\"PropertyValueSpecification\",\"valueRequired\":true,\"valueName\":\"search_term_string\"}}],\"inLanguage\":\"nb-NO\"},{\"@type\":\"Organization\",\"@id\":\"https:\/\/raspberrypi.dk\/no\/#organization\",\"name\":\"RaspberryPi.dk\",\"url\":\"https:\/\/raspberrypi.dk\/no\/\",\"logo\":{\"@type\":\"ImageObject\",\"inLanguage\":\"nb-NO\",\"@id\":\"https:\/\/raspberrypi.dk\/no\/#\/schema\/logo\/image\/\",\"url\":\"https:\/\/raspberrypi.dk\/wp-content\/uploads\/2017\/05\/RaspberryPidk_logo-2.png\",\"contentUrl\":\"https:\/\/raspberrypi.dk\/wp-content\/uploads\/2017\/05\/RaspberryPidk_logo-2.png\",\"width\":470,\"height\":110,\"caption\":\"RaspberryPi.dk\"},\"image\":{\"@id\":\"https:\/\/raspberrypi.dk\/no\/#\/schema\/logo\/image\/\"},\"sameAs\":[\"https:\/\/facebook.com\/RaspberryPiDanmark\",\"https:\/\/x.com\/raspberrypidk\",\"https:\/\/instagram.com\/raspberrypi.dk\"]}]}<\/script>\n<!-- \/ Yoast SEO plugin. -->","yoast_head_json":{"title":"Otrum Digital Signage Afspiller Kit \u2022 RaspberryPi.dk","robots":{"index":"index","follow":"follow","max-snippet":"max-snippet:-1","max-image-preview":"max-image-preview:large","max-video-preview":"max-video-preview:-1"},"canonical":"https:\/\/raspberrypi.dk\/no\/produkt\/otrum-digital-signage-afspiller-kit\/","og_locale":"nb_NO","og_type":"article","og_title":"Otrum Digital Signage Afspiller Kit \u2022 RaspberryPi.dk","og_description":"Pakken inneholder produktene nedenfor. Montert og klar til bruk Otrums Digital Signage-system.  SD-kortet kan flashes med annen programvare uten problemer.","og_url":"https:\/\/raspberrypi.dk\/no\/produkt\/otrum-digital-signage-afspiller-kit\/","og_site_name":"RaspberryPi.dk","article_publisher":"https:\/\/facebook.com\/RaspberryPiDanmark","article_modified_time":"2025-01-20T08:20:47+00:00","og_image":[{"width":1024,"height":772,"url":"https:\/\/raspberrypi.dk\/wp-content\/uploads\/2019\/08\/otrum-digital-signage-afspiller.jpg","type":"image\/jpeg"}],"twitter_card":"summary_large_image","twitter_site":"@raspberrypidk","twitter_misc":{"Ansl. lesetid":"3 minutter"},"schema":{"@context":"https:\/\/schema.org","@graph":[{"@type":"WebPage","@id":"https:\/\/raspberrypi.dk\/no\/produkt\/otrum-digital-signage-afspiller-kit\/","url":"https:\/\/raspberrypi.dk\/no\/produkt\/otrum-digital-signage-afspiller-kit\/","name":"Otrum Digital Signage Afspiller Kit \u2022 RaspberryPi.dk","isPartOf":{"@id":"https:\/\/raspberrypi.dk\/no\/#website"},"primaryImageOfPage":{"@id":"https:\/\/raspberrypi.dk\/no\/produkt\/otrum-digital-signage-afspiller-kit\/#primaryimage"},"image":{"@id":"https:\/\/raspberrypi.dk\/no\/produkt\/otrum-digital-signage-afspiller-kit\/#primaryimage"},"thumbnailUrl":"https:\/\/raspberrypi.dk\/wp-content\/uploads\/2019\/08\/otrum-digital-signage-afspiller.jpg","datePublished":"2019-08-07T16:47:44+00:00","dateModified":"2025-01-20T08:20:47+00:00","breadcrumb":{"@id":"https:\/\/raspberrypi.dk\/no\/produkt\/otrum-digital-signage-afspiller-kit\/#breadcrumb"},"inLanguage":"nb-NO","potentialAction":[{"@type":"ReadAction","target":["https:\/\/raspberrypi.dk\/no\/produkt\/otrum-digital-signage-afspiller-kit\/"]}]},{"@type":"ImageObject","inLanguage":"nb-NO","@id":"https:\/\/raspberrypi.dk\/no\/produkt\/otrum-digital-signage-afspiller-kit\/#primaryimage","url":"https:\/\/raspberrypi.dk\/wp-content\/uploads\/2019\/08\/otrum-digital-signage-afspiller.jpg","contentUrl":"https:\/\/raspberrypi.dk\/wp-content\/uploads\/2019\/08\/otrum-digital-signage-afspiller.jpg","width":1024,"height":772},{"@type":"BreadcrumbList","@id":"https:\/\/raspberrypi.dk\/no\/produkt\/otrum-digital-signage-afspiller-kit\/#breadcrumb","itemListElement":[{"@type":"ListItem","position":1,"name":"Hjem","item":"https:\/\/raspberrypi.dk\/no\/raspberry-pi-nettbutikk\/"},{"@type":"ListItem","position":2,"name":"Shop","item":"https:\/\/raspberrypi.dk\/no\/shop-2\/"},{"@type":"ListItem","position":3,"name":"Otrum Digital Signage Afspiller Kit"}]},{"@type":"WebSite","@id":"https:\/\/raspberrypi.dk\/no\/#website","url":"https:\/\/raspberrypi.dk\/no\/","name":"RaspberryPi.dk","description":"Danmarks f\u00f8rende Raspberry Pi side!","publisher":{"@id":"https:\/\/raspberrypi.dk\/no\/#organization"},"potentialAction":[{"@type":"SearchAction","target":{"@type":"EntryPoint","urlTemplate":"https:\/\/raspberrypi.dk\/no\/?s={search_term_string}"},"query-input":{"@type":"PropertyValueSpecification","valueRequired":true,"valueName":"search_term_string"}}],"inLanguage":"nb-NO"},{"@type":"Organization","@id":"https:\/\/raspberrypi.dk\/no\/#organization","name":"RaspberryPi.dk","url":"https:\/\/raspberrypi.dk\/no\/","logo":{"@type":"ImageObject","inLanguage":"nb-NO","@id":"https:\/\/raspberrypi.dk\/no\/#\/schema\/logo\/image\/","url":"https:\/\/raspberrypi.dk\/wp-content\/uploads\/2017\/05\/RaspberryPidk_logo-2.png","contentUrl":"https:\/\/raspberrypi.dk\/wp-content\/uploads\/2017\/05\/RaspberryPidk_logo-2.png","width":470,"height":110,"caption":"RaspberryPi.dk"},"image":{"@id":"https:\/\/raspberrypi.dk\/no\/#\/schema\/logo\/image\/"},"sameAs":["https:\/\/facebook.com\/RaspberryPiDanmark","https:\/\/x.com\/raspberrypidk","https:\/\/instagram.com\/raspberrypi.dk"]}]}},"_links":{"self":[{"href":"https:\/\/raspberrypi.dk\/no\/wp-json\/wp\/v2\/product\/218348","targetHints":{"allow":["GET"]}}],"collection":[{"href":"https:\/\/raspberrypi.dk\/no\/wp-json\/wp\/v2\/product"}],"about":[{"href":"https:\/\/raspberrypi.dk\/no\/wp-json\/wp\/v2\/types\/product"}],"replies":[{"embeddable":true,"href":"https:\/\/raspberrypi.dk\/no\/wp-json\/wp\/v2\/comments?post=218348"}],"wp:featuredmedia":[{"embeddable":true,"href":"https:\/\/raspberrypi.dk\/no\/wp-json\/wp\/v2\/media\/197780"}],"wp:attachment":[{"href":"https:\/\/raspberrypi.dk\/no\/wp-json\/wp\/v2\/media?parent=218348"}],"wp:term":[{"taxonomy":"product_brand","embeddable":true,"href":"https:\/\/raspberrypi.dk\/no\/wp-json\/wp\/v2\/product_brand?post=218348"},{"taxonomy":"product_cat","embeddable":true,"href":"https:\/\/raspberrypi.dk\/no\/wp-json\/wp\/v2\/product_cat?post=218348"},{"taxonomy":"product_tag","embeddable":true,"href":"https:\/\/raspberrypi.dk\/no\/wp-json\/wp\/v2\/product_tag?post=218348"}],"curies":[{"name":"wp","href":"https:\/\/api.w.org\/{rel}","templated":true}]}}