{"id":218378,"date":"2019-08-01T15:39:20","date_gmt":"2019-08-01T13:39:20","guid":{"rendered":"https:\/\/raspberrypi.dk\/produkt\/argon-one-v2-case-til-pi-4-aluminium-med-kjoeling\/"},"modified":"2026-04-02T21:38:19","modified_gmt":"2026-04-02T19:38:19","slug":"argon-one-v2-case-til-pi-4-aluminium-med-kjoeling","status":"publish","type":"product","link":"https:\/\/raspberrypi.dk\/no\/produkt\/argon-one-v2-case-til-pi-4-aluminium-med-kjoeling\/","title":{"rendered":"Argon ONE v2 Case til Pi 4 &#8211; Aluminium med Kj\u00f8ling"},"content":{"rendered":"<p><a href=\"https:\/\/argon40.com\/blogs\/argon-resources\">MANUAL<\/a><\/p>\n<p><strong>ALUMINIUMSKAP<\/strong><\/p>\n<p>Laget med aluminiumslegering og polert med en moderne Space Grey finish for flott estetikk og funksjonalitet.<\/p>\n<p><strong>PASSIV OG AKTIV KJ\u00d8LING<\/strong><\/p>\n<p>Hele kabinettet p\u00e5 toppen fungerer som passiv kj\u00f8ling for Raspberry Pi. Og en programvarestyrt vifte er lagt til kabinettet for bedre temperaturkontroll.<\/p>\n<p><strong>ENKEL MONTERING OG RYDIG KABELSTYRING<\/strong><\/p>\n<p>\u00c5 montere dekselet med Raspberry Pi er enkelt. Installasjon av Argon ONE Script som frigj\u00f8r den fulle funksjonaliteten til Argon ONE med en kommando i terminalen. Alle kontakter er tilgjengelige fra baksiden, noe som gj\u00f8r mini-datamaskinen h\u00e5ndterbar med minimal kabling og enkel rengj\u00f8ring.<\/p>\n<p><strong>P\u00c5\/AV-KNAPP<\/strong><\/p>\n<p>En str\u00f8mknapp er installert p\u00e5 dekselet for \u00e5 forhindre filskade. Det er innebygd sikker avstengning og tvungen avstenging.<\/p>\n<p><strong>MAGNETISK AVTAGbar TOPP OG TILGANG TIL GPIO<\/strong><\/p>\n<p>PCB innebygd i kabinettet gir separate str\u00f8mkilder for viften og bryterne. Det er ogs\u00e5 tilgang til to GPIO-pinner, slik at du kan bruke denne saken i flere prosjekter.<\/p>\n","protected":false},"excerpt":{"rendered":"<p>Superfin Raspberry Pi 4 B veske i aluminium med b\u00e5de passiv og aktiv kj\u00f8ling, alle kontakter p\u00e5 baksiden, av\/p\u00e5-knapp og tilgang til GPIO under magnetdeksel.<\/p>\n<p><strong>v2-versjon med fulle HDMI-porter og innebygd IR-mottaker.<\/strong><\/p>\n","protected":false},"featured_media":218390,"comment_status":"open","ping_status":"closed","template":"","meta":[],"product_brand":[],"product_cat":[594],"product_tag":[717],"class_list":{"0":"post-218378","1":"product","2":"type-product","3":"status-publish","4":"has-post-thumbnail","6":"product_cat-raspberry-pi-cases-no","7":"product_tag-rpi4-no","9":"first","10":"instock","11":"taxable","12":"shipping-taxable","13":"purchasable","14":"product-type-simple"},"composite_virtual":false,"composite_layout":"","composite_add_to_cart_form_location":"","composite_editable_in_cart":false,"composite_sold_individually_context":"","composite_shop_price_calc":"","composite_components":[],"composite_scenarios":[],"bundled_by":[],"bundle_stock_status":"instock","bundle_stock_quantity":12,"bundle_virtual":false,"bundle_layout":"","bundle_add_to_cart_form_location":"","bundle_editable_in_cart":false,"bundle_sold_individually_context":"","bundle_item_grouping":"","bundle_min_size":"","bundle_max_size":"","bundle_price":[],"bundled_items":[],"bundle_sell_ids":[127772],"yoast_head":"<!-- This site is optimized with the Yoast SEO plugin v27.1.1 - https:\/\/yoast.com\/product\/yoast-seo-wordpress\/ -->\n<title>Argon ONE v2 Case til Pi 4 - Aluminium med Kj\u00f8ling \u2022 RaspberryPi.dk<\/title>\n<meta name=\"robots\" content=\"index, follow, max-snippet:-1, max-image-preview:large, max-video-preview:-1\" \/>\n<link rel=\"canonical\" href=\"https:\/\/raspberrypi.dk\/no\/produkt\/argon-one-v2-case-til-pi-4-aluminium-med-kjoeling\/\" \/>\n<meta property=\"og:locale\" content=\"nb_NO\" \/>\n<meta property=\"og:type\" content=\"article\" \/>\n<meta property=\"og:title\" content=\"Argon ONE v2 Case til Pi 4 - Aluminium med Kj\u00f8ling \u2022 RaspberryPi.dk\" \/>\n<meta property=\"og:description\" content=\"Superfin Raspberry Pi 4 B veske i aluminium med b\u00e5de passiv og aktiv kj\u00f8ling, alle kontakter p\u00e5 baksiden, av\/p\u00e5-knapp og tilgang til GPIO under magnetdeksel.  v2-versjon med fulle HDMI-porter og innebygd IR-mottaker.\" \/>\n<meta property=\"og:url\" content=\"https:\/\/raspberrypi.dk\/no\/produkt\/argon-one-v2-case-til-pi-4-aluminium-med-kjoeling\/\" \/>\n<meta property=\"og:site_name\" content=\"RaspberryPi.dk\" \/>\n<meta property=\"article:publisher\" content=\"https:\/\/facebook.com\/RaspberryPiDanmark\" \/>\n<meta property=\"article:modified_time\" content=\"2026-04-02T19:38:19+00:00\" \/>\n<meta property=\"og:image\" content=\"https:\/\/raspberrypi.dk\/wp-content\/uploads\/2019\/08\/Argon-ONE-V2-for-Raspberry-Pi-4-5_500x.jpg\" \/>\n\t<meta property=\"og:image:width\" content=\"500\" \/>\n\t<meta property=\"og:image:height\" content=\"500\" \/>\n\t<meta property=\"og:image:type\" content=\"image\/jpeg\" \/>\n<meta name=\"twitter:card\" content=\"summary_large_image\" \/>\n<meta name=\"twitter:site\" content=\"@raspberrypidk\" \/>\n<meta name=\"twitter:label1\" content=\"Ansl. lesetid\" \/>\n\t<meta name=\"twitter:data1\" content=\"1 minutt\" \/>\n<script type=\"application\/ld+json\" class=\"yoast-schema-graph\">{\"@context\":\"https:\/\/schema.org\",\"@graph\":[{\"@type\":\"WebPage\",\"@id\":\"https:\/\/raspberrypi.dk\/no\/produkt\/argon-one-v2-case-til-pi-4-aluminium-med-kjoeling\/\",\"url\":\"https:\/\/raspberrypi.dk\/no\/produkt\/argon-one-v2-case-til-pi-4-aluminium-med-kjoeling\/\",\"name\":\"Argon ONE v2 Case til Pi 4 - Aluminium med Kj\u00f8ling \u2022 RaspberryPi.dk\",\"isPartOf\":{\"@id\":\"https:\/\/raspberrypi.dk\/no\/#website\"},\"primaryImageOfPage\":{\"@id\":\"https:\/\/raspberrypi.dk\/no\/produkt\/argon-one-v2-case-til-pi-4-aluminium-med-kjoeling\/#primaryimage\"},\"image\":{\"@id\":\"https:\/\/raspberrypi.dk\/no\/produkt\/argon-one-v2-case-til-pi-4-aluminium-med-kjoeling\/#primaryimage\"},\"thumbnailUrl\":\"https:\/\/raspberrypi.dk\/wp-content\/uploads\/2019\/08\/Argon-ONE-V2-for-Raspberry-Pi-4-5_500x.jpg\",\"datePublished\":\"2019-08-01T13:39:20+00:00\",\"dateModified\":\"2026-04-02T19:38:19+00:00\",\"breadcrumb\":{\"@id\":\"https:\/\/raspberrypi.dk\/no\/produkt\/argon-one-v2-case-til-pi-4-aluminium-med-kjoeling\/#breadcrumb\"},\"inLanguage\":\"nb-NO\",\"potentialAction\":[{\"@type\":\"ReadAction\",\"target\":[\"https:\/\/raspberrypi.dk\/no\/produkt\/argon-one-v2-case-til-pi-4-aluminium-med-kjoeling\/\"]}]},{\"@type\":\"ImageObject\",\"inLanguage\":\"nb-NO\",\"@id\":\"https:\/\/raspberrypi.dk\/no\/produkt\/argon-one-v2-case-til-pi-4-aluminium-med-kjoeling\/#primaryimage\",\"url\":\"https:\/\/raspberrypi.dk\/wp-content\/uploads\/2019\/08\/Argon-ONE-V2-for-Raspberry-Pi-4-5_500x.jpg\",\"contentUrl\":\"https:\/\/raspberrypi.dk\/wp-content\/uploads\/2019\/08\/Argon-ONE-V2-for-Raspberry-Pi-4-5_500x.jpg\",\"width\":500,\"height\":500},{\"@type\":\"BreadcrumbList\",\"@id\":\"https:\/\/raspberrypi.dk\/no\/produkt\/argon-one-v2-case-til-pi-4-aluminium-med-kjoeling\/#breadcrumb\",\"itemListElement\":[{\"@type\":\"ListItem\",\"position\":1,\"name\":\"Hjem\",\"item\":\"https:\/\/raspberrypi.dk\/no\/raspberry-pi-nettbutikk\/\"},{\"@type\":\"ListItem\",\"position\":2,\"name\":\"Shop\",\"item\":\"https:\/\/raspberrypi.dk\/no\/shop-2\/\"},{\"@type\":\"ListItem\",\"position\":3,\"name\":\"Argon ONE v2 Case til Pi 4 &#8211; Aluminium med Kj\u00f8ling\"}]},{\"@type\":\"WebSite\",\"@id\":\"https:\/\/raspberrypi.dk\/no\/#website\",\"url\":\"https:\/\/raspberrypi.dk\/no\/\",\"name\":\"RaspberryPi.dk\",\"description\":\"Danmarks f\u00f8rende Raspberry Pi side!\",\"publisher\":{\"@id\":\"https:\/\/raspberrypi.dk\/no\/#organization\"},\"potentialAction\":[{\"@type\":\"SearchAction\",\"target\":{\"@type\":\"EntryPoint\",\"urlTemplate\":\"https:\/\/raspberrypi.dk\/no\/?s={search_term_string}\"},\"query-input\":{\"@type\":\"PropertyValueSpecification\",\"valueRequired\":true,\"valueName\":\"search_term_string\"}}],\"inLanguage\":\"nb-NO\"},{\"@type\":\"Organization\",\"@id\":\"https:\/\/raspberrypi.dk\/no\/#organization\",\"name\":\"RaspberryPi.dk\",\"url\":\"https:\/\/raspberrypi.dk\/no\/\",\"logo\":{\"@type\":\"ImageObject\",\"inLanguage\":\"nb-NO\",\"@id\":\"https:\/\/raspberrypi.dk\/no\/#\/schema\/logo\/image\/\",\"url\":\"https:\/\/raspberrypi.dk\/wp-content\/uploads\/2017\/05\/RaspberryPidk_logo-2.png\",\"contentUrl\":\"https:\/\/raspberrypi.dk\/wp-content\/uploads\/2017\/05\/RaspberryPidk_logo-2.png\",\"width\":470,\"height\":110,\"caption\":\"RaspberryPi.dk\"},\"image\":{\"@id\":\"https:\/\/raspberrypi.dk\/no\/#\/schema\/logo\/image\/\"},\"sameAs\":[\"https:\/\/facebook.com\/RaspberryPiDanmark\",\"https:\/\/x.com\/raspberrypidk\",\"https:\/\/instagram.com\/raspberrypi.dk\"]}]}<\/script>\n<!-- \/ Yoast SEO plugin. -->","yoast_head_json":{"title":"Argon ONE v2 Case til Pi 4 - Aluminium med Kj\u00f8ling \u2022 RaspberryPi.dk","robots":{"index":"index","follow":"follow","max-snippet":"max-snippet:-1","max-image-preview":"max-image-preview:large","max-video-preview":"max-video-preview:-1"},"canonical":"https:\/\/raspberrypi.dk\/no\/produkt\/argon-one-v2-case-til-pi-4-aluminium-med-kjoeling\/","og_locale":"nb_NO","og_type":"article","og_title":"Argon ONE v2 Case til Pi 4 - Aluminium med Kj\u00f8ling \u2022 RaspberryPi.dk","og_description":"Superfin Raspberry Pi 4 B veske i aluminium med b\u00e5de passiv og aktiv kj\u00f8ling, alle kontakter p\u00e5 baksiden, av\/p\u00e5-knapp og tilgang til GPIO under magnetdeksel.  v2-versjon med fulle HDMI-porter og innebygd IR-mottaker.","og_url":"https:\/\/raspberrypi.dk\/no\/produkt\/argon-one-v2-case-til-pi-4-aluminium-med-kjoeling\/","og_site_name":"RaspberryPi.dk","article_publisher":"https:\/\/facebook.com\/RaspberryPiDanmark","article_modified_time":"2026-04-02T19:38:19+00:00","og_image":[{"width":500,"height":500,"url":"https:\/\/raspberrypi.dk\/wp-content\/uploads\/2019\/08\/Argon-ONE-V2-for-Raspberry-Pi-4-5_500x.jpg","type":"image\/jpeg"}],"twitter_card":"summary_large_image","twitter_site":"@raspberrypidk","twitter_misc":{"Ansl. lesetid":"1 minutt"},"schema":{"@context":"https:\/\/schema.org","@graph":[{"@type":"WebPage","@id":"https:\/\/raspberrypi.dk\/no\/produkt\/argon-one-v2-case-til-pi-4-aluminium-med-kjoeling\/","url":"https:\/\/raspberrypi.dk\/no\/produkt\/argon-one-v2-case-til-pi-4-aluminium-med-kjoeling\/","name":"Argon ONE v2 Case til Pi 4 - Aluminium med Kj\u00f8ling \u2022 RaspberryPi.dk","isPartOf":{"@id":"https:\/\/raspberrypi.dk\/no\/#website"},"primaryImageOfPage":{"@id":"https:\/\/raspberrypi.dk\/no\/produkt\/argon-one-v2-case-til-pi-4-aluminium-med-kjoeling\/#primaryimage"},"image":{"@id":"https:\/\/raspberrypi.dk\/no\/produkt\/argon-one-v2-case-til-pi-4-aluminium-med-kjoeling\/#primaryimage"},"thumbnailUrl":"https:\/\/raspberrypi.dk\/wp-content\/uploads\/2019\/08\/Argon-ONE-V2-for-Raspberry-Pi-4-5_500x.jpg","datePublished":"2019-08-01T13:39:20+00:00","dateModified":"2026-04-02T19:38:19+00:00","breadcrumb":{"@id":"https:\/\/raspberrypi.dk\/no\/produkt\/argon-one-v2-case-til-pi-4-aluminium-med-kjoeling\/#breadcrumb"},"inLanguage":"nb-NO","potentialAction":[{"@type":"ReadAction","target":["https:\/\/raspberrypi.dk\/no\/produkt\/argon-one-v2-case-til-pi-4-aluminium-med-kjoeling\/"]}]},{"@type":"ImageObject","inLanguage":"nb-NO","@id":"https:\/\/raspberrypi.dk\/no\/produkt\/argon-one-v2-case-til-pi-4-aluminium-med-kjoeling\/#primaryimage","url":"https:\/\/raspberrypi.dk\/wp-content\/uploads\/2019\/08\/Argon-ONE-V2-for-Raspberry-Pi-4-5_500x.jpg","contentUrl":"https:\/\/raspberrypi.dk\/wp-content\/uploads\/2019\/08\/Argon-ONE-V2-for-Raspberry-Pi-4-5_500x.jpg","width":500,"height":500},{"@type":"BreadcrumbList","@id":"https:\/\/raspberrypi.dk\/no\/produkt\/argon-one-v2-case-til-pi-4-aluminium-med-kjoeling\/#breadcrumb","itemListElement":[{"@type":"ListItem","position":1,"name":"Hjem","item":"https:\/\/raspberrypi.dk\/no\/raspberry-pi-nettbutikk\/"},{"@type":"ListItem","position":2,"name":"Shop","item":"https:\/\/raspberrypi.dk\/no\/shop-2\/"},{"@type":"ListItem","position":3,"name":"Argon ONE v2 Case til Pi 4 &#8211; Aluminium med Kj\u00f8ling"}]},{"@type":"WebSite","@id":"https:\/\/raspberrypi.dk\/no\/#website","url":"https:\/\/raspberrypi.dk\/no\/","name":"RaspberryPi.dk","description":"Danmarks f\u00f8rende Raspberry Pi side!","publisher":{"@id":"https:\/\/raspberrypi.dk\/no\/#organization"},"potentialAction":[{"@type":"SearchAction","target":{"@type":"EntryPoint","urlTemplate":"https:\/\/raspberrypi.dk\/no\/?s={search_term_string}"},"query-input":{"@type":"PropertyValueSpecification","valueRequired":true,"valueName":"search_term_string"}}],"inLanguage":"nb-NO"},{"@type":"Organization","@id":"https:\/\/raspberrypi.dk\/no\/#organization","name":"RaspberryPi.dk","url":"https:\/\/raspberrypi.dk\/no\/","logo":{"@type":"ImageObject","inLanguage":"nb-NO","@id":"https:\/\/raspberrypi.dk\/no\/#\/schema\/logo\/image\/","url":"https:\/\/raspberrypi.dk\/wp-content\/uploads\/2017\/05\/RaspberryPidk_logo-2.png","contentUrl":"https:\/\/raspberrypi.dk\/wp-content\/uploads\/2017\/05\/RaspberryPidk_logo-2.png","width":470,"height":110,"caption":"RaspberryPi.dk"},"image":{"@id":"https:\/\/raspberrypi.dk\/no\/#\/schema\/logo\/image\/"},"sameAs":["https:\/\/facebook.com\/RaspberryPiDanmark","https:\/\/x.com\/raspberrypidk","https:\/\/instagram.com\/raspberrypi.dk"]}]}},"_links":{"self":[{"href":"https:\/\/raspberrypi.dk\/no\/wp-json\/wp\/v2\/product\/218378","targetHints":{"allow":["GET"]}}],"collection":[{"href":"https:\/\/raspberrypi.dk\/no\/wp-json\/wp\/v2\/product"}],"about":[{"href":"https:\/\/raspberrypi.dk\/no\/wp-json\/wp\/v2\/types\/product"}],"replies":[{"embeddable":true,"href":"https:\/\/raspberrypi.dk\/no\/wp-json\/wp\/v2\/comments?post=218378"}],"wp:featuredmedia":[{"embeddable":true,"href":"https:\/\/raspberrypi.dk\/no\/wp-json\/wp\/v2\/media\/218390"}],"wp:attachment":[{"href":"https:\/\/raspberrypi.dk\/no\/wp-json\/wp\/v2\/media?parent=218378"}],"wp:term":[{"taxonomy":"product_brand","embeddable":true,"href":"https:\/\/raspberrypi.dk\/no\/wp-json\/wp\/v2\/product_brand?post=218378"},{"taxonomy":"product_cat","embeddable":true,"href":"https:\/\/raspberrypi.dk\/no\/wp-json\/wp\/v2\/product_cat?post=218378"},{"taxonomy":"product_tag","embeddable":true,"href":"https:\/\/raspberrypi.dk\/no\/wp-json\/wp\/v2\/product_tag?post=218378"}],"curies":[{"name":"wp","href":"https:\/\/api.w.org\/{rel}","templated":true}]}}