{"id":218428,"date":"2019-07-15T13:25:50","date_gmt":"2019-07-15T11:25:50","guid":{"rendered":"https:\/\/raspberrypi.dk\/produkt\/flirc-kodi-edition-raspberry-pi-4-heatsink-case\/"},"modified":"2025-06-03T06:07:05","modified_gmt":"2025-06-03T04:07:05","slug":"flirc-kodi-edition-raspberry-pi-4-heatsink-case","status":"publish","type":"product","link":"https:\/\/raspberrypi.dk\/no\/produkt\/flirc-kodi-edition-raspberry-pi-4-heatsink-case\/","title":{"rendered":"Flirc Kodi Edition Raspberry Pi 4 Heatsink Case"},"content":{"rendered":"<p>Det perfekte hjemmet for din nye Raspberry Pi 4. Dette dekselet er justert for \u00e5 passe til de nyeste Raspberry Pi-spesifikasjonene. Flirc-dekselet er laget av en vakker aluminiumskjerne som er klemt mellom to svarte myke skall som f\u00f8les godt i hendene. Men n\u00e5r den f\u00f8rst er ute av hendene dine, passer den inn i underholdningssystemet ditt.<\/p>\n<p>Dette er det f\u00f8rste rimelige Raspberry Pi kj\u00f8leribbedekselet i aluminium. Det er sikret at form ikke ofres fremfor funksjon, s\u00e5 kassen er laget med en innebygget kj\u00f8leribbe. En termisk pute for kj\u00f8leribben og 4 skruer for den enkleste Raspberry Pi-dekselmonteringen p\u00e5 markedet er inkludert. Det tar bare sekunder \u00e5 ha din Raspberry Pi montert i den fantastiske nye kj\u00f8levesken.<\/p>\n<p>Gummi f\u00f8tter er inkludert for \u00e5 heve kabinettet slik at det bare flyter under TV-en. I tillegg til den innebygde kj\u00f8leribben, hjelper sm\u00e5 ventilasjons\u00e5pninger i bunnen til \u00e5 holde Raspberry Pi kj\u00f8lig. GPIO-pinner er tilgjengelige via sporet nederst p\u00e5 dekselet, og SD-kortet er tilgjengelig uten \u00e5 demontere dekselet. Du vil elske de deilige detaljene som finnes p\u00e5 denne saken.<\/p>\n<p><strong>Egenskaper:<\/strong><\/p>\n<ul>\n<li>St\u00f8tter Raspberry Pi 4 B<\/li>\n<li>Innebygd kj\u00f8leribbe \u2013 hele aluminiumshuset fungerer som en kj\u00f8leribbe<\/li>\n<li>Raspberry Pi 4 LED-hull<\/li>\n<li>Enkel montering: Plasser termisk pute p\u00e5 Pi-en din, sett Pi-en inn i etuiet og skru p\u00e5 bunnen av etuiet!<\/li>\n<li>SD-kort tilgjengelig<\/li>\n<li>Inkluderer termisk pute og gummif\u00f8tter<\/li>\n<\/ul>\n","protected":false},"excerpt":{"rendered":"<p><strong>Flirc Kodi Edition Raspberry Pi 4 etui<\/strong> har ikke bare innebygd passiv kj\u00f8ling for din Pi i form av en kj\u00f8leribbe, men den er ogs\u00e5 veldig fin! Den er laget av vakkert aluminium mellom to svarte, myke skall som f\u00f8les godt i hendene.<\/p>\n<p>En sak som er for vakker til \u00e5 gjemmes bort.<\/p>\n","protected":false},"featured_media":218429,"comment_status":"open","ping_status":"closed","template":"","meta":[],"product_brand":[],"product_cat":[594],"product_tag":[717],"class_list":{"0":"post-218428","1":"product","2":"type-product","3":"status-publish","4":"has-post-thumbnail","6":"product_cat-raspberry-pi-cases-no","7":"product_tag-rpi4-no","9":"first","10":"outofstock","11":"taxable","12":"shipping-taxable","13":"purchasable","14":"product-type-simple"},"composite_virtual":false,"composite_layout":"","composite_add_to_cart_form_location":"","composite_editable_in_cart":false,"composite_sold_individually_context":"","composite_shop_price_calc":"","composite_components":[],"composite_scenarios":[],"bundled_by":[],"bundle_stock_status":"outofstock","bundle_stock_quantity":0,"bundle_virtual":false,"bundle_layout":"","bundle_add_to_cart_form_location":"","bundle_editable_in_cart":false,"bundle_sold_individually_context":"","bundle_item_grouping":"","bundle_min_size":"","bundle_max_size":"","bundle_price":[],"bundled_items":[],"bundle_sell_ids":[],"yoast_head":"<!-- This site is optimized with the Yoast SEO plugin v27.1.1 - https:\/\/yoast.com\/product\/yoast-seo-wordpress\/ -->\n<title>Flirc Kodi Edition Raspberry Pi 4 Heatsink Case \u2022 RaspberryPi.dk<\/title>\n<meta name=\"robots\" content=\"index, follow, max-snippet:-1, max-image-preview:large, max-video-preview:-1\" \/>\n<link rel=\"canonical\" href=\"https:\/\/raspberrypi.dk\/no\/produkt\/flirc-kodi-edition-raspberry-pi-4-heatsink-case\/\" \/>\n<meta property=\"og:locale\" content=\"nb_NO\" \/>\n<meta property=\"og:type\" content=\"article\" \/>\n<meta property=\"og:title\" content=\"Flirc Kodi Edition Raspberry Pi 4 Heatsink Case \u2022 RaspberryPi.dk\" \/>\n<meta property=\"og:description\" content=\"Flirc Kodi Edition Raspberry Pi 4 etui har ikke bare innebygd passiv kj\u00f8ling for din Pi i form av en kj\u00f8leribbe, men den er ogs\u00e5 veldig fin! Den er laget av vakkert aluminium mellom to svarte, myke skall som f\u00f8les godt i hendene.  En sak som er for vakker til \u00e5 gjemmes bort.\" \/>\n<meta property=\"og:url\" content=\"https:\/\/raspberrypi.dk\/no\/produkt\/flirc-kodi-edition-raspberry-pi-4-heatsink-case\/\" \/>\n<meta property=\"og:site_name\" content=\"RaspberryPi.dk\" \/>\n<meta property=\"article:publisher\" content=\"https:\/\/facebook.com\/RaspberryPiDanmark\" \/>\n<meta property=\"article:modified_time\" content=\"2025-06-03T04:07:05+00:00\" \/>\n<meta property=\"og:image\" content=\"https:\/\/raspberrypi.dk\/wp-content\/uploads\/2019\/07\/flirc-kodi-edition-raspberry-pi-4-case.png\" \/>\n\t<meta property=\"og:image:width\" content=\"800\" \/>\n\t<meta property=\"og:image:height\" content=\"400\" \/>\n\t<meta property=\"og:image:type\" content=\"image\/png\" \/>\n<meta name=\"twitter:card\" content=\"summary_large_image\" \/>\n<meta name=\"twitter:site\" content=\"@raspberrypidk\" \/>\n<meta name=\"twitter:label1\" content=\"Ansl. lesetid\" \/>\n\t<meta name=\"twitter:data1\" content=\"2 minutter\" \/>\n<script type=\"application\/ld+json\" class=\"yoast-schema-graph\">{\"@context\":\"https:\/\/schema.org\",\"@graph\":[{\"@type\":\"WebPage\",\"@id\":\"https:\/\/raspberrypi.dk\/no\/produkt\/flirc-kodi-edition-raspberry-pi-4-heatsink-case\/\",\"url\":\"https:\/\/raspberrypi.dk\/no\/produkt\/flirc-kodi-edition-raspberry-pi-4-heatsink-case\/\",\"name\":\"Flirc Kodi Edition Raspberry Pi 4 Heatsink Case \u2022 RaspberryPi.dk\",\"isPartOf\":{\"@id\":\"https:\/\/raspberrypi.dk\/no\/#website\"},\"primaryImageOfPage\":{\"@id\":\"https:\/\/raspberrypi.dk\/no\/produkt\/flirc-kodi-edition-raspberry-pi-4-heatsink-case\/#primaryimage\"},\"image\":{\"@id\":\"https:\/\/raspberrypi.dk\/no\/produkt\/flirc-kodi-edition-raspberry-pi-4-heatsink-case\/#primaryimage\"},\"thumbnailUrl\":\"https:\/\/raspberrypi.dk\/wp-content\/uploads\/2019\/07\/flirc-kodi-edition-raspberry-pi-4-case.png\",\"datePublished\":\"2019-07-15T11:25:50+00:00\",\"dateModified\":\"2025-06-03T04:07:05+00:00\",\"breadcrumb\":{\"@id\":\"https:\/\/raspberrypi.dk\/no\/produkt\/flirc-kodi-edition-raspberry-pi-4-heatsink-case\/#breadcrumb\"},\"inLanguage\":\"nb-NO\",\"potentialAction\":[{\"@type\":\"ReadAction\",\"target\":[\"https:\/\/raspberrypi.dk\/no\/produkt\/flirc-kodi-edition-raspberry-pi-4-heatsink-case\/\"]}]},{\"@type\":\"ImageObject\",\"inLanguage\":\"nb-NO\",\"@id\":\"https:\/\/raspberrypi.dk\/no\/produkt\/flirc-kodi-edition-raspberry-pi-4-heatsink-case\/#primaryimage\",\"url\":\"https:\/\/raspberrypi.dk\/wp-content\/uploads\/2019\/07\/flirc-kodi-edition-raspberry-pi-4-case.png\",\"contentUrl\":\"https:\/\/raspberrypi.dk\/wp-content\/uploads\/2019\/07\/flirc-kodi-edition-raspberry-pi-4-case.png\",\"width\":800,\"height\":400},{\"@type\":\"BreadcrumbList\",\"@id\":\"https:\/\/raspberrypi.dk\/no\/produkt\/flirc-kodi-edition-raspberry-pi-4-heatsink-case\/#breadcrumb\",\"itemListElement\":[{\"@type\":\"ListItem\",\"position\":1,\"name\":\"Hjem\",\"item\":\"https:\/\/raspberrypi.dk\/no\/raspberry-pi-nettbutikk\/\"},{\"@type\":\"ListItem\",\"position\":2,\"name\":\"Shop\",\"item\":\"https:\/\/raspberrypi.dk\/no\/shop-2\/\"},{\"@type\":\"ListItem\",\"position\":3,\"name\":\"Flirc Kodi Edition Raspberry Pi 4 Heatsink Case\"}]},{\"@type\":\"WebSite\",\"@id\":\"https:\/\/raspberrypi.dk\/no\/#website\",\"url\":\"https:\/\/raspberrypi.dk\/no\/\",\"name\":\"RaspberryPi.dk\",\"description\":\"Danmarks f\u00f8rende Raspberry Pi side!\",\"publisher\":{\"@id\":\"https:\/\/raspberrypi.dk\/no\/#organization\"},\"potentialAction\":[{\"@type\":\"SearchAction\",\"target\":{\"@type\":\"EntryPoint\",\"urlTemplate\":\"https:\/\/raspberrypi.dk\/no\/?s={search_term_string}\"},\"query-input\":{\"@type\":\"PropertyValueSpecification\",\"valueRequired\":true,\"valueName\":\"search_term_string\"}}],\"inLanguage\":\"nb-NO\"},{\"@type\":\"Organization\",\"@id\":\"https:\/\/raspberrypi.dk\/no\/#organization\",\"name\":\"RaspberryPi.dk\",\"url\":\"https:\/\/raspberrypi.dk\/no\/\",\"logo\":{\"@type\":\"ImageObject\",\"inLanguage\":\"nb-NO\",\"@id\":\"https:\/\/raspberrypi.dk\/no\/#\/schema\/logo\/image\/\",\"url\":\"https:\/\/raspberrypi.dk\/wp-content\/uploads\/2017\/05\/RaspberryPidk_logo-2.png\",\"contentUrl\":\"https:\/\/raspberrypi.dk\/wp-content\/uploads\/2017\/05\/RaspberryPidk_logo-2.png\",\"width\":470,\"height\":110,\"caption\":\"RaspberryPi.dk\"},\"image\":{\"@id\":\"https:\/\/raspberrypi.dk\/no\/#\/schema\/logo\/image\/\"},\"sameAs\":[\"https:\/\/facebook.com\/RaspberryPiDanmark\",\"https:\/\/x.com\/raspberrypidk\",\"https:\/\/instagram.com\/raspberrypi.dk\"]}]}<\/script>\n<!-- \/ Yoast SEO plugin. -->","yoast_head_json":{"title":"Flirc Kodi Edition Raspberry Pi 4 Heatsink Case \u2022 RaspberryPi.dk","robots":{"index":"index","follow":"follow","max-snippet":"max-snippet:-1","max-image-preview":"max-image-preview:large","max-video-preview":"max-video-preview:-1"},"canonical":"https:\/\/raspberrypi.dk\/no\/produkt\/flirc-kodi-edition-raspberry-pi-4-heatsink-case\/","og_locale":"nb_NO","og_type":"article","og_title":"Flirc Kodi Edition Raspberry Pi 4 Heatsink Case \u2022 RaspberryPi.dk","og_description":"Flirc Kodi Edition Raspberry Pi 4 etui har ikke bare innebygd passiv kj\u00f8ling for din Pi i form av en kj\u00f8leribbe, men den er ogs\u00e5 veldig fin! Den er laget av vakkert aluminium mellom to svarte, myke skall som f\u00f8les godt i hendene.  En sak som er for vakker til \u00e5 gjemmes bort.","og_url":"https:\/\/raspberrypi.dk\/no\/produkt\/flirc-kodi-edition-raspberry-pi-4-heatsink-case\/","og_site_name":"RaspberryPi.dk","article_publisher":"https:\/\/facebook.com\/RaspberryPiDanmark","article_modified_time":"2025-06-03T04:07:05+00:00","og_image":[{"width":800,"height":400,"url":"https:\/\/raspberrypi.dk\/wp-content\/uploads\/2019\/07\/flirc-kodi-edition-raspberry-pi-4-case.png","type":"image\/png"}],"twitter_card":"summary_large_image","twitter_site":"@raspberrypidk","twitter_misc":{"Ansl. lesetid":"2 minutter"},"schema":{"@context":"https:\/\/schema.org","@graph":[{"@type":"WebPage","@id":"https:\/\/raspberrypi.dk\/no\/produkt\/flirc-kodi-edition-raspberry-pi-4-heatsink-case\/","url":"https:\/\/raspberrypi.dk\/no\/produkt\/flirc-kodi-edition-raspberry-pi-4-heatsink-case\/","name":"Flirc Kodi Edition Raspberry Pi 4 Heatsink Case \u2022 RaspberryPi.dk","isPartOf":{"@id":"https:\/\/raspberrypi.dk\/no\/#website"},"primaryImageOfPage":{"@id":"https:\/\/raspberrypi.dk\/no\/produkt\/flirc-kodi-edition-raspberry-pi-4-heatsink-case\/#primaryimage"},"image":{"@id":"https:\/\/raspberrypi.dk\/no\/produkt\/flirc-kodi-edition-raspberry-pi-4-heatsink-case\/#primaryimage"},"thumbnailUrl":"https:\/\/raspberrypi.dk\/wp-content\/uploads\/2019\/07\/flirc-kodi-edition-raspberry-pi-4-case.png","datePublished":"2019-07-15T11:25:50+00:00","dateModified":"2025-06-03T04:07:05+00:00","breadcrumb":{"@id":"https:\/\/raspberrypi.dk\/no\/produkt\/flirc-kodi-edition-raspberry-pi-4-heatsink-case\/#breadcrumb"},"inLanguage":"nb-NO","potentialAction":[{"@type":"ReadAction","target":["https:\/\/raspberrypi.dk\/no\/produkt\/flirc-kodi-edition-raspberry-pi-4-heatsink-case\/"]}]},{"@type":"ImageObject","inLanguage":"nb-NO","@id":"https:\/\/raspberrypi.dk\/no\/produkt\/flirc-kodi-edition-raspberry-pi-4-heatsink-case\/#primaryimage","url":"https:\/\/raspberrypi.dk\/wp-content\/uploads\/2019\/07\/flirc-kodi-edition-raspberry-pi-4-case.png","contentUrl":"https:\/\/raspberrypi.dk\/wp-content\/uploads\/2019\/07\/flirc-kodi-edition-raspberry-pi-4-case.png","width":800,"height":400},{"@type":"BreadcrumbList","@id":"https:\/\/raspberrypi.dk\/no\/produkt\/flirc-kodi-edition-raspberry-pi-4-heatsink-case\/#breadcrumb","itemListElement":[{"@type":"ListItem","position":1,"name":"Hjem","item":"https:\/\/raspberrypi.dk\/no\/raspberry-pi-nettbutikk\/"},{"@type":"ListItem","position":2,"name":"Shop","item":"https:\/\/raspberrypi.dk\/no\/shop-2\/"},{"@type":"ListItem","position":3,"name":"Flirc Kodi Edition Raspberry Pi 4 Heatsink Case"}]},{"@type":"WebSite","@id":"https:\/\/raspberrypi.dk\/no\/#website","url":"https:\/\/raspberrypi.dk\/no\/","name":"RaspberryPi.dk","description":"Danmarks f\u00f8rende Raspberry Pi side!","publisher":{"@id":"https:\/\/raspberrypi.dk\/no\/#organization"},"potentialAction":[{"@type":"SearchAction","target":{"@type":"EntryPoint","urlTemplate":"https:\/\/raspberrypi.dk\/no\/?s={search_term_string}"},"query-input":{"@type":"PropertyValueSpecification","valueRequired":true,"valueName":"search_term_string"}}],"inLanguage":"nb-NO"},{"@type":"Organization","@id":"https:\/\/raspberrypi.dk\/no\/#organization","name":"RaspberryPi.dk","url":"https:\/\/raspberrypi.dk\/no\/","logo":{"@type":"ImageObject","inLanguage":"nb-NO","@id":"https:\/\/raspberrypi.dk\/no\/#\/schema\/logo\/image\/","url":"https:\/\/raspberrypi.dk\/wp-content\/uploads\/2017\/05\/RaspberryPidk_logo-2.png","contentUrl":"https:\/\/raspberrypi.dk\/wp-content\/uploads\/2017\/05\/RaspberryPidk_logo-2.png","width":470,"height":110,"caption":"RaspberryPi.dk"},"image":{"@id":"https:\/\/raspberrypi.dk\/no\/#\/schema\/logo\/image\/"},"sameAs":["https:\/\/facebook.com\/RaspberryPiDanmark","https:\/\/x.com\/raspberrypidk","https:\/\/instagram.com\/raspberrypi.dk"]}]}},"_links":{"self":[{"href":"https:\/\/raspberrypi.dk\/no\/wp-json\/wp\/v2\/product\/218428","targetHints":{"allow":["GET"]}}],"collection":[{"href":"https:\/\/raspberrypi.dk\/no\/wp-json\/wp\/v2\/product"}],"about":[{"href":"https:\/\/raspberrypi.dk\/no\/wp-json\/wp\/v2\/types\/product"}],"replies":[{"embeddable":true,"href":"https:\/\/raspberrypi.dk\/no\/wp-json\/wp\/v2\/comments?post=218428"}],"wp:featuredmedia":[{"embeddable":true,"href":"https:\/\/raspberrypi.dk\/no\/wp-json\/wp\/v2\/media\/218429"}],"wp:attachment":[{"href":"https:\/\/raspberrypi.dk\/no\/wp-json\/wp\/v2\/media?parent=218428"}],"wp:term":[{"taxonomy":"product_brand","embeddable":true,"href":"https:\/\/raspberrypi.dk\/no\/wp-json\/wp\/v2\/product_brand?post=218428"},{"taxonomy":"product_cat","embeddable":true,"href":"https:\/\/raspberrypi.dk\/no\/wp-json\/wp\/v2\/product_cat?post=218428"},{"taxonomy":"product_tag","embeddable":true,"href":"https:\/\/raspberrypi.dk\/no\/wp-json\/wp\/v2\/product_tag?post=218428"}],"curies":[{"name":"wp","href":"https:\/\/api.w.org\/{rel}","templated":true}]}}