{"id":218477,"date":"2019-07-08T14:29:31","date_gmt":"2019-07-08T12:29:31","guid":{"rendered":"https:\/\/raspberrypi.dk\/produkt\/usb-til-ttl-rs232-debug-kabel-til-raspberry-pi\/"},"modified":"2024-12-27T07:14:50","modified_gmt":"2024-12-27T06:14:50","slug":"usb-til-ttl-rs232-debug-kabel-til-raspberry-pi","status":"publish","type":"product","link":"https:\/\/raspberrypi.dk\/no\/produkt\/usb-til-ttl-rs232-debug-kabel-til-raspberry-pi\/","title":{"rendered":"USB til TTL-RS232 Debug Kabel til Raspberry Pi"},"content":{"rendered":"<p>TTL-232R-RPi-kabelen tilbyr USB asynkron seriell dataoverf\u00f8ring og st\u00f8tter datahastigheter p\u00e5 300 bit\/s til 3 Mbit\/s p\u00e5 et 3,3 V TTL-niv\u00e5. Brikken tar seg av alle USB-signal- og protokollkrav slik at et forbedret feils\u00f8kings- og utviklingsmilj\u00f8 kan skapes.<\/p>\n<p><strong>Spesifikasjoner<\/strong><\/p>\n<ul>\n<li>TTL-232R-RPi debug cable offers a USB to TTL serial interface for Raspberry Pi<\/li>\n<li>On-board FT232RQ<\/li>\n<li>Direct connection with a microcontroller UART or via I\/O pins<\/li>\n<li>UART interface supports 7 or 8 data bits, 1 or 2 stop bits and even\/odd\/mark\/space\/no parity<\/li>\n<li>Transmission rates of 300 baud to 3 Mbaud at 3.3 V TTL level<\/li>\n<li>Internal EEPROM with writeable area<\/li>\n<li>5 V secure TTL inputs<\/li>\n<li>Support for FT232R FTDI chip ID function, for improved security<\/li>\n<li>3x outputs provide TXD, RXD and GND<\/li>\n<li>Low USB bandwidth utilisation<\/li>\n<li>UHCI\/OHCI\/EHCI host controller compatible<\/li>\n<li>USB 2.0 Full Speed-compatible<\/li>\n<li>-40\u00b0C to +85\u00b0C operating temperature range<\/li>\n<li>The cable length is 1.0 m<\/li>\n<\/ul>\n","protected":false},"excerpt":{"rendered":"<p>Denne kabelen kan brukes til \u00e5 feils\u00f8ke din Raspberry Pi hvis du for eksempel ikke kan fange den via nettverket ditt. Seriell grensesnitt m\u00e5 v\u00e6re sl\u00e5tt p\u00e5 p\u00e5 Raspberry Pi, og deretter kobles de tre kontaktene p\u00e5 Raspberry Pi og USB til en ekstern datamaskin, hvorfra du kan snakke serielt med Raspberry Pi.<\/p>\n","protected":false},"featured_media":218478,"comment_status":"open","ping_status":"closed","template":"","meta":[],"product_brand":[],"product_cat":[597,606,598],"product_tag":[717,703],"class_list":{"0":"post-218477","1":"product","2":"type-product","3":"status-publish","4":"has-post-thumbnail","6":"product_cat-raspberry-pi-hats-gpio-no","7":"product_cat-raspberry-pi-usb-tilbehor-no","8":"product_cat-kabler-og-adaptere-til-raspberry-pi-no","9":"product_tag-rpi4-no","10":"product_tag-rpi5-no","12":"first","13":"outofstock","14":"taxable","15":"shipping-taxable","16":"purchasable","17":"product-type-simple"},"composite_virtual":false,"composite_layout":"","composite_add_to_cart_form_location":"","composite_editable_in_cart":false,"composite_sold_individually_context":"","composite_shop_price_calc":"","composite_components":[],"composite_scenarios":[],"bundled_by":[],"bundle_stock_status":"outofstock","bundle_stock_quantity":0,"bundle_virtual":false,"bundle_layout":"","bundle_add_to_cart_form_location":"","bundle_editable_in_cart":false,"bundle_sold_individually_context":"","bundle_item_grouping":"","bundle_min_size":"","bundle_max_size":"","bundle_price":[],"bundled_items":[],"bundle_sell_ids":[],"yoast_head":"<!-- This site is optimized with the Yoast SEO plugin v27.1.1 - https:\/\/yoast.com\/product\/yoast-seo-wordpress\/ -->\n<title>USB til TTL-RS232 Debug Kabel til Raspberry Pi \u2022 RaspberryPi.dk<\/title>\n<meta name=\"robots\" content=\"index, follow, max-snippet:-1, max-image-preview:large, max-video-preview:-1\" \/>\n<link rel=\"canonical\" href=\"https:\/\/raspberrypi.dk\/no\/produkt\/usb-til-ttl-rs232-debug-kabel-til-raspberry-pi\/\" \/>\n<meta property=\"og:locale\" content=\"nb_NO\" \/>\n<meta property=\"og:type\" content=\"article\" \/>\n<meta property=\"og:title\" content=\"USB til TTL-RS232 Debug Kabel til Raspberry Pi \u2022 RaspberryPi.dk\" \/>\n<meta property=\"og:description\" content=\"Denne kabelen kan brukes til \u00e5 feils\u00f8ke din Raspberry Pi hvis du for eksempel ikke kan fange den via nettverket ditt. Seriell grensesnitt m\u00e5 v\u00e6re sl\u00e5tt p\u00e5 p\u00e5 Raspberry Pi, og deretter kobles de tre kontaktene p\u00e5 Raspberry Pi og USB til en ekstern datamaskin, hvorfra du kan snakke serielt med Raspberry Pi.\" \/>\n<meta property=\"og:url\" content=\"https:\/\/raspberrypi.dk\/no\/produkt\/usb-til-ttl-rs232-debug-kabel-til-raspberry-pi\/\" \/>\n<meta property=\"og:site_name\" content=\"RaspberryPi.dk\" \/>\n<meta property=\"article:publisher\" content=\"https:\/\/facebook.com\/RaspberryPiDanmark\" \/>\n<meta property=\"article:modified_time\" content=\"2024-12-27T06:14:50+00:00\" \/>\n<meta property=\"og:image\" content=\"https:\/\/raspberrypi.dk\/wp-content\/uploads\/2019\/07\/usb-TTL_232R_Raspberry_Pi_debug.png\" \/>\n\t<meta property=\"og:image:width\" content=\"1560\" \/>\n\t<meta property=\"og:image:height\" content=\"1525\" \/>\n\t<meta property=\"og:image:type\" content=\"image\/png\" \/>\n<meta name=\"twitter:card\" content=\"summary_large_image\" \/>\n<meta name=\"twitter:site\" content=\"@raspberrypidk\" \/>\n<meta name=\"twitter:label1\" content=\"Ansl. lesetid\" \/>\n\t<meta name=\"twitter:data1\" content=\"1 minutt\" \/>\n<script type=\"application\/ld+json\" class=\"yoast-schema-graph\">{\"@context\":\"https:\/\/schema.org\",\"@graph\":[{\"@type\":\"WebPage\",\"@id\":\"https:\/\/raspberrypi.dk\/no\/produkt\/usb-til-ttl-rs232-debug-kabel-til-raspberry-pi\/\",\"url\":\"https:\/\/raspberrypi.dk\/no\/produkt\/usb-til-ttl-rs232-debug-kabel-til-raspberry-pi\/\",\"name\":\"USB til TTL-RS232 Debug Kabel til Raspberry Pi \u2022 RaspberryPi.dk\",\"isPartOf\":{\"@id\":\"https:\/\/raspberrypi.dk\/no\/#website\"},\"primaryImageOfPage\":{\"@id\":\"https:\/\/raspberrypi.dk\/no\/produkt\/usb-til-ttl-rs232-debug-kabel-til-raspberry-pi\/#primaryimage\"},\"image\":{\"@id\":\"https:\/\/raspberrypi.dk\/no\/produkt\/usb-til-ttl-rs232-debug-kabel-til-raspberry-pi\/#primaryimage\"},\"thumbnailUrl\":\"https:\/\/raspberrypi.dk\/wp-content\/uploads\/2019\/07\/usb-TTL_232R_Raspberry_Pi_debug.png\",\"datePublished\":\"2019-07-08T12:29:31+00:00\",\"dateModified\":\"2024-12-27T06:14:50+00:00\",\"breadcrumb\":{\"@id\":\"https:\/\/raspberrypi.dk\/no\/produkt\/usb-til-ttl-rs232-debug-kabel-til-raspberry-pi\/#breadcrumb\"},\"inLanguage\":\"nb-NO\",\"potentialAction\":[{\"@type\":\"ReadAction\",\"target\":[\"https:\/\/raspberrypi.dk\/no\/produkt\/usb-til-ttl-rs232-debug-kabel-til-raspberry-pi\/\"]}]},{\"@type\":\"ImageObject\",\"inLanguage\":\"nb-NO\",\"@id\":\"https:\/\/raspberrypi.dk\/no\/produkt\/usb-til-ttl-rs232-debug-kabel-til-raspberry-pi\/#primaryimage\",\"url\":\"https:\/\/raspberrypi.dk\/wp-content\/uploads\/2019\/07\/usb-TTL_232R_Raspberry_Pi_debug.png\",\"contentUrl\":\"https:\/\/raspberrypi.dk\/wp-content\/uploads\/2019\/07\/usb-TTL_232R_Raspberry_Pi_debug.png\",\"width\":1560,\"height\":1525},{\"@type\":\"BreadcrumbList\",\"@id\":\"https:\/\/raspberrypi.dk\/no\/produkt\/usb-til-ttl-rs232-debug-kabel-til-raspberry-pi\/#breadcrumb\",\"itemListElement\":[{\"@type\":\"ListItem\",\"position\":1,\"name\":\"Hjem\",\"item\":\"https:\/\/raspberrypi.dk\/no\/raspberry-pi-nettbutikk\/\"},{\"@type\":\"ListItem\",\"position\":2,\"name\":\"Shop\",\"item\":\"https:\/\/raspberrypi.dk\/no\/shop-2\/\"},{\"@type\":\"ListItem\",\"position\":3,\"name\":\"USB til TTL-RS232 Debug Kabel til Raspberry Pi\"}]},{\"@type\":\"WebSite\",\"@id\":\"https:\/\/raspberrypi.dk\/no\/#website\",\"url\":\"https:\/\/raspberrypi.dk\/no\/\",\"name\":\"RaspberryPi.dk\",\"description\":\"Danmarks f\u00f8rende Raspberry Pi side!\",\"publisher\":{\"@id\":\"https:\/\/raspberrypi.dk\/no\/#organization\"},\"potentialAction\":[{\"@type\":\"SearchAction\",\"target\":{\"@type\":\"EntryPoint\",\"urlTemplate\":\"https:\/\/raspberrypi.dk\/no\/?s={search_term_string}\"},\"query-input\":{\"@type\":\"PropertyValueSpecification\",\"valueRequired\":true,\"valueName\":\"search_term_string\"}}],\"inLanguage\":\"nb-NO\"},{\"@type\":\"Organization\",\"@id\":\"https:\/\/raspberrypi.dk\/no\/#organization\",\"name\":\"RaspberryPi.dk\",\"url\":\"https:\/\/raspberrypi.dk\/no\/\",\"logo\":{\"@type\":\"ImageObject\",\"inLanguage\":\"nb-NO\",\"@id\":\"https:\/\/raspberrypi.dk\/no\/#\/schema\/logo\/image\/\",\"url\":\"https:\/\/raspberrypi.dk\/wp-content\/uploads\/2017\/05\/RaspberryPidk_logo-2.png\",\"contentUrl\":\"https:\/\/raspberrypi.dk\/wp-content\/uploads\/2017\/05\/RaspberryPidk_logo-2.png\",\"width\":470,\"height\":110,\"caption\":\"RaspberryPi.dk\"},\"image\":{\"@id\":\"https:\/\/raspberrypi.dk\/no\/#\/schema\/logo\/image\/\"},\"sameAs\":[\"https:\/\/facebook.com\/RaspberryPiDanmark\",\"https:\/\/x.com\/raspberrypidk\",\"https:\/\/instagram.com\/raspberrypi.dk\"]}]}<\/script>\n<!-- \/ Yoast SEO plugin. -->","yoast_head_json":{"title":"USB til TTL-RS232 Debug Kabel til Raspberry Pi \u2022 RaspberryPi.dk","robots":{"index":"index","follow":"follow","max-snippet":"max-snippet:-1","max-image-preview":"max-image-preview:large","max-video-preview":"max-video-preview:-1"},"canonical":"https:\/\/raspberrypi.dk\/no\/produkt\/usb-til-ttl-rs232-debug-kabel-til-raspberry-pi\/","og_locale":"nb_NO","og_type":"article","og_title":"USB til TTL-RS232 Debug Kabel til Raspberry Pi \u2022 RaspberryPi.dk","og_description":"Denne kabelen kan brukes til \u00e5 feils\u00f8ke din Raspberry Pi hvis du for eksempel ikke kan fange den via nettverket ditt. Seriell grensesnitt m\u00e5 v\u00e6re sl\u00e5tt p\u00e5 p\u00e5 Raspberry Pi, og deretter kobles de tre kontaktene p\u00e5 Raspberry Pi og USB til en ekstern datamaskin, hvorfra du kan snakke serielt med Raspberry Pi.","og_url":"https:\/\/raspberrypi.dk\/no\/produkt\/usb-til-ttl-rs232-debug-kabel-til-raspberry-pi\/","og_site_name":"RaspberryPi.dk","article_publisher":"https:\/\/facebook.com\/RaspberryPiDanmark","article_modified_time":"2024-12-27T06:14:50+00:00","og_image":[{"width":1560,"height":1525,"url":"https:\/\/raspberrypi.dk\/wp-content\/uploads\/2019\/07\/usb-TTL_232R_Raspberry_Pi_debug.png","type":"image\/png"}],"twitter_card":"summary_large_image","twitter_site":"@raspberrypidk","twitter_misc":{"Ansl. lesetid":"1 minutt"},"schema":{"@context":"https:\/\/schema.org","@graph":[{"@type":"WebPage","@id":"https:\/\/raspberrypi.dk\/no\/produkt\/usb-til-ttl-rs232-debug-kabel-til-raspberry-pi\/","url":"https:\/\/raspberrypi.dk\/no\/produkt\/usb-til-ttl-rs232-debug-kabel-til-raspberry-pi\/","name":"USB til TTL-RS232 Debug Kabel til Raspberry Pi \u2022 RaspberryPi.dk","isPartOf":{"@id":"https:\/\/raspberrypi.dk\/no\/#website"},"primaryImageOfPage":{"@id":"https:\/\/raspberrypi.dk\/no\/produkt\/usb-til-ttl-rs232-debug-kabel-til-raspberry-pi\/#primaryimage"},"image":{"@id":"https:\/\/raspberrypi.dk\/no\/produkt\/usb-til-ttl-rs232-debug-kabel-til-raspberry-pi\/#primaryimage"},"thumbnailUrl":"https:\/\/raspberrypi.dk\/wp-content\/uploads\/2019\/07\/usb-TTL_232R_Raspberry_Pi_debug.png","datePublished":"2019-07-08T12:29:31+00:00","dateModified":"2024-12-27T06:14:50+00:00","breadcrumb":{"@id":"https:\/\/raspberrypi.dk\/no\/produkt\/usb-til-ttl-rs232-debug-kabel-til-raspberry-pi\/#breadcrumb"},"inLanguage":"nb-NO","potentialAction":[{"@type":"ReadAction","target":["https:\/\/raspberrypi.dk\/no\/produkt\/usb-til-ttl-rs232-debug-kabel-til-raspberry-pi\/"]}]},{"@type":"ImageObject","inLanguage":"nb-NO","@id":"https:\/\/raspberrypi.dk\/no\/produkt\/usb-til-ttl-rs232-debug-kabel-til-raspberry-pi\/#primaryimage","url":"https:\/\/raspberrypi.dk\/wp-content\/uploads\/2019\/07\/usb-TTL_232R_Raspberry_Pi_debug.png","contentUrl":"https:\/\/raspberrypi.dk\/wp-content\/uploads\/2019\/07\/usb-TTL_232R_Raspberry_Pi_debug.png","width":1560,"height":1525},{"@type":"BreadcrumbList","@id":"https:\/\/raspberrypi.dk\/no\/produkt\/usb-til-ttl-rs232-debug-kabel-til-raspberry-pi\/#breadcrumb","itemListElement":[{"@type":"ListItem","position":1,"name":"Hjem","item":"https:\/\/raspberrypi.dk\/no\/raspberry-pi-nettbutikk\/"},{"@type":"ListItem","position":2,"name":"Shop","item":"https:\/\/raspberrypi.dk\/no\/shop-2\/"},{"@type":"ListItem","position":3,"name":"USB til TTL-RS232 Debug Kabel til Raspberry Pi"}]},{"@type":"WebSite","@id":"https:\/\/raspberrypi.dk\/no\/#website","url":"https:\/\/raspberrypi.dk\/no\/","name":"RaspberryPi.dk","description":"Danmarks f\u00f8rende Raspberry Pi side!","publisher":{"@id":"https:\/\/raspberrypi.dk\/no\/#organization"},"potentialAction":[{"@type":"SearchAction","target":{"@type":"EntryPoint","urlTemplate":"https:\/\/raspberrypi.dk\/no\/?s={search_term_string}"},"query-input":{"@type":"PropertyValueSpecification","valueRequired":true,"valueName":"search_term_string"}}],"inLanguage":"nb-NO"},{"@type":"Organization","@id":"https:\/\/raspberrypi.dk\/no\/#organization","name":"RaspberryPi.dk","url":"https:\/\/raspberrypi.dk\/no\/","logo":{"@type":"ImageObject","inLanguage":"nb-NO","@id":"https:\/\/raspberrypi.dk\/no\/#\/schema\/logo\/image\/","url":"https:\/\/raspberrypi.dk\/wp-content\/uploads\/2017\/05\/RaspberryPidk_logo-2.png","contentUrl":"https:\/\/raspberrypi.dk\/wp-content\/uploads\/2017\/05\/RaspberryPidk_logo-2.png","width":470,"height":110,"caption":"RaspberryPi.dk"},"image":{"@id":"https:\/\/raspberrypi.dk\/no\/#\/schema\/logo\/image\/"},"sameAs":["https:\/\/facebook.com\/RaspberryPiDanmark","https:\/\/x.com\/raspberrypidk","https:\/\/instagram.com\/raspberrypi.dk"]}]}},"_links":{"self":[{"href":"https:\/\/raspberrypi.dk\/no\/wp-json\/wp\/v2\/product\/218477","targetHints":{"allow":["GET"]}}],"collection":[{"href":"https:\/\/raspberrypi.dk\/no\/wp-json\/wp\/v2\/product"}],"about":[{"href":"https:\/\/raspberrypi.dk\/no\/wp-json\/wp\/v2\/types\/product"}],"replies":[{"embeddable":true,"href":"https:\/\/raspberrypi.dk\/no\/wp-json\/wp\/v2\/comments?post=218477"}],"wp:featuredmedia":[{"embeddable":true,"href":"https:\/\/raspberrypi.dk\/no\/wp-json\/wp\/v2\/media\/218478"}],"wp:attachment":[{"href":"https:\/\/raspberrypi.dk\/no\/wp-json\/wp\/v2\/media?parent=218477"}],"wp:term":[{"taxonomy":"product_brand","embeddable":true,"href":"https:\/\/raspberrypi.dk\/no\/wp-json\/wp\/v2\/product_brand?post=218477"},{"taxonomy":"product_cat","embeddable":true,"href":"https:\/\/raspberrypi.dk\/no\/wp-json\/wp\/v2\/product_cat?post=218477"},{"taxonomy":"product_tag","embeddable":true,"href":"https:\/\/raspberrypi.dk\/no\/wp-json\/wp\/v2\/product_tag?post=218477"}],"curies":[{"name":"wp","href":"https:\/\/api.w.org\/{rel}","templated":true}]}}