{"id":218481,"date":"2019-07-01T17:28:07","date_gmt":"2019-07-01T15:28:07","guid":{"rendered":"https:\/\/raspberrypi.dk\/produkt\/vifte-til-shim-til-raspberry-pi\/"},"modified":"2026-01-22T11:50:13","modified_gmt":"2026-01-22T10:50:13","slug":"vifte-til-shim-til-raspberry-pi","status":"publish","type":"product","link":"https:\/\/raspberrypi.dk\/no\/produkt\/vifte-til-shim-til-raspberry-pi\/","title":{"rendered":"Vifte til SHIM til Raspberry Pi"},"content":{"rendered":"<p>Vifte-SHIM-en bruker en friksjonstilpasset topptekst, s\u00e5 den bare glir p\u00e5 pinnene til Pi-en din og den er klar til bruk, ingen lodding n\u00f8dvendig! Merk at p\u00e5 grunn av h\u00f8yden p\u00e5 viften, hvis du \u00f8nsker \u00e5 bruke HATs eller pHATs med Fan SHIM, trenger du en booster header.<\/p>\n<p>Viften kan styres i programvare, slik at du kan gj\u00f8re smarte ting som \u00e5 sette den til \u00e5 sl\u00e5 seg p\u00e5 n\u00e5r CPU-en n\u00e5r en viss temperatur. Bruk LED som en praktisk visuell indikator for \u00e5 vise viftestatus, CPU-belastning\/temperatur eller mer! Timerbryteren kan ogs\u00e5 programmeres slik at du kan bruke den til \u00e5 sl\u00e5 viften p\u00e5 eller av eller bytte mellom temperaturutl\u00f8st eller manuell modus.<\/p>\n<p>Du kan lese noen detaljerte benchmarking-tester av Fan SHIMs kj\u00f8leevne her p\u00e5 <a href=\"https:\/\/blog.pimoroni.com\/raspberry-pi-4-thermals-and-fan-shim\/\">Pimoroni-bloggen.<\/a><\/p>\n<h2>Funksjoner<\/h2>\n<ul>\n<li>30mm 5V DC vifte<\/li>\n<li>4.200 rpm<\/li>\n<li>0,05 m3 \/ min luftmengde<\/li>\n<li>18,6 dB akustisk st\u00f8y<\/li>\n<li>Friksjonstilpasset header<\/li>\n<li>Ingen lodding n\u00f8dvendig<\/li>\n<li>RGB LED (APA102)<\/li>\n<li>Taktil bryter<\/li>\n<li>Grunnleggende montering kreves<\/li>\n<li>Kompatibel med Raspberry Pi 4 (og 3 B +, 3 A +)<\/li>\n<li><a href=\"https:\/\/github.com\/pimoroni\/fanshim-python\">Python bibliotek<\/a> og daemon<\/li>\n<\/ul>\n<h2>Kittet inneholder<\/h2>\n<ul>\n<li>Vifte SHIM PCB<\/li>\n<li>30mm 5V DC vifte med JST-kontakt<\/li>\n<li>M2,5 muttere og bolter<\/li>\n<\/ul>\n<h2>Samling<\/h2>\n<p>Monteringen er veldig enkel og tar mindre enn to minutter.<\/p>\n<ol>\n<li>Med komponentsiden av kretskortet vendt opp, skyv de to M2.5-boltene gjennom hullene under og skru inn det f\u00f8rste paret med muttere for \u00e5 feste dem og fungere som avstandsstykker.<\/li>\n<li>Skyv viftens monteringshull ned p\u00e5 boltene, med kabelsiden av viften vendt ned (som vist) og teksten p\u00e5 viften vendt opp. Fest med to andre muttere.<\/li>\n<li>Skyv JST-kontakten til viften inn i kontakten p\u00e5 vifte-SHIM.<\/li>\n<\/ol>\n<h2>Programvare<\/h2>\n<p><a href=\"https:\/\/github.com\/pimoroni\/fanshim-python\">Python bibliotek<\/a> \u00a0lar deg kontrollere viften (p\u00e5\/av), RGB LED og bryter. Det er en h\u00e5ndfull <a href=\"https:\/\/github.com\/pimoroni\/fanshim-python\/tree\/master\/examples\">eksempler<\/a>, \u00a0som viser deg hvordan du bruker hver funksjon og <a href=\"https:\/\/github.com\/pimoroni\/fanshim-python\/blob\/master\/examples\/install-service.sh\">et script til at installere en daemon<\/a> (en tjeneste som kj\u00f8rer i bakgrunnen) som kj\u00f8rer viften i automatisk modus, og sl\u00e5r den p\u00e5 eller av n\u00e5r CPUen n\u00e5r en terskeltemperatur , med manuell overstyring via knappen.<\/p>\n<h2>Noter<\/h2>\n<ul>\n<li>N\u00e5r du installerer eller installerer viften eller installert Fan SHIM, m\u00e5 du ikke trykke p\u00e5 selve viften, da den kan g\u00e5 i stykker.<\/li>\n<li>Ikke heatsink-kompatibel!<\/li>\n<li>M\u00e5l: 45x39x11mm<\/li>\n<\/ul>\n","protected":false},"excerpt":{"rendered":"<p>Gj\u00f8r din Raspberry Pi kul med Fan SHIM! Denne 30 mm loddefrie, kontrollerbare CPU-viften med RGB LED og taktil bryter gir din Raspberry Pi betydelig bedre termisk ytelse.<\/p>\n","protected":false},"featured_media":218482,"comment_status":"open","ping_status":"closed","template":"","meta":[],"product_brand":[],"product_cat":[597,594],"product_tag":[717],"class_list":{"0":"post-218481","1":"product","2":"type-product","3":"status-publish","4":"has-post-thumbnail","6":"product_cat-raspberry-pi-hats-gpio-no","7":"product_cat-raspberry-pi-cases-no","8":"product_tag-rpi4-no","10":"first","11":"instock","12":"sale","13":"taxable","14":"shipping-taxable","15":"purchasable","16":"product-type-simple"},"composite_virtual":false,"composite_layout":"","composite_add_to_cart_form_location":"","composite_editable_in_cart":false,"composite_sold_individually_context":"","composite_shop_price_calc":"","composite_components":[],"composite_scenarios":[],"bundled_by":[],"bundle_stock_status":"instock","bundle_stock_quantity":3,"bundle_virtual":false,"bundle_layout":"","bundle_add_to_cart_form_location":"","bundle_editable_in_cart":false,"bundle_sold_individually_context":"","bundle_item_grouping":"","bundle_min_size":"","bundle_max_size":"","bundle_price":[],"bundled_items":[],"bundle_sell_ids":[],"yoast_head":"<!-- This site is optimized with the Yoast SEO plugin v27.1.1 - https:\/\/yoast.com\/product\/yoast-seo-wordpress\/ -->\n<title>Vifte til SHIM til Raspberry Pi \u2022 RaspberryPi.dk<\/title>\n<meta name=\"robots\" content=\"index, follow, max-snippet:-1, max-image-preview:large, max-video-preview:-1\" \/>\n<link rel=\"canonical\" href=\"https:\/\/raspberrypi.dk\/no\/produkt\/vifte-til-shim-til-raspberry-pi\/\" \/>\n<meta property=\"og:locale\" content=\"nb_NO\" \/>\n<meta property=\"og:type\" content=\"article\" \/>\n<meta property=\"og:title\" content=\"Vifte til SHIM til Raspberry Pi \u2022 RaspberryPi.dk\" \/>\n<meta property=\"og:description\" content=\"Gj\u00f8r din Raspberry Pi kul med Fan SHIM! Denne 30 mm loddefrie, kontrollerbare CPU-viften med RGB LED og taktil bryter gir din Raspberry Pi betydelig bedre termisk ytelse.\" \/>\n<meta property=\"og:url\" content=\"https:\/\/raspberrypi.dk\/no\/produkt\/vifte-til-shim-til-raspberry-pi\/\" \/>\n<meta property=\"og:site_name\" content=\"RaspberryPi.dk\" \/>\n<meta property=\"article:publisher\" content=\"https:\/\/facebook.com\/RaspberryPiDanmark\" \/>\n<meta property=\"article:modified_time\" content=\"2026-01-22T10:50:13+00:00\" \/>\n<meta property=\"og:image\" content=\"https:\/\/raspberrypi.dk\/wp-content\/uploads\/2019\/07\/fan-shim-1.jpg\" \/>\n\t<meta property=\"og:image:width\" content=\"1024\" \/>\n\t<meta property=\"og:image:height\" content=\"1024\" \/>\n\t<meta property=\"og:image:type\" content=\"image\/jpeg\" \/>\n<meta name=\"twitter:card\" content=\"summary_large_image\" \/>\n<meta name=\"twitter:site\" content=\"@raspberrypidk\" \/>\n<meta name=\"twitter:label1\" content=\"Ansl. lesetid\" \/>\n\t<meta name=\"twitter:data1\" content=\"3 minutter\" \/>\n<script type=\"application\/ld+json\" class=\"yoast-schema-graph\">{\"@context\":\"https:\/\/schema.org\",\"@graph\":[{\"@type\":\"WebPage\",\"@id\":\"https:\/\/raspberrypi.dk\/no\/produkt\/vifte-til-shim-til-raspberry-pi\/\",\"url\":\"https:\/\/raspberrypi.dk\/no\/produkt\/vifte-til-shim-til-raspberry-pi\/\",\"name\":\"Vifte til SHIM til Raspberry Pi \u2022 RaspberryPi.dk\",\"isPartOf\":{\"@id\":\"https:\/\/raspberrypi.dk\/no\/#website\"},\"primaryImageOfPage\":{\"@id\":\"https:\/\/raspberrypi.dk\/no\/produkt\/vifte-til-shim-til-raspberry-pi\/#primaryimage\"},\"image\":{\"@id\":\"https:\/\/raspberrypi.dk\/no\/produkt\/vifte-til-shim-til-raspberry-pi\/#primaryimage\"},\"thumbnailUrl\":\"https:\/\/raspberrypi.dk\/wp-content\/uploads\/2019\/07\/fan-shim-1.jpg\",\"datePublished\":\"2019-07-01T15:28:07+00:00\",\"dateModified\":\"2026-01-22T10:50:13+00:00\",\"breadcrumb\":{\"@id\":\"https:\/\/raspberrypi.dk\/no\/produkt\/vifte-til-shim-til-raspberry-pi\/#breadcrumb\"},\"inLanguage\":\"nb-NO\",\"potentialAction\":[{\"@type\":\"ReadAction\",\"target\":[\"https:\/\/raspberrypi.dk\/no\/produkt\/vifte-til-shim-til-raspberry-pi\/\"]}]},{\"@type\":\"ImageObject\",\"inLanguage\":\"nb-NO\",\"@id\":\"https:\/\/raspberrypi.dk\/no\/produkt\/vifte-til-shim-til-raspberry-pi\/#primaryimage\",\"url\":\"https:\/\/raspberrypi.dk\/wp-content\/uploads\/2019\/07\/fan-shim-1.jpg\",\"contentUrl\":\"https:\/\/raspberrypi.dk\/wp-content\/uploads\/2019\/07\/fan-shim-1.jpg\",\"width\":1024,\"height\":1024},{\"@type\":\"BreadcrumbList\",\"@id\":\"https:\/\/raspberrypi.dk\/no\/produkt\/vifte-til-shim-til-raspberry-pi\/#breadcrumb\",\"itemListElement\":[{\"@type\":\"ListItem\",\"position\":1,\"name\":\"Hjem\",\"item\":\"https:\/\/raspberrypi.dk\/no\/raspberry-pi-nettbutikk\/\"},{\"@type\":\"ListItem\",\"position\":2,\"name\":\"Shop\",\"item\":\"https:\/\/raspberrypi.dk\/no\/shop-2\/\"},{\"@type\":\"ListItem\",\"position\":3,\"name\":\"Vifte til SHIM til Raspberry Pi\"}]},{\"@type\":\"WebSite\",\"@id\":\"https:\/\/raspberrypi.dk\/no\/#website\",\"url\":\"https:\/\/raspberrypi.dk\/no\/\",\"name\":\"RaspberryPi.dk\",\"description\":\"Danmarks f\u00f8rende Raspberry Pi side!\",\"publisher\":{\"@id\":\"https:\/\/raspberrypi.dk\/no\/#organization\"},\"potentialAction\":[{\"@type\":\"SearchAction\",\"target\":{\"@type\":\"EntryPoint\",\"urlTemplate\":\"https:\/\/raspberrypi.dk\/no\/?s={search_term_string}\"},\"query-input\":{\"@type\":\"PropertyValueSpecification\",\"valueRequired\":true,\"valueName\":\"search_term_string\"}}],\"inLanguage\":\"nb-NO\"},{\"@type\":\"Organization\",\"@id\":\"https:\/\/raspberrypi.dk\/no\/#organization\",\"name\":\"RaspberryPi.dk\",\"url\":\"https:\/\/raspberrypi.dk\/no\/\",\"logo\":{\"@type\":\"ImageObject\",\"inLanguage\":\"nb-NO\",\"@id\":\"https:\/\/raspberrypi.dk\/no\/#\/schema\/logo\/image\/\",\"url\":\"https:\/\/raspberrypi.dk\/wp-content\/uploads\/2017\/05\/RaspberryPidk_logo-2.png\",\"contentUrl\":\"https:\/\/raspberrypi.dk\/wp-content\/uploads\/2017\/05\/RaspberryPidk_logo-2.png\",\"width\":470,\"height\":110,\"caption\":\"RaspberryPi.dk\"},\"image\":{\"@id\":\"https:\/\/raspberrypi.dk\/no\/#\/schema\/logo\/image\/\"},\"sameAs\":[\"https:\/\/facebook.com\/RaspberryPiDanmark\",\"https:\/\/x.com\/raspberrypidk\",\"https:\/\/instagram.com\/raspberrypi.dk\"]}]}<\/script>\n<!-- \/ Yoast SEO plugin. -->","yoast_head_json":{"title":"Vifte til SHIM til Raspberry Pi \u2022 RaspberryPi.dk","robots":{"index":"index","follow":"follow","max-snippet":"max-snippet:-1","max-image-preview":"max-image-preview:large","max-video-preview":"max-video-preview:-1"},"canonical":"https:\/\/raspberrypi.dk\/no\/produkt\/vifte-til-shim-til-raspberry-pi\/","og_locale":"nb_NO","og_type":"article","og_title":"Vifte til SHIM til Raspberry Pi \u2022 RaspberryPi.dk","og_description":"Gj\u00f8r din Raspberry Pi kul med Fan SHIM! Denne 30 mm loddefrie, kontrollerbare CPU-viften med RGB LED og taktil bryter gir din Raspberry Pi betydelig bedre termisk ytelse.","og_url":"https:\/\/raspberrypi.dk\/no\/produkt\/vifte-til-shim-til-raspberry-pi\/","og_site_name":"RaspberryPi.dk","article_publisher":"https:\/\/facebook.com\/RaspberryPiDanmark","article_modified_time":"2026-01-22T10:50:13+00:00","og_image":[{"width":1024,"height":1024,"url":"https:\/\/raspberrypi.dk\/wp-content\/uploads\/2019\/07\/fan-shim-1.jpg","type":"image\/jpeg"}],"twitter_card":"summary_large_image","twitter_site":"@raspberrypidk","twitter_misc":{"Ansl. lesetid":"3 minutter"},"schema":{"@context":"https:\/\/schema.org","@graph":[{"@type":"WebPage","@id":"https:\/\/raspberrypi.dk\/no\/produkt\/vifte-til-shim-til-raspberry-pi\/","url":"https:\/\/raspberrypi.dk\/no\/produkt\/vifte-til-shim-til-raspberry-pi\/","name":"Vifte til SHIM til Raspberry Pi \u2022 RaspberryPi.dk","isPartOf":{"@id":"https:\/\/raspberrypi.dk\/no\/#website"},"primaryImageOfPage":{"@id":"https:\/\/raspberrypi.dk\/no\/produkt\/vifte-til-shim-til-raspberry-pi\/#primaryimage"},"image":{"@id":"https:\/\/raspberrypi.dk\/no\/produkt\/vifte-til-shim-til-raspberry-pi\/#primaryimage"},"thumbnailUrl":"https:\/\/raspberrypi.dk\/wp-content\/uploads\/2019\/07\/fan-shim-1.jpg","datePublished":"2019-07-01T15:28:07+00:00","dateModified":"2026-01-22T10:50:13+00:00","breadcrumb":{"@id":"https:\/\/raspberrypi.dk\/no\/produkt\/vifte-til-shim-til-raspberry-pi\/#breadcrumb"},"inLanguage":"nb-NO","potentialAction":[{"@type":"ReadAction","target":["https:\/\/raspberrypi.dk\/no\/produkt\/vifte-til-shim-til-raspberry-pi\/"]}]},{"@type":"ImageObject","inLanguage":"nb-NO","@id":"https:\/\/raspberrypi.dk\/no\/produkt\/vifte-til-shim-til-raspberry-pi\/#primaryimage","url":"https:\/\/raspberrypi.dk\/wp-content\/uploads\/2019\/07\/fan-shim-1.jpg","contentUrl":"https:\/\/raspberrypi.dk\/wp-content\/uploads\/2019\/07\/fan-shim-1.jpg","width":1024,"height":1024},{"@type":"BreadcrumbList","@id":"https:\/\/raspberrypi.dk\/no\/produkt\/vifte-til-shim-til-raspberry-pi\/#breadcrumb","itemListElement":[{"@type":"ListItem","position":1,"name":"Hjem","item":"https:\/\/raspberrypi.dk\/no\/raspberry-pi-nettbutikk\/"},{"@type":"ListItem","position":2,"name":"Shop","item":"https:\/\/raspberrypi.dk\/no\/shop-2\/"},{"@type":"ListItem","position":3,"name":"Vifte til SHIM til Raspberry Pi"}]},{"@type":"WebSite","@id":"https:\/\/raspberrypi.dk\/no\/#website","url":"https:\/\/raspberrypi.dk\/no\/","name":"RaspberryPi.dk","description":"Danmarks f\u00f8rende Raspberry Pi side!","publisher":{"@id":"https:\/\/raspberrypi.dk\/no\/#organization"},"potentialAction":[{"@type":"SearchAction","target":{"@type":"EntryPoint","urlTemplate":"https:\/\/raspberrypi.dk\/no\/?s={search_term_string}"},"query-input":{"@type":"PropertyValueSpecification","valueRequired":true,"valueName":"search_term_string"}}],"inLanguage":"nb-NO"},{"@type":"Organization","@id":"https:\/\/raspberrypi.dk\/no\/#organization","name":"RaspberryPi.dk","url":"https:\/\/raspberrypi.dk\/no\/","logo":{"@type":"ImageObject","inLanguage":"nb-NO","@id":"https:\/\/raspberrypi.dk\/no\/#\/schema\/logo\/image\/","url":"https:\/\/raspberrypi.dk\/wp-content\/uploads\/2017\/05\/RaspberryPidk_logo-2.png","contentUrl":"https:\/\/raspberrypi.dk\/wp-content\/uploads\/2017\/05\/RaspberryPidk_logo-2.png","width":470,"height":110,"caption":"RaspberryPi.dk"},"image":{"@id":"https:\/\/raspberrypi.dk\/no\/#\/schema\/logo\/image\/"},"sameAs":["https:\/\/facebook.com\/RaspberryPiDanmark","https:\/\/x.com\/raspberrypidk","https:\/\/instagram.com\/raspberrypi.dk"]}]}},"_links":{"self":[{"href":"https:\/\/raspberrypi.dk\/no\/wp-json\/wp\/v2\/product\/218481","targetHints":{"allow":["GET"]}}],"collection":[{"href":"https:\/\/raspberrypi.dk\/no\/wp-json\/wp\/v2\/product"}],"about":[{"href":"https:\/\/raspberrypi.dk\/no\/wp-json\/wp\/v2\/types\/product"}],"replies":[{"embeddable":true,"href":"https:\/\/raspberrypi.dk\/no\/wp-json\/wp\/v2\/comments?post=218481"}],"wp:featuredmedia":[{"embeddable":true,"href":"https:\/\/raspberrypi.dk\/no\/wp-json\/wp\/v2\/media\/218482"}],"wp:attachment":[{"href":"https:\/\/raspberrypi.dk\/no\/wp-json\/wp\/v2\/media?parent=218481"}],"wp:term":[{"taxonomy":"product_brand","embeddable":true,"href":"https:\/\/raspberrypi.dk\/no\/wp-json\/wp\/v2\/product_brand?post=218481"},{"taxonomy":"product_cat","embeddable":true,"href":"https:\/\/raspberrypi.dk\/no\/wp-json\/wp\/v2\/product_cat?post=218481"},{"taxonomy":"product_tag","embeddable":true,"href":"https:\/\/raspberrypi.dk\/no\/wp-json\/wp\/v2\/product_tag?post=218481"}],"curies":[{"name":"wp","href":"https:\/\/api.w.org\/{rel}","templated":true}]}}