{"id":218489,"date":"2019-07-01T16:53:39","date_gmt":"2019-07-01T14:53:39","guid":{"rendered":"https:\/\/raspberrypi.dk\/produkt\/inky-what-epaper-eink-epd-gul-sort-hvit\/"},"modified":"2026-04-20T14:44:42","modified_gmt":"2026-04-20T12:44:42","slug":"inky-what-epaper-eink-epd-gul-sort-hvit","status":"publish","type":"product","link":"https:\/\/raspberrypi.dk\/no\/produkt\/inky-what-epaper-eink-epd-gul-sort-hvit\/","title":{"rendered":"Inky wHAT (ePaper\/eInk\/EPD) \u2013 Gul\/Svart\/Hvit"},"content":{"rendered":"<p>Den st\u00f8rre skjermen \u00e5pner for mange flere alternativer, med betydelig mer plass til \u00e5 vise informasjon. I likhet med Inky pHAT er skjermen skarp og lesbar i sterkt sollys.<\/p>\n<p>Bruk Inky wHAT som en detaljert v\u00e6rvisning, som en kalender, for daglige nyhetsrapporter, for \u00e5 liste opp husarbeid, eller du kan til og med bruke den som en liten DIY e-leser for \u00e5 lese e-b\u00f8kene dine.<\/p>\n<p><strong>Funksjoner<\/strong><\/p>\n<ul>\n<li>4,2&#8243; EPD-skjerm (400&#215;300 piksler)<\/li>\n<li>40-pins kvinnelig header inkludert for \u00e5 \u00f8ke h\u00f8yden for full st\u00f8rrelse Pis<\/li>\n<li>Standoffs\u00a0inkludert for \u00e5 feste sikkert til din Pi<\/li>\n<li>Ytterligere pinner, inkludert I2C og SPI, brutt ut<\/li>\n<li><a href=\"https:\/\/pinout.xyz\/pinout\/inky_phat\">Inky wHAT pinout<\/a><\/li>\n<li>Kompatibel med alle 40-pinners Raspberry Pi-modeller<\/li>\n<li><a href=\"https:\/\/github.com\/pimoroni\/inky\">Python bibliotek<\/a><\/li>\n<li>Leveres ferdig montert<\/li>\n<\/ul>\n<p>Flerfargede EPD-skjermer, som de p\u00e5 Inky wHAT, bruker genial elektroforese for \u00e5 dra fargede partikler opp og ned p\u00e5 skjermen. De fargede partiklene reflekterer lys, i motsetning til de fleste skjermtyper, noe som betyr at de er synlige under sterkt lys. Det tar vanligvis 25 sekunder \u00e5 oppdatere skjermen.<\/p>\n<p>Alt leveres ferdig montert og ingen lodding n\u00f8dvendig! Skjermen er sikkert festet til Inky wHAT PCB og koblet til via en b\u00e5ndkabel. Bare sett Inky what p\u00e5 Pi-en din og kj\u00f8r installeringen for \u00e5 f\u00e5 alt satt opp!<\/p>\n<p>Pinner, inkludert I2C og SPI, er ogs\u00e5 trukket ut p\u00e5 baksiden av Inky wHAT, slik at du kan koble til flere enheter og lar deg vise dataene deres rett p\u00e5 skjermen.<\/p>\n<p>Det vil fungere med alle 40-pinners versjoner av Pi, inkludert Pi Zero og Pi Zero W.<\/p>\n<p><strong>Programvare<\/strong><\/p>\n<p><a href=\"https:\/\/github.com\/pimoroni\/inky\">Python-biblioteket<\/a>\u00a0gj\u00f8r det enkelt \u00e5 vise tekst og bilder p\u00e5 Inky pHAT, og eksempler inkluderer en s\u00f8t klokke og v\u00e6rvisning. Et en-linje installasjonsprogram for Python-biblioteket er ogs\u00e5 satt sammen for \u00e5 gj\u00f8re installasjonen litt mer enkel.<\/p>\n<p><strong>Notater<\/strong><\/p>\n<ul>\n<li>Pro-tips: Du kan behandle trefargeskjermene som svart-hvitt &#8211; InkyPHAT (&laquo;svart&raquo;) &#8211; og de oppdateres like raskt som en svart-hvitt-skjerm p\u00e5 bare noen f\u00e5 sekunder<\/li>\n<li><strong>Inky wHAT-skjermen er laget av glass, s\u00e5 den er ganske skj\u00f8r. V\u00e6r forsiktig s\u00e5 du ikke mister den eller trykker for hardt, ellers g\u00e5r den i stykker. N\u00e5r du monterer WHAT, hold i kanten av brettet i stedet for \u00e5 trykke p\u00e5 toppen.<\/strong><\/li>\n<li>Totale dimensjoner: 91x77x8,5 mm (BxHxD, dybde inkluderer topptekst og skjerm)<\/li>\n<li>Skjerm ubrukelige omr\u00e5dedimensjoner: 84,8&#215;63,6mm (BxH), 4,2&#8243; diagonal<\/li>\n<\/ul>\n","protected":false},"excerpt":{"rendered":"<p><strong>Inky wHAT<\/strong> er en 400&#215;300 piksler elektronisk papirskjerm (ePaper \/ eInk \/ EPD) for Raspberry Pi, en st\u00f8rre versjon av Inky pHAT-skjermen med mer enn 5 ganger antall piksler.<\/p>\n","protected":false},"featured_media":185844,"comment_status":"open","ping_status":"closed","template":"","meta":[],"product_brand":[],"product_cat":[597,595],"product_tag":[717,703],"class_list":{"0":"post-218489","1":"product","2":"type-product","3":"status-publish","4":"has-post-thumbnail","6":"product_cat-raspberry-pi-hats-gpio-no","7":"product_cat-raspberry-pi-displays-no","8":"product_tag-rpi4-no","9":"product_tag-rpi5-no","11":"first","12":"outofstock","13":"taxable","14":"shipping-taxable","15":"purchasable","16":"product-type-simple"},"composite_virtual":false,"composite_layout":"","composite_add_to_cart_form_location":"","composite_editable_in_cart":false,"composite_sold_individually_context":"","composite_shop_price_calc":"","composite_components":[],"composite_scenarios":[],"bundled_by":[],"bundle_stock_status":"outofstock","bundle_stock_quantity":0,"bundle_virtual":false,"bundle_layout":"","bundle_add_to_cart_form_location":"","bundle_editable_in_cart":false,"bundle_sold_individually_context":"","bundle_item_grouping":"","bundle_min_size":"","bundle_max_size":"","bundle_price":[],"bundled_items":[],"bundle_sell_ids":[],"yoast_head":"<!-- This site is optimized with the Yoast SEO plugin v27.1.1 - https:\/\/yoast.com\/product\/yoast-seo-wordpress\/ -->\n<title>Inky wHAT (ePaper\/eInk\/EPD) \u2013 Gul\/Svart\/Hvit \u2022 RaspberryPi.dk<\/title>\n<meta name=\"robots\" content=\"index, follow, max-snippet:-1, max-image-preview:large, max-video-preview:-1\" \/>\n<link rel=\"canonical\" href=\"https:\/\/raspberrypi.dk\/no\/produkt\/inky-what-epaper-eink-epd-gul-sort-hvit\/\" \/>\n<meta property=\"og:locale\" content=\"nb_NO\" \/>\n<meta property=\"og:type\" content=\"article\" \/>\n<meta property=\"og:title\" content=\"Inky wHAT (ePaper\/eInk\/EPD) \u2013 Gul\/Svart\/Hvit \u2022 RaspberryPi.dk\" \/>\n<meta property=\"og:description\" content=\"Inky wHAT er en 400x300 piksler elektronisk papirskjerm (ePaper \/ eInk \/ EPD) for Raspberry Pi, en st\u00f8rre versjon av Inky pHAT-skjermen med mer enn 5 ganger antall piksler.\" \/>\n<meta property=\"og:url\" content=\"https:\/\/raspberrypi.dk\/no\/produkt\/inky-what-epaper-eink-epd-gul-sort-hvit\/\" \/>\n<meta property=\"og:site_name\" content=\"RaspberryPi.dk\" \/>\n<meta property=\"article:publisher\" content=\"https:\/\/facebook.com\/RaspberryPiDanmark\" \/>\n<meta property=\"article:modified_time\" content=\"2026-04-20T12:44:42+00:00\" \/>\n<meta property=\"og:image\" content=\"https:\/\/raspberrypi.dk\/wp-content\/uploads\/2019\/07\/inky-what-cephalo-8_1024x1024_e3b31f26-c52e-4ee8-a288-75c25491bfae_1024x1024.webp\" \/>\n\t<meta property=\"og:image:width\" content=\"1024\" \/>\n\t<meta property=\"og:image:height\" content=\"1024\" \/>\n\t<meta property=\"og:image:type\" content=\"image\/webp\" \/>\n<meta name=\"twitter:card\" content=\"summary_large_image\" \/>\n<meta name=\"twitter:site\" content=\"@raspberrypidk\" \/>\n<meta name=\"twitter:label1\" content=\"Ansl. lesetid\" \/>\n\t<meta name=\"twitter:data1\" content=\"3 minutter\" \/>\n<script type=\"application\/ld+json\" class=\"yoast-schema-graph\">{\"@context\":\"https:\/\/schema.org\",\"@graph\":[{\"@type\":\"WebPage\",\"@id\":\"https:\/\/raspberrypi.dk\/no\/produkt\/inky-what-epaper-eink-epd-gul-sort-hvit\/\",\"url\":\"https:\/\/raspberrypi.dk\/no\/produkt\/inky-what-epaper-eink-epd-gul-sort-hvit\/\",\"name\":\"Inky wHAT (ePaper\/eInk\/EPD) \u2013 Gul\/Svart\/Hvit \u2022 RaspberryPi.dk\",\"isPartOf\":{\"@id\":\"https:\/\/raspberrypi.dk\/no\/#website\"},\"primaryImageOfPage\":{\"@id\":\"https:\/\/raspberrypi.dk\/no\/produkt\/inky-what-epaper-eink-epd-gul-sort-hvit\/#primaryimage\"},\"image\":{\"@id\":\"https:\/\/raspberrypi.dk\/no\/produkt\/inky-what-epaper-eink-epd-gul-sort-hvit\/#primaryimage\"},\"thumbnailUrl\":\"https:\/\/raspberrypi.dk\/wp-content\/uploads\/2019\/07\/inky-what-cephalo-8_1024x1024_e3b31f26-c52e-4ee8-a288-75c25491bfae_1024x1024.webp\",\"datePublished\":\"2019-07-01T14:53:39+00:00\",\"dateModified\":\"2026-04-20T12:44:42+00:00\",\"breadcrumb\":{\"@id\":\"https:\/\/raspberrypi.dk\/no\/produkt\/inky-what-epaper-eink-epd-gul-sort-hvit\/#breadcrumb\"},\"inLanguage\":\"nb-NO\",\"potentialAction\":[{\"@type\":\"ReadAction\",\"target\":[\"https:\/\/raspberrypi.dk\/no\/produkt\/inky-what-epaper-eink-epd-gul-sort-hvit\/\"]}]},{\"@type\":\"ImageObject\",\"inLanguage\":\"nb-NO\",\"@id\":\"https:\/\/raspberrypi.dk\/no\/produkt\/inky-what-epaper-eink-epd-gul-sort-hvit\/#primaryimage\",\"url\":\"https:\/\/raspberrypi.dk\/wp-content\/uploads\/2019\/07\/inky-what-cephalo-8_1024x1024_e3b31f26-c52e-4ee8-a288-75c25491bfae_1024x1024.webp\",\"contentUrl\":\"https:\/\/raspberrypi.dk\/wp-content\/uploads\/2019\/07\/inky-what-cephalo-8_1024x1024_e3b31f26-c52e-4ee8-a288-75c25491bfae_1024x1024.webp\",\"width\":1024,\"height\":1024,\"caption\":\"Inky wHAT (ePapereInkEPD)\"},{\"@type\":\"BreadcrumbList\",\"@id\":\"https:\/\/raspberrypi.dk\/no\/produkt\/inky-what-epaper-eink-epd-gul-sort-hvit\/#breadcrumb\",\"itemListElement\":[{\"@type\":\"ListItem\",\"position\":1,\"name\":\"Hjem\",\"item\":\"https:\/\/raspberrypi.dk\/no\/raspberry-pi-nettbutikk\/\"},{\"@type\":\"ListItem\",\"position\":2,\"name\":\"Shop\",\"item\":\"https:\/\/raspberrypi.dk\/no\/shop-2\/\"},{\"@type\":\"ListItem\",\"position\":3,\"name\":\"Inky wHAT (ePaper\/eInk\/EPD) \u2013 Gul\/Svart\/Hvit\"}]},{\"@type\":\"WebSite\",\"@id\":\"https:\/\/raspberrypi.dk\/no\/#website\",\"url\":\"https:\/\/raspberrypi.dk\/no\/\",\"name\":\"RaspberryPi.dk\",\"description\":\"Danmarks f\u00f8rende Raspberry Pi side!\",\"publisher\":{\"@id\":\"https:\/\/raspberrypi.dk\/no\/#organization\"},\"potentialAction\":[{\"@type\":\"SearchAction\",\"target\":{\"@type\":\"EntryPoint\",\"urlTemplate\":\"https:\/\/raspberrypi.dk\/no\/?s={search_term_string}\"},\"query-input\":{\"@type\":\"PropertyValueSpecification\",\"valueRequired\":true,\"valueName\":\"search_term_string\"}}],\"inLanguage\":\"nb-NO\"},{\"@type\":\"Organization\",\"@id\":\"https:\/\/raspberrypi.dk\/no\/#organization\",\"name\":\"RaspberryPi.dk\",\"url\":\"https:\/\/raspberrypi.dk\/no\/\",\"logo\":{\"@type\":\"ImageObject\",\"inLanguage\":\"nb-NO\",\"@id\":\"https:\/\/raspberrypi.dk\/no\/#\/schema\/logo\/image\/\",\"url\":\"https:\/\/raspberrypi.dk\/wp-content\/uploads\/2017\/05\/RaspberryPidk_logo-2.png\",\"contentUrl\":\"https:\/\/raspberrypi.dk\/wp-content\/uploads\/2017\/05\/RaspberryPidk_logo-2.png\",\"width\":470,\"height\":110,\"caption\":\"RaspberryPi.dk\"},\"image\":{\"@id\":\"https:\/\/raspberrypi.dk\/no\/#\/schema\/logo\/image\/\"},\"sameAs\":[\"https:\/\/facebook.com\/RaspberryPiDanmark\",\"https:\/\/x.com\/raspberrypidk\",\"https:\/\/instagram.com\/raspberrypi.dk\"]}]}<\/script>\n<!-- \/ Yoast SEO plugin. -->","yoast_head_json":{"title":"Inky wHAT (ePaper\/eInk\/EPD) \u2013 Gul\/Svart\/Hvit \u2022 RaspberryPi.dk","robots":{"index":"index","follow":"follow","max-snippet":"max-snippet:-1","max-image-preview":"max-image-preview:large","max-video-preview":"max-video-preview:-1"},"canonical":"https:\/\/raspberrypi.dk\/no\/produkt\/inky-what-epaper-eink-epd-gul-sort-hvit\/","og_locale":"nb_NO","og_type":"article","og_title":"Inky wHAT (ePaper\/eInk\/EPD) \u2013 Gul\/Svart\/Hvit \u2022 RaspberryPi.dk","og_description":"Inky wHAT er en 400x300 piksler elektronisk papirskjerm (ePaper \/ eInk \/ EPD) for Raspberry Pi, en st\u00f8rre versjon av Inky pHAT-skjermen med mer enn 5 ganger antall piksler.","og_url":"https:\/\/raspberrypi.dk\/no\/produkt\/inky-what-epaper-eink-epd-gul-sort-hvit\/","og_site_name":"RaspberryPi.dk","article_publisher":"https:\/\/facebook.com\/RaspberryPiDanmark","article_modified_time":"2026-04-20T12:44:42+00:00","og_image":[{"width":1024,"height":1024,"url":"https:\/\/raspberrypi.dk\/wp-content\/uploads\/2019\/07\/inky-what-cephalo-8_1024x1024_e3b31f26-c52e-4ee8-a288-75c25491bfae_1024x1024.webp","type":"image\/webp"}],"twitter_card":"summary_large_image","twitter_site":"@raspberrypidk","twitter_misc":{"Ansl. lesetid":"3 minutter"},"schema":{"@context":"https:\/\/schema.org","@graph":[{"@type":"WebPage","@id":"https:\/\/raspberrypi.dk\/no\/produkt\/inky-what-epaper-eink-epd-gul-sort-hvit\/","url":"https:\/\/raspberrypi.dk\/no\/produkt\/inky-what-epaper-eink-epd-gul-sort-hvit\/","name":"Inky wHAT (ePaper\/eInk\/EPD) \u2013 Gul\/Svart\/Hvit \u2022 RaspberryPi.dk","isPartOf":{"@id":"https:\/\/raspberrypi.dk\/no\/#website"},"primaryImageOfPage":{"@id":"https:\/\/raspberrypi.dk\/no\/produkt\/inky-what-epaper-eink-epd-gul-sort-hvit\/#primaryimage"},"image":{"@id":"https:\/\/raspberrypi.dk\/no\/produkt\/inky-what-epaper-eink-epd-gul-sort-hvit\/#primaryimage"},"thumbnailUrl":"https:\/\/raspberrypi.dk\/wp-content\/uploads\/2019\/07\/inky-what-cephalo-8_1024x1024_e3b31f26-c52e-4ee8-a288-75c25491bfae_1024x1024.webp","datePublished":"2019-07-01T14:53:39+00:00","dateModified":"2026-04-20T12:44:42+00:00","breadcrumb":{"@id":"https:\/\/raspberrypi.dk\/no\/produkt\/inky-what-epaper-eink-epd-gul-sort-hvit\/#breadcrumb"},"inLanguage":"nb-NO","potentialAction":[{"@type":"ReadAction","target":["https:\/\/raspberrypi.dk\/no\/produkt\/inky-what-epaper-eink-epd-gul-sort-hvit\/"]}]},{"@type":"ImageObject","inLanguage":"nb-NO","@id":"https:\/\/raspberrypi.dk\/no\/produkt\/inky-what-epaper-eink-epd-gul-sort-hvit\/#primaryimage","url":"https:\/\/raspberrypi.dk\/wp-content\/uploads\/2019\/07\/inky-what-cephalo-8_1024x1024_e3b31f26-c52e-4ee8-a288-75c25491bfae_1024x1024.webp","contentUrl":"https:\/\/raspberrypi.dk\/wp-content\/uploads\/2019\/07\/inky-what-cephalo-8_1024x1024_e3b31f26-c52e-4ee8-a288-75c25491bfae_1024x1024.webp","width":1024,"height":1024,"caption":"Inky wHAT (ePapereInkEPD)"},{"@type":"BreadcrumbList","@id":"https:\/\/raspberrypi.dk\/no\/produkt\/inky-what-epaper-eink-epd-gul-sort-hvit\/#breadcrumb","itemListElement":[{"@type":"ListItem","position":1,"name":"Hjem","item":"https:\/\/raspberrypi.dk\/no\/raspberry-pi-nettbutikk\/"},{"@type":"ListItem","position":2,"name":"Shop","item":"https:\/\/raspberrypi.dk\/no\/shop-2\/"},{"@type":"ListItem","position":3,"name":"Inky wHAT (ePaper\/eInk\/EPD) \u2013 Gul\/Svart\/Hvit"}]},{"@type":"WebSite","@id":"https:\/\/raspberrypi.dk\/no\/#website","url":"https:\/\/raspberrypi.dk\/no\/","name":"RaspberryPi.dk","description":"Danmarks f\u00f8rende Raspberry Pi side!","publisher":{"@id":"https:\/\/raspberrypi.dk\/no\/#organization"},"potentialAction":[{"@type":"SearchAction","target":{"@type":"EntryPoint","urlTemplate":"https:\/\/raspberrypi.dk\/no\/?s={search_term_string}"},"query-input":{"@type":"PropertyValueSpecification","valueRequired":true,"valueName":"search_term_string"}}],"inLanguage":"nb-NO"},{"@type":"Organization","@id":"https:\/\/raspberrypi.dk\/no\/#organization","name":"RaspberryPi.dk","url":"https:\/\/raspberrypi.dk\/no\/","logo":{"@type":"ImageObject","inLanguage":"nb-NO","@id":"https:\/\/raspberrypi.dk\/no\/#\/schema\/logo\/image\/","url":"https:\/\/raspberrypi.dk\/wp-content\/uploads\/2017\/05\/RaspberryPidk_logo-2.png","contentUrl":"https:\/\/raspberrypi.dk\/wp-content\/uploads\/2017\/05\/RaspberryPidk_logo-2.png","width":470,"height":110,"caption":"RaspberryPi.dk"},"image":{"@id":"https:\/\/raspberrypi.dk\/no\/#\/schema\/logo\/image\/"},"sameAs":["https:\/\/facebook.com\/RaspberryPiDanmark","https:\/\/x.com\/raspberrypidk","https:\/\/instagram.com\/raspberrypi.dk"]}]}},"_links":{"self":[{"href":"https:\/\/raspberrypi.dk\/no\/wp-json\/wp\/v2\/product\/218489","targetHints":{"allow":["GET"]}}],"collection":[{"href":"https:\/\/raspberrypi.dk\/no\/wp-json\/wp\/v2\/product"}],"about":[{"href":"https:\/\/raspberrypi.dk\/no\/wp-json\/wp\/v2\/types\/product"}],"replies":[{"embeddable":true,"href":"https:\/\/raspberrypi.dk\/no\/wp-json\/wp\/v2\/comments?post=218489"}],"wp:featuredmedia":[{"embeddable":true,"href":"https:\/\/raspberrypi.dk\/no\/wp-json\/wp\/v2\/media\/185844"}],"wp:attachment":[{"href":"https:\/\/raspberrypi.dk\/no\/wp-json\/wp\/v2\/media?parent=218489"}],"wp:term":[{"taxonomy":"product_brand","embeddable":true,"href":"https:\/\/raspberrypi.dk\/no\/wp-json\/wp\/v2\/product_brand?post=218489"},{"taxonomy":"product_cat","embeddable":true,"href":"https:\/\/raspberrypi.dk\/no\/wp-json\/wp\/v2\/product_cat?post=218489"},{"taxonomy":"product_tag","embeddable":true,"href":"https:\/\/raspberrypi.dk\/no\/wp-json\/wp\/v2\/product_tag?post=218489"}],"curies":[{"name":"wp","href":"https:\/\/api.w.org\/{rel}","templated":true}]}}