{"id":218502,"date":"2019-06-30T19:18:25","date_gmt":"2019-06-30T17:18:25","guid":{"rendered":"https:\/\/raspberrypi.dk\/produkt\/lipo-shim\/"},"modified":"2024-04-13T14:56:18","modified_gmt":"2024-04-13T12:56:18","slug":"lipo-shim","status":"publish","type":"product","link":"https:\/\/raspberrypi.dk\/no\/produkt\/lipo-shim\/","title":{"rendered":"LiPo SHIM"},"content":{"rendered":"<p><strong>Funksjoner<\/strong><\/p>\n<ul>\n<li>0,8 mm tykk PCB<\/li>\n<li>Formet for \u00e5 sitte s\u00e5 lavt som mulig p\u00e5 Raspberry Pi<\/li>\n<li>2-pins JST-kontakt ideell for de fleste LiPo \/ LiIon-batterier<\/li>\n<li>Lysdiode\u00a0for str\u00f8m og lavt batteri<\/li>\n<li>Leverer opptil 1,5A kontinuerlig str\u00f8m (15uA tomgangstid)<\/li>\n<li>Advarsel om lavt batteri ved 3,4V (GPIO #4 lavt)<\/li>\n<li>Automatisk avstenging ved 3,0V for \u00e5 beskytte batteriet<\/li>\n<li>VBAT +, GND og EN pin tilgjengelig for bruk<\/li>\n<li>2&#215;6 0,1&#8243; hunnhode (valgfritt for ikke-permanent installasjon)<\/li>\n<li>Inkluderer gummifot for \u00e5 holde LiPo SHIM unna din Raspberry Pi<\/li>\n<li><a href=\"https:\/\/pinout.xyz\/pinout\/zero_lipo\">LiPo SHIM pinout<\/a><\/li>\n<li>Kompatibel med alle 40-pinners Raspberry Pi-modeller<\/li>\n<li><strong>Krever lodding<\/strong><\/li>\n<li><strong>Batteri er ikke inkludert<\/strong><\/li>\n<\/ul>\n<p><strong>Programvare<\/strong><\/p>\n<p>Det er opprettet et installeringsprogram med \u00e9n linje som vil starte en ren avslutning n\u00e5r advarselen om lavt batteri utl\u00f8ses og GPIO #4 er trukket lavt. Flere detaljer er<a href=\"https:\/\/github.com\/pimoroni\/clean-shutdown\"> tilgjengelige her i GitHub-depotet.<\/a><\/p>\n<p><strong>MERK F\u00d8LGENDE!<\/strong><\/p>\n<p>Dette er ikke en lader. Du trenger en separat lader for \u00e5 holde LiPo \/ LiIon-batteriene ladet!<\/p>\n<p>VBAT+- og GND-pinnene som er brutt ut kan brukes som en alternativ m\u00e5te \u00e5 injisere str\u00f8m p\u00e5, for eksempel hvis du \u00f8nsker \u00e5 lodde din egen JST-kontakt med ledninger for \u00e5 gj\u00f8re den litt lengre.<\/p>\n<p>EN-pinnen kan trekkes til GND for \u00e5 sl\u00e5 av str\u00f8mmen fra LiPo SHIM.<\/p>\n","protected":false},"excerpt":{"rendered":"<p>Denne lille LiPo\/LiIon-str\u00f8mforsynings shim gj\u00f8r det mulig \u00e5 drive din Raspberry Pi via batteri.<\/p>\n","protected":false},"featured_media":218503,"comment_status":"open","ping_status":"closed","template":"","meta":[],"product_brand":[],"product_cat":[597,605],"product_tag":[717,703],"class_list":{"0":"post-218502","1":"product","2":"type-product","3":"status-publish","4":"has-post-thumbnail","6":"product_cat-raspberry-pi-hats-gpio-no","7":"product_cat-raspberry-pi-stromforsyninger-no","8":"product_tag-rpi4-no","9":"product_tag-rpi5-no","11":"first","12":"outofstock","13":"taxable","14":"shipping-taxable","15":"purchasable","16":"product-type-simple"},"composite_virtual":false,"composite_layout":"","composite_add_to_cart_form_location":"","composite_editable_in_cart":false,"composite_sold_individually_context":"","composite_shop_price_calc":"","composite_components":[],"composite_scenarios":[],"bundled_by":[],"bundle_stock_status":"outofstock","bundle_stock_quantity":0,"bundle_virtual":false,"bundle_layout":"","bundle_add_to_cart_form_location":"","bundle_editable_in_cart":false,"bundle_sold_individually_context":"","bundle_item_grouping":"","bundle_min_size":"","bundle_max_size":"","bundle_price":[],"bundled_items":[],"bundle_sell_ids":[217804],"yoast_head":"<!-- This site is optimized with the Yoast SEO plugin v27.1.1 - https:\/\/yoast.com\/product\/yoast-seo-wordpress\/ -->\n<title>LiPo SHIM \u2022 RaspberryPi.dk<\/title>\n<meta name=\"robots\" content=\"index, follow, max-snippet:-1, max-image-preview:large, max-video-preview:-1\" \/>\n<link rel=\"canonical\" href=\"https:\/\/raspberrypi.dk\/no\/produkt\/lipo-shim\/\" \/>\n<meta property=\"og:locale\" content=\"nb_NO\" \/>\n<meta property=\"og:type\" content=\"article\" \/>\n<meta property=\"og:title\" content=\"LiPo SHIM \u2022 RaspberryPi.dk\" \/>\n<meta property=\"og:description\" content=\"Denne lille LiPo\/LiIon-str\u00f8mforsynings shim gj\u00f8r det mulig \u00e5 drive din Raspberry Pi via batteri.\" \/>\n<meta property=\"og:url\" content=\"https:\/\/raspberrypi.dk\/no\/produkt\/lipo-shim\/\" \/>\n<meta property=\"og:site_name\" content=\"RaspberryPi.dk\" \/>\n<meta property=\"article:publisher\" content=\"https:\/\/facebook.com\/RaspberryPiDanmark\" \/>\n<meta property=\"article:modified_time\" content=\"2024-04-13T12:56:18+00:00\" \/>\n<meta property=\"og:image\" content=\"https:\/\/raspberrypi.dk\/wp-content\/uploads\/2019\/06\/lipo-shim-1.jpg\" \/>\n\t<meta property=\"og:image:width\" content=\"600\" \/>\n\t<meta property=\"og:image:height\" content=\"600\" \/>\n\t<meta property=\"og:image:type\" content=\"image\/jpeg\" \/>\n<meta name=\"twitter:card\" content=\"summary_large_image\" \/>\n<meta name=\"twitter:site\" content=\"@raspberrypidk\" \/>\n<meta name=\"twitter:label1\" content=\"Ansl. lesetid\" \/>\n\t<meta name=\"twitter:data1\" content=\"2 minutter\" \/>\n<script type=\"application\/ld+json\" class=\"yoast-schema-graph\">{\"@context\":\"https:\/\/schema.org\",\"@graph\":[{\"@type\":\"WebPage\",\"@id\":\"https:\/\/raspberrypi.dk\/no\/produkt\/lipo-shim\/\",\"url\":\"https:\/\/raspberrypi.dk\/no\/produkt\/lipo-shim\/\",\"name\":\"LiPo SHIM \u2022 RaspberryPi.dk\",\"isPartOf\":{\"@id\":\"https:\/\/raspberrypi.dk\/no\/#website\"},\"primaryImageOfPage\":{\"@id\":\"https:\/\/raspberrypi.dk\/no\/produkt\/lipo-shim\/#primaryimage\"},\"image\":{\"@id\":\"https:\/\/raspberrypi.dk\/no\/produkt\/lipo-shim\/#primaryimage\"},\"thumbnailUrl\":\"https:\/\/raspberrypi.dk\/wp-content\/uploads\/2019\/06\/lipo-shim-1.jpg\",\"datePublished\":\"2019-06-30T17:18:25+00:00\",\"dateModified\":\"2024-04-13T12:56:18+00:00\",\"breadcrumb\":{\"@id\":\"https:\/\/raspberrypi.dk\/no\/produkt\/lipo-shim\/#breadcrumb\"},\"inLanguage\":\"nb-NO\",\"potentialAction\":[{\"@type\":\"ReadAction\",\"target\":[\"https:\/\/raspberrypi.dk\/no\/produkt\/lipo-shim\/\"]}]},{\"@type\":\"ImageObject\",\"inLanguage\":\"nb-NO\",\"@id\":\"https:\/\/raspberrypi.dk\/no\/produkt\/lipo-shim\/#primaryimage\",\"url\":\"https:\/\/raspberrypi.dk\/wp-content\/uploads\/2019\/06\/lipo-shim-1.jpg\",\"contentUrl\":\"https:\/\/raspberrypi.dk\/wp-content\/uploads\/2019\/06\/lipo-shim-1.jpg\",\"width\":600,\"height\":600},{\"@type\":\"BreadcrumbList\",\"@id\":\"https:\/\/raspberrypi.dk\/no\/produkt\/lipo-shim\/#breadcrumb\",\"itemListElement\":[{\"@type\":\"ListItem\",\"position\":1,\"name\":\"Hjem\",\"item\":\"https:\/\/raspberrypi.dk\/no\/raspberry-pi-nettbutikk\/\"},{\"@type\":\"ListItem\",\"position\":2,\"name\":\"Shop\",\"item\":\"https:\/\/raspberrypi.dk\/no\/shop-2\/\"},{\"@type\":\"ListItem\",\"position\":3,\"name\":\"LiPo SHIM\"}]},{\"@type\":\"WebSite\",\"@id\":\"https:\/\/raspberrypi.dk\/no\/#website\",\"url\":\"https:\/\/raspberrypi.dk\/no\/\",\"name\":\"RaspberryPi.dk\",\"description\":\"Danmarks f\u00f8rende Raspberry Pi side!\",\"publisher\":{\"@id\":\"https:\/\/raspberrypi.dk\/no\/#organization\"},\"potentialAction\":[{\"@type\":\"SearchAction\",\"target\":{\"@type\":\"EntryPoint\",\"urlTemplate\":\"https:\/\/raspberrypi.dk\/no\/?s={search_term_string}\"},\"query-input\":{\"@type\":\"PropertyValueSpecification\",\"valueRequired\":true,\"valueName\":\"search_term_string\"}}],\"inLanguage\":\"nb-NO\"},{\"@type\":\"Organization\",\"@id\":\"https:\/\/raspberrypi.dk\/no\/#organization\",\"name\":\"RaspberryPi.dk\",\"url\":\"https:\/\/raspberrypi.dk\/no\/\",\"logo\":{\"@type\":\"ImageObject\",\"inLanguage\":\"nb-NO\",\"@id\":\"https:\/\/raspberrypi.dk\/no\/#\/schema\/logo\/image\/\",\"url\":\"https:\/\/raspberrypi.dk\/wp-content\/uploads\/2017\/05\/RaspberryPidk_logo-2.png\",\"contentUrl\":\"https:\/\/raspberrypi.dk\/wp-content\/uploads\/2017\/05\/RaspberryPidk_logo-2.png\",\"width\":470,\"height\":110,\"caption\":\"RaspberryPi.dk\"},\"image\":{\"@id\":\"https:\/\/raspberrypi.dk\/no\/#\/schema\/logo\/image\/\"},\"sameAs\":[\"https:\/\/facebook.com\/RaspberryPiDanmark\",\"https:\/\/x.com\/raspberrypidk\",\"https:\/\/instagram.com\/raspberrypi.dk\"]}]}<\/script>\n<!-- \/ Yoast SEO plugin. -->","yoast_head_json":{"title":"LiPo SHIM \u2022 RaspberryPi.dk","robots":{"index":"index","follow":"follow","max-snippet":"max-snippet:-1","max-image-preview":"max-image-preview:large","max-video-preview":"max-video-preview:-1"},"canonical":"https:\/\/raspberrypi.dk\/no\/produkt\/lipo-shim\/","og_locale":"nb_NO","og_type":"article","og_title":"LiPo SHIM \u2022 RaspberryPi.dk","og_description":"Denne lille LiPo\/LiIon-str\u00f8mforsynings shim gj\u00f8r det mulig \u00e5 drive din Raspberry Pi via batteri.","og_url":"https:\/\/raspberrypi.dk\/no\/produkt\/lipo-shim\/","og_site_name":"RaspberryPi.dk","article_publisher":"https:\/\/facebook.com\/RaspberryPiDanmark","article_modified_time":"2024-04-13T12:56:18+00:00","og_image":[{"width":600,"height":600,"url":"https:\/\/raspberrypi.dk\/wp-content\/uploads\/2019\/06\/lipo-shim-1.jpg","type":"image\/jpeg"}],"twitter_card":"summary_large_image","twitter_site":"@raspberrypidk","twitter_misc":{"Ansl. lesetid":"2 minutter"},"schema":{"@context":"https:\/\/schema.org","@graph":[{"@type":"WebPage","@id":"https:\/\/raspberrypi.dk\/no\/produkt\/lipo-shim\/","url":"https:\/\/raspberrypi.dk\/no\/produkt\/lipo-shim\/","name":"LiPo SHIM \u2022 RaspberryPi.dk","isPartOf":{"@id":"https:\/\/raspberrypi.dk\/no\/#website"},"primaryImageOfPage":{"@id":"https:\/\/raspberrypi.dk\/no\/produkt\/lipo-shim\/#primaryimage"},"image":{"@id":"https:\/\/raspberrypi.dk\/no\/produkt\/lipo-shim\/#primaryimage"},"thumbnailUrl":"https:\/\/raspberrypi.dk\/wp-content\/uploads\/2019\/06\/lipo-shim-1.jpg","datePublished":"2019-06-30T17:18:25+00:00","dateModified":"2024-04-13T12:56:18+00:00","breadcrumb":{"@id":"https:\/\/raspberrypi.dk\/no\/produkt\/lipo-shim\/#breadcrumb"},"inLanguage":"nb-NO","potentialAction":[{"@type":"ReadAction","target":["https:\/\/raspberrypi.dk\/no\/produkt\/lipo-shim\/"]}]},{"@type":"ImageObject","inLanguage":"nb-NO","@id":"https:\/\/raspberrypi.dk\/no\/produkt\/lipo-shim\/#primaryimage","url":"https:\/\/raspberrypi.dk\/wp-content\/uploads\/2019\/06\/lipo-shim-1.jpg","contentUrl":"https:\/\/raspberrypi.dk\/wp-content\/uploads\/2019\/06\/lipo-shim-1.jpg","width":600,"height":600},{"@type":"BreadcrumbList","@id":"https:\/\/raspberrypi.dk\/no\/produkt\/lipo-shim\/#breadcrumb","itemListElement":[{"@type":"ListItem","position":1,"name":"Hjem","item":"https:\/\/raspberrypi.dk\/no\/raspberry-pi-nettbutikk\/"},{"@type":"ListItem","position":2,"name":"Shop","item":"https:\/\/raspberrypi.dk\/no\/shop-2\/"},{"@type":"ListItem","position":3,"name":"LiPo SHIM"}]},{"@type":"WebSite","@id":"https:\/\/raspberrypi.dk\/no\/#website","url":"https:\/\/raspberrypi.dk\/no\/","name":"RaspberryPi.dk","description":"Danmarks f\u00f8rende Raspberry Pi side!","publisher":{"@id":"https:\/\/raspberrypi.dk\/no\/#organization"},"potentialAction":[{"@type":"SearchAction","target":{"@type":"EntryPoint","urlTemplate":"https:\/\/raspberrypi.dk\/no\/?s={search_term_string}"},"query-input":{"@type":"PropertyValueSpecification","valueRequired":true,"valueName":"search_term_string"}}],"inLanguage":"nb-NO"},{"@type":"Organization","@id":"https:\/\/raspberrypi.dk\/no\/#organization","name":"RaspberryPi.dk","url":"https:\/\/raspberrypi.dk\/no\/","logo":{"@type":"ImageObject","inLanguage":"nb-NO","@id":"https:\/\/raspberrypi.dk\/no\/#\/schema\/logo\/image\/","url":"https:\/\/raspberrypi.dk\/wp-content\/uploads\/2017\/05\/RaspberryPidk_logo-2.png","contentUrl":"https:\/\/raspberrypi.dk\/wp-content\/uploads\/2017\/05\/RaspberryPidk_logo-2.png","width":470,"height":110,"caption":"RaspberryPi.dk"},"image":{"@id":"https:\/\/raspberrypi.dk\/no\/#\/schema\/logo\/image\/"},"sameAs":["https:\/\/facebook.com\/RaspberryPiDanmark","https:\/\/x.com\/raspberrypidk","https:\/\/instagram.com\/raspberrypi.dk"]}]}},"_links":{"self":[{"href":"https:\/\/raspberrypi.dk\/no\/wp-json\/wp\/v2\/product\/218502","targetHints":{"allow":["GET"]}}],"collection":[{"href":"https:\/\/raspberrypi.dk\/no\/wp-json\/wp\/v2\/product"}],"about":[{"href":"https:\/\/raspberrypi.dk\/no\/wp-json\/wp\/v2\/types\/product"}],"replies":[{"embeddable":true,"href":"https:\/\/raspberrypi.dk\/no\/wp-json\/wp\/v2\/comments?post=218502"}],"wp:featuredmedia":[{"embeddable":true,"href":"https:\/\/raspberrypi.dk\/no\/wp-json\/wp\/v2\/media\/218503"}],"wp:attachment":[{"href":"https:\/\/raspberrypi.dk\/no\/wp-json\/wp\/v2\/media?parent=218502"}],"wp:term":[{"taxonomy":"product_brand","embeddable":true,"href":"https:\/\/raspberrypi.dk\/no\/wp-json\/wp\/v2\/product_brand?post=218502"},{"taxonomy":"product_cat","embeddable":true,"href":"https:\/\/raspberrypi.dk\/no\/wp-json\/wp\/v2\/product_cat?post=218502"},{"taxonomy":"product_tag","embeddable":true,"href":"https:\/\/raspberrypi.dk\/no\/wp-json\/wp\/v2\/product_tag?post=218502"}],"curies":[{"name":"wp","href":"https:\/\/api.w.org\/{rel}","templated":true}]}}