{"id":218509,"date":"2019-06-25T23:11:18","date_gmt":"2019-06-25T21:11:18","guid":{"rendered":"https:\/\/raspberrypi.dk\/produkt\/raspberry-pi-dvb-tv-uhat\/"},"modified":"2024-04-13T14:59:48","modified_gmt":"2024-04-13T12:59:48","slug":"raspberry-pi-dvb-tv-uhat","status":"publish","type":"product","link":"https:\/\/raspberrypi.dk\/no\/produkt\/raspberry-pi-dvb-tv-uhat\/","title":{"rendered":"Raspberry Pi DVB TV uHAT"},"content":{"rendered":"<p><a href=\"https:\/\/raspberrypi.dk\/wp-content\/uploads\/2018\/10\/Getting-started-with-the-Raspberry-Pi-TV-HAT.pdf\">Veiledning for \u00e5 komme i gang med Raspberry Pi DVB TV uHAT<\/a><\/p>\n<div class=\"page\" title=\"Page 1\">\n<div class=\"layoutArea\">\n<div class=\"column\">\n<p>Med Raspberry Pi DVB TV uHAT kan du motta og se TV p\u00e5 en Raspberry Pi eller lage en TV-server som lar deg streame mottatt TV over et nettverk til andre enheter. TV HAT kan brukes p\u00e5 alle Raspberry Pi-kort n\u00e5r de kj\u00f8rer som en backend (server for andre enheter p\u00e5 nettverket). Ytelsen n\u00e5r du mottar og ser p\u00e5 TV p\u00e5 en Pi kan variere, og det anbefales \u00e5 bruke en Raspberry Pi 2, 3 eller 3+ for \u00e5 gj\u00f8re dette.<\/p>\n<p>Boardet kommer med et sett med mekaniske avstandsstykker, en 40-pinners header og en antenneadapter (Aerial).<\/p>\n<p>Digital Video Broadcast (DVB) er en mye brukt standard for overf\u00f8ring av kringkastet TV.<\/p>\n<p><strong>Spesifikasjoner<\/strong><\/p>\n<p>Sony CXD2880 TV-tuner<\/p>\n<p>St\u00f8ttede TV-standarder: DVB-T2, DVB-T<\/p>\n<p>Mottaksfrekvens: VHF III, UHF IV, UHF V<\/p>\n<p>Kanalb\u00e5ndbredde:<\/p>\n<p>DVB-T2: 1,7MHz, 5MHz, 6MHz, 7MHz, 8MHz<\/p>\n<p>DVB-T: 5MHz, 6MHz, 7MHz, 8MHz<\/p>\n<p><strong>V\u00e6r oppmerksom p\u00e5 at det er ditt eget ansvar \u00e5 s\u00f8rge for at du har n\u00f8dvendige tillatelser\/tillatelser for \u00e5 motta TV.<\/strong><\/p>\n<\/div>\n<\/div>\n<\/div>\n","protected":false},"excerpt":{"rendered":"<p>Veiledning for \u00e5 komme i gang med Raspberry Pi DVB TV uHAT Med Raspberry Pi DVB TV uHAT kan du motta og se TV p\u00e5 en Raspberry Pi eller lage en TV-server som lar deg streame mottatt TV over et nettverk til andre enheter. TV HAT kan brukes p\u00e5 alle Raspberry Pi-kort n\u00e5r de kj\u00f8rer [&hellip;]<\/p>\n","protected":false},"featured_media":218510,"comment_status":"open","ping_status":"closed","template":"","meta":[],"product_brand":[],"product_cat":[597,598],"product_tag":[717,703],"class_list":{"0":"post-218509","1":"product","2":"type-product","3":"status-publish","4":"has-post-thumbnail","6":"product_cat-raspberry-pi-hats-gpio-no","7":"product_cat-kabler-og-adaptere-til-raspberry-pi-no","8":"product_tag-rpi4-no","9":"product_tag-rpi5-no","11":"first","12":"outofstock","13":"taxable","14":"shipping-taxable","15":"purchasable","16":"product-type-simple"},"composite_virtual":false,"composite_layout":"","composite_add_to_cart_form_location":"","composite_editable_in_cart":false,"composite_sold_individually_context":"","composite_shop_price_calc":"","composite_components":[],"composite_scenarios":[],"bundled_by":[],"bundle_stock_status":"outofstock","bundle_stock_quantity":0,"bundle_virtual":false,"bundle_layout":"","bundle_add_to_cart_form_location":"","bundle_editable_in_cart":false,"bundle_sold_individually_context":"","bundle_item_grouping":"","bundle_min_size":"","bundle_max_size":"","bundle_price":[],"bundled_items":[],"bundle_sell_ids":[],"yoast_head":"<!-- This site is optimized with the Yoast SEO plugin v27.1.1 - https:\/\/yoast.com\/product\/yoast-seo-wordpress\/ -->\n<title>Raspberry Pi DVB TV uHAT \u2022 RaspberryPi.dk<\/title>\n<meta name=\"robots\" content=\"index, follow, max-snippet:-1, max-image-preview:large, max-video-preview:-1\" \/>\n<link rel=\"canonical\" href=\"https:\/\/raspberrypi.dk\/no\/produkt\/raspberry-pi-dvb-tv-uhat\/\" \/>\n<meta property=\"og:locale\" content=\"nb_NO\" \/>\n<meta property=\"og:type\" content=\"article\" \/>\n<meta property=\"og:title\" content=\"Raspberry Pi DVB TV uHAT \u2022 RaspberryPi.dk\" \/>\n<meta property=\"og:description\" content=\"Veiledning for \u00e5 komme i gang med Raspberry Pi DVB TV uHAT Med Raspberry Pi DVB TV uHAT kan du motta og se TV p\u00e5 en Raspberry Pi eller lage en TV-server som lar deg streame mottatt TV over et nettverk til andre enheter. TV HAT kan brukes p\u00e5 alle Raspberry Pi-kort n\u00e5r de kj\u00f8rer [&hellip;]\" \/>\n<meta property=\"og:url\" content=\"https:\/\/raspberrypi.dk\/no\/produkt\/raspberry-pi-dvb-tv-uhat\/\" \/>\n<meta property=\"og:site_name\" content=\"RaspberryPi.dk\" \/>\n<meta property=\"article:publisher\" content=\"https:\/\/facebook.com\/RaspberryPiDanmark\" \/>\n<meta property=\"article:modified_time\" content=\"2024-04-13T12:59:48+00:00\" \/>\n<meta property=\"og:image\" content=\"https:\/\/raspberrypi.dk\/wp-content\/uploads\/2018\/10\/raspberry-pi-tv-uhat-2.jpg\" \/>\n\t<meta property=\"og:image:width\" content=\"1920\" \/>\n\t<meta property=\"og:image:height\" content=\"1268\" \/>\n\t<meta property=\"og:image:type\" content=\"image\/jpeg\" \/>\n<meta name=\"twitter:card\" content=\"summary_large_image\" \/>\n<meta name=\"twitter:site\" content=\"@raspberrypidk\" \/>\n<meta name=\"twitter:label1\" content=\"Ansl. lesetid\" \/>\n\t<meta name=\"twitter:data1\" content=\"2 minutter\" \/>\n<script type=\"application\/ld+json\" class=\"yoast-schema-graph\">{\"@context\":\"https:\/\/schema.org\",\"@graph\":[{\"@type\":\"WebPage\",\"@id\":\"https:\/\/raspberrypi.dk\/no\/produkt\/raspberry-pi-dvb-tv-uhat\/\",\"url\":\"https:\/\/raspberrypi.dk\/no\/produkt\/raspberry-pi-dvb-tv-uhat\/\",\"name\":\"Raspberry Pi DVB TV uHAT \u2022 RaspberryPi.dk\",\"isPartOf\":{\"@id\":\"https:\/\/raspberrypi.dk\/no\/#website\"},\"primaryImageOfPage\":{\"@id\":\"https:\/\/raspberrypi.dk\/no\/produkt\/raspberry-pi-dvb-tv-uhat\/#primaryimage\"},\"image\":{\"@id\":\"https:\/\/raspberrypi.dk\/no\/produkt\/raspberry-pi-dvb-tv-uhat\/#primaryimage\"},\"thumbnailUrl\":\"https:\/\/raspberrypi.dk\/wp-content\/uploads\/2018\/10\/raspberry-pi-tv-uhat-2.jpg\",\"datePublished\":\"2019-06-25T21:11:18+00:00\",\"dateModified\":\"2024-04-13T12:59:48+00:00\",\"breadcrumb\":{\"@id\":\"https:\/\/raspberrypi.dk\/no\/produkt\/raspberry-pi-dvb-tv-uhat\/#breadcrumb\"},\"inLanguage\":\"nb-NO\",\"potentialAction\":[{\"@type\":\"ReadAction\",\"target\":[\"https:\/\/raspberrypi.dk\/no\/produkt\/raspberry-pi-dvb-tv-uhat\/\"]}]},{\"@type\":\"ImageObject\",\"inLanguage\":\"nb-NO\",\"@id\":\"https:\/\/raspberrypi.dk\/no\/produkt\/raspberry-pi-dvb-tv-uhat\/#primaryimage\",\"url\":\"https:\/\/raspberrypi.dk\/wp-content\/uploads\/2018\/10\/raspberry-pi-tv-uhat-2.jpg\",\"contentUrl\":\"https:\/\/raspberrypi.dk\/wp-content\/uploads\/2018\/10\/raspberry-pi-tv-uhat-2.jpg\",\"width\":1920,\"height\":1268},{\"@type\":\"BreadcrumbList\",\"@id\":\"https:\/\/raspberrypi.dk\/no\/produkt\/raspberry-pi-dvb-tv-uhat\/#breadcrumb\",\"itemListElement\":[{\"@type\":\"ListItem\",\"position\":1,\"name\":\"Hjem\",\"item\":\"https:\/\/raspberrypi.dk\/no\/raspberry-pi-nettbutikk\/\"},{\"@type\":\"ListItem\",\"position\":2,\"name\":\"Shop\",\"item\":\"https:\/\/raspberrypi.dk\/no\/shop-2\/\"},{\"@type\":\"ListItem\",\"position\":3,\"name\":\"Raspberry Pi DVB TV uHAT\"}]},{\"@type\":\"WebSite\",\"@id\":\"https:\/\/raspberrypi.dk\/no\/#website\",\"url\":\"https:\/\/raspberrypi.dk\/no\/\",\"name\":\"RaspberryPi.dk\",\"description\":\"Danmarks f\u00f8rende Raspberry Pi side!\",\"publisher\":{\"@id\":\"https:\/\/raspberrypi.dk\/no\/#organization\"},\"potentialAction\":[{\"@type\":\"SearchAction\",\"target\":{\"@type\":\"EntryPoint\",\"urlTemplate\":\"https:\/\/raspberrypi.dk\/no\/?s={search_term_string}\"},\"query-input\":{\"@type\":\"PropertyValueSpecification\",\"valueRequired\":true,\"valueName\":\"search_term_string\"}}],\"inLanguage\":\"nb-NO\"},{\"@type\":\"Organization\",\"@id\":\"https:\/\/raspberrypi.dk\/no\/#organization\",\"name\":\"RaspberryPi.dk\",\"url\":\"https:\/\/raspberrypi.dk\/no\/\",\"logo\":{\"@type\":\"ImageObject\",\"inLanguage\":\"nb-NO\",\"@id\":\"https:\/\/raspberrypi.dk\/no\/#\/schema\/logo\/image\/\",\"url\":\"https:\/\/raspberrypi.dk\/wp-content\/uploads\/2017\/05\/RaspberryPidk_logo-2.png\",\"contentUrl\":\"https:\/\/raspberrypi.dk\/wp-content\/uploads\/2017\/05\/RaspberryPidk_logo-2.png\",\"width\":470,\"height\":110,\"caption\":\"RaspberryPi.dk\"},\"image\":{\"@id\":\"https:\/\/raspberrypi.dk\/no\/#\/schema\/logo\/image\/\"},\"sameAs\":[\"https:\/\/facebook.com\/RaspberryPiDanmark\",\"https:\/\/x.com\/raspberrypidk\",\"https:\/\/instagram.com\/raspberrypi.dk\"]}]}<\/script>\n<!-- \/ Yoast SEO plugin. -->","yoast_head_json":{"title":"Raspberry Pi DVB TV uHAT \u2022 RaspberryPi.dk","robots":{"index":"index","follow":"follow","max-snippet":"max-snippet:-1","max-image-preview":"max-image-preview:large","max-video-preview":"max-video-preview:-1"},"canonical":"https:\/\/raspberrypi.dk\/no\/produkt\/raspberry-pi-dvb-tv-uhat\/","og_locale":"nb_NO","og_type":"article","og_title":"Raspberry Pi DVB TV uHAT \u2022 RaspberryPi.dk","og_description":"Veiledning for \u00e5 komme i gang med Raspberry Pi DVB TV uHAT Med Raspberry Pi DVB TV uHAT kan du motta og se TV p\u00e5 en Raspberry Pi eller lage en TV-server som lar deg streame mottatt TV over et nettverk til andre enheter. TV HAT kan brukes p\u00e5 alle Raspberry Pi-kort n\u00e5r de kj\u00f8rer [&hellip;]","og_url":"https:\/\/raspberrypi.dk\/no\/produkt\/raspberry-pi-dvb-tv-uhat\/","og_site_name":"RaspberryPi.dk","article_publisher":"https:\/\/facebook.com\/RaspberryPiDanmark","article_modified_time":"2024-04-13T12:59:48+00:00","og_image":[{"width":1920,"height":1268,"url":"https:\/\/raspberrypi.dk\/wp-content\/uploads\/2018\/10\/raspberry-pi-tv-uhat-2.jpg","type":"image\/jpeg"}],"twitter_card":"summary_large_image","twitter_site":"@raspberrypidk","twitter_misc":{"Ansl. lesetid":"2 minutter"},"schema":{"@context":"https:\/\/schema.org","@graph":[{"@type":"WebPage","@id":"https:\/\/raspberrypi.dk\/no\/produkt\/raspberry-pi-dvb-tv-uhat\/","url":"https:\/\/raspberrypi.dk\/no\/produkt\/raspberry-pi-dvb-tv-uhat\/","name":"Raspberry Pi DVB TV uHAT \u2022 RaspberryPi.dk","isPartOf":{"@id":"https:\/\/raspberrypi.dk\/no\/#website"},"primaryImageOfPage":{"@id":"https:\/\/raspberrypi.dk\/no\/produkt\/raspberry-pi-dvb-tv-uhat\/#primaryimage"},"image":{"@id":"https:\/\/raspberrypi.dk\/no\/produkt\/raspberry-pi-dvb-tv-uhat\/#primaryimage"},"thumbnailUrl":"https:\/\/raspberrypi.dk\/wp-content\/uploads\/2018\/10\/raspberry-pi-tv-uhat-2.jpg","datePublished":"2019-06-25T21:11:18+00:00","dateModified":"2024-04-13T12:59:48+00:00","breadcrumb":{"@id":"https:\/\/raspberrypi.dk\/no\/produkt\/raspberry-pi-dvb-tv-uhat\/#breadcrumb"},"inLanguage":"nb-NO","potentialAction":[{"@type":"ReadAction","target":["https:\/\/raspberrypi.dk\/no\/produkt\/raspberry-pi-dvb-tv-uhat\/"]}]},{"@type":"ImageObject","inLanguage":"nb-NO","@id":"https:\/\/raspberrypi.dk\/no\/produkt\/raspberry-pi-dvb-tv-uhat\/#primaryimage","url":"https:\/\/raspberrypi.dk\/wp-content\/uploads\/2018\/10\/raspberry-pi-tv-uhat-2.jpg","contentUrl":"https:\/\/raspberrypi.dk\/wp-content\/uploads\/2018\/10\/raspberry-pi-tv-uhat-2.jpg","width":1920,"height":1268},{"@type":"BreadcrumbList","@id":"https:\/\/raspberrypi.dk\/no\/produkt\/raspberry-pi-dvb-tv-uhat\/#breadcrumb","itemListElement":[{"@type":"ListItem","position":1,"name":"Hjem","item":"https:\/\/raspberrypi.dk\/no\/raspberry-pi-nettbutikk\/"},{"@type":"ListItem","position":2,"name":"Shop","item":"https:\/\/raspberrypi.dk\/no\/shop-2\/"},{"@type":"ListItem","position":3,"name":"Raspberry Pi DVB TV uHAT"}]},{"@type":"WebSite","@id":"https:\/\/raspberrypi.dk\/no\/#website","url":"https:\/\/raspberrypi.dk\/no\/","name":"RaspberryPi.dk","description":"Danmarks f\u00f8rende Raspberry Pi side!","publisher":{"@id":"https:\/\/raspberrypi.dk\/no\/#organization"},"potentialAction":[{"@type":"SearchAction","target":{"@type":"EntryPoint","urlTemplate":"https:\/\/raspberrypi.dk\/no\/?s={search_term_string}"},"query-input":{"@type":"PropertyValueSpecification","valueRequired":true,"valueName":"search_term_string"}}],"inLanguage":"nb-NO"},{"@type":"Organization","@id":"https:\/\/raspberrypi.dk\/no\/#organization","name":"RaspberryPi.dk","url":"https:\/\/raspberrypi.dk\/no\/","logo":{"@type":"ImageObject","inLanguage":"nb-NO","@id":"https:\/\/raspberrypi.dk\/no\/#\/schema\/logo\/image\/","url":"https:\/\/raspberrypi.dk\/wp-content\/uploads\/2017\/05\/RaspberryPidk_logo-2.png","contentUrl":"https:\/\/raspberrypi.dk\/wp-content\/uploads\/2017\/05\/RaspberryPidk_logo-2.png","width":470,"height":110,"caption":"RaspberryPi.dk"},"image":{"@id":"https:\/\/raspberrypi.dk\/no\/#\/schema\/logo\/image\/"},"sameAs":["https:\/\/facebook.com\/RaspberryPiDanmark","https:\/\/x.com\/raspberrypidk","https:\/\/instagram.com\/raspberrypi.dk"]}]}},"_links":{"self":[{"href":"https:\/\/raspberrypi.dk\/no\/wp-json\/wp\/v2\/product\/218509","targetHints":{"allow":["GET"]}}],"collection":[{"href":"https:\/\/raspberrypi.dk\/no\/wp-json\/wp\/v2\/product"}],"about":[{"href":"https:\/\/raspberrypi.dk\/no\/wp-json\/wp\/v2\/types\/product"}],"replies":[{"embeddable":true,"href":"https:\/\/raspberrypi.dk\/no\/wp-json\/wp\/v2\/comments?post=218509"}],"wp:featuredmedia":[{"embeddable":true,"href":"https:\/\/raspberrypi.dk\/no\/wp-json\/wp\/v2\/media\/218510"}],"wp:attachment":[{"href":"https:\/\/raspberrypi.dk\/no\/wp-json\/wp\/v2\/media?parent=218509"}],"wp:term":[{"taxonomy":"product_brand","embeddable":true,"href":"https:\/\/raspberrypi.dk\/no\/wp-json\/wp\/v2\/product_brand?post=218509"},{"taxonomy":"product_cat","embeddable":true,"href":"https:\/\/raspberrypi.dk\/no\/wp-json\/wp\/v2\/product_cat?post=218509"},{"taxonomy":"product_tag","embeddable":true,"href":"https:\/\/raspberrypi.dk\/no\/wp-json\/wp\/v2\/product_tag?post=218509"}],"curies":[{"name":"wp","href":"https:\/\/api.w.org\/{rel}","templated":true}]}}