{"id":218526,"date":"2019-06-25T00:07:49","date_gmt":"2019-06-24T22:07:49","guid":{"rendered":"https:\/\/raspberrypi.dk\/produkt\/offisiell-raspberry-pi-4-b-etui-svart-graa\/"},"modified":"2026-04-09T19:59:31","modified_gmt":"2026-04-09T17:59:31","slug":"offisiell-raspberry-pi-4-b-etui-svart-graa","status":"publish","type":"product","link":"https:\/\/raspberrypi.dk\/no\/produkt\/offisiell-raspberry-pi-4-b-etui-svart-graa\/","title":{"rendered":"Offisiell Raspberry Pi 4 B Etui &#8211; svart\/gr\u00e5"},"content":{"rendered":"<ul>\n<li>H\u00f8y kvalitet, todelt ABS-konstruksjon<\/li>\n<li>Utskj\u00e6ringer for doble micro HDMI, Audio\/Video, USB og Ethernet-porter samt USB-C-kontakt og tilgang til microSD-kortet.<\/li>\n<\/ul>\n<p>Eventuelle tilleggskj\u00f8p <a href=\"https:\/\/raspberrypi.dk\/no\/produkt\/vifte-heatsink-offisiell-raspberry-pi-4-case\/\">vifte og heatsink til Pi 4 case<\/a>.<\/p>\n","protected":false},"excerpt":{"rendered":"<p>Offisiell Raspberry Pi 4 Model B veske i sort\/gr\u00e5. Designet for \u00e5 beskytte din Raspberry Pi 4. Designet av Raspberry Pi Foundation for \u00e5 v\u00e6re det ideelle dekselet til Raspberry Pi 4.<\/p>\n","protected":false},"featured_media":218534,"comment_status":"open","ping_status":"closed","template":"","meta":[],"product_brand":[],"product_cat":[594],"product_tag":[717],"class_list":{"0":"post-218526","1":"product","2":"type-product","3":"status-publish","4":"has-post-thumbnail","6":"product_cat-raspberry-pi-cases-no","7":"product_tag-rpi4-no","9":"first","10":"instock","11":"taxable","12":"shipping-taxable","13":"purchasable","14":"product-type-simple"},"composite_virtual":false,"composite_layout":"","composite_add_to_cart_form_location":"","composite_editable_in_cart":false,"composite_sold_individually_context":"","composite_shop_price_calc":"","composite_components":[],"composite_scenarios":[],"bundled_by":["217617"],"bundle_stock_status":"instock","bundle_stock_quantity":241,"bundle_virtual":false,"bundle_layout":"","bundle_add_to_cart_form_location":"","bundle_editable_in_cart":false,"bundle_sold_individually_context":"","bundle_item_grouping":"","bundle_min_size":"","bundle_max_size":"","bundle_price":[],"bundled_items":[],"bundle_sell_ids":[],"yoast_head":"<!-- This site is optimized with the Yoast SEO plugin v27.1.1 - https:\/\/yoast.com\/product\/yoast-seo-wordpress\/ -->\n<title>Offisiell Raspberry Pi 4 B Etui - svart\/gr\u00e5 \u2022 RaspberryPi.dk<\/title>\n<meta name=\"robots\" content=\"index, follow, max-snippet:-1, max-image-preview:large, max-video-preview:-1\" \/>\n<link rel=\"canonical\" href=\"https:\/\/raspberrypi.dk\/no\/produkt\/offisiell-raspberry-pi-4-b-etui-svart-graa\/\" \/>\n<meta property=\"og:locale\" content=\"nb_NO\" \/>\n<meta property=\"og:type\" content=\"article\" \/>\n<meta property=\"og:title\" content=\"Offisiell Raspberry Pi 4 B Etui - svart\/gr\u00e5 \u2022 RaspberryPi.dk\" \/>\n<meta property=\"og:description\" content=\"Offisiell Raspberry Pi 4 Model B veske i sort\/gr\u00e5. Designet for \u00e5 beskytte din Raspberry Pi 4. Designet av Raspberry Pi Foundation for \u00e5 v\u00e6re det ideelle dekselet til Raspberry Pi 4.\" \/>\n<meta property=\"og:url\" content=\"https:\/\/raspberrypi.dk\/no\/produkt\/offisiell-raspberry-pi-4-b-etui-svart-graa\/\" \/>\n<meta property=\"og:site_name\" content=\"RaspberryPi.dk\" \/>\n<meta property=\"article:publisher\" content=\"https:\/\/facebook.com\/RaspberryPiDanmark\" \/>\n<meta property=\"article:modified_time\" content=\"2026-04-09T17:59:31+00:00\" \/>\n<meta property=\"og:image\" content=\"https:\/\/raspberrypi.dk\/wp-content\/uploads\/2019\/06\/raspberry-pi-4-case-sort-graa-1.jpg\" \/>\n\t<meta property=\"og:image:width\" content=\"1000\" \/>\n\t<meta property=\"og:image:height\" content=\"1000\" \/>\n\t<meta property=\"og:image:type\" content=\"image\/jpeg\" \/>\n<meta name=\"twitter:card\" content=\"summary_large_image\" \/>\n<meta name=\"twitter:site\" content=\"@raspberrypidk\" \/>\n<meta name=\"twitter:label1\" content=\"Ansl. lesetid\" \/>\n\t<meta name=\"twitter:data1\" content=\"1 minutt\" \/>\n<script type=\"application\/ld+json\" class=\"yoast-schema-graph\">{\"@context\":\"https:\/\/schema.org\",\"@graph\":[{\"@type\":\"WebPage\",\"@id\":\"https:\/\/raspberrypi.dk\/no\/produkt\/offisiell-raspberry-pi-4-b-etui-svart-graa\/\",\"url\":\"https:\/\/raspberrypi.dk\/no\/produkt\/offisiell-raspberry-pi-4-b-etui-svart-graa\/\",\"name\":\"Offisiell Raspberry Pi 4 B Etui - svart\/gr\u00e5 \u2022 RaspberryPi.dk\",\"isPartOf\":{\"@id\":\"https:\/\/raspberrypi.dk\/no\/#website\"},\"primaryImageOfPage\":{\"@id\":\"https:\/\/raspberrypi.dk\/no\/produkt\/offisiell-raspberry-pi-4-b-etui-svart-graa\/#primaryimage\"},\"image\":{\"@id\":\"https:\/\/raspberrypi.dk\/no\/produkt\/offisiell-raspberry-pi-4-b-etui-svart-graa\/#primaryimage\"},\"thumbnailUrl\":\"https:\/\/raspberrypi.dk\/wp-content\/uploads\/2019\/06\/raspberry-pi-4-case-sort-graa-1.jpg\",\"datePublished\":\"2019-06-24T22:07:49+00:00\",\"dateModified\":\"2026-04-09T17:59:31+00:00\",\"breadcrumb\":{\"@id\":\"https:\/\/raspberrypi.dk\/no\/produkt\/offisiell-raspberry-pi-4-b-etui-svart-graa\/#breadcrumb\"},\"inLanguage\":\"nb-NO\",\"potentialAction\":[{\"@type\":\"ReadAction\",\"target\":[\"https:\/\/raspberrypi.dk\/no\/produkt\/offisiell-raspberry-pi-4-b-etui-svart-graa\/\"]}]},{\"@type\":\"ImageObject\",\"inLanguage\":\"nb-NO\",\"@id\":\"https:\/\/raspberrypi.dk\/no\/produkt\/offisiell-raspberry-pi-4-b-etui-svart-graa\/#primaryimage\",\"url\":\"https:\/\/raspberrypi.dk\/wp-content\/uploads\/2019\/06\/raspberry-pi-4-case-sort-graa-1.jpg\",\"contentUrl\":\"https:\/\/raspberrypi.dk\/wp-content\/uploads\/2019\/06\/raspberry-pi-4-case-sort-graa-1.jpg\",\"width\":1000,\"height\":1000},{\"@type\":\"BreadcrumbList\",\"@id\":\"https:\/\/raspberrypi.dk\/no\/produkt\/offisiell-raspberry-pi-4-b-etui-svart-graa\/#breadcrumb\",\"itemListElement\":[{\"@type\":\"ListItem\",\"position\":1,\"name\":\"Hjem\",\"item\":\"https:\/\/raspberrypi.dk\/no\/raspberry-pi-nettbutikk\/\"},{\"@type\":\"ListItem\",\"position\":2,\"name\":\"Shop\",\"item\":\"https:\/\/raspberrypi.dk\/no\/shop-2\/\"},{\"@type\":\"ListItem\",\"position\":3,\"name\":\"Offisiell Raspberry Pi 4 B Etui &#8211; svart\/gr\u00e5\"}]},{\"@type\":\"WebSite\",\"@id\":\"https:\/\/raspberrypi.dk\/no\/#website\",\"url\":\"https:\/\/raspberrypi.dk\/no\/\",\"name\":\"RaspberryPi.dk\",\"description\":\"Danmarks f\u00f8rende Raspberry Pi side!\",\"publisher\":{\"@id\":\"https:\/\/raspberrypi.dk\/no\/#organization\"},\"potentialAction\":[{\"@type\":\"SearchAction\",\"target\":{\"@type\":\"EntryPoint\",\"urlTemplate\":\"https:\/\/raspberrypi.dk\/no\/?s={search_term_string}\"},\"query-input\":{\"@type\":\"PropertyValueSpecification\",\"valueRequired\":true,\"valueName\":\"search_term_string\"}}],\"inLanguage\":\"nb-NO\"},{\"@type\":\"Organization\",\"@id\":\"https:\/\/raspberrypi.dk\/no\/#organization\",\"name\":\"RaspberryPi.dk\",\"url\":\"https:\/\/raspberrypi.dk\/no\/\",\"logo\":{\"@type\":\"ImageObject\",\"inLanguage\":\"nb-NO\",\"@id\":\"https:\/\/raspberrypi.dk\/no\/#\/schema\/logo\/image\/\",\"url\":\"https:\/\/raspberrypi.dk\/wp-content\/uploads\/2017\/05\/RaspberryPidk_logo-2.png\",\"contentUrl\":\"https:\/\/raspberrypi.dk\/wp-content\/uploads\/2017\/05\/RaspberryPidk_logo-2.png\",\"width\":470,\"height\":110,\"caption\":\"RaspberryPi.dk\"},\"image\":{\"@id\":\"https:\/\/raspberrypi.dk\/no\/#\/schema\/logo\/image\/\"},\"sameAs\":[\"https:\/\/facebook.com\/RaspberryPiDanmark\",\"https:\/\/x.com\/raspberrypidk\",\"https:\/\/instagram.com\/raspberrypi.dk\"]}]}<\/script>\n<!-- \/ Yoast SEO plugin. -->","yoast_head_json":{"title":"Offisiell Raspberry Pi 4 B Etui - svart\/gr\u00e5 \u2022 RaspberryPi.dk","robots":{"index":"index","follow":"follow","max-snippet":"max-snippet:-1","max-image-preview":"max-image-preview:large","max-video-preview":"max-video-preview:-1"},"canonical":"https:\/\/raspberrypi.dk\/no\/produkt\/offisiell-raspberry-pi-4-b-etui-svart-graa\/","og_locale":"nb_NO","og_type":"article","og_title":"Offisiell Raspberry Pi 4 B Etui - svart\/gr\u00e5 \u2022 RaspberryPi.dk","og_description":"Offisiell Raspberry Pi 4 Model B veske i sort\/gr\u00e5. Designet for \u00e5 beskytte din Raspberry Pi 4. Designet av Raspberry Pi Foundation for \u00e5 v\u00e6re det ideelle dekselet til Raspberry Pi 4.","og_url":"https:\/\/raspberrypi.dk\/no\/produkt\/offisiell-raspberry-pi-4-b-etui-svart-graa\/","og_site_name":"RaspberryPi.dk","article_publisher":"https:\/\/facebook.com\/RaspberryPiDanmark","article_modified_time":"2026-04-09T17:59:31+00:00","og_image":[{"width":1000,"height":1000,"url":"https:\/\/raspberrypi.dk\/wp-content\/uploads\/2019\/06\/raspberry-pi-4-case-sort-graa-1.jpg","type":"image\/jpeg"}],"twitter_card":"summary_large_image","twitter_site":"@raspberrypidk","twitter_misc":{"Ansl. lesetid":"1 minutt"},"schema":{"@context":"https:\/\/schema.org","@graph":[{"@type":"WebPage","@id":"https:\/\/raspberrypi.dk\/no\/produkt\/offisiell-raspberry-pi-4-b-etui-svart-graa\/","url":"https:\/\/raspberrypi.dk\/no\/produkt\/offisiell-raspberry-pi-4-b-etui-svart-graa\/","name":"Offisiell Raspberry Pi 4 B Etui - svart\/gr\u00e5 \u2022 RaspberryPi.dk","isPartOf":{"@id":"https:\/\/raspberrypi.dk\/no\/#website"},"primaryImageOfPage":{"@id":"https:\/\/raspberrypi.dk\/no\/produkt\/offisiell-raspberry-pi-4-b-etui-svart-graa\/#primaryimage"},"image":{"@id":"https:\/\/raspberrypi.dk\/no\/produkt\/offisiell-raspberry-pi-4-b-etui-svart-graa\/#primaryimage"},"thumbnailUrl":"https:\/\/raspberrypi.dk\/wp-content\/uploads\/2019\/06\/raspberry-pi-4-case-sort-graa-1.jpg","datePublished":"2019-06-24T22:07:49+00:00","dateModified":"2026-04-09T17:59:31+00:00","breadcrumb":{"@id":"https:\/\/raspberrypi.dk\/no\/produkt\/offisiell-raspberry-pi-4-b-etui-svart-graa\/#breadcrumb"},"inLanguage":"nb-NO","potentialAction":[{"@type":"ReadAction","target":["https:\/\/raspberrypi.dk\/no\/produkt\/offisiell-raspberry-pi-4-b-etui-svart-graa\/"]}]},{"@type":"ImageObject","inLanguage":"nb-NO","@id":"https:\/\/raspberrypi.dk\/no\/produkt\/offisiell-raspberry-pi-4-b-etui-svart-graa\/#primaryimage","url":"https:\/\/raspberrypi.dk\/wp-content\/uploads\/2019\/06\/raspberry-pi-4-case-sort-graa-1.jpg","contentUrl":"https:\/\/raspberrypi.dk\/wp-content\/uploads\/2019\/06\/raspberry-pi-4-case-sort-graa-1.jpg","width":1000,"height":1000},{"@type":"BreadcrumbList","@id":"https:\/\/raspberrypi.dk\/no\/produkt\/offisiell-raspberry-pi-4-b-etui-svart-graa\/#breadcrumb","itemListElement":[{"@type":"ListItem","position":1,"name":"Hjem","item":"https:\/\/raspberrypi.dk\/no\/raspberry-pi-nettbutikk\/"},{"@type":"ListItem","position":2,"name":"Shop","item":"https:\/\/raspberrypi.dk\/no\/shop-2\/"},{"@type":"ListItem","position":3,"name":"Offisiell Raspberry Pi 4 B Etui &#8211; svart\/gr\u00e5"}]},{"@type":"WebSite","@id":"https:\/\/raspberrypi.dk\/no\/#website","url":"https:\/\/raspberrypi.dk\/no\/","name":"RaspberryPi.dk","description":"Danmarks f\u00f8rende Raspberry Pi side!","publisher":{"@id":"https:\/\/raspberrypi.dk\/no\/#organization"},"potentialAction":[{"@type":"SearchAction","target":{"@type":"EntryPoint","urlTemplate":"https:\/\/raspberrypi.dk\/no\/?s={search_term_string}"},"query-input":{"@type":"PropertyValueSpecification","valueRequired":true,"valueName":"search_term_string"}}],"inLanguage":"nb-NO"},{"@type":"Organization","@id":"https:\/\/raspberrypi.dk\/no\/#organization","name":"RaspberryPi.dk","url":"https:\/\/raspberrypi.dk\/no\/","logo":{"@type":"ImageObject","inLanguage":"nb-NO","@id":"https:\/\/raspberrypi.dk\/no\/#\/schema\/logo\/image\/","url":"https:\/\/raspberrypi.dk\/wp-content\/uploads\/2017\/05\/RaspberryPidk_logo-2.png","contentUrl":"https:\/\/raspberrypi.dk\/wp-content\/uploads\/2017\/05\/RaspberryPidk_logo-2.png","width":470,"height":110,"caption":"RaspberryPi.dk"},"image":{"@id":"https:\/\/raspberrypi.dk\/no\/#\/schema\/logo\/image\/"},"sameAs":["https:\/\/facebook.com\/RaspberryPiDanmark","https:\/\/x.com\/raspberrypidk","https:\/\/instagram.com\/raspberrypi.dk"]}]}},"_links":{"self":[{"href":"https:\/\/raspberrypi.dk\/no\/wp-json\/wp\/v2\/product\/218526","targetHints":{"allow":["GET"]}}],"collection":[{"href":"https:\/\/raspberrypi.dk\/no\/wp-json\/wp\/v2\/product"}],"about":[{"href":"https:\/\/raspberrypi.dk\/no\/wp-json\/wp\/v2\/types\/product"}],"replies":[{"embeddable":true,"href":"https:\/\/raspberrypi.dk\/no\/wp-json\/wp\/v2\/comments?post=218526"}],"wp:featuredmedia":[{"embeddable":true,"href":"https:\/\/raspberrypi.dk\/no\/wp-json\/wp\/v2\/media\/218534"}],"wp:attachment":[{"href":"https:\/\/raspberrypi.dk\/no\/wp-json\/wp\/v2\/media?parent=218526"}],"wp:term":[{"taxonomy":"product_brand","embeddable":true,"href":"https:\/\/raspberrypi.dk\/no\/wp-json\/wp\/v2\/product_brand?post=218526"},{"taxonomy":"product_cat","embeddable":true,"href":"https:\/\/raspberrypi.dk\/no\/wp-json\/wp\/v2\/product_cat?post=218526"},{"taxonomy":"product_tag","embeddable":true,"href":"https:\/\/raspberrypi.dk\/no\/wp-json\/wp\/v2\/product_tag?post=218526"}],"curies":[{"name":"wp","href":"https:\/\/api.w.org\/{rel}","templated":true}]}}