{"id":218545,"date":"2019-06-24T22:51:19","date_gmt":"2019-06-24T20:51:19","guid":{"rendered":"https:\/\/raspberrypi.dk\/produkt\/bme680-breakout-sensor-for-luftkvalitet-temperatur-trykk-og-fuktighet\/"},"modified":"2026-03-24T15:05:21","modified_gmt":"2026-03-24T14:05:21","slug":"bme680-breakout-sensor-for-luftkvalitet-temperatur-trykk-og-fuktighet","status":"publish","type":"product","link":"https:\/\/raspberrypi.dk\/no\/produkt\/bme680-breakout-sensor-for-luftkvalitet-temperatur-trykk-og-fuktighet\/","title":{"rendered":"BME680 Breakout &#8211; Sensor for luftkvalitet, temperatur, trykk og fuktighet"},"content":{"rendered":"<p>Bruk denne breakouten til \u00e5 overv\u00e5ke alle aspekter av innemilj\u00f8et ditt. Dens avlesninger vil reagere p\u00e5 endringer i flyktige organiske forbindelser og kan kombineres med fuktighetsavlesninger for \u00e5 gi en innend\u00f8rs luftkvalitet.<\/p>\n<p>\u00d8nsker du \u00e5 f\u00e5 et inntrykk av om det er tilstrekkelig ventilasjon p\u00e5 soverommet, verkstedet eller arbeidsplassen? Konfigurer en BME680 p\u00e5 en <a href=\"https:\/\/raspberrypi.dk\/no\/produkt\/raspberry-pi-zero-w-wireless\/\">Pi Zero W<\/a>, og f\u00e5 den til \u00e5 logge sensoravlesninger til en fil, eller str\u00f8m direktedata til en nettjeneste som adafruit.io eller freeboard.io.<\/p>\n<p><strong>Funksjoner<\/strong><\/p>\n<ul>\n<li>Bosch <a href=\"https:\/\/www.bosch-sensortec.com\/bst\/products\/all_products\/bme680\">BME680<\/a> \u00a0temperatur, trykk, fuktighet, luftkvalitetssensor<\/li>\n<li>I2C-grensesnitt, med adressevalg via ADDR-jumper (0x76 eller 0x77)<\/li>\n<li>3,3V eller 5V kompatibel<\/li>\n<li>Raspberry Pi-kompatibel pinout (pinner 1, 3, 5, 7, 9)<\/li>\n<li>Kompatibel med alle Raspberry Pi-modeller<\/li>\n<li><a href=\"https:\/\/github.com\/pimoroni\/bme680\">Python bibliotek<\/a><\/li>\n<li><a href=\"https:\/\/ae-bst.resource.bosch.com\/media\/_tech\/media\/datasheets\/BST-BME680-DS001-00.pdf\">Datasheet<\/a><\/li>\n<\/ul>\n<p><strong>Settet inneholder<\/strong><\/p>\n<ul>\n<li>BME680 breakout<\/li>\n<li>1&#215;5 malingshode<\/li>\n<li>1&#215;5 kvinnelig rettvinklet header<\/li>\n<\/ul>\n<p>Dette breakout-brettet er designet slik at du kan lodde den kvinnelige headeren p\u00e5 og plassere den direkte p\u00e5 de 5 pinnene nederst til venstre p\u00e5 Raspberry Pi GPIO-headeren (1, 3, 5, 6, 9). Den rettvinklede headeren har ogs\u00e5 fordelen av \u00e5 plassere utbruddet vekk fra Pis CPU for \u00e5 minimere utstr\u00e5lt varme.<\/p>\n<p><strong>Programvare<\/strong><\/p>\n<p>I tillegg til <a href=\"https:\/\/github.com\/BoschSensortec\/BME680_driver\">C-biblioteket fra Bosch<\/a>, er et <a href=\"https:\/\/github.com\/pimoroni\/bme680\">Python-bibliotek<\/a>\u00a0(med en rask og smertefri \u00e9n-linje installasjon) kompilert for bruk med din BME680, noe som gj\u00f8r det enkelt \u00e5 kombinere det med v\u00e5re andre brett.<\/p>\n<p>Programvaren st\u00f8tter ikke Raspbian Wheezy.<\/p>\n<p><strong>Notater<\/strong><\/p>\n<ul>\n<li>I tester har det vist seg at sensoren krever litt innbrenningstid (minst 20 minutter) og at avlesningene kan ta noen minutter \u00e5 stabilisere seg etter innledende m\u00e5linger<\/li>\n<li>Loddeputene (merket ADDR) kan byttes for \u00e5 endre I2C-adressen fra standard 0x76 til 0x77, noe som betyr at du kan bruke opptil to sensorer p\u00e5 samme Raspberry Pi eller Arduino<\/li>\n<\/ul>\n<p>Dimensjoner: 26 x 15,5 x 3 mm (LxBxH)<\/p>\n","protected":false},"excerpt":{"rendered":"<p>BME680 breakout lar deg m\u00e5le temperatur, trykk, fuktighet og innend\u00f8rs luftkvalitet, og den er Raspberry Pi og Arduino-kompatibel!<\/p>\n","protected":false},"featured_media":218546,"comment_status":"open","ping_status":"closed","template":"","meta":[],"product_brand":[],"product_cat":[597],"product_tag":[717,703],"class_list":{"0":"post-218545","1":"product","2":"type-product","3":"status-publish","4":"has-post-thumbnail","6":"product_cat-raspberry-pi-hats-gpio-no","7":"product_tag-rpi4-no","8":"product_tag-rpi5-no","10":"first","11":"instock","12":"taxable","13":"shipping-taxable","14":"purchasable","15":"product-type-simple"},"composite_virtual":false,"composite_layout":"","composite_add_to_cart_form_location":"","composite_editable_in_cart":false,"composite_sold_individually_context":"","composite_shop_price_calc":"","composite_components":[],"composite_scenarios":[],"bundled_by":[],"bundle_stock_status":"instock","bundle_stock_quantity":1,"bundle_virtual":false,"bundle_layout":"","bundle_add_to_cart_form_location":"","bundle_editable_in_cart":false,"bundle_sold_individually_context":"","bundle_item_grouping":"","bundle_min_size":"","bundle_max_size":"","bundle_price":[],"bundled_items":[],"bundle_sell_ids":[],"yoast_head":"<!-- This site is optimized with the Yoast SEO plugin v27.1.1 - https:\/\/yoast.com\/product\/yoast-seo-wordpress\/ -->\n<title>BME680 Breakout - Sensor for luftkvalitet, temperatur, trykk og fuktighet \u2022 RaspberryPi.dk<\/title>\n<meta name=\"robots\" content=\"index, follow, max-snippet:-1, max-image-preview:large, max-video-preview:-1\" \/>\n<link rel=\"canonical\" href=\"https:\/\/raspberrypi.dk\/no\/produkt\/bme680-breakout-sensor-for-luftkvalitet-temperatur-trykk-og-fuktighet\/\" \/>\n<meta property=\"og:locale\" content=\"nb_NO\" \/>\n<meta property=\"og:type\" content=\"article\" \/>\n<meta property=\"og:title\" content=\"BME680 Breakout - Sensor for luftkvalitet, temperatur, trykk og fuktighet \u2022 RaspberryPi.dk\" \/>\n<meta property=\"og:description\" content=\"BME680 breakout lar deg m\u00e5le temperatur, trykk, fuktighet og innend\u00f8rs luftkvalitet, og den er Raspberry Pi og Arduino-kompatibel!\" \/>\n<meta property=\"og:url\" content=\"https:\/\/raspberrypi.dk\/no\/produkt\/bme680-breakout-sensor-for-luftkvalitet-temperatur-trykk-og-fuktighet\/\" \/>\n<meta property=\"og:site_name\" content=\"RaspberryPi.dk\" \/>\n<meta property=\"article:publisher\" content=\"https:\/\/facebook.com\/RaspberryPiDanmark\" \/>\n<meta property=\"article:modified_time\" content=\"2026-03-24T14:05:21+00:00\" \/>\n<meta property=\"og:image\" content=\"https:\/\/raspberrypi.dk\/wp-content\/uploads\/2018\/03\/bme680-1.jpg\" \/>\n\t<meta property=\"og:image:width\" content=\"1024\" \/>\n\t<meta property=\"og:image:height\" content=\"1024\" \/>\n\t<meta property=\"og:image:type\" content=\"image\/jpeg\" \/>\n<meta name=\"twitter:card\" content=\"summary_large_image\" \/>\n<meta name=\"twitter:site\" content=\"@raspberrypidk\" \/>\n<meta name=\"twitter:label1\" content=\"Ansl. lesetid\" \/>\n\t<meta name=\"twitter:data1\" content=\"2 minutter\" \/>\n<script type=\"application\/ld+json\" class=\"yoast-schema-graph\">{\"@context\":\"https:\/\/schema.org\",\"@graph\":[{\"@type\":\"WebPage\",\"@id\":\"https:\/\/raspberrypi.dk\/no\/produkt\/bme680-breakout-sensor-for-luftkvalitet-temperatur-trykk-og-fuktighet\/\",\"url\":\"https:\/\/raspberrypi.dk\/no\/produkt\/bme680-breakout-sensor-for-luftkvalitet-temperatur-trykk-og-fuktighet\/\",\"name\":\"BME680 Breakout - Sensor for luftkvalitet, temperatur, trykk og fuktighet \u2022 RaspberryPi.dk\",\"isPartOf\":{\"@id\":\"https:\/\/raspberrypi.dk\/no\/#website\"},\"primaryImageOfPage\":{\"@id\":\"https:\/\/raspberrypi.dk\/no\/produkt\/bme680-breakout-sensor-for-luftkvalitet-temperatur-trykk-og-fuktighet\/#primaryimage\"},\"image\":{\"@id\":\"https:\/\/raspberrypi.dk\/no\/produkt\/bme680-breakout-sensor-for-luftkvalitet-temperatur-trykk-og-fuktighet\/#primaryimage\"},\"thumbnailUrl\":\"https:\/\/raspberrypi.dk\/wp-content\/uploads\/2018\/03\/bme680-1.jpg\",\"datePublished\":\"2019-06-24T20:51:19+00:00\",\"dateModified\":\"2026-03-24T14:05:21+00:00\",\"breadcrumb\":{\"@id\":\"https:\/\/raspberrypi.dk\/no\/produkt\/bme680-breakout-sensor-for-luftkvalitet-temperatur-trykk-og-fuktighet\/#breadcrumb\"},\"inLanguage\":\"nb-NO\",\"potentialAction\":[{\"@type\":\"ReadAction\",\"target\":[\"https:\/\/raspberrypi.dk\/no\/produkt\/bme680-breakout-sensor-for-luftkvalitet-temperatur-trykk-og-fuktighet\/\"]}]},{\"@type\":\"ImageObject\",\"inLanguage\":\"nb-NO\",\"@id\":\"https:\/\/raspberrypi.dk\/no\/produkt\/bme680-breakout-sensor-for-luftkvalitet-temperatur-trykk-og-fuktighet\/#primaryimage\",\"url\":\"https:\/\/raspberrypi.dk\/wp-content\/uploads\/2018\/03\/bme680-1.jpg\",\"contentUrl\":\"https:\/\/raspberrypi.dk\/wp-content\/uploads\/2018\/03\/bme680-1.jpg\",\"width\":1024,\"height\":1024},{\"@type\":\"BreadcrumbList\",\"@id\":\"https:\/\/raspberrypi.dk\/no\/produkt\/bme680-breakout-sensor-for-luftkvalitet-temperatur-trykk-og-fuktighet\/#breadcrumb\",\"itemListElement\":[{\"@type\":\"ListItem\",\"position\":1,\"name\":\"Hjem\",\"item\":\"https:\/\/raspberrypi.dk\/no\/raspberry-pi-nettbutikk\/\"},{\"@type\":\"ListItem\",\"position\":2,\"name\":\"Shop\",\"item\":\"https:\/\/raspberrypi.dk\/no\/shop-2\/\"},{\"@type\":\"ListItem\",\"position\":3,\"name\":\"BME680 Breakout &#8211; Sensor for luftkvalitet, temperatur, trykk og fuktighet\"}]},{\"@type\":\"WebSite\",\"@id\":\"https:\/\/raspberrypi.dk\/no\/#website\",\"url\":\"https:\/\/raspberrypi.dk\/no\/\",\"name\":\"RaspberryPi.dk\",\"description\":\"Danmarks f\u00f8rende Raspberry Pi side!\",\"publisher\":{\"@id\":\"https:\/\/raspberrypi.dk\/no\/#organization\"},\"potentialAction\":[{\"@type\":\"SearchAction\",\"target\":{\"@type\":\"EntryPoint\",\"urlTemplate\":\"https:\/\/raspberrypi.dk\/no\/?s={search_term_string}\"},\"query-input\":{\"@type\":\"PropertyValueSpecification\",\"valueRequired\":true,\"valueName\":\"search_term_string\"}}],\"inLanguage\":\"nb-NO\"},{\"@type\":\"Organization\",\"@id\":\"https:\/\/raspberrypi.dk\/no\/#organization\",\"name\":\"RaspberryPi.dk\",\"url\":\"https:\/\/raspberrypi.dk\/no\/\",\"logo\":{\"@type\":\"ImageObject\",\"inLanguage\":\"nb-NO\",\"@id\":\"https:\/\/raspberrypi.dk\/no\/#\/schema\/logo\/image\/\",\"url\":\"https:\/\/raspberrypi.dk\/wp-content\/uploads\/2017\/05\/RaspberryPidk_logo-2.png\",\"contentUrl\":\"https:\/\/raspberrypi.dk\/wp-content\/uploads\/2017\/05\/RaspberryPidk_logo-2.png\",\"width\":470,\"height\":110,\"caption\":\"RaspberryPi.dk\"},\"image\":{\"@id\":\"https:\/\/raspberrypi.dk\/no\/#\/schema\/logo\/image\/\"},\"sameAs\":[\"https:\/\/facebook.com\/RaspberryPiDanmark\",\"https:\/\/x.com\/raspberrypidk\",\"https:\/\/instagram.com\/raspberrypi.dk\"]}]}<\/script>\n<!-- \/ Yoast SEO plugin. -->","yoast_head_json":{"title":"BME680 Breakout - Sensor for luftkvalitet, temperatur, trykk og fuktighet \u2022 RaspberryPi.dk","robots":{"index":"index","follow":"follow","max-snippet":"max-snippet:-1","max-image-preview":"max-image-preview:large","max-video-preview":"max-video-preview:-1"},"canonical":"https:\/\/raspberrypi.dk\/no\/produkt\/bme680-breakout-sensor-for-luftkvalitet-temperatur-trykk-og-fuktighet\/","og_locale":"nb_NO","og_type":"article","og_title":"BME680 Breakout - Sensor for luftkvalitet, temperatur, trykk og fuktighet \u2022 RaspberryPi.dk","og_description":"BME680 breakout lar deg m\u00e5le temperatur, trykk, fuktighet og innend\u00f8rs luftkvalitet, og den er Raspberry Pi og Arduino-kompatibel!","og_url":"https:\/\/raspberrypi.dk\/no\/produkt\/bme680-breakout-sensor-for-luftkvalitet-temperatur-trykk-og-fuktighet\/","og_site_name":"RaspberryPi.dk","article_publisher":"https:\/\/facebook.com\/RaspberryPiDanmark","article_modified_time":"2026-03-24T14:05:21+00:00","og_image":[{"width":1024,"height":1024,"url":"https:\/\/raspberrypi.dk\/wp-content\/uploads\/2018\/03\/bme680-1.jpg","type":"image\/jpeg"}],"twitter_card":"summary_large_image","twitter_site":"@raspberrypidk","twitter_misc":{"Ansl. lesetid":"2 minutter"},"schema":{"@context":"https:\/\/schema.org","@graph":[{"@type":"WebPage","@id":"https:\/\/raspberrypi.dk\/no\/produkt\/bme680-breakout-sensor-for-luftkvalitet-temperatur-trykk-og-fuktighet\/","url":"https:\/\/raspberrypi.dk\/no\/produkt\/bme680-breakout-sensor-for-luftkvalitet-temperatur-trykk-og-fuktighet\/","name":"BME680 Breakout - Sensor for luftkvalitet, temperatur, trykk og fuktighet \u2022 RaspberryPi.dk","isPartOf":{"@id":"https:\/\/raspberrypi.dk\/no\/#website"},"primaryImageOfPage":{"@id":"https:\/\/raspberrypi.dk\/no\/produkt\/bme680-breakout-sensor-for-luftkvalitet-temperatur-trykk-og-fuktighet\/#primaryimage"},"image":{"@id":"https:\/\/raspberrypi.dk\/no\/produkt\/bme680-breakout-sensor-for-luftkvalitet-temperatur-trykk-og-fuktighet\/#primaryimage"},"thumbnailUrl":"https:\/\/raspberrypi.dk\/wp-content\/uploads\/2018\/03\/bme680-1.jpg","datePublished":"2019-06-24T20:51:19+00:00","dateModified":"2026-03-24T14:05:21+00:00","breadcrumb":{"@id":"https:\/\/raspberrypi.dk\/no\/produkt\/bme680-breakout-sensor-for-luftkvalitet-temperatur-trykk-og-fuktighet\/#breadcrumb"},"inLanguage":"nb-NO","potentialAction":[{"@type":"ReadAction","target":["https:\/\/raspberrypi.dk\/no\/produkt\/bme680-breakout-sensor-for-luftkvalitet-temperatur-trykk-og-fuktighet\/"]}]},{"@type":"ImageObject","inLanguage":"nb-NO","@id":"https:\/\/raspberrypi.dk\/no\/produkt\/bme680-breakout-sensor-for-luftkvalitet-temperatur-trykk-og-fuktighet\/#primaryimage","url":"https:\/\/raspberrypi.dk\/wp-content\/uploads\/2018\/03\/bme680-1.jpg","contentUrl":"https:\/\/raspberrypi.dk\/wp-content\/uploads\/2018\/03\/bme680-1.jpg","width":1024,"height":1024},{"@type":"BreadcrumbList","@id":"https:\/\/raspberrypi.dk\/no\/produkt\/bme680-breakout-sensor-for-luftkvalitet-temperatur-trykk-og-fuktighet\/#breadcrumb","itemListElement":[{"@type":"ListItem","position":1,"name":"Hjem","item":"https:\/\/raspberrypi.dk\/no\/raspberry-pi-nettbutikk\/"},{"@type":"ListItem","position":2,"name":"Shop","item":"https:\/\/raspberrypi.dk\/no\/shop-2\/"},{"@type":"ListItem","position":3,"name":"BME680 Breakout &#8211; Sensor for luftkvalitet, temperatur, trykk og fuktighet"}]},{"@type":"WebSite","@id":"https:\/\/raspberrypi.dk\/no\/#website","url":"https:\/\/raspberrypi.dk\/no\/","name":"RaspberryPi.dk","description":"Danmarks f\u00f8rende Raspberry Pi side!","publisher":{"@id":"https:\/\/raspberrypi.dk\/no\/#organization"},"potentialAction":[{"@type":"SearchAction","target":{"@type":"EntryPoint","urlTemplate":"https:\/\/raspberrypi.dk\/no\/?s={search_term_string}"},"query-input":{"@type":"PropertyValueSpecification","valueRequired":true,"valueName":"search_term_string"}}],"inLanguage":"nb-NO"},{"@type":"Organization","@id":"https:\/\/raspberrypi.dk\/no\/#organization","name":"RaspberryPi.dk","url":"https:\/\/raspberrypi.dk\/no\/","logo":{"@type":"ImageObject","inLanguage":"nb-NO","@id":"https:\/\/raspberrypi.dk\/no\/#\/schema\/logo\/image\/","url":"https:\/\/raspberrypi.dk\/wp-content\/uploads\/2017\/05\/RaspberryPidk_logo-2.png","contentUrl":"https:\/\/raspberrypi.dk\/wp-content\/uploads\/2017\/05\/RaspberryPidk_logo-2.png","width":470,"height":110,"caption":"RaspberryPi.dk"},"image":{"@id":"https:\/\/raspberrypi.dk\/no\/#\/schema\/logo\/image\/"},"sameAs":["https:\/\/facebook.com\/RaspberryPiDanmark","https:\/\/x.com\/raspberrypidk","https:\/\/instagram.com\/raspberrypi.dk"]}]}},"_links":{"self":[{"href":"https:\/\/raspberrypi.dk\/no\/wp-json\/wp\/v2\/product\/218545","targetHints":{"allow":["GET"]}}],"collection":[{"href":"https:\/\/raspberrypi.dk\/no\/wp-json\/wp\/v2\/product"}],"about":[{"href":"https:\/\/raspberrypi.dk\/no\/wp-json\/wp\/v2\/types\/product"}],"replies":[{"embeddable":true,"href":"https:\/\/raspberrypi.dk\/no\/wp-json\/wp\/v2\/comments?post=218545"}],"wp:featuredmedia":[{"embeddable":true,"href":"https:\/\/raspberrypi.dk\/no\/wp-json\/wp\/v2\/media\/218546"}],"wp:attachment":[{"href":"https:\/\/raspberrypi.dk\/no\/wp-json\/wp\/v2\/media?parent=218545"}],"wp:term":[{"taxonomy":"product_brand","embeddable":true,"href":"https:\/\/raspberrypi.dk\/no\/wp-json\/wp\/v2\/product_brand?post=218545"},{"taxonomy":"product_cat","embeddable":true,"href":"https:\/\/raspberrypi.dk\/no\/wp-json\/wp\/v2\/product_cat?post=218545"},{"taxonomy":"product_tag","embeddable":true,"href":"https:\/\/raspberrypi.dk\/no\/wp-json\/wp\/v2\/product_tag?post=218545"}],"curies":[{"name":"wp","href":"https:\/\/api.w.org\/{rel}","templated":true}]}}