{"id":218562,"date":"2019-06-24T14:25:22","date_gmt":"2019-06-24T12:25:22","guid":{"rendered":"https:\/\/raspberrypi.dk\/produkt\/flirc-usb-v2-dongle-til-ir-fjernbetjening\/"},"modified":"2026-02-05T08:57:47","modified_gmt":"2026-02-05T07:57:47","slug":"flirc-usb-v2-dongle-til-ir-fjernbetjening","status":"publish","type":"product","link":"https:\/\/raspberrypi.dk\/no\/produkt\/flirc-usb-v2-dongle-til-ir-fjernbetjening\/","title":{"rendered":"FLIRC USB v2 &#8211; dongle til IR fjernbetjening"},"content":{"rendered":"","protected":false},"excerpt":{"rendered":"<p><strong>FLIRC USB v2-dongelen<\/strong> gj\u00f8r det mulig \u00e5 bruke fjernkontrollen din med din Raspberry Pi. Du konfigurerer enheten p\u00e5 datamaskinen din og plugger den ganske enkelt inn i din Raspberry Pi og har dermed en perfekt f\u00f8lgesvenn for ditt XBMC-mediesenter.<\/p>\n<p>FLIRC USB v2 kan konfigureres for hvilken som helst <strong>IR-fjernkontroll,<\/strong> og det spiller derfor ingen rolle hvilken produsent fjernkontrollen er fra. Hvis du bare f\u00f8lger det superenkle oppsettet, parer du de individuelle knappene p\u00e5 fjernkontrollen med &laquo;mediesenterknapper&raquo;, og den er klar til bruk.<\/p>\n","protected":false},"featured_media":218563,"comment_status":"open","ping_status":"closed","template":"","meta":[],"product_brand":[],"product_cat":[606],"product_tag":[717,703],"class_list":{"0":"post-218562","1":"product","2":"type-product","3":"status-publish","4":"has-post-thumbnail","6":"product_cat-raspberry-pi-usb-tilbehor-no","7":"product_tag-rpi4-no","8":"product_tag-rpi5-no","10":"first","11":"outofstock","12":"taxable","13":"shipping-taxable","14":"purchasable","15":"product-type-simple"},"composite_virtual":false,"composite_layout":"","composite_add_to_cart_form_location":"","composite_editable_in_cart":false,"composite_sold_individually_context":"","composite_shop_price_calc":"","composite_components":[],"composite_scenarios":[],"bundled_by":[],"bundle_stock_status":"outofstock","bundle_stock_quantity":0,"bundle_virtual":false,"bundle_layout":"","bundle_add_to_cart_form_location":"","bundle_editable_in_cart":false,"bundle_sold_individually_context":"","bundle_item_grouping":"","bundle_min_size":"","bundle_max_size":"","bundle_price":[],"bundled_items":[],"bundle_sell_ids":[],"yoast_head":"<!-- This site is optimized with the Yoast SEO plugin v27.1.1 - https:\/\/yoast.com\/product\/yoast-seo-wordpress\/ -->\n<title>FLIRC USB v2 - dongle til IR fjernbetjening \u2022 RaspberryPi.dk<\/title>\n<meta name=\"robots\" content=\"index, follow, max-snippet:-1, max-image-preview:large, max-video-preview:-1\" \/>\n<link rel=\"canonical\" href=\"https:\/\/raspberrypi.dk\/no\/produkt\/flirc-usb-v2-dongle-til-ir-fjernbetjening\/\" \/>\n<meta property=\"og:locale\" content=\"nb_NO\" \/>\n<meta property=\"og:type\" content=\"article\" \/>\n<meta property=\"og:title\" content=\"FLIRC USB v2 - dongle til IR fjernbetjening \u2022 RaspberryPi.dk\" \/>\n<meta property=\"og:description\" content=\"FLIRC USB v2-dongelen gj\u00f8r det mulig \u00e5 bruke fjernkontrollen din med din Raspberry Pi. Du konfigurerer enheten p\u00e5 datamaskinen din og plugger den ganske enkelt inn i din Raspberry Pi og har dermed en perfekt f\u00f8lgesvenn for ditt XBMC-mediesenter.  FLIRC USB v2 kan konfigureres for hvilken som helst IR-fjernkontroll, og det spiller derfor ingen rolle hvilken produsent fjernkontrollen er fra. Hvis du bare f\u00f8lger det superenkle oppsettet, parer du de individuelle knappene p\u00e5 fjernkontrollen med &quot;mediesenterknapper&quot;, og den er klar til bruk.\" \/>\n<meta property=\"og:url\" content=\"https:\/\/raspberrypi.dk\/no\/produkt\/flirc-usb-v2-dongle-til-ir-fjernbetjening\/\" \/>\n<meta property=\"og:site_name\" content=\"RaspberryPi.dk\" \/>\n<meta property=\"article:publisher\" content=\"https:\/\/facebook.com\/RaspberryPiDanmark\" \/>\n<meta property=\"article:modified_time\" content=\"2026-02-05T07:57:47+00:00\" \/>\n<meta property=\"og:image\" content=\"https:\/\/raspberrypi.dk\/wp-content\/uploads\/2013\/07\/FLIRC-v2.jpg\" \/>\n\t<meta property=\"og:image:width\" content=\"479\" \/>\n\t<meta property=\"og:image:height\" content=\"479\" \/>\n\t<meta property=\"og:image:type\" content=\"image\/jpeg\" \/>\n<meta name=\"twitter:card\" content=\"summary_large_image\" \/>\n<meta name=\"twitter:site\" content=\"@raspberrypidk\" \/>\n<meta name=\"twitter:label1\" content=\"Ansl. lesetid\" \/>\n\t<meta name=\"twitter:data1\" content=\"1 minutt\" \/>\n<script type=\"application\/ld+json\" class=\"yoast-schema-graph\">{\"@context\":\"https:\/\/schema.org\",\"@graph\":[{\"@type\":\"WebPage\",\"@id\":\"https:\/\/raspberrypi.dk\/no\/produkt\/flirc-usb-v2-dongle-til-ir-fjernbetjening\/\",\"url\":\"https:\/\/raspberrypi.dk\/no\/produkt\/flirc-usb-v2-dongle-til-ir-fjernbetjening\/\",\"name\":\"FLIRC USB v2 - dongle til IR fjernbetjening \u2022 RaspberryPi.dk\",\"isPartOf\":{\"@id\":\"https:\/\/raspberrypi.dk\/no\/#website\"},\"primaryImageOfPage\":{\"@id\":\"https:\/\/raspberrypi.dk\/no\/produkt\/flirc-usb-v2-dongle-til-ir-fjernbetjening\/#primaryimage\"},\"image\":{\"@id\":\"https:\/\/raspberrypi.dk\/no\/produkt\/flirc-usb-v2-dongle-til-ir-fjernbetjening\/#primaryimage\"},\"thumbnailUrl\":\"https:\/\/raspberrypi.dk\/wp-content\/uploads\/2013\/07\/FLIRC-v2.jpg\",\"datePublished\":\"2019-06-24T12:25:22+00:00\",\"dateModified\":\"2026-02-05T07:57:47+00:00\",\"breadcrumb\":{\"@id\":\"https:\/\/raspberrypi.dk\/no\/produkt\/flirc-usb-v2-dongle-til-ir-fjernbetjening\/#breadcrumb\"},\"inLanguage\":\"nb-NO\",\"potentialAction\":[{\"@type\":\"ReadAction\",\"target\":[\"https:\/\/raspberrypi.dk\/no\/produkt\/flirc-usb-v2-dongle-til-ir-fjernbetjening\/\"]}]},{\"@type\":\"ImageObject\",\"inLanguage\":\"nb-NO\",\"@id\":\"https:\/\/raspberrypi.dk\/no\/produkt\/flirc-usb-v2-dongle-til-ir-fjernbetjening\/#primaryimage\",\"url\":\"https:\/\/raspberrypi.dk\/wp-content\/uploads\/2013\/07\/FLIRC-v2.jpg\",\"contentUrl\":\"https:\/\/raspberrypi.dk\/wp-content\/uploads\/2013\/07\/FLIRC-v2.jpg\",\"width\":479,\"height\":479},{\"@type\":\"BreadcrumbList\",\"@id\":\"https:\/\/raspberrypi.dk\/no\/produkt\/flirc-usb-v2-dongle-til-ir-fjernbetjening\/#breadcrumb\",\"itemListElement\":[{\"@type\":\"ListItem\",\"position\":1,\"name\":\"Hjem\",\"item\":\"https:\/\/raspberrypi.dk\/no\/raspberry-pi-nettbutikk\/\"},{\"@type\":\"ListItem\",\"position\":2,\"name\":\"Shop\",\"item\":\"https:\/\/raspberrypi.dk\/no\/shop-2\/\"},{\"@type\":\"ListItem\",\"position\":3,\"name\":\"FLIRC USB v2 &#8211; dongle til IR fjernbetjening\"}]},{\"@type\":\"WebSite\",\"@id\":\"https:\/\/raspberrypi.dk\/no\/#website\",\"url\":\"https:\/\/raspberrypi.dk\/no\/\",\"name\":\"RaspberryPi.dk\",\"description\":\"Danmarks f\u00f8rende Raspberry Pi side!\",\"publisher\":{\"@id\":\"https:\/\/raspberrypi.dk\/no\/#organization\"},\"potentialAction\":[{\"@type\":\"SearchAction\",\"target\":{\"@type\":\"EntryPoint\",\"urlTemplate\":\"https:\/\/raspberrypi.dk\/no\/?s={search_term_string}\"},\"query-input\":{\"@type\":\"PropertyValueSpecification\",\"valueRequired\":true,\"valueName\":\"search_term_string\"}}],\"inLanguage\":\"nb-NO\"},{\"@type\":\"Organization\",\"@id\":\"https:\/\/raspberrypi.dk\/no\/#organization\",\"name\":\"RaspberryPi.dk\",\"url\":\"https:\/\/raspberrypi.dk\/no\/\",\"logo\":{\"@type\":\"ImageObject\",\"inLanguage\":\"nb-NO\",\"@id\":\"https:\/\/raspberrypi.dk\/no\/#\/schema\/logo\/image\/\",\"url\":\"https:\/\/raspberrypi.dk\/wp-content\/uploads\/2017\/05\/RaspberryPidk_logo-2.png\",\"contentUrl\":\"https:\/\/raspberrypi.dk\/wp-content\/uploads\/2017\/05\/RaspberryPidk_logo-2.png\",\"width\":470,\"height\":110,\"caption\":\"RaspberryPi.dk\"},\"image\":{\"@id\":\"https:\/\/raspberrypi.dk\/no\/#\/schema\/logo\/image\/\"},\"sameAs\":[\"https:\/\/facebook.com\/RaspberryPiDanmark\",\"https:\/\/x.com\/raspberrypidk\",\"https:\/\/instagram.com\/raspberrypi.dk\"]}]}<\/script>\n<!-- \/ Yoast SEO plugin. -->","yoast_head_json":{"title":"FLIRC USB v2 - dongle til IR fjernbetjening \u2022 RaspberryPi.dk","robots":{"index":"index","follow":"follow","max-snippet":"max-snippet:-1","max-image-preview":"max-image-preview:large","max-video-preview":"max-video-preview:-1"},"canonical":"https:\/\/raspberrypi.dk\/no\/produkt\/flirc-usb-v2-dongle-til-ir-fjernbetjening\/","og_locale":"nb_NO","og_type":"article","og_title":"FLIRC USB v2 - dongle til IR fjernbetjening \u2022 RaspberryPi.dk","og_description":"FLIRC USB v2-dongelen gj\u00f8r det mulig \u00e5 bruke fjernkontrollen din med din Raspberry Pi. Du konfigurerer enheten p\u00e5 datamaskinen din og plugger den ganske enkelt inn i din Raspberry Pi og har dermed en perfekt f\u00f8lgesvenn for ditt XBMC-mediesenter.  FLIRC USB v2 kan konfigureres for hvilken som helst IR-fjernkontroll, og det spiller derfor ingen rolle hvilken produsent fjernkontrollen er fra. Hvis du bare f\u00f8lger det superenkle oppsettet, parer du de individuelle knappene p\u00e5 fjernkontrollen med \"mediesenterknapper\", og den er klar til bruk.","og_url":"https:\/\/raspberrypi.dk\/no\/produkt\/flirc-usb-v2-dongle-til-ir-fjernbetjening\/","og_site_name":"RaspberryPi.dk","article_publisher":"https:\/\/facebook.com\/RaspberryPiDanmark","article_modified_time":"2026-02-05T07:57:47+00:00","og_image":[{"width":479,"height":479,"url":"https:\/\/raspberrypi.dk\/wp-content\/uploads\/2013\/07\/FLIRC-v2.jpg","type":"image\/jpeg"}],"twitter_card":"summary_large_image","twitter_site":"@raspberrypidk","twitter_misc":{"Ansl. lesetid":"1 minutt"},"schema":{"@context":"https:\/\/schema.org","@graph":[{"@type":"WebPage","@id":"https:\/\/raspberrypi.dk\/no\/produkt\/flirc-usb-v2-dongle-til-ir-fjernbetjening\/","url":"https:\/\/raspberrypi.dk\/no\/produkt\/flirc-usb-v2-dongle-til-ir-fjernbetjening\/","name":"FLIRC USB v2 - dongle til IR fjernbetjening \u2022 RaspberryPi.dk","isPartOf":{"@id":"https:\/\/raspberrypi.dk\/no\/#website"},"primaryImageOfPage":{"@id":"https:\/\/raspberrypi.dk\/no\/produkt\/flirc-usb-v2-dongle-til-ir-fjernbetjening\/#primaryimage"},"image":{"@id":"https:\/\/raspberrypi.dk\/no\/produkt\/flirc-usb-v2-dongle-til-ir-fjernbetjening\/#primaryimage"},"thumbnailUrl":"https:\/\/raspberrypi.dk\/wp-content\/uploads\/2013\/07\/FLIRC-v2.jpg","datePublished":"2019-06-24T12:25:22+00:00","dateModified":"2026-02-05T07:57:47+00:00","breadcrumb":{"@id":"https:\/\/raspberrypi.dk\/no\/produkt\/flirc-usb-v2-dongle-til-ir-fjernbetjening\/#breadcrumb"},"inLanguage":"nb-NO","potentialAction":[{"@type":"ReadAction","target":["https:\/\/raspberrypi.dk\/no\/produkt\/flirc-usb-v2-dongle-til-ir-fjernbetjening\/"]}]},{"@type":"ImageObject","inLanguage":"nb-NO","@id":"https:\/\/raspberrypi.dk\/no\/produkt\/flirc-usb-v2-dongle-til-ir-fjernbetjening\/#primaryimage","url":"https:\/\/raspberrypi.dk\/wp-content\/uploads\/2013\/07\/FLIRC-v2.jpg","contentUrl":"https:\/\/raspberrypi.dk\/wp-content\/uploads\/2013\/07\/FLIRC-v2.jpg","width":479,"height":479},{"@type":"BreadcrumbList","@id":"https:\/\/raspberrypi.dk\/no\/produkt\/flirc-usb-v2-dongle-til-ir-fjernbetjening\/#breadcrumb","itemListElement":[{"@type":"ListItem","position":1,"name":"Hjem","item":"https:\/\/raspberrypi.dk\/no\/raspberry-pi-nettbutikk\/"},{"@type":"ListItem","position":2,"name":"Shop","item":"https:\/\/raspberrypi.dk\/no\/shop-2\/"},{"@type":"ListItem","position":3,"name":"FLIRC USB v2 &#8211; dongle til IR fjernbetjening"}]},{"@type":"WebSite","@id":"https:\/\/raspberrypi.dk\/no\/#website","url":"https:\/\/raspberrypi.dk\/no\/","name":"RaspberryPi.dk","description":"Danmarks f\u00f8rende Raspberry Pi side!","publisher":{"@id":"https:\/\/raspberrypi.dk\/no\/#organization"},"potentialAction":[{"@type":"SearchAction","target":{"@type":"EntryPoint","urlTemplate":"https:\/\/raspberrypi.dk\/no\/?s={search_term_string}"},"query-input":{"@type":"PropertyValueSpecification","valueRequired":true,"valueName":"search_term_string"}}],"inLanguage":"nb-NO"},{"@type":"Organization","@id":"https:\/\/raspberrypi.dk\/no\/#organization","name":"RaspberryPi.dk","url":"https:\/\/raspberrypi.dk\/no\/","logo":{"@type":"ImageObject","inLanguage":"nb-NO","@id":"https:\/\/raspberrypi.dk\/no\/#\/schema\/logo\/image\/","url":"https:\/\/raspberrypi.dk\/wp-content\/uploads\/2017\/05\/RaspberryPidk_logo-2.png","contentUrl":"https:\/\/raspberrypi.dk\/wp-content\/uploads\/2017\/05\/RaspberryPidk_logo-2.png","width":470,"height":110,"caption":"RaspberryPi.dk"},"image":{"@id":"https:\/\/raspberrypi.dk\/no\/#\/schema\/logo\/image\/"},"sameAs":["https:\/\/facebook.com\/RaspberryPiDanmark","https:\/\/x.com\/raspberrypidk","https:\/\/instagram.com\/raspberrypi.dk"]}]}},"_links":{"self":[{"href":"https:\/\/raspberrypi.dk\/no\/wp-json\/wp\/v2\/product\/218562","targetHints":{"allow":["GET"]}}],"collection":[{"href":"https:\/\/raspberrypi.dk\/no\/wp-json\/wp\/v2\/product"}],"about":[{"href":"https:\/\/raspberrypi.dk\/no\/wp-json\/wp\/v2\/types\/product"}],"replies":[{"embeddable":true,"href":"https:\/\/raspberrypi.dk\/no\/wp-json\/wp\/v2\/comments?post=218562"}],"wp:featuredmedia":[{"embeddable":true,"href":"https:\/\/raspberrypi.dk\/no\/wp-json\/wp\/v2\/media\/218563"}],"wp:attachment":[{"href":"https:\/\/raspberrypi.dk\/no\/wp-json\/wp\/v2\/media?parent=218562"}],"wp:term":[{"taxonomy":"product_brand","embeddable":true,"href":"https:\/\/raspberrypi.dk\/no\/wp-json\/wp\/v2\/product_brand?post=218562"},{"taxonomy":"product_cat","embeddable":true,"href":"https:\/\/raspberrypi.dk\/no\/wp-json\/wp\/v2\/product_cat?post=218562"},{"taxonomy":"product_tag","embeddable":true,"href":"https:\/\/raspberrypi.dk\/no\/wp-json\/wp\/v2\/product_tag?post=218562"}],"curies":[{"name":"wp","href":"https:\/\/api.w.org\/{rel}","templated":true}]}}