{"id":218746,"date":"2019-06-23T11:11:12","date_gmt":"2019-06-23T09:11:12","guid":{"rendered":"https:\/\/raspberrypi.dk\/produkt\/raspberry-pi-nybegynnerveiledning-v4\/"},"modified":"2025-09-27T22:04:23","modified_gmt":"2025-09-27T20:04:23","slug":"raspberry-pi-nybegynnerveiledning-v4","status":"publish","type":"product","link":"https:\/\/raspberrypi.dk\/no\/produkt\/raspberry-pi-nybegynnerveiledning-v4\/","title":{"rendered":"Raspberry Pi Nybegynnerveiledning v4"},"content":{"rendered":"<p>Fullt oppdatert for Raspberry Pi 400, Raspberry Pi 4 og den nyeste programvaren. Denne offisielle Raspberry Pi-boken p\u00e5 252 sider er fullpakket med prosjekter og nybegynnerveiledninger som inneholder all informasjonen du trenger for \u00e5 komme i gang med den nye datamaskinen din!<\/p>\n<p>L\u00e6r hvordan du setter opp Raspberry Pi, installer et operativsystem og begynner \u00e5 bruke det. F\u00f8lg trinnvise veiledninger for \u00e5 kode dine egne animasjoner og spill ved \u00e5 bruke b\u00e5de Scratch 3 og Python-spr\u00e5ket. Lag fantastiske prosjekter ved \u00e5 koble elektroniske komponenter til Raspberry Pis GPIO-pinner. Pluss mye, mye mer!<\/p>\n<ul>\n<li>Sett opp Raspberry Pi, installer operativsystemet og begynn \u00e5 bruke denne fullt funksjonelle datamaskinen.<\/li>\n<li>Start kodeprosjekter med trinnvise veiledninger som bruker programmeringsspr\u00e5kene Scratch 3 og Python.<\/li>\n<li>Eksperimenter med \u00e5 koble til elektroniske komponenter og ha det g\u00f8y med \u00e5 lage fantastiske prosjekter.<\/li>\n<\/ul>\n","protected":false},"excerpt":{"rendered":"<p>Fjerde utgave av den offisielle Raspberry Pi Beginner&#8217;s Guide, oppdatert med materiale om Raspberry Pi 400.<\/p>\n","protected":false},"featured_media":218752,"comment_status":"open","ping_status":"closed","template":"","meta":[],"product_brand":[],"product_cat":[592],"product_tag":[717],"class_list":{"0":"post-218746","1":"product","2":"type-product","3":"status-publish","4":"has-post-thumbnail","6":"product_cat-boeker-magasiner","7":"product_tag-rpi4-no","9":"first","10":"instock","11":"sale","12":"taxable","13":"shipping-taxable","14":"purchasable","15":"product-type-variable","16":"has-default-attributes"},"composite_virtual":false,"composite_layout":"","composite_add_to_cart_form_location":"","composite_editable_in_cart":false,"composite_sold_individually_context":"","composite_shop_price_calc":"","composite_components":[],"composite_scenarios":[],"bundled_by":[],"bundle_stock_status":"instock","bundle_stock_quantity":null,"bundle_virtual":false,"bundle_layout":"","bundle_add_to_cart_form_location":"","bundle_editable_in_cart":false,"bundle_sold_individually_context":"","bundle_item_grouping":"","bundle_min_size":"","bundle_max_size":"","bundle_price":[],"bundled_items":[],"bundle_sell_ids":[],"yoast_head":"<!-- This site is optimized with the Yoast SEO plugin v27.1.1 - https:\/\/yoast.com\/product\/yoast-seo-wordpress\/ -->\n<title>Raspberry Pi Nybegynnerveiledning v4 \u2022 RaspberryPi.dk<\/title>\n<meta name=\"robots\" content=\"index, follow, max-snippet:-1, max-image-preview:large, max-video-preview:-1\" \/>\n<link rel=\"canonical\" href=\"https:\/\/raspberrypi.dk\/no\/produkt\/raspberry-pi-nybegynnerveiledning-v4\/\" \/>\n<meta property=\"og:locale\" content=\"nb_NO\" \/>\n<meta property=\"og:type\" content=\"article\" \/>\n<meta property=\"og:title\" content=\"Raspberry Pi Nybegynnerveiledning v4 \u2022 RaspberryPi.dk\" \/>\n<meta property=\"og:description\" content=\"Fjerde utgave av den offisielle Raspberry Pi Beginner&#039;s Guide, oppdatert med materiale om Raspberry Pi 400.\" \/>\n<meta property=\"og:url\" content=\"https:\/\/raspberrypi.dk\/no\/produkt\/raspberry-pi-nybegynnerveiledning-v4\/\" \/>\n<meta property=\"og:site_name\" content=\"RaspberryPi.dk\" \/>\n<meta property=\"article:publisher\" content=\"https:\/\/facebook.com\/RaspberryPiDanmark\" \/>\n<meta property=\"article:modified_time\" content=\"2025-09-27T20:04:23+00:00\" \/>\n<meta property=\"og:image\" content=\"https:\/\/raspberrypi.dk\/wp-content\/uploads\/2019\/06\/Raspberry-Pi-Beginners-Guide-v4.jpg\" \/>\n\t<meta property=\"og:image:width\" content=\"720\" \/>\n\t<meta property=\"og:image:height\" content=\"720\" \/>\n\t<meta property=\"og:image:type\" content=\"image\/jpeg\" \/>\n<meta name=\"twitter:card\" content=\"summary_large_image\" \/>\n<meta name=\"twitter:site\" content=\"@raspberrypidk\" \/>\n<meta name=\"twitter:label1\" content=\"Ansl. lesetid\" \/>\n\t<meta name=\"twitter:data1\" content=\"1 minutt\" \/>\n<script type=\"application\/ld+json\" class=\"yoast-schema-graph\">{\"@context\":\"https:\/\/schema.org\",\"@graph\":[{\"@type\":\"WebPage\",\"@id\":\"https:\/\/raspberrypi.dk\/no\/produkt\/raspberry-pi-nybegynnerveiledning-v4\/\",\"url\":\"https:\/\/raspberrypi.dk\/no\/produkt\/raspberry-pi-nybegynnerveiledning-v4\/\",\"name\":\"Raspberry Pi Nybegynnerveiledning v4 \u2022 RaspberryPi.dk\",\"isPartOf\":{\"@id\":\"https:\/\/raspberrypi.dk\/no\/#website\"},\"primaryImageOfPage\":{\"@id\":\"https:\/\/raspberrypi.dk\/no\/produkt\/raspberry-pi-nybegynnerveiledning-v4\/#primaryimage\"},\"image\":{\"@id\":\"https:\/\/raspberrypi.dk\/no\/produkt\/raspberry-pi-nybegynnerveiledning-v4\/#primaryimage\"},\"thumbnailUrl\":\"https:\/\/raspberrypi.dk\/wp-content\/uploads\/2019\/06\/Raspberry-Pi-Beginners-Guide-v4.jpg\",\"datePublished\":\"2019-06-23T09:11:12+00:00\",\"dateModified\":\"2025-09-27T20:04:23+00:00\",\"breadcrumb\":{\"@id\":\"https:\/\/raspberrypi.dk\/no\/produkt\/raspberry-pi-nybegynnerveiledning-v4\/#breadcrumb\"},\"inLanguage\":\"nb-NO\",\"potentialAction\":[{\"@type\":\"ReadAction\",\"target\":[\"https:\/\/raspberrypi.dk\/no\/produkt\/raspberry-pi-nybegynnerveiledning-v4\/\"]}]},{\"@type\":\"ImageObject\",\"inLanguage\":\"nb-NO\",\"@id\":\"https:\/\/raspberrypi.dk\/no\/produkt\/raspberry-pi-nybegynnerveiledning-v4\/#primaryimage\",\"url\":\"https:\/\/raspberrypi.dk\/wp-content\/uploads\/2019\/06\/Raspberry-Pi-Beginners-Guide-v4.jpg\",\"contentUrl\":\"https:\/\/raspberrypi.dk\/wp-content\/uploads\/2019\/06\/Raspberry-Pi-Beginners-Guide-v4.jpg\",\"width\":720,\"height\":720},{\"@type\":\"BreadcrumbList\",\"@id\":\"https:\/\/raspberrypi.dk\/no\/produkt\/raspberry-pi-nybegynnerveiledning-v4\/#breadcrumb\",\"itemListElement\":[{\"@type\":\"ListItem\",\"position\":1,\"name\":\"Hjem\",\"item\":\"https:\/\/raspberrypi.dk\/no\/raspberry-pi-nettbutikk\/\"},{\"@type\":\"ListItem\",\"position\":2,\"name\":\"Shop\",\"item\":\"https:\/\/raspberrypi.dk\/no\/shop-2\/\"},{\"@type\":\"ListItem\",\"position\":3,\"name\":\"Raspberry Pi Nybegynnerveiledning v4\"}]},{\"@type\":\"WebSite\",\"@id\":\"https:\/\/raspberrypi.dk\/no\/#website\",\"url\":\"https:\/\/raspberrypi.dk\/no\/\",\"name\":\"RaspberryPi.dk\",\"description\":\"Danmarks f\u00f8rende Raspberry Pi side!\",\"publisher\":{\"@id\":\"https:\/\/raspberrypi.dk\/no\/#organization\"},\"potentialAction\":[{\"@type\":\"SearchAction\",\"target\":{\"@type\":\"EntryPoint\",\"urlTemplate\":\"https:\/\/raspberrypi.dk\/no\/?s={search_term_string}\"},\"query-input\":{\"@type\":\"PropertyValueSpecification\",\"valueRequired\":true,\"valueName\":\"search_term_string\"}}],\"inLanguage\":\"nb-NO\"},{\"@type\":\"Organization\",\"@id\":\"https:\/\/raspberrypi.dk\/no\/#organization\",\"name\":\"RaspberryPi.dk\",\"url\":\"https:\/\/raspberrypi.dk\/no\/\",\"logo\":{\"@type\":\"ImageObject\",\"inLanguage\":\"nb-NO\",\"@id\":\"https:\/\/raspberrypi.dk\/no\/#\/schema\/logo\/image\/\",\"url\":\"https:\/\/raspberrypi.dk\/wp-content\/uploads\/2017\/05\/RaspberryPidk_logo-2.png\",\"contentUrl\":\"https:\/\/raspberrypi.dk\/wp-content\/uploads\/2017\/05\/RaspberryPidk_logo-2.png\",\"width\":470,\"height\":110,\"caption\":\"RaspberryPi.dk\"},\"image\":{\"@id\":\"https:\/\/raspberrypi.dk\/no\/#\/schema\/logo\/image\/\"},\"sameAs\":[\"https:\/\/facebook.com\/RaspberryPiDanmark\",\"https:\/\/x.com\/raspberrypidk\",\"https:\/\/instagram.com\/raspberrypi.dk\"]}]}<\/script>\n<!-- \/ Yoast SEO plugin. -->","yoast_head_json":{"title":"Raspberry Pi Nybegynnerveiledning v4 \u2022 RaspberryPi.dk","robots":{"index":"index","follow":"follow","max-snippet":"max-snippet:-1","max-image-preview":"max-image-preview:large","max-video-preview":"max-video-preview:-1"},"canonical":"https:\/\/raspberrypi.dk\/no\/produkt\/raspberry-pi-nybegynnerveiledning-v4\/","og_locale":"nb_NO","og_type":"article","og_title":"Raspberry Pi Nybegynnerveiledning v4 \u2022 RaspberryPi.dk","og_description":"Fjerde utgave av den offisielle Raspberry Pi Beginner's Guide, oppdatert med materiale om Raspberry Pi 400.","og_url":"https:\/\/raspberrypi.dk\/no\/produkt\/raspberry-pi-nybegynnerveiledning-v4\/","og_site_name":"RaspberryPi.dk","article_publisher":"https:\/\/facebook.com\/RaspberryPiDanmark","article_modified_time":"2025-09-27T20:04:23+00:00","og_image":[{"width":720,"height":720,"url":"https:\/\/raspberrypi.dk\/wp-content\/uploads\/2019\/06\/Raspberry-Pi-Beginners-Guide-v4.jpg","type":"image\/jpeg"}],"twitter_card":"summary_large_image","twitter_site":"@raspberrypidk","twitter_misc":{"Ansl. lesetid":"1 minutt"},"schema":{"@context":"https:\/\/schema.org","@graph":[{"@type":"WebPage","@id":"https:\/\/raspberrypi.dk\/no\/produkt\/raspberry-pi-nybegynnerveiledning-v4\/","url":"https:\/\/raspberrypi.dk\/no\/produkt\/raspberry-pi-nybegynnerveiledning-v4\/","name":"Raspberry Pi Nybegynnerveiledning v4 \u2022 RaspberryPi.dk","isPartOf":{"@id":"https:\/\/raspberrypi.dk\/no\/#website"},"primaryImageOfPage":{"@id":"https:\/\/raspberrypi.dk\/no\/produkt\/raspberry-pi-nybegynnerveiledning-v4\/#primaryimage"},"image":{"@id":"https:\/\/raspberrypi.dk\/no\/produkt\/raspberry-pi-nybegynnerveiledning-v4\/#primaryimage"},"thumbnailUrl":"https:\/\/raspberrypi.dk\/wp-content\/uploads\/2019\/06\/Raspberry-Pi-Beginners-Guide-v4.jpg","datePublished":"2019-06-23T09:11:12+00:00","dateModified":"2025-09-27T20:04:23+00:00","breadcrumb":{"@id":"https:\/\/raspberrypi.dk\/no\/produkt\/raspberry-pi-nybegynnerveiledning-v4\/#breadcrumb"},"inLanguage":"nb-NO","potentialAction":[{"@type":"ReadAction","target":["https:\/\/raspberrypi.dk\/no\/produkt\/raspberry-pi-nybegynnerveiledning-v4\/"]}]},{"@type":"ImageObject","inLanguage":"nb-NO","@id":"https:\/\/raspberrypi.dk\/no\/produkt\/raspberry-pi-nybegynnerveiledning-v4\/#primaryimage","url":"https:\/\/raspberrypi.dk\/wp-content\/uploads\/2019\/06\/Raspberry-Pi-Beginners-Guide-v4.jpg","contentUrl":"https:\/\/raspberrypi.dk\/wp-content\/uploads\/2019\/06\/Raspberry-Pi-Beginners-Guide-v4.jpg","width":720,"height":720},{"@type":"BreadcrumbList","@id":"https:\/\/raspberrypi.dk\/no\/produkt\/raspberry-pi-nybegynnerveiledning-v4\/#breadcrumb","itemListElement":[{"@type":"ListItem","position":1,"name":"Hjem","item":"https:\/\/raspberrypi.dk\/no\/raspberry-pi-nettbutikk\/"},{"@type":"ListItem","position":2,"name":"Shop","item":"https:\/\/raspberrypi.dk\/no\/shop-2\/"},{"@type":"ListItem","position":3,"name":"Raspberry Pi Nybegynnerveiledning v4"}]},{"@type":"WebSite","@id":"https:\/\/raspberrypi.dk\/no\/#website","url":"https:\/\/raspberrypi.dk\/no\/","name":"RaspberryPi.dk","description":"Danmarks f\u00f8rende Raspberry Pi side!","publisher":{"@id":"https:\/\/raspberrypi.dk\/no\/#organization"},"potentialAction":[{"@type":"SearchAction","target":{"@type":"EntryPoint","urlTemplate":"https:\/\/raspberrypi.dk\/no\/?s={search_term_string}"},"query-input":{"@type":"PropertyValueSpecification","valueRequired":true,"valueName":"search_term_string"}}],"inLanguage":"nb-NO"},{"@type":"Organization","@id":"https:\/\/raspberrypi.dk\/no\/#organization","name":"RaspberryPi.dk","url":"https:\/\/raspberrypi.dk\/no\/","logo":{"@type":"ImageObject","inLanguage":"nb-NO","@id":"https:\/\/raspberrypi.dk\/no\/#\/schema\/logo\/image\/","url":"https:\/\/raspberrypi.dk\/wp-content\/uploads\/2017\/05\/RaspberryPidk_logo-2.png","contentUrl":"https:\/\/raspberrypi.dk\/wp-content\/uploads\/2017\/05\/RaspberryPidk_logo-2.png","width":470,"height":110,"caption":"RaspberryPi.dk"},"image":{"@id":"https:\/\/raspberrypi.dk\/no\/#\/schema\/logo\/image\/"},"sameAs":["https:\/\/facebook.com\/RaspberryPiDanmark","https:\/\/x.com\/raspberrypidk","https:\/\/instagram.com\/raspberrypi.dk"]}]}},"_links":{"self":[{"href":"https:\/\/raspberrypi.dk\/no\/wp-json\/wp\/v2\/product\/218746","targetHints":{"allow":["GET"]}}],"collection":[{"href":"https:\/\/raspberrypi.dk\/no\/wp-json\/wp\/v2\/product"}],"about":[{"href":"https:\/\/raspberrypi.dk\/no\/wp-json\/wp\/v2\/types\/product"}],"replies":[{"embeddable":true,"href":"https:\/\/raspberrypi.dk\/no\/wp-json\/wp\/v2\/comments?post=218746"}],"wp:featuredmedia":[{"embeddable":true,"href":"https:\/\/raspberrypi.dk\/no\/wp-json\/wp\/v2\/media\/218752"}],"wp:attachment":[{"href":"https:\/\/raspberrypi.dk\/no\/wp-json\/wp\/v2\/media?parent=218746"}],"wp:term":[{"taxonomy":"product_brand","embeddable":true,"href":"https:\/\/raspberrypi.dk\/no\/wp-json\/wp\/v2\/product_brand?post=218746"},{"taxonomy":"product_cat","embeddable":true,"href":"https:\/\/raspberrypi.dk\/no\/wp-json\/wp\/v2\/product_cat?post=218746"},{"taxonomy":"product_tag","embeddable":true,"href":"https:\/\/raspberrypi.dk\/no\/wp-json\/wp\/v2\/product_tag?post=218746"}],"curies":[{"name":"wp","href":"https:\/\/api.w.org\/{rel}","templated":true}]}}