{"id":218801,"date":"2019-06-06T10:33:32","date_gmt":"2019-06-06T08:33:32","guid":{"rendered":"https:\/\/raspberrypi.dk\/produkt\/raspberry-pi-3-model-a\/"},"modified":"2026-03-23T09:18:15","modified_gmt":"2026-03-23T08:18:15","slug":"raspberry-pi-3-model-a","status":"publish","type":"product","link":"https:\/\/raspberrypi.dk\/no\/produkt\/raspberry-pi-3-model-a\/","title":{"rendered":"Raspberry Pi 3 Model A+"},"content":{"rendered":"<p><strong>Spesifikasjoner<\/strong><\/p>\n<ul>\n<li>Prosessor: Broadcom BCM2837B0, Cortex-A53, 64-bit SoC @ 1,4\u2009GHz<\/li>\n<li>Minne: 512 MB LPDDR2 SDRAM<\/li>\n<li>Tilkobling: 2,4 GHz og 5 GHz IEE 802.11.b\/g\/n\/ac tr\u00e5dl\u00f8st LAN, Bluetooth 4.2\/BLE<\/li>\n<li>Tilgang: Utvidet 40-pinners GPIO-header<\/li>\n<li>Video og lyd: 1 \u00d7 full st\u00f8rrelse HDMI, MIPI DSI-skjermport, MIPI CSI-kameraport, 4-polet stereoutgang og komposittvideoport<\/li>\n<li>Multimedia: H.264, MPEG-4-dekode (1080p30); H.264-kode (1080p30); OpenGL ES 1.1, 2.0 grafikk<\/li>\n<li>SD-kortst\u00f8tte: Micro SD-format for lasting av operativsystem og datalagring<\/li>\n<li>Inngangseffekt: 5 V\/2,5 A DC via mikro-USB-kontakt \/ 5 V DC via GPIO-header<\/li>\n<li>Milj\u00f8: Driftstemperatur, 0-50\u00b0C<\/li>\n<li>Produksjonstid: Raspberry Pi 3 Model A+ vil forbli i produksjon til minst januar 2023<\/li>\n<\/ul>\n<p>2,4\/5 GHz tr\u00e5dl\u00f8st LAN kommer med modulsertifisering, noe som gj\u00f8r at kortet kan utformes til sluttprodukter med betydelig redusert testing av tr\u00e5dl\u00f8s LAN-overholdelse, noe som forbedrer b\u00e5de kostnadene og tiden til markedet.<\/p>\n","protected":false},"excerpt":{"rendered":"<p><strong>Raspberry Pi 3 Model A+<\/strong> er en mindre og billigere versjon av Pi 3 B+. I likhet med Raspberry Pi 3 Model B+ har den en 64-bits firekjerners 1,4 GHz-prosessor, dual-band 2,4 GHz og 5 GHz tr\u00e5dl\u00f8st LAN og Bluetooth 4.2\/BLE. Raspberry Pi 3 Model A Plus har samme fotavtrykk som Pi 1 A+.<\/p>\n<p>[wpb-pcf-knapp]<\/p>\n","protected":false},"featured_media":218802,"comment_status":"open","ping_status":"closed","template":"","meta":[],"product_brand":[],"product_cat":[600],"product_tag":[],"class_list":{"0":"post-218801","1":"product","2":"type-product","3":"status-publish","4":"has-post-thumbnail","6":"product_cat-raspberry-pi-modeller-no","8":"first","9":"outofstock","10":"taxable","11":"shipping-taxable","12":"purchasable","13":"product-type-simple"},"composite_virtual":false,"composite_layout":"","composite_add_to_cart_form_location":"","composite_editable_in_cart":false,"composite_sold_individually_context":"","composite_shop_price_calc":"","composite_components":[],"composite_scenarios":[],"bundled_by":["217229"],"bundle_stock_status":"outofstock","bundle_stock_quantity":0,"bundle_virtual":false,"bundle_layout":"","bundle_add_to_cart_form_location":"","bundle_editable_in_cart":false,"bundle_sold_individually_context":"","bundle_item_grouping":"","bundle_min_size":"","bundle_max_size":"","bundle_price":[],"bundled_items":[],"bundle_sell_ids":[218794,217639],"yoast_head":"<!-- This site is optimized with the Yoast SEO plugin v27.1.1 - https:\/\/yoast.com\/product\/yoast-seo-wordpress\/ -->\n<title>Raspberry Pi 3 Model A+ \u2022 RaspberryPi.dk<\/title>\n<meta name=\"robots\" content=\"index, follow, max-snippet:-1, max-image-preview:large, max-video-preview:-1\" \/>\n<link rel=\"canonical\" href=\"https:\/\/raspberrypi.dk\/no\/produkt\/raspberry-pi-3-model-a\/\" \/>\n<meta property=\"og:locale\" content=\"nb_NO\" \/>\n<meta property=\"og:type\" content=\"article\" \/>\n<meta property=\"og:title\" content=\"Raspberry Pi 3 Model A+ \u2022 RaspberryPi.dk\" \/>\n<meta property=\"og:description\" content=\"Raspberry Pi 3 Model A+ er en mindre og billigere versjon av Pi 3 B+. I likhet med Raspberry Pi 3 Model B+ har den en 64-bits firekjerners 1,4 GHz-prosessor, dual-band 2,4 GHz og 5 GHz tr\u00e5dl\u00f8st LAN og Bluetooth 4.2\/BLE. Raspberry Pi 3 Model A Plus har samme fotavtrykk som Pi 1 A+.  [wpb-pcf-knapp]\" \/>\n<meta property=\"og:url\" content=\"https:\/\/raspberrypi.dk\/no\/produkt\/raspberry-pi-3-model-a\/\" \/>\n<meta property=\"og:site_name\" content=\"RaspberryPi.dk\" \/>\n<meta property=\"article:publisher\" content=\"https:\/\/facebook.com\/RaspberryPiDanmark\" \/>\n<meta property=\"article:modified_time\" content=\"2026-03-23T08:18:15+00:00\" \/>\n<meta property=\"og:image\" content=\"https:\/\/raspberrypi.dk\/wp-content\/uploads\/2018\/11\/Raspberry-Pi-3-Model-A-Plus.jpg\" \/>\n\t<meta property=\"og:image:width\" content=\"1900\" \/>\n\t<meta property=\"og:image:height\" content=\"1256\" \/>\n\t<meta property=\"og:image:type\" content=\"image\/jpeg\" \/>\n<meta name=\"twitter:card\" content=\"summary_large_image\" \/>\n<meta name=\"twitter:site\" content=\"@raspberrypidk\" \/>\n<meta name=\"twitter:label1\" content=\"Ansl. lesetid\" \/>\n\t<meta name=\"twitter:data1\" content=\"1 minutt\" \/>\n<script type=\"application\/ld+json\" class=\"yoast-schema-graph\">{\"@context\":\"https:\/\/schema.org\",\"@graph\":[{\"@type\":\"WebPage\",\"@id\":\"https:\/\/raspberrypi.dk\/no\/produkt\/raspberry-pi-3-model-a\/\",\"url\":\"https:\/\/raspberrypi.dk\/no\/produkt\/raspberry-pi-3-model-a\/\",\"name\":\"Raspberry Pi 3 Model A+ \u2022 RaspberryPi.dk\",\"isPartOf\":{\"@id\":\"https:\/\/raspberrypi.dk\/no\/#website\"},\"primaryImageOfPage\":{\"@id\":\"https:\/\/raspberrypi.dk\/no\/produkt\/raspberry-pi-3-model-a\/#primaryimage\"},\"image\":{\"@id\":\"https:\/\/raspberrypi.dk\/no\/produkt\/raspberry-pi-3-model-a\/#primaryimage\"},\"thumbnailUrl\":\"https:\/\/raspberrypi.dk\/wp-content\/uploads\/2018\/11\/Raspberry-Pi-3-Model-A-Plus.jpg\",\"datePublished\":\"2019-06-06T08:33:32+00:00\",\"dateModified\":\"2026-03-23T08:18:15+00:00\",\"breadcrumb\":{\"@id\":\"https:\/\/raspberrypi.dk\/no\/produkt\/raspberry-pi-3-model-a\/#breadcrumb\"},\"inLanguage\":\"nb-NO\",\"potentialAction\":[{\"@type\":\"ReadAction\",\"target\":[\"https:\/\/raspberrypi.dk\/no\/produkt\/raspberry-pi-3-model-a\/\"]}]},{\"@type\":\"ImageObject\",\"inLanguage\":\"nb-NO\",\"@id\":\"https:\/\/raspberrypi.dk\/no\/produkt\/raspberry-pi-3-model-a\/#primaryimage\",\"url\":\"https:\/\/raspberrypi.dk\/wp-content\/uploads\/2018\/11\/Raspberry-Pi-3-Model-A-Plus.jpg\",\"contentUrl\":\"https:\/\/raspberrypi.dk\/wp-content\/uploads\/2018\/11\/Raspberry-Pi-3-Model-A-Plus.jpg\",\"width\":1900,\"height\":1256},{\"@type\":\"BreadcrumbList\",\"@id\":\"https:\/\/raspberrypi.dk\/no\/produkt\/raspberry-pi-3-model-a\/#breadcrumb\",\"itemListElement\":[{\"@type\":\"ListItem\",\"position\":1,\"name\":\"Hjem\",\"item\":\"https:\/\/raspberrypi.dk\/no\/raspberry-pi-nettbutikk\/\"},{\"@type\":\"ListItem\",\"position\":2,\"name\":\"Shop\",\"item\":\"https:\/\/raspberrypi.dk\/no\/shop-2\/\"},{\"@type\":\"ListItem\",\"position\":3,\"name\":\"Raspberry Pi 3 Model A+\"}]},{\"@type\":\"WebSite\",\"@id\":\"https:\/\/raspberrypi.dk\/no\/#website\",\"url\":\"https:\/\/raspberrypi.dk\/no\/\",\"name\":\"RaspberryPi.dk\",\"description\":\"Danmarks f\u00f8rende Raspberry Pi side!\",\"publisher\":{\"@id\":\"https:\/\/raspberrypi.dk\/no\/#organization\"},\"potentialAction\":[{\"@type\":\"SearchAction\",\"target\":{\"@type\":\"EntryPoint\",\"urlTemplate\":\"https:\/\/raspberrypi.dk\/no\/?s={search_term_string}\"},\"query-input\":{\"@type\":\"PropertyValueSpecification\",\"valueRequired\":true,\"valueName\":\"search_term_string\"}}],\"inLanguage\":\"nb-NO\"},{\"@type\":\"Organization\",\"@id\":\"https:\/\/raspberrypi.dk\/no\/#organization\",\"name\":\"RaspberryPi.dk\",\"url\":\"https:\/\/raspberrypi.dk\/no\/\",\"logo\":{\"@type\":\"ImageObject\",\"inLanguage\":\"nb-NO\",\"@id\":\"https:\/\/raspberrypi.dk\/no\/#\/schema\/logo\/image\/\",\"url\":\"https:\/\/raspberrypi.dk\/wp-content\/uploads\/2017\/05\/RaspberryPidk_logo-2.png\",\"contentUrl\":\"https:\/\/raspberrypi.dk\/wp-content\/uploads\/2017\/05\/RaspberryPidk_logo-2.png\",\"width\":470,\"height\":110,\"caption\":\"RaspberryPi.dk\"},\"image\":{\"@id\":\"https:\/\/raspberrypi.dk\/no\/#\/schema\/logo\/image\/\"},\"sameAs\":[\"https:\/\/facebook.com\/RaspberryPiDanmark\",\"https:\/\/x.com\/raspberrypidk\",\"https:\/\/instagram.com\/raspberrypi.dk\"]}]}<\/script>\n<!-- \/ Yoast SEO plugin. -->","yoast_head_json":{"title":"Raspberry Pi 3 Model A+ \u2022 RaspberryPi.dk","robots":{"index":"index","follow":"follow","max-snippet":"max-snippet:-1","max-image-preview":"max-image-preview:large","max-video-preview":"max-video-preview:-1"},"canonical":"https:\/\/raspberrypi.dk\/no\/produkt\/raspberry-pi-3-model-a\/","og_locale":"nb_NO","og_type":"article","og_title":"Raspberry Pi 3 Model A+ \u2022 RaspberryPi.dk","og_description":"Raspberry Pi 3 Model A+ er en mindre og billigere versjon av Pi 3 B+. I likhet med Raspberry Pi 3 Model B+ har den en 64-bits firekjerners 1,4 GHz-prosessor, dual-band 2,4 GHz og 5 GHz tr\u00e5dl\u00f8st LAN og Bluetooth 4.2\/BLE. Raspberry Pi 3 Model A Plus har samme fotavtrykk som Pi 1 A+.  [wpb-pcf-knapp]","og_url":"https:\/\/raspberrypi.dk\/no\/produkt\/raspberry-pi-3-model-a\/","og_site_name":"RaspberryPi.dk","article_publisher":"https:\/\/facebook.com\/RaspberryPiDanmark","article_modified_time":"2026-03-23T08:18:15+00:00","og_image":[{"width":1900,"height":1256,"url":"https:\/\/raspberrypi.dk\/wp-content\/uploads\/2018\/11\/Raspberry-Pi-3-Model-A-Plus.jpg","type":"image\/jpeg"}],"twitter_card":"summary_large_image","twitter_site":"@raspberrypidk","twitter_misc":{"Ansl. lesetid":"1 minutt"},"schema":{"@context":"https:\/\/schema.org","@graph":[{"@type":"WebPage","@id":"https:\/\/raspberrypi.dk\/no\/produkt\/raspberry-pi-3-model-a\/","url":"https:\/\/raspberrypi.dk\/no\/produkt\/raspberry-pi-3-model-a\/","name":"Raspberry Pi 3 Model A+ \u2022 RaspberryPi.dk","isPartOf":{"@id":"https:\/\/raspberrypi.dk\/no\/#website"},"primaryImageOfPage":{"@id":"https:\/\/raspberrypi.dk\/no\/produkt\/raspberry-pi-3-model-a\/#primaryimage"},"image":{"@id":"https:\/\/raspberrypi.dk\/no\/produkt\/raspberry-pi-3-model-a\/#primaryimage"},"thumbnailUrl":"https:\/\/raspberrypi.dk\/wp-content\/uploads\/2018\/11\/Raspberry-Pi-3-Model-A-Plus.jpg","datePublished":"2019-06-06T08:33:32+00:00","dateModified":"2026-03-23T08:18:15+00:00","breadcrumb":{"@id":"https:\/\/raspberrypi.dk\/no\/produkt\/raspberry-pi-3-model-a\/#breadcrumb"},"inLanguage":"nb-NO","potentialAction":[{"@type":"ReadAction","target":["https:\/\/raspberrypi.dk\/no\/produkt\/raspberry-pi-3-model-a\/"]}]},{"@type":"ImageObject","inLanguage":"nb-NO","@id":"https:\/\/raspberrypi.dk\/no\/produkt\/raspberry-pi-3-model-a\/#primaryimage","url":"https:\/\/raspberrypi.dk\/wp-content\/uploads\/2018\/11\/Raspberry-Pi-3-Model-A-Plus.jpg","contentUrl":"https:\/\/raspberrypi.dk\/wp-content\/uploads\/2018\/11\/Raspberry-Pi-3-Model-A-Plus.jpg","width":1900,"height":1256},{"@type":"BreadcrumbList","@id":"https:\/\/raspberrypi.dk\/no\/produkt\/raspberry-pi-3-model-a\/#breadcrumb","itemListElement":[{"@type":"ListItem","position":1,"name":"Hjem","item":"https:\/\/raspberrypi.dk\/no\/raspberry-pi-nettbutikk\/"},{"@type":"ListItem","position":2,"name":"Shop","item":"https:\/\/raspberrypi.dk\/no\/shop-2\/"},{"@type":"ListItem","position":3,"name":"Raspberry Pi 3 Model A+"}]},{"@type":"WebSite","@id":"https:\/\/raspberrypi.dk\/no\/#website","url":"https:\/\/raspberrypi.dk\/no\/","name":"RaspberryPi.dk","description":"Danmarks f\u00f8rende Raspberry Pi side!","publisher":{"@id":"https:\/\/raspberrypi.dk\/no\/#organization"},"potentialAction":[{"@type":"SearchAction","target":{"@type":"EntryPoint","urlTemplate":"https:\/\/raspberrypi.dk\/no\/?s={search_term_string}"},"query-input":{"@type":"PropertyValueSpecification","valueRequired":true,"valueName":"search_term_string"}}],"inLanguage":"nb-NO"},{"@type":"Organization","@id":"https:\/\/raspberrypi.dk\/no\/#organization","name":"RaspberryPi.dk","url":"https:\/\/raspberrypi.dk\/no\/","logo":{"@type":"ImageObject","inLanguage":"nb-NO","@id":"https:\/\/raspberrypi.dk\/no\/#\/schema\/logo\/image\/","url":"https:\/\/raspberrypi.dk\/wp-content\/uploads\/2017\/05\/RaspberryPidk_logo-2.png","contentUrl":"https:\/\/raspberrypi.dk\/wp-content\/uploads\/2017\/05\/RaspberryPidk_logo-2.png","width":470,"height":110,"caption":"RaspberryPi.dk"},"image":{"@id":"https:\/\/raspberrypi.dk\/no\/#\/schema\/logo\/image\/"},"sameAs":["https:\/\/facebook.com\/RaspberryPiDanmark","https:\/\/x.com\/raspberrypidk","https:\/\/instagram.com\/raspberrypi.dk"]}]}},"_links":{"self":[{"href":"https:\/\/raspberrypi.dk\/no\/wp-json\/wp\/v2\/product\/218801","targetHints":{"allow":["GET"]}}],"collection":[{"href":"https:\/\/raspberrypi.dk\/no\/wp-json\/wp\/v2\/product"}],"about":[{"href":"https:\/\/raspberrypi.dk\/no\/wp-json\/wp\/v2\/types\/product"}],"replies":[{"embeddable":true,"href":"https:\/\/raspberrypi.dk\/no\/wp-json\/wp\/v2\/comments?post=218801"}],"wp:featuredmedia":[{"embeddable":true,"href":"https:\/\/raspberrypi.dk\/no\/wp-json\/wp\/v2\/media\/218802"}],"wp:attachment":[{"href":"https:\/\/raspberrypi.dk\/no\/wp-json\/wp\/v2\/media?parent=218801"}],"wp:term":[{"taxonomy":"product_brand","embeddable":true,"href":"https:\/\/raspberrypi.dk\/no\/wp-json\/wp\/v2\/product_brand?post=218801"},{"taxonomy":"product_cat","embeddable":true,"href":"https:\/\/raspberrypi.dk\/no\/wp-json\/wp\/v2\/product_cat?post=218801"},{"taxonomy":"product_tag","embeddable":true,"href":"https:\/\/raspberrypi.dk\/no\/wp-json\/wp\/v2\/product_tag?post=218801"}],"curies":[{"name":"wp","href":"https:\/\/api.w.org\/{rel}","templated":true}]}}