{"id":218829,"date":"2019-05-20T17:56:32","date_gmt":"2019-05-20T15:56:32","guid":{"rendered":"https:\/\/raspberrypi.dk\/produkt\/raspberry-pi-3-model-b-2\/"},"modified":"2026-04-08T11:07:51","modified_gmt":"2026-04-08T09:07:51","slug":"raspberry-pi-3-model-b-2","status":"publish","type":"product","link":"https:\/\/raspberrypi.dk\/no\/produkt\/raspberry-pi-3-model-b-2\/","title":{"rendered":"Raspberry Pi 3 Model B+"},"content":{"rendered":"<p>Raspberry Pi 3 Model B+ har samme fotavtrykk som Pi 2 Model B og Pi 3 Model B.<\/p>\n<p><strong>Spesifikasjoner<\/strong><\/p>\n<p>Processor:<\/p>\n<ul>\n<li>Broadcom BCM2837B0, Cortex-A53, 64-bit SoC @ 1.4GHz<\/li>\n<\/ul>\n<p>Hukommelse:<\/p>\n<ul>\n<li>1GB LPDDR2 SDRAM<\/li>\n<\/ul>\n<p>Konnektivitet:<\/p>\n<ul>\n<li>2.4GHz og 5GHz IEEE 802.11.b\/g\/n\/ac tr\u00e5dl\u00f8s<\/li>\n<li>LAN, Bluetooth 4.2, BLE<\/li>\n<li>Gigabit Ethernet over USB 2.0 (maksimum throughput: 300Mbps)<\/li>\n<li>4 \u00d7 USB 2.0 ports<\/li>\n<\/ul>\n<p>Adgang:<\/p>\n<ul>\n<li>Udvidet 40-pin GPIO header<\/li>\n<\/ul>\n<p>Video og lyd:<\/p>\n<ul>\n<li>1 \u00d7 full size HDMI<\/li>\n<li>MIPI DSI display port<\/li>\n<li>MIPI CSI camera port<\/li>\n<li>4 pole stereo output og composite video port<\/li>\n<\/ul>\n<p>Multimedia:<\/p>\n<ul>\n<li>H.264, MPEG-4 decode (1080p30); H.264 encode (1080p30); OpenGL ES 1.1, 2.0 graphics<\/li>\n<\/ul>\n<p>SD Kort:<\/p>\n<ul>\n<li>Micro SD-format for lasting av operativsystem og datalagring<\/li>\n<\/ul>\n<p>Str\u00f8m:<\/p>\n<ul>\n<li>5V\/2.5A DC via mikro USB connector<\/li>\n<li>5V DC via GPIO header<\/li>\n<li>Power over Ethernet (PoE)\u2013enabled (kr\u00e6ver separat <a href=\"https:\/\/raspberrypi.dk\/produkt\/raspberry-pi-poe-hat\/\">PoE HAT<\/a>)<\/li>\n<\/ul>\n<p>Milj\u00f8:<\/p>\n<ul>\n<li>Driftstemperatur, 0\u201350\u00b0C<\/li>\n<\/ul>\n<p>Dual-band tr\u00e5dl\u00f8st LAN kommer med modul\u00e6r samsvarssertifisering, som gj\u00f8r det mulig \u00e5 designe brettet til sluttprodukter med mye redusert testing av det tr\u00e5dl\u00f8se, noe som gj\u00f8r det b\u00e5de raskere og billigere \u00e5 komme ut p\u00e5 markedet med et produkt.<\/p>\n<p>Raspberry Pi 3 Model B+ vil v\u00e6re i produksjon til minst januar 2023.<\/p>\n","protected":false},"excerpt":{"rendered":"<p><strong>Raspberry Pi 3 Model B+<\/strong> er den nyeste modellen i Raspberry Pi 3-serien. Den har en 64-bits firekjerners prosessor som kj\u00f8rer <strong>1,4 GHz<\/strong> samt <strong>dual-band 2,4GHz\/5GHz<\/strong> tr\u00e5dl\u00f8st LAN, Bluetooth 4.2\/BLE, raskere Ethernet og mulighet for PoE via en egen PoE HAT.<\/p>\n<p>Trenger din bedrift et st\u00f8rre antall Raspberry Pi 3 eller hjelp med Raspberry Pi maskinvare\/programvare? <a href=\"https:\/\/raspberrypi.dk\/no\/om\/b2b-salg\/\">Kontakt oss her<\/a>.<\/p>\n[wpb-pcf-button]\n","protected":false},"featured_media":218830,"comment_status":"open","ping_status":"closed","template":"","meta":[],"product_brand":[],"product_cat":[600],"product_tag":[],"class_list":{"0":"post-218829","1":"product","2":"type-product","3":"status-publish","4":"has-post-thumbnail","6":"product_cat-raspberry-pi-modeller-no","8":"first","9":"instock","10":"taxable","11":"shipping-taxable","12":"purchasable","13":"product-type-simple"},"composite_virtual":false,"composite_layout":"","composite_add_to_cart_form_location":"","composite_editable_in_cart":false,"composite_sold_individually_context":"","composite_shop_price_calc":"","composite_components":[],"composite_scenarios":[],"bundled_by":["218839"],"bundle_stock_status":"instock","bundle_stock_quantity":373,"bundle_virtual":false,"bundle_layout":"","bundle_add_to_cart_form_location":"","bundle_editable_in_cart":false,"bundle_sold_individually_context":"","bundle_item_grouping":"","bundle_min_size":"","bundle_max_size":"","bundle_price":[],"bundled_items":[],"bundle_sell_ids":[218834,217639],"yoast_head":"<!-- This site is optimized with the Yoast SEO plugin v27.1.1 - https:\/\/yoast.com\/product\/yoast-seo-wordpress\/ -->\n<title>Raspberry Pi 3 Model B+ \u2022 RaspberryPi.dk<\/title>\n<meta name=\"robots\" content=\"index, follow, max-snippet:-1, max-image-preview:large, max-video-preview:-1\" \/>\n<link rel=\"canonical\" href=\"https:\/\/raspberrypi.dk\/no\/produkt\/raspberry-pi-3-model-b-2\/\" \/>\n<meta property=\"og:locale\" content=\"nb_NO\" \/>\n<meta property=\"og:type\" content=\"article\" \/>\n<meta property=\"og:title\" content=\"Raspberry Pi 3 Model B+ \u2022 RaspberryPi.dk\" \/>\n<meta property=\"og:description\" content=\"Raspberry Pi 3 Model B+ er den nyeste modellen i Raspberry Pi 3-serien. Den har en 64-bits firekjerners prosessor som kj\u00f8rer 1,4 GHz samt dual-band 2,4GHz\/5GHz tr\u00e5dl\u00f8st LAN, Bluetooth 4.2\/BLE, raskere Ethernet og mulighet for PoE via en egen PoE HAT.  Trenger din bedrift et st\u00f8rre antall Raspberry Pi 3 eller hjelp med Raspberry Pi maskinvare\/programvare? Kontakt oss her.\" \/>\n<meta property=\"og:url\" content=\"https:\/\/raspberrypi.dk\/no\/produkt\/raspberry-pi-3-model-b-2\/\" \/>\n<meta property=\"og:site_name\" content=\"RaspberryPi.dk\" \/>\n<meta property=\"article:publisher\" content=\"https:\/\/facebook.com\/RaspberryPiDanmark\" \/>\n<meta property=\"article:modified_time\" content=\"2026-04-08T09:07:51+00:00\" \/>\n<meta property=\"og:image\" content=\"https:\/\/raspberrypi.dk\/wp-content\/uploads\/2018\/03\/Raspberry-Pi-3-Model-BPlus.jpg\" \/>\n\t<meta property=\"og:image:width\" content=\"2048\" \/>\n\t<meta property=\"og:image:height\" content=\"1365\" \/>\n\t<meta property=\"og:image:type\" content=\"image\/jpeg\" \/>\n<meta name=\"twitter:card\" content=\"summary_large_image\" \/>\n<meta name=\"twitter:site\" content=\"@raspberrypidk\" \/>\n<meta name=\"twitter:label1\" content=\"Ansl. lesetid\" \/>\n\t<meta name=\"twitter:data1\" content=\"2 minutter\" \/>\n<script type=\"application\/ld+json\" class=\"yoast-schema-graph\">{\"@context\":\"https:\/\/schema.org\",\"@graph\":[{\"@type\":\"WebPage\",\"@id\":\"https:\/\/raspberrypi.dk\/no\/produkt\/raspberry-pi-3-model-b-2\/\",\"url\":\"https:\/\/raspberrypi.dk\/no\/produkt\/raspberry-pi-3-model-b-2\/\",\"name\":\"Raspberry Pi 3 Model B+ \u2022 RaspberryPi.dk\",\"isPartOf\":{\"@id\":\"https:\/\/raspberrypi.dk\/no\/#website\"},\"primaryImageOfPage\":{\"@id\":\"https:\/\/raspberrypi.dk\/no\/produkt\/raspberry-pi-3-model-b-2\/#primaryimage\"},\"image\":{\"@id\":\"https:\/\/raspberrypi.dk\/no\/produkt\/raspberry-pi-3-model-b-2\/#primaryimage\"},\"thumbnailUrl\":\"https:\/\/raspberrypi.dk\/wp-content\/uploads\/2018\/03\/Raspberry-Pi-3-Model-BPlus.jpg\",\"datePublished\":\"2019-05-20T15:56:32+00:00\",\"dateModified\":\"2026-04-08T09:07:51+00:00\",\"breadcrumb\":{\"@id\":\"https:\/\/raspberrypi.dk\/no\/produkt\/raspberry-pi-3-model-b-2\/#breadcrumb\"},\"inLanguage\":\"nb-NO\",\"potentialAction\":[{\"@type\":\"ReadAction\",\"target\":[\"https:\/\/raspberrypi.dk\/no\/produkt\/raspberry-pi-3-model-b-2\/\"]}]},{\"@type\":\"ImageObject\",\"inLanguage\":\"nb-NO\",\"@id\":\"https:\/\/raspberrypi.dk\/no\/produkt\/raspberry-pi-3-model-b-2\/#primaryimage\",\"url\":\"https:\/\/raspberrypi.dk\/wp-content\/uploads\/2018\/03\/Raspberry-Pi-3-Model-BPlus.jpg\",\"contentUrl\":\"https:\/\/raspberrypi.dk\/wp-content\/uploads\/2018\/03\/Raspberry-Pi-3-Model-BPlus.jpg\",\"width\":2048,\"height\":1365,\"caption\":\"Raspberry Pi 3 Model B+ (Model B Plus)\"},{\"@type\":\"BreadcrumbList\",\"@id\":\"https:\/\/raspberrypi.dk\/no\/produkt\/raspberry-pi-3-model-b-2\/#breadcrumb\",\"itemListElement\":[{\"@type\":\"ListItem\",\"position\":1,\"name\":\"Hjem\",\"item\":\"https:\/\/raspberrypi.dk\/no\/raspberry-pi-nettbutikk\/\"},{\"@type\":\"ListItem\",\"position\":2,\"name\":\"Shop\",\"item\":\"https:\/\/raspberrypi.dk\/no\/shop-2\/\"},{\"@type\":\"ListItem\",\"position\":3,\"name\":\"Raspberry Pi 3 Model B+\"}]},{\"@type\":\"WebSite\",\"@id\":\"https:\/\/raspberrypi.dk\/no\/#website\",\"url\":\"https:\/\/raspberrypi.dk\/no\/\",\"name\":\"RaspberryPi.dk\",\"description\":\"Danmarks f\u00f8rende Raspberry Pi side!\",\"publisher\":{\"@id\":\"https:\/\/raspberrypi.dk\/no\/#organization\"},\"potentialAction\":[{\"@type\":\"SearchAction\",\"target\":{\"@type\":\"EntryPoint\",\"urlTemplate\":\"https:\/\/raspberrypi.dk\/no\/?s={search_term_string}\"},\"query-input\":{\"@type\":\"PropertyValueSpecification\",\"valueRequired\":true,\"valueName\":\"search_term_string\"}}],\"inLanguage\":\"nb-NO\"},{\"@type\":\"Organization\",\"@id\":\"https:\/\/raspberrypi.dk\/no\/#organization\",\"name\":\"RaspberryPi.dk\",\"url\":\"https:\/\/raspberrypi.dk\/no\/\",\"logo\":{\"@type\":\"ImageObject\",\"inLanguage\":\"nb-NO\",\"@id\":\"https:\/\/raspberrypi.dk\/no\/#\/schema\/logo\/image\/\",\"url\":\"https:\/\/raspberrypi.dk\/wp-content\/uploads\/2017\/05\/RaspberryPidk_logo-2.png\",\"contentUrl\":\"https:\/\/raspberrypi.dk\/wp-content\/uploads\/2017\/05\/RaspberryPidk_logo-2.png\",\"width\":470,\"height\":110,\"caption\":\"RaspberryPi.dk\"},\"image\":{\"@id\":\"https:\/\/raspberrypi.dk\/no\/#\/schema\/logo\/image\/\"},\"sameAs\":[\"https:\/\/facebook.com\/RaspberryPiDanmark\",\"https:\/\/x.com\/raspberrypidk\",\"https:\/\/instagram.com\/raspberrypi.dk\"]}]}<\/script>\n<!-- \/ Yoast SEO plugin. -->","yoast_head_json":{"title":"Raspberry Pi 3 Model B+ \u2022 RaspberryPi.dk","robots":{"index":"index","follow":"follow","max-snippet":"max-snippet:-1","max-image-preview":"max-image-preview:large","max-video-preview":"max-video-preview:-1"},"canonical":"https:\/\/raspberrypi.dk\/no\/produkt\/raspberry-pi-3-model-b-2\/","og_locale":"nb_NO","og_type":"article","og_title":"Raspberry Pi 3 Model B+ \u2022 RaspberryPi.dk","og_description":"Raspberry Pi 3 Model B+ er den nyeste modellen i Raspberry Pi 3-serien. Den har en 64-bits firekjerners prosessor som kj\u00f8rer 1,4 GHz samt dual-band 2,4GHz\/5GHz tr\u00e5dl\u00f8st LAN, Bluetooth 4.2\/BLE, raskere Ethernet og mulighet for PoE via en egen PoE HAT.  Trenger din bedrift et st\u00f8rre antall Raspberry Pi 3 eller hjelp med Raspberry Pi maskinvare\/programvare? Kontakt oss her.","og_url":"https:\/\/raspberrypi.dk\/no\/produkt\/raspberry-pi-3-model-b-2\/","og_site_name":"RaspberryPi.dk","article_publisher":"https:\/\/facebook.com\/RaspberryPiDanmark","article_modified_time":"2026-04-08T09:07:51+00:00","og_image":[{"width":2048,"height":1365,"url":"https:\/\/raspberrypi.dk\/wp-content\/uploads\/2018\/03\/Raspberry-Pi-3-Model-BPlus.jpg","type":"image\/jpeg"}],"twitter_card":"summary_large_image","twitter_site":"@raspberrypidk","twitter_misc":{"Ansl. lesetid":"2 minutter"},"schema":{"@context":"https:\/\/schema.org","@graph":[{"@type":"WebPage","@id":"https:\/\/raspberrypi.dk\/no\/produkt\/raspberry-pi-3-model-b-2\/","url":"https:\/\/raspberrypi.dk\/no\/produkt\/raspberry-pi-3-model-b-2\/","name":"Raspberry Pi 3 Model B+ \u2022 RaspberryPi.dk","isPartOf":{"@id":"https:\/\/raspberrypi.dk\/no\/#website"},"primaryImageOfPage":{"@id":"https:\/\/raspberrypi.dk\/no\/produkt\/raspberry-pi-3-model-b-2\/#primaryimage"},"image":{"@id":"https:\/\/raspberrypi.dk\/no\/produkt\/raspberry-pi-3-model-b-2\/#primaryimage"},"thumbnailUrl":"https:\/\/raspberrypi.dk\/wp-content\/uploads\/2018\/03\/Raspberry-Pi-3-Model-BPlus.jpg","datePublished":"2019-05-20T15:56:32+00:00","dateModified":"2026-04-08T09:07:51+00:00","breadcrumb":{"@id":"https:\/\/raspberrypi.dk\/no\/produkt\/raspberry-pi-3-model-b-2\/#breadcrumb"},"inLanguage":"nb-NO","potentialAction":[{"@type":"ReadAction","target":["https:\/\/raspberrypi.dk\/no\/produkt\/raspberry-pi-3-model-b-2\/"]}]},{"@type":"ImageObject","inLanguage":"nb-NO","@id":"https:\/\/raspberrypi.dk\/no\/produkt\/raspberry-pi-3-model-b-2\/#primaryimage","url":"https:\/\/raspberrypi.dk\/wp-content\/uploads\/2018\/03\/Raspberry-Pi-3-Model-BPlus.jpg","contentUrl":"https:\/\/raspberrypi.dk\/wp-content\/uploads\/2018\/03\/Raspberry-Pi-3-Model-BPlus.jpg","width":2048,"height":1365,"caption":"Raspberry Pi 3 Model B+ (Model B Plus)"},{"@type":"BreadcrumbList","@id":"https:\/\/raspberrypi.dk\/no\/produkt\/raspberry-pi-3-model-b-2\/#breadcrumb","itemListElement":[{"@type":"ListItem","position":1,"name":"Hjem","item":"https:\/\/raspberrypi.dk\/no\/raspberry-pi-nettbutikk\/"},{"@type":"ListItem","position":2,"name":"Shop","item":"https:\/\/raspberrypi.dk\/no\/shop-2\/"},{"@type":"ListItem","position":3,"name":"Raspberry Pi 3 Model B+"}]},{"@type":"WebSite","@id":"https:\/\/raspberrypi.dk\/no\/#website","url":"https:\/\/raspberrypi.dk\/no\/","name":"RaspberryPi.dk","description":"Danmarks f\u00f8rende Raspberry Pi side!","publisher":{"@id":"https:\/\/raspberrypi.dk\/no\/#organization"},"potentialAction":[{"@type":"SearchAction","target":{"@type":"EntryPoint","urlTemplate":"https:\/\/raspberrypi.dk\/no\/?s={search_term_string}"},"query-input":{"@type":"PropertyValueSpecification","valueRequired":true,"valueName":"search_term_string"}}],"inLanguage":"nb-NO"},{"@type":"Organization","@id":"https:\/\/raspberrypi.dk\/no\/#organization","name":"RaspberryPi.dk","url":"https:\/\/raspberrypi.dk\/no\/","logo":{"@type":"ImageObject","inLanguage":"nb-NO","@id":"https:\/\/raspberrypi.dk\/no\/#\/schema\/logo\/image\/","url":"https:\/\/raspberrypi.dk\/wp-content\/uploads\/2017\/05\/RaspberryPidk_logo-2.png","contentUrl":"https:\/\/raspberrypi.dk\/wp-content\/uploads\/2017\/05\/RaspberryPidk_logo-2.png","width":470,"height":110,"caption":"RaspberryPi.dk"},"image":{"@id":"https:\/\/raspberrypi.dk\/no\/#\/schema\/logo\/image\/"},"sameAs":["https:\/\/facebook.com\/RaspberryPiDanmark","https:\/\/x.com\/raspberrypidk","https:\/\/instagram.com\/raspberrypi.dk"]}]}},"_links":{"self":[{"href":"https:\/\/raspberrypi.dk\/no\/wp-json\/wp\/v2\/product\/218829","targetHints":{"allow":["GET"]}}],"collection":[{"href":"https:\/\/raspberrypi.dk\/no\/wp-json\/wp\/v2\/product"}],"about":[{"href":"https:\/\/raspberrypi.dk\/no\/wp-json\/wp\/v2\/types\/product"}],"replies":[{"embeddable":true,"href":"https:\/\/raspberrypi.dk\/no\/wp-json\/wp\/v2\/comments?post=218829"}],"wp:featuredmedia":[{"embeddable":true,"href":"https:\/\/raspberrypi.dk\/no\/wp-json\/wp\/v2\/media\/218830"}],"wp:attachment":[{"href":"https:\/\/raspberrypi.dk\/no\/wp-json\/wp\/v2\/media?parent=218829"}],"wp:term":[{"taxonomy":"product_brand","embeddable":true,"href":"https:\/\/raspberrypi.dk\/no\/wp-json\/wp\/v2\/product_brand?post=218829"},{"taxonomy":"product_cat","embeddable":true,"href":"https:\/\/raspberrypi.dk\/no\/wp-json\/wp\/v2\/product_cat?post=218829"},{"taxonomy":"product_tag","embeddable":true,"href":"https:\/\/raspberrypi.dk\/no\/wp-json\/wp\/v2\/product_tag?post=218829"}],"curies":[{"name":"wp","href":"https:\/\/api.w.org\/{rel}","templated":true}]}}