{"id":218857,"date":"2018-08-31T00:21:34","date_gmt":"2018-08-30T22:21:34","guid":{"rendered":"https:\/\/raspberrypi.dk\/produkt\/mobil-4g-3g-usb-modem-til-raspberry-pi\/"},"modified":"2024-04-15T17:13:17","modified_gmt":"2024-04-15T15:13:17","slug":"mobil-4g-3g-usb-modem-til-raspberry-pi","status":"publish","type":"product","link":"https:\/\/raspberrypi.dk\/no\/produkt\/mobil-4g-3g-usb-modem-til-raspberry-pi\/","title":{"rendered":"Mobil (4G\/3G) USB-Modem til Raspberry Pi"},"content":{"rendered":"<p>Trenger du en internettforbindelse til din Rasperry Pi der WiFi\/LAN ikke er tilgjengelig, er dette l\u00f8sningen!<\/p>\n<p><strong>Spesifikasjoner<\/strong><\/p>\n<ul>\n<li>Protokoller:\u00a0GSM, GPRS, UMTS, EDGE, HSDPA, HSUPA, HSPA+, LTE, DC-HSPA+.<\/li>\n<li>Dimensjoner (B x D x H) 2,8 cm x 1,15 cm x 8,8 cm<\/li>\n<li>USB 2.0<\/li>\n<li>Maks. overf\u00f8ringshastighet 150 Mbps<\/li>\n<li>2T2R MIMO-teknologi<\/li>\n<li>St\u00f8ttet flash-minnekort: microSD<\/li>\n<li>Antenne: intern<\/li>\n<\/ul>\n<p>Dette tr\u00e5dl\u00f8se 3G\/4G-modemet er en Huawei E3372.<\/p>\n<p><strong>MERK F\u00d8LGENDE! Inkluderer ikke SIM-kort. Dette kj\u00f8pes separat fra din teleleverand\u00f8r.<\/strong><\/p>\n","protected":false},"excerpt":{"rendered":"<p>Dette tr\u00e5dl\u00f8se modemet st\u00f8tter 3G\/4G:\u00a0GSM, GPRS, UMTS, EDGE, HSDPA, HSUPA, HSPA+, LTE, DC-HSPA+.<\/p>\n<p>Det fungerer plug and play med for eksempel Raspbian-operativsystemet til Raspberry Pi. Trenger muligens <a href=\"https:\/\/www.draisberghof.de\/usb_modeswitch\/bb\/viewtopic.php?f=3&amp;t=3043&amp;p=20054#p20026\">denne fiksen<\/a> med ny versjon. Huawei E3372-325.<\/p>\n","protected":false},"featured_media":218858,"comment_status":"open","ping_status":"closed","template":"","meta":[],"product_brand":[],"product_cat":[606],"product_tag":[717,703],"class_list":{"0":"post-218857","1":"product","2":"type-product","3":"status-publish","4":"has-post-thumbnail","6":"product_cat-raspberry-pi-usb-tilbehor-no","7":"product_tag-rpi4-no","8":"product_tag-rpi5-no","10":"first","11":"outofstock","12":"taxable","13":"shipping-taxable","14":"purchasable","15":"product-type-simple"},"composite_virtual":false,"composite_layout":"","composite_add_to_cart_form_location":"","composite_editable_in_cart":false,"composite_sold_individually_context":"","composite_shop_price_calc":"","composite_components":[],"composite_scenarios":[],"bundled_by":[],"bundle_stock_status":"outofstock","bundle_stock_quantity":0,"bundle_virtual":false,"bundle_layout":"","bundle_add_to_cart_form_location":"","bundle_editable_in_cart":false,"bundle_sold_individually_context":"","bundle_item_grouping":"","bundle_min_size":"","bundle_max_size":"","bundle_price":[],"bundled_items":[],"bundle_sell_ids":[],"yoast_head":"<!-- This site is optimized with the Yoast SEO plugin v27.1.1 - https:\/\/yoast.com\/product\/yoast-seo-wordpress\/ -->\n<title>Mobil (4G\/3G) USB-Modem til Raspberry Pi \u2022 RaspberryPi.dk<\/title>\n<meta name=\"robots\" content=\"index, follow, max-snippet:-1, max-image-preview:large, max-video-preview:-1\" \/>\n<link rel=\"canonical\" href=\"https:\/\/raspberrypi.dk\/no\/produkt\/mobil-4g-3g-usb-modem-til-raspberry-pi\/\" \/>\n<meta property=\"og:locale\" content=\"nb_NO\" \/>\n<meta property=\"og:type\" content=\"article\" \/>\n<meta property=\"og:title\" content=\"Mobil (4G\/3G) USB-Modem til Raspberry Pi \u2022 RaspberryPi.dk\" \/>\n<meta property=\"og:description\" content=\"Dette tr\u00e5dl\u00f8se modemet st\u00f8tter 3G\/4G:\u00a0GSM, GPRS, UMTS, EDGE, HSDPA, HSUPA, HSPA+, LTE, DC-HSPA+.  Det fungerer plug and play med for eksempel Raspbian-operativsystemet til Raspberry Pi. Trenger muligens denne fiksen med ny versjon. Huawei E3372-325.\" \/>\n<meta property=\"og:url\" content=\"https:\/\/raspberrypi.dk\/no\/produkt\/mobil-4g-3g-usb-modem-til-raspberry-pi\/\" \/>\n<meta property=\"og:site_name\" content=\"RaspberryPi.dk\" \/>\n<meta property=\"article:publisher\" content=\"https:\/\/facebook.com\/RaspberryPiDanmark\" \/>\n<meta property=\"article:modified_time\" content=\"2024-04-15T15:13:17+00:00\" \/>\n<meta property=\"og:image\" content=\"https:\/\/raspberrypi.dk\/wp-content\/uploads\/2018\/08\/huawei-e3372-raspberry-pi-4g-modem.jpg\" \/>\n\t<meta property=\"og:image:width\" content=\"960\" \/>\n\t<meta property=\"og:image:height\" content=\"720\" \/>\n\t<meta property=\"og:image:type\" content=\"image\/jpeg\" \/>\n<meta name=\"twitter:card\" content=\"summary_large_image\" \/>\n<meta name=\"twitter:site\" content=\"@raspberrypidk\" \/>\n<meta name=\"twitter:label1\" content=\"Ansl. lesetid\" \/>\n\t<meta name=\"twitter:data1\" content=\"1 minutt\" \/>\n<script type=\"application\/ld+json\" class=\"yoast-schema-graph\">{\"@context\":\"https:\/\/schema.org\",\"@graph\":[{\"@type\":\"WebPage\",\"@id\":\"https:\/\/raspberrypi.dk\/no\/produkt\/mobil-4g-3g-usb-modem-til-raspberry-pi\/\",\"url\":\"https:\/\/raspberrypi.dk\/no\/produkt\/mobil-4g-3g-usb-modem-til-raspberry-pi\/\",\"name\":\"Mobil (4G\/3G) USB-Modem til Raspberry Pi \u2022 RaspberryPi.dk\",\"isPartOf\":{\"@id\":\"https:\/\/raspberrypi.dk\/no\/#website\"},\"primaryImageOfPage\":{\"@id\":\"https:\/\/raspberrypi.dk\/no\/produkt\/mobil-4g-3g-usb-modem-til-raspberry-pi\/#primaryimage\"},\"image\":{\"@id\":\"https:\/\/raspberrypi.dk\/no\/produkt\/mobil-4g-3g-usb-modem-til-raspberry-pi\/#primaryimage\"},\"thumbnailUrl\":\"https:\/\/raspberrypi.dk\/wp-content\/uploads\/2018\/08\/huawei-e3372-raspberry-pi-4g-modem.jpg\",\"datePublished\":\"2018-08-30T22:21:34+00:00\",\"dateModified\":\"2024-04-15T15:13:17+00:00\",\"breadcrumb\":{\"@id\":\"https:\/\/raspberrypi.dk\/no\/produkt\/mobil-4g-3g-usb-modem-til-raspberry-pi\/#breadcrumb\"},\"inLanguage\":\"nb-NO\",\"potentialAction\":[{\"@type\":\"ReadAction\",\"target\":[\"https:\/\/raspberrypi.dk\/no\/produkt\/mobil-4g-3g-usb-modem-til-raspberry-pi\/\"]}]},{\"@type\":\"ImageObject\",\"inLanguage\":\"nb-NO\",\"@id\":\"https:\/\/raspberrypi.dk\/no\/produkt\/mobil-4g-3g-usb-modem-til-raspberry-pi\/#primaryimage\",\"url\":\"https:\/\/raspberrypi.dk\/wp-content\/uploads\/2018\/08\/huawei-e3372-raspberry-pi-4g-modem.jpg\",\"contentUrl\":\"https:\/\/raspberrypi.dk\/wp-content\/uploads\/2018\/08\/huawei-e3372-raspberry-pi-4g-modem.jpg\",\"width\":960,\"height\":720},{\"@type\":\"BreadcrumbList\",\"@id\":\"https:\/\/raspberrypi.dk\/no\/produkt\/mobil-4g-3g-usb-modem-til-raspberry-pi\/#breadcrumb\",\"itemListElement\":[{\"@type\":\"ListItem\",\"position\":1,\"name\":\"Hjem\",\"item\":\"https:\/\/raspberrypi.dk\/no\/raspberry-pi-nettbutikk\/\"},{\"@type\":\"ListItem\",\"position\":2,\"name\":\"Shop\",\"item\":\"https:\/\/raspberrypi.dk\/no\/shop-2\/\"},{\"@type\":\"ListItem\",\"position\":3,\"name\":\"Mobil (4G\/3G) USB-Modem til Raspberry Pi\"}]},{\"@type\":\"WebSite\",\"@id\":\"https:\/\/raspberrypi.dk\/no\/#website\",\"url\":\"https:\/\/raspberrypi.dk\/no\/\",\"name\":\"RaspberryPi.dk\",\"description\":\"Danmarks f\u00f8rende Raspberry Pi side!\",\"publisher\":{\"@id\":\"https:\/\/raspberrypi.dk\/no\/#organization\"},\"potentialAction\":[{\"@type\":\"SearchAction\",\"target\":{\"@type\":\"EntryPoint\",\"urlTemplate\":\"https:\/\/raspberrypi.dk\/no\/?s={search_term_string}\"},\"query-input\":{\"@type\":\"PropertyValueSpecification\",\"valueRequired\":true,\"valueName\":\"search_term_string\"}}],\"inLanguage\":\"nb-NO\"},{\"@type\":\"Organization\",\"@id\":\"https:\/\/raspberrypi.dk\/no\/#organization\",\"name\":\"RaspberryPi.dk\",\"url\":\"https:\/\/raspberrypi.dk\/no\/\",\"logo\":{\"@type\":\"ImageObject\",\"inLanguage\":\"nb-NO\",\"@id\":\"https:\/\/raspberrypi.dk\/no\/#\/schema\/logo\/image\/\",\"url\":\"https:\/\/raspberrypi.dk\/wp-content\/uploads\/2017\/05\/RaspberryPidk_logo-2.png\",\"contentUrl\":\"https:\/\/raspberrypi.dk\/wp-content\/uploads\/2017\/05\/RaspberryPidk_logo-2.png\",\"width\":470,\"height\":110,\"caption\":\"RaspberryPi.dk\"},\"image\":{\"@id\":\"https:\/\/raspberrypi.dk\/no\/#\/schema\/logo\/image\/\"},\"sameAs\":[\"https:\/\/facebook.com\/RaspberryPiDanmark\",\"https:\/\/x.com\/raspberrypidk\",\"https:\/\/instagram.com\/raspberrypi.dk\"]}]}<\/script>\n<!-- \/ Yoast SEO plugin. -->","yoast_head_json":{"title":"Mobil (4G\/3G) USB-Modem til Raspberry Pi \u2022 RaspberryPi.dk","robots":{"index":"index","follow":"follow","max-snippet":"max-snippet:-1","max-image-preview":"max-image-preview:large","max-video-preview":"max-video-preview:-1"},"canonical":"https:\/\/raspberrypi.dk\/no\/produkt\/mobil-4g-3g-usb-modem-til-raspberry-pi\/","og_locale":"nb_NO","og_type":"article","og_title":"Mobil (4G\/3G) USB-Modem til Raspberry Pi \u2022 RaspberryPi.dk","og_description":"Dette tr\u00e5dl\u00f8se modemet st\u00f8tter 3G\/4G:\u00a0GSM, GPRS, UMTS, EDGE, HSDPA, HSUPA, HSPA+, LTE, DC-HSPA+.  Det fungerer plug and play med for eksempel Raspbian-operativsystemet til Raspberry Pi. Trenger muligens denne fiksen med ny versjon. Huawei E3372-325.","og_url":"https:\/\/raspberrypi.dk\/no\/produkt\/mobil-4g-3g-usb-modem-til-raspberry-pi\/","og_site_name":"RaspberryPi.dk","article_publisher":"https:\/\/facebook.com\/RaspberryPiDanmark","article_modified_time":"2024-04-15T15:13:17+00:00","og_image":[{"width":960,"height":720,"url":"https:\/\/raspberrypi.dk\/wp-content\/uploads\/2018\/08\/huawei-e3372-raspberry-pi-4g-modem.jpg","type":"image\/jpeg"}],"twitter_card":"summary_large_image","twitter_site":"@raspberrypidk","twitter_misc":{"Ansl. lesetid":"1 minutt"},"schema":{"@context":"https:\/\/schema.org","@graph":[{"@type":"WebPage","@id":"https:\/\/raspberrypi.dk\/no\/produkt\/mobil-4g-3g-usb-modem-til-raspberry-pi\/","url":"https:\/\/raspberrypi.dk\/no\/produkt\/mobil-4g-3g-usb-modem-til-raspberry-pi\/","name":"Mobil (4G\/3G) USB-Modem til Raspberry Pi \u2022 RaspberryPi.dk","isPartOf":{"@id":"https:\/\/raspberrypi.dk\/no\/#website"},"primaryImageOfPage":{"@id":"https:\/\/raspberrypi.dk\/no\/produkt\/mobil-4g-3g-usb-modem-til-raspberry-pi\/#primaryimage"},"image":{"@id":"https:\/\/raspberrypi.dk\/no\/produkt\/mobil-4g-3g-usb-modem-til-raspberry-pi\/#primaryimage"},"thumbnailUrl":"https:\/\/raspberrypi.dk\/wp-content\/uploads\/2018\/08\/huawei-e3372-raspberry-pi-4g-modem.jpg","datePublished":"2018-08-30T22:21:34+00:00","dateModified":"2024-04-15T15:13:17+00:00","breadcrumb":{"@id":"https:\/\/raspberrypi.dk\/no\/produkt\/mobil-4g-3g-usb-modem-til-raspberry-pi\/#breadcrumb"},"inLanguage":"nb-NO","potentialAction":[{"@type":"ReadAction","target":["https:\/\/raspberrypi.dk\/no\/produkt\/mobil-4g-3g-usb-modem-til-raspberry-pi\/"]}]},{"@type":"ImageObject","inLanguage":"nb-NO","@id":"https:\/\/raspberrypi.dk\/no\/produkt\/mobil-4g-3g-usb-modem-til-raspberry-pi\/#primaryimage","url":"https:\/\/raspberrypi.dk\/wp-content\/uploads\/2018\/08\/huawei-e3372-raspberry-pi-4g-modem.jpg","contentUrl":"https:\/\/raspberrypi.dk\/wp-content\/uploads\/2018\/08\/huawei-e3372-raspberry-pi-4g-modem.jpg","width":960,"height":720},{"@type":"BreadcrumbList","@id":"https:\/\/raspberrypi.dk\/no\/produkt\/mobil-4g-3g-usb-modem-til-raspberry-pi\/#breadcrumb","itemListElement":[{"@type":"ListItem","position":1,"name":"Hjem","item":"https:\/\/raspberrypi.dk\/no\/raspberry-pi-nettbutikk\/"},{"@type":"ListItem","position":2,"name":"Shop","item":"https:\/\/raspberrypi.dk\/no\/shop-2\/"},{"@type":"ListItem","position":3,"name":"Mobil (4G\/3G) USB-Modem til Raspberry Pi"}]},{"@type":"WebSite","@id":"https:\/\/raspberrypi.dk\/no\/#website","url":"https:\/\/raspberrypi.dk\/no\/","name":"RaspberryPi.dk","description":"Danmarks f\u00f8rende Raspberry Pi side!","publisher":{"@id":"https:\/\/raspberrypi.dk\/no\/#organization"},"potentialAction":[{"@type":"SearchAction","target":{"@type":"EntryPoint","urlTemplate":"https:\/\/raspberrypi.dk\/no\/?s={search_term_string}"},"query-input":{"@type":"PropertyValueSpecification","valueRequired":true,"valueName":"search_term_string"}}],"inLanguage":"nb-NO"},{"@type":"Organization","@id":"https:\/\/raspberrypi.dk\/no\/#organization","name":"RaspberryPi.dk","url":"https:\/\/raspberrypi.dk\/no\/","logo":{"@type":"ImageObject","inLanguage":"nb-NO","@id":"https:\/\/raspberrypi.dk\/no\/#\/schema\/logo\/image\/","url":"https:\/\/raspberrypi.dk\/wp-content\/uploads\/2017\/05\/RaspberryPidk_logo-2.png","contentUrl":"https:\/\/raspberrypi.dk\/wp-content\/uploads\/2017\/05\/RaspberryPidk_logo-2.png","width":470,"height":110,"caption":"RaspberryPi.dk"},"image":{"@id":"https:\/\/raspberrypi.dk\/no\/#\/schema\/logo\/image\/"},"sameAs":["https:\/\/facebook.com\/RaspberryPiDanmark","https:\/\/x.com\/raspberrypidk","https:\/\/instagram.com\/raspberrypi.dk"]}]}},"_links":{"self":[{"href":"https:\/\/raspberrypi.dk\/no\/wp-json\/wp\/v2\/product\/218857","targetHints":{"allow":["GET"]}}],"collection":[{"href":"https:\/\/raspberrypi.dk\/no\/wp-json\/wp\/v2\/product"}],"about":[{"href":"https:\/\/raspberrypi.dk\/no\/wp-json\/wp\/v2\/types\/product"}],"replies":[{"embeddable":true,"href":"https:\/\/raspberrypi.dk\/no\/wp-json\/wp\/v2\/comments?post=218857"}],"wp:featuredmedia":[{"embeddable":true,"href":"https:\/\/raspberrypi.dk\/no\/wp-json\/wp\/v2\/media\/218858"}],"wp:attachment":[{"href":"https:\/\/raspberrypi.dk\/no\/wp-json\/wp\/v2\/media?parent=218857"}],"wp:term":[{"taxonomy":"product_brand","embeddable":true,"href":"https:\/\/raspberrypi.dk\/no\/wp-json\/wp\/v2\/product_brand?post=218857"},{"taxonomy":"product_cat","embeddable":true,"href":"https:\/\/raspberrypi.dk\/no\/wp-json\/wp\/v2\/product_cat?post=218857"},{"taxonomy":"product_tag","embeddable":true,"href":"https:\/\/raspberrypi.dk\/no\/wp-json\/wp\/v2\/product_tag?post=218857"}],"curies":[{"name":"wp","href":"https:\/\/api.w.org\/{rel}","templated":true}]}}