{"id":218870,"date":"2018-03-01T15:43:31","date_gmt":"2018-03-01T14:43:31","guid":{"rendered":"https:\/\/raspberrypi.dk\/produkt\/cluster-case-for-raspberry-pi-med-vifter\/"},"modified":"2026-04-06T17:22:03","modified_gmt":"2026-04-06T15:22:03","slug":"cluster-case-for-raspberry-pi-med-vifter","status":"publish","type":"product","link":"https:\/\/raspberrypi.dk\/no\/produkt\/cluster-case-for-raspberry-pi-med-vifter\/","title":{"rendered":"Cluster Case for Raspberry Pi &#8211; med vifter"},"content":{"rendered":"<p>Hver pakke kommer med lag, fester og vifter for \u00e5 stable 2 Raspberry Pi og kan stables om og om igjen med ekstra pakker \u2013 noe som gir deg fleksibiliteten til \u00e5 fortsette \u00e5 utvide din egen Raspberry Pi superdatamaskin!<\/p>\n<p>Alle Raspberry Pi-porter er tilgjengelige, inkludert en st\u00f8rre utskj\u00e6ring for micro-SD-kort for enkel utskifting. Boksen st\u00f8tter alle 40-pinners Raspberry Pi-modeller &#8211; slik at du til og med kan stable de eldre modellene dine med din nye Raspberry Pi 5.<\/p>\n<p>Lagene er laget av en spesiell Perspex som ser ut som glass &#8211; men uten pris! Det ser bra ut med de svarte brakettene og er et flott tillegg til ethvert skrivebord. Monteringshullene p\u00e5 topplaget er til og med fjernet for et smartere og renere utseende.<\/p>\n<p>Nye mer stilleg\u00e5ende vifter brukes med dette produktet for \u00e5 holde viftest\u00f8yen til et minimum, og dekselet er designet for \u00e5 romme pi 4 kj\u00f8leribber for ekstra kj\u00f8leytelse for de mest intensive prosjektene. Raspberry Pi er ogs\u00e5 hevet 5 mm fra laget under for \u00e5 tillate luftstr\u00f8m til undersiden av brettet.<\/p>\n<p><a href=\"https:\/\/thepihut.com\/blogs\/raspberry-pi-tutorials\/cluster-case-assembly-instructions\">Monteringsanvisning er tilgjengelig her<\/a><\/p>\n<p><strong>Settet inkluderer:<\/strong><\/p>\n<ul>\n<li><strong>3x<\/strong>\u00a0laser-cut glass-effect Perspex layers (2 Raspberry Pi layers and a top cover layer)<\/li>\n<li><strong>2x<\/strong>\u00a05v\u00a0fans + fixings<\/li>\n<li>Spacers<\/li>\n<li>Fixings<\/li>\n<\/ul>\n<p>Merk: Dette settet inkluderer ikke Raspberry Pi-boards.<\/p>\n","protected":false},"excerpt":{"rendered":"<p>Hvis du kj\u00f8rer flere Raspberry Pis som en klynge, gruverigg, serverfarm eller et hvilket som helst annet prosjekt som bruker flere Pi, er v\u00e5rt utvidbare Raspberry Pi Cluster etui en flott m\u00e5te \u00e5 stable, vise og avkj\u00f8le oppsettet ditt. <strong>Passer ogs\u00e5 for Pi 5.<\/strong><\/p>\n","protected":false},"featured_media":218876,"comment_status":"open","ping_status":"closed","template":"","meta":[],"product_brand":[],"product_cat":[594],"product_tag":[717,703],"class_list":{"0":"post-218870","1":"product","2":"type-product","3":"status-publish","4":"has-post-thumbnail","6":"product_cat-raspberry-pi-cases-no","7":"product_tag-rpi4-no","8":"product_tag-rpi5-no","10":"first","11":"instock","12":"taxable","13":"shipping-taxable","14":"purchasable","15":"product-type-simple"},"composite_virtual":false,"composite_layout":"","composite_add_to_cart_form_location":"","composite_editable_in_cart":false,"composite_sold_individually_context":"","composite_shop_price_calc":"","composite_components":[],"composite_scenarios":[],"bundled_by":[],"bundle_stock_status":"instock","bundle_stock_quantity":29,"bundle_virtual":false,"bundle_layout":"","bundle_add_to_cart_form_location":"","bundle_editable_in_cart":false,"bundle_sold_individually_context":"","bundle_item_grouping":"","bundle_min_size":"","bundle_max_size":"","bundle_price":[],"bundled_items":[],"bundle_sell_ids":[],"yoast_head":"<!-- This site is optimized with the Yoast SEO plugin v27.1.1 - https:\/\/yoast.com\/product\/yoast-seo-wordpress\/ -->\n<title>Cluster Case for Raspberry Pi - med vifter \u2022 RaspberryPi.dk<\/title>\n<meta name=\"robots\" content=\"index, follow, max-snippet:-1, max-image-preview:large, max-video-preview:-1\" \/>\n<link rel=\"canonical\" href=\"https:\/\/raspberrypi.dk\/no\/produkt\/cluster-case-for-raspberry-pi-med-vifter\/\" \/>\n<meta property=\"og:locale\" content=\"nb_NO\" \/>\n<meta property=\"og:type\" content=\"article\" \/>\n<meta property=\"og:title\" content=\"Cluster Case for Raspberry Pi - med vifter \u2022 RaspberryPi.dk\" \/>\n<meta property=\"og:description\" content=\"Hvis du kj\u00f8rer flere Raspberry Pis som en klynge, gruverigg, serverfarm eller et hvilket som helst annet prosjekt som bruker flere Pi, er v\u00e5rt utvidbare Raspberry Pi Cluster etui en flott m\u00e5te \u00e5 stable, vise og avkj\u00f8le oppsettet ditt. Passer ogs\u00e5 for Pi 5.\" \/>\n<meta property=\"og:url\" content=\"https:\/\/raspberrypi.dk\/no\/produkt\/cluster-case-for-raspberry-pi-med-vifter\/\" \/>\n<meta property=\"og:site_name\" content=\"RaspberryPi.dk\" \/>\n<meta property=\"article:publisher\" content=\"https:\/\/facebook.com\/RaspberryPiDanmark\" \/>\n<meta property=\"article:modified_time\" content=\"2026-04-06T15:22:03+00:00\" \/>\n<meta property=\"og:image\" content=\"https:\/\/raspberrypi.dk\/wp-content\/uploads\/2018\/03\/cluster-case-raspberry-pi-1.jpg\" \/>\n\t<meta property=\"og:image:width\" content=\"600\" \/>\n\t<meta property=\"og:image:height\" content=\"600\" \/>\n\t<meta property=\"og:image:type\" content=\"image\/jpeg\" \/>\n<meta name=\"twitter:card\" content=\"summary_large_image\" \/>\n<meta name=\"twitter:site\" content=\"@raspberrypidk\" \/>\n<meta name=\"twitter:label1\" content=\"Ansl. lesetid\" \/>\n\t<meta name=\"twitter:data1\" content=\"2 minutter\" \/>\n<script type=\"application\/ld+json\" class=\"yoast-schema-graph\">{\"@context\":\"https:\/\/schema.org\",\"@graph\":[{\"@type\":\"WebPage\",\"@id\":\"https:\/\/raspberrypi.dk\/no\/produkt\/cluster-case-for-raspberry-pi-med-vifter\/\",\"url\":\"https:\/\/raspberrypi.dk\/no\/produkt\/cluster-case-for-raspberry-pi-med-vifter\/\",\"name\":\"Cluster Case for Raspberry Pi - med vifter \u2022 RaspberryPi.dk\",\"isPartOf\":{\"@id\":\"https:\/\/raspberrypi.dk\/no\/#website\"},\"primaryImageOfPage\":{\"@id\":\"https:\/\/raspberrypi.dk\/no\/produkt\/cluster-case-for-raspberry-pi-med-vifter\/#primaryimage\"},\"image\":{\"@id\":\"https:\/\/raspberrypi.dk\/no\/produkt\/cluster-case-for-raspberry-pi-med-vifter\/#primaryimage\"},\"thumbnailUrl\":\"https:\/\/raspberrypi.dk\/wp-content\/uploads\/2018\/03\/cluster-case-raspberry-pi-1.jpg\",\"datePublished\":\"2018-03-01T14:43:31+00:00\",\"dateModified\":\"2026-04-06T15:22:03+00:00\",\"breadcrumb\":{\"@id\":\"https:\/\/raspberrypi.dk\/no\/produkt\/cluster-case-for-raspberry-pi-med-vifter\/#breadcrumb\"},\"inLanguage\":\"nb-NO\",\"potentialAction\":[{\"@type\":\"ReadAction\",\"target\":[\"https:\/\/raspberrypi.dk\/no\/produkt\/cluster-case-for-raspberry-pi-med-vifter\/\"]}]},{\"@type\":\"ImageObject\",\"inLanguage\":\"nb-NO\",\"@id\":\"https:\/\/raspberrypi.dk\/no\/produkt\/cluster-case-for-raspberry-pi-med-vifter\/#primaryimage\",\"url\":\"https:\/\/raspberrypi.dk\/wp-content\/uploads\/2018\/03\/cluster-case-raspberry-pi-1.jpg\",\"contentUrl\":\"https:\/\/raspberrypi.dk\/wp-content\/uploads\/2018\/03\/cluster-case-raspberry-pi-1.jpg\",\"width\":600,\"height\":600},{\"@type\":\"BreadcrumbList\",\"@id\":\"https:\/\/raspberrypi.dk\/no\/produkt\/cluster-case-for-raspberry-pi-med-vifter\/#breadcrumb\",\"itemListElement\":[{\"@type\":\"ListItem\",\"position\":1,\"name\":\"Hjem\",\"item\":\"https:\/\/raspberrypi.dk\/no\/raspberry-pi-nettbutikk\/\"},{\"@type\":\"ListItem\",\"position\":2,\"name\":\"Shop\",\"item\":\"https:\/\/raspberrypi.dk\/no\/shop-2\/\"},{\"@type\":\"ListItem\",\"position\":3,\"name\":\"Cluster Case for Raspberry Pi &#8211; med vifter\"}]},{\"@type\":\"WebSite\",\"@id\":\"https:\/\/raspberrypi.dk\/no\/#website\",\"url\":\"https:\/\/raspberrypi.dk\/no\/\",\"name\":\"RaspberryPi.dk\",\"description\":\"Danmarks f\u00f8rende Raspberry Pi side!\",\"publisher\":{\"@id\":\"https:\/\/raspberrypi.dk\/no\/#organization\"},\"potentialAction\":[{\"@type\":\"SearchAction\",\"target\":{\"@type\":\"EntryPoint\",\"urlTemplate\":\"https:\/\/raspberrypi.dk\/no\/?s={search_term_string}\"},\"query-input\":{\"@type\":\"PropertyValueSpecification\",\"valueRequired\":true,\"valueName\":\"search_term_string\"}}],\"inLanguage\":\"nb-NO\"},{\"@type\":\"Organization\",\"@id\":\"https:\/\/raspberrypi.dk\/no\/#organization\",\"name\":\"RaspberryPi.dk\",\"url\":\"https:\/\/raspberrypi.dk\/no\/\",\"logo\":{\"@type\":\"ImageObject\",\"inLanguage\":\"nb-NO\",\"@id\":\"https:\/\/raspberrypi.dk\/no\/#\/schema\/logo\/image\/\",\"url\":\"https:\/\/raspberrypi.dk\/wp-content\/uploads\/2017\/05\/RaspberryPidk_logo-2.png\",\"contentUrl\":\"https:\/\/raspberrypi.dk\/wp-content\/uploads\/2017\/05\/RaspberryPidk_logo-2.png\",\"width\":470,\"height\":110,\"caption\":\"RaspberryPi.dk\"},\"image\":{\"@id\":\"https:\/\/raspberrypi.dk\/no\/#\/schema\/logo\/image\/\"},\"sameAs\":[\"https:\/\/facebook.com\/RaspberryPiDanmark\",\"https:\/\/x.com\/raspberrypidk\",\"https:\/\/instagram.com\/raspberrypi.dk\"]}]}<\/script>\n<!-- \/ Yoast SEO plugin. -->","yoast_head_json":{"title":"Cluster Case for Raspberry Pi - med vifter \u2022 RaspberryPi.dk","robots":{"index":"index","follow":"follow","max-snippet":"max-snippet:-1","max-image-preview":"max-image-preview:large","max-video-preview":"max-video-preview:-1"},"canonical":"https:\/\/raspberrypi.dk\/no\/produkt\/cluster-case-for-raspberry-pi-med-vifter\/","og_locale":"nb_NO","og_type":"article","og_title":"Cluster Case for Raspberry Pi - med vifter \u2022 RaspberryPi.dk","og_description":"Hvis du kj\u00f8rer flere Raspberry Pis som en klynge, gruverigg, serverfarm eller et hvilket som helst annet prosjekt som bruker flere Pi, er v\u00e5rt utvidbare Raspberry Pi Cluster etui en flott m\u00e5te \u00e5 stable, vise og avkj\u00f8le oppsettet ditt. Passer ogs\u00e5 for Pi 5.","og_url":"https:\/\/raspberrypi.dk\/no\/produkt\/cluster-case-for-raspberry-pi-med-vifter\/","og_site_name":"RaspberryPi.dk","article_publisher":"https:\/\/facebook.com\/RaspberryPiDanmark","article_modified_time":"2026-04-06T15:22:03+00:00","og_image":[{"width":600,"height":600,"url":"https:\/\/raspberrypi.dk\/wp-content\/uploads\/2018\/03\/cluster-case-raspberry-pi-1.jpg","type":"image\/jpeg"}],"twitter_card":"summary_large_image","twitter_site":"@raspberrypidk","twitter_misc":{"Ansl. lesetid":"2 minutter"},"schema":{"@context":"https:\/\/schema.org","@graph":[{"@type":"WebPage","@id":"https:\/\/raspberrypi.dk\/no\/produkt\/cluster-case-for-raspberry-pi-med-vifter\/","url":"https:\/\/raspberrypi.dk\/no\/produkt\/cluster-case-for-raspberry-pi-med-vifter\/","name":"Cluster Case for Raspberry Pi - med vifter \u2022 RaspberryPi.dk","isPartOf":{"@id":"https:\/\/raspberrypi.dk\/no\/#website"},"primaryImageOfPage":{"@id":"https:\/\/raspberrypi.dk\/no\/produkt\/cluster-case-for-raspberry-pi-med-vifter\/#primaryimage"},"image":{"@id":"https:\/\/raspberrypi.dk\/no\/produkt\/cluster-case-for-raspberry-pi-med-vifter\/#primaryimage"},"thumbnailUrl":"https:\/\/raspberrypi.dk\/wp-content\/uploads\/2018\/03\/cluster-case-raspberry-pi-1.jpg","datePublished":"2018-03-01T14:43:31+00:00","dateModified":"2026-04-06T15:22:03+00:00","breadcrumb":{"@id":"https:\/\/raspberrypi.dk\/no\/produkt\/cluster-case-for-raspberry-pi-med-vifter\/#breadcrumb"},"inLanguage":"nb-NO","potentialAction":[{"@type":"ReadAction","target":["https:\/\/raspberrypi.dk\/no\/produkt\/cluster-case-for-raspberry-pi-med-vifter\/"]}]},{"@type":"ImageObject","inLanguage":"nb-NO","@id":"https:\/\/raspberrypi.dk\/no\/produkt\/cluster-case-for-raspberry-pi-med-vifter\/#primaryimage","url":"https:\/\/raspberrypi.dk\/wp-content\/uploads\/2018\/03\/cluster-case-raspberry-pi-1.jpg","contentUrl":"https:\/\/raspberrypi.dk\/wp-content\/uploads\/2018\/03\/cluster-case-raspberry-pi-1.jpg","width":600,"height":600},{"@type":"BreadcrumbList","@id":"https:\/\/raspberrypi.dk\/no\/produkt\/cluster-case-for-raspberry-pi-med-vifter\/#breadcrumb","itemListElement":[{"@type":"ListItem","position":1,"name":"Hjem","item":"https:\/\/raspberrypi.dk\/no\/raspberry-pi-nettbutikk\/"},{"@type":"ListItem","position":2,"name":"Shop","item":"https:\/\/raspberrypi.dk\/no\/shop-2\/"},{"@type":"ListItem","position":3,"name":"Cluster Case for Raspberry Pi &#8211; med vifter"}]},{"@type":"WebSite","@id":"https:\/\/raspberrypi.dk\/no\/#website","url":"https:\/\/raspberrypi.dk\/no\/","name":"RaspberryPi.dk","description":"Danmarks f\u00f8rende Raspberry Pi side!","publisher":{"@id":"https:\/\/raspberrypi.dk\/no\/#organization"},"potentialAction":[{"@type":"SearchAction","target":{"@type":"EntryPoint","urlTemplate":"https:\/\/raspberrypi.dk\/no\/?s={search_term_string}"},"query-input":{"@type":"PropertyValueSpecification","valueRequired":true,"valueName":"search_term_string"}}],"inLanguage":"nb-NO"},{"@type":"Organization","@id":"https:\/\/raspberrypi.dk\/no\/#organization","name":"RaspberryPi.dk","url":"https:\/\/raspberrypi.dk\/no\/","logo":{"@type":"ImageObject","inLanguage":"nb-NO","@id":"https:\/\/raspberrypi.dk\/no\/#\/schema\/logo\/image\/","url":"https:\/\/raspberrypi.dk\/wp-content\/uploads\/2017\/05\/RaspberryPidk_logo-2.png","contentUrl":"https:\/\/raspberrypi.dk\/wp-content\/uploads\/2017\/05\/RaspberryPidk_logo-2.png","width":470,"height":110,"caption":"RaspberryPi.dk"},"image":{"@id":"https:\/\/raspberrypi.dk\/no\/#\/schema\/logo\/image\/"},"sameAs":["https:\/\/facebook.com\/RaspberryPiDanmark","https:\/\/x.com\/raspberrypidk","https:\/\/instagram.com\/raspberrypi.dk"]}]}},"_links":{"self":[{"href":"https:\/\/raspberrypi.dk\/no\/wp-json\/wp\/v2\/product\/218870","targetHints":{"allow":["GET"]}}],"collection":[{"href":"https:\/\/raspberrypi.dk\/no\/wp-json\/wp\/v2\/product"}],"about":[{"href":"https:\/\/raspberrypi.dk\/no\/wp-json\/wp\/v2\/types\/product"}],"replies":[{"embeddable":true,"href":"https:\/\/raspberrypi.dk\/no\/wp-json\/wp\/v2\/comments?post=218870"}],"wp:featuredmedia":[{"embeddable":true,"href":"https:\/\/raspberrypi.dk\/no\/wp-json\/wp\/v2\/media\/218876"}],"wp:attachment":[{"href":"https:\/\/raspberrypi.dk\/no\/wp-json\/wp\/v2\/media?parent=218870"}],"wp:term":[{"taxonomy":"product_brand","embeddable":true,"href":"https:\/\/raspberrypi.dk\/no\/wp-json\/wp\/v2\/product_brand?post=218870"},{"taxonomy":"product_cat","embeddable":true,"href":"https:\/\/raspberrypi.dk\/no\/wp-json\/wp\/v2\/product_cat?post=218870"},{"taxonomy":"product_tag","embeddable":true,"href":"https:\/\/raspberrypi.dk\/no\/wp-json\/wp\/v2\/product_tag?post=218870"}],"curies":[{"name":"wp","href":"https:\/\/api.w.org\/{rel}","templated":true}]}}