{"id":218880,"date":"2017-10-10T10:38:14","date_gmt":"2017-10-10T08:38:14","guid":{"rendered":"https:\/\/raspberrypi.dk\/produkt\/poe-splitter-til-raspberry-pi-4\/"},"modified":"2025-10-07T15:50:36","modified_gmt":"2025-10-07T13:50:36","slug":"poe-splitter-til-raspberry-pi-4","status":"publish","type":"product","link":"https:\/\/raspberrypi.dk\/no\/produkt\/poe-splitter-til-raspberry-pi-4\/","title":{"rendered":"PoE Splitter til Raspberry Pi 4"},"content":{"rendered":"<p>Produktet kan ogs\u00e5 brukes til andre enheter som f\u00e5r str\u00f8m via USB-C.<\/p>\n<p><strong>Funksjoner<\/strong><\/p>\n<ul>\n<li>IEEE 802.3af-st\u00f8tte<\/li>\n<li>Isolasjon: 2,5kV<\/li>\n<li>Str\u00f8minngang: DC48V<\/li>\n<li>Str\u00f8mutgang: DC5V 2,4A<\/li>\n<li>Datautgangsport: RJ45 hann<\/li>\n<li>Str\u00f8mutgangsport: USB-C<\/li>\n<li>Dataoverf\u00f8ringshastighet: 1 Gbps<\/li>\n<li>Power Pin: St\u00f8tter b\u00e5de 1\/2 (+\/-), 3\/6 (- \/ +) eller 4\/5 (+), 7\/8 (-)<\/li>\n<\/ul>\n<p><strong>Pakken inkluderer: \u00a0 \u00a0 \u00a0 \u00a0<\/strong> \u00a0 \u00a0 \u00a0 \u00a0 \u00a0 \u00a0 \u00a0 \u00a0 \u00a0 \u00a0 \u00a0 \u00a0 \u00a0 \u00a0 \u00a0 \u00a0 \u00a0 \u00a0 \u00a0 \u00a0 \u00a0 \u00a0 \u00a0 \u00a0 \u00a0 \u00a0 \u00a0 \u00a0 \u00a0 \u00a0 \u00a0 \u00a0 \u00a0 \u00a0 \u00a0 \u00a0 \u00a0 \u00a0 \u00a0 \u00a0 \u00a0 \u00a0 \u00a0 \u00a0 \u00a0 1 stk. 48V til 5V Active PoE Splitter USB-C str\u00f8mkontakt<\/p>\n","protected":false},"excerpt":{"rendered":"<p>Smart liten <strong>PoE-splitter for \u00e5 drive Raspberry Pi via PoE.<\/strong> Splitteren deler PoE-en din i datatilkobling (RJ45-kontakt) og 2,4A str\u00f8m (USB-C) til din Raspberry Pi. Kan kobles til en 48V (eller 52V) PoE-bryter eller injektor.<\/p>\n","protected":false},"featured_media":129399,"comment_status":"open","ping_status":"closed","template":"","meta":[],"product_brand":[],"product_cat":[605,598],"product_tag":[717],"class_list":{"0":"post-218880","1":"product","2":"type-product","3":"status-publish","4":"has-post-thumbnail","6":"product_cat-raspberry-pi-stromforsyninger-no","7":"product_cat-kabler-og-adaptere-til-raspberry-pi-no","8":"product_tag-rpi4-no","10":"first","11":"outofstock","12":"taxable","13":"shipping-taxable","14":"purchasable","15":"product-type-simple"},"composite_virtual":false,"composite_layout":"","composite_add_to_cart_form_location":"","composite_editable_in_cart":false,"composite_sold_individually_context":"","composite_shop_price_calc":"","composite_components":[],"composite_scenarios":[],"bundled_by":[],"bundle_stock_status":"outofstock","bundle_stock_quantity":0,"bundle_virtual":false,"bundle_layout":"","bundle_add_to_cart_form_location":"","bundle_editable_in_cart":false,"bundle_sold_individually_context":"","bundle_item_grouping":"","bundle_min_size":"","bundle_max_size":"","bundle_price":[],"bundled_items":[],"bundle_sell_ids":[],"yoast_head":"<!-- This site is optimized with the Yoast SEO plugin v27.1.1 - https:\/\/yoast.com\/product\/yoast-seo-wordpress\/ -->\n<title>PoE Splitter til Raspberry Pi 4 \u2022 RaspberryPi.dk<\/title>\n<meta name=\"robots\" content=\"index, follow, max-snippet:-1, max-image-preview:large, max-video-preview:-1\" \/>\n<link rel=\"canonical\" href=\"https:\/\/raspberrypi.dk\/no\/produkt\/poe-splitter-til-raspberry-pi-4\/\" \/>\n<meta property=\"og:locale\" content=\"nb_NO\" \/>\n<meta property=\"og:type\" content=\"article\" \/>\n<meta property=\"og:title\" content=\"PoE Splitter til Raspberry Pi 4 \u2022 RaspberryPi.dk\" \/>\n<meta property=\"og:description\" content=\"Smart liten PoE-splitter for \u00e5 drive Raspberry Pi via PoE. Splitteren deler PoE-en din i datatilkobling (RJ45-kontakt) og 2,4A str\u00f8m (USB-C) til din Raspberry Pi. Kan kobles til en 48V (eller 52V) PoE-bryter eller injektor.\" \/>\n<meta property=\"og:url\" content=\"https:\/\/raspberrypi.dk\/no\/produkt\/poe-splitter-til-raspberry-pi-4\/\" \/>\n<meta property=\"og:site_name\" content=\"RaspberryPi.dk\" \/>\n<meta property=\"article:publisher\" content=\"https:\/\/facebook.com\/RaspberryPiDanmark\" \/>\n<meta property=\"article:modified_time\" content=\"2025-10-07T13:50:36+00:00\" \/>\n<meta property=\"og:image\" content=\"https:\/\/raspberrypi.dk\/wp-content\/uploads\/2017\/10\/poe_splitter_raspberry_pi.jpg\" \/>\n\t<meta property=\"og:image:width\" content=\"350\" \/>\n\t<meta property=\"og:image:height\" content=\"260\" \/>\n\t<meta property=\"og:image:type\" content=\"image\/jpeg\" \/>\n<meta name=\"twitter:card\" content=\"summary_large_image\" \/>\n<meta name=\"twitter:site\" content=\"@raspberrypidk\" \/>\n<meta name=\"twitter:label1\" content=\"Ansl. lesetid\" \/>\n\t<meta name=\"twitter:data1\" content=\"1 minutt\" \/>\n<script type=\"application\/ld+json\" class=\"yoast-schema-graph\">{\"@context\":\"https:\/\/schema.org\",\"@graph\":[{\"@type\":\"WebPage\",\"@id\":\"https:\/\/raspberrypi.dk\/no\/produkt\/poe-splitter-til-raspberry-pi-4\/\",\"url\":\"https:\/\/raspberrypi.dk\/no\/produkt\/poe-splitter-til-raspberry-pi-4\/\",\"name\":\"PoE Splitter til Raspberry Pi 4 \u2022 RaspberryPi.dk\",\"isPartOf\":{\"@id\":\"https:\/\/raspberrypi.dk\/no\/#website\"},\"primaryImageOfPage\":{\"@id\":\"https:\/\/raspberrypi.dk\/no\/produkt\/poe-splitter-til-raspberry-pi-4\/#primaryimage\"},\"image\":{\"@id\":\"https:\/\/raspberrypi.dk\/no\/produkt\/poe-splitter-til-raspberry-pi-4\/#primaryimage\"},\"thumbnailUrl\":\"https:\/\/raspberrypi.dk\/wp-content\/uploads\/2017\/10\/poe_splitter_raspberry_pi.jpg\",\"datePublished\":\"2017-10-10T08:38:14+00:00\",\"dateModified\":\"2025-10-07T13:50:36+00:00\",\"breadcrumb\":{\"@id\":\"https:\/\/raspberrypi.dk\/no\/produkt\/poe-splitter-til-raspberry-pi-4\/#breadcrumb\"},\"inLanguage\":\"nb-NO\",\"potentialAction\":[{\"@type\":\"ReadAction\",\"target\":[\"https:\/\/raspberrypi.dk\/no\/produkt\/poe-splitter-til-raspberry-pi-4\/\"]}]},{\"@type\":\"ImageObject\",\"inLanguage\":\"nb-NO\",\"@id\":\"https:\/\/raspberrypi.dk\/no\/produkt\/poe-splitter-til-raspberry-pi-4\/#primaryimage\",\"url\":\"https:\/\/raspberrypi.dk\/wp-content\/uploads\/2017\/10\/poe_splitter_raspberry_pi.jpg\",\"contentUrl\":\"https:\/\/raspberrypi.dk\/wp-content\/uploads\/2017\/10\/poe_splitter_raspberry_pi.jpg\",\"width\":350,\"height\":260,\"caption\":\"poe splitter raspberry pi\"},{\"@type\":\"BreadcrumbList\",\"@id\":\"https:\/\/raspberrypi.dk\/no\/produkt\/poe-splitter-til-raspberry-pi-4\/#breadcrumb\",\"itemListElement\":[{\"@type\":\"ListItem\",\"position\":1,\"name\":\"Hjem\",\"item\":\"https:\/\/raspberrypi.dk\/no\/raspberry-pi-nettbutikk\/\"},{\"@type\":\"ListItem\",\"position\":2,\"name\":\"Shop\",\"item\":\"https:\/\/raspberrypi.dk\/no\/shop-2\/\"},{\"@type\":\"ListItem\",\"position\":3,\"name\":\"PoE Splitter til Raspberry Pi 4\"}]},{\"@type\":\"WebSite\",\"@id\":\"https:\/\/raspberrypi.dk\/no\/#website\",\"url\":\"https:\/\/raspberrypi.dk\/no\/\",\"name\":\"RaspberryPi.dk\",\"description\":\"Danmarks f\u00f8rende Raspberry Pi side!\",\"publisher\":{\"@id\":\"https:\/\/raspberrypi.dk\/no\/#organization\"},\"potentialAction\":[{\"@type\":\"SearchAction\",\"target\":{\"@type\":\"EntryPoint\",\"urlTemplate\":\"https:\/\/raspberrypi.dk\/no\/?s={search_term_string}\"},\"query-input\":{\"@type\":\"PropertyValueSpecification\",\"valueRequired\":true,\"valueName\":\"search_term_string\"}}],\"inLanguage\":\"nb-NO\"},{\"@type\":\"Organization\",\"@id\":\"https:\/\/raspberrypi.dk\/no\/#organization\",\"name\":\"RaspberryPi.dk\",\"url\":\"https:\/\/raspberrypi.dk\/no\/\",\"logo\":{\"@type\":\"ImageObject\",\"inLanguage\":\"nb-NO\",\"@id\":\"https:\/\/raspberrypi.dk\/no\/#\/schema\/logo\/image\/\",\"url\":\"https:\/\/raspberrypi.dk\/wp-content\/uploads\/2017\/05\/RaspberryPidk_logo-2.png\",\"contentUrl\":\"https:\/\/raspberrypi.dk\/wp-content\/uploads\/2017\/05\/RaspberryPidk_logo-2.png\",\"width\":470,\"height\":110,\"caption\":\"RaspberryPi.dk\"},\"image\":{\"@id\":\"https:\/\/raspberrypi.dk\/no\/#\/schema\/logo\/image\/\"},\"sameAs\":[\"https:\/\/facebook.com\/RaspberryPiDanmark\",\"https:\/\/x.com\/raspberrypidk\",\"https:\/\/instagram.com\/raspberrypi.dk\"]}]}<\/script>\n<!-- \/ Yoast SEO plugin. -->","yoast_head_json":{"title":"PoE Splitter til Raspberry Pi 4 \u2022 RaspberryPi.dk","robots":{"index":"index","follow":"follow","max-snippet":"max-snippet:-1","max-image-preview":"max-image-preview:large","max-video-preview":"max-video-preview:-1"},"canonical":"https:\/\/raspberrypi.dk\/no\/produkt\/poe-splitter-til-raspberry-pi-4\/","og_locale":"nb_NO","og_type":"article","og_title":"PoE Splitter til Raspberry Pi 4 \u2022 RaspberryPi.dk","og_description":"Smart liten PoE-splitter for \u00e5 drive Raspberry Pi via PoE. Splitteren deler PoE-en din i datatilkobling (RJ45-kontakt) og 2,4A str\u00f8m (USB-C) til din Raspberry Pi. Kan kobles til en 48V (eller 52V) PoE-bryter eller injektor.","og_url":"https:\/\/raspberrypi.dk\/no\/produkt\/poe-splitter-til-raspberry-pi-4\/","og_site_name":"RaspberryPi.dk","article_publisher":"https:\/\/facebook.com\/RaspberryPiDanmark","article_modified_time":"2025-10-07T13:50:36+00:00","og_image":[{"width":350,"height":260,"url":"https:\/\/raspberrypi.dk\/wp-content\/uploads\/2017\/10\/poe_splitter_raspberry_pi.jpg","type":"image\/jpeg"}],"twitter_card":"summary_large_image","twitter_site":"@raspberrypidk","twitter_misc":{"Ansl. lesetid":"1 minutt"},"schema":{"@context":"https:\/\/schema.org","@graph":[{"@type":"WebPage","@id":"https:\/\/raspberrypi.dk\/no\/produkt\/poe-splitter-til-raspberry-pi-4\/","url":"https:\/\/raspberrypi.dk\/no\/produkt\/poe-splitter-til-raspberry-pi-4\/","name":"PoE Splitter til Raspberry Pi 4 \u2022 RaspberryPi.dk","isPartOf":{"@id":"https:\/\/raspberrypi.dk\/no\/#website"},"primaryImageOfPage":{"@id":"https:\/\/raspberrypi.dk\/no\/produkt\/poe-splitter-til-raspberry-pi-4\/#primaryimage"},"image":{"@id":"https:\/\/raspberrypi.dk\/no\/produkt\/poe-splitter-til-raspberry-pi-4\/#primaryimage"},"thumbnailUrl":"https:\/\/raspberrypi.dk\/wp-content\/uploads\/2017\/10\/poe_splitter_raspberry_pi.jpg","datePublished":"2017-10-10T08:38:14+00:00","dateModified":"2025-10-07T13:50:36+00:00","breadcrumb":{"@id":"https:\/\/raspberrypi.dk\/no\/produkt\/poe-splitter-til-raspberry-pi-4\/#breadcrumb"},"inLanguage":"nb-NO","potentialAction":[{"@type":"ReadAction","target":["https:\/\/raspberrypi.dk\/no\/produkt\/poe-splitter-til-raspberry-pi-4\/"]}]},{"@type":"ImageObject","inLanguage":"nb-NO","@id":"https:\/\/raspberrypi.dk\/no\/produkt\/poe-splitter-til-raspberry-pi-4\/#primaryimage","url":"https:\/\/raspberrypi.dk\/wp-content\/uploads\/2017\/10\/poe_splitter_raspberry_pi.jpg","contentUrl":"https:\/\/raspberrypi.dk\/wp-content\/uploads\/2017\/10\/poe_splitter_raspberry_pi.jpg","width":350,"height":260,"caption":"poe splitter raspberry pi"},{"@type":"BreadcrumbList","@id":"https:\/\/raspberrypi.dk\/no\/produkt\/poe-splitter-til-raspberry-pi-4\/#breadcrumb","itemListElement":[{"@type":"ListItem","position":1,"name":"Hjem","item":"https:\/\/raspberrypi.dk\/no\/raspberry-pi-nettbutikk\/"},{"@type":"ListItem","position":2,"name":"Shop","item":"https:\/\/raspberrypi.dk\/no\/shop-2\/"},{"@type":"ListItem","position":3,"name":"PoE Splitter til Raspberry Pi 4"}]},{"@type":"WebSite","@id":"https:\/\/raspberrypi.dk\/no\/#website","url":"https:\/\/raspberrypi.dk\/no\/","name":"RaspberryPi.dk","description":"Danmarks f\u00f8rende Raspberry Pi side!","publisher":{"@id":"https:\/\/raspberrypi.dk\/no\/#organization"},"potentialAction":[{"@type":"SearchAction","target":{"@type":"EntryPoint","urlTemplate":"https:\/\/raspberrypi.dk\/no\/?s={search_term_string}"},"query-input":{"@type":"PropertyValueSpecification","valueRequired":true,"valueName":"search_term_string"}}],"inLanguage":"nb-NO"},{"@type":"Organization","@id":"https:\/\/raspberrypi.dk\/no\/#organization","name":"RaspberryPi.dk","url":"https:\/\/raspberrypi.dk\/no\/","logo":{"@type":"ImageObject","inLanguage":"nb-NO","@id":"https:\/\/raspberrypi.dk\/no\/#\/schema\/logo\/image\/","url":"https:\/\/raspberrypi.dk\/wp-content\/uploads\/2017\/05\/RaspberryPidk_logo-2.png","contentUrl":"https:\/\/raspberrypi.dk\/wp-content\/uploads\/2017\/05\/RaspberryPidk_logo-2.png","width":470,"height":110,"caption":"RaspberryPi.dk"},"image":{"@id":"https:\/\/raspberrypi.dk\/no\/#\/schema\/logo\/image\/"},"sameAs":["https:\/\/facebook.com\/RaspberryPiDanmark","https:\/\/x.com\/raspberrypidk","https:\/\/instagram.com\/raspberrypi.dk"]}]}},"_links":{"self":[{"href":"https:\/\/raspberrypi.dk\/no\/wp-json\/wp\/v2\/product\/218880","targetHints":{"allow":["GET"]}}],"collection":[{"href":"https:\/\/raspberrypi.dk\/no\/wp-json\/wp\/v2\/product"}],"about":[{"href":"https:\/\/raspberrypi.dk\/no\/wp-json\/wp\/v2\/types\/product"}],"replies":[{"embeddable":true,"href":"https:\/\/raspberrypi.dk\/no\/wp-json\/wp\/v2\/comments?post=218880"}],"wp:featuredmedia":[{"embeddable":true,"href":"https:\/\/raspberrypi.dk\/no\/wp-json\/wp\/v2\/media\/129399"}],"wp:attachment":[{"href":"https:\/\/raspberrypi.dk\/no\/wp-json\/wp\/v2\/media?parent=218880"}],"wp:term":[{"taxonomy":"product_brand","embeddable":true,"href":"https:\/\/raspberrypi.dk\/no\/wp-json\/wp\/v2\/product_brand?post=218880"},{"taxonomy":"product_cat","embeddable":true,"href":"https:\/\/raspberrypi.dk\/no\/wp-json\/wp\/v2\/product_cat?post=218880"},{"taxonomy":"product_tag","embeddable":true,"href":"https:\/\/raspberrypi.dk\/no\/wp-json\/wp\/v2\/product_tag?post=218880"}],"curies":[{"name":"wp","href":"https:\/\/api.w.org\/{rel}","templated":true}]}}