{"id":218921,"date":"2017-09-30T12:29:47","date_gmt":"2017-09-30T10:29:47","guid":{"rendered":"https:\/\/raspberrypi.dk\/produkt\/pico-hat-hacker\/"},"modified":"2025-11-15T04:52:26","modified_gmt":"2025-11-15T03:52:26","slug":"pico-hat-hacker","status":"publish","type":"product","link":"https:\/\/raspberrypi.dk\/no\/produkt\/pico-hat-hacker\/","title":{"rendered":"Pico HAT Hacker"},"content":{"rendered":"<p>Det er tydelige etiketter for alle pinner, med BCM pinnenummerering p\u00e5 den ene siden og mer beskrivende etiketter p\u00e5 den andre siden for \u00e5 vise hvor I2C, UART, SPI, PWM og I2S pinnene er. Du kan lodde Pico HAT Hacker med begge sider, avhengig av hvilket sett med etiketter du finner mest nyttig.<\/p>\n<p><strong>Funksjoner<\/strong><\/p>\n<ul>\n<li>BCM og beskrivende pinnemerking<\/li>\n<li>Monteringshull (M2,5)<\/li>\n<li>0,8 mm tykk PCB<\/li>\n<li>Kompatibel med Raspberry Pi 3, 2, B+, A+, Zero og Zero W<\/li>\n<\/ul>\n<p>Notater<\/p>\n<ul>\n<li>Du trenger en ekstra <a href=\"https:\/\/raspberrypi.dk\/no\/produkt\/gpio-male-header-40-pin-2x20\/\">40-bens male header<\/a>\u00a0for \u00e5 lodde p\u00e5 Pico HAT Hacker.<\/li>\n<li>V\u00e6r sparsom med loddetinn n\u00e5r du lodder Pico HAT Hacker til din Pi, ellers vil loddet ta opp for mye plass til \u00e5 sette HAT-er \/ pHAT-er p\u00e5 toppen.<\/li>\n<li>Dimensjoner: 65x19x0,8 mm (LxBxH)<\/li>\n<\/ul>\n","protected":false},"excerpt":{"rendered":"<p><strong>Pico HAT Hacker<\/strong> gir deg full tilgang til alle 40 pinnene p\u00e5 din Pi med sm\u00e5 etiketter &#8211; samt uttrekking av pinner p\u00e5 to steder.<\/p>\n<p>Det er et supertynt 0,8 mm PCB slik at du kan lodde det direkte p\u00e5 Pis GPIO-pinner og fortsatt ha nok h\u00f8yde p\u00e5 en standard header til \u00e5 sette en PHAT eller pHAT p\u00e5 toppen.<\/p>\n","protected":false},"featured_media":218922,"comment_status":"open","ping_status":"closed","template":"","meta":[],"product_brand":[],"product_cat":[597],"product_tag":[717,703],"class_list":{"0":"post-218921","1":"product","2":"type-product","3":"status-publish","4":"has-post-thumbnail","6":"product_cat-raspberry-pi-hats-gpio-no","7":"product_tag-rpi4-no","8":"product_tag-rpi5-no","10":"first","11":"outofstock","12":"taxable","13":"shipping-taxable","14":"purchasable","15":"product-type-simple"},"composite_virtual":false,"composite_layout":"","composite_add_to_cart_form_location":"","composite_editable_in_cart":false,"composite_sold_individually_context":"","composite_shop_price_calc":"","composite_components":[],"composite_scenarios":[],"bundled_by":[],"bundle_stock_status":"outofstock","bundle_stock_quantity":0,"bundle_virtual":false,"bundle_layout":"","bundle_add_to_cart_form_location":"","bundle_editable_in_cart":false,"bundle_sold_individually_context":"","bundle_item_grouping":"","bundle_min_size":"","bundle_max_size":"","bundle_price":[],"bundled_items":[],"bundle_sell_ids":[],"yoast_head":"<!-- This site is optimized with the Yoast SEO plugin v27.1.1 - https:\/\/yoast.com\/product\/yoast-seo-wordpress\/ -->\n<title>Pico HAT Hacker \u2022 RaspberryPi.dk<\/title>\n<meta name=\"robots\" content=\"index, follow, max-snippet:-1, max-image-preview:large, max-video-preview:-1\" \/>\n<link rel=\"canonical\" href=\"https:\/\/raspberrypi.dk\/no\/produkt\/pico-hat-hacker\/\" \/>\n<meta property=\"og:locale\" content=\"nb_NO\" \/>\n<meta property=\"og:type\" content=\"article\" \/>\n<meta property=\"og:title\" content=\"Pico HAT Hacker \u2022 RaspberryPi.dk\" \/>\n<meta property=\"og:description\" content=\"Pico HAT Hacker gir deg full tilgang til alle 40 pinnene p\u00e5 din Pi med sm\u00e5 etiketter - samt uttrekking av pinner p\u00e5 to steder.  Det er et supertynt 0,8 mm PCB slik at du kan lodde det direkte p\u00e5 Pis GPIO-pinner og fortsatt ha nok h\u00f8yde p\u00e5 en standard header til \u00e5 sette en PHAT eller pHAT p\u00e5 toppen.\" \/>\n<meta property=\"og:url\" content=\"https:\/\/raspberrypi.dk\/no\/produkt\/pico-hat-hacker\/\" \/>\n<meta property=\"og:site_name\" content=\"RaspberryPi.dk\" \/>\n<meta property=\"article:publisher\" content=\"https:\/\/facebook.com\/RaspberryPiDanmark\" \/>\n<meta property=\"article:modified_time\" content=\"2025-11-15T03:52:26+00:00\" \/>\n<meta property=\"og:image\" content=\"https:\/\/raspberrypi.dk\/wp-content\/uploads\/2017\/09\/Pico_HAT_Hacker.jpg\" \/>\n\t<meta property=\"og:image:width\" content=\"1024\" \/>\n\t<meta property=\"og:image:height\" content=\"1024\" \/>\n\t<meta property=\"og:image:type\" content=\"image\/jpeg\" \/>\n<meta name=\"twitter:card\" content=\"summary_large_image\" \/>\n<meta name=\"twitter:site\" content=\"@raspberrypidk\" \/>\n<meta name=\"twitter:label1\" content=\"Ansl. lesetid\" \/>\n\t<meta name=\"twitter:data1\" content=\"1 minutt\" \/>\n<script type=\"application\/ld+json\" class=\"yoast-schema-graph\">{\"@context\":\"https:\/\/schema.org\",\"@graph\":[{\"@type\":\"WebPage\",\"@id\":\"https:\/\/raspberrypi.dk\/no\/produkt\/pico-hat-hacker\/\",\"url\":\"https:\/\/raspberrypi.dk\/no\/produkt\/pico-hat-hacker\/\",\"name\":\"Pico HAT Hacker \u2022 RaspberryPi.dk\",\"isPartOf\":{\"@id\":\"https:\/\/raspberrypi.dk\/no\/#website\"},\"primaryImageOfPage\":{\"@id\":\"https:\/\/raspberrypi.dk\/no\/produkt\/pico-hat-hacker\/#primaryimage\"},\"image\":{\"@id\":\"https:\/\/raspberrypi.dk\/no\/produkt\/pico-hat-hacker\/#primaryimage\"},\"thumbnailUrl\":\"https:\/\/raspberrypi.dk\/wp-content\/uploads\/2017\/09\/Pico_HAT_Hacker.jpg\",\"datePublished\":\"2017-09-30T10:29:47+00:00\",\"dateModified\":\"2025-11-15T03:52:26+00:00\",\"breadcrumb\":{\"@id\":\"https:\/\/raspberrypi.dk\/no\/produkt\/pico-hat-hacker\/#breadcrumb\"},\"inLanguage\":\"nb-NO\",\"potentialAction\":[{\"@type\":\"ReadAction\",\"target\":[\"https:\/\/raspberrypi.dk\/no\/produkt\/pico-hat-hacker\/\"]}]},{\"@type\":\"ImageObject\",\"inLanguage\":\"nb-NO\",\"@id\":\"https:\/\/raspberrypi.dk\/no\/produkt\/pico-hat-hacker\/#primaryimage\",\"url\":\"https:\/\/raspberrypi.dk\/wp-content\/uploads\/2017\/09\/Pico_HAT_Hacker.jpg\",\"contentUrl\":\"https:\/\/raspberrypi.dk\/wp-content\/uploads\/2017\/09\/Pico_HAT_Hacker.jpg\",\"width\":1024,\"height\":1024},{\"@type\":\"BreadcrumbList\",\"@id\":\"https:\/\/raspberrypi.dk\/no\/produkt\/pico-hat-hacker\/#breadcrumb\",\"itemListElement\":[{\"@type\":\"ListItem\",\"position\":1,\"name\":\"Hjem\",\"item\":\"https:\/\/raspberrypi.dk\/no\/raspberry-pi-nettbutikk\/\"},{\"@type\":\"ListItem\",\"position\":2,\"name\":\"Shop\",\"item\":\"https:\/\/raspberrypi.dk\/no\/shop-2\/\"},{\"@type\":\"ListItem\",\"position\":3,\"name\":\"Pico HAT Hacker\"}]},{\"@type\":\"WebSite\",\"@id\":\"https:\/\/raspberrypi.dk\/no\/#website\",\"url\":\"https:\/\/raspberrypi.dk\/no\/\",\"name\":\"RaspberryPi.dk\",\"description\":\"Danmarks f\u00f8rende Raspberry Pi side!\",\"publisher\":{\"@id\":\"https:\/\/raspberrypi.dk\/no\/#organization\"},\"potentialAction\":[{\"@type\":\"SearchAction\",\"target\":{\"@type\":\"EntryPoint\",\"urlTemplate\":\"https:\/\/raspberrypi.dk\/no\/?s={search_term_string}\"},\"query-input\":{\"@type\":\"PropertyValueSpecification\",\"valueRequired\":true,\"valueName\":\"search_term_string\"}}],\"inLanguage\":\"nb-NO\"},{\"@type\":\"Organization\",\"@id\":\"https:\/\/raspberrypi.dk\/no\/#organization\",\"name\":\"RaspberryPi.dk\",\"url\":\"https:\/\/raspberrypi.dk\/no\/\",\"logo\":{\"@type\":\"ImageObject\",\"inLanguage\":\"nb-NO\",\"@id\":\"https:\/\/raspberrypi.dk\/no\/#\/schema\/logo\/image\/\",\"url\":\"https:\/\/raspberrypi.dk\/wp-content\/uploads\/2017\/05\/RaspberryPidk_logo-2.png\",\"contentUrl\":\"https:\/\/raspberrypi.dk\/wp-content\/uploads\/2017\/05\/RaspberryPidk_logo-2.png\",\"width\":470,\"height\":110,\"caption\":\"RaspberryPi.dk\"},\"image\":{\"@id\":\"https:\/\/raspberrypi.dk\/no\/#\/schema\/logo\/image\/\"},\"sameAs\":[\"https:\/\/facebook.com\/RaspberryPiDanmark\",\"https:\/\/x.com\/raspberrypidk\",\"https:\/\/instagram.com\/raspberrypi.dk\"]}]}<\/script>\n<!-- \/ Yoast SEO plugin. -->","yoast_head_json":{"title":"Pico HAT Hacker \u2022 RaspberryPi.dk","robots":{"index":"index","follow":"follow","max-snippet":"max-snippet:-1","max-image-preview":"max-image-preview:large","max-video-preview":"max-video-preview:-1"},"canonical":"https:\/\/raspberrypi.dk\/no\/produkt\/pico-hat-hacker\/","og_locale":"nb_NO","og_type":"article","og_title":"Pico HAT Hacker \u2022 RaspberryPi.dk","og_description":"Pico HAT Hacker gir deg full tilgang til alle 40 pinnene p\u00e5 din Pi med sm\u00e5 etiketter - samt uttrekking av pinner p\u00e5 to steder.  Det er et supertynt 0,8 mm PCB slik at du kan lodde det direkte p\u00e5 Pis GPIO-pinner og fortsatt ha nok h\u00f8yde p\u00e5 en standard header til \u00e5 sette en PHAT eller pHAT p\u00e5 toppen.","og_url":"https:\/\/raspberrypi.dk\/no\/produkt\/pico-hat-hacker\/","og_site_name":"RaspberryPi.dk","article_publisher":"https:\/\/facebook.com\/RaspberryPiDanmark","article_modified_time":"2025-11-15T03:52:26+00:00","og_image":[{"width":1024,"height":1024,"url":"https:\/\/raspberrypi.dk\/wp-content\/uploads\/2017\/09\/Pico_HAT_Hacker.jpg","type":"image\/jpeg"}],"twitter_card":"summary_large_image","twitter_site":"@raspberrypidk","twitter_misc":{"Ansl. lesetid":"1 minutt"},"schema":{"@context":"https:\/\/schema.org","@graph":[{"@type":"WebPage","@id":"https:\/\/raspberrypi.dk\/no\/produkt\/pico-hat-hacker\/","url":"https:\/\/raspberrypi.dk\/no\/produkt\/pico-hat-hacker\/","name":"Pico HAT Hacker \u2022 RaspberryPi.dk","isPartOf":{"@id":"https:\/\/raspberrypi.dk\/no\/#website"},"primaryImageOfPage":{"@id":"https:\/\/raspberrypi.dk\/no\/produkt\/pico-hat-hacker\/#primaryimage"},"image":{"@id":"https:\/\/raspberrypi.dk\/no\/produkt\/pico-hat-hacker\/#primaryimage"},"thumbnailUrl":"https:\/\/raspberrypi.dk\/wp-content\/uploads\/2017\/09\/Pico_HAT_Hacker.jpg","datePublished":"2017-09-30T10:29:47+00:00","dateModified":"2025-11-15T03:52:26+00:00","breadcrumb":{"@id":"https:\/\/raspberrypi.dk\/no\/produkt\/pico-hat-hacker\/#breadcrumb"},"inLanguage":"nb-NO","potentialAction":[{"@type":"ReadAction","target":["https:\/\/raspberrypi.dk\/no\/produkt\/pico-hat-hacker\/"]}]},{"@type":"ImageObject","inLanguage":"nb-NO","@id":"https:\/\/raspberrypi.dk\/no\/produkt\/pico-hat-hacker\/#primaryimage","url":"https:\/\/raspberrypi.dk\/wp-content\/uploads\/2017\/09\/Pico_HAT_Hacker.jpg","contentUrl":"https:\/\/raspberrypi.dk\/wp-content\/uploads\/2017\/09\/Pico_HAT_Hacker.jpg","width":1024,"height":1024},{"@type":"BreadcrumbList","@id":"https:\/\/raspberrypi.dk\/no\/produkt\/pico-hat-hacker\/#breadcrumb","itemListElement":[{"@type":"ListItem","position":1,"name":"Hjem","item":"https:\/\/raspberrypi.dk\/no\/raspberry-pi-nettbutikk\/"},{"@type":"ListItem","position":2,"name":"Shop","item":"https:\/\/raspberrypi.dk\/no\/shop-2\/"},{"@type":"ListItem","position":3,"name":"Pico HAT Hacker"}]},{"@type":"WebSite","@id":"https:\/\/raspberrypi.dk\/no\/#website","url":"https:\/\/raspberrypi.dk\/no\/","name":"RaspberryPi.dk","description":"Danmarks f\u00f8rende Raspberry Pi side!","publisher":{"@id":"https:\/\/raspberrypi.dk\/no\/#organization"},"potentialAction":[{"@type":"SearchAction","target":{"@type":"EntryPoint","urlTemplate":"https:\/\/raspberrypi.dk\/no\/?s={search_term_string}"},"query-input":{"@type":"PropertyValueSpecification","valueRequired":true,"valueName":"search_term_string"}}],"inLanguage":"nb-NO"},{"@type":"Organization","@id":"https:\/\/raspberrypi.dk\/no\/#organization","name":"RaspberryPi.dk","url":"https:\/\/raspberrypi.dk\/no\/","logo":{"@type":"ImageObject","inLanguage":"nb-NO","@id":"https:\/\/raspberrypi.dk\/no\/#\/schema\/logo\/image\/","url":"https:\/\/raspberrypi.dk\/wp-content\/uploads\/2017\/05\/RaspberryPidk_logo-2.png","contentUrl":"https:\/\/raspberrypi.dk\/wp-content\/uploads\/2017\/05\/RaspberryPidk_logo-2.png","width":470,"height":110,"caption":"RaspberryPi.dk"},"image":{"@id":"https:\/\/raspberrypi.dk\/no\/#\/schema\/logo\/image\/"},"sameAs":["https:\/\/facebook.com\/RaspberryPiDanmark","https:\/\/x.com\/raspberrypidk","https:\/\/instagram.com\/raspberrypi.dk"]}]}},"_links":{"self":[{"href":"https:\/\/raspberrypi.dk\/no\/wp-json\/wp\/v2\/product\/218921","targetHints":{"allow":["GET"]}}],"collection":[{"href":"https:\/\/raspberrypi.dk\/no\/wp-json\/wp\/v2\/product"}],"about":[{"href":"https:\/\/raspberrypi.dk\/no\/wp-json\/wp\/v2\/types\/product"}],"replies":[{"embeddable":true,"href":"https:\/\/raspberrypi.dk\/no\/wp-json\/wp\/v2\/comments?post=218921"}],"wp:featuredmedia":[{"embeddable":true,"href":"https:\/\/raspberrypi.dk\/no\/wp-json\/wp\/v2\/media\/218922"}],"wp:attachment":[{"href":"https:\/\/raspberrypi.dk\/no\/wp-json\/wp\/v2\/media?parent=218921"}],"wp:term":[{"taxonomy":"product_brand","embeddable":true,"href":"https:\/\/raspberrypi.dk\/no\/wp-json\/wp\/v2\/product_brand?post=218921"},{"taxonomy":"product_cat","embeddable":true,"href":"https:\/\/raspberrypi.dk\/no\/wp-json\/wp\/v2\/product_cat?post=218921"},{"taxonomy":"product_tag","embeddable":true,"href":"https:\/\/raspberrypi.dk\/no\/wp-json\/wp\/v2\/product_tag?post=218921"}],"curies":[{"name":"wp","href":"https:\/\/api.w.org\/{rel}","templated":true}]}}