{"id":218925,"date":"2017-09-24T01:07:02","date_gmt":"2017-09-23T23:07:02","guid":{"rendered":"https:\/\/raspberrypi.dk\/produkt\/flirc-raspberry-pi-3-heatsink-case\/"},"modified":"2024-04-15T17:26:05","modified_gmt":"2024-04-15T15:26:05","slug":"flirc-raspberry-pi-3-heatsink-case","status":"publish","type":"product","link":"https:\/\/raspberrypi.dk\/no\/produkt\/flirc-raspberry-pi-3-heatsink-case\/","title":{"rendered":"Flirc Raspberry Pi 3 Heatsink Case"},"content":{"rendered":"<p>Dette er det f\u00f8rste rimelige Raspberry Pi kj\u00f8leribbedekselet i aluminium. Det er sikret at form ikke ofres fremfor funksjon, s\u00e5 kassen er laget med innebygde kj\u00f8leribber. En termisk pute for kj\u00f8leribber og 4 skruer for den enkleste Raspberry Pi-dekselmonteringen p\u00e5 markedet er inkludert. Det tar bare sekunder \u00e5 ha din Raspberry Pi montert i den fantastiske nye kj\u00f8levesken.<\/p>\n<p>Gummi f\u00f8tter er inkludert for \u00e5 heve kabinettet slik at det bare flyter under TV-en. I tillegg til den innebygde kj\u00f8leribben, hjelper sm\u00e5 ventilasjons\u00e5pninger i bunnen til \u00e5 holde Raspberry Pi kj\u00f8lig. GPIO-pinner er tilgjengelige via sporet nederst p\u00e5 dekselet, og SD-kortet er tilgjengelig uten \u00e5 demontere dekselet. Du vil elske de deilige detaljene som finnes p\u00e5 denne saken.<\/p>\n<p><strong>Egenskaper:<\/strong><\/p>\n<ul>\n<li>St\u00f8tter Raspberry Pi B+ \/ 2 B \/ 3 B \/ 3 B+<\/li>\n<li>Innebygde kj\u00f8leribber<\/li>\n<li>Raspberry Pi 3 LED-hull<\/li>\n<li>Enkel montering: Plasser termisk pute p\u00e5 Pi-en din, sett Pi-en inn i etuiet og skru p\u00e5 bunnen av etuiet!<\/li>\n<li>SD-kort tilgjengelig<\/li>\n<li>Inkluderer termisk pute og gummif\u00f8tter<\/li>\n<\/ul>\n","protected":false},"excerpt":{"rendered":"<p><strong>Flirc Raspberry Pi etui<\/strong> har ikke bare innebygget passiv kj\u00f8ling for din Pi i form av en heatsink, men den er ogs\u00e5 veldig fin! Den er laget av vakkert aluminium mellom to svarte, myke skall som f\u00f8les godt i hendene.<\/p>\n<p>En etui som er for vakker til \u00e5 gjemmes bort.<\/p>\n<p><strong>MERK F\u00d8LGENDE! Dette er den siste versjonen med termisk pute for b\u00e5de Pi 3 og Pi 3 B+.<\/strong><\/p>\n","protected":false},"featured_media":218926,"comment_status":"open","ping_status":"closed","template":"","meta":[],"product_brand":[],"product_cat":[594],"product_tag":[],"class_list":{"0":"post-218925","1":"product","2":"type-product","3":"status-publish","4":"has-post-thumbnail","6":"product_cat-raspberry-pi-cases-no","8":"first","9":"outofstock","10":"taxable","11":"shipping-taxable","12":"purchasable","13":"product-type-simple"},"composite_virtual":false,"composite_layout":"","composite_add_to_cart_form_location":"","composite_editable_in_cart":false,"composite_sold_individually_context":"","composite_shop_price_calc":"","composite_components":[],"composite_scenarios":[],"bundled_by":[],"bundle_stock_status":"outofstock","bundle_stock_quantity":0,"bundle_virtual":false,"bundle_layout":"","bundle_add_to_cart_form_location":"","bundle_editable_in_cart":false,"bundle_sold_individually_context":"","bundle_item_grouping":"","bundle_min_size":"","bundle_max_size":"","bundle_price":[],"bundled_items":[],"bundle_sell_ids":[],"yoast_head":"<!-- This site is optimized with the Yoast SEO plugin v27.1.1 - https:\/\/yoast.com\/product\/yoast-seo-wordpress\/ -->\n<title>Flirc Raspberry Pi 3 Heatsink Case \u2022 RaspberryPi.dk<\/title>\n<meta name=\"robots\" content=\"index, follow, max-snippet:-1, max-image-preview:large, max-video-preview:-1\" \/>\n<link rel=\"canonical\" href=\"https:\/\/raspberrypi.dk\/no\/produkt\/flirc-raspberry-pi-3-heatsink-case\/\" \/>\n<meta property=\"og:locale\" content=\"nb_NO\" \/>\n<meta property=\"og:type\" content=\"article\" \/>\n<meta property=\"og:title\" content=\"Flirc Raspberry Pi 3 Heatsink Case \u2022 RaspberryPi.dk\" \/>\n<meta property=\"og:description\" content=\"Flirc Raspberry Pi etui har ikke bare innebygget passiv kj\u00f8ling for din Pi i form av en heatsink, men den er ogs\u00e5 veldig fin! Den er laget av vakkert aluminium mellom to svarte, myke skall som f\u00f8les godt i hendene.  En etui som er for vakker til \u00e5 gjemmes bort.  MERK F\u00d8LGENDE! Dette er den siste versjonen med termisk pute for b\u00e5de Pi 3 og Pi 3 B+.\" \/>\n<meta property=\"og:url\" content=\"https:\/\/raspberrypi.dk\/no\/produkt\/flirc-raspberry-pi-3-heatsink-case\/\" \/>\n<meta property=\"og:site_name\" content=\"RaspberryPi.dk\" \/>\n<meta property=\"article:publisher\" content=\"https:\/\/facebook.com\/RaspberryPiDanmark\" \/>\n<meta property=\"article:modified_time\" content=\"2024-04-15T15:26:05+00:00\" \/>\n<meta property=\"og:image\" content=\"https:\/\/raspberrypi.dk\/wp-content\/uploads\/2017\/09\/flirc-pi3-case.jpg\" \/>\n\t<meta property=\"og:image:width\" content=\"1024\" \/>\n\t<meta property=\"og:image:height\" content=\"364\" \/>\n\t<meta property=\"og:image:type\" content=\"image\/jpeg\" \/>\n<meta name=\"twitter:card\" content=\"summary_large_image\" \/>\n<meta name=\"twitter:site\" content=\"@raspberrypidk\" \/>\n<meta name=\"twitter:label1\" content=\"Ansl. lesetid\" \/>\n\t<meta name=\"twitter:data1\" content=\"2 minutter\" \/>\n<script type=\"application\/ld+json\" class=\"yoast-schema-graph\">{\"@context\":\"https:\/\/schema.org\",\"@graph\":[{\"@type\":\"WebPage\",\"@id\":\"https:\/\/raspberrypi.dk\/no\/produkt\/flirc-raspberry-pi-3-heatsink-case\/\",\"url\":\"https:\/\/raspberrypi.dk\/no\/produkt\/flirc-raspberry-pi-3-heatsink-case\/\",\"name\":\"Flirc Raspberry Pi 3 Heatsink Case \u2022 RaspberryPi.dk\",\"isPartOf\":{\"@id\":\"https:\/\/raspberrypi.dk\/no\/#website\"},\"primaryImageOfPage\":{\"@id\":\"https:\/\/raspberrypi.dk\/no\/produkt\/flirc-raspberry-pi-3-heatsink-case\/#primaryimage\"},\"image\":{\"@id\":\"https:\/\/raspberrypi.dk\/no\/produkt\/flirc-raspberry-pi-3-heatsink-case\/#primaryimage\"},\"thumbnailUrl\":\"https:\/\/raspberrypi.dk\/wp-content\/uploads\/2017\/09\/flirc-pi3-case.jpg\",\"datePublished\":\"2017-09-23T23:07:02+00:00\",\"dateModified\":\"2024-04-15T15:26:05+00:00\",\"breadcrumb\":{\"@id\":\"https:\/\/raspberrypi.dk\/no\/produkt\/flirc-raspberry-pi-3-heatsink-case\/#breadcrumb\"},\"inLanguage\":\"nb-NO\",\"potentialAction\":[{\"@type\":\"ReadAction\",\"target\":[\"https:\/\/raspberrypi.dk\/no\/produkt\/flirc-raspberry-pi-3-heatsink-case\/\"]}]},{\"@type\":\"ImageObject\",\"inLanguage\":\"nb-NO\",\"@id\":\"https:\/\/raspberrypi.dk\/no\/produkt\/flirc-raspberry-pi-3-heatsink-case\/#primaryimage\",\"url\":\"https:\/\/raspberrypi.dk\/wp-content\/uploads\/2017\/09\/flirc-pi3-case.jpg\",\"contentUrl\":\"https:\/\/raspberrypi.dk\/wp-content\/uploads\/2017\/09\/flirc-pi3-case.jpg\",\"width\":1024,\"height\":364},{\"@type\":\"BreadcrumbList\",\"@id\":\"https:\/\/raspberrypi.dk\/no\/produkt\/flirc-raspberry-pi-3-heatsink-case\/#breadcrumb\",\"itemListElement\":[{\"@type\":\"ListItem\",\"position\":1,\"name\":\"Hjem\",\"item\":\"https:\/\/raspberrypi.dk\/no\/raspberry-pi-nettbutikk\/\"},{\"@type\":\"ListItem\",\"position\":2,\"name\":\"Shop\",\"item\":\"https:\/\/raspberrypi.dk\/no\/shop-2\/\"},{\"@type\":\"ListItem\",\"position\":3,\"name\":\"Flirc Raspberry Pi 3 Heatsink Case\"}]},{\"@type\":\"WebSite\",\"@id\":\"https:\/\/raspberrypi.dk\/no\/#website\",\"url\":\"https:\/\/raspberrypi.dk\/no\/\",\"name\":\"RaspberryPi.dk\",\"description\":\"Danmarks f\u00f8rende Raspberry Pi side!\",\"publisher\":{\"@id\":\"https:\/\/raspberrypi.dk\/no\/#organization\"},\"potentialAction\":[{\"@type\":\"SearchAction\",\"target\":{\"@type\":\"EntryPoint\",\"urlTemplate\":\"https:\/\/raspberrypi.dk\/no\/?s={search_term_string}\"},\"query-input\":{\"@type\":\"PropertyValueSpecification\",\"valueRequired\":true,\"valueName\":\"search_term_string\"}}],\"inLanguage\":\"nb-NO\"},{\"@type\":\"Organization\",\"@id\":\"https:\/\/raspberrypi.dk\/no\/#organization\",\"name\":\"RaspberryPi.dk\",\"url\":\"https:\/\/raspberrypi.dk\/no\/\",\"logo\":{\"@type\":\"ImageObject\",\"inLanguage\":\"nb-NO\",\"@id\":\"https:\/\/raspberrypi.dk\/no\/#\/schema\/logo\/image\/\",\"url\":\"https:\/\/raspberrypi.dk\/wp-content\/uploads\/2017\/05\/RaspberryPidk_logo-2.png\",\"contentUrl\":\"https:\/\/raspberrypi.dk\/wp-content\/uploads\/2017\/05\/RaspberryPidk_logo-2.png\",\"width\":470,\"height\":110,\"caption\":\"RaspberryPi.dk\"},\"image\":{\"@id\":\"https:\/\/raspberrypi.dk\/no\/#\/schema\/logo\/image\/\"},\"sameAs\":[\"https:\/\/facebook.com\/RaspberryPiDanmark\",\"https:\/\/x.com\/raspberrypidk\",\"https:\/\/instagram.com\/raspberrypi.dk\"]}]}<\/script>\n<!-- \/ Yoast SEO plugin. -->","yoast_head_json":{"title":"Flirc Raspberry Pi 3 Heatsink Case \u2022 RaspberryPi.dk","robots":{"index":"index","follow":"follow","max-snippet":"max-snippet:-1","max-image-preview":"max-image-preview:large","max-video-preview":"max-video-preview:-1"},"canonical":"https:\/\/raspberrypi.dk\/no\/produkt\/flirc-raspberry-pi-3-heatsink-case\/","og_locale":"nb_NO","og_type":"article","og_title":"Flirc Raspberry Pi 3 Heatsink Case \u2022 RaspberryPi.dk","og_description":"Flirc Raspberry Pi etui har ikke bare innebygget passiv kj\u00f8ling for din Pi i form av en heatsink, men den er ogs\u00e5 veldig fin! Den er laget av vakkert aluminium mellom to svarte, myke skall som f\u00f8les godt i hendene.  En etui som er for vakker til \u00e5 gjemmes bort.  MERK F\u00d8LGENDE! Dette er den siste versjonen med termisk pute for b\u00e5de Pi 3 og Pi 3 B+.","og_url":"https:\/\/raspberrypi.dk\/no\/produkt\/flirc-raspberry-pi-3-heatsink-case\/","og_site_name":"RaspberryPi.dk","article_publisher":"https:\/\/facebook.com\/RaspberryPiDanmark","article_modified_time":"2024-04-15T15:26:05+00:00","og_image":[{"width":1024,"height":364,"url":"https:\/\/raspberrypi.dk\/wp-content\/uploads\/2017\/09\/flirc-pi3-case.jpg","type":"image\/jpeg"}],"twitter_card":"summary_large_image","twitter_site":"@raspberrypidk","twitter_misc":{"Ansl. lesetid":"2 minutter"},"schema":{"@context":"https:\/\/schema.org","@graph":[{"@type":"WebPage","@id":"https:\/\/raspberrypi.dk\/no\/produkt\/flirc-raspberry-pi-3-heatsink-case\/","url":"https:\/\/raspberrypi.dk\/no\/produkt\/flirc-raspberry-pi-3-heatsink-case\/","name":"Flirc Raspberry Pi 3 Heatsink Case \u2022 RaspberryPi.dk","isPartOf":{"@id":"https:\/\/raspberrypi.dk\/no\/#website"},"primaryImageOfPage":{"@id":"https:\/\/raspberrypi.dk\/no\/produkt\/flirc-raspberry-pi-3-heatsink-case\/#primaryimage"},"image":{"@id":"https:\/\/raspberrypi.dk\/no\/produkt\/flirc-raspberry-pi-3-heatsink-case\/#primaryimage"},"thumbnailUrl":"https:\/\/raspberrypi.dk\/wp-content\/uploads\/2017\/09\/flirc-pi3-case.jpg","datePublished":"2017-09-23T23:07:02+00:00","dateModified":"2024-04-15T15:26:05+00:00","breadcrumb":{"@id":"https:\/\/raspberrypi.dk\/no\/produkt\/flirc-raspberry-pi-3-heatsink-case\/#breadcrumb"},"inLanguage":"nb-NO","potentialAction":[{"@type":"ReadAction","target":["https:\/\/raspberrypi.dk\/no\/produkt\/flirc-raspberry-pi-3-heatsink-case\/"]}]},{"@type":"ImageObject","inLanguage":"nb-NO","@id":"https:\/\/raspberrypi.dk\/no\/produkt\/flirc-raspberry-pi-3-heatsink-case\/#primaryimage","url":"https:\/\/raspberrypi.dk\/wp-content\/uploads\/2017\/09\/flirc-pi3-case.jpg","contentUrl":"https:\/\/raspberrypi.dk\/wp-content\/uploads\/2017\/09\/flirc-pi3-case.jpg","width":1024,"height":364},{"@type":"BreadcrumbList","@id":"https:\/\/raspberrypi.dk\/no\/produkt\/flirc-raspberry-pi-3-heatsink-case\/#breadcrumb","itemListElement":[{"@type":"ListItem","position":1,"name":"Hjem","item":"https:\/\/raspberrypi.dk\/no\/raspberry-pi-nettbutikk\/"},{"@type":"ListItem","position":2,"name":"Shop","item":"https:\/\/raspberrypi.dk\/no\/shop-2\/"},{"@type":"ListItem","position":3,"name":"Flirc Raspberry Pi 3 Heatsink Case"}]},{"@type":"WebSite","@id":"https:\/\/raspberrypi.dk\/no\/#website","url":"https:\/\/raspberrypi.dk\/no\/","name":"RaspberryPi.dk","description":"Danmarks f\u00f8rende Raspberry Pi side!","publisher":{"@id":"https:\/\/raspberrypi.dk\/no\/#organization"},"potentialAction":[{"@type":"SearchAction","target":{"@type":"EntryPoint","urlTemplate":"https:\/\/raspberrypi.dk\/no\/?s={search_term_string}"},"query-input":{"@type":"PropertyValueSpecification","valueRequired":true,"valueName":"search_term_string"}}],"inLanguage":"nb-NO"},{"@type":"Organization","@id":"https:\/\/raspberrypi.dk\/no\/#organization","name":"RaspberryPi.dk","url":"https:\/\/raspberrypi.dk\/no\/","logo":{"@type":"ImageObject","inLanguage":"nb-NO","@id":"https:\/\/raspberrypi.dk\/no\/#\/schema\/logo\/image\/","url":"https:\/\/raspberrypi.dk\/wp-content\/uploads\/2017\/05\/RaspberryPidk_logo-2.png","contentUrl":"https:\/\/raspberrypi.dk\/wp-content\/uploads\/2017\/05\/RaspberryPidk_logo-2.png","width":470,"height":110,"caption":"RaspberryPi.dk"},"image":{"@id":"https:\/\/raspberrypi.dk\/no\/#\/schema\/logo\/image\/"},"sameAs":["https:\/\/facebook.com\/RaspberryPiDanmark","https:\/\/x.com\/raspberrypidk","https:\/\/instagram.com\/raspberrypi.dk"]}]}},"_links":{"self":[{"href":"https:\/\/raspberrypi.dk\/no\/wp-json\/wp\/v2\/product\/218925","targetHints":{"allow":["GET"]}}],"collection":[{"href":"https:\/\/raspberrypi.dk\/no\/wp-json\/wp\/v2\/product"}],"about":[{"href":"https:\/\/raspberrypi.dk\/no\/wp-json\/wp\/v2\/types\/product"}],"replies":[{"embeddable":true,"href":"https:\/\/raspberrypi.dk\/no\/wp-json\/wp\/v2\/comments?post=218925"}],"wp:featuredmedia":[{"embeddable":true,"href":"https:\/\/raspberrypi.dk\/no\/wp-json\/wp\/v2\/media\/218926"}],"wp:attachment":[{"href":"https:\/\/raspberrypi.dk\/no\/wp-json\/wp\/v2\/media?parent=218925"}],"wp:term":[{"taxonomy":"product_brand","embeddable":true,"href":"https:\/\/raspberrypi.dk\/no\/wp-json\/wp\/v2\/product_brand?post=218925"},{"taxonomy":"product_cat","embeddable":true,"href":"https:\/\/raspberrypi.dk\/no\/wp-json\/wp\/v2\/product_cat?post=218925"},{"taxonomy":"product_tag","embeddable":true,"href":"https:\/\/raspberrypi.dk\/no\/wp-json\/wp\/v2\/product_tag?post=218925"}],"curies":[{"name":"wp","href":"https:\/\/api.w.org\/{rel}","templated":true}]}}