{"id":218936,"date":"2017-09-23T23:30:26","date_gmt":"2017-09-23T21:30:26","guid":{"rendered":"https:\/\/raspberrypi.dk\/produkt\/unicorn-hat-hd\/"},"modified":"2024-10-26T16:46:02","modified_gmt":"2024-10-26T14:46:02","slug":"unicorn-hat-hd","status":"publish","type":"product","link":"https:\/\/raspberrypi.dk\/no\/produkt\/unicorn-hat-hd\/","title":{"rendered":"Unicorn HAT HD"},"content":{"rendered":"<p><strong>Funksjoner<\/strong><\/p>\n<ul>\n<li>256 RGB LED-piksler i en 16&#215;16 matrise<\/li>\n<li>Piksler drevet av ARM STM32F og tre STP16CPC26 LED-drivere<\/li>\n<li>Medf\u00f8lgende ninja diffuser, med muttere og bolter<\/li>\n<li><a href=\"https:\/\/pinout.xyz\/pinout\/unicorn_hat_hd\">Unicorn HAT HD pinout<\/a><\/li>\n<li>Kompatibel med Raspberry Pi 3, 2, B+, A+, Zero og Zero W<\/li>\n<li><a href=\"https:\/\/github.com\/pimoroni\/unicorn-hat-hd\">Python bibliotek<\/a><\/li>\n<li>Kommer ferdig montert<\/li>\n<\/ul>\n<p>ARM-brikken p\u00e5 Unicorn HAT HD gj\u00f8r det tunge l\u00f8ftet, noe som betyr at du bare kan kaste data p\u00e5 den, s\u00e5 tar den seg av resten. Den fungerer som mannen-i-midten mellom Pi-en din og de tre STP16CPC26 LED-driverne som faktisk driver LED-ene.<\/p>\n<p><strong>Programvare<\/strong><\/p>\n<p>Det er et <a href=\"https:\/\/github.com\/pimoroni\/unicorn-hat-hd\">Python bibliotek<\/a>, \u00a0som f\u00e5r <strong>Unicorn HAT HD<\/strong> i gang raskt. Det er ogs\u00e5 en haug med eksempler for \u00e5 vise deg hvordan du lager animasjoner, simulerer Game of Life, en skogbrann eller et flimrende lys, og til og med rulletekst!<\/p>\n<p><strong>Notater<\/strong><\/p>\n<ul>\n<li>F\u00f8lsomhetsadvarsel: Blinking og lysm\u00f8nstre kan for\u00e5rsake epileptiske anfall. V\u00e6r alltid oppmerksom, slutt umiddelbart \u00e5 bruke hvis du f\u00f8ler deg uvel (svimmelhet, kvalme, p\u00e5virket syn, \u00f8yetrykk, desorientering).<\/li>\n<li>Str\u00f8m: Unicorn HAT HD krever en &gt;2A microUSB-str\u00f8mforsyning for din Pi. Vi anbefaler den <a href=\"https:\/\/raspberrypi.dk\/no\/webshop\/kategori\/raspberry-pi-stromforsyninger-no\/\">officielle Raspberry Pi str\u00f8mforsyning<\/a>.<\/li>\n<\/ul>\n","protected":false},"excerpt":{"rendered":"<p><strong>Unicorn HAT HD<\/strong> samler 256 RGB LED-er i en 16&#215;16 matrise p\u00e5 en enkelt HAT. H\u00f8yoppl\u00f8selig regnbue!<\/p>\n<p>Den er ideell for stemmebelysning, visuelle effekter, statusindikasjoner eller bare \u00e5 kaste litt farge inn i omgivelsene. Kanskje enda mer komplekse animasjoner, inkludert rullende tekst og lavoppl\u00f8selige videoer?<\/p>\n","protected":false},"featured_media":218937,"comment_status":"open","ping_status":"closed","template":"","meta":[],"product_brand":[],"product_cat":[597],"product_tag":[717,703],"class_list":{"0":"post-218936","1":"product","2":"type-product","3":"status-publish","4":"has-post-thumbnail","6":"product_cat-raspberry-pi-hats-gpio-no","7":"product_tag-rpi4-no","8":"product_tag-rpi5-no","10":"first","11":"outofstock","12":"taxable","13":"shipping-taxable","14":"purchasable","15":"product-type-simple"},"composite_virtual":false,"composite_layout":"","composite_add_to_cart_form_location":"","composite_editable_in_cart":false,"composite_sold_individually_context":"","composite_shop_price_calc":"","composite_components":[],"composite_scenarios":[],"bundled_by":[],"bundle_stock_status":"outofstock","bundle_stock_quantity":0,"bundle_virtual":false,"bundle_layout":"","bundle_add_to_cart_form_location":"","bundle_editable_in_cart":false,"bundle_sold_individually_context":"","bundle_item_grouping":"","bundle_min_size":"","bundle_max_size":"","bundle_price":[],"bundled_items":[],"bundle_sell_ids":[],"yoast_head":"<!-- This site is optimized with the Yoast SEO plugin v27.1.1 - https:\/\/yoast.com\/product\/yoast-seo-wordpress\/ -->\n<title>Unicorn HAT HD \u2022 RaspberryPi.dk<\/title>\n<meta name=\"robots\" content=\"index, follow, max-snippet:-1, max-image-preview:large, max-video-preview:-1\" \/>\n<link rel=\"canonical\" href=\"https:\/\/raspberrypi.dk\/no\/produkt\/unicorn-hat-hd\/\" \/>\n<meta property=\"og:locale\" content=\"nb_NO\" \/>\n<meta property=\"og:type\" content=\"article\" \/>\n<meta property=\"og:title\" content=\"Unicorn HAT HD \u2022 RaspberryPi.dk\" \/>\n<meta property=\"og:description\" content=\"Unicorn HAT HD samler 256 RGB LED-er i en 16x16 matrise p\u00e5 en enkelt HAT. H\u00f8yoppl\u00f8selig regnbue!  Den er ideell for stemmebelysning, visuelle effekter, statusindikasjoner eller bare \u00e5 kaste litt farge inn i omgivelsene. Kanskje enda mer komplekse animasjoner, inkludert rullende tekst og lavoppl\u00f8selige videoer?\" \/>\n<meta property=\"og:url\" content=\"https:\/\/raspberrypi.dk\/no\/produkt\/unicorn-hat-hd\/\" \/>\n<meta property=\"og:site_name\" content=\"RaspberryPi.dk\" \/>\n<meta property=\"article:publisher\" content=\"https:\/\/facebook.com\/RaspberryPiDanmark\" \/>\n<meta property=\"article:modified_time\" content=\"2024-10-26T14:46:02+00:00\" \/>\n<meta property=\"og:image\" content=\"https:\/\/raspberrypi.dk\/wp-content\/uploads\/2017\/09\/unicorn-hat-1.jpg\" \/>\n\t<meta property=\"og:image:width\" content=\"800\" \/>\n\t<meta property=\"og:image:height\" content=\"800\" \/>\n\t<meta property=\"og:image:type\" content=\"image\/jpeg\" \/>\n<meta name=\"twitter:card\" content=\"summary_large_image\" \/>\n<meta name=\"twitter:site\" content=\"@raspberrypidk\" \/>\n<meta name=\"twitter:label1\" content=\"Ansl. lesetid\" \/>\n\t<meta name=\"twitter:data1\" content=\"2 minutter\" \/>\n<script type=\"application\/ld+json\" class=\"yoast-schema-graph\">{\"@context\":\"https:\/\/schema.org\",\"@graph\":[{\"@type\":\"WebPage\",\"@id\":\"https:\/\/raspberrypi.dk\/no\/produkt\/unicorn-hat-hd\/\",\"url\":\"https:\/\/raspberrypi.dk\/no\/produkt\/unicorn-hat-hd\/\",\"name\":\"Unicorn HAT HD \u2022 RaspberryPi.dk\",\"isPartOf\":{\"@id\":\"https:\/\/raspberrypi.dk\/no\/#website\"},\"primaryImageOfPage\":{\"@id\":\"https:\/\/raspberrypi.dk\/no\/produkt\/unicorn-hat-hd\/#primaryimage\"},\"image\":{\"@id\":\"https:\/\/raspberrypi.dk\/no\/produkt\/unicorn-hat-hd\/#primaryimage\"},\"thumbnailUrl\":\"https:\/\/raspberrypi.dk\/wp-content\/uploads\/2017\/09\/unicorn-hat-1.jpg\",\"datePublished\":\"2017-09-23T21:30:26+00:00\",\"dateModified\":\"2024-10-26T14:46:02+00:00\",\"breadcrumb\":{\"@id\":\"https:\/\/raspberrypi.dk\/no\/produkt\/unicorn-hat-hd\/#breadcrumb\"},\"inLanguage\":\"nb-NO\",\"potentialAction\":[{\"@type\":\"ReadAction\",\"target\":[\"https:\/\/raspberrypi.dk\/no\/produkt\/unicorn-hat-hd\/\"]}]},{\"@type\":\"ImageObject\",\"inLanguage\":\"nb-NO\",\"@id\":\"https:\/\/raspberrypi.dk\/no\/produkt\/unicorn-hat-hd\/#primaryimage\",\"url\":\"https:\/\/raspberrypi.dk\/wp-content\/uploads\/2017\/09\/unicorn-hat-1.jpg\",\"contentUrl\":\"https:\/\/raspberrypi.dk\/wp-content\/uploads\/2017\/09\/unicorn-hat-1.jpg\",\"width\":800,\"height\":800,\"caption\":\"pimoroni unicorn hat raspberry pi rgb LEDs\"},{\"@type\":\"BreadcrumbList\",\"@id\":\"https:\/\/raspberrypi.dk\/no\/produkt\/unicorn-hat-hd\/#breadcrumb\",\"itemListElement\":[{\"@type\":\"ListItem\",\"position\":1,\"name\":\"Hjem\",\"item\":\"https:\/\/raspberrypi.dk\/no\/raspberry-pi-nettbutikk\/\"},{\"@type\":\"ListItem\",\"position\":2,\"name\":\"Shop\",\"item\":\"https:\/\/raspberrypi.dk\/no\/shop-2\/\"},{\"@type\":\"ListItem\",\"position\":3,\"name\":\"Unicorn HAT HD\"}]},{\"@type\":\"WebSite\",\"@id\":\"https:\/\/raspberrypi.dk\/no\/#website\",\"url\":\"https:\/\/raspberrypi.dk\/no\/\",\"name\":\"RaspberryPi.dk\",\"description\":\"Danmarks f\u00f8rende Raspberry Pi side!\",\"publisher\":{\"@id\":\"https:\/\/raspberrypi.dk\/no\/#organization\"},\"potentialAction\":[{\"@type\":\"SearchAction\",\"target\":{\"@type\":\"EntryPoint\",\"urlTemplate\":\"https:\/\/raspberrypi.dk\/no\/?s={search_term_string}\"},\"query-input\":{\"@type\":\"PropertyValueSpecification\",\"valueRequired\":true,\"valueName\":\"search_term_string\"}}],\"inLanguage\":\"nb-NO\"},{\"@type\":\"Organization\",\"@id\":\"https:\/\/raspberrypi.dk\/no\/#organization\",\"name\":\"RaspberryPi.dk\",\"url\":\"https:\/\/raspberrypi.dk\/no\/\",\"logo\":{\"@type\":\"ImageObject\",\"inLanguage\":\"nb-NO\",\"@id\":\"https:\/\/raspberrypi.dk\/no\/#\/schema\/logo\/image\/\",\"url\":\"https:\/\/raspberrypi.dk\/wp-content\/uploads\/2017\/05\/RaspberryPidk_logo-2.png\",\"contentUrl\":\"https:\/\/raspberrypi.dk\/wp-content\/uploads\/2017\/05\/RaspberryPidk_logo-2.png\",\"width\":470,\"height\":110,\"caption\":\"RaspberryPi.dk\"},\"image\":{\"@id\":\"https:\/\/raspberrypi.dk\/no\/#\/schema\/logo\/image\/\"},\"sameAs\":[\"https:\/\/facebook.com\/RaspberryPiDanmark\",\"https:\/\/x.com\/raspberrypidk\",\"https:\/\/instagram.com\/raspberrypi.dk\"]}]}<\/script>\n<!-- \/ Yoast SEO plugin. -->","yoast_head_json":{"title":"Unicorn HAT HD \u2022 RaspberryPi.dk","robots":{"index":"index","follow":"follow","max-snippet":"max-snippet:-1","max-image-preview":"max-image-preview:large","max-video-preview":"max-video-preview:-1"},"canonical":"https:\/\/raspberrypi.dk\/no\/produkt\/unicorn-hat-hd\/","og_locale":"nb_NO","og_type":"article","og_title":"Unicorn HAT HD \u2022 RaspberryPi.dk","og_description":"Unicorn HAT HD samler 256 RGB LED-er i en 16x16 matrise p\u00e5 en enkelt HAT. H\u00f8yoppl\u00f8selig regnbue!  Den er ideell for stemmebelysning, visuelle effekter, statusindikasjoner eller bare \u00e5 kaste litt farge inn i omgivelsene. Kanskje enda mer komplekse animasjoner, inkludert rullende tekst og lavoppl\u00f8selige videoer?","og_url":"https:\/\/raspberrypi.dk\/no\/produkt\/unicorn-hat-hd\/","og_site_name":"RaspberryPi.dk","article_publisher":"https:\/\/facebook.com\/RaspberryPiDanmark","article_modified_time":"2024-10-26T14:46:02+00:00","og_image":[{"width":800,"height":800,"url":"https:\/\/raspberrypi.dk\/wp-content\/uploads\/2017\/09\/unicorn-hat-1.jpg","type":"image\/jpeg"}],"twitter_card":"summary_large_image","twitter_site":"@raspberrypidk","twitter_misc":{"Ansl. lesetid":"2 minutter"},"schema":{"@context":"https:\/\/schema.org","@graph":[{"@type":"WebPage","@id":"https:\/\/raspberrypi.dk\/no\/produkt\/unicorn-hat-hd\/","url":"https:\/\/raspberrypi.dk\/no\/produkt\/unicorn-hat-hd\/","name":"Unicorn HAT HD \u2022 RaspberryPi.dk","isPartOf":{"@id":"https:\/\/raspberrypi.dk\/no\/#website"},"primaryImageOfPage":{"@id":"https:\/\/raspberrypi.dk\/no\/produkt\/unicorn-hat-hd\/#primaryimage"},"image":{"@id":"https:\/\/raspberrypi.dk\/no\/produkt\/unicorn-hat-hd\/#primaryimage"},"thumbnailUrl":"https:\/\/raspberrypi.dk\/wp-content\/uploads\/2017\/09\/unicorn-hat-1.jpg","datePublished":"2017-09-23T21:30:26+00:00","dateModified":"2024-10-26T14:46:02+00:00","breadcrumb":{"@id":"https:\/\/raspberrypi.dk\/no\/produkt\/unicorn-hat-hd\/#breadcrumb"},"inLanguage":"nb-NO","potentialAction":[{"@type":"ReadAction","target":["https:\/\/raspberrypi.dk\/no\/produkt\/unicorn-hat-hd\/"]}]},{"@type":"ImageObject","inLanguage":"nb-NO","@id":"https:\/\/raspberrypi.dk\/no\/produkt\/unicorn-hat-hd\/#primaryimage","url":"https:\/\/raspberrypi.dk\/wp-content\/uploads\/2017\/09\/unicorn-hat-1.jpg","contentUrl":"https:\/\/raspberrypi.dk\/wp-content\/uploads\/2017\/09\/unicorn-hat-1.jpg","width":800,"height":800,"caption":"pimoroni unicorn hat raspberry pi rgb LEDs"},{"@type":"BreadcrumbList","@id":"https:\/\/raspberrypi.dk\/no\/produkt\/unicorn-hat-hd\/#breadcrumb","itemListElement":[{"@type":"ListItem","position":1,"name":"Hjem","item":"https:\/\/raspberrypi.dk\/no\/raspberry-pi-nettbutikk\/"},{"@type":"ListItem","position":2,"name":"Shop","item":"https:\/\/raspberrypi.dk\/no\/shop-2\/"},{"@type":"ListItem","position":3,"name":"Unicorn HAT HD"}]},{"@type":"WebSite","@id":"https:\/\/raspberrypi.dk\/no\/#website","url":"https:\/\/raspberrypi.dk\/no\/","name":"RaspberryPi.dk","description":"Danmarks f\u00f8rende Raspberry Pi side!","publisher":{"@id":"https:\/\/raspberrypi.dk\/no\/#organization"},"potentialAction":[{"@type":"SearchAction","target":{"@type":"EntryPoint","urlTemplate":"https:\/\/raspberrypi.dk\/no\/?s={search_term_string}"},"query-input":{"@type":"PropertyValueSpecification","valueRequired":true,"valueName":"search_term_string"}}],"inLanguage":"nb-NO"},{"@type":"Organization","@id":"https:\/\/raspberrypi.dk\/no\/#organization","name":"RaspberryPi.dk","url":"https:\/\/raspberrypi.dk\/no\/","logo":{"@type":"ImageObject","inLanguage":"nb-NO","@id":"https:\/\/raspberrypi.dk\/no\/#\/schema\/logo\/image\/","url":"https:\/\/raspberrypi.dk\/wp-content\/uploads\/2017\/05\/RaspberryPidk_logo-2.png","contentUrl":"https:\/\/raspberrypi.dk\/wp-content\/uploads\/2017\/05\/RaspberryPidk_logo-2.png","width":470,"height":110,"caption":"RaspberryPi.dk"},"image":{"@id":"https:\/\/raspberrypi.dk\/no\/#\/schema\/logo\/image\/"},"sameAs":["https:\/\/facebook.com\/RaspberryPiDanmark","https:\/\/x.com\/raspberrypidk","https:\/\/instagram.com\/raspberrypi.dk"]}]}},"_links":{"self":[{"href":"https:\/\/raspberrypi.dk\/no\/wp-json\/wp\/v2\/product\/218936","targetHints":{"allow":["GET"]}}],"collection":[{"href":"https:\/\/raspberrypi.dk\/no\/wp-json\/wp\/v2\/product"}],"about":[{"href":"https:\/\/raspberrypi.dk\/no\/wp-json\/wp\/v2\/types\/product"}],"replies":[{"embeddable":true,"href":"https:\/\/raspberrypi.dk\/no\/wp-json\/wp\/v2\/comments?post=218936"}],"wp:featuredmedia":[{"embeddable":true,"href":"https:\/\/raspberrypi.dk\/no\/wp-json\/wp\/v2\/media\/218937"}],"wp:attachment":[{"href":"https:\/\/raspberrypi.dk\/no\/wp-json\/wp\/v2\/media?parent=218936"}],"wp:term":[{"taxonomy":"product_brand","embeddable":true,"href":"https:\/\/raspberrypi.dk\/no\/wp-json\/wp\/v2\/product_brand?post=218936"},{"taxonomy":"product_cat","embeddable":true,"href":"https:\/\/raspberrypi.dk\/no\/wp-json\/wp\/v2\/product_cat?post=218936"},{"taxonomy":"product_tag","embeddable":true,"href":"https:\/\/raspberrypi.dk\/no\/wp-json\/wp\/v2\/product_tag?post=218936"}],"curies":[{"name":"wp","href":"https:\/\/api.w.org\/{rel}","templated":true}]}}