{"id":219064,"date":"2015-02-02T11:41:49","date_gmt":"2015-02-02T10:41:49","guid":{"rendered":"https:\/\/raspberrypi.dk\/produkt\/raspberry-pi-2-model-b\/"},"modified":"2025-02-08T21:10:14","modified_gmt":"2025-02-08T20:10:14","slug":"raspberry-pi-2-model-b","status":"publish","type":"product","link":"https:\/\/raspberrypi.dk\/no\/produkt\/raspberry-pi-2-model-b\/","title":{"rendered":"Raspberry Pi 2 Model B"},"content":{"rendered":"<p>Raspberry Pi 2 modell B er den 6 ganger raskere versjonen av Raspberry Pi B+. Raspberry Pi 2 kj\u00f8rer Linux \/ Windows 10 og starter opp fra SD-kort (ikke inkludert). Det er en lang rekke bruksmuligheter med Raspberry Pi 2 modell B, og det anbefales ogs\u00e5 \u00e5 kj\u00f8pe ekstra tilbeh\u00f8r som str\u00f8mforsyning, micro SD-kort, kabinett og USB-tilbeh\u00f8r her i butikken.<\/p>\n<p>Du kan lese mye mer om Raspberry Pi 2, grunnlaget bak, prosjekter med datamaskinen p\u00e5 denne siden i form av nyhetsartikler og et sv\u00e6rt aktivt forum.<\/p>\n","protected":false},"excerpt":{"rendered":"<p><strong>Dette er versjon 1.2 med BCM2837.<\/strong> Raspberry Pi 2 Model B:\u00a0Den er 6 ganger raskere enn forgjengeren og har dobbelt s\u00e5 mye minne (RAM) som B+. Videre er den fullstendig bakoverkompatibel med den eksisterende Model B+.<\/p>\n<p><strong>Tekniske spesifikasjoner:<\/strong><\/p>\n<p>Broadcom BCM2837 ARMv7 Quad Core-prosessor (900 MHz)<br \/>\n1 GB SDRAM<br \/>\n40 pin GPIO<br \/>\n4 x USB-porter<br \/>\n4-polet stereoutgang og komposittvideoport<br \/>\nFull st\u00f8rrelse HDMI<br \/>\nCSI-kameraport<br \/>\nDSI skjermport<br \/>\nMicro SD-port<br \/>\nMikro USB-port for str\u00f8m<\/p>\n<p><strong>Raspberry Pi 2 Model B funksjoner:<\/strong><\/p>\n<p>6x raskere &#8211; Broadcom BCM2836 ARMv7 Quad Core-prosessor (900 MHz)<br \/>\nDobbelt minne &#8211; 1 GB SDRAM for st\u00f8rre og raskere programmer<br \/>\nSamme kortoppsett \/ PCB som modell B+<br \/>\nHAT-kompatibel<br \/>\n40 pin GPIO for hobbyprosjekter, de f\u00f8rste 26 pinnene er identiske med de p\u00e5 Model A og Model B.<br \/>\nStr\u00f8m video i 1080p<br \/>\nOpptil 1,2 ampere for USB-portene (krever 2A str\u00f8mforsyning)<br \/>\n10\/100 Ethernet-port<br \/>\nKombinert 4-polet jack<\/p>\n","protected":false},"featured_media":219065,"comment_status":"open","ping_status":"closed","template":"","meta":[],"product_brand":[],"product_cat":[600],"product_tag":[],"class_list":{"0":"post-219064","1":"product","2":"type-product","3":"status-publish","4":"has-post-thumbnail","6":"product_cat-raspberry-pi-modeller-no","8":"first","9":"outofstock","10":"taxable","11":"shipping-taxable","12":"purchasable","13":"product-type-simple"},"composite_virtual":false,"composite_layout":"","composite_add_to_cart_form_location":"","composite_editable_in_cart":false,"composite_sold_individually_context":"","composite_shop_price_calc":"","composite_components":[],"composite_scenarios":[],"bundled_by":[],"bundle_stock_status":"outofstock","bundle_stock_quantity":0,"bundle_virtual":false,"bundle_layout":"","bundle_add_to_cart_form_location":"","bundle_editable_in_cart":false,"bundle_sold_individually_context":"","bundle_item_grouping":"","bundle_min_size":"","bundle_max_size":"","bundle_price":[],"bundled_items":[],"bundle_sell_ids":[],"yoast_head":"<!-- This site is optimized with the Yoast SEO plugin v27.1.1 - https:\/\/yoast.com\/product\/yoast-seo-wordpress\/ -->\n<title>Raspberry Pi 2 Model B \u2022 RaspberryPi.dk<\/title>\n<meta name=\"description\" content=\"Raspberry Pi 2 Model B kan kj\u00f8pes billig p\u00e5 RaspberryPi.dk. Den er 6 ganger raskere og har 1 GB RAM. Offisiell dansk distribut\u00f8r av Raspberry Pi 2.\" \/>\n<meta name=\"robots\" content=\"index, follow, max-snippet:-1, max-image-preview:large, max-video-preview:-1\" \/>\n<link rel=\"canonical\" href=\"https:\/\/raspberrypi.dk\/no\/produkt\/raspberry-pi-2-model-b\/\" \/>\n<meta property=\"og:locale\" content=\"nb_NO\" \/>\n<meta property=\"og:type\" content=\"article\" \/>\n<meta property=\"og:title\" content=\"Raspberry Pi 2 Model B \u2022 RaspberryPi.dk\" \/>\n<meta property=\"og:description\" content=\"Raspberry Pi 2 Model B kan kj\u00f8pes billig p\u00e5 RaspberryPi.dk. Den er 6 ganger raskere og har 1 GB RAM. Offisiell dansk distribut\u00f8r av Raspberry Pi 2.\" \/>\n<meta property=\"og:url\" content=\"https:\/\/raspberrypi.dk\/no\/produkt\/raspberry-pi-2-model-b\/\" \/>\n<meta property=\"og:site_name\" content=\"RaspberryPi.dk\" \/>\n<meta property=\"article:publisher\" content=\"https:\/\/facebook.com\/RaspberryPiDanmark\" \/>\n<meta property=\"article:modified_time\" content=\"2025-02-08T20:10:14+00:00\" \/>\n<meta property=\"og:image\" content=\"https:\/\/raspberrypi.dk\/wp-content\/uploads\/2015\/02\/raspberry-pi-2-model-b.png\" \/>\n\t<meta property=\"og:image:width\" content=\"500\" \/>\n\t<meta property=\"og:image:height\" content=\"500\" \/>\n\t<meta property=\"og:image:type\" content=\"image\/png\" \/>\n<meta name=\"twitter:card\" content=\"summary_large_image\" \/>\n<meta name=\"twitter:site\" content=\"@raspberrypidk\" \/>\n<meta name=\"twitter:label1\" content=\"Ansl. lesetid\" \/>\n\t<meta name=\"twitter:data1\" content=\"1 minutt\" \/>\n<script type=\"application\/ld+json\" class=\"yoast-schema-graph\">{\"@context\":\"https:\/\/schema.org\",\"@graph\":[{\"@type\":\"WebPage\",\"@id\":\"https:\/\/raspberrypi.dk\/no\/produkt\/raspberry-pi-2-model-b\/\",\"url\":\"https:\/\/raspberrypi.dk\/no\/produkt\/raspberry-pi-2-model-b\/\",\"name\":\"Raspberry Pi 2 Model B \u2022 RaspberryPi.dk\",\"isPartOf\":{\"@id\":\"https:\/\/raspberrypi.dk\/no\/#website\"},\"primaryImageOfPage\":{\"@id\":\"https:\/\/raspberrypi.dk\/no\/produkt\/raspberry-pi-2-model-b\/#primaryimage\"},\"image\":{\"@id\":\"https:\/\/raspberrypi.dk\/no\/produkt\/raspberry-pi-2-model-b\/#primaryimage\"},\"thumbnailUrl\":\"https:\/\/raspberrypi.dk\/wp-content\/uploads\/2015\/02\/raspberry-pi-2-model-b.png\",\"datePublished\":\"2015-02-02T10:41:49+00:00\",\"dateModified\":\"2025-02-08T20:10:14+00:00\",\"description\":\"Raspberry Pi 2 Model B kan kj\u00f8pes billig p\u00e5 RaspberryPi.dk. Den er 6 ganger raskere og har 1 GB RAM. Offisiell dansk distribut\u00f8r av Raspberry Pi 2.\",\"breadcrumb\":{\"@id\":\"https:\/\/raspberrypi.dk\/no\/produkt\/raspberry-pi-2-model-b\/#breadcrumb\"},\"inLanguage\":\"nb-NO\",\"potentialAction\":[{\"@type\":\"ReadAction\",\"target\":[\"https:\/\/raspberrypi.dk\/no\/produkt\/raspberry-pi-2-model-b\/\"]}]},{\"@type\":\"ImageObject\",\"inLanguage\":\"nb-NO\",\"@id\":\"https:\/\/raspberrypi.dk\/no\/produkt\/raspberry-pi-2-model-b\/#primaryimage\",\"url\":\"https:\/\/raspberrypi.dk\/wp-content\/uploads\/2015\/02\/raspberry-pi-2-model-b.png\",\"contentUrl\":\"https:\/\/raspberrypi.dk\/wp-content\/uploads\/2015\/02\/raspberry-pi-2-model-b.png\",\"width\":500,\"height\":500},{\"@type\":\"BreadcrumbList\",\"@id\":\"https:\/\/raspberrypi.dk\/no\/produkt\/raspberry-pi-2-model-b\/#breadcrumb\",\"itemListElement\":[{\"@type\":\"ListItem\",\"position\":1,\"name\":\"Hjem\",\"item\":\"https:\/\/raspberrypi.dk\/no\/raspberry-pi-nettbutikk\/\"},{\"@type\":\"ListItem\",\"position\":2,\"name\":\"Shop\",\"item\":\"https:\/\/raspberrypi.dk\/no\/shop-2\/\"},{\"@type\":\"ListItem\",\"position\":3,\"name\":\"Raspberry Pi 2 Model B\"}]},{\"@type\":\"WebSite\",\"@id\":\"https:\/\/raspberrypi.dk\/no\/#website\",\"url\":\"https:\/\/raspberrypi.dk\/no\/\",\"name\":\"RaspberryPi.dk\",\"description\":\"Danmarks f\u00f8rende Raspberry Pi side!\",\"publisher\":{\"@id\":\"https:\/\/raspberrypi.dk\/no\/#organization\"},\"potentialAction\":[{\"@type\":\"SearchAction\",\"target\":{\"@type\":\"EntryPoint\",\"urlTemplate\":\"https:\/\/raspberrypi.dk\/no\/?s={search_term_string}\"},\"query-input\":{\"@type\":\"PropertyValueSpecification\",\"valueRequired\":true,\"valueName\":\"search_term_string\"}}],\"inLanguage\":\"nb-NO\"},{\"@type\":\"Organization\",\"@id\":\"https:\/\/raspberrypi.dk\/no\/#organization\",\"name\":\"RaspberryPi.dk\",\"url\":\"https:\/\/raspberrypi.dk\/no\/\",\"logo\":{\"@type\":\"ImageObject\",\"inLanguage\":\"nb-NO\",\"@id\":\"https:\/\/raspberrypi.dk\/no\/#\/schema\/logo\/image\/\",\"url\":\"https:\/\/raspberrypi.dk\/wp-content\/uploads\/2017\/05\/RaspberryPidk_logo-2.png\",\"contentUrl\":\"https:\/\/raspberrypi.dk\/wp-content\/uploads\/2017\/05\/RaspberryPidk_logo-2.png\",\"width\":470,\"height\":110,\"caption\":\"RaspberryPi.dk\"},\"image\":{\"@id\":\"https:\/\/raspberrypi.dk\/no\/#\/schema\/logo\/image\/\"},\"sameAs\":[\"https:\/\/facebook.com\/RaspberryPiDanmark\",\"https:\/\/x.com\/raspberrypidk\",\"https:\/\/instagram.com\/raspberrypi.dk\"]}]}<\/script>\n<!-- \/ Yoast SEO plugin. -->","yoast_head_json":{"title":"Raspberry Pi 2 Model B \u2022 RaspberryPi.dk","description":"Raspberry Pi 2 Model B kan kj\u00f8pes billig p\u00e5 RaspberryPi.dk. Den er 6 ganger raskere og har 1 GB RAM. Offisiell dansk distribut\u00f8r av Raspberry Pi 2.","robots":{"index":"index","follow":"follow","max-snippet":"max-snippet:-1","max-image-preview":"max-image-preview:large","max-video-preview":"max-video-preview:-1"},"canonical":"https:\/\/raspberrypi.dk\/no\/produkt\/raspberry-pi-2-model-b\/","og_locale":"nb_NO","og_type":"article","og_title":"Raspberry Pi 2 Model B \u2022 RaspberryPi.dk","og_description":"Raspberry Pi 2 Model B kan kj\u00f8pes billig p\u00e5 RaspberryPi.dk. Den er 6 ganger raskere og har 1 GB RAM. Offisiell dansk distribut\u00f8r av Raspberry Pi 2.","og_url":"https:\/\/raspberrypi.dk\/no\/produkt\/raspberry-pi-2-model-b\/","og_site_name":"RaspberryPi.dk","article_publisher":"https:\/\/facebook.com\/RaspberryPiDanmark","article_modified_time":"2025-02-08T20:10:14+00:00","og_image":[{"width":500,"height":500,"url":"https:\/\/raspberrypi.dk\/wp-content\/uploads\/2015\/02\/raspberry-pi-2-model-b.png","type":"image\/png"}],"twitter_card":"summary_large_image","twitter_site":"@raspberrypidk","twitter_misc":{"Ansl. lesetid":"1 minutt"},"schema":{"@context":"https:\/\/schema.org","@graph":[{"@type":"WebPage","@id":"https:\/\/raspberrypi.dk\/no\/produkt\/raspberry-pi-2-model-b\/","url":"https:\/\/raspberrypi.dk\/no\/produkt\/raspberry-pi-2-model-b\/","name":"Raspberry Pi 2 Model B \u2022 RaspberryPi.dk","isPartOf":{"@id":"https:\/\/raspberrypi.dk\/no\/#website"},"primaryImageOfPage":{"@id":"https:\/\/raspberrypi.dk\/no\/produkt\/raspberry-pi-2-model-b\/#primaryimage"},"image":{"@id":"https:\/\/raspberrypi.dk\/no\/produkt\/raspberry-pi-2-model-b\/#primaryimage"},"thumbnailUrl":"https:\/\/raspberrypi.dk\/wp-content\/uploads\/2015\/02\/raspberry-pi-2-model-b.png","datePublished":"2015-02-02T10:41:49+00:00","dateModified":"2025-02-08T20:10:14+00:00","description":"Raspberry Pi 2 Model B kan kj\u00f8pes billig p\u00e5 RaspberryPi.dk. Den er 6 ganger raskere og har 1 GB RAM. Offisiell dansk distribut\u00f8r av Raspberry Pi 2.","breadcrumb":{"@id":"https:\/\/raspberrypi.dk\/no\/produkt\/raspberry-pi-2-model-b\/#breadcrumb"},"inLanguage":"nb-NO","potentialAction":[{"@type":"ReadAction","target":["https:\/\/raspberrypi.dk\/no\/produkt\/raspberry-pi-2-model-b\/"]}]},{"@type":"ImageObject","inLanguage":"nb-NO","@id":"https:\/\/raspberrypi.dk\/no\/produkt\/raspberry-pi-2-model-b\/#primaryimage","url":"https:\/\/raspberrypi.dk\/wp-content\/uploads\/2015\/02\/raspberry-pi-2-model-b.png","contentUrl":"https:\/\/raspberrypi.dk\/wp-content\/uploads\/2015\/02\/raspberry-pi-2-model-b.png","width":500,"height":500},{"@type":"BreadcrumbList","@id":"https:\/\/raspberrypi.dk\/no\/produkt\/raspberry-pi-2-model-b\/#breadcrumb","itemListElement":[{"@type":"ListItem","position":1,"name":"Hjem","item":"https:\/\/raspberrypi.dk\/no\/raspberry-pi-nettbutikk\/"},{"@type":"ListItem","position":2,"name":"Shop","item":"https:\/\/raspberrypi.dk\/no\/shop-2\/"},{"@type":"ListItem","position":3,"name":"Raspberry Pi 2 Model B"}]},{"@type":"WebSite","@id":"https:\/\/raspberrypi.dk\/no\/#website","url":"https:\/\/raspberrypi.dk\/no\/","name":"RaspberryPi.dk","description":"Danmarks f\u00f8rende Raspberry Pi side!","publisher":{"@id":"https:\/\/raspberrypi.dk\/no\/#organization"},"potentialAction":[{"@type":"SearchAction","target":{"@type":"EntryPoint","urlTemplate":"https:\/\/raspberrypi.dk\/no\/?s={search_term_string}"},"query-input":{"@type":"PropertyValueSpecification","valueRequired":true,"valueName":"search_term_string"}}],"inLanguage":"nb-NO"},{"@type":"Organization","@id":"https:\/\/raspberrypi.dk\/no\/#organization","name":"RaspberryPi.dk","url":"https:\/\/raspberrypi.dk\/no\/","logo":{"@type":"ImageObject","inLanguage":"nb-NO","@id":"https:\/\/raspberrypi.dk\/no\/#\/schema\/logo\/image\/","url":"https:\/\/raspberrypi.dk\/wp-content\/uploads\/2017\/05\/RaspberryPidk_logo-2.png","contentUrl":"https:\/\/raspberrypi.dk\/wp-content\/uploads\/2017\/05\/RaspberryPidk_logo-2.png","width":470,"height":110,"caption":"RaspberryPi.dk"},"image":{"@id":"https:\/\/raspberrypi.dk\/no\/#\/schema\/logo\/image\/"},"sameAs":["https:\/\/facebook.com\/RaspberryPiDanmark","https:\/\/x.com\/raspberrypidk","https:\/\/instagram.com\/raspberrypi.dk"]}]}},"_links":{"self":[{"href":"https:\/\/raspberrypi.dk\/no\/wp-json\/wp\/v2\/product\/219064","targetHints":{"allow":["GET"]}}],"collection":[{"href":"https:\/\/raspberrypi.dk\/no\/wp-json\/wp\/v2\/product"}],"about":[{"href":"https:\/\/raspberrypi.dk\/no\/wp-json\/wp\/v2\/types\/product"}],"replies":[{"embeddable":true,"href":"https:\/\/raspberrypi.dk\/no\/wp-json\/wp\/v2\/comments?post=219064"}],"wp:featuredmedia":[{"embeddable":true,"href":"https:\/\/raspberrypi.dk\/no\/wp-json\/wp\/v2\/media\/219065"}],"wp:attachment":[{"href":"https:\/\/raspberrypi.dk\/no\/wp-json\/wp\/v2\/media?parent=219064"}],"wp:term":[{"taxonomy":"product_brand","embeddable":true,"href":"https:\/\/raspberrypi.dk\/no\/wp-json\/wp\/v2\/product_brand?post=219064"},{"taxonomy":"product_cat","embeddable":true,"href":"https:\/\/raspberrypi.dk\/no\/wp-json\/wp\/v2\/product_cat?post=219064"},{"taxonomy":"product_tag","embeddable":true,"href":"https:\/\/raspberrypi.dk\/no\/wp-json\/wp\/v2\/product_tag?post=219064"}],"curies":[{"name":"wp","href":"https:\/\/api.w.org\/{rel}","templated":true}]}}