{"id":219070,"date":"2014-07-14T08:53:26","date_gmt":"2014-07-14T06:53:26","guid":{"rendered":"https:\/\/raspberrypi.dk\/produkt\/raspberry-pi-1-model-b\/"},"modified":"2024-04-15T19:23:40","modified_gmt":"2024-04-15T17:23:40","slug":"raspberry-pi-1-model-b","status":"publish","type":"product","link":"https:\/\/raspberrypi.dk\/no\/produkt\/raspberry-pi-1-model-b\/","title":{"rendered":"Raspberry Pi 1 Model B+"},"content":{"rendered":"<p>Produktet er <strong>Raspberry Pi model B+<\/strong> (uttales Raspberry Pi model B plus). Sammenlignet med Model B har Model B+ en ny tavlelayout som gir f\u00f8lgende fordeler:<\/p>\n<p>&#8211; Mer energieffektiv\/bruker mindre str\u00f8m (600 mA i motsetning til 750 mA p\u00e5 modell B)<br \/>\n&#8211; St\u00f8tter et smartere bordoppsett, inkludert en utvidet GPIO-header (40 pinner i stedet for 26)<br \/>\n&#8211; 2 ekstra USB-porter (totalt 4) og en ny 4-polet kontakt, som erstatter den eksisterende analoge og kompositt videoporten p\u00e5 modell B<\/p>\n<p>Raspberry Pi modell B+ (modell B pluss) er navnet p\u00e5 den oppgraderte versjonen av Model B av den fantastiske minidatamaskinen p\u00e5 st\u00f8rrelse med et kredittkort. Datamaskinen kj\u00f8rer Linux og starter opp fra et SD-kort (ikke inkludert). Det er en lang rekke bruksmuligheter med Raspberry Pi modell B+, og det anbefales ogs\u00e5 \u00e5 kj\u00f8pe ekstra tilbeh\u00f8r som str\u00f8mforsyning, micro SD-kort, kabinett og USB-tilbeh\u00f8r her i butikken.<\/p>\n<p>Du kan lese mye mer om minimaskinen, grunnlaget bak, prosjekter med datamaskinen p\u00e5 denne siden i form av nyhetsartikler og et sv\u00e6rt aktivt forum.<\/p>\n","protected":false},"excerpt":{"rendered":"<p><strong>Spesifikasjoner for Raspberry Pi modell B+<\/strong><\/p>\n<p>700MHz Broadcom BCM2835 CPU med 512MB RAM<br \/>\n40 pins utvidet GPIO<br \/>\n4 x USB 2-porter<br \/>\n4-pinners stereoutgang og komposittvideoport<br \/>\nHDMI<br \/>\nCSI-kameraport for \u00e5 koble til Raspberry Pi-kamera<br \/>\nDSI-skjermport for \u00e5 koble til Raspberry Pi-ber\u00f8ringsskjermen<br \/>\nMicro SD-port for \u00e5 laste operativsystemet og lagre data<br \/>\nMikro USB-port for str\u00f8m<\/p>\n","protected":false},"featured_media":219072,"comment_status":"open","ping_status":"closed","template":"","meta":[],"product_brand":[],"product_cat":[600],"product_tag":[],"class_list":{"0":"post-219070","1":"product","2":"type-product","3":"status-publish","4":"has-post-thumbnail","6":"product_cat-raspberry-pi-modeller-no","8":"first","9":"outofstock","10":"taxable","11":"shipping-taxable","12":"purchasable","13":"product-type-simple"},"composite_virtual":false,"composite_layout":"","composite_add_to_cart_form_location":"","composite_editable_in_cart":false,"composite_sold_individually_context":"","composite_shop_price_calc":"","composite_components":[],"composite_scenarios":[],"bundled_by":[],"bundle_stock_status":"outofstock","bundle_stock_quantity":0,"bundle_virtual":false,"bundle_layout":"","bundle_add_to_cart_form_location":"","bundle_editable_in_cart":false,"bundle_sold_individually_context":"","bundle_item_grouping":"","bundle_min_size":"","bundle_max_size":"","bundle_price":[],"bundled_items":[],"bundle_sell_ids":[],"yoast_head":"<!-- This site is optimized with the Yoast SEO plugin v27.1.1 - https:\/\/yoast.com\/product\/yoast-seo-wordpress\/ -->\n<title>Raspberry Pi 1 Model B+ \u2022 RaspberryPi.dk<\/title>\n<meta name=\"robots\" content=\"index, follow, max-snippet:-1, max-image-preview:large, max-video-preview:-1\" \/>\n<link rel=\"canonical\" href=\"https:\/\/raspberrypi.dk\/no\/produkt\/raspberry-pi-1-model-b\/\" \/>\n<meta property=\"og:locale\" content=\"nb_NO\" \/>\n<meta property=\"og:type\" content=\"article\" \/>\n<meta property=\"og:title\" content=\"Raspberry Pi 1 Model B+ \u2022 RaspberryPi.dk\" \/>\n<meta property=\"og:description\" content=\"Spesifikasjoner for Raspberry Pi modell B+  700MHz Broadcom BCM2835 CPU med 512MB RAM 40 pins utvidet GPIO 4 x USB 2-porter 4-pinners stereoutgang og komposittvideoport HDMI CSI-kameraport for \u00e5 koble til Raspberry Pi-kamera DSI-skjermport for \u00e5 koble til Raspberry Pi-ber\u00f8ringsskjermen Micro SD-port for \u00e5 laste operativsystemet og lagre data Mikro USB-port for str\u00f8m\" \/>\n<meta property=\"og:url\" content=\"https:\/\/raspberrypi.dk\/no\/produkt\/raspberry-pi-1-model-b\/\" \/>\n<meta property=\"og:site_name\" content=\"RaspberryPi.dk\" \/>\n<meta property=\"article:publisher\" content=\"https:\/\/facebook.com\/RaspberryPiDanmark\" \/>\n<meta property=\"article:modified_time\" content=\"2024-04-15T17:23:40+00:00\" \/>\n<meta property=\"og:image\" content=\"https:\/\/raspberrypi.dk\/wp-content\/uploads\/2014\/07\/raspberry-pi-model-b-plus1.png\" \/>\n\t<meta property=\"og:image:width\" content=\"500\" \/>\n\t<meta property=\"og:image:height\" content=\"500\" \/>\n\t<meta property=\"og:image:type\" content=\"image\/png\" \/>\n<meta name=\"twitter:card\" content=\"summary_large_image\" \/>\n<meta name=\"twitter:site\" content=\"@raspberrypidk\" \/>\n<meta name=\"twitter:label1\" content=\"Ansl. lesetid\" \/>\n\t<meta name=\"twitter:data1\" content=\"2 minutter\" \/>\n<script type=\"application\/ld+json\" class=\"yoast-schema-graph\">{\"@context\":\"https:\/\/schema.org\",\"@graph\":[{\"@type\":\"WebPage\",\"@id\":\"https:\/\/raspberrypi.dk\/no\/produkt\/raspberry-pi-1-model-b\/\",\"url\":\"https:\/\/raspberrypi.dk\/no\/produkt\/raspberry-pi-1-model-b\/\",\"name\":\"Raspberry Pi 1 Model B+ \u2022 RaspberryPi.dk\",\"isPartOf\":{\"@id\":\"https:\/\/raspberrypi.dk\/no\/#website\"},\"primaryImageOfPage\":{\"@id\":\"https:\/\/raspberrypi.dk\/no\/produkt\/raspberry-pi-1-model-b\/#primaryimage\"},\"image\":{\"@id\":\"https:\/\/raspberrypi.dk\/no\/produkt\/raspberry-pi-1-model-b\/#primaryimage\"},\"thumbnailUrl\":\"https:\/\/raspberrypi.dk\/wp-content\/uploads\/2014\/07\/raspberry-pi-model-b-plus1.png\",\"datePublished\":\"2014-07-14T06:53:26+00:00\",\"dateModified\":\"2024-04-15T17:23:40+00:00\",\"breadcrumb\":{\"@id\":\"https:\/\/raspberrypi.dk\/no\/produkt\/raspberry-pi-1-model-b\/#breadcrumb\"},\"inLanguage\":\"nb-NO\",\"potentialAction\":[{\"@type\":\"ReadAction\",\"target\":[\"https:\/\/raspberrypi.dk\/no\/produkt\/raspberry-pi-1-model-b\/\"]}]},{\"@type\":\"ImageObject\",\"inLanguage\":\"nb-NO\",\"@id\":\"https:\/\/raspberrypi.dk\/no\/produkt\/raspberry-pi-1-model-b\/#primaryimage\",\"url\":\"https:\/\/raspberrypi.dk\/wp-content\/uploads\/2014\/07\/raspberry-pi-model-b-plus1.png\",\"contentUrl\":\"https:\/\/raspberrypi.dk\/wp-content\/uploads\/2014\/07\/raspberry-pi-model-b-plus1.png\",\"width\":500,\"height\":500},{\"@type\":\"BreadcrumbList\",\"@id\":\"https:\/\/raspberrypi.dk\/no\/produkt\/raspberry-pi-1-model-b\/#breadcrumb\",\"itemListElement\":[{\"@type\":\"ListItem\",\"position\":1,\"name\":\"Hjem\",\"item\":\"https:\/\/raspberrypi.dk\/no\/raspberry-pi-nettbutikk\/\"},{\"@type\":\"ListItem\",\"position\":2,\"name\":\"Shop\",\"item\":\"https:\/\/raspberrypi.dk\/no\/shop-2\/\"},{\"@type\":\"ListItem\",\"position\":3,\"name\":\"Raspberry Pi 1 Model B+\"}]},{\"@type\":\"WebSite\",\"@id\":\"https:\/\/raspberrypi.dk\/no\/#website\",\"url\":\"https:\/\/raspberrypi.dk\/no\/\",\"name\":\"RaspberryPi.dk\",\"description\":\"Danmarks f\u00f8rende Raspberry Pi side!\",\"publisher\":{\"@id\":\"https:\/\/raspberrypi.dk\/no\/#organization\"},\"potentialAction\":[{\"@type\":\"SearchAction\",\"target\":{\"@type\":\"EntryPoint\",\"urlTemplate\":\"https:\/\/raspberrypi.dk\/no\/?s={search_term_string}\"},\"query-input\":{\"@type\":\"PropertyValueSpecification\",\"valueRequired\":true,\"valueName\":\"search_term_string\"}}],\"inLanguage\":\"nb-NO\"},{\"@type\":\"Organization\",\"@id\":\"https:\/\/raspberrypi.dk\/no\/#organization\",\"name\":\"RaspberryPi.dk\",\"url\":\"https:\/\/raspberrypi.dk\/no\/\",\"logo\":{\"@type\":\"ImageObject\",\"inLanguage\":\"nb-NO\",\"@id\":\"https:\/\/raspberrypi.dk\/no\/#\/schema\/logo\/image\/\",\"url\":\"https:\/\/raspberrypi.dk\/wp-content\/uploads\/2017\/05\/RaspberryPidk_logo-2.png\",\"contentUrl\":\"https:\/\/raspberrypi.dk\/wp-content\/uploads\/2017\/05\/RaspberryPidk_logo-2.png\",\"width\":470,\"height\":110,\"caption\":\"RaspberryPi.dk\"},\"image\":{\"@id\":\"https:\/\/raspberrypi.dk\/no\/#\/schema\/logo\/image\/\"},\"sameAs\":[\"https:\/\/facebook.com\/RaspberryPiDanmark\",\"https:\/\/x.com\/raspberrypidk\",\"https:\/\/instagram.com\/raspberrypi.dk\"]}]}<\/script>\n<!-- \/ Yoast SEO plugin. -->","yoast_head_json":{"title":"Raspberry Pi 1 Model B+ \u2022 RaspberryPi.dk","robots":{"index":"index","follow":"follow","max-snippet":"max-snippet:-1","max-image-preview":"max-image-preview:large","max-video-preview":"max-video-preview:-1"},"canonical":"https:\/\/raspberrypi.dk\/no\/produkt\/raspberry-pi-1-model-b\/","og_locale":"nb_NO","og_type":"article","og_title":"Raspberry Pi 1 Model B+ \u2022 RaspberryPi.dk","og_description":"Spesifikasjoner for Raspberry Pi modell B+  700MHz Broadcom BCM2835 CPU med 512MB RAM 40 pins utvidet GPIO 4 x USB 2-porter 4-pinners stereoutgang og komposittvideoport HDMI CSI-kameraport for \u00e5 koble til Raspberry Pi-kamera DSI-skjermport for \u00e5 koble til Raspberry Pi-ber\u00f8ringsskjermen Micro SD-port for \u00e5 laste operativsystemet og lagre data Mikro USB-port for str\u00f8m","og_url":"https:\/\/raspberrypi.dk\/no\/produkt\/raspberry-pi-1-model-b\/","og_site_name":"RaspberryPi.dk","article_publisher":"https:\/\/facebook.com\/RaspberryPiDanmark","article_modified_time":"2024-04-15T17:23:40+00:00","og_image":[{"width":500,"height":500,"url":"https:\/\/raspberrypi.dk\/wp-content\/uploads\/2014\/07\/raspberry-pi-model-b-plus1.png","type":"image\/png"}],"twitter_card":"summary_large_image","twitter_site":"@raspberrypidk","twitter_misc":{"Ansl. lesetid":"2 minutter"},"schema":{"@context":"https:\/\/schema.org","@graph":[{"@type":"WebPage","@id":"https:\/\/raspberrypi.dk\/no\/produkt\/raspberry-pi-1-model-b\/","url":"https:\/\/raspberrypi.dk\/no\/produkt\/raspberry-pi-1-model-b\/","name":"Raspberry Pi 1 Model B+ \u2022 RaspberryPi.dk","isPartOf":{"@id":"https:\/\/raspberrypi.dk\/no\/#website"},"primaryImageOfPage":{"@id":"https:\/\/raspberrypi.dk\/no\/produkt\/raspberry-pi-1-model-b\/#primaryimage"},"image":{"@id":"https:\/\/raspberrypi.dk\/no\/produkt\/raspberry-pi-1-model-b\/#primaryimage"},"thumbnailUrl":"https:\/\/raspberrypi.dk\/wp-content\/uploads\/2014\/07\/raspberry-pi-model-b-plus1.png","datePublished":"2014-07-14T06:53:26+00:00","dateModified":"2024-04-15T17:23:40+00:00","breadcrumb":{"@id":"https:\/\/raspberrypi.dk\/no\/produkt\/raspberry-pi-1-model-b\/#breadcrumb"},"inLanguage":"nb-NO","potentialAction":[{"@type":"ReadAction","target":["https:\/\/raspberrypi.dk\/no\/produkt\/raspberry-pi-1-model-b\/"]}]},{"@type":"ImageObject","inLanguage":"nb-NO","@id":"https:\/\/raspberrypi.dk\/no\/produkt\/raspberry-pi-1-model-b\/#primaryimage","url":"https:\/\/raspberrypi.dk\/wp-content\/uploads\/2014\/07\/raspberry-pi-model-b-plus1.png","contentUrl":"https:\/\/raspberrypi.dk\/wp-content\/uploads\/2014\/07\/raspberry-pi-model-b-plus1.png","width":500,"height":500},{"@type":"BreadcrumbList","@id":"https:\/\/raspberrypi.dk\/no\/produkt\/raspberry-pi-1-model-b\/#breadcrumb","itemListElement":[{"@type":"ListItem","position":1,"name":"Hjem","item":"https:\/\/raspberrypi.dk\/no\/raspberry-pi-nettbutikk\/"},{"@type":"ListItem","position":2,"name":"Shop","item":"https:\/\/raspberrypi.dk\/no\/shop-2\/"},{"@type":"ListItem","position":3,"name":"Raspberry Pi 1 Model B+"}]},{"@type":"WebSite","@id":"https:\/\/raspberrypi.dk\/no\/#website","url":"https:\/\/raspberrypi.dk\/no\/","name":"RaspberryPi.dk","description":"Danmarks f\u00f8rende Raspberry Pi side!","publisher":{"@id":"https:\/\/raspberrypi.dk\/no\/#organization"},"potentialAction":[{"@type":"SearchAction","target":{"@type":"EntryPoint","urlTemplate":"https:\/\/raspberrypi.dk\/no\/?s={search_term_string}"},"query-input":{"@type":"PropertyValueSpecification","valueRequired":true,"valueName":"search_term_string"}}],"inLanguage":"nb-NO"},{"@type":"Organization","@id":"https:\/\/raspberrypi.dk\/no\/#organization","name":"RaspberryPi.dk","url":"https:\/\/raspberrypi.dk\/no\/","logo":{"@type":"ImageObject","inLanguage":"nb-NO","@id":"https:\/\/raspberrypi.dk\/no\/#\/schema\/logo\/image\/","url":"https:\/\/raspberrypi.dk\/wp-content\/uploads\/2017\/05\/RaspberryPidk_logo-2.png","contentUrl":"https:\/\/raspberrypi.dk\/wp-content\/uploads\/2017\/05\/RaspberryPidk_logo-2.png","width":470,"height":110,"caption":"RaspberryPi.dk"},"image":{"@id":"https:\/\/raspberrypi.dk\/no\/#\/schema\/logo\/image\/"},"sameAs":["https:\/\/facebook.com\/RaspberryPiDanmark","https:\/\/x.com\/raspberrypidk","https:\/\/instagram.com\/raspberrypi.dk"]}]}},"_links":{"self":[{"href":"https:\/\/raspberrypi.dk\/no\/wp-json\/wp\/v2\/product\/219070","targetHints":{"allow":["GET"]}}],"collection":[{"href":"https:\/\/raspberrypi.dk\/no\/wp-json\/wp\/v2\/product"}],"about":[{"href":"https:\/\/raspberrypi.dk\/no\/wp-json\/wp\/v2\/types\/product"}],"replies":[{"embeddable":true,"href":"https:\/\/raspberrypi.dk\/no\/wp-json\/wp\/v2\/comments?post=219070"}],"wp:featuredmedia":[{"embeddable":true,"href":"https:\/\/raspberrypi.dk\/no\/wp-json\/wp\/v2\/media\/219072"}],"wp:attachment":[{"href":"https:\/\/raspberrypi.dk\/no\/wp-json\/wp\/v2\/media?parent=219070"}],"wp:term":[{"taxonomy":"product_brand","embeddable":true,"href":"https:\/\/raspberrypi.dk\/no\/wp-json\/wp\/v2\/product_brand?post=219070"},{"taxonomy":"product_cat","embeddable":true,"href":"https:\/\/raspberrypi.dk\/no\/wp-json\/wp\/v2\/product_cat?post=219070"},{"taxonomy":"product_tag","embeddable":true,"href":"https:\/\/raspberrypi.dk\/no\/wp-json\/wp\/v2\/product_tag?post=219070"}],"curies":[{"name":"wp","href":"https:\/\/api.w.org\/{rel}","templated":true}]}}