{"id":222449,"date":"2024-03-05T10:38:16","date_gmt":"2024-03-05T09:38:16","guid":{"rendered":"https:\/\/raspberrypi.dk\/produkt\/222449\/"},"modified":"2026-03-03T19:33:29","modified_gmt":"2026-03-03T18:33:29","slug":"222449","status":"publish","type":"product","link":"https:\/\/raspberrypi.dk\/no\/produkt\/222449\/","title":{"rendered":"USB til UART Debugger Module til Raspberry Pi 5"},"content":{"rendered":"<h3>In the box<\/h3>\n<p><strong>Weight:\u00a0<\/strong>0.014 kg<\/p>\n<div class=\"std\">\n<ol>\n<li>Pi UART Debugger x1<\/li>\n<li>6-pin squid cable x1<\/li>\n<li>SH1.0 connector to 3PIN cable ~100mm x1<\/li>\n<li>Dual SH1.0 connector 3PIN cable ~100mm x1<\/li>\n<\/ol>\n<div class=\"imgTextWrap\">\n<div>1<img decoding=\"async\" src=\"https:\/\/www.waveshare.com\/img\/devkit\/accBoard\/Pi-UART-Debugger\/Pi-UART-Debugger-1_220.jpg\" \/><\/div>\n<div>2<a href=\"https:\/\/www.waveshare.com\/img\/devkit\/general\/6-pin_sensors_wire-2.jpg\"><img decoding=\"async\" src=\"https:\/\/www.waveshare.com\/img\/devkit\/general\/6-pin_sensors_wire-2_93.jpg\" \/><\/a><\/div>\n<div>3<a href=\"https:\/\/www.waveshare.com\/img\/devkit\/general\/SH1.0-3PIN-to-DIY-wire-100mm.jpg\"><img decoding=\"async\" src=\"https:\/\/www.waveshare.com\/img\/devkit\/general\/SH1.0-3PIN-to-DIY-wire-100mm_93.jpg\" \/><\/a><\/div>\n<div>4<a href=\"https:\/\/www.waveshare.com\/img\/devkit\/general\/SH1.0-3PIN-wire-opposite-100mm.jpg\"><img decoding=\"async\" src=\"https:\/\/www.waveshare.com\/img\/devkit\/general\/SH1.0-3PIN-wire-opposite-100mm_93.jpg\" \/><\/a><\/div>\n<\/div>\n<\/div>\n<div>\n<div class=\"pdT\">\n<div><\/div>\n<h3 class=\"richTitle\">UART Debugger Module For Raspberry Pi 5<\/h3>\n<p class=\"richDesc hilitBlock2 round1234\">Designed For Raspberry Pi 5<\/p>\n<p class=\"richDesc\">Stable Transmission | Multi-Device Applicable | Multi-System Compatible<\/p>\n<p><img decoding=\"async\" src=\"https:\/\/www.waveshare.com\/img\/devkit\/accBoard\/Pi-UART-Debugger\/Pi-UART-Debugger-details-1.jpg\" \/><\/p>\n<\/div>\n<div class=\"pdT\">\n<h3 class=\"richTitle\">Pi5 UART Debugging<\/h3>\n<p class=\"richDesc\">Suitable For Raspberry Pi 5, Supports Multiple Connection Methods<\/p>\n<div><\/div>\n<p><img decoding=\"async\" src=\"https:\/\/www.waveshare.com\/img\/devkit\/accBoard\/Pi-UART-Debugger\/Pi-UART-Debugger-details-2.jpg\" \/><\/p>\n<p class=\"richDesc\">Connect To PI5 UART Debug Connector Via SH1.0 3PIN Cable<\/p>\n<div><\/div>\n<div class=\"richGridWrap richGridWrap-2c richGridWrap-valignTop mgnTB\">\n<div>\n<p><img decoding=\"async\" src=\"https:\/\/www.waveshare.com\/img\/devkit\/accBoard\/Pi-UART-Debugger\/Pi-UART-Debugger-details-2-1.jpg\" \/><\/p>\n<p class=\"richDesc\">Connect Onboard 6PIN Header To PI5 GPIO UART Interface Via 6PIN Cable<\/p>\n<\/div>\n<div>\n<p><img decoding=\"async\" src=\"https:\/\/www.waveshare.com\/img\/devkit\/accBoard\/Pi-UART-Debugger\/Pi-UART-Debugger-details-2-2.jpg\" \/><\/p>\n<p class=\"richDesc\">Connect Onboard 6PIN Header To PI5 UART Debug Connector Via SH1.0 To 3PIN Cable<\/p>\n<\/div>\n<\/div>\n<\/div>\n<div>\n<h3 class=\"richTitle\">Features At A Glance<\/h3>\n<div class=\"alignl pdTRBL\">\n<ul>\n<li>Supports Mac, Linux, Android, Windows 7\/8\/8.1\/10\/11<\/li>\n<li>Onboard self-recovery fuse and Transient Voltage Suppressor, anti-overcurrent and anti-overvoltage, anti-surge, anti-static, improves shock proof performance, stable and safe communication performance<\/li>\n<li>Onboard IO protection circuits, anti-surge, anti-static, stable and safe communication performance<\/li>\n<li>Onboard 3.3V and 5V TTL level switch pins for selecting TTL communication level<\/li>\n<li>Supports 3.3V\/5V output (the module is powered by USB, and the onboard jumper should be shorted to 3.3V or 5V accordingly)<\/li>\n<li>Adopts double-sided black immersion gold process, which is durable and has a good look<\/li>\n<\/ul>\n<\/div>\n<\/div>\n<div>\n<h3 class=\"richTitle\">Specifications<\/h3>\n<table class=\"tabSty-2 alignl mgnTB\">\n<tbody>\n<tr>\n<th>HOST INTERFACE<\/th>\n<td>USB<\/td>\n<\/tr>\n<tr>\n<th>DEVICE INTERFACE<\/th>\n<td>UART<\/td>\n<\/tr>\n<tr>\n<th>COMMUNICATION RANGE<\/th>\n<td>50bps ~ 6Mbps<\/td>\n<\/tr>\n<tr>\n<th>USB DEVICE INTERFACE<\/th>\n<td>connector: USB Type-A;<br \/>\nprotection: self-recovery fuse, ESD protection<\/td>\n<\/tr>\n<tr>\n<th>UART INTERFACE<\/th>\n<td>connector: 6pin right-angle pinheader; 3pin connector<br \/>\nprotection: IO protection diode<\/td>\n<\/tr>\n<\/tbody>\n<\/table>\n<\/div>\n<div>\n<h3 class=\"richTitle\">Multiple Protection Circuit, Safe And Stable<\/h3>\n<p class=\"richDesc\">Onboard Self-Recovery Fuse And Transient Voltage Suppressor, Prevents Overcurrent And Overvoltage, Improves Shock Proof Performance; Onboard IO Protection Circuit, Anti Surge, Anti-Static, Stable And Safe Communication Performance<\/p>\n<p><img decoding=\"async\" src=\"https:\/\/www.waveshare.com\/img\/devkit\/accBoard\/Pi-UART-Debugger\/Pi-UART-Debugger-details-3.jpg\" \/><\/p>\n<\/div>\n<div>\n<h3 class=\"richTitle\">Multiple Systems Support<\/h3>\n<p class=\"richDesc\">Compatible With Popular Systems Like Win7\/8\/8.1\/10\/11, Mac, Linux, Android&#8230;<\/p>\n<p><img decoding=\"async\" src=\"https:\/\/www.waveshare.com\/img\/devkit\/accBoard\/CH343-USB-UART-Board\/CH343-USB-UART-Board-details-11.jpg\" \/><\/p>\n<\/div>\n<div>\n<h3 class=\"richTitle\">Interface Introduction<\/h3>\n<p><img decoding=\"async\" src=\"https:\/\/www.waveshare.com\/img\/devkit\/accBoard\/Pi-UART-Debugger\/Pi-UART-Debugger-details-5.jpg\" \/><\/p>\n<table class=\"tabSty-2 alignl\">\n<tbody>\n<tr>\n<th colspan=\"2\">INDICATOR DESCRIPTION<\/th>\n<\/tr>\n<tr>\n<td><b>PWR<\/b><\/td>\n<td>Power indicator, turns on when voltage is detected from USB interface<\/td>\n<\/tr>\n<tr>\n<td><b>RXD<\/b><\/td>\n<td>Receiving indicator, turns on when data is sent back from the device interface<\/td>\n<\/tr>\n<tr>\n<td><b>TXD<\/b><\/td>\n<td>Sending indicator, turns on when data is sent from USB<\/td>\n<\/tr>\n<\/tbody>\n<\/table>\n<\/div>\n<div>\n<h3 class=\"richTitle\">Pinouts Definition<\/h3>\n<p><img decoding=\"async\" src=\"https:\/\/www.waveshare.com\/img\/devkit\/accBoard\/Pi-UART-Debugger\/Pi-UART-Debugger-details-9.jpg\" \/><\/p>\n<table class=\"tabSty-2 alignl\">\n<tbody>\n<tr>\n<th>VCC<\/th>\n<td>5V or 3.3V output for external device (configured by jumper)<\/td>\n<\/tr>\n<tr>\n<th>GND<\/th>\n<td>Ground<\/td>\n<\/tr>\n<tr>\n<th>TXD<\/th>\n<td>Connects to MCU.RXD<\/td>\n<\/tr>\n<tr>\n<th>RXD<\/th>\n<td>Connects to MCU.TXD<\/td>\n<\/tr>\n<tr>\n<th>RTS#<\/th>\n<td>Connects to MCU.CTS<\/td>\n<\/tr>\n<tr>\n<th>CTS#<\/th>\n<td>Connects to MCU.RTS<\/td>\n<\/tr>\n<\/tbody>\n<\/table>\n<\/div>\n<div>\n<h3 class=\"richTitle\">Adopts Double-Sided Black Immersion Gold Process<\/h3>\n<p><img decoding=\"async\" src=\"https:\/\/www.waveshare.com\/img\/devkit\/accBoard\/Pi-UART-Debugger\/Pi-UART-Debugger-details-11.jpg\" \/><\/p>\n<\/div>\n<div>\n<h3 class=\"richTitle\">Outline Dimensions<\/h3>\n<p><img decoding=\"async\" src=\"https:\/\/www.waveshare.com\/img\/devkit\/accBoard\/Pi-UART-Debugger\/Pi-UART-Debugger-details-size.jpg\" \/><\/p>\n<\/div>\n<\/div>\n<div>\n<div id=\"waveshare_product_content\">\n<div class=\"std\">\n<div class=\"richWrap\">\n<div>\n<h4 class=\"bgGrey\"><strong>Wiki:\u00a0<\/strong><a href=\"http:\/\/www.waveshare.com\/wiki\/Pi_UART_Debugger\" target=\"_blank\" rel=\"noopener\">www.waveshare.com\/wiki\/Pi_UART_Debugger<\/a><\/h4>\n<\/div>\n<\/div>\n<\/div>\n<\/div>\n<\/div>\n","protected":false},"excerpt":{"rendered":"<p>USB til UART-feils\u00f8kingsmodul for Raspberry Pi 5, Type-A-port, innebygd UART-kontakt, h\u00f8y overf\u00f8ringshastighet, multitilkoblingsmetoder, multisystemst\u00f8tte.<\/p>\n","protected":false},"featured_media":222442,"comment_status":"open","ping_status":"closed","template":"","meta":[],"product_brand":[],"product_cat":[597,606],"product_tag":[703],"class_list":{"0":"post-222449","1":"product","2":"type-product","3":"status-publish","4":"has-post-thumbnail","6":"product_cat-raspberry-pi-hats-gpio-no","7":"product_cat-raspberry-pi-usb-tilbehor-no","8":"product_tag-rpi5-no","10":"first","11":"instock","12":"taxable","13":"shipping-taxable","14":"purchasable","15":"product-type-simple"},"composite_virtual":false,"composite_layout":"","composite_add_to_cart_form_location":"","composite_editable_in_cart":false,"composite_sold_individually_context":"","composite_shop_price_calc":"","composite_components":[],"composite_scenarios":[],"bundled_by":[],"bundle_stock_status":"instock","bundle_stock_quantity":1,"bundle_virtual":false,"bundle_layout":"","bundle_add_to_cart_form_location":"","bundle_editable_in_cart":false,"bundle_sold_individually_context":"","bundle_item_grouping":"","bundle_min_size":"","bundle_max_size":"","bundle_price":[],"bundled_items":[],"bundle_sell_ids":[],"yoast_head":"<!-- This site is optimized with the Yoast SEO plugin v27.1.1 - https:\/\/yoast.com\/product\/yoast-seo-wordpress\/ -->\n<title>USB til UART Debugger Module til Raspberry Pi 5 \u2022 RaspberryPi.dk<\/title>\n<meta name=\"robots\" content=\"index, follow, max-snippet:-1, max-image-preview:large, max-video-preview:-1\" \/>\n<link rel=\"canonical\" href=\"https:\/\/raspberrypi.dk\/no\/produkt\/222449\/\" \/>\n<meta property=\"og:locale\" content=\"nb_NO\" \/>\n<meta property=\"og:type\" content=\"article\" \/>\n<meta property=\"og:title\" content=\"USB til UART Debugger Module til Raspberry Pi 5 \u2022 RaspberryPi.dk\" \/>\n<meta property=\"og:description\" content=\"USB til UART-feils\u00f8kingsmodul for Raspberry Pi 5, Type-A-port, innebygd UART-kontakt, h\u00f8y overf\u00f8ringshastighet, multitilkoblingsmetoder, multisystemst\u00f8tte.\" \/>\n<meta property=\"og:url\" content=\"https:\/\/raspberrypi.dk\/no\/produkt\/222449\/\" \/>\n<meta property=\"og:site_name\" content=\"RaspberryPi.dk\" \/>\n<meta property=\"article:publisher\" content=\"https:\/\/facebook.com\/RaspberryPiDanmark\" \/>\n<meta property=\"article:modified_time\" content=\"2026-03-03T18:33:29+00:00\" \/>\n<meta property=\"og:image\" content=\"https:\/\/raspberrypi.dk\/wp-content\/uploads\/2024\/03\/Skaermbillede-2024-02-23-121857.jpg\" \/>\n\t<meta property=\"og:image:width\" content=\"560\" \/>\n\t<meta property=\"og:image:height\" content=\"560\" \/>\n\t<meta property=\"og:image:type\" content=\"image\/jpeg\" \/>\n<meta name=\"twitter:card\" content=\"summary_large_image\" \/>\n<meta name=\"twitter:site\" content=\"@raspberrypidk\" \/>\n<meta name=\"twitter:label1\" content=\"Ansl. lesetid\" \/>\n\t<meta name=\"twitter:data1\" content=\"5 minutter\" \/>\n<script type=\"application\/ld+json\" class=\"yoast-schema-graph\">{\"@context\":\"https:\/\/schema.org\",\"@graph\":[{\"@type\":\"WebPage\",\"@id\":\"https:\/\/raspberrypi.dk\/no\/produkt\/222449\/\",\"url\":\"https:\/\/raspberrypi.dk\/no\/produkt\/222449\/\",\"name\":\"USB til UART Debugger Module til Raspberry Pi 5 \u2022 RaspberryPi.dk\",\"isPartOf\":{\"@id\":\"https:\/\/raspberrypi.dk\/no\/#website\"},\"primaryImageOfPage\":{\"@id\":\"https:\/\/raspberrypi.dk\/no\/produkt\/222449\/#primaryimage\"},\"image\":{\"@id\":\"https:\/\/raspberrypi.dk\/no\/produkt\/222449\/#primaryimage\"},\"thumbnailUrl\":\"https:\/\/raspberrypi.dk\/wp-content\/uploads\/2024\/03\/Skaermbillede-2024-02-23-121857.jpg\",\"datePublished\":\"2024-03-05T09:38:16+00:00\",\"dateModified\":\"2026-03-03T18:33:29+00:00\",\"breadcrumb\":{\"@id\":\"https:\/\/raspberrypi.dk\/no\/produkt\/222449\/#breadcrumb\"},\"inLanguage\":\"nb-NO\",\"potentialAction\":[{\"@type\":\"ReadAction\",\"target\":[\"https:\/\/raspberrypi.dk\/no\/produkt\/222449\/\"]}]},{\"@type\":\"ImageObject\",\"inLanguage\":\"nb-NO\",\"@id\":\"https:\/\/raspberrypi.dk\/no\/produkt\/222449\/#primaryimage\",\"url\":\"https:\/\/raspberrypi.dk\/wp-content\/uploads\/2024\/03\/Skaermbillede-2024-02-23-121857.jpg\",\"contentUrl\":\"https:\/\/raspberrypi.dk\/wp-content\/uploads\/2024\/03\/Skaermbillede-2024-02-23-121857.jpg\",\"width\":560,\"height\":560,\"caption\":\"UART Debugger Module Raspberry Pi 5\"},{\"@type\":\"BreadcrumbList\",\"@id\":\"https:\/\/raspberrypi.dk\/no\/produkt\/222449\/#breadcrumb\",\"itemListElement\":[{\"@type\":\"ListItem\",\"position\":1,\"name\":\"Hjem\",\"item\":\"https:\/\/raspberrypi.dk\/no\/raspberry-pi-nettbutikk\/\"},{\"@type\":\"ListItem\",\"position\":2,\"name\":\"Shop\",\"item\":\"https:\/\/raspberrypi.dk\/no\/shop-2\/\"},{\"@type\":\"ListItem\",\"position\":3,\"name\":\"USB til UART Debugger Module til Raspberry Pi 5\"}]},{\"@type\":\"WebSite\",\"@id\":\"https:\/\/raspberrypi.dk\/no\/#website\",\"url\":\"https:\/\/raspberrypi.dk\/no\/\",\"name\":\"RaspberryPi.dk\",\"description\":\"Danmarks f\u00f8rende Raspberry Pi side!\",\"publisher\":{\"@id\":\"https:\/\/raspberrypi.dk\/no\/#organization\"},\"potentialAction\":[{\"@type\":\"SearchAction\",\"target\":{\"@type\":\"EntryPoint\",\"urlTemplate\":\"https:\/\/raspberrypi.dk\/no\/?s={search_term_string}\"},\"query-input\":{\"@type\":\"PropertyValueSpecification\",\"valueRequired\":true,\"valueName\":\"search_term_string\"}}],\"inLanguage\":\"nb-NO\"},{\"@type\":\"Organization\",\"@id\":\"https:\/\/raspberrypi.dk\/no\/#organization\",\"name\":\"RaspberryPi.dk\",\"url\":\"https:\/\/raspberrypi.dk\/no\/\",\"logo\":{\"@type\":\"ImageObject\",\"inLanguage\":\"nb-NO\",\"@id\":\"https:\/\/raspberrypi.dk\/no\/#\/schema\/logo\/image\/\",\"url\":\"https:\/\/raspberrypi.dk\/wp-content\/uploads\/2017\/05\/RaspberryPidk_logo-2.png\",\"contentUrl\":\"https:\/\/raspberrypi.dk\/wp-content\/uploads\/2017\/05\/RaspberryPidk_logo-2.png\",\"width\":470,\"height\":110,\"caption\":\"RaspberryPi.dk\"},\"image\":{\"@id\":\"https:\/\/raspberrypi.dk\/no\/#\/schema\/logo\/image\/\"},\"sameAs\":[\"https:\/\/facebook.com\/RaspberryPiDanmark\",\"https:\/\/x.com\/raspberrypidk\",\"https:\/\/instagram.com\/raspberrypi.dk\"]}]}<\/script>\n<!-- \/ Yoast SEO plugin. -->","yoast_head_json":{"title":"USB til UART Debugger Module til Raspberry Pi 5 \u2022 RaspberryPi.dk","robots":{"index":"index","follow":"follow","max-snippet":"max-snippet:-1","max-image-preview":"max-image-preview:large","max-video-preview":"max-video-preview:-1"},"canonical":"https:\/\/raspberrypi.dk\/no\/produkt\/222449\/","og_locale":"nb_NO","og_type":"article","og_title":"USB til UART Debugger Module til Raspberry Pi 5 \u2022 RaspberryPi.dk","og_description":"USB til UART-feils\u00f8kingsmodul for Raspberry Pi 5, Type-A-port, innebygd UART-kontakt, h\u00f8y overf\u00f8ringshastighet, multitilkoblingsmetoder, multisystemst\u00f8tte.","og_url":"https:\/\/raspberrypi.dk\/no\/produkt\/222449\/","og_site_name":"RaspberryPi.dk","article_publisher":"https:\/\/facebook.com\/RaspberryPiDanmark","article_modified_time":"2026-03-03T18:33:29+00:00","og_image":[{"width":560,"height":560,"url":"https:\/\/raspberrypi.dk\/wp-content\/uploads\/2024\/03\/Skaermbillede-2024-02-23-121857.jpg","type":"image\/jpeg"}],"twitter_card":"summary_large_image","twitter_site":"@raspberrypidk","twitter_misc":{"Ansl. lesetid":"5 minutter"},"schema":{"@context":"https:\/\/schema.org","@graph":[{"@type":"WebPage","@id":"https:\/\/raspberrypi.dk\/no\/produkt\/222449\/","url":"https:\/\/raspberrypi.dk\/no\/produkt\/222449\/","name":"USB til UART Debugger Module til Raspberry Pi 5 \u2022 RaspberryPi.dk","isPartOf":{"@id":"https:\/\/raspberrypi.dk\/no\/#website"},"primaryImageOfPage":{"@id":"https:\/\/raspberrypi.dk\/no\/produkt\/222449\/#primaryimage"},"image":{"@id":"https:\/\/raspberrypi.dk\/no\/produkt\/222449\/#primaryimage"},"thumbnailUrl":"https:\/\/raspberrypi.dk\/wp-content\/uploads\/2024\/03\/Skaermbillede-2024-02-23-121857.jpg","datePublished":"2024-03-05T09:38:16+00:00","dateModified":"2026-03-03T18:33:29+00:00","breadcrumb":{"@id":"https:\/\/raspberrypi.dk\/no\/produkt\/222449\/#breadcrumb"},"inLanguage":"nb-NO","potentialAction":[{"@type":"ReadAction","target":["https:\/\/raspberrypi.dk\/no\/produkt\/222449\/"]}]},{"@type":"ImageObject","inLanguage":"nb-NO","@id":"https:\/\/raspberrypi.dk\/no\/produkt\/222449\/#primaryimage","url":"https:\/\/raspberrypi.dk\/wp-content\/uploads\/2024\/03\/Skaermbillede-2024-02-23-121857.jpg","contentUrl":"https:\/\/raspberrypi.dk\/wp-content\/uploads\/2024\/03\/Skaermbillede-2024-02-23-121857.jpg","width":560,"height":560,"caption":"UART Debugger Module Raspberry Pi 5"},{"@type":"BreadcrumbList","@id":"https:\/\/raspberrypi.dk\/no\/produkt\/222449\/#breadcrumb","itemListElement":[{"@type":"ListItem","position":1,"name":"Hjem","item":"https:\/\/raspberrypi.dk\/no\/raspberry-pi-nettbutikk\/"},{"@type":"ListItem","position":2,"name":"Shop","item":"https:\/\/raspberrypi.dk\/no\/shop-2\/"},{"@type":"ListItem","position":3,"name":"USB til UART Debugger Module til Raspberry Pi 5"}]},{"@type":"WebSite","@id":"https:\/\/raspberrypi.dk\/no\/#website","url":"https:\/\/raspberrypi.dk\/no\/","name":"RaspberryPi.dk","description":"Danmarks f\u00f8rende Raspberry Pi side!","publisher":{"@id":"https:\/\/raspberrypi.dk\/no\/#organization"},"potentialAction":[{"@type":"SearchAction","target":{"@type":"EntryPoint","urlTemplate":"https:\/\/raspberrypi.dk\/no\/?s={search_term_string}"},"query-input":{"@type":"PropertyValueSpecification","valueRequired":true,"valueName":"search_term_string"}}],"inLanguage":"nb-NO"},{"@type":"Organization","@id":"https:\/\/raspberrypi.dk\/no\/#organization","name":"RaspberryPi.dk","url":"https:\/\/raspberrypi.dk\/no\/","logo":{"@type":"ImageObject","inLanguage":"nb-NO","@id":"https:\/\/raspberrypi.dk\/no\/#\/schema\/logo\/image\/","url":"https:\/\/raspberrypi.dk\/wp-content\/uploads\/2017\/05\/RaspberryPidk_logo-2.png","contentUrl":"https:\/\/raspberrypi.dk\/wp-content\/uploads\/2017\/05\/RaspberryPidk_logo-2.png","width":470,"height":110,"caption":"RaspberryPi.dk"},"image":{"@id":"https:\/\/raspberrypi.dk\/no\/#\/schema\/logo\/image\/"},"sameAs":["https:\/\/facebook.com\/RaspberryPiDanmark","https:\/\/x.com\/raspberrypidk","https:\/\/instagram.com\/raspberrypi.dk"]}]}},"_links":{"self":[{"href":"https:\/\/raspberrypi.dk\/no\/wp-json\/wp\/v2\/product\/222449","targetHints":{"allow":["GET"]}}],"collection":[{"href":"https:\/\/raspberrypi.dk\/no\/wp-json\/wp\/v2\/product"}],"about":[{"href":"https:\/\/raspberrypi.dk\/no\/wp-json\/wp\/v2\/types\/product"}],"replies":[{"embeddable":true,"href":"https:\/\/raspberrypi.dk\/no\/wp-json\/wp\/v2\/comments?post=222449"}],"wp:featuredmedia":[{"embeddable":true,"href":"https:\/\/raspberrypi.dk\/no\/wp-json\/wp\/v2\/media\/222442"}],"wp:attachment":[{"href":"https:\/\/raspberrypi.dk\/no\/wp-json\/wp\/v2\/media?parent=222449"}],"wp:term":[{"taxonomy":"product_brand","embeddable":true,"href":"https:\/\/raspberrypi.dk\/no\/wp-json\/wp\/v2\/product_brand?post=222449"},{"taxonomy":"product_cat","embeddable":true,"href":"https:\/\/raspberrypi.dk\/no\/wp-json\/wp\/v2\/product_cat?post=222449"},{"taxonomy":"product_tag","embeddable":true,"href":"https:\/\/raspberrypi.dk\/no\/wp-json\/wp\/v2\/product_tag?post=222449"}],"curies":[{"name":"wp","href":"https:\/\/api.w.org\/{rel}","templated":true}]}}