{"id":235145,"date":"2024-11-04T09:00:30","date_gmt":"2024-11-04T08:00:30","guid":{"rendered":"https:\/\/raspberrypi.dk\/?post_type=product&#038;p=235145"},"modified":"2026-04-08T12:09:22","modified_gmt":"2026-04-08T10:09:22","slug":"offisiell-raspberry-pi-7-touch-display-2","status":"publish","type":"product","link":"https:\/\/raspberrypi.dk\/no\/produkt\/offisiell-raspberry-pi-7-touch-display-2\/","title":{"rendered":"Offisiell Raspberry Pi 7&#8243; Touch Display 2"},"content":{"rendered":"<p><strong>OBS! Passer ikke i etuier til Touch Display 1 pga nye m\u00e5l.<\/strong><\/p>\n<p>Raspberry Pi OS gir ber\u00f8ringsskjermdrivere st\u00f8tte for ber\u00f8ring med fem fingre og et skjermtastatur, noe som gir deg full funksjonalitet uten \u00e5 m\u00e5tte koble til et tastatur eller en mus.<\/p>\n<p>Bare to tilkoblinger kreves for \u00e5 koble 720 \u00d7 1280-skjermen til din Raspberry Pi: str\u00f8m fra GPIO-porten, og en b\u00e5ndkabel som kobles til DSI-porten p\u00e5 alle Raspberry Pi-datamaskiner bortsett fra Raspberry Pi Zero-linjen.<\/p>\n<h2>Specifications<\/h2>\n<ul>\n<li class=\"p1\">7\u201d diagonal display size<\/li>\n<li>720 (RGB) \u00d7 1280 pixels display format<\/li>\n<li class=\"p1\">85-degree viewing angle<\/li>\n<li>TFT, normally white, transmissive LCD type<\/li>\n<li class=\"p1\">24-bit RGB<\/li>\n<li>88mm \u00d7 155mm active area<\/li>\n<li class=\"p1\">True multi-touch capacitive panel with five-finger touch<\/li>\n<li>Anti-glare surface<\/li>\n<\/ul>\n<section class=\"c-product-slice t-product-slice\">\n<div class=\"o-container\">\n<div class=\"c-product-slice__content c-product-slice__content--documents\">\n<h2 class=\"c-type-display c-product-slice__heading\">Documents<\/h2>\n<div class=\"c-wysiwyg\">\n<ul>\n<li><a href=\"https:\/\/datasheets.raspberrypi.com\/display\/touch-display-2-product-brief.pdf\">Raspberry Pi Touch Display 2 product brief<\/a><\/li>\n<li><a href=\"http:\/\/raspberrypi.com\/documentation\/accessories\/touch-display-2.html#install\">Raspberry Pi Touch Display 2 install guide<\/a><\/li>\n<\/ul>\n<\/div>\n<\/div>\n<\/div>\n<\/section>\n<section class=\"c-product-slice t-product-slice\">\n<div class=\"o-container\">\n<div class=\"c-product-slice__content c-product-slice__content--text\"><\/div>\n<\/div>\n<\/section>\n","protected":false},"excerpt":{"rendered":"<p>Raspberry Pi Touch Display 2 er en 7\u2032\u2032 ber\u00f8ringsskjerm for Raspberry Pi. Den er ideell for interaktive prosjekter som nettbrett, underholdningssystemer og informasjonspaneler.<\/p>\n","protected":false},"featured_media":244549,"comment_status":"open","ping_status":"closed","template":"","meta":[],"product_brand":[],"product_cat":[595],"product_tag":[717,703],"class_list":{"0":"post-235145","1":"product","2":"type-product","3":"status-publish","4":"has-post-thumbnail","6":"product_cat-raspberry-pi-displays-no","7":"product_tag-rpi4-no","8":"product_tag-rpi5-no","10":"first","11":"instock","12":"taxable","13":"shipping-taxable","14":"purchasable","15":"product-type-simple"},"composite_virtual":false,"composite_layout":"","composite_add_to_cart_form_location":"","composite_editable_in_cart":false,"composite_sold_individually_context":"","composite_shop_price_calc":"","composite_components":[],"composite_scenarios":[],"bundled_by":[],"bundle_stock_status":"instock","bundle_stock_quantity":195,"bundle_virtual":false,"bundle_layout":"","bundle_add_to_cart_form_location":"","bundle_editable_in_cart":false,"bundle_sold_individually_context":"","bundle_item_grouping":"","bundle_min_size":"","bundle_max_size":"","bundle_price":[],"bundled_items":[],"bundle_sell_ids":[],"yoast_head":"<!-- This site is optimized with the Yoast SEO plugin v27.1.1 - https:\/\/yoast.com\/product\/yoast-seo-wordpress\/ -->\n<title>Offisiell Raspberry Pi 7&quot; Touch Display 2 \u2022 RaspberryPi.dk<\/title>\n<meta name=\"robots\" content=\"index, follow, max-snippet:-1, max-image-preview:large, max-video-preview:-1\" \/>\n<link rel=\"canonical\" href=\"https:\/\/raspberrypi.dk\/no\/produkt\/offisiell-raspberry-pi-7-touch-display-2\/\" \/>\n<meta property=\"og:locale\" content=\"nb_NO\" \/>\n<meta property=\"og:type\" content=\"article\" \/>\n<meta property=\"og:title\" content=\"Offisiell Raspberry Pi 7&quot; Touch Display 2 \u2022 RaspberryPi.dk\" \/>\n<meta property=\"og:description\" content=\"Raspberry Pi Touch Display 2 er en 7\u2032\u2032 ber\u00f8ringsskjerm for Raspberry Pi. Den er ideell for interaktive prosjekter som nettbrett, underholdningssystemer og informasjonspaneler.\" \/>\n<meta property=\"og:url\" content=\"https:\/\/raspberrypi.dk\/no\/produkt\/offisiell-raspberry-pi-7-touch-display-2\/\" \/>\n<meta property=\"og:site_name\" content=\"RaspberryPi.dk\" \/>\n<meta property=\"article:publisher\" content=\"https:\/\/facebook.com\/RaspberryPiDanmark\" \/>\n<meta property=\"article:modified_time\" content=\"2026-04-08T10:09:22+00:00\" \/>\n<meta property=\"og:image\" content=\"https:\/\/raspberrypi.dk\/wp-content\/uploads\/2024\/11\/Touch-Display-2-1.jpg\" \/>\n\t<meta property=\"og:image:width\" content=\"2000\" \/>\n\t<meta property=\"og:image:height\" content=\"1335\" \/>\n\t<meta property=\"og:image:type\" content=\"image\/jpeg\" \/>\n<meta name=\"twitter:card\" content=\"summary_large_image\" \/>\n<meta name=\"twitter:site\" content=\"@raspberrypidk\" \/>\n<meta name=\"twitter:label1\" content=\"Ansl. lesetid\" \/>\n\t<meta name=\"twitter:data1\" content=\"1 minutt\" \/>\n<script type=\"application\/ld+json\" class=\"yoast-schema-graph\">{\"@context\":\"https:\/\/schema.org\",\"@graph\":[{\"@type\":\"WebPage\",\"@id\":\"https:\/\/raspberrypi.dk\/no\/produkt\/offisiell-raspberry-pi-7-touch-display-2\/\",\"url\":\"https:\/\/raspberrypi.dk\/no\/produkt\/offisiell-raspberry-pi-7-touch-display-2\/\",\"name\":\"Offisiell Raspberry Pi 7\\\" Touch Display 2 \u2022 RaspberryPi.dk\",\"isPartOf\":{\"@id\":\"https:\/\/raspberrypi.dk\/no\/#website\"},\"primaryImageOfPage\":{\"@id\":\"https:\/\/raspberrypi.dk\/no\/produkt\/offisiell-raspberry-pi-7-touch-display-2\/#primaryimage\"},\"image\":{\"@id\":\"https:\/\/raspberrypi.dk\/no\/produkt\/offisiell-raspberry-pi-7-touch-display-2\/#primaryimage\"},\"thumbnailUrl\":\"https:\/\/raspberrypi.dk\/wp-content\/uploads\/2024\/11\/Touch-Display-2-1.jpg\",\"datePublished\":\"2024-11-04T08:00:30+00:00\",\"dateModified\":\"2026-04-08T10:09:22+00:00\",\"breadcrumb\":{\"@id\":\"https:\/\/raspberrypi.dk\/no\/produkt\/offisiell-raspberry-pi-7-touch-display-2\/#breadcrumb\"},\"inLanguage\":\"nb-NO\",\"potentialAction\":[{\"@type\":\"ReadAction\",\"target\":[\"https:\/\/raspberrypi.dk\/no\/produkt\/offisiell-raspberry-pi-7-touch-display-2\/\"]}]},{\"@type\":\"ImageObject\",\"inLanguage\":\"nb-NO\",\"@id\":\"https:\/\/raspberrypi.dk\/no\/produkt\/offisiell-raspberry-pi-7-touch-display-2\/#primaryimage\",\"url\":\"https:\/\/raspberrypi.dk\/wp-content\/uploads\/2024\/11\/Touch-Display-2-1.jpg\",\"contentUrl\":\"https:\/\/raspberrypi.dk\/wp-content\/uploads\/2024\/11\/Touch-Display-2-1.jpg\",\"width\":2000,\"height\":1335,\"caption\":\"raspberry pi touch display 2\"},{\"@type\":\"BreadcrumbList\",\"@id\":\"https:\/\/raspberrypi.dk\/no\/produkt\/offisiell-raspberry-pi-7-touch-display-2\/#breadcrumb\",\"itemListElement\":[{\"@type\":\"ListItem\",\"position\":1,\"name\":\"Hjem\",\"item\":\"https:\/\/raspberrypi.dk\/no\/raspberry-pi-nettbutikk\/\"},{\"@type\":\"ListItem\",\"position\":2,\"name\":\"Shop\",\"item\":\"https:\/\/raspberrypi.dk\/no\/shop-2\/\"},{\"@type\":\"ListItem\",\"position\":3,\"name\":\"Offisiell Raspberry Pi 7&#8243; Touch Display 2\"}]},{\"@type\":\"WebSite\",\"@id\":\"https:\/\/raspberrypi.dk\/no\/#website\",\"url\":\"https:\/\/raspberrypi.dk\/no\/\",\"name\":\"RaspberryPi.dk\",\"description\":\"Danmarks f\u00f8rende Raspberry Pi side!\",\"publisher\":{\"@id\":\"https:\/\/raspberrypi.dk\/no\/#organization\"},\"potentialAction\":[{\"@type\":\"SearchAction\",\"target\":{\"@type\":\"EntryPoint\",\"urlTemplate\":\"https:\/\/raspberrypi.dk\/no\/?s={search_term_string}\"},\"query-input\":{\"@type\":\"PropertyValueSpecification\",\"valueRequired\":true,\"valueName\":\"search_term_string\"}}],\"inLanguage\":\"nb-NO\"},{\"@type\":\"Organization\",\"@id\":\"https:\/\/raspberrypi.dk\/no\/#organization\",\"name\":\"RaspberryPi.dk\",\"url\":\"https:\/\/raspberrypi.dk\/no\/\",\"logo\":{\"@type\":\"ImageObject\",\"inLanguage\":\"nb-NO\",\"@id\":\"https:\/\/raspberrypi.dk\/no\/#\/schema\/logo\/image\/\",\"url\":\"https:\/\/raspberrypi.dk\/wp-content\/uploads\/2017\/05\/RaspberryPidk_logo-2.png\",\"contentUrl\":\"https:\/\/raspberrypi.dk\/wp-content\/uploads\/2017\/05\/RaspberryPidk_logo-2.png\",\"width\":470,\"height\":110,\"caption\":\"RaspberryPi.dk\"},\"image\":{\"@id\":\"https:\/\/raspberrypi.dk\/no\/#\/schema\/logo\/image\/\"},\"sameAs\":[\"https:\/\/facebook.com\/RaspberryPiDanmark\",\"https:\/\/x.com\/raspberrypidk\",\"https:\/\/instagram.com\/raspberrypi.dk\"]}]}<\/script>\n<!-- \/ Yoast SEO plugin. -->","yoast_head_json":{"title":"Offisiell Raspberry Pi 7\" Touch Display 2 \u2022 RaspberryPi.dk","robots":{"index":"index","follow":"follow","max-snippet":"max-snippet:-1","max-image-preview":"max-image-preview:large","max-video-preview":"max-video-preview:-1"},"canonical":"https:\/\/raspberrypi.dk\/no\/produkt\/offisiell-raspberry-pi-7-touch-display-2\/","og_locale":"nb_NO","og_type":"article","og_title":"Offisiell Raspberry Pi 7\" Touch Display 2 \u2022 RaspberryPi.dk","og_description":"Raspberry Pi Touch Display 2 er en 7\u2032\u2032 ber\u00f8ringsskjerm for Raspberry Pi. Den er ideell for interaktive prosjekter som nettbrett, underholdningssystemer og informasjonspaneler.","og_url":"https:\/\/raspberrypi.dk\/no\/produkt\/offisiell-raspberry-pi-7-touch-display-2\/","og_site_name":"RaspberryPi.dk","article_publisher":"https:\/\/facebook.com\/RaspberryPiDanmark","article_modified_time":"2026-04-08T10:09:22+00:00","og_image":[{"width":2000,"height":1335,"url":"https:\/\/raspberrypi.dk\/wp-content\/uploads\/2024\/11\/Touch-Display-2-1.jpg","type":"image\/jpeg"}],"twitter_card":"summary_large_image","twitter_site":"@raspberrypidk","twitter_misc":{"Ansl. lesetid":"1 minutt"},"schema":{"@context":"https:\/\/schema.org","@graph":[{"@type":"WebPage","@id":"https:\/\/raspberrypi.dk\/no\/produkt\/offisiell-raspberry-pi-7-touch-display-2\/","url":"https:\/\/raspberrypi.dk\/no\/produkt\/offisiell-raspberry-pi-7-touch-display-2\/","name":"Offisiell Raspberry Pi 7\" Touch Display 2 \u2022 RaspberryPi.dk","isPartOf":{"@id":"https:\/\/raspberrypi.dk\/no\/#website"},"primaryImageOfPage":{"@id":"https:\/\/raspberrypi.dk\/no\/produkt\/offisiell-raspberry-pi-7-touch-display-2\/#primaryimage"},"image":{"@id":"https:\/\/raspberrypi.dk\/no\/produkt\/offisiell-raspberry-pi-7-touch-display-2\/#primaryimage"},"thumbnailUrl":"https:\/\/raspberrypi.dk\/wp-content\/uploads\/2024\/11\/Touch-Display-2-1.jpg","datePublished":"2024-11-04T08:00:30+00:00","dateModified":"2026-04-08T10:09:22+00:00","breadcrumb":{"@id":"https:\/\/raspberrypi.dk\/no\/produkt\/offisiell-raspberry-pi-7-touch-display-2\/#breadcrumb"},"inLanguage":"nb-NO","potentialAction":[{"@type":"ReadAction","target":["https:\/\/raspberrypi.dk\/no\/produkt\/offisiell-raspberry-pi-7-touch-display-2\/"]}]},{"@type":"ImageObject","inLanguage":"nb-NO","@id":"https:\/\/raspberrypi.dk\/no\/produkt\/offisiell-raspberry-pi-7-touch-display-2\/#primaryimage","url":"https:\/\/raspberrypi.dk\/wp-content\/uploads\/2024\/11\/Touch-Display-2-1.jpg","contentUrl":"https:\/\/raspberrypi.dk\/wp-content\/uploads\/2024\/11\/Touch-Display-2-1.jpg","width":2000,"height":1335,"caption":"raspberry pi touch display 2"},{"@type":"BreadcrumbList","@id":"https:\/\/raspberrypi.dk\/no\/produkt\/offisiell-raspberry-pi-7-touch-display-2\/#breadcrumb","itemListElement":[{"@type":"ListItem","position":1,"name":"Hjem","item":"https:\/\/raspberrypi.dk\/no\/raspberry-pi-nettbutikk\/"},{"@type":"ListItem","position":2,"name":"Shop","item":"https:\/\/raspberrypi.dk\/no\/shop-2\/"},{"@type":"ListItem","position":3,"name":"Offisiell Raspberry Pi 7&#8243; Touch Display 2"}]},{"@type":"WebSite","@id":"https:\/\/raspberrypi.dk\/no\/#website","url":"https:\/\/raspberrypi.dk\/no\/","name":"RaspberryPi.dk","description":"Danmarks f\u00f8rende Raspberry Pi side!","publisher":{"@id":"https:\/\/raspberrypi.dk\/no\/#organization"},"potentialAction":[{"@type":"SearchAction","target":{"@type":"EntryPoint","urlTemplate":"https:\/\/raspberrypi.dk\/no\/?s={search_term_string}"},"query-input":{"@type":"PropertyValueSpecification","valueRequired":true,"valueName":"search_term_string"}}],"inLanguage":"nb-NO"},{"@type":"Organization","@id":"https:\/\/raspberrypi.dk\/no\/#organization","name":"RaspberryPi.dk","url":"https:\/\/raspberrypi.dk\/no\/","logo":{"@type":"ImageObject","inLanguage":"nb-NO","@id":"https:\/\/raspberrypi.dk\/no\/#\/schema\/logo\/image\/","url":"https:\/\/raspberrypi.dk\/wp-content\/uploads\/2017\/05\/RaspberryPidk_logo-2.png","contentUrl":"https:\/\/raspberrypi.dk\/wp-content\/uploads\/2017\/05\/RaspberryPidk_logo-2.png","width":470,"height":110,"caption":"RaspberryPi.dk"},"image":{"@id":"https:\/\/raspberrypi.dk\/no\/#\/schema\/logo\/image\/"},"sameAs":["https:\/\/facebook.com\/RaspberryPiDanmark","https:\/\/x.com\/raspberrypidk","https:\/\/instagram.com\/raspberrypi.dk"]}]}},"_links":{"self":[{"href":"https:\/\/raspberrypi.dk\/no\/wp-json\/wp\/v2\/product\/235145","targetHints":{"allow":["GET"]}}],"collection":[{"href":"https:\/\/raspberrypi.dk\/no\/wp-json\/wp\/v2\/product"}],"about":[{"href":"https:\/\/raspberrypi.dk\/no\/wp-json\/wp\/v2\/types\/product"}],"replies":[{"embeddable":true,"href":"https:\/\/raspberrypi.dk\/no\/wp-json\/wp\/v2\/comments?post=235145"}],"wp:featuredmedia":[{"embeddable":true,"href":"https:\/\/raspberrypi.dk\/no\/wp-json\/wp\/v2\/media\/244549"}],"wp:attachment":[{"href":"https:\/\/raspberrypi.dk\/no\/wp-json\/wp\/v2\/media?parent=235145"}],"wp:term":[{"taxonomy":"product_brand","embeddable":true,"href":"https:\/\/raspberrypi.dk\/no\/wp-json\/wp\/v2\/product_brand?post=235145"},{"taxonomy":"product_cat","embeddable":true,"href":"https:\/\/raspberrypi.dk\/no\/wp-json\/wp\/v2\/product_cat?post=235145"},{"taxonomy":"product_tag","embeddable":true,"href":"https:\/\/raspberrypi.dk\/no\/wp-json\/wp\/v2\/product_tag?post=235145"}],"curies":[{"name":"wp","href":"https:\/\/api.w.org\/{rel}","templated":true}]}}