{"id":241683,"date":"2024-12-09T08:42:39","date_gmt":"2024-12-09T07:42:39","guid":{"rendered":"https:\/\/raspberrypi.dk\/?post_type=product&#038;p=241683"},"modified":"2026-03-25T18:31:28","modified_gmt":"2026-03-25T17:31:28","slug":"offisiell-raspberry-pi-monitor-roed-hvit","status":"publish","type":"product","link":"https:\/\/raspberrypi.dk\/no\/produkt\/offisiell-raspberry-pi-monitor-roed-hvit\/","title":{"rendered":"Offisiell Raspberry Pi Monitor &#8211; R\u00f8d\/Hvit"},"content":{"rendered":"<h2 class=\"font-bold text-5xl\/snug\">Looking sharp<\/h2>\n<p>With built-in audio via two front-facing speakers, and VESA- and screw-mounting options and an integrated, angle-adjustable stand, the Raspberry Pi Monitor is ideal for desktop use or for integration into projects and\u00a0systems.<\/p>\n<h2 class=\"font-bold text-5xl\/snug\">Powered by (your) Raspberry\u00a0Pi<\/h2>\n<p>The Raspberry Pi Monitor can be powered by your Raspberry Pi or other device via USB, getting you up and running with minimal set up. To harness your Monitor\u2019s full potential, pair it with an official Raspberry\u00a0Pi Power\u00a0Supply.<\/p>\n<h2>Raspberry Pi Monitor Specification<\/h2>\n<ul>\n<li>15.6-inch Full HD 1080p display<\/li>\n<li>IPS LCD with anti-glare coating<\/li>\n<li>16.2M colour depth<\/li>\n<li>250 nits brightness (typical)<\/li>\n<li>Standard HDMI\u00ae port (1.4 compliant)<\/li>\n<li>3.5mm stereo headphone jack<\/li>\n<li>USB-C (power in)<\/li>\n<li>2 \u00d7 1.2W integrated speakers<\/li>\n<li>Support for 44.1kHz, 48kHz, and 96kHz sample rates<\/li>\n<li>Integrated angle-adjustable stand<\/li>\n<li>Built-in audio via two front-facing speakers<\/li>\n<li>Audio out via 3.5mm jack<\/li>\n<li>Full-size HDMI input<\/li>\n<li>VESA and screw mounting options<\/li>\n<li>Volume and brightness control buttons<\/li>\n<li>USB-C power cable included<\/li>\n<li>1.5A at 5V<\/li>\n<li>Can be powered directly from a Raspberry Pi USB port (max 60% brightness, 50% volume) or by a separate power supply (max 100% brightness, 100% volume)<\/li>\n<\/ul>\n<h2>Raspberry Pi Monitor Documents<\/h2>\n<div class=\"col-span-2 md:pt-4\">\n<ul>\n<li><a class=\"font-bold text-blue-300 hover:text-blue-100 hover:underline\" href=\"https:\/\/datasheets.raspberrypi.com\/monitor\/monitor-product-brief.pdf\">Raspberry Pi Monitor product brief<\/a><\/li>\n<\/ul>\n<\/div>\n","protected":false},"excerpt":{"rendered":"<p>Raspberry Pi Monitor er en 5V-drevet 15,6&#8243; stasjon\u00e6r skjerm. Det er et perfekt komplement til ethvert Raspberry Pi-kort s\u00e5 vel som enhver annen datamaskin eller b\u00e6rbar PC med standard HDMI-utgang.<\/p>\n","protected":false},"featured_media":253636,"comment_status":"open","ping_status":"closed","template":"","meta":[],"product_brand":[],"product_cat":[595],"product_tag":[717,703],"class_list":{"0":"post-241683","1":"product","2":"type-product","3":"status-publish","4":"has-post-thumbnail","6":"product_cat-raspberry-pi-displays-no","7":"product_tag-rpi4-no","8":"product_tag-rpi5-no","10":"first","11":"instock","12":"taxable","13":"shipping-taxable","14":"purchasable","15":"product-type-simple"},"composite_virtual":false,"composite_layout":"","composite_add_to_cart_form_location":"","composite_editable_in_cart":false,"composite_sold_individually_context":"","composite_shop_price_calc":"","composite_components":[],"composite_scenarios":[],"bundled_by":[],"bundle_stock_status":"instock","bundle_stock_quantity":95,"bundle_virtual":false,"bundle_layout":"","bundle_add_to_cart_form_location":"","bundle_editable_in_cart":false,"bundle_sold_individually_context":"","bundle_item_grouping":"","bundle_min_size":"","bundle_max_size":"","bundle_price":[],"bundled_items":[],"bundle_sell_ids":[218759],"yoast_head":"<!-- This site is optimized with the Yoast SEO plugin v27.1.1 - https:\/\/yoast.com\/product\/yoast-seo-wordpress\/ -->\n<title>Offisiell Raspberry Pi Monitor - R\u00f8d\/Hvit \u2022 RaspberryPi.dk<\/title>\n<meta name=\"robots\" content=\"index, follow, max-snippet:-1, max-image-preview:large, max-video-preview:-1\" \/>\n<link rel=\"canonical\" href=\"https:\/\/raspberrypi.dk\/no\/produkt\/offisiell-raspberry-pi-monitor-roed-hvit\/\" \/>\n<meta property=\"og:locale\" content=\"nb_NO\" \/>\n<meta property=\"og:type\" content=\"article\" \/>\n<meta property=\"og:title\" content=\"Offisiell Raspberry Pi Monitor - R\u00f8d\/Hvit \u2022 RaspberryPi.dk\" \/>\n<meta property=\"og:description\" content=\"Raspberry Pi Monitor er en 5V-drevet 15,6&quot; stasjon\u00e6r skjerm. Det er et perfekt komplement til ethvert Raspberry Pi-kort s\u00e5 vel som enhver annen datamaskin eller b\u00e6rbar PC med standard HDMI-utgang.\" \/>\n<meta property=\"og:url\" content=\"https:\/\/raspberrypi.dk\/no\/produkt\/offisiell-raspberry-pi-monitor-roed-hvit\/\" \/>\n<meta property=\"og:site_name\" content=\"RaspberryPi.dk\" \/>\n<meta property=\"article:publisher\" content=\"https:\/\/facebook.com\/RaspberryPiDanmark\" \/>\n<meta property=\"article:modified_time\" content=\"2026-03-25T17:31:28+00:00\" \/>\n<meta property=\"og:image\" content=\"https:\/\/raspberrypi.dk\/wp-content\/uploads\/2024\/12\/MONITOR-UPDATED.jpg\" \/>\n\t<meta property=\"og:image:width\" content=\"1900\" \/>\n\t<meta property=\"og:image:height\" content=\"1267\" \/>\n\t<meta property=\"og:image:type\" content=\"image\/jpeg\" \/>\n<meta name=\"twitter:card\" content=\"summary_large_image\" \/>\n<meta name=\"twitter:site\" content=\"@raspberrypidk\" \/>\n<meta name=\"twitter:label1\" content=\"Ansl. lesetid\" \/>\n\t<meta name=\"twitter:data1\" content=\"2 minutter\" \/>\n<script type=\"application\/ld+json\" class=\"yoast-schema-graph\">{\"@context\":\"https:\/\/schema.org\",\"@graph\":[{\"@type\":\"WebPage\",\"@id\":\"https:\/\/raspberrypi.dk\/no\/produkt\/offisiell-raspberry-pi-monitor-roed-hvit\/\",\"url\":\"https:\/\/raspberrypi.dk\/no\/produkt\/offisiell-raspberry-pi-monitor-roed-hvit\/\",\"name\":\"Offisiell Raspberry Pi Monitor - R\u00f8d\/Hvit \u2022 RaspberryPi.dk\",\"isPartOf\":{\"@id\":\"https:\/\/raspberrypi.dk\/no\/#website\"},\"primaryImageOfPage\":{\"@id\":\"https:\/\/raspberrypi.dk\/no\/produkt\/offisiell-raspberry-pi-monitor-roed-hvit\/#primaryimage\"},\"image\":{\"@id\":\"https:\/\/raspberrypi.dk\/no\/produkt\/offisiell-raspberry-pi-monitor-roed-hvit\/#primaryimage\"},\"thumbnailUrl\":\"https:\/\/raspberrypi.dk\/wp-content\/uploads\/2024\/12\/MONITOR-UPDATED.jpg\",\"datePublished\":\"2024-12-09T07:42:39+00:00\",\"dateModified\":\"2026-03-25T17:31:28+00:00\",\"breadcrumb\":{\"@id\":\"https:\/\/raspberrypi.dk\/no\/produkt\/offisiell-raspberry-pi-monitor-roed-hvit\/#breadcrumb\"},\"inLanguage\":\"nb-NO\",\"potentialAction\":[{\"@type\":\"ReadAction\",\"target\":[\"https:\/\/raspberrypi.dk\/no\/produkt\/offisiell-raspberry-pi-monitor-roed-hvit\/\"]}]},{\"@type\":\"ImageObject\",\"inLanguage\":\"nb-NO\",\"@id\":\"https:\/\/raspberrypi.dk\/no\/produkt\/offisiell-raspberry-pi-monitor-roed-hvit\/#primaryimage\",\"url\":\"https:\/\/raspberrypi.dk\/wp-content\/uploads\/2024\/12\/MONITOR-UPDATED.jpg\",\"contentUrl\":\"https:\/\/raspberrypi.dk\/wp-content\/uploads\/2024\/12\/MONITOR-UPDATED.jpg\",\"width\":1900,\"height\":1267,\"caption\":\"raspberry pi monitor\"},{\"@type\":\"BreadcrumbList\",\"@id\":\"https:\/\/raspberrypi.dk\/no\/produkt\/offisiell-raspberry-pi-monitor-roed-hvit\/#breadcrumb\",\"itemListElement\":[{\"@type\":\"ListItem\",\"position\":1,\"name\":\"Hjem\",\"item\":\"https:\/\/raspberrypi.dk\/no\/raspberry-pi-nettbutikk\/\"},{\"@type\":\"ListItem\",\"position\":2,\"name\":\"Shop\",\"item\":\"https:\/\/raspberrypi.dk\/no\/shop-2\/\"},{\"@type\":\"ListItem\",\"position\":3,\"name\":\"Offisiell Raspberry Pi Monitor &#8211; R\u00f8d\/Hvit\"}]},{\"@type\":\"WebSite\",\"@id\":\"https:\/\/raspberrypi.dk\/no\/#website\",\"url\":\"https:\/\/raspberrypi.dk\/no\/\",\"name\":\"RaspberryPi.dk\",\"description\":\"Danmarks f\u00f8rende Raspberry Pi side!\",\"publisher\":{\"@id\":\"https:\/\/raspberrypi.dk\/no\/#organization\"},\"potentialAction\":[{\"@type\":\"SearchAction\",\"target\":{\"@type\":\"EntryPoint\",\"urlTemplate\":\"https:\/\/raspberrypi.dk\/no\/?s={search_term_string}\"},\"query-input\":{\"@type\":\"PropertyValueSpecification\",\"valueRequired\":true,\"valueName\":\"search_term_string\"}}],\"inLanguage\":\"nb-NO\"},{\"@type\":\"Organization\",\"@id\":\"https:\/\/raspberrypi.dk\/no\/#organization\",\"name\":\"RaspberryPi.dk\",\"url\":\"https:\/\/raspberrypi.dk\/no\/\",\"logo\":{\"@type\":\"ImageObject\",\"inLanguage\":\"nb-NO\",\"@id\":\"https:\/\/raspberrypi.dk\/no\/#\/schema\/logo\/image\/\",\"url\":\"https:\/\/raspberrypi.dk\/wp-content\/uploads\/2017\/05\/RaspberryPidk_logo-2.png\",\"contentUrl\":\"https:\/\/raspberrypi.dk\/wp-content\/uploads\/2017\/05\/RaspberryPidk_logo-2.png\",\"width\":470,\"height\":110,\"caption\":\"RaspberryPi.dk\"},\"image\":{\"@id\":\"https:\/\/raspberrypi.dk\/no\/#\/schema\/logo\/image\/\"},\"sameAs\":[\"https:\/\/facebook.com\/RaspberryPiDanmark\",\"https:\/\/x.com\/raspberrypidk\",\"https:\/\/instagram.com\/raspberrypi.dk\"]}]}<\/script>\n<!-- \/ Yoast SEO plugin. -->","yoast_head_json":{"title":"Offisiell Raspberry Pi Monitor - R\u00f8d\/Hvit \u2022 RaspberryPi.dk","robots":{"index":"index","follow":"follow","max-snippet":"max-snippet:-1","max-image-preview":"max-image-preview:large","max-video-preview":"max-video-preview:-1"},"canonical":"https:\/\/raspberrypi.dk\/no\/produkt\/offisiell-raspberry-pi-monitor-roed-hvit\/","og_locale":"nb_NO","og_type":"article","og_title":"Offisiell Raspberry Pi Monitor - R\u00f8d\/Hvit \u2022 RaspberryPi.dk","og_description":"Raspberry Pi Monitor er en 5V-drevet 15,6\" stasjon\u00e6r skjerm. Det er et perfekt komplement til ethvert Raspberry Pi-kort s\u00e5 vel som enhver annen datamaskin eller b\u00e6rbar PC med standard HDMI-utgang.","og_url":"https:\/\/raspberrypi.dk\/no\/produkt\/offisiell-raspberry-pi-monitor-roed-hvit\/","og_site_name":"RaspberryPi.dk","article_publisher":"https:\/\/facebook.com\/RaspberryPiDanmark","article_modified_time":"2026-03-25T17:31:28+00:00","og_image":[{"width":1900,"height":1267,"url":"https:\/\/raspberrypi.dk\/wp-content\/uploads\/2024\/12\/MONITOR-UPDATED.jpg","type":"image\/jpeg"}],"twitter_card":"summary_large_image","twitter_site":"@raspberrypidk","twitter_misc":{"Ansl. lesetid":"2 minutter"},"schema":{"@context":"https:\/\/schema.org","@graph":[{"@type":"WebPage","@id":"https:\/\/raspberrypi.dk\/no\/produkt\/offisiell-raspberry-pi-monitor-roed-hvit\/","url":"https:\/\/raspberrypi.dk\/no\/produkt\/offisiell-raspberry-pi-monitor-roed-hvit\/","name":"Offisiell Raspberry Pi Monitor - R\u00f8d\/Hvit \u2022 RaspberryPi.dk","isPartOf":{"@id":"https:\/\/raspberrypi.dk\/no\/#website"},"primaryImageOfPage":{"@id":"https:\/\/raspberrypi.dk\/no\/produkt\/offisiell-raspberry-pi-monitor-roed-hvit\/#primaryimage"},"image":{"@id":"https:\/\/raspberrypi.dk\/no\/produkt\/offisiell-raspberry-pi-monitor-roed-hvit\/#primaryimage"},"thumbnailUrl":"https:\/\/raspberrypi.dk\/wp-content\/uploads\/2024\/12\/MONITOR-UPDATED.jpg","datePublished":"2024-12-09T07:42:39+00:00","dateModified":"2026-03-25T17:31:28+00:00","breadcrumb":{"@id":"https:\/\/raspberrypi.dk\/no\/produkt\/offisiell-raspberry-pi-monitor-roed-hvit\/#breadcrumb"},"inLanguage":"nb-NO","potentialAction":[{"@type":"ReadAction","target":["https:\/\/raspberrypi.dk\/no\/produkt\/offisiell-raspberry-pi-monitor-roed-hvit\/"]}]},{"@type":"ImageObject","inLanguage":"nb-NO","@id":"https:\/\/raspberrypi.dk\/no\/produkt\/offisiell-raspberry-pi-monitor-roed-hvit\/#primaryimage","url":"https:\/\/raspberrypi.dk\/wp-content\/uploads\/2024\/12\/MONITOR-UPDATED.jpg","contentUrl":"https:\/\/raspberrypi.dk\/wp-content\/uploads\/2024\/12\/MONITOR-UPDATED.jpg","width":1900,"height":1267,"caption":"raspberry pi monitor"},{"@type":"BreadcrumbList","@id":"https:\/\/raspberrypi.dk\/no\/produkt\/offisiell-raspberry-pi-monitor-roed-hvit\/#breadcrumb","itemListElement":[{"@type":"ListItem","position":1,"name":"Hjem","item":"https:\/\/raspberrypi.dk\/no\/raspberry-pi-nettbutikk\/"},{"@type":"ListItem","position":2,"name":"Shop","item":"https:\/\/raspberrypi.dk\/no\/shop-2\/"},{"@type":"ListItem","position":3,"name":"Offisiell Raspberry Pi Monitor &#8211; R\u00f8d\/Hvit"}]},{"@type":"WebSite","@id":"https:\/\/raspberrypi.dk\/no\/#website","url":"https:\/\/raspberrypi.dk\/no\/","name":"RaspberryPi.dk","description":"Danmarks f\u00f8rende Raspberry Pi side!","publisher":{"@id":"https:\/\/raspberrypi.dk\/no\/#organization"},"potentialAction":[{"@type":"SearchAction","target":{"@type":"EntryPoint","urlTemplate":"https:\/\/raspberrypi.dk\/no\/?s={search_term_string}"},"query-input":{"@type":"PropertyValueSpecification","valueRequired":true,"valueName":"search_term_string"}}],"inLanguage":"nb-NO"},{"@type":"Organization","@id":"https:\/\/raspberrypi.dk\/no\/#organization","name":"RaspberryPi.dk","url":"https:\/\/raspberrypi.dk\/no\/","logo":{"@type":"ImageObject","inLanguage":"nb-NO","@id":"https:\/\/raspberrypi.dk\/no\/#\/schema\/logo\/image\/","url":"https:\/\/raspberrypi.dk\/wp-content\/uploads\/2017\/05\/RaspberryPidk_logo-2.png","contentUrl":"https:\/\/raspberrypi.dk\/wp-content\/uploads\/2017\/05\/RaspberryPidk_logo-2.png","width":470,"height":110,"caption":"RaspberryPi.dk"},"image":{"@id":"https:\/\/raspberrypi.dk\/no\/#\/schema\/logo\/image\/"},"sameAs":["https:\/\/facebook.com\/RaspberryPiDanmark","https:\/\/x.com\/raspberrypidk","https:\/\/instagram.com\/raspberrypi.dk"]}]}},"_links":{"self":[{"href":"https:\/\/raspberrypi.dk\/no\/wp-json\/wp\/v2\/product\/241683","targetHints":{"allow":["GET"]}}],"collection":[{"href":"https:\/\/raspberrypi.dk\/no\/wp-json\/wp\/v2\/product"}],"about":[{"href":"https:\/\/raspberrypi.dk\/no\/wp-json\/wp\/v2\/types\/product"}],"replies":[{"embeddable":true,"href":"https:\/\/raspberrypi.dk\/no\/wp-json\/wp\/v2\/comments?post=241683"}],"wp:featuredmedia":[{"embeddable":true,"href":"https:\/\/raspberrypi.dk\/no\/wp-json\/wp\/v2\/media\/253636"}],"wp:attachment":[{"href":"https:\/\/raspberrypi.dk\/no\/wp-json\/wp\/v2\/media?parent=241683"}],"wp:term":[{"taxonomy":"product_brand","embeddable":true,"href":"https:\/\/raspberrypi.dk\/no\/wp-json\/wp\/v2\/product_brand?post=241683"},{"taxonomy":"product_cat","embeddable":true,"href":"https:\/\/raspberrypi.dk\/no\/wp-json\/wp\/v2\/product_cat?post=241683"},{"taxonomy":"product_tag","embeddable":true,"href":"https:\/\/raspberrypi.dk\/no\/wp-json\/wp\/v2\/product_tag?post=241683"}],"curies":[{"name":"wp","href":"https:\/\/api.w.org\/{rel}","templated":true}]}}