{"id":242097,"date":"2024-11-27T09:00:49","date_gmt":"2024-11-27T08:00:49","guid":{"rendered":"https:\/\/raspberrypi.dk\/?post_type=product&#038;p=242097"},"modified":"2026-03-27T11:38:28","modified_gmt":"2026-03-27T10:38:28","slug":"cm5108064-sc1602","status":"publish","type":"product","link":"https:\/\/raspberrypi.dk\/no\/produkt\/cm5108064-sc1602\/","title":{"rendered":"CM5108064 &#8211; Raspberry Pi Compute Module 5 &#8211; WiFi &#8211; 8GB RAM &#8211; 64GB Storage"},"content":{"rendered":"<div class=\"c-product-hero__description\">\n<button data-id=\"155958\" data-post_id=\"242097\" data-form_style=\"1\" data-allow_outside_click=\"\" data-width=\"50%\" data-popup_type=\"on_button_click\" class=\"wpb-pcf-form-fire wpb-pcf-btn-large wpb-pcf-btn wpb-pcf-btn-default\">Request Quote (B2B)<\/button>\n<p>Raspberry Pi Compute Module 5 &#8211; den ultimate l\u00f8sningen for de som trenger en kraftig og allsidig dataplattform i en kompakt og kostnadseffektiv formfaktor.<\/p>\n<p>I tillegg til sine imponerende tekniske spesifikasjoner, er Compute Module 5 ogs\u00e5 designet for enkel integrering i tilpasset maskinvaredesign, takket v\u00e6re dens lille st\u00f8rrelse og standardiserte formfaktor. Dette gj\u00f8r det til et ideelt valg for utviklere, hobbyister og bedrifter som \u00f8nsker \u00e5 lage sine egne unike IoT-l\u00f8sninger, industrielle automasjonssystemer eller andre innebygde applikasjoner.<\/p>\n<p>Raspberry Pi CM5 er spesielt egnet for industrielle applikasjoner og ideell for \u00e5 bygge en bro mellom prototyper (noen 100 stykker) og helt tilpassede design. For \u00e5 kunne bruke den trenger du et b\u00e6rebrett. Raspberry Pi har allerede gjort mye arbeid for deg med utformingen av den standardiserte modulen \u2013 og tilbyr deg ogs\u00e5 Raspberry Pi-\u00f8kosystemet, med god dokumentasjon og erfarne selskaper som kan st\u00f8tte deg med prosjektet ditt.<\/p>\n<p>Den egner seg for prosjekter med ca. 100 &#8211; 50 000 solgte enheter per \u00e5r, hvor installasjon av Pi 5 er utelukket av ulike \u00e5rsaker. eMMC Flash (p\u00e5 de fleste varianter) er spesielt egnet for industrielle applikasjoner og er betydelig mer stabil enn et standard Micro SD-kort.<\/p>\n<p>Vi tilbyr tjenester for bruk av Raspberry Pi CM5, design av tilpassede b\u00e6rebrett og programvare. V\u00e5rt fokus er p\u00e5 en dyp teknisk forst\u00e5else av programvaren og maskinvaren til Raspberry Pi-plattformen, vennligst kontakt oss for en uforpliktende og gratis f\u00f8rste konsultasjon for \u00e5 avklare hvordan vi kan st\u00f8tte deg.<\/p>\n<h2><strong>Spesifikasjoner <\/strong><strong>CM5108064<\/strong><strong>\u00a0\/ SC1602<\/strong><\/h2>\n<\/div>\n<p>55 mm \u00d7 40 mm \u00d7 4.7 mm module<\/p>\n<p>4 \u00d7 M2.5 mounting holes<\/p>\n<p>Broadcom BCM2712 quad-core 64-bit Arm Cortex-A76 (Armv8) SoC @ 2.4GHz<\/p>\n<p>Memory options:<\/p>\n<ul>\n<li>8GB LPDDR4-4267 SDRAM with ECC<\/li>\n<li>64GB eMMC flash memory<\/li>\n<\/ul>\n<p>Certified radio module containing:<\/p>\n<ul>\n<li>2.4 GHz, 5.0 GHz IEEE 802.11 b\/g\/n\/ac wireless<\/li>\n<li>Bluetooth 5.0, BLE<\/li>\n<li>On board electronic switch to select between PCB trace or external antenna<\/li>\n<\/ul>\n<p>Gigabit Ethernet PHY supporting IEEE 1588<\/p>\n<p>1 \u00d7 PCIe x1 root complex, Gen 2 (5Gbps)<\/p>\n<p>1 \u00d7 USB 2.0 port (high speed)<\/p>\n<p>2 \u00d7 USB 3.0 ports, supporting simultaneous 5Gbps operation<\/p>\n<p>Up to 30 \u00d7 GPIO supporting either 1.8V or 3.3V signalling and peripheral options:<\/p>\n<ul>\n<li>Up to 5 \u00d7 UART<\/li>\n<li>Up to 5 \u00d7 I2C<\/li>\n<li>Up to 5 \u00d7 SPI<\/li>\n<li>1 \u00d7 SDIO interface<\/li>\n<li>1 \u00d7 DPI (parallel RGB display)<\/li>\n<li>1 \u00d7 I2S<\/li>\n<li>Up to 4 \u00d7 PWM channels<\/li>\n<li>Up to 3 \u00d7 GPCLK outputs<\/li>\n<\/ul>\n<p>2 \u00d7 HDMI 2.0 ports (supports up to 4Kp60 on both ports simultaneously)<\/p>\n<p>2 \u00d7 4-lane MIPI ports supporting both DSI (display port) and CSI-2 (camera port)<\/p>\n<p>4Kp60 HEVC decoder<\/p>\n<p>OpenGL ES 3.1 graphics, Vulkan 1.2<\/p>\n<h2><strong>Oversikt over alle CM5 modeller<\/strong><\/h2>\n<table>\n<tbody>\n<tr>\n<td><strong>SKU<\/strong><\/td>\n<td><strong>Wireless<\/strong><\/td>\n<td><strong>RAM<\/strong><\/td>\n<td><strong>Storage<\/strong><\/td>\n<\/tr>\n<tr>\n<td><a href=\"https:\/\/raspberrypi.dk\/no\/produkt\/cm5102000-sc1586\">CM5102000<\/a><\/td>\n<td>Ja<\/td>\n<td>2 GB RAM<\/td>\n<td>0 GB eMMC<\/td>\n<\/tr>\n<tr>\n<td><a href=\"https:\/\/raspberrypi.dk\/no\/produkt\/cm5102016-sc1558\">CM5102016<\/a><\/td>\n<td>Ja<\/td>\n<td>2 GB RAM<\/td>\n<td>16 GB eMMC<\/td>\n<\/tr>\n<tr>\n<td><a href=\"https:\/\/raspberrypi.dk\/no\/produkt\/cm5102032-sc1589\">CM5102032<\/a><\/td>\n<td>Ja<\/td>\n<td>2 GB RAM<\/td>\n<td>32 GB eMMC<\/td>\n<\/tr>\n<tr>\n<td><a href=\"https:\/\/raspberrypi.dk\/no\/produkt\/cm5102064-sc1590\">CM5102064<\/a><\/td>\n<td>Ja<\/td>\n<td>2 GB RAM<\/td>\n<td>64 GB eMMC<\/td>\n<\/tr>\n<tr>\n<td><a href=\"https:\/\/raspberrypi.dk\/no\/produkt\/cm5104000-sc1592\">CM5104000<\/a><\/td>\n<td>Ja<\/td>\n<td>4 GB RAM<\/td>\n<td>0 GB eMMC<\/td>\n<\/tr>\n<tr>\n<td><a href=\"https:\/\/raspberrypi.dk\/no\/produkt\/cm5104016-sc1594\">CM5104016<\/a><\/td>\n<td>Ja<\/td>\n<td>4 GB RAM<\/td>\n<td>16 GB eMMC<\/td>\n<\/tr>\n<tr>\n<td><a href=\"https:\/\/raspberrypi.dk\/no\/produkt\/cm5104032-sc1595\">CM5104032<\/a><\/td>\n<td>Ja<\/td>\n<td>4 GB RAM<\/td>\n<td>32 GB eMMC<\/td>\n<\/tr>\n<tr>\n<td><a href=\"https:\/\/raspberrypi.dk\/no\/produkt\/cm5104064-sc1596\">CM5104064<\/a><\/td>\n<td>Ja<\/td>\n<td>4 GB RAM<\/td>\n<td>64 GB eMMC<\/td>\n<\/tr>\n<tr>\n<td><a href=\"https:\/\/raspberrypi.dk\/no\/produkt\/cm5108000-sc1598\">CM5108000<\/a><\/td>\n<td>Ja<\/td>\n<td>8 GB RAM<\/td>\n<td>0 GB eMMC<\/td>\n<\/tr>\n<tr>\n<td><a href=\"https:\/\/raspberrypi.dk\/no\/produkt\/cm5108016-sc1600\">CM5108016<\/a><\/td>\n<td>Ja<\/td>\n<td>8 GB RAM<\/td>\n<td>16 GB eMMC<\/td>\n<\/tr>\n<tr>\n<td><a href=\"https:\/\/raspberrypi.dk\/no\/produkt\/cm5108032-sc1601\">CM5108032<\/a><\/td>\n<td>Ja<\/td>\n<td>8 GB RAM<\/td>\n<td>32 GB eMMC<\/td>\n<\/tr>\n<tr>\n<td><a href=\"https:\/\/raspberrypi.dk\/no\/produkt\/cm5108064-sc1602\">CM5108064<\/a><\/td>\n<td>Ja<\/td>\n<td>8 GB RAM<\/td>\n<td>64 GB eMMC<\/td>\n<\/tr>\n<tr>\n<td><a href=\"https:\/\/raspberrypi.dk\/no\/produkt\/cm5116000-sc1604\">CM5116000<\/a><\/td>\n<td>Ja<\/td>\n<td>16 GB RAM<\/td>\n<td>0 GB eMMC<\/td>\n<\/tr>\n<tr>\n<td><a href=\"https:\/\/raspberrypi.dk\/no\/produkt\/cm5116016-sc1606\">CM5116016<\/a><\/td>\n<td>Ja<\/td>\n<td>16 GB RAM<\/td>\n<td>16 GB eMMC<\/td>\n<\/tr>\n<tr>\n<td><a href=\"https:\/\/raspberrypi.dk\/no\/produkt\/cm5116032-sc1607\">CM5116032<\/a><\/td>\n<td>Ja<\/td>\n<td>16 GB RAM<\/td>\n<td>32 GB eMMC<\/td>\n<\/tr>\n<tr>\n<td><a href=\"https:\/\/raspberrypi.dk\/no\/produkt\/cm5116064-sc1608\">CM5116064<\/a><\/td>\n<td>Ja<\/td>\n<td>16 GB RAM<\/td>\n<td>64 GB eMMC<\/td>\n<\/tr>\n<tr>\n<td><a href=\"https:\/\/raspberrypi.dk\/no\/produkt\/cm5002000-sc1556\">CM5002000<\/a><\/td>\n<td>Nei<\/td>\n<td>2 GB RAM<\/td>\n<td>0 GB eMMC<\/td>\n<\/tr>\n<tr>\n<td><a href=\"https:\/\/raspberrypi.dk\/no\/produkt\/cm5002016-sc1558\">CM5002016<\/a><\/td>\n<td>Nei<\/td>\n<td>2 GB RAM<\/td>\n<td>16 GB eMMC<\/td>\n<\/tr>\n<tr>\n<td><a href=\"https:\/\/raspberrypi.dk\/no\/produkt\/cm5002032-sc1559\">CM5002032<\/a><\/td>\n<td>Nei<\/td>\n<td>2 GB RAM<\/td>\n<td>32 GB eMMC<\/td>\n<\/tr>\n<tr>\n<td><a href=\"https:\/\/raspberrypi.dk\/no\/produkt\/cm5002064-sc1560\">CM5002064<\/a><\/td>\n<td>Nei<\/td>\n<td>2 GB RAM<\/td>\n<td>64 GB eMMC<\/td>\n<\/tr>\n<tr>\n<td><a href=\"https:\/\/raspberrypi.dk\/no\/produkt\/cm5004000-sc1562\">CM5004000<\/a><\/td>\n<td>Nei<\/td>\n<td>4 GB RAM<\/td>\n<td>0 GB eMMC<\/td>\n<\/tr>\n<tr>\n<td><a href=\"https:\/\/raspberrypi.dk\/no\/produkt\/cm5004016-sc1564\">CM5004016<\/a><\/td>\n<td>Nei<\/td>\n<td>4 GB RAM<\/td>\n<td>16 GB eMMC<\/td>\n<\/tr>\n<tr>\n<td><a href=\"https:\/\/raspberrypi.dk\/no\/produkt\/cm5004032-sc1565\">CM5004032<\/a><\/td>\n<td>Nei<\/td>\n<td>4 GB RAM<\/td>\n<td>32 GB eMMC<\/td>\n<\/tr>\n<tr>\n<td><a href=\"https:\/\/raspberrypi.dk\/no\/produkt\/cm5004064-sc1566\">CM5004064<\/a><\/td>\n<td>Nei<\/td>\n<td>4 GB RAM<\/td>\n<td>64 GB eMMC<\/td>\n<\/tr>\n<tr>\n<td><a href=\"https:\/\/raspberrypi.dk\/no\/produkt\/cm5008000-sc1568\">CM5008000<\/a><\/td>\n<td>Nei<\/td>\n<td>8 GB RAM<\/td>\n<td>0 GB eMMC<\/td>\n<\/tr>\n<tr>\n<td><a href=\"https:\/\/raspberrypi.dk\/no\/produkt\/cm5008016-sc1570\">CM5008016<\/a><\/td>\n<td>Nei<\/td>\n<td>8 GB RAM<\/td>\n<td>16 GB eMMC<\/td>\n<\/tr>\n<tr>\n<td><a href=\"https:\/\/raspberrypi.dk\/no\/produkt\/cm5008032-sc1571\">CM5008032<\/a><\/td>\n<td>Nei<\/td>\n<td>8 GB RAM<\/td>\n<td>32 GB eMMC<\/td>\n<\/tr>\n<tr>\n<td><a href=\"https:\/\/raspberrypi.dk\/no\/produkt\/cm5008064-sc1572\">CM5008064<\/a><\/td>\n<td>Nei<\/td>\n<td>8 GB RAM<\/td>\n<td>64 GB eMMC<\/td>\n<\/tr>\n<tr>\n<td><a href=\"https:\/\/raspberrypi.dk\/no\/produkt\/cm5016000-sc1574\">CM5016000<\/a><\/td>\n<td>Nei<\/td>\n<td>16 GB RAM<\/td>\n<td>0 GB eMMC<\/td>\n<\/tr>\n<tr>\n<td><a href=\"https:\/\/raspberrypi.dk\/no\/produkt\/cm5016016-sc1576\">CM5016016<\/a><\/td>\n<td>Nei<\/td>\n<td>16 GB RAM<\/td>\n<td>16 GB eMMC<\/td>\n<\/tr>\n<tr>\n<td><a href=\"https:\/\/raspberrypi.dk\/no\/produkt\/cm5016032-sc1577\">CM5016032<\/a><\/td>\n<td>Nei<\/td>\n<td>16 GB RAM<\/td>\n<td>32 GB eMMC<\/td>\n<\/tr>\n<tr>\n<td><a href=\"https:\/\/raspberrypi.dk\/no\/produkt\/cm5016064-sc1578\">CM5016064<\/a><\/td>\n<td>Nei<\/td>\n<td>16 GB RAM<\/td>\n<td>64 GB eMMC<\/td>\n<\/tr>\n<\/tbody>\n<\/table>\n<h3><strong>CM5108064 <\/strong><strong>Dokumenter<\/strong><\/h3>\n<ul>\n<li><a href=\"https:\/\/datasheets.raspberrypi.com\/cm5\/cm5-product-brief.pdf\">Raspberry Pi Compute Module 5 product brief<\/a><\/li>\n<li><a href=\"https:\/\/datasheets.raspberrypi.com\/cm5\/cm5-datasheet.pdf\">Raspberry Pi Compute Module 5 datasheet<\/a><\/li>\n<li><a href=\"https:\/\/rpltd.co\/cm5-design-files\">Raspberry Pi Compute Module 5 design files<\/a><\/li>\n<\/ul>\n","protected":false},"excerpt":{"rendered":"<p><strong>SC1602 \/ CM5108064<\/strong><\/p>\n<div class=\"woocommerce-product-details__short-description\">\n<p>Trenger din bedrift et st\u00f8rre antall CM4 eller hjelp med Raspberry Pi maskinvare\/programvare?\u00a0<a href=\"https:\/\/raspberrypi.dk\/no\/om\/b2b-salg\/\">Kontakt oss her<\/a>.<\/p>\n<\/div>\n","protected":false},"featured_media":249697,"comment_status":"open","ping_status":"closed","template":"","meta":[],"product_brand":[],"product_cat":[775],"product_tag":[786],"class_list":{"0":"post-242097","1":"product","2":"type-product","3":"status-publish","4":"has-post-thumbnail","6":"product_cat-raspberry-pi-compute-module-5-cm5-no","7":"product_tag-cm5-no","9":"first","10":"instock","11":"taxable","12":"shipping-taxable","13":"purchasable","14":"product-type-simple"},"composite_virtual":false,"composite_layout":"","composite_add_to_cart_form_location":"","composite_editable_in_cart":false,"composite_sold_individually_context":"","composite_shop_price_calc":"","composite_components":[],"composite_scenarios":[],"bundled_by":[],"bundle_stock_status":"instock","bundle_stock_quantity":21,"bundle_virtual":false,"bundle_layout":"","bundle_add_to_cart_form_location":"","bundle_editable_in_cart":false,"bundle_sold_individually_context":"","bundle_item_grouping":"","bundle_min_size":"","bundle_max_size":"","bundle_price":[],"bundled_items":[],"bundle_sell_ids":[242160,242181,131781],"yoast_head":"<!-- This site is optimized with the Yoast SEO plugin v27.1.1 - https:\/\/yoast.com\/product\/yoast-seo-wordpress\/ -->\n<title>CM5108064 - Raspberry Pi Compute Module 5 - WiFi - 8GB RAM - 64GB Storage \u2022 RaspberryPi.dk<\/title>\n<meta name=\"robots\" content=\"index, follow, max-snippet:-1, max-image-preview:large, max-video-preview:-1\" \/>\n<link rel=\"canonical\" href=\"https:\/\/raspberrypi.dk\/no\/produkt\/cm5108064-sc1602\/\" \/>\n<meta property=\"og:locale\" content=\"nb_NO\" \/>\n<meta property=\"og:type\" content=\"article\" \/>\n<meta property=\"og:title\" content=\"CM5108064 - Raspberry Pi Compute Module 5 - WiFi - 8GB RAM - 64GB Storage \u2022 RaspberryPi.dk\" \/>\n<meta property=\"og:description\" content=\"SC1602 \/ CM5108064   Trenger din bedrift et st\u00f8rre antall CM4 eller hjelp med Raspberry Pi maskinvare\/programvare?\u00a0Kontakt oss her.\" \/>\n<meta property=\"og:url\" content=\"https:\/\/raspberrypi.dk\/no\/produkt\/cm5108064-sc1602\/\" \/>\n<meta property=\"og:site_name\" content=\"RaspberryPi.dk\" \/>\n<meta property=\"article:publisher\" content=\"https:\/\/facebook.com\/RaspberryPiDanmark\" \/>\n<meta property=\"article:modified_time\" content=\"2026-03-27T10:38:28+00:00\" \/>\n<meta property=\"og:image\" content=\"https:\/\/raspberrypi.dk\/wp-content\/uploads\/2024\/11\/raspberry-pi-compute-module-5-CM5-Hero-scaled.jpg\" \/>\n\t<meta property=\"og:image:width\" content=\"2560\" \/>\n\t<meta property=\"og:image:height\" content=\"1703\" \/>\n\t<meta property=\"og:image:type\" content=\"image\/jpeg\" \/>\n<meta name=\"twitter:card\" content=\"summary_large_image\" \/>\n<meta name=\"twitter:site\" content=\"@raspberrypidk\" \/>\n<meta name=\"twitter:label1\" content=\"Ansl. lesetid\" \/>\n\t<meta name=\"twitter:data1\" content=\"5 minutter\" \/>\n<script type=\"application\/ld+json\" class=\"yoast-schema-graph\">{\"@context\":\"https:\/\/schema.org\",\"@graph\":[{\"@type\":\"WebPage\",\"@id\":\"https:\/\/raspberrypi.dk\/no\/produkt\/cm5108064-sc1602\/\",\"url\":\"https:\/\/raspberrypi.dk\/no\/produkt\/cm5108064-sc1602\/\",\"name\":\"CM5108064 - Raspberry Pi Compute Module 5 - WiFi - 8GB RAM - 64GB Storage \u2022 RaspberryPi.dk\",\"isPartOf\":{\"@id\":\"https:\/\/raspberrypi.dk\/no\/#website\"},\"primaryImageOfPage\":{\"@id\":\"https:\/\/raspberrypi.dk\/no\/produkt\/cm5108064-sc1602\/#primaryimage\"},\"image\":{\"@id\":\"https:\/\/raspberrypi.dk\/no\/produkt\/cm5108064-sc1602\/#primaryimage\"},\"thumbnailUrl\":\"https:\/\/raspberrypi.dk\/wp-content\/uploads\/2024\/11\/raspberry-pi-compute-module-5-CM5-Hero-scaled.jpg\",\"datePublished\":\"2024-11-27T08:00:49+00:00\",\"dateModified\":\"2026-03-27T10:38:28+00:00\",\"breadcrumb\":{\"@id\":\"https:\/\/raspberrypi.dk\/no\/produkt\/cm5108064-sc1602\/#breadcrumb\"},\"inLanguage\":\"nb-NO\",\"potentialAction\":[{\"@type\":\"ReadAction\",\"target\":[\"https:\/\/raspberrypi.dk\/no\/produkt\/cm5108064-sc1602\/\"]}]},{\"@type\":\"ImageObject\",\"inLanguage\":\"nb-NO\",\"@id\":\"https:\/\/raspberrypi.dk\/no\/produkt\/cm5108064-sc1602\/#primaryimage\",\"url\":\"https:\/\/raspberrypi.dk\/wp-content\/uploads\/2024\/11\/raspberry-pi-compute-module-5-CM5-Hero-scaled.jpg\",\"contentUrl\":\"https:\/\/raspberrypi.dk\/wp-content\/uploads\/2024\/11\/raspberry-pi-compute-module-5-CM5-Hero-scaled.jpg\",\"width\":2560,\"height\":1703,\"caption\":\"raspberry pi compute module 5 CM5 Hero\"},{\"@type\":\"BreadcrumbList\",\"@id\":\"https:\/\/raspberrypi.dk\/no\/produkt\/cm5108064-sc1602\/#breadcrumb\",\"itemListElement\":[{\"@type\":\"ListItem\",\"position\":1,\"name\":\"Hjem\",\"item\":\"https:\/\/raspberrypi.dk\/no\/raspberry-pi-nettbutikk\/\"},{\"@type\":\"ListItem\",\"position\":2,\"name\":\"Shop\",\"item\":\"https:\/\/raspberrypi.dk\/no\/shop-2\/\"},{\"@type\":\"ListItem\",\"position\":3,\"name\":\"CM5108064 &#8211; Raspberry Pi Compute Module 5 &#8211; WiFi &#8211; 8GB RAM &#8211; 64GB Storage\"}]},{\"@type\":\"WebSite\",\"@id\":\"https:\/\/raspberrypi.dk\/no\/#website\",\"url\":\"https:\/\/raspberrypi.dk\/no\/\",\"name\":\"RaspberryPi.dk\",\"description\":\"Danmarks f\u00f8rende Raspberry Pi side!\",\"publisher\":{\"@id\":\"https:\/\/raspberrypi.dk\/no\/#organization\"},\"potentialAction\":[{\"@type\":\"SearchAction\",\"target\":{\"@type\":\"EntryPoint\",\"urlTemplate\":\"https:\/\/raspberrypi.dk\/no\/?s={search_term_string}\"},\"query-input\":{\"@type\":\"PropertyValueSpecification\",\"valueRequired\":true,\"valueName\":\"search_term_string\"}}],\"inLanguage\":\"nb-NO\"},{\"@type\":\"Organization\",\"@id\":\"https:\/\/raspberrypi.dk\/no\/#organization\",\"name\":\"RaspberryPi.dk\",\"url\":\"https:\/\/raspberrypi.dk\/no\/\",\"logo\":{\"@type\":\"ImageObject\",\"inLanguage\":\"nb-NO\",\"@id\":\"https:\/\/raspberrypi.dk\/no\/#\/schema\/logo\/image\/\",\"url\":\"https:\/\/raspberrypi.dk\/wp-content\/uploads\/2017\/05\/RaspberryPidk_logo-2.png\",\"contentUrl\":\"https:\/\/raspberrypi.dk\/wp-content\/uploads\/2017\/05\/RaspberryPidk_logo-2.png\",\"width\":470,\"height\":110,\"caption\":\"RaspberryPi.dk\"},\"image\":{\"@id\":\"https:\/\/raspberrypi.dk\/no\/#\/schema\/logo\/image\/\"},\"sameAs\":[\"https:\/\/facebook.com\/RaspberryPiDanmark\",\"https:\/\/x.com\/raspberrypidk\",\"https:\/\/instagram.com\/raspberrypi.dk\"]}]}<\/script>\n<!-- \/ Yoast SEO plugin. -->","yoast_head_json":{"title":"CM5108064 - Raspberry Pi Compute Module 5 - WiFi - 8GB RAM - 64GB Storage \u2022 RaspberryPi.dk","robots":{"index":"index","follow":"follow","max-snippet":"max-snippet:-1","max-image-preview":"max-image-preview:large","max-video-preview":"max-video-preview:-1"},"canonical":"https:\/\/raspberrypi.dk\/no\/produkt\/cm5108064-sc1602\/","og_locale":"nb_NO","og_type":"article","og_title":"CM5108064 - Raspberry Pi Compute Module 5 - WiFi - 8GB RAM - 64GB Storage \u2022 RaspberryPi.dk","og_description":"SC1602 \/ CM5108064   Trenger din bedrift et st\u00f8rre antall CM4 eller hjelp med Raspberry Pi maskinvare\/programvare?\u00a0Kontakt oss her.","og_url":"https:\/\/raspberrypi.dk\/no\/produkt\/cm5108064-sc1602\/","og_site_name":"RaspberryPi.dk","article_publisher":"https:\/\/facebook.com\/RaspberryPiDanmark","article_modified_time":"2026-03-27T10:38:28+00:00","og_image":[{"width":2560,"height":1703,"url":"https:\/\/raspberrypi.dk\/wp-content\/uploads\/2024\/11\/raspberry-pi-compute-module-5-CM5-Hero-scaled.jpg","type":"image\/jpeg"}],"twitter_card":"summary_large_image","twitter_site":"@raspberrypidk","twitter_misc":{"Ansl. lesetid":"5 minutter"},"schema":{"@context":"https:\/\/schema.org","@graph":[{"@type":"WebPage","@id":"https:\/\/raspberrypi.dk\/no\/produkt\/cm5108064-sc1602\/","url":"https:\/\/raspberrypi.dk\/no\/produkt\/cm5108064-sc1602\/","name":"CM5108064 - Raspberry Pi Compute Module 5 - WiFi - 8GB RAM - 64GB Storage \u2022 RaspberryPi.dk","isPartOf":{"@id":"https:\/\/raspberrypi.dk\/no\/#website"},"primaryImageOfPage":{"@id":"https:\/\/raspberrypi.dk\/no\/produkt\/cm5108064-sc1602\/#primaryimage"},"image":{"@id":"https:\/\/raspberrypi.dk\/no\/produkt\/cm5108064-sc1602\/#primaryimage"},"thumbnailUrl":"https:\/\/raspberrypi.dk\/wp-content\/uploads\/2024\/11\/raspberry-pi-compute-module-5-CM5-Hero-scaled.jpg","datePublished":"2024-11-27T08:00:49+00:00","dateModified":"2026-03-27T10:38:28+00:00","breadcrumb":{"@id":"https:\/\/raspberrypi.dk\/no\/produkt\/cm5108064-sc1602\/#breadcrumb"},"inLanguage":"nb-NO","potentialAction":[{"@type":"ReadAction","target":["https:\/\/raspberrypi.dk\/no\/produkt\/cm5108064-sc1602\/"]}]},{"@type":"ImageObject","inLanguage":"nb-NO","@id":"https:\/\/raspberrypi.dk\/no\/produkt\/cm5108064-sc1602\/#primaryimage","url":"https:\/\/raspberrypi.dk\/wp-content\/uploads\/2024\/11\/raspberry-pi-compute-module-5-CM5-Hero-scaled.jpg","contentUrl":"https:\/\/raspberrypi.dk\/wp-content\/uploads\/2024\/11\/raspberry-pi-compute-module-5-CM5-Hero-scaled.jpg","width":2560,"height":1703,"caption":"raspberry pi compute module 5 CM5 Hero"},{"@type":"BreadcrumbList","@id":"https:\/\/raspberrypi.dk\/no\/produkt\/cm5108064-sc1602\/#breadcrumb","itemListElement":[{"@type":"ListItem","position":1,"name":"Hjem","item":"https:\/\/raspberrypi.dk\/no\/raspberry-pi-nettbutikk\/"},{"@type":"ListItem","position":2,"name":"Shop","item":"https:\/\/raspberrypi.dk\/no\/shop-2\/"},{"@type":"ListItem","position":3,"name":"CM5108064 &#8211; Raspberry Pi Compute Module 5 &#8211; WiFi &#8211; 8GB RAM &#8211; 64GB Storage"}]},{"@type":"WebSite","@id":"https:\/\/raspberrypi.dk\/no\/#website","url":"https:\/\/raspberrypi.dk\/no\/","name":"RaspberryPi.dk","description":"Danmarks f\u00f8rende Raspberry Pi side!","publisher":{"@id":"https:\/\/raspberrypi.dk\/no\/#organization"},"potentialAction":[{"@type":"SearchAction","target":{"@type":"EntryPoint","urlTemplate":"https:\/\/raspberrypi.dk\/no\/?s={search_term_string}"},"query-input":{"@type":"PropertyValueSpecification","valueRequired":true,"valueName":"search_term_string"}}],"inLanguage":"nb-NO"},{"@type":"Organization","@id":"https:\/\/raspberrypi.dk\/no\/#organization","name":"RaspberryPi.dk","url":"https:\/\/raspberrypi.dk\/no\/","logo":{"@type":"ImageObject","inLanguage":"nb-NO","@id":"https:\/\/raspberrypi.dk\/no\/#\/schema\/logo\/image\/","url":"https:\/\/raspberrypi.dk\/wp-content\/uploads\/2017\/05\/RaspberryPidk_logo-2.png","contentUrl":"https:\/\/raspberrypi.dk\/wp-content\/uploads\/2017\/05\/RaspberryPidk_logo-2.png","width":470,"height":110,"caption":"RaspberryPi.dk"},"image":{"@id":"https:\/\/raspberrypi.dk\/no\/#\/schema\/logo\/image\/"},"sameAs":["https:\/\/facebook.com\/RaspberryPiDanmark","https:\/\/x.com\/raspberrypidk","https:\/\/instagram.com\/raspberrypi.dk"]}]}},"_links":{"self":[{"href":"https:\/\/raspberrypi.dk\/no\/wp-json\/wp\/v2\/product\/242097","targetHints":{"allow":["GET"]}}],"collection":[{"href":"https:\/\/raspberrypi.dk\/no\/wp-json\/wp\/v2\/product"}],"about":[{"href":"https:\/\/raspberrypi.dk\/no\/wp-json\/wp\/v2\/types\/product"}],"replies":[{"embeddable":true,"href":"https:\/\/raspberrypi.dk\/no\/wp-json\/wp\/v2\/comments?post=242097"}],"wp:featuredmedia":[{"embeddable":true,"href":"https:\/\/raspberrypi.dk\/no\/wp-json\/wp\/v2\/media\/249697"}],"wp:attachment":[{"href":"https:\/\/raspberrypi.dk\/no\/wp-json\/wp\/v2\/media?parent=242097"}],"wp:term":[{"taxonomy":"product_brand","embeddable":true,"href":"https:\/\/raspberrypi.dk\/no\/wp-json\/wp\/v2\/product_brand?post=242097"},{"taxonomy":"product_cat","embeddable":true,"href":"https:\/\/raspberrypi.dk\/no\/wp-json\/wp\/v2\/product_cat?post=242097"},{"taxonomy":"product_tag","embeddable":true,"href":"https:\/\/raspberrypi.dk\/no\/wp-json\/wp\/v2\/product_tag?post=242097"}],"curies":[{"name":"wp","href":"https:\/\/api.w.org\/{rel}","templated":true}]}}