{"id":242181,"date":"2024-11-27T09:00:14","date_gmt":"2024-11-27T08:00:14","guid":{"rendered":"https:\/\/raspberrypi.dk\/?post_type=product&#038;p=242181"},"modified":"2026-03-27T11:38:28","modified_gmt":"2026-03-27T10:38:28","slug":"raspberry-pi-compute-module-5-passive-cooler-heatsink","status":"publish","type":"product","link":"https:\/\/raspberrypi.dk\/no\/produkt\/raspberry-pi-compute-module-5-passive-cooler-heatsink\/","title":{"rendered":"Raspberry Pi Compute Module 5 Passive Cooler Heatsink"},"content":{"rendered":"","protected":false},"excerpt":{"rendered":"<p>En kj\u00f8leribbe i aluminium designet for \u00e5 passe p\u00e5 en Compute Module 5. Inkluderer termiske puter for maksimal varmeoverf\u00f8ring fra CPU, minne, tr\u00e5dl\u00f8s modul (hvis montert) og eMMC (hvis montert) komponenter til selve kj\u00f8leribben.<\/p>\n","protected":false},"featured_media":249693,"comment_status":"open","ping_status":"closed","template":"","meta":[],"product_brand":[],"product_cat":[613,775],"product_tag":[786],"class_list":{"0":"post-242181","1":"product","2":"type-product","3":"status-publish","4":"has-post-thumbnail","6":"product_cat-industriell-raspberry-pi","7":"product_cat-raspberry-pi-compute-module-5-cm5-no","8":"product_tag-cm5-no","10":"first","11":"instock","12":"taxable","13":"shipping-taxable","14":"purchasable","15":"product-type-simple"},"composite_virtual":false,"composite_layout":"","composite_add_to_cart_form_location":"","composite_editable_in_cart":false,"composite_sold_individually_context":"","composite_shop_price_calc":"","composite_components":[],"composite_scenarios":[],"bundled_by":[],"bundle_stock_status":"instock","bundle_stock_quantity":547,"bundle_virtual":false,"bundle_layout":"","bundle_add_to_cart_form_location":"","bundle_editable_in_cart":false,"bundle_sold_individually_context":"","bundle_item_grouping":"","bundle_min_size":"","bundle_max_size":"","bundle_price":[],"bundled_items":[],"bundle_sell_ids":[],"yoast_head":"<!-- This site is optimized with the Yoast SEO plugin v27.1.1 - https:\/\/yoast.com\/product\/yoast-seo-wordpress\/ -->\n<title>Raspberry Pi Compute Module 5 Passive Cooler Heatsink \u2022 RaspberryPi.dk<\/title>\n<meta name=\"robots\" content=\"index, follow, max-snippet:-1, max-image-preview:large, max-video-preview:-1\" \/>\n<link rel=\"canonical\" href=\"https:\/\/raspberrypi.dk\/no\/produkt\/raspberry-pi-compute-module-5-passive-cooler-heatsink\/\" \/>\n<meta property=\"og:locale\" content=\"nb_NO\" \/>\n<meta property=\"og:type\" content=\"article\" \/>\n<meta property=\"og:title\" content=\"Raspberry Pi Compute Module 5 Passive Cooler Heatsink \u2022 RaspberryPi.dk\" \/>\n<meta property=\"og:description\" content=\"En kj\u00f8leribbe i aluminium designet for \u00e5 passe p\u00e5 en Compute Module 5. Inkluderer termiske puter for maksimal varmeoverf\u00f8ring fra CPU, minne, tr\u00e5dl\u00f8s modul (hvis montert) og eMMC (hvis montert) komponenter til selve kj\u00f8leribben.\" \/>\n<meta property=\"og:url\" content=\"https:\/\/raspberrypi.dk\/no\/produkt\/raspberry-pi-compute-module-5-passive-cooler-heatsink\/\" \/>\n<meta property=\"og:site_name\" content=\"RaspberryPi.dk\" \/>\n<meta property=\"article:publisher\" content=\"https:\/\/facebook.com\/RaspberryPiDanmark\" \/>\n<meta property=\"article:modified_time\" content=\"2026-03-27T10:38:28+00:00\" \/>\n<meta property=\"og:image\" content=\"https:\/\/raspberrypi.dk\/wp-content\/uploads\/2024\/11\/raspberry-pi-compute-module-5-CM5-Cooler-scaled.jpg\" \/>\n\t<meta property=\"og:image:width\" content=\"2560\" \/>\n\t<meta property=\"og:image:height\" content=\"1708\" \/>\n\t<meta property=\"og:image:type\" content=\"image\/jpeg\" \/>\n<meta name=\"twitter:card\" content=\"summary_large_image\" \/>\n<meta name=\"twitter:site\" content=\"@raspberrypidk\" \/>\n<meta name=\"twitter:label1\" content=\"Ansl. lesetid\" \/>\n\t<meta name=\"twitter:data1\" content=\"1 minutt\" \/>\n<script type=\"application\/ld+json\" class=\"yoast-schema-graph\">{\"@context\":\"https:\/\/schema.org\",\"@graph\":[{\"@type\":\"WebPage\",\"@id\":\"https:\/\/raspberrypi.dk\/no\/produkt\/raspberry-pi-compute-module-5-passive-cooler-heatsink\/\",\"url\":\"https:\/\/raspberrypi.dk\/no\/produkt\/raspberry-pi-compute-module-5-passive-cooler-heatsink\/\",\"name\":\"Raspberry Pi Compute Module 5 Passive Cooler Heatsink \u2022 RaspberryPi.dk\",\"isPartOf\":{\"@id\":\"https:\/\/raspberrypi.dk\/no\/#website\"},\"primaryImageOfPage\":{\"@id\":\"https:\/\/raspberrypi.dk\/no\/produkt\/raspberry-pi-compute-module-5-passive-cooler-heatsink\/#primaryimage\"},\"image\":{\"@id\":\"https:\/\/raspberrypi.dk\/no\/produkt\/raspberry-pi-compute-module-5-passive-cooler-heatsink\/#primaryimage\"},\"thumbnailUrl\":\"https:\/\/raspberrypi.dk\/wp-content\/uploads\/2024\/11\/raspberry-pi-compute-module-5-CM5-Cooler-scaled.jpg\",\"datePublished\":\"2024-11-27T08:00:14+00:00\",\"dateModified\":\"2026-03-27T10:38:28+00:00\",\"breadcrumb\":{\"@id\":\"https:\/\/raspberrypi.dk\/no\/produkt\/raspberry-pi-compute-module-5-passive-cooler-heatsink\/#breadcrumb\"},\"inLanguage\":\"nb-NO\",\"potentialAction\":[{\"@type\":\"ReadAction\",\"target\":[\"https:\/\/raspberrypi.dk\/no\/produkt\/raspberry-pi-compute-module-5-passive-cooler-heatsink\/\"]}]},{\"@type\":\"ImageObject\",\"inLanguage\":\"nb-NO\",\"@id\":\"https:\/\/raspberrypi.dk\/no\/produkt\/raspberry-pi-compute-module-5-passive-cooler-heatsink\/#primaryimage\",\"url\":\"https:\/\/raspberrypi.dk\/wp-content\/uploads\/2024\/11\/raspberry-pi-compute-module-5-CM5-Cooler-scaled.jpg\",\"contentUrl\":\"https:\/\/raspberrypi.dk\/wp-content\/uploads\/2024\/11\/raspberry-pi-compute-module-5-CM5-Cooler-scaled.jpg\",\"width\":2560,\"height\":1708,\"caption\":\"raspberry pi cm5 cooler heatsink\"},{\"@type\":\"BreadcrumbList\",\"@id\":\"https:\/\/raspberrypi.dk\/no\/produkt\/raspberry-pi-compute-module-5-passive-cooler-heatsink\/#breadcrumb\",\"itemListElement\":[{\"@type\":\"ListItem\",\"position\":1,\"name\":\"Hjem\",\"item\":\"https:\/\/raspberrypi.dk\/no\/raspberry-pi-nettbutikk\/\"},{\"@type\":\"ListItem\",\"position\":2,\"name\":\"Shop\",\"item\":\"https:\/\/raspberrypi.dk\/no\/shop-2\/\"},{\"@type\":\"ListItem\",\"position\":3,\"name\":\"Raspberry Pi Compute Module 5 Passive Cooler Heatsink\"}]},{\"@type\":\"WebSite\",\"@id\":\"https:\/\/raspberrypi.dk\/no\/#website\",\"url\":\"https:\/\/raspberrypi.dk\/no\/\",\"name\":\"RaspberryPi.dk\",\"description\":\"Danmarks f\u00f8rende Raspberry Pi side!\",\"publisher\":{\"@id\":\"https:\/\/raspberrypi.dk\/no\/#organization\"},\"potentialAction\":[{\"@type\":\"SearchAction\",\"target\":{\"@type\":\"EntryPoint\",\"urlTemplate\":\"https:\/\/raspberrypi.dk\/no\/?s={search_term_string}\"},\"query-input\":{\"@type\":\"PropertyValueSpecification\",\"valueRequired\":true,\"valueName\":\"search_term_string\"}}],\"inLanguage\":\"nb-NO\"},{\"@type\":\"Organization\",\"@id\":\"https:\/\/raspberrypi.dk\/no\/#organization\",\"name\":\"RaspberryPi.dk\",\"url\":\"https:\/\/raspberrypi.dk\/no\/\",\"logo\":{\"@type\":\"ImageObject\",\"inLanguage\":\"nb-NO\",\"@id\":\"https:\/\/raspberrypi.dk\/no\/#\/schema\/logo\/image\/\",\"url\":\"https:\/\/raspberrypi.dk\/wp-content\/uploads\/2017\/05\/RaspberryPidk_logo-2.png\",\"contentUrl\":\"https:\/\/raspberrypi.dk\/wp-content\/uploads\/2017\/05\/RaspberryPidk_logo-2.png\",\"width\":470,\"height\":110,\"caption\":\"RaspberryPi.dk\"},\"image\":{\"@id\":\"https:\/\/raspberrypi.dk\/no\/#\/schema\/logo\/image\/\"},\"sameAs\":[\"https:\/\/facebook.com\/RaspberryPiDanmark\",\"https:\/\/x.com\/raspberrypidk\",\"https:\/\/instagram.com\/raspberrypi.dk\"]}]}<\/script>\n<!-- \/ Yoast SEO plugin. -->","yoast_head_json":{"title":"Raspberry Pi Compute Module 5 Passive Cooler Heatsink \u2022 RaspberryPi.dk","robots":{"index":"index","follow":"follow","max-snippet":"max-snippet:-1","max-image-preview":"max-image-preview:large","max-video-preview":"max-video-preview:-1"},"canonical":"https:\/\/raspberrypi.dk\/no\/produkt\/raspberry-pi-compute-module-5-passive-cooler-heatsink\/","og_locale":"nb_NO","og_type":"article","og_title":"Raspberry Pi Compute Module 5 Passive Cooler Heatsink \u2022 RaspberryPi.dk","og_description":"En kj\u00f8leribbe i aluminium designet for \u00e5 passe p\u00e5 en Compute Module 5. Inkluderer termiske puter for maksimal varmeoverf\u00f8ring fra CPU, minne, tr\u00e5dl\u00f8s modul (hvis montert) og eMMC (hvis montert) komponenter til selve kj\u00f8leribben.","og_url":"https:\/\/raspberrypi.dk\/no\/produkt\/raspberry-pi-compute-module-5-passive-cooler-heatsink\/","og_site_name":"RaspberryPi.dk","article_publisher":"https:\/\/facebook.com\/RaspberryPiDanmark","article_modified_time":"2026-03-27T10:38:28+00:00","og_image":[{"width":2560,"height":1708,"url":"https:\/\/raspberrypi.dk\/wp-content\/uploads\/2024\/11\/raspberry-pi-compute-module-5-CM5-Cooler-scaled.jpg","type":"image\/jpeg"}],"twitter_card":"summary_large_image","twitter_site":"@raspberrypidk","twitter_misc":{"Ansl. lesetid":"1 minutt"},"schema":{"@context":"https:\/\/schema.org","@graph":[{"@type":"WebPage","@id":"https:\/\/raspberrypi.dk\/no\/produkt\/raspberry-pi-compute-module-5-passive-cooler-heatsink\/","url":"https:\/\/raspberrypi.dk\/no\/produkt\/raspberry-pi-compute-module-5-passive-cooler-heatsink\/","name":"Raspberry Pi Compute Module 5 Passive Cooler Heatsink \u2022 RaspberryPi.dk","isPartOf":{"@id":"https:\/\/raspberrypi.dk\/no\/#website"},"primaryImageOfPage":{"@id":"https:\/\/raspberrypi.dk\/no\/produkt\/raspberry-pi-compute-module-5-passive-cooler-heatsink\/#primaryimage"},"image":{"@id":"https:\/\/raspberrypi.dk\/no\/produkt\/raspberry-pi-compute-module-5-passive-cooler-heatsink\/#primaryimage"},"thumbnailUrl":"https:\/\/raspberrypi.dk\/wp-content\/uploads\/2024\/11\/raspberry-pi-compute-module-5-CM5-Cooler-scaled.jpg","datePublished":"2024-11-27T08:00:14+00:00","dateModified":"2026-03-27T10:38:28+00:00","breadcrumb":{"@id":"https:\/\/raspberrypi.dk\/no\/produkt\/raspberry-pi-compute-module-5-passive-cooler-heatsink\/#breadcrumb"},"inLanguage":"nb-NO","potentialAction":[{"@type":"ReadAction","target":["https:\/\/raspberrypi.dk\/no\/produkt\/raspberry-pi-compute-module-5-passive-cooler-heatsink\/"]}]},{"@type":"ImageObject","inLanguage":"nb-NO","@id":"https:\/\/raspberrypi.dk\/no\/produkt\/raspberry-pi-compute-module-5-passive-cooler-heatsink\/#primaryimage","url":"https:\/\/raspberrypi.dk\/wp-content\/uploads\/2024\/11\/raspberry-pi-compute-module-5-CM5-Cooler-scaled.jpg","contentUrl":"https:\/\/raspberrypi.dk\/wp-content\/uploads\/2024\/11\/raspberry-pi-compute-module-5-CM5-Cooler-scaled.jpg","width":2560,"height":1708,"caption":"raspberry pi cm5 cooler heatsink"},{"@type":"BreadcrumbList","@id":"https:\/\/raspberrypi.dk\/no\/produkt\/raspberry-pi-compute-module-5-passive-cooler-heatsink\/#breadcrumb","itemListElement":[{"@type":"ListItem","position":1,"name":"Hjem","item":"https:\/\/raspberrypi.dk\/no\/raspberry-pi-nettbutikk\/"},{"@type":"ListItem","position":2,"name":"Shop","item":"https:\/\/raspberrypi.dk\/no\/shop-2\/"},{"@type":"ListItem","position":3,"name":"Raspberry Pi Compute Module 5 Passive Cooler Heatsink"}]},{"@type":"WebSite","@id":"https:\/\/raspberrypi.dk\/no\/#website","url":"https:\/\/raspberrypi.dk\/no\/","name":"RaspberryPi.dk","description":"Danmarks f\u00f8rende Raspberry Pi side!","publisher":{"@id":"https:\/\/raspberrypi.dk\/no\/#organization"},"potentialAction":[{"@type":"SearchAction","target":{"@type":"EntryPoint","urlTemplate":"https:\/\/raspberrypi.dk\/no\/?s={search_term_string}"},"query-input":{"@type":"PropertyValueSpecification","valueRequired":true,"valueName":"search_term_string"}}],"inLanguage":"nb-NO"},{"@type":"Organization","@id":"https:\/\/raspberrypi.dk\/no\/#organization","name":"RaspberryPi.dk","url":"https:\/\/raspberrypi.dk\/no\/","logo":{"@type":"ImageObject","inLanguage":"nb-NO","@id":"https:\/\/raspberrypi.dk\/no\/#\/schema\/logo\/image\/","url":"https:\/\/raspberrypi.dk\/wp-content\/uploads\/2017\/05\/RaspberryPidk_logo-2.png","contentUrl":"https:\/\/raspberrypi.dk\/wp-content\/uploads\/2017\/05\/RaspberryPidk_logo-2.png","width":470,"height":110,"caption":"RaspberryPi.dk"},"image":{"@id":"https:\/\/raspberrypi.dk\/no\/#\/schema\/logo\/image\/"},"sameAs":["https:\/\/facebook.com\/RaspberryPiDanmark","https:\/\/x.com\/raspberrypidk","https:\/\/instagram.com\/raspberrypi.dk"]}]}},"_links":{"self":[{"href":"https:\/\/raspberrypi.dk\/no\/wp-json\/wp\/v2\/product\/242181","targetHints":{"allow":["GET"]}}],"collection":[{"href":"https:\/\/raspberrypi.dk\/no\/wp-json\/wp\/v2\/product"}],"about":[{"href":"https:\/\/raspberrypi.dk\/no\/wp-json\/wp\/v2\/types\/product"}],"replies":[{"embeddable":true,"href":"https:\/\/raspberrypi.dk\/no\/wp-json\/wp\/v2\/comments?post=242181"}],"wp:featuredmedia":[{"embeddable":true,"href":"https:\/\/raspberrypi.dk\/no\/wp-json\/wp\/v2\/media\/249693"}],"wp:attachment":[{"href":"https:\/\/raspberrypi.dk\/no\/wp-json\/wp\/v2\/media?parent=242181"}],"wp:term":[{"taxonomy":"product_brand","embeddable":true,"href":"https:\/\/raspberrypi.dk\/no\/wp-json\/wp\/v2\/product_brand?post=242181"},{"taxonomy":"product_cat","embeddable":true,"href":"https:\/\/raspberrypi.dk\/no\/wp-json\/wp\/v2\/product_cat?post=242181"},{"taxonomy":"product_tag","embeddable":true,"href":"https:\/\/raspberrypi.dk\/no\/wp-json\/wp\/v2\/product_tag?post=242181"}],"curies":[{"name":"wp","href":"https:\/\/api.w.org\/{rel}","templated":true}]}}