{"id":256335,"date":"2024-12-19T20:00:32","date_gmt":"2024-12-19T19:00:32","guid":{"rendered":"https:\/\/raspberrypi.dk\/?post_type=product&#038;p=256335"},"modified":"2026-04-02T23:18:45","modified_gmt":"2026-04-02T21:18:45","slug":"home-assistant-voice-preview-edition","status":"publish","type":"product","link":"https:\/\/raspberrypi.dk\/no\/produkt\/home-assistant-voice-preview-edition\/","title":{"rendered":"Home Assistant Voice Preview Edition"},"content":{"rendered":"<p><a href=\"https:\/\/voice-pe.home-assistant.io\/\">Getting Started, Documentation and Support here<\/a><\/p>\n<p><span style=\"font-weight: 400;\">Home Assistant Voice Preview Edition is the open source, privacy-focused voice assistant built to seamlessly connect with Home Assistant, and preview the future of voice today. <\/span><span style=\"font-weight: 400;\">Its advanced audio processor and dual microphones allow it<\/span> <span style=\"font-weight: 400;\">to hear your commands and control devices<\/span><span style=\"font-weight: 400;\">. Tactile controls, the injection-molded case and LED ring lend to its premium feel, allowing it to blend into the home.<\/span><\/p>\n<h2><span style=\"font-weight: 400;\">Key messages<\/span><\/h2>\n<table>\n<tbody>\n<tr>\n<td><b>Note: <\/b><span style=\"font-weight: 400;\">Voice Preview Edition requires Home Assistant to operate. Weaker Home Assistant hardware can lead to slow speech processing. If you have lower-power Home Assistant hardware, you should offload speech processing to <\/span><a href=\"https:\/\/www.home-assistant.io\/cloud\/\"><span style=\"font-weight: 400;\">Home Assistant Cloud<\/span><\/a><span style=\"font-weight: 400;\">.<\/span><\/td>\n<\/tr>\n<\/tbody>\n<\/table>\n<ul>\n<li><b>Built for Home Assistant:<\/b><span style=\"font-weight: 400;\"> The first voice hardware designed by the team driving the development of Home Assistant, and built from the ground up to work with Home Assistant.\u00a0<\/span><\/li>\n<li aria-level=\"1\"><b>Preview the future of voice today: <\/b><span style=\"font-weight: 400;\">Home Assistant is rapidly advancing their open source, privacy-focused voice assistant for the home. Preview Edition was built to help more people participate in development and allow anyone to preview the future of voice today.<\/span><\/li>\n<li aria-level=\"1\"><b>The easiest way to start with Assist:<\/b><span style=\"font-weight: 400;\"> Just connect it to USB-C power (cable and power supply not included) and it will connect with Home Assistant via an intuitive installation wizard. No assembly required.\u00a0<\/span><\/li>\n<li aria-level=\"1\"><b>The private voice assistant<\/b><span style=\"font-weight: 400;\">: Pairing Voice Preview Edition with powerful Home Assistant hardware can allow it to run fully locally, or offload its audio processing to the privacy-focused <\/span><a href=\"https:\/\/www.home-assistant.io\/cloud\/\"><span style=\"font-weight: 400;\">Home Assistant Cloud<\/span><\/a><span style=\"font-weight: 400;\">. It also includes a hardware mute switch that physically cuts power to the microphones.<\/span><\/li>\n<li aria-level=\"1\"><b>Language support:<\/b><span style=\"font-weight: 400;\"> Assist aims to support more languages than other voice assistants, but this is still a work in progress, and Home Assistant needs your help. Check the <\/span><a href=\"https:\/\/www.home-assistant.io\/voice_control\/#supported-languages-and-sentences\"><span style=\"font-weight: 400;\">supported languages<\/span><\/a><span style=\"font-weight: 400;\"> in the Home Assistant\u2019s Assist documentation.<\/span><\/li>\n<li aria-level=\"1\"><b>Advanced Audio Processing:<\/b><span style=\"font-weight: 400;\"> Dual microphones and the XMOS audio processor cuts through noise to hear your voice clearly.<\/span><\/li>\n<li aria-level=\"1\"><b>Visual and audio feedback<\/b><span style=\"font-weight: 400;\">: The multicolored LED ring displays when it&#8217;s listening, volume levels, and more. Get sensor readings, timers and other feedback via its speaker. Connect an external speaker for media playback via its 3.5mm headphone jack.<\/span><\/li>\n<li aria-level=\"1\"><b>Physical controls: <\/b><span style=\"font-weight: 400;\">The rotary dial lets you control volume and LED brightness, while the multifunction button can trigger Assist or be customized in Home Assistant.<\/span><\/li>\n<li aria-level=\"1\"><b>Blends into the home<\/b><span style=\"font-weight: 400;\">: Its small, unobtrusive design is injection-molded giving it a premium look, and its tactile controls give it a premium feel.<\/span><\/li>\n<li aria-level=\"1\"><b>Expandable:<\/b><span style=\"font-weight: 400;\"> Built on ESPHome, sensors can be added via the included Grove port.<\/span><\/li>\n<li aria-level=\"1\"><b>Fully open and community-driven: <\/b><span style=\"font-weight: 400;\">Completely open software, firmware, and hardware lets you make it work the way you want.\u00a0 All backed by a dedicated community customizing and adding functionality.<\/span><\/li>\n<\/ul>\n<ul>\n<li style=\"list-style-type: none;\"><\/li>\n<\/ul>\n<h1><span style=\"font-weight: 400;\">Specifications<\/span><\/h1>\n<table>\n<tbody>\n<tr>\n<td><span style=\"font-weight: 400;\">SoC<\/span><\/td>\n<td><span style=\"font-weight: 400;\">ESP32-S3\u00a0 SoC with <\/span><span style=\"font-weight: 400;\"><br \/>\n<\/span><span style=\"font-weight: 400;\">16 MB of FLASH storage<\/span><span style=\"font-weight: 400;\">8 MB octal PSRAM<\/span><\/td>\n<\/tr>\n<tr>\n<td><span style=\"font-weight: 400;\">Audio Processing<\/span><\/td>\n<td><span style=\"font-weight: 400;\">XMOS XU316<\/span><\/p>\n<p><span style=\"font-weight: 400;\">Featuring:<\/span><\/p>\n<p><span style=\"font-weight: 400;\">Echo cancellation<\/span><\/p>\n<p><span style=\"font-weight: 400;\">Stationary noise removal<\/span><\/p>\n<p><span style=\"font-weight: 400;\">Auto gain control<\/span><\/td>\n<\/tr>\n<tr>\n<td><span style=\"font-weight: 400;\">Power\/data<\/span><\/td>\n<td><span style=\"font-weight: 400;\">USB-C, 5 V DC, 2 A<\/span><\/td>\n<\/tr>\n<tr>\n<td><span style=\"font-weight: 400;\">Radios<\/span><\/td>\n<td><span style=\"font-weight: 400;\">2.4 GHz Wi-Fi<\/span><\/p>\n<p><span style=\"font-weight: 400;\">Bluetooth 5.0 Low Energy<\/span><\/td>\n<\/tr>\n<tr>\n<td><span style=\"font-weight: 400;\">Audio output<\/span><\/td>\n<td><span style=\"font-weight: 400;\">3.5 mm (\u215b\u201d) stereo headphone jack<\/span><\/p>\n<p><span style=\"font-weight: 400;\">Digital to analog converter (DAC):\u00a0<\/span><\/p>\n<p><span style=\"font-weight: 400;\">TI AIC3202<\/span><\/p>\n<p><span style=\"font-weight: 400;\">48 kHz sampling rate<\/span><\/td>\n<\/tr>\n<tr>\n<td><span style=\"font-weight: 400;\">Physical controls<\/span><\/td>\n<td><span style=\"font-weight: 400;\">Multipurpose button\u00a0<\/span><\/p>\n<p><span style=\"font-weight: 400;\">Rotary dial for volume and other input<\/span><\/p>\n<p><span style=\"font-weight: 400;\">Mute switch that physically cuts power to the microphone<\/span><\/td>\n<\/tr>\n<tr>\n<td><span style=\"font-weight: 400;\">Microphone &amp; speaker<\/span><\/td>\n<td><span style=\"font-weight: 400;\">Internal speaker<\/span><span style=\"font-weight: 400;\"><br \/>\n<\/span><span style=\"font-weight: 400;\">Internal dual-mic array<\/span><span style=\"font-weight: 400;\"><br \/>\n<\/span><span style=\"font-weight: 400;\">Hardware mute switch<\/span><span style=\"font-weight: 400;\">Dedicated I2S lines for audio in and out<\/span><\/td>\n<\/tr>\n<tr>\n<td><span style=\"font-weight: 400;\">Expandability<\/span><\/td>\n<td><span style=\"font-weight: 400;\">Grove port to connect sensors or other accessories<\/span><\/p>\n<p><span style=\"font-weight: 400;\">Easy to open &#8211; no clips, only screws to access internals<\/span><\/p>\n<p><span style=\"font-weight: 400;\">Exposed pads on PCB for modding\u00a0<\/span><\/td>\n<\/tr>\n<tr>\n<td><span style=\"font-weight: 400;\">Software<\/span><\/td>\n<td><span style=\"font-weight: 400;\">ESPHome preloaded<\/span><\/p>\n<p><span style=\"font-weight: 400;\">Fully open-source firmware for both the ESP32 and XMOS chip<\/span><\/td>\n<\/tr>\n<tr>\n<td><span style=\"font-weight: 400;\">Requirements<\/span><\/td>\n<td><span style=\"font-weight: 400;\">Home Assistant already configured on another device.\u00a0<\/span><\/p>\n<p><span style=\"font-weight: 400;\">For fully local speech processing, it is recommended to have a Home Assistant system based on an Intel N100 or higher. Weaker hardware will require a Home Assistant Cloud subscription for optimal speech processing performance.<\/span><\/td>\n<\/tr>\n<tr>\n<td><span style=\"font-weight: 400;\">Language support<\/span><\/td>\n<td><span style=\"font-weight: 400;\">Check Home Assistant Assist documentation for an <\/span><a href=\"https:\/\/www.home-assistant.io\/voice_control\/#supported-languages-and-sentences\"><span style=\"font-weight: 400;\">up-to-date list<\/span><\/a><span style=\"font-weight: 400;\">.<\/span><\/td>\n<\/tr>\n<tr>\n<td><span style=\"font-weight: 400;\">Environmental conditions<\/span><span style=\"font-weight: 400;\"><br \/>\n<\/span><span style=\"font-weight: 400;\">for operation<\/span><\/td>\n<td><span style=\"font-weight: 400;\">Indoor use only<\/span><\/p>\n<p><span style=\"font-weight: 400;\">O \u00b0C to 30 \u00b0C<\/span><\/p>\n<p><span style=\"font-weight: 400;\">32 \u00b0F to 86 \u00b0F<\/span><\/p>\n<p><span style=\"font-weight: 400;\">Humidity: non-condensing<\/span><\/p>\n<p><span style=\"font-weight: 400;\">Keep in dry, not excessively dusty environment as this can cause damage to the unit<\/span><\/td>\n<\/tr>\n<tr>\n<td><span style=\"font-weight: 400;\">Dimensions &amp; weight<\/span><\/td>\n<td><span style=\"font-weight: 400;\">84x84x21 mm, 96 g | with box: 94x94x30 mm, 120g<\/span><\/td>\n<\/tr>\n<tr>\n<td><span style=\"font-weight: 400;\">Material<\/span><\/td>\n<td><span style=\"font-weight: 400;\">Enclosure:<\/span><\/p>\n<p><span style=\"font-weight: 400;\">Injection-molded<\/span><\/p>\n<p><span style=\"font-weight: 400;\">Polycarbonate plastic\u00a0<\/span><\/p>\n<p><span style=\"font-weight: 400;\">Colors: White and Semi-transparent<\/span><\/td>\n<\/tr>\n<\/tbody>\n<\/table>\n","protected":false},"excerpt":{"rendered":"<p>Home Assistant Voice Preview Edition er den f\u00f8rste stemmeassistenten bygget for s\u00f8ml\u00f8st integrering med Home Assistant. Denne \u00e5pen kildekode, personvernfokuserte enheten har avansert lydbehandling, alt inneholdt i en f\u00f8rsteklasses design som smelter inn i hjemmet.<\/p>\n","protected":false},"featured_media":256276,"comment_status":"open","ping_status":"closed","template":"","meta":[],"product_brand":[],"product_cat":[657],"product_tag":[],"class_list":{"0":"post-256335","1":"product","2":"type-product","3":"status-publish","4":"has-post-thumbnail","6":"product_cat-home-assistant-no","8":"first","9":"instock","10":"sale","11":"taxable","12":"shipping-taxable","13":"purchasable","14":"product-type-simple"},"composite_virtual":false,"composite_layout":"","composite_add_to_cart_form_location":"","composite_editable_in_cart":false,"composite_sold_individually_context":"","composite_shop_price_calc":"","composite_components":[],"composite_scenarios":[],"bundled_by":[],"bundle_stock_status":"instock","bundle_stock_quantity":20,"bundle_virtual":false,"bundle_layout":"","bundle_add_to_cart_form_location":"","bundle_editable_in_cart":false,"bundle_sold_individually_context":"","bundle_item_grouping":"","bundle_min_size":"","bundle_max_size":"","bundle_price":[],"bundled_items":[],"bundle_sell_ids":[],"yoast_head":"<!-- This site is optimized with the Yoast SEO plugin v27.1.1 - https:\/\/yoast.com\/product\/yoast-seo-wordpress\/ -->\n<title>Home Assistant Voice Preview Edition \u2022 RaspberryPi.dk<\/title>\n<meta name=\"robots\" content=\"index, follow, max-snippet:-1, max-image-preview:large, max-video-preview:-1\" \/>\n<link rel=\"canonical\" href=\"https:\/\/raspberrypi.dk\/no\/produkt\/home-assistant-voice-preview-edition\/\" \/>\n<meta property=\"og:locale\" content=\"nb_NO\" \/>\n<meta property=\"og:type\" content=\"article\" \/>\n<meta property=\"og:title\" content=\"Home Assistant Voice Preview Edition \u2022 RaspberryPi.dk\" \/>\n<meta property=\"og:description\" content=\"Home Assistant Voice Preview Edition er den f\u00f8rste stemmeassistenten bygget for s\u00f8ml\u00f8st integrering med Home Assistant. Denne \u00e5pen kildekode, personvernfokuserte enheten har avansert lydbehandling, alt inneholdt i en f\u00f8rsteklasses design som smelter inn i hjemmet.\" \/>\n<meta property=\"og:url\" content=\"https:\/\/raspberrypi.dk\/no\/produkt\/home-assistant-voice-preview-edition\/\" \/>\n<meta property=\"og:site_name\" content=\"RaspberryPi.dk\" \/>\n<meta property=\"article:publisher\" content=\"https:\/\/facebook.com\/RaspberryPiDanmark\" \/>\n<meta property=\"article:modified_time\" content=\"2026-04-02T21:18:45+00:00\" \/>\n<meta property=\"og:image\" content=\"https:\/\/raspberrypi.dk\/wp-content\/uploads\/2024\/12\/Voice-Preview-Edition-Device-1.-Diagonal-front.png\" \/>\n\t<meta property=\"og:image:width\" content=\"2250\" \/>\n\t<meta property=\"og:image:height\" content=\"1500\" \/>\n\t<meta property=\"og:image:type\" content=\"image\/png\" \/>\n<meta name=\"twitter:card\" content=\"summary_large_image\" \/>\n<meta name=\"twitter:site\" content=\"@raspberrypidk\" \/>\n<meta name=\"twitter:label1\" content=\"Ansl. lesetid\" \/>\n\t<meta name=\"twitter:data1\" content=\"4 minutter\" \/>\n<script type=\"application\/ld+json\" class=\"yoast-schema-graph\">{\"@context\":\"https:\/\/schema.org\",\"@graph\":[{\"@type\":\"WebPage\",\"@id\":\"https:\/\/raspberrypi.dk\/no\/produkt\/home-assistant-voice-preview-edition\/\",\"url\":\"https:\/\/raspberrypi.dk\/no\/produkt\/home-assistant-voice-preview-edition\/\",\"name\":\"Home Assistant Voice Preview Edition \u2022 RaspberryPi.dk\",\"isPartOf\":{\"@id\":\"https:\/\/raspberrypi.dk\/no\/#website\"},\"primaryImageOfPage\":{\"@id\":\"https:\/\/raspberrypi.dk\/no\/produkt\/home-assistant-voice-preview-edition\/#primaryimage\"},\"image\":{\"@id\":\"https:\/\/raspberrypi.dk\/no\/produkt\/home-assistant-voice-preview-edition\/#primaryimage\"},\"thumbnailUrl\":\"https:\/\/raspberrypi.dk\/wp-content\/uploads\/2024\/12\/Voice-Preview-Edition-Device-1.-Diagonal-front.png\",\"datePublished\":\"2024-12-19T19:00:32+00:00\",\"dateModified\":\"2026-04-02T21:18:45+00:00\",\"breadcrumb\":{\"@id\":\"https:\/\/raspberrypi.dk\/no\/produkt\/home-assistant-voice-preview-edition\/#breadcrumb\"},\"inLanguage\":\"nb-NO\",\"potentialAction\":[{\"@type\":\"ReadAction\",\"target\":[\"https:\/\/raspberrypi.dk\/no\/produkt\/home-assistant-voice-preview-edition\/\"]}]},{\"@type\":\"ImageObject\",\"inLanguage\":\"nb-NO\",\"@id\":\"https:\/\/raspberrypi.dk\/no\/produkt\/home-assistant-voice-preview-edition\/#primaryimage\",\"url\":\"https:\/\/raspberrypi.dk\/wp-content\/uploads\/2024\/12\/Voice-Preview-Edition-Device-1.-Diagonal-front.png\",\"contentUrl\":\"https:\/\/raspberrypi.dk\/wp-content\/uploads\/2024\/12\/Voice-Preview-Edition-Device-1.-Diagonal-front.png\",\"width\":2250,\"height\":1500,\"caption\":\"Home Assistant Voice Preview Edition\"},{\"@type\":\"BreadcrumbList\",\"@id\":\"https:\/\/raspberrypi.dk\/no\/produkt\/home-assistant-voice-preview-edition\/#breadcrumb\",\"itemListElement\":[{\"@type\":\"ListItem\",\"position\":1,\"name\":\"Hjem\",\"item\":\"https:\/\/raspberrypi.dk\/no\/raspberry-pi-nettbutikk\/\"},{\"@type\":\"ListItem\",\"position\":2,\"name\":\"Shop\",\"item\":\"https:\/\/raspberrypi.dk\/no\/shop-2\/\"},{\"@type\":\"ListItem\",\"position\":3,\"name\":\"Home Assistant Voice Preview Edition\"}]},{\"@type\":\"WebSite\",\"@id\":\"https:\/\/raspberrypi.dk\/no\/#website\",\"url\":\"https:\/\/raspberrypi.dk\/no\/\",\"name\":\"RaspberryPi.dk\",\"description\":\"Danmarks f\u00f8rende Raspberry Pi side!\",\"publisher\":{\"@id\":\"https:\/\/raspberrypi.dk\/no\/#organization\"},\"potentialAction\":[{\"@type\":\"SearchAction\",\"target\":{\"@type\":\"EntryPoint\",\"urlTemplate\":\"https:\/\/raspberrypi.dk\/no\/?s={search_term_string}\"},\"query-input\":{\"@type\":\"PropertyValueSpecification\",\"valueRequired\":true,\"valueName\":\"search_term_string\"}}],\"inLanguage\":\"nb-NO\"},{\"@type\":\"Organization\",\"@id\":\"https:\/\/raspberrypi.dk\/no\/#organization\",\"name\":\"RaspberryPi.dk\",\"url\":\"https:\/\/raspberrypi.dk\/no\/\",\"logo\":{\"@type\":\"ImageObject\",\"inLanguage\":\"nb-NO\",\"@id\":\"https:\/\/raspberrypi.dk\/no\/#\/schema\/logo\/image\/\",\"url\":\"https:\/\/raspberrypi.dk\/wp-content\/uploads\/2017\/05\/RaspberryPidk_logo-2.png\",\"contentUrl\":\"https:\/\/raspberrypi.dk\/wp-content\/uploads\/2017\/05\/RaspberryPidk_logo-2.png\",\"width\":470,\"height\":110,\"caption\":\"RaspberryPi.dk\"},\"image\":{\"@id\":\"https:\/\/raspberrypi.dk\/no\/#\/schema\/logo\/image\/\"},\"sameAs\":[\"https:\/\/facebook.com\/RaspberryPiDanmark\",\"https:\/\/x.com\/raspberrypidk\",\"https:\/\/instagram.com\/raspberrypi.dk\"]}]}<\/script>\n<!-- \/ Yoast SEO plugin. -->","yoast_head_json":{"title":"Home Assistant Voice Preview Edition \u2022 RaspberryPi.dk","robots":{"index":"index","follow":"follow","max-snippet":"max-snippet:-1","max-image-preview":"max-image-preview:large","max-video-preview":"max-video-preview:-1"},"canonical":"https:\/\/raspberrypi.dk\/no\/produkt\/home-assistant-voice-preview-edition\/","og_locale":"nb_NO","og_type":"article","og_title":"Home Assistant Voice Preview Edition \u2022 RaspberryPi.dk","og_description":"Home Assistant Voice Preview Edition er den f\u00f8rste stemmeassistenten bygget for s\u00f8ml\u00f8st integrering med Home Assistant. Denne \u00e5pen kildekode, personvernfokuserte enheten har avansert lydbehandling, alt inneholdt i en f\u00f8rsteklasses design som smelter inn i hjemmet.","og_url":"https:\/\/raspberrypi.dk\/no\/produkt\/home-assistant-voice-preview-edition\/","og_site_name":"RaspberryPi.dk","article_publisher":"https:\/\/facebook.com\/RaspberryPiDanmark","article_modified_time":"2026-04-02T21:18:45+00:00","og_image":[{"width":2250,"height":1500,"url":"https:\/\/raspberrypi.dk\/wp-content\/uploads\/2024\/12\/Voice-Preview-Edition-Device-1.-Diagonal-front.png","type":"image\/png"}],"twitter_card":"summary_large_image","twitter_site":"@raspberrypidk","twitter_misc":{"Ansl. lesetid":"4 minutter"},"schema":{"@context":"https:\/\/schema.org","@graph":[{"@type":"WebPage","@id":"https:\/\/raspberrypi.dk\/no\/produkt\/home-assistant-voice-preview-edition\/","url":"https:\/\/raspberrypi.dk\/no\/produkt\/home-assistant-voice-preview-edition\/","name":"Home Assistant Voice Preview Edition \u2022 RaspberryPi.dk","isPartOf":{"@id":"https:\/\/raspberrypi.dk\/no\/#website"},"primaryImageOfPage":{"@id":"https:\/\/raspberrypi.dk\/no\/produkt\/home-assistant-voice-preview-edition\/#primaryimage"},"image":{"@id":"https:\/\/raspberrypi.dk\/no\/produkt\/home-assistant-voice-preview-edition\/#primaryimage"},"thumbnailUrl":"https:\/\/raspberrypi.dk\/wp-content\/uploads\/2024\/12\/Voice-Preview-Edition-Device-1.-Diagonal-front.png","datePublished":"2024-12-19T19:00:32+00:00","dateModified":"2026-04-02T21:18:45+00:00","breadcrumb":{"@id":"https:\/\/raspberrypi.dk\/no\/produkt\/home-assistant-voice-preview-edition\/#breadcrumb"},"inLanguage":"nb-NO","potentialAction":[{"@type":"ReadAction","target":["https:\/\/raspberrypi.dk\/no\/produkt\/home-assistant-voice-preview-edition\/"]}]},{"@type":"ImageObject","inLanguage":"nb-NO","@id":"https:\/\/raspberrypi.dk\/no\/produkt\/home-assistant-voice-preview-edition\/#primaryimage","url":"https:\/\/raspberrypi.dk\/wp-content\/uploads\/2024\/12\/Voice-Preview-Edition-Device-1.-Diagonal-front.png","contentUrl":"https:\/\/raspberrypi.dk\/wp-content\/uploads\/2024\/12\/Voice-Preview-Edition-Device-1.-Diagonal-front.png","width":2250,"height":1500,"caption":"Home Assistant Voice Preview Edition"},{"@type":"BreadcrumbList","@id":"https:\/\/raspberrypi.dk\/no\/produkt\/home-assistant-voice-preview-edition\/#breadcrumb","itemListElement":[{"@type":"ListItem","position":1,"name":"Hjem","item":"https:\/\/raspberrypi.dk\/no\/raspberry-pi-nettbutikk\/"},{"@type":"ListItem","position":2,"name":"Shop","item":"https:\/\/raspberrypi.dk\/no\/shop-2\/"},{"@type":"ListItem","position":3,"name":"Home Assistant Voice Preview Edition"}]},{"@type":"WebSite","@id":"https:\/\/raspberrypi.dk\/no\/#website","url":"https:\/\/raspberrypi.dk\/no\/","name":"RaspberryPi.dk","description":"Danmarks f\u00f8rende Raspberry Pi side!","publisher":{"@id":"https:\/\/raspberrypi.dk\/no\/#organization"},"potentialAction":[{"@type":"SearchAction","target":{"@type":"EntryPoint","urlTemplate":"https:\/\/raspberrypi.dk\/no\/?s={search_term_string}"},"query-input":{"@type":"PropertyValueSpecification","valueRequired":true,"valueName":"search_term_string"}}],"inLanguage":"nb-NO"},{"@type":"Organization","@id":"https:\/\/raspberrypi.dk\/no\/#organization","name":"RaspberryPi.dk","url":"https:\/\/raspberrypi.dk\/no\/","logo":{"@type":"ImageObject","inLanguage":"nb-NO","@id":"https:\/\/raspberrypi.dk\/no\/#\/schema\/logo\/image\/","url":"https:\/\/raspberrypi.dk\/wp-content\/uploads\/2017\/05\/RaspberryPidk_logo-2.png","contentUrl":"https:\/\/raspberrypi.dk\/wp-content\/uploads\/2017\/05\/RaspberryPidk_logo-2.png","width":470,"height":110,"caption":"RaspberryPi.dk"},"image":{"@id":"https:\/\/raspberrypi.dk\/no\/#\/schema\/logo\/image\/"},"sameAs":["https:\/\/facebook.com\/RaspberryPiDanmark","https:\/\/x.com\/raspberrypidk","https:\/\/instagram.com\/raspberrypi.dk"]}]}},"_links":{"self":[{"href":"https:\/\/raspberrypi.dk\/no\/wp-json\/wp\/v2\/product\/256335","targetHints":{"allow":["GET"]}}],"collection":[{"href":"https:\/\/raspberrypi.dk\/no\/wp-json\/wp\/v2\/product"}],"about":[{"href":"https:\/\/raspberrypi.dk\/no\/wp-json\/wp\/v2\/types\/product"}],"replies":[{"embeddable":true,"href":"https:\/\/raspberrypi.dk\/no\/wp-json\/wp\/v2\/comments?post=256335"}],"wp:featuredmedia":[{"embeddable":true,"href":"https:\/\/raspberrypi.dk\/no\/wp-json\/wp\/v2\/media\/256276"}],"wp:attachment":[{"href":"https:\/\/raspberrypi.dk\/no\/wp-json\/wp\/v2\/media?parent=256335"}],"wp:term":[{"taxonomy":"product_brand","embeddable":true,"href":"https:\/\/raspberrypi.dk\/no\/wp-json\/wp\/v2\/product_brand?post=256335"},{"taxonomy":"product_cat","embeddable":true,"href":"https:\/\/raspberrypi.dk\/no\/wp-json\/wp\/v2\/product_cat?post=256335"},{"taxonomy":"product_tag","embeddable":true,"href":"https:\/\/raspberrypi.dk\/no\/wp-json\/wp\/v2\/product_tag?post=256335"}],"curies":[{"name":"wp","href":"https:\/\/api.w.org\/{rel}","templated":true}]}}