{"id":258703,"date":"2024-12-23T10:14:29","date_gmt":"2024-12-23T09:14:29","guid":{"rendered":"https:\/\/raspberrypi.dk\/produkt\/compute-blade-advanced-kit\/"},"modified":"2025-06-02T12:18:51","modified_gmt":"2025-06-02T10:18:51","slug":"compute-blade-advanced-kit","status":"publish","type":"product","link":"https:\/\/raspberrypi.dk\/no\/produkt\/compute-blade-advanced-kit\/","title":{"rendered":"Compute Blade Advanced Kit"},"content":{"rendered":"<h2>Kit contents:<\/h2>\n<ul>\n<li>1 x Uptime Industries Compute Blade Dev (maximum features version, can be used to flash the compute module)<\/li>\n<li>3 x Uptime Industries Compute Blade TPM (includes TPM module for hardware cryptography)<\/li>\n<li>2 x Compute Blade FAN (SMART)<\/li>\n<li>4 x CM4 Compute Blade Heatsink (choose colour)<\/li>\n<\/ul>\n<p><strong>Notes:<\/strong><\/p>\n<ul>\n<li>a case is\u00a0<strong>not\u00a0<\/strong>included in this Starter Kit<\/li>\n<li>CM4 or CM5 are\u00a0<strong>not\u00a0<\/strong>included in this Starter Kit, and need to be purchased separately &#8211; we offer a variety of choices<\/li>\n<li><strong>The Compute Blade Heatsinks are NOT compatible with CM5<\/strong>, as it has a different height profile<\/li>\n<\/ul>\n","protected":false},"excerpt":{"rendered":"<p>Dette settet er perfekt for avanserte brukere. Bruk Compute Blade i en liten klynge med fire Compute Blades og annet praktisk tilbeh\u00f8r. Eller kj\u00f8p disse komponentene for \u00e5 oppgradere din eksisterende Compute Blade-klynge!<\/p>\n","protected":false},"featured_media":258684,"comment_status":"open","ping_status":"closed","template":"","meta":[],"product_brand":[],"product_cat":[613],"product_tag":[785],"class_list":{"0":"post-258703","1":"product","2":"type-product","3":"status-publish","4":"has-post-thumbnail","6":"product_cat-industriell-raspberry-pi","7":"product_tag-cm4-no","9":"first","10":"instock","11":"sale","12":"taxable","13":"shipping-taxable","14":"purchasable","15":"product-type-bundle"},"composite_virtual":false,"composite_layout":"","composite_add_to_cart_form_location":"","composite_editable_in_cart":false,"composite_sold_individually_context":"","composite_shop_price_calc":"","composite_components":[],"composite_scenarios":[],"bundled_by":[],"bundle_stock_status":"insufficientstock","bundle_stock_quantity":0,"bundle_virtual":false,"bundle_layout":"default","bundle_add_to_cart_form_location":"default","bundle_editable_in_cart":false,"bundle_sold_individually_context":"product","bundle_item_grouping":"parent","bundle_min_size":"","bundle_max_size":"","bundle_price":{"price":{"min":{"incl_tax":"5239","excl_tax":"4191.2"},"max":{"incl_tax":"5239","excl_tax":"4191.2"}},"regular_price":{"min":{"incl_tax":"5839","excl_tax":"4671.2"},"max":{"incl_tax":"5839","excl_tax":"4671.2"}}},"bundled_items":[{"bundled_item_id":1322,"product_id":228664,"menu_order":0,"quantity_min":1,"quantity_max":1,"quantity_default":1,"priced_individually":false,"shipped_individually":false,"override_title":false,"title":"Compute Blade DEV","override_description":false,"description":"Compute Blade DEV","optional":false,"hide_thumbnail":false,"discount":"","override_variations":false,"allowed_variations":[""],"override_default_variation_attributes":false,"default_variation_attributes":[],"single_product_visibility":"visible","cart_visibility":"visible","order_visibility":"visible","single_product_price_visibility":"visible","cart_price_visibility":"visible","order_price_visibility":"visible","stock_status":"in_stock"},{"bundled_item_id":1323,"product_id":250456,"menu_order":1,"quantity_min":3,"quantity_max":3,"quantity_default":3,"priced_individually":false,"shipped_individually":false,"override_title":false,"title":"Compute Blade TPM","override_description":false,"description":"Compute Blade TPM","optional":false,"hide_thumbnail":false,"discount":"","override_variations":false,"allowed_variations":[""],"override_default_variation_attributes":false,"default_variation_attributes":[],"single_product_visibility":"visible","cart_visibility":"visible","order_visibility":"visible","single_product_price_visibility":"visible","cart_price_visibility":"visible","order_price_visibility":"visible","stock_status":"out_of_stock"},{"bundled_item_id":1324,"product_id":228692,"menu_order":2,"quantity_min":2,"quantity_max":2,"quantity_default":2,"priced_individually":false,"shipped_individually":false,"override_title":false,"title":"Fan Unit Smart til Compute Blade","override_description":false,"description":"Fan Unit Smart til Compute Blade","optional":false,"hide_thumbnail":false,"discount":"","override_variations":false,"allowed_variations":[""],"override_default_variation_attributes":false,"default_variation_attributes":[],"single_product_visibility":"visible","cart_visibility":"visible","order_visibility":"visible","single_product_price_visibility":"visible","cart_price_visibility":"visible","order_price_visibility":"visible","stock_status":"in_stock"},{"bundled_item_id":1325,"product_id":228694,"menu_order":3,"quantity_min":1,"quantity_max":1,"quantity_default":1,"priced_individually":false,"shipped_individually":false,"override_title":false,"title":"Heat Sink til Compute Blade med CM4","override_description":false,"description":"Heat Sink til Compute Blade med CM4","optional":false,"hide_thumbnail":false,"discount":"","override_variations":true,"allowed_variations":[245412],"override_default_variation_attributes":true,"default_variation_attributes":[{"id":0,"name":"Farve","option":"R\u00f8d"}],"single_product_visibility":"visible","cart_visibility":"visible","order_visibility":"visible","single_product_price_visibility":"visible","cart_price_visibility":"visible","order_price_visibility":"visible","stock_status":"in_stock"},{"bundled_item_id":1353,"product_id":228694,"menu_order":3,"quantity_min":3,"quantity_max":3,"quantity_default":3,"priced_individually":false,"shipped_individually":false,"override_title":false,"title":"Heat Sink til Compute Blade med CM4","override_description":false,"description":"Heat Sink til Compute Blade med CM4","optional":false,"hide_thumbnail":false,"discount":"","override_variations":true,"allowed_variations":[245413],"override_default_variation_attributes":true,"default_variation_attributes":[{"id":0,"name":"Farve","option":"Bl\u00e5"}],"single_product_visibility":"visible","cart_visibility":"visible","order_visibility":"visible","single_product_price_visibility":"visible","cart_price_visibility":"visible","order_price_visibility":"visible","stock_status":"in_stock"}],"bundle_sell_ids":[],"yoast_head":"<!-- This site is optimized with the Yoast SEO plugin v27.1.1 - https:\/\/yoast.com\/product\/yoast-seo-wordpress\/ -->\n<title>Compute Blade Advanced Kit \u2022 RaspberryPi.dk<\/title>\n<meta name=\"robots\" content=\"index, follow, max-snippet:-1, max-image-preview:large, max-video-preview:-1\" \/>\n<link rel=\"canonical\" href=\"https:\/\/raspberrypi.dk\/no\/produkt\/compute-blade-advanced-kit\/\" \/>\n<meta property=\"og:locale\" content=\"nb_NO\" \/>\n<meta property=\"og:type\" content=\"article\" \/>\n<meta property=\"og:title\" content=\"Compute Blade Advanced Kit \u2022 RaspberryPi.dk\" \/>\n<meta property=\"og:description\" content=\"Dette settet er perfekt for avanserte brukere. Bruk Compute Blade i en liten klynge med fire Compute Blades og annet praktisk tilbeh\u00f8r. Eller kj\u00f8p disse komponentene for \u00e5 oppgradere din eksisterende Compute Blade-klynge!\" \/>\n<meta property=\"og:url\" content=\"https:\/\/raspberrypi.dk\/no\/produkt\/compute-blade-advanced-kit\/\" \/>\n<meta property=\"og:site_name\" content=\"RaspberryPi.dk\" \/>\n<meta property=\"article:publisher\" content=\"https:\/\/facebook.com\/RaspberryPiDanmark\" \/>\n<meta property=\"article:modified_time\" content=\"2025-06-02T10:18:51+00:00\" \/>\n<meta property=\"og:image\" content=\"https:\/\/raspberrypi.dk\/wp-content\/uploads\/2024\/12\/Compute-Blade-Advanced-Kit-no-case-2024-FlashSale.jpg\" \/>\n\t<meta property=\"og:image:width\" content=\"1600\" \/>\n\t<meta property=\"og:image:height\" content=\"1080\" \/>\n\t<meta property=\"og:image:type\" content=\"image\/jpeg\" \/>\n<meta name=\"twitter:card\" content=\"summary_large_image\" \/>\n<meta name=\"twitter:site\" content=\"@raspberrypidk\" \/>\n<meta name=\"twitter:label1\" content=\"Ansl. lesetid\" \/>\n\t<meta name=\"twitter:data1\" content=\"1 minutt\" \/>\n<script type=\"application\/ld+json\" class=\"yoast-schema-graph\">{\"@context\":\"https:\/\/schema.org\",\"@graph\":[{\"@type\":\"WebPage\",\"@id\":\"https:\/\/raspberrypi.dk\/no\/produkt\/compute-blade-advanced-kit\/\",\"url\":\"https:\/\/raspberrypi.dk\/no\/produkt\/compute-blade-advanced-kit\/\",\"name\":\"Compute Blade Advanced Kit \u2022 RaspberryPi.dk\",\"isPartOf\":{\"@id\":\"https:\/\/raspberrypi.dk\/no\/#website\"},\"primaryImageOfPage\":{\"@id\":\"https:\/\/raspberrypi.dk\/no\/produkt\/compute-blade-advanced-kit\/#primaryimage\"},\"image\":{\"@id\":\"https:\/\/raspberrypi.dk\/no\/produkt\/compute-blade-advanced-kit\/#primaryimage\"},\"thumbnailUrl\":\"https:\/\/raspberrypi.dk\/wp-content\/uploads\/2024\/12\/Compute-Blade-Advanced-Kit-no-case-2024-FlashSale.jpg\",\"datePublished\":\"2024-12-23T09:14:29+00:00\",\"dateModified\":\"2025-06-02T10:18:51+00:00\",\"breadcrumb\":{\"@id\":\"https:\/\/raspberrypi.dk\/no\/produkt\/compute-blade-advanced-kit\/#breadcrumb\"},\"inLanguage\":\"nb-NO\",\"potentialAction\":[{\"@type\":\"ReadAction\",\"target\":[\"https:\/\/raspberrypi.dk\/no\/produkt\/compute-blade-advanced-kit\/\"]}]},{\"@type\":\"ImageObject\",\"inLanguage\":\"nb-NO\",\"@id\":\"https:\/\/raspberrypi.dk\/no\/produkt\/compute-blade-advanced-kit\/#primaryimage\",\"url\":\"https:\/\/raspberrypi.dk\/wp-content\/uploads\/2024\/12\/Compute-Blade-Advanced-Kit-no-case-2024-FlashSale.jpg\",\"contentUrl\":\"https:\/\/raspberrypi.dk\/wp-content\/uploads\/2024\/12\/Compute-Blade-Advanced-Kit-no-case-2024-FlashSale.jpg\",\"width\":1600,\"height\":1080,\"caption\":\"compute blade advanced kit\"},{\"@type\":\"BreadcrumbList\",\"@id\":\"https:\/\/raspberrypi.dk\/no\/produkt\/compute-blade-advanced-kit\/#breadcrumb\",\"itemListElement\":[{\"@type\":\"ListItem\",\"position\":1,\"name\":\"Hjem\",\"item\":\"https:\/\/raspberrypi.dk\/no\/raspberry-pi-nettbutikk\/\"},{\"@type\":\"ListItem\",\"position\":2,\"name\":\"Shop\",\"item\":\"https:\/\/raspberrypi.dk\/no\/shop-2\/\"},{\"@type\":\"ListItem\",\"position\":3,\"name\":\"Compute Blade Advanced Kit\"}]},{\"@type\":\"WebSite\",\"@id\":\"https:\/\/raspberrypi.dk\/no\/#website\",\"url\":\"https:\/\/raspberrypi.dk\/no\/\",\"name\":\"RaspberryPi.dk\",\"description\":\"Danmarks f\u00f8rende Raspberry Pi side!\",\"publisher\":{\"@id\":\"https:\/\/raspberrypi.dk\/no\/#organization\"},\"potentialAction\":[{\"@type\":\"SearchAction\",\"target\":{\"@type\":\"EntryPoint\",\"urlTemplate\":\"https:\/\/raspberrypi.dk\/no\/?s={search_term_string}\"},\"query-input\":{\"@type\":\"PropertyValueSpecification\",\"valueRequired\":true,\"valueName\":\"search_term_string\"}}],\"inLanguage\":\"nb-NO\"},{\"@type\":\"Organization\",\"@id\":\"https:\/\/raspberrypi.dk\/no\/#organization\",\"name\":\"RaspberryPi.dk\",\"url\":\"https:\/\/raspberrypi.dk\/no\/\",\"logo\":{\"@type\":\"ImageObject\",\"inLanguage\":\"nb-NO\",\"@id\":\"https:\/\/raspberrypi.dk\/no\/#\/schema\/logo\/image\/\",\"url\":\"https:\/\/raspberrypi.dk\/wp-content\/uploads\/2017\/05\/RaspberryPidk_logo-2.png\",\"contentUrl\":\"https:\/\/raspberrypi.dk\/wp-content\/uploads\/2017\/05\/RaspberryPidk_logo-2.png\",\"width\":470,\"height\":110,\"caption\":\"RaspberryPi.dk\"},\"image\":{\"@id\":\"https:\/\/raspberrypi.dk\/no\/#\/schema\/logo\/image\/\"},\"sameAs\":[\"https:\/\/facebook.com\/RaspberryPiDanmark\",\"https:\/\/x.com\/raspberrypidk\",\"https:\/\/instagram.com\/raspberrypi.dk\"]}]}<\/script>\n<!-- \/ Yoast SEO plugin. -->","yoast_head_json":{"title":"Compute Blade Advanced Kit \u2022 RaspberryPi.dk","robots":{"index":"index","follow":"follow","max-snippet":"max-snippet:-1","max-image-preview":"max-image-preview:large","max-video-preview":"max-video-preview:-1"},"canonical":"https:\/\/raspberrypi.dk\/no\/produkt\/compute-blade-advanced-kit\/","og_locale":"nb_NO","og_type":"article","og_title":"Compute Blade Advanced Kit \u2022 RaspberryPi.dk","og_description":"Dette settet er perfekt for avanserte brukere. Bruk Compute Blade i en liten klynge med fire Compute Blades og annet praktisk tilbeh\u00f8r. Eller kj\u00f8p disse komponentene for \u00e5 oppgradere din eksisterende Compute Blade-klynge!","og_url":"https:\/\/raspberrypi.dk\/no\/produkt\/compute-blade-advanced-kit\/","og_site_name":"RaspberryPi.dk","article_publisher":"https:\/\/facebook.com\/RaspberryPiDanmark","article_modified_time":"2025-06-02T10:18:51+00:00","og_image":[{"width":1600,"height":1080,"url":"https:\/\/raspberrypi.dk\/wp-content\/uploads\/2024\/12\/Compute-Blade-Advanced-Kit-no-case-2024-FlashSale.jpg","type":"image\/jpeg"}],"twitter_card":"summary_large_image","twitter_site":"@raspberrypidk","twitter_misc":{"Ansl. lesetid":"1 minutt"},"schema":{"@context":"https:\/\/schema.org","@graph":[{"@type":"WebPage","@id":"https:\/\/raspberrypi.dk\/no\/produkt\/compute-blade-advanced-kit\/","url":"https:\/\/raspberrypi.dk\/no\/produkt\/compute-blade-advanced-kit\/","name":"Compute Blade Advanced Kit \u2022 RaspberryPi.dk","isPartOf":{"@id":"https:\/\/raspberrypi.dk\/no\/#website"},"primaryImageOfPage":{"@id":"https:\/\/raspberrypi.dk\/no\/produkt\/compute-blade-advanced-kit\/#primaryimage"},"image":{"@id":"https:\/\/raspberrypi.dk\/no\/produkt\/compute-blade-advanced-kit\/#primaryimage"},"thumbnailUrl":"https:\/\/raspberrypi.dk\/wp-content\/uploads\/2024\/12\/Compute-Blade-Advanced-Kit-no-case-2024-FlashSale.jpg","datePublished":"2024-12-23T09:14:29+00:00","dateModified":"2025-06-02T10:18:51+00:00","breadcrumb":{"@id":"https:\/\/raspberrypi.dk\/no\/produkt\/compute-blade-advanced-kit\/#breadcrumb"},"inLanguage":"nb-NO","potentialAction":[{"@type":"ReadAction","target":["https:\/\/raspberrypi.dk\/no\/produkt\/compute-blade-advanced-kit\/"]}]},{"@type":"ImageObject","inLanguage":"nb-NO","@id":"https:\/\/raspberrypi.dk\/no\/produkt\/compute-blade-advanced-kit\/#primaryimage","url":"https:\/\/raspberrypi.dk\/wp-content\/uploads\/2024\/12\/Compute-Blade-Advanced-Kit-no-case-2024-FlashSale.jpg","contentUrl":"https:\/\/raspberrypi.dk\/wp-content\/uploads\/2024\/12\/Compute-Blade-Advanced-Kit-no-case-2024-FlashSale.jpg","width":1600,"height":1080,"caption":"compute blade advanced kit"},{"@type":"BreadcrumbList","@id":"https:\/\/raspberrypi.dk\/no\/produkt\/compute-blade-advanced-kit\/#breadcrumb","itemListElement":[{"@type":"ListItem","position":1,"name":"Hjem","item":"https:\/\/raspberrypi.dk\/no\/raspberry-pi-nettbutikk\/"},{"@type":"ListItem","position":2,"name":"Shop","item":"https:\/\/raspberrypi.dk\/no\/shop-2\/"},{"@type":"ListItem","position":3,"name":"Compute Blade Advanced Kit"}]},{"@type":"WebSite","@id":"https:\/\/raspberrypi.dk\/no\/#website","url":"https:\/\/raspberrypi.dk\/no\/","name":"RaspberryPi.dk","description":"Danmarks f\u00f8rende Raspberry Pi side!","publisher":{"@id":"https:\/\/raspberrypi.dk\/no\/#organization"},"potentialAction":[{"@type":"SearchAction","target":{"@type":"EntryPoint","urlTemplate":"https:\/\/raspberrypi.dk\/no\/?s={search_term_string}"},"query-input":{"@type":"PropertyValueSpecification","valueRequired":true,"valueName":"search_term_string"}}],"inLanguage":"nb-NO"},{"@type":"Organization","@id":"https:\/\/raspberrypi.dk\/no\/#organization","name":"RaspberryPi.dk","url":"https:\/\/raspberrypi.dk\/no\/","logo":{"@type":"ImageObject","inLanguage":"nb-NO","@id":"https:\/\/raspberrypi.dk\/no\/#\/schema\/logo\/image\/","url":"https:\/\/raspberrypi.dk\/wp-content\/uploads\/2017\/05\/RaspberryPidk_logo-2.png","contentUrl":"https:\/\/raspberrypi.dk\/wp-content\/uploads\/2017\/05\/RaspberryPidk_logo-2.png","width":470,"height":110,"caption":"RaspberryPi.dk"},"image":{"@id":"https:\/\/raspberrypi.dk\/no\/#\/schema\/logo\/image\/"},"sameAs":["https:\/\/facebook.com\/RaspberryPiDanmark","https:\/\/x.com\/raspberrypidk","https:\/\/instagram.com\/raspberrypi.dk"]}]}},"_links":{"self":[{"href":"https:\/\/raspberrypi.dk\/no\/wp-json\/wp\/v2\/product\/258703","targetHints":{"allow":["GET"]}}],"collection":[{"href":"https:\/\/raspberrypi.dk\/no\/wp-json\/wp\/v2\/product"}],"about":[{"href":"https:\/\/raspberrypi.dk\/no\/wp-json\/wp\/v2\/types\/product"}],"replies":[{"embeddable":true,"href":"https:\/\/raspberrypi.dk\/no\/wp-json\/wp\/v2\/comments?post=258703"}],"wp:featuredmedia":[{"embeddable":true,"href":"https:\/\/raspberrypi.dk\/no\/wp-json\/wp\/v2\/media\/258684"}],"wp:attachment":[{"href":"https:\/\/raspberrypi.dk\/no\/wp-json\/wp\/v2\/media?parent=258703"}],"wp:term":[{"taxonomy":"product_brand","embeddable":true,"href":"https:\/\/raspberrypi.dk\/no\/wp-json\/wp\/v2\/product_brand?post=258703"},{"taxonomy":"product_cat","embeddable":true,"href":"https:\/\/raspberrypi.dk\/no\/wp-json\/wp\/v2\/product_cat?post=258703"},{"taxonomy":"product_tag","embeddable":true,"href":"https:\/\/raspberrypi.dk\/no\/wp-json\/wp\/v2\/product_tag?post=258703"}],"curies":[{"name":"wp","href":"https:\/\/api.w.org\/{rel}","templated":true}]}}