{"id":272304,"date":"2025-04-07T09:00:07","date_gmt":"2025-04-07T07:00:07","guid":{"rendered":"https:\/\/raspberrypi.dk\/?post_type=product&#038;p=272304"},"modified":"2026-04-04T17:14:13","modified_gmt":"2026-04-04T15:14:13","slug":"offisiell-raspberry-pi-45w-usb-c-stromforsyning-eu-hvit","status":"publish","type":"product","link":"https:\/\/raspberrypi.dk\/no\/produkt\/offisiell-raspberry-pi-45w-usb-c-stromforsyning-eu-hvit\/","title":{"rendered":"Offisiell Raspberry Pi 45W USB-C Str\u00f8mforsyning &#8211; EU &#8211; Hvit"},"content":{"rendered":"<p class=\"p1\">Key features:<\/p>\n<ul>\n<li class=\"p1\">100-240V AC 50\/60Hz input<\/li>\n<li class=\"p1\">USB power delivery, providing 5.1V\/5.0A, 9.0V\/5.0A, 12.0V\/3.75A, 15.0V\/3.0A, 20.0V\/2.25A<\/li>\n<li class=\"p1\">EU model<\/li>\n<li class=\"p1\">1.5M 17AWG output cable<\/li>\n<li class=\"p1\">Popular Raspberry Pi styled casing<\/li>\n<\/ul>\n<div class=\"c-product-hero__description\">\n<div class=\"c-wysiwyg\"><\/div>\n<\/div>\n","protected":false},"excerpt":{"rendered":"<p>Raspberry Pi 45W USB-C Power Supply er en utvidelse av v\u00e5rt eksisterende utvalg av h\u00f8ykvalitets str\u00f8mforsyninger, ment som et supplement til v\u00e5re egne produkter, og til tredjepartsprodukter, der det kreves en h\u00f8ykvalitets, rimelig 45W str\u00f8mforsyning.<\/p>\n","protected":false},"featured_media":196274,"comment_status":"open","ping_status":"closed","template":"","meta":[],"product_brand":[],"product_cat":[605],"product_tag":[717,703],"class_list":{"0":"post-272304","1":"product","2":"type-product","3":"status-publish","4":"has-post-thumbnail","6":"product_cat-raspberry-pi-stromforsyninger-no","7":"product_tag-rpi4-no","8":"product_tag-rpi5-no","10":"first","11":"instock","12":"taxable","13":"shipping-taxable","14":"purchasable","15":"product-type-simple"},"composite_virtual":false,"composite_layout":"","composite_add_to_cart_form_location":"","composite_editable_in_cart":false,"composite_sold_individually_context":"","composite_shop_price_calc":"","composite_components":[],"composite_scenarios":[],"bundled_by":[],"bundle_stock_status":"instock","bundle_stock_quantity":110,"bundle_virtual":false,"bundle_layout":"","bundle_add_to_cart_form_location":"","bundle_editable_in_cart":false,"bundle_sold_individually_context":"","bundle_item_grouping":"","bundle_min_size":"","bundle_max_size":"","bundle_price":[],"bundled_items":[],"bundle_sell_ids":[],"yoast_head":"<!-- This site is optimized with the Yoast SEO plugin v27.1.1 - https:\/\/yoast.com\/product\/yoast-seo-wordpress\/ -->\n<title>Offisiell Raspberry Pi 45W USB-C Str\u00f8mforsyning - EU - Hvit \u2022 RaspberryPi.dk<\/title>\n<meta name=\"robots\" content=\"index, follow, max-snippet:-1, max-image-preview:large, max-video-preview:-1\" \/>\n<link rel=\"canonical\" href=\"https:\/\/raspberrypi.dk\/no\/produkt\/offisiell-raspberry-pi-45w-usb-c-stromforsyning-eu-hvit\/\" \/>\n<meta property=\"og:locale\" content=\"nb_NO\" \/>\n<meta property=\"og:type\" content=\"article\" \/>\n<meta property=\"og:title\" content=\"Offisiell Raspberry Pi 45W USB-C Str\u00f8mforsyning - EU - Hvit \u2022 RaspberryPi.dk\" \/>\n<meta property=\"og:description\" content=\"Raspberry Pi 45W USB-C Power Supply er en utvidelse av v\u00e5rt eksisterende utvalg av h\u00f8ykvalitets str\u00f8mforsyninger, ment som et supplement til v\u00e5re egne produkter, og til tredjepartsprodukter, der det kreves en h\u00f8ykvalitets, rimelig 45W str\u00f8mforsyning.\" \/>\n<meta property=\"og:url\" content=\"https:\/\/raspberrypi.dk\/no\/produkt\/offisiell-raspberry-pi-45w-usb-c-stromforsyning-eu-hvit\/\" \/>\n<meta property=\"og:site_name\" content=\"RaspberryPi.dk\" \/>\n<meta property=\"article:publisher\" content=\"https:\/\/facebook.com\/RaspberryPiDanmark\" \/>\n<meta property=\"article:modified_time\" content=\"2026-04-04T15:14:13+00:00\" \/>\n<meta property=\"og:image\" content=\"https:\/\/raspberrypi.dk\/wp-content\/uploads\/2023\/09\/PSU-White-EU.jpg\" \/>\n\t<meta property=\"og:image:width\" content=\"1920\" \/>\n\t<meta property=\"og:image:height\" content=\"1272\" \/>\n\t<meta property=\"og:image:type\" content=\"image\/jpeg\" \/>\n<meta name=\"twitter:card\" content=\"summary_large_image\" \/>\n<meta name=\"twitter:site\" content=\"@raspberrypidk\" \/>\n<meta name=\"twitter:label1\" content=\"Ansl. lesetid\" \/>\n\t<meta name=\"twitter:data1\" content=\"1 minutt\" \/>\n<script type=\"application\/ld+json\" class=\"yoast-schema-graph\">{\"@context\":\"https:\/\/schema.org\",\"@graph\":[{\"@type\":\"WebPage\",\"@id\":\"https:\/\/raspberrypi.dk\/no\/produkt\/offisiell-raspberry-pi-45w-usb-c-stromforsyning-eu-hvit\/\",\"url\":\"https:\/\/raspberrypi.dk\/no\/produkt\/offisiell-raspberry-pi-45w-usb-c-stromforsyning-eu-hvit\/\",\"name\":\"Offisiell Raspberry Pi 45W USB-C Str\u00f8mforsyning - EU - Hvit \u2022 RaspberryPi.dk\",\"isPartOf\":{\"@id\":\"https:\/\/raspberrypi.dk\/no\/#website\"},\"primaryImageOfPage\":{\"@id\":\"https:\/\/raspberrypi.dk\/no\/produkt\/offisiell-raspberry-pi-45w-usb-c-stromforsyning-eu-hvit\/#primaryimage\"},\"image\":{\"@id\":\"https:\/\/raspberrypi.dk\/no\/produkt\/offisiell-raspberry-pi-45w-usb-c-stromforsyning-eu-hvit\/#primaryimage\"},\"thumbnailUrl\":\"https:\/\/raspberrypi.dk\/wp-content\/uploads\/2023\/09\/PSU-White-EU.jpg\",\"datePublished\":\"2025-04-07T07:00:07+00:00\",\"dateModified\":\"2026-04-04T15:14:13+00:00\",\"breadcrumb\":{\"@id\":\"https:\/\/raspberrypi.dk\/no\/produkt\/offisiell-raspberry-pi-45w-usb-c-stromforsyning-eu-hvit\/#breadcrumb\"},\"inLanguage\":\"nb-NO\",\"potentialAction\":[{\"@type\":\"ReadAction\",\"target\":[\"https:\/\/raspberrypi.dk\/no\/produkt\/offisiell-raspberry-pi-45w-usb-c-stromforsyning-eu-hvit\/\"]}]},{\"@type\":\"ImageObject\",\"inLanguage\":\"nb-NO\",\"@id\":\"https:\/\/raspberrypi.dk\/no\/produkt\/offisiell-raspberry-pi-45w-usb-c-stromforsyning-eu-hvit\/#primaryimage\",\"url\":\"https:\/\/raspberrypi.dk\/wp-content\/uploads\/2023\/09\/PSU-White-EU.jpg\",\"contentUrl\":\"https:\/\/raspberrypi.dk\/wp-content\/uploads\/2023\/09\/PSU-White-EU.jpg\",\"width\":1920,\"height\":1272,\"caption\":\"power supply raspberry pi 5\"},{\"@type\":\"BreadcrumbList\",\"@id\":\"https:\/\/raspberrypi.dk\/no\/produkt\/offisiell-raspberry-pi-45w-usb-c-stromforsyning-eu-hvit\/#breadcrumb\",\"itemListElement\":[{\"@type\":\"ListItem\",\"position\":1,\"name\":\"Hjem\",\"item\":\"https:\/\/raspberrypi.dk\/no\/raspberry-pi-nettbutikk\/\"},{\"@type\":\"ListItem\",\"position\":2,\"name\":\"Shop\",\"item\":\"https:\/\/raspberrypi.dk\/no\/shop-2\/\"},{\"@type\":\"ListItem\",\"position\":3,\"name\":\"Offisiell Raspberry Pi 45W USB-C Str\u00f8mforsyning &#8211; EU &#8211; Hvit\"}]},{\"@type\":\"WebSite\",\"@id\":\"https:\/\/raspberrypi.dk\/no\/#website\",\"url\":\"https:\/\/raspberrypi.dk\/no\/\",\"name\":\"RaspberryPi.dk\",\"description\":\"Danmarks f\u00f8rende Raspberry Pi side!\",\"publisher\":{\"@id\":\"https:\/\/raspberrypi.dk\/no\/#organization\"},\"potentialAction\":[{\"@type\":\"SearchAction\",\"target\":{\"@type\":\"EntryPoint\",\"urlTemplate\":\"https:\/\/raspberrypi.dk\/no\/?s={search_term_string}\"},\"query-input\":{\"@type\":\"PropertyValueSpecification\",\"valueRequired\":true,\"valueName\":\"search_term_string\"}}],\"inLanguage\":\"nb-NO\"},{\"@type\":\"Organization\",\"@id\":\"https:\/\/raspberrypi.dk\/no\/#organization\",\"name\":\"RaspberryPi.dk\",\"url\":\"https:\/\/raspberrypi.dk\/no\/\",\"logo\":{\"@type\":\"ImageObject\",\"inLanguage\":\"nb-NO\",\"@id\":\"https:\/\/raspberrypi.dk\/no\/#\/schema\/logo\/image\/\",\"url\":\"https:\/\/raspberrypi.dk\/wp-content\/uploads\/2017\/05\/RaspberryPidk_logo-2.png\",\"contentUrl\":\"https:\/\/raspberrypi.dk\/wp-content\/uploads\/2017\/05\/RaspberryPidk_logo-2.png\",\"width\":470,\"height\":110,\"caption\":\"RaspberryPi.dk\"},\"image\":{\"@id\":\"https:\/\/raspberrypi.dk\/no\/#\/schema\/logo\/image\/\"},\"sameAs\":[\"https:\/\/facebook.com\/RaspberryPiDanmark\",\"https:\/\/x.com\/raspberrypidk\",\"https:\/\/instagram.com\/raspberrypi.dk\"]}]}<\/script>\n<!-- \/ Yoast SEO plugin. -->","yoast_head_json":{"title":"Offisiell Raspberry Pi 45W USB-C Str\u00f8mforsyning - EU - Hvit \u2022 RaspberryPi.dk","robots":{"index":"index","follow":"follow","max-snippet":"max-snippet:-1","max-image-preview":"max-image-preview:large","max-video-preview":"max-video-preview:-1"},"canonical":"https:\/\/raspberrypi.dk\/no\/produkt\/offisiell-raspberry-pi-45w-usb-c-stromforsyning-eu-hvit\/","og_locale":"nb_NO","og_type":"article","og_title":"Offisiell Raspberry Pi 45W USB-C Str\u00f8mforsyning - EU - Hvit \u2022 RaspberryPi.dk","og_description":"Raspberry Pi 45W USB-C Power Supply er en utvidelse av v\u00e5rt eksisterende utvalg av h\u00f8ykvalitets str\u00f8mforsyninger, ment som et supplement til v\u00e5re egne produkter, og til tredjepartsprodukter, der det kreves en h\u00f8ykvalitets, rimelig 45W str\u00f8mforsyning.","og_url":"https:\/\/raspberrypi.dk\/no\/produkt\/offisiell-raspberry-pi-45w-usb-c-stromforsyning-eu-hvit\/","og_site_name":"RaspberryPi.dk","article_publisher":"https:\/\/facebook.com\/RaspberryPiDanmark","article_modified_time":"2026-04-04T15:14:13+00:00","og_image":[{"width":1920,"height":1272,"url":"https:\/\/raspberrypi.dk\/wp-content\/uploads\/2023\/09\/PSU-White-EU.jpg","type":"image\/jpeg"}],"twitter_card":"summary_large_image","twitter_site":"@raspberrypidk","twitter_misc":{"Ansl. lesetid":"1 minutt"},"schema":{"@context":"https:\/\/schema.org","@graph":[{"@type":"WebPage","@id":"https:\/\/raspberrypi.dk\/no\/produkt\/offisiell-raspberry-pi-45w-usb-c-stromforsyning-eu-hvit\/","url":"https:\/\/raspberrypi.dk\/no\/produkt\/offisiell-raspberry-pi-45w-usb-c-stromforsyning-eu-hvit\/","name":"Offisiell Raspberry Pi 45W USB-C Str\u00f8mforsyning - EU - Hvit \u2022 RaspberryPi.dk","isPartOf":{"@id":"https:\/\/raspberrypi.dk\/no\/#website"},"primaryImageOfPage":{"@id":"https:\/\/raspberrypi.dk\/no\/produkt\/offisiell-raspberry-pi-45w-usb-c-stromforsyning-eu-hvit\/#primaryimage"},"image":{"@id":"https:\/\/raspberrypi.dk\/no\/produkt\/offisiell-raspberry-pi-45w-usb-c-stromforsyning-eu-hvit\/#primaryimage"},"thumbnailUrl":"https:\/\/raspberrypi.dk\/wp-content\/uploads\/2023\/09\/PSU-White-EU.jpg","datePublished":"2025-04-07T07:00:07+00:00","dateModified":"2026-04-04T15:14:13+00:00","breadcrumb":{"@id":"https:\/\/raspberrypi.dk\/no\/produkt\/offisiell-raspberry-pi-45w-usb-c-stromforsyning-eu-hvit\/#breadcrumb"},"inLanguage":"nb-NO","potentialAction":[{"@type":"ReadAction","target":["https:\/\/raspberrypi.dk\/no\/produkt\/offisiell-raspberry-pi-45w-usb-c-stromforsyning-eu-hvit\/"]}]},{"@type":"ImageObject","inLanguage":"nb-NO","@id":"https:\/\/raspberrypi.dk\/no\/produkt\/offisiell-raspberry-pi-45w-usb-c-stromforsyning-eu-hvit\/#primaryimage","url":"https:\/\/raspberrypi.dk\/wp-content\/uploads\/2023\/09\/PSU-White-EU.jpg","contentUrl":"https:\/\/raspberrypi.dk\/wp-content\/uploads\/2023\/09\/PSU-White-EU.jpg","width":1920,"height":1272,"caption":"power supply raspberry pi 5"},{"@type":"BreadcrumbList","@id":"https:\/\/raspberrypi.dk\/no\/produkt\/offisiell-raspberry-pi-45w-usb-c-stromforsyning-eu-hvit\/#breadcrumb","itemListElement":[{"@type":"ListItem","position":1,"name":"Hjem","item":"https:\/\/raspberrypi.dk\/no\/raspberry-pi-nettbutikk\/"},{"@type":"ListItem","position":2,"name":"Shop","item":"https:\/\/raspberrypi.dk\/no\/shop-2\/"},{"@type":"ListItem","position":3,"name":"Offisiell Raspberry Pi 45W USB-C Str\u00f8mforsyning &#8211; EU &#8211; Hvit"}]},{"@type":"WebSite","@id":"https:\/\/raspberrypi.dk\/no\/#website","url":"https:\/\/raspberrypi.dk\/no\/","name":"RaspberryPi.dk","description":"Danmarks f\u00f8rende Raspberry Pi side!","publisher":{"@id":"https:\/\/raspberrypi.dk\/no\/#organization"},"potentialAction":[{"@type":"SearchAction","target":{"@type":"EntryPoint","urlTemplate":"https:\/\/raspberrypi.dk\/no\/?s={search_term_string}"},"query-input":{"@type":"PropertyValueSpecification","valueRequired":true,"valueName":"search_term_string"}}],"inLanguage":"nb-NO"},{"@type":"Organization","@id":"https:\/\/raspberrypi.dk\/no\/#organization","name":"RaspberryPi.dk","url":"https:\/\/raspberrypi.dk\/no\/","logo":{"@type":"ImageObject","inLanguage":"nb-NO","@id":"https:\/\/raspberrypi.dk\/no\/#\/schema\/logo\/image\/","url":"https:\/\/raspberrypi.dk\/wp-content\/uploads\/2017\/05\/RaspberryPidk_logo-2.png","contentUrl":"https:\/\/raspberrypi.dk\/wp-content\/uploads\/2017\/05\/RaspberryPidk_logo-2.png","width":470,"height":110,"caption":"RaspberryPi.dk"},"image":{"@id":"https:\/\/raspberrypi.dk\/no\/#\/schema\/logo\/image\/"},"sameAs":["https:\/\/facebook.com\/RaspberryPiDanmark","https:\/\/x.com\/raspberrypidk","https:\/\/instagram.com\/raspberrypi.dk"]}]}},"_links":{"self":[{"href":"https:\/\/raspberrypi.dk\/no\/wp-json\/wp\/v2\/product\/272304","targetHints":{"allow":["GET"]}}],"collection":[{"href":"https:\/\/raspberrypi.dk\/no\/wp-json\/wp\/v2\/product"}],"about":[{"href":"https:\/\/raspberrypi.dk\/no\/wp-json\/wp\/v2\/types\/product"}],"replies":[{"embeddable":true,"href":"https:\/\/raspberrypi.dk\/no\/wp-json\/wp\/v2\/comments?post=272304"}],"wp:featuredmedia":[{"embeddable":true,"href":"https:\/\/raspberrypi.dk\/no\/wp-json\/wp\/v2\/media\/196274"}],"wp:attachment":[{"href":"https:\/\/raspberrypi.dk\/no\/wp-json\/wp\/v2\/media?parent=272304"}],"wp:term":[{"taxonomy":"product_brand","embeddable":true,"href":"https:\/\/raspberrypi.dk\/no\/wp-json\/wp\/v2\/product_brand?post=272304"},{"taxonomy":"product_cat","embeddable":true,"href":"https:\/\/raspberrypi.dk\/no\/wp-json\/wp\/v2\/product_cat?post=272304"},{"taxonomy":"product_tag","embeddable":true,"href":"https:\/\/raspberrypi.dk\/no\/wp-json\/wp\/v2\/product_tag?post=272304"}],"curies":[{"name":"wp","href":"https:\/\/api.w.org\/{rel}","templated":true}]}}