{"id":276414,"date":"2025-03-14T11:03:49","date_gmt":"2025-03-14T10:03:49","guid":{"rendered":"https:\/\/raspberrypi.dk\/produkt\/waveshare-industrial-hmi-all-in-one-touch-display-til-raspberry-pi-4-5\/"},"modified":"2025-12-01T21:19:10","modified_gmt":"2025-12-01T20:19:10","slug":"waveshare-industrial-hmi-all-in-one-touch-display-til-raspberry-pi-4-5","status":"publish","type":"product","link":"https:\/\/raspberrypi.dk\/no\/produkt\/waveshare-industrial-hmi-all-in-one-touch-display-til-raspberry-pi-4-5\/","title":{"rendered":"Waveshare Industrial HMI All-in-one Touch Display til Raspberry Pi 4\/5"},"content":{"rendered":"<div class=\"pdT\">\n<div class=\"richTitle\">Industrial HMI All-in-one touch Display<br \/>\nfor Raspberry pi<\/div>\n<p class=\"hilitBlock3 round1234 richDesc\">High Resolution\u2003|\u200310-point Touch\u2003|\u2003Aluminum alloy case<\/p>\n<p><img decoding=\"async\" src=\"https:\/\/www.waveshare.com\/img\/devkit\/LCD\/PI5-HMI-080D\/PI5-HMI-080D-details-1.jpg\" alt=\"Industrial 8inch \/ 10.1inch HMI all-in-one touch display for Raspberry Pi, front view\" \/><\/p>\n<\/div>\n<div class=\"pdT\">\n<div><\/div>\n<ul>\n<li style=\"list-style-type: none;\">\n<ul>\n<li><span class=\"igKey\">Size<\/span><img decoding=\"async\" src=\"https:\/\/www.waveshare.com\/img\/devkit\/LCD\/common\/250\/Dimension.png\" \/><span class=\"igValue\">Options For 8\u2033\/10.1\u2033<\/span><\/li>\n<li><span class=\"igKey\">Resolution<\/span><img decoding=\"async\" src=\"https:\/\/www.waveshare.com\/img\/devkit\/LCD\/common\/250\/Resolution.png\" \/><span class=\"igValue\">1280\u00d7800<\/span><\/li>\n<li><span class=\"igKey\">Display Panel<\/span><img decoding=\"async\" src=\"https:\/\/www.waveshare.com\/img\/devkit\/LCD\/common\/250\/IPS.png\" \/><span class=\"igValue\">IPS<\/span><\/li>\n<li><span class=\"igKey\">Viewing Angle<\/span><img decoding=\"async\" src=\"https:\/\/www.waveshare.com\/img\/devkit\/LCD\/common\/250\/Viewing_angle.png\" \/><span class=\"igValue\">178\u00b0<\/span><\/li>\n<li><span class=\"igKey\">Touch Type<\/span><img decoding=\"async\" src=\"https:\/\/www.waveshare.com\/img\/devkit\/LCD\/common\/250\/Capacitive_touch.png\" \/><span class=\"igValue\">Capacitive<\/span><\/li>\n<\/ul>\n<\/li>\n<\/ul>\n<div class=\"sep0px\"><\/div>\n<ul>\n<li style=\"list-style-type: none;\">\n<ul>\n<li><span class=\"igKey\">Touch Points<\/span><img decoding=\"async\" src=\"https:\/\/www.waveshare.com\/img\/devkit\/LCD\/common\/250\/Ten_touch.png\" \/><span class=\"igValue\">10-Point<\/span><\/li>\n<li><span class=\"igKey\">Touch Panel<\/span><img decoding=\"async\" src=\"https:\/\/www.waveshare.com\/img\/devkit\/LCD\/common\/250\/Tempered_panel.png\" \/><span class=\"igValue\">Toughened Glass<\/span><\/li>\n<li><span class=\"igKey\">Touch Panel Tech<\/span><img decoding=\"async\" src=\"https:\/\/www.waveshare.com\/img\/devkit\/LCD\/common\/250\/Full-Fit.png\" \/><span class=\"igValue\">Optical Bonding<\/span><\/li>\n<li><span class=\"igKey\">Front Camera<\/span><img decoding=\"async\" src=\"https:\/\/www.waveshare.com\/img\/devkit\/LCD\/common\/250\/Camera.png\" \/><span class=\"igValue\">5MP<\/span><\/li>\n<li><span class=\"igKey\">Display Interface<\/span><img decoding=\"async\" src=\"https:\/\/www.waveshare.com\/img\/devkit\/LCD\/common\/250\/HDMI2.png\" \/><span class=\"igValue\">Dual Standard HDMI<br \/>\n4K Output<\/span><\/li>\n<\/ul>\n<\/li>\n<\/ul>\n<div class=\"sep0px\"><\/div>\n<ul>\n<li style=\"list-style-type: none;\">\n<ul>\n<li><span class=\"igKey\">Power Port<\/span><img decoding=\"async\" src=\"https:\/\/www.waveshare.com\/img\/devkit\/LCD\/common\/250\/Type_C.png\" \/><span class=\"igValue\">Type-C\/Screw Terminal<\/span><\/li>\n<li><span class=\"igKey\">Enclosure<\/span><img decoding=\"async\" src=\"https:\/\/www.waveshare.com\/img\/devkit\/LCD\/common\/250\/Shell2.png\" \/><span class=\"igValue\">Aluminum Alloy<\/span><\/li>\n<\/ul>\n<\/li>\n<\/ul>\n<div class=\"sep0px\"><\/div>\n<div class=\"sep0px\"><\/div>\n<\/div>\n<p>&nbsp;<\/p>\n<div class=\"pdT\">\n<div class=\"richTitle\">Size Options<\/div>\n<div class=\"richGridWrap richGridWrap-2c richGridWrap-valignTop mgnTB\">\n<div>\n<p><img decoding=\"async\" class=\"round1234\" src=\"https:\/\/www.waveshare.com\/img\/devkit\/LCD\/PI5-HMI-080D\/PI5-HMI-080D-details-3-1.jpg\" alt=\"8inch HMI all-in-one touch display\" \/><strong>8\u2033<\/strong><\/p>\n<\/div>\n<div>\n<p><img decoding=\"async\" class=\"round1234\" src=\"https:\/\/www.waveshare.com\/img\/devkit\/LCD\/PI5-HMI-080D\/PI5-HMI-080D-details-3-2.jpg\" alt=\"10.1inch HMI all-in-one touch display\" \/><strong>10.1\u2033<\/strong><\/p>\n<\/div>\n<\/div>\n<div><\/div>\n<\/div>\n<div class=\"pdT\">\n<div class=\"richTitle\">Version Options<\/div>\n<div class=\"richGridWrap richGridWrap-2c richGridWrap-valignTop mgnTB\">\n<div><img decoding=\"async\" class=\"round1234\" src=\"https:\/\/www.waveshare.com\/img\/devkit\/LCD\/PI5-HMI-080D\/PI5-HMI-080D-details-4-1.jpg\" alt=\"Pi5 all-in-one display kit\" \/><strong>Pi5 All-in-one Display<\/strong><br \/>\n(<a href=\"https:\/\/www.waveshare.com\/raspberry-pi-5.htm?sku=25837\" target=\"_blank\" rel=\"noopener\">Raspberry Pi 5-4GB<\/a>\u00a0is included, assembled before shippment)<\/div>\n<div><img decoding=\"async\" class=\"round1234\" src=\"https:\/\/www.waveshare.com\/img\/devkit\/LCD\/PI5-HMI-080D\/PI5-HMI-080D-details-4-2.jpg\" alt=\"Pi4 all-in-one display kit\" \/><strong>Pi4 All-in-one Display<\/strong><br \/>\n(<a href=\"https:\/\/www.waveshare.com\/raspberry-pi-4-model-b-2gb-ram.htm\" target=\"_blank\" rel=\"noopener\">Raspberry Pi 4-2GB<\/a>\u00a0is included, assembled before shippment)<\/div>\n<\/div>\n<p><img decoding=\"async\" class=\"round1234\" src=\"https:\/\/www.waveshare.com\/img\/devkit\/LCD\/PI5-HMI-080D\/PI5-HMI-080D-details-4-3.jpg\" alt=\"touch display + accessories kit\" \/><strong>Touch Display + Accessories Only<\/strong><br \/>\n(the Raspberry Pi is NOT included)<\/p>\n<div><\/div>\n<\/div>\n<div class=\"pdT\">\n<div class=\"richTitle\">Toughened Glass Panel<\/div>\n<p class=\"richDesc\">Sensitive touch control with High Resolution display, durable design<\/p>\n<p><img decoding=\"async\" src=\"https:\/\/www.waveshare.com\/img\/devkit\/LCD\/PI5-HMI-080D\/PI5-HMI-080D-details-5.jpg\" alt=\"Industrial HMI all-in-one touch display for Raspberry Pi, adopts toughened glass panel\" \/><\/p>\n<\/div>\n<div class=\"pdT\">\n<div class=\"richTitle\">Built-in Raspberry Pi (Optional)<\/div>\n<p class=\"richDesc pdTRBL\">Pi5 All-in-one Display: quad-core Arm Cortex-A76 64-bit 2.4GHz CPU<br \/>\nPi4 All-in-one Display: quad-core Arm Cortex-A76 64-bit 1.5GHz CPU<\/p>\n<p><img decoding=\"async\" src=\"https:\/\/www.waveshare.com\/img\/devkit\/LCD\/PI5-HMI-080D\/PI5-HMI-080D-details-9.jpg\" alt=\"Industrial HMI all-in-one touch display for Raspberry Pi, optional for Raspberry Pi 5\" \/><\/p>\n<p class=\"note\">* the Raspberry Pi is optional.<\/p>\n<div><\/div>\n<\/div>\n<div class=\"pdT\">\n<div class=\"richTitle\">5MP front camera<\/div>\n<p class=\"richDesc\">For Accurate face recognition, ensuring safety every moment<\/p>\n<p><img decoding=\"async\" src=\"https:\/\/www.waveshare.com\/img\/devkit\/LCD\/PI5-HMI-080D\/PI5-HMI-080D-details-11.jpg\" alt=\"Industrial HMI all-in-one touch display for Raspberry Pi, with 5MP front camera\" \/><\/p>\n<\/div>\n<div class=\"pdT\">\n<div class=\"richTitle\">10-Point Capacitive Touch<\/div>\n<p><img decoding=\"async\" src=\"https:\/\/www.waveshare.com\/img\/devkit\/LCD\/PI5-HMI-080D\/PI5-HMI-080D-details-7.jpg\" alt=\"Industrial HMI all-in-one touch display for Raspberry Pi, 10-Point capacitive touch\" \/><\/p>\n<div class=\"alignl pdTRBL\">\n<ol>\n<li>up to 10-point touch, depending on the operating system<\/li>\n<li>up to 6H hardness toughened glass panel<\/li>\n<li>Optical bonding, display well and dustproof<\/li>\n<\/ol>\n<\/div>\n<\/div>\n<p>&nbsp;<\/p>\n<div class=\"pdT\">\n<div class=\"richTitle\">Adjustable brightness via software<\/div>\n<p><video class=\"round1234\" src=\"https:\/\/www.waveshare.com\/img\/devkit\/LCD\/PI5-HMI-080D\/PI5-HMI-080D-details-6.mp4\" autoplay=\"autoplay\" loop=\"loop\" muted=\"muted\" width=\"300\" height=\"150\" data-mce-fragment=\"1\"><\/video><\/p>\n<\/div>\n<p>&nbsp;<\/p>\n<div class=\"pdT\">\n<div class=\"richTitle\">Excellent heat dissipation<\/div>\n<p class=\"richDesc pdTRBL\">Full Metal Enclosure with efficient heat dissipation, Pure passive cooling, no fan noise worries<\/p>\n<p><img decoding=\"async\" src=\"https:\/\/www.waveshare.com\/img\/devkit\/LCD\/PI5-HMI-080D\/PI5-HMI-080D-details-10.jpg\" alt=\"Industrial HMI all-in-one touch display for Raspberry Pi, excellent heat dissipation\" \/><\/p>\n<\/div>\n<div class=\"pdT\">\n<div class=\"richTitle\">Two power supply methods<\/div>\n<p class=\"richDesc\">Supports power supply via screw terminal or USB Type-C Port<\/p>\n<p><img decoding=\"async\" src=\"https:\/\/www.waveshare.com\/img\/devkit\/LCD\/PI5-HMI-080D\/PI5-HMI-080D-details-13.jpg\" alt=\"Industrial HMI all-in-one touch display for Raspberry Pi, supports power supply via screw terminal or USB Type-C\" \/><\/p>\n<\/div>\n<p>&nbsp;<\/p>\n<div class=\"pdT\">\n<div class=\"richTitle\">VESA Mounting Support<\/div>\n<p class=\"richDesc\">Easily adaptable to various monitor arms, enjoy a flexible installation experience<\/p>\n<p><img decoding=\"async\" src=\"https:\/\/www.waveshare.com\/img\/devkit\/LCD\/PI5-HMI-080D\/PI5-HMI-080D-details-15.jpg\" alt=\"Industrial HMI all-in-one touch display for Raspberry Pi, VESA mounting support\" \/><\/p>\n<p class=\"note pdTRBL\">* Note: the monitor arm is NOT included, please refer to the package content for the detailed part list.<\/p>\n<\/div>\n<div class=\"pdT\">\n<div class=\"richTitle\">Interface Introduction<\/div>\n<p><img decoding=\"async\" src=\"https:\/\/www.waveshare.com\/img\/devkit\/LCD\/PI5-HMI-080D\/PI5-HMI-080D-details-inter.jpg\" alt=\"Industrial HMI all-in-one touch display for Raspberry Pi, interface introduction\" \/><\/p>\n<div class=\"richGridWrap richGridWrap-valignTop richGridWrap-2c alignl subBlock bgGrey\">\n<div>\n<ol>\n<li><strong>5V Type-C power port<\/strong><\/li>\n<li><strong>Standard HDMI Interface x 2<\/strong><\/li>\n<li><strong>USB3.0 port x 2<\/strong><\/li>\n<li><strong>USB2.0 port x 2<\/strong><\/li>\n<li><strong>Gigabit Ethernet connector<\/strong><\/li>\n<\/ol>\n<\/div>\n<div>\n<ol start=\"6\">\n<li><strong>TF card slot<\/strong><\/li>\n<li><strong>Power button<\/strong><\/li>\n<li><strong>Power indicator<\/strong><\/li>\n<li><strong>5V Power supply screw terminal (3.81mm pitch)<\/strong><\/li>\n<li><strong>Debugging serial port<\/strong><\/li>\n<\/ol>\n<\/div>\n<\/div>\n<\/div>\n<div>\n<div class=\"richTitle\">Dimensions<\/div>\n<p class=\"richDesc hilitBlock3 round1234\">8inch version<\/p>\n<p><img decoding=\"async\" src=\"https:\/\/www.waveshare.com\/img\/devkit\/LCD\/PI5-HMI-080D\/PI5-HMI-080D-details-size.jpg\" alt=\"8inch version dimensions\" \/><\/p>\n<div><\/div>\n<p class=\"richDesc hilitBlock3 round1234\">10.1inch version<\/p>\n<p><img decoding=\"async\" src=\"https:\/\/www.waveshare.com\/img\/devkit\/LCD\/PI5-HMI-080D\/PI5-HMI-080D-details-size-1.jpg\" alt=\"10.1inch version dimensions\" \/><\/p>\n<\/div>\n<div>\n<div class=\"bgGrey\"><strong>Wiki: <\/strong><a id=\"tab-wiki\" href=\"http:\/\/www.waveshare.com\/wiki\/RPI-HMI-080D-101D\" target=\"_blank\" rel=\"noopener\">www.waveshare.com\/wiki\/RPI-HMI-080D-101D<\/a><\/div>\n<\/div>\n","protected":false},"excerpt":{"rendered":"<p>Industriell HMI alt-i-ett ber\u00f8ringsskjerm for Raspberry Pi, 10,1 tommer, st\u00f8tter dobbel 4K HDMI-utgang, 10-punkts ber\u00f8ring, optisk liming, aluminiumslegeringsdeksel, h\u00f8yeffektiv varmeavledning<\/p>\n","protected":false},"featured_media":276410,"comment_status":"open","ping_status":"closed","template":"","meta":[],"product_brand":[],"product_cat":[613,595],"product_tag":[717,703],"class_list":{"0":"post-276414","1":"product","2":"type-product","3":"status-publish","4":"has-post-thumbnail","6":"product_cat-industriell-raspberry-pi","7":"product_cat-raspberry-pi-displays-no","8":"product_tag-rpi4-no","9":"product_tag-rpi5-no","11":"first","12":"instock","13":"taxable","14":"shipping-taxable","15":"purchasable","16":"product-type-simple"},"composite_virtual":false,"composite_layout":"","composite_add_to_cart_form_location":"","composite_editable_in_cart":false,"composite_sold_individually_context":"","composite_shop_price_calc":"","composite_components":[],"composite_scenarios":[],"bundled_by":[],"bundle_stock_status":"instock","bundle_stock_quantity":1,"bundle_virtual":false,"bundle_layout":"","bundle_add_to_cart_form_location":"","bundle_editable_in_cart":false,"bundle_sold_individually_context":"","bundle_item_grouping":"","bundle_min_size":"","bundle_max_size":"","bundle_price":[],"bundled_items":[],"bundle_sell_ids":[246975],"yoast_head":"<!-- This site is optimized with the Yoast SEO plugin v27.1.1 - https:\/\/yoast.com\/product\/yoast-seo-wordpress\/ -->\n<title>Waveshare Industrial HMI All-in-one Touch Display til Raspberry Pi 4\/5 \u2022 RaspberryPi.dk<\/title>\n<meta name=\"robots\" content=\"index, follow, max-snippet:-1, max-image-preview:large, max-video-preview:-1\" \/>\n<link rel=\"canonical\" href=\"https:\/\/raspberrypi.dk\/no\/produkt\/waveshare-industrial-hmi-all-in-one-touch-display-til-raspberry-pi-4-5\/\" \/>\n<meta property=\"og:locale\" content=\"nb_NO\" \/>\n<meta property=\"og:type\" content=\"article\" \/>\n<meta property=\"og:title\" content=\"Waveshare Industrial HMI All-in-one Touch Display til Raspberry Pi 4\/5 \u2022 RaspberryPi.dk\" \/>\n<meta property=\"og:description\" content=\"Industriell HMI alt-i-ett ber\u00f8ringsskjerm for Raspberry Pi, 10,1 tommer, st\u00f8tter dobbel 4K HDMI-utgang, 10-punkts ber\u00f8ring, optisk liming, aluminiumslegeringsdeksel, h\u00f8yeffektiv varmeavledning\" \/>\n<meta property=\"og:url\" content=\"https:\/\/raspberrypi.dk\/no\/produkt\/waveshare-industrial-hmi-all-in-one-touch-display-til-raspberry-pi-4-5\/\" \/>\n<meta property=\"og:site_name\" content=\"RaspberryPi.dk\" \/>\n<meta property=\"article:publisher\" content=\"https:\/\/facebook.com\/RaspberryPiDanmark\" \/>\n<meta property=\"article:modified_time\" content=\"2025-12-01T20:19:10+00:00\" \/>\n<meta property=\"og:image\" content=\"https:\/\/raspberrypi.dk\/wp-content\/uploads\/2025\/03\/rpi-hmi-101d-acce_1.jpg\" \/>\n\t<meta property=\"og:image:width\" content=\"800\" \/>\n\t<meta property=\"og:image:height\" content=\"800\" \/>\n\t<meta property=\"og:image:type\" content=\"image\/jpeg\" \/>\n<meta name=\"twitter:card\" content=\"summary_large_image\" \/>\n<meta name=\"twitter:site\" content=\"@raspberrypidk\" \/>\n<meta name=\"twitter:label1\" content=\"Ansl. lesetid\" \/>\n\t<meta name=\"twitter:data1\" content=\"8 minutter\" \/>\n<script type=\"application\/ld+json\" class=\"yoast-schema-graph\">{\"@context\":\"https:\/\/schema.org\",\"@graph\":[{\"@type\":\"WebPage\",\"@id\":\"https:\/\/raspberrypi.dk\/no\/produkt\/waveshare-industrial-hmi-all-in-one-touch-display-til-raspberry-pi-4-5\/\",\"url\":\"https:\/\/raspberrypi.dk\/no\/produkt\/waveshare-industrial-hmi-all-in-one-touch-display-til-raspberry-pi-4-5\/\",\"name\":\"Waveshare Industrial HMI All-in-one Touch Display til Raspberry Pi 4\/5 \u2022 RaspberryPi.dk\",\"isPartOf\":{\"@id\":\"https:\/\/raspberrypi.dk\/no\/#website\"},\"primaryImageOfPage\":{\"@id\":\"https:\/\/raspberrypi.dk\/no\/produkt\/waveshare-industrial-hmi-all-in-one-touch-display-til-raspberry-pi-4-5\/#primaryimage\"},\"image\":{\"@id\":\"https:\/\/raspberrypi.dk\/no\/produkt\/waveshare-industrial-hmi-all-in-one-touch-display-til-raspberry-pi-4-5\/#primaryimage\"},\"thumbnailUrl\":\"https:\/\/raspberrypi.dk\/wp-content\/uploads\/2025\/03\/rpi-hmi-101d-acce_1.jpg\",\"datePublished\":\"2025-03-14T10:03:49+00:00\",\"dateModified\":\"2025-12-01T20:19:10+00:00\",\"breadcrumb\":{\"@id\":\"https:\/\/raspberrypi.dk\/no\/produkt\/waveshare-industrial-hmi-all-in-one-touch-display-til-raspberry-pi-4-5\/#breadcrumb\"},\"inLanguage\":\"nb-NO\",\"potentialAction\":[{\"@type\":\"ReadAction\",\"target\":[\"https:\/\/raspberrypi.dk\/no\/produkt\/waveshare-industrial-hmi-all-in-one-touch-display-til-raspberry-pi-4-5\/\"]}]},{\"@type\":\"ImageObject\",\"inLanguage\":\"nb-NO\",\"@id\":\"https:\/\/raspberrypi.dk\/no\/produkt\/waveshare-industrial-hmi-all-in-one-touch-display-til-raspberry-pi-4-5\/#primaryimage\",\"url\":\"https:\/\/raspberrypi.dk\/wp-content\/uploads\/2025\/03\/rpi-hmi-101d-acce_1.jpg\",\"contentUrl\":\"https:\/\/raspberrypi.dk\/wp-content\/uploads\/2025\/03\/rpi-hmi-101d-acce_1.jpg\",\"width\":800,\"height\":800,\"caption\":\"waveshare hmi rpi 5 rpi 4\"},{\"@type\":\"BreadcrumbList\",\"@id\":\"https:\/\/raspberrypi.dk\/no\/produkt\/waveshare-industrial-hmi-all-in-one-touch-display-til-raspberry-pi-4-5\/#breadcrumb\",\"itemListElement\":[{\"@type\":\"ListItem\",\"position\":1,\"name\":\"Hjem\",\"item\":\"https:\/\/raspberrypi.dk\/no\/raspberry-pi-nettbutikk\/\"},{\"@type\":\"ListItem\",\"position\":2,\"name\":\"Shop\",\"item\":\"https:\/\/raspberrypi.dk\/no\/shop-2\/\"},{\"@type\":\"ListItem\",\"position\":3,\"name\":\"Waveshare Industrial HMI All-in-one Touch Display til Raspberry Pi 4\/5\"}]},{\"@type\":\"WebSite\",\"@id\":\"https:\/\/raspberrypi.dk\/no\/#website\",\"url\":\"https:\/\/raspberrypi.dk\/no\/\",\"name\":\"RaspberryPi.dk\",\"description\":\"Danmarks f\u00f8rende Raspberry Pi side!\",\"publisher\":{\"@id\":\"https:\/\/raspberrypi.dk\/no\/#organization\"},\"potentialAction\":[{\"@type\":\"SearchAction\",\"target\":{\"@type\":\"EntryPoint\",\"urlTemplate\":\"https:\/\/raspberrypi.dk\/no\/?s={search_term_string}\"},\"query-input\":{\"@type\":\"PropertyValueSpecification\",\"valueRequired\":true,\"valueName\":\"search_term_string\"}}],\"inLanguage\":\"nb-NO\"},{\"@type\":\"Organization\",\"@id\":\"https:\/\/raspberrypi.dk\/no\/#organization\",\"name\":\"RaspberryPi.dk\",\"url\":\"https:\/\/raspberrypi.dk\/no\/\",\"logo\":{\"@type\":\"ImageObject\",\"inLanguage\":\"nb-NO\",\"@id\":\"https:\/\/raspberrypi.dk\/no\/#\/schema\/logo\/image\/\",\"url\":\"https:\/\/raspberrypi.dk\/wp-content\/uploads\/2017\/05\/RaspberryPidk_logo-2.png\",\"contentUrl\":\"https:\/\/raspberrypi.dk\/wp-content\/uploads\/2017\/05\/RaspberryPidk_logo-2.png\",\"width\":470,\"height\":110,\"caption\":\"RaspberryPi.dk\"},\"image\":{\"@id\":\"https:\/\/raspberrypi.dk\/no\/#\/schema\/logo\/image\/\"},\"sameAs\":[\"https:\/\/facebook.com\/RaspberryPiDanmark\",\"https:\/\/x.com\/raspberrypidk\",\"https:\/\/instagram.com\/raspberrypi.dk\"]}]}<\/script>\n<!-- \/ Yoast SEO plugin. -->","yoast_head_json":{"title":"Waveshare Industrial HMI All-in-one Touch Display til Raspberry Pi 4\/5 \u2022 RaspberryPi.dk","robots":{"index":"index","follow":"follow","max-snippet":"max-snippet:-1","max-image-preview":"max-image-preview:large","max-video-preview":"max-video-preview:-1"},"canonical":"https:\/\/raspberrypi.dk\/no\/produkt\/waveshare-industrial-hmi-all-in-one-touch-display-til-raspberry-pi-4-5\/","og_locale":"nb_NO","og_type":"article","og_title":"Waveshare Industrial HMI All-in-one Touch Display til Raspberry Pi 4\/5 \u2022 RaspberryPi.dk","og_description":"Industriell HMI alt-i-ett ber\u00f8ringsskjerm for Raspberry Pi, 10,1 tommer, st\u00f8tter dobbel 4K HDMI-utgang, 10-punkts ber\u00f8ring, optisk liming, aluminiumslegeringsdeksel, h\u00f8yeffektiv varmeavledning","og_url":"https:\/\/raspberrypi.dk\/no\/produkt\/waveshare-industrial-hmi-all-in-one-touch-display-til-raspberry-pi-4-5\/","og_site_name":"RaspberryPi.dk","article_publisher":"https:\/\/facebook.com\/RaspberryPiDanmark","article_modified_time":"2025-12-01T20:19:10+00:00","og_image":[{"width":800,"height":800,"url":"https:\/\/raspberrypi.dk\/wp-content\/uploads\/2025\/03\/rpi-hmi-101d-acce_1.jpg","type":"image\/jpeg"}],"twitter_card":"summary_large_image","twitter_site":"@raspberrypidk","twitter_misc":{"Ansl. lesetid":"8 minutter"},"schema":{"@context":"https:\/\/schema.org","@graph":[{"@type":"WebPage","@id":"https:\/\/raspberrypi.dk\/no\/produkt\/waveshare-industrial-hmi-all-in-one-touch-display-til-raspberry-pi-4-5\/","url":"https:\/\/raspberrypi.dk\/no\/produkt\/waveshare-industrial-hmi-all-in-one-touch-display-til-raspberry-pi-4-5\/","name":"Waveshare Industrial HMI All-in-one Touch Display til Raspberry Pi 4\/5 \u2022 RaspberryPi.dk","isPartOf":{"@id":"https:\/\/raspberrypi.dk\/no\/#website"},"primaryImageOfPage":{"@id":"https:\/\/raspberrypi.dk\/no\/produkt\/waveshare-industrial-hmi-all-in-one-touch-display-til-raspberry-pi-4-5\/#primaryimage"},"image":{"@id":"https:\/\/raspberrypi.dk\/no\/produkt\/waveshare-industrial-hmi-all-in-one-touch-display-til-raspberry-pi-4-5\/#primaryimage"},"thumbnailUrl":"https:\/\/raspberrypi.dk\/wp-content\/uploads\/2025\/03\/rpi-hmi-101d-acce_1.jpg","datePublished":"2025-03-14T10:03:49+00:00","dateModified":"2025-12-01T20:19:10+00:00","breadcrumb":{"@id":"https:\/\/raspberrypi.dk\/no\/produkt\/waveshare-industrial-hmi-all-in-one-touch-display-til-raspberry-pi-4-5\/#breadcrumb"},"inLanguage":"nb-NO","potentialAction":[{"@type":"ReadAction","target":["https:\/\/raspberrypi.dk\/no\/produkt\/waveshare-industrial-hmi-all-in-one-touch-display-til-raspberry-pi-4-5\/"]}]},{"@type":"ImageObject","inLanguage":"nb-NO","@id":"https:\/\/raspberrypi.dk\/no\/produkt\/waveshare-industrial-hmi-all-in-one-touch-display-til-raspberry-pi-4-5\/#primaryimage","url":"https:\/\/raspberrypi.dk\/wp-content\/uploads\/2025\/03\/rpi-hmi-101d-acce_1.jpg","contentUrl":"https:\/\/raspberrypi.dk\/wp-content\/uploads\/2025\/03\/rpi-hmi-101d-acce_1.jpg","width":800,"height":800,"caption":"waveshare hmi rpi 5 rpi 4"},{"@type":"BreadcrumbList","@id":"https:\/\/raspberrypi.dk\/no\/produkt\/waveshare-industrial-hmi-all-in-one-touch-display-til-raspberry-pi-4-5\/#breadcrumb","itemListElement":[{"@type":"ListItem","position":1,"name":"Hjem","item":"https:\/\/raspberrypi.dk\/no\/raspberry-pi-nettbutikk\/"},{"@type":"ListItem","position":2,"name":"Shop","item":"https:\/\/raspberrypi.dk\/no\/shop-2\/"},{"@type":"ListItem","position":3,"name":"Waveshare Industrial HMI All-in-one Touch Display til Raspberry Pi 4\/5"}]},{"@type":"WebSite","@id":"https:\/\/raspberrypi.dk\/no\/#website","url":"https:\/\/raspberrypi.dk\/no\/","name":"RaspberryPi.dk","description":"Danmarks f\u00f8rende Raspberry Pi side!","publisher":{"@id":"https:\/\/raspberrypi.dk\/no\/#organization"},"potentialAction":[{"@type":"SearchAction","target":{"@type":"EntryPoint","urlTemplate":"https:\/\/raspberrypi.dk\/no\/?s={search_term_string}"},"query-input":{"@type":"PropertyValueSpecification","valueRequired":true,"valueName":"search_term_string"}}],"inLanguage":"nb-NO"},{"@type":"Organization","@id":"https:\/\/raspberrypi.dk\/no\/#organization","name":"RaspberryPi.dk","url":"https:\/\/raspberrypi.dk\/no\/","logo":{"@type":"ImageObject","inLanguage":"nb-NO","@id":"https:\/\/raspberrypi.dk\/no\/#\/schema\/logo\/image\/","url":"https:\/\/raspberrypi.dk\/wp-content\/uploads\/2017\/05\/RaspberryPidk_logo-2.png","contentUrl":"https:\/\/raspberrypi.dk\/wp-content\/uploads\/2017\/05\/RaspberryPidk_logo-2.png","width":470,"height":110,"caption":"RaspberryPi.dk"},"image":{"@id":"https:\/\/raspberrypi.dk\/no\/#\/schema\/logo\/image\/"},"sameAs":["https:\/\/facebook.com\/RaspberryPiDanmark","https:\/\/x.com\/raspberrypidk","https:\/\/instagram.com\/raspberrypi.dk"]}]}},"_links":{"self":[{"href":"https:\/\/raspberrypi.dk\/no\/wp-json\/wp\/v2\/product\/276414","targetHints":{"allow":["GET"]}}],"collection":[{"href":"https:\/\/raspberrypi.dk\/no\/wp-json\/wp\/v2\/product"}],"about":[{"href":"https:\/\/raspberrypi.dk\/no\/wp-json\/wp\/v2\/types\/product"}],"replies":[{"embeddable":true,"href":"https:\/\/raspberrypi.dk\/no\/wp-json\/wp\/v2\/comments?post=276414"}],"wp:featuredmedia":[{"embeddable":true,"href":"https:\/\/raspberrypi.dk\/no\/wp-json\/wp\/v2\/media\/276410"}],"wp:attachment":[{"href":"https:\/\/raspberrypi.dk\/no\/wp-json\/wp\/v2\/media?parent=276414"}],"wp:term":[{"taxonomy":"product_brand","embeddable":true,"href":"https:\/\/raspberrypi.dk\/no\/wp-json\/wp\/v2\/product_brand?post=276414"},{"taxonomy":"product_cat","embeddable":true,"href":"https:\/\/raspberrypi.dk\/no\/wp-json\/wp\/v2\/product_cat?post=276414"},{"taxonomy":"product_tag","embeddable":true,"href":"https:\/\/raspberrypi.dk\/no\/wp-json\/wp\/v2\/product_tag?post=276414"}],"curies":[{"name":"wp","href":"https:\/\/api.w.org\/{rel}","templated":true}]}}