{"id":324875,"date":"2025-09-25T09:00:55","date_gmt":"2025-09-25T07:00:55","guid":{"rendered":"https:\/\/raspberrypi.dk\/?post_type=product&#038;p=324875"},"modified":"2026-01-19T11:39:39","modified_gmt":"2026-01-19T10:39:39","slug":"raspberry-pi-500-plus","status":"publish","type":"product","link":"https:\/\/raspberrypi.dk\/no\/produkt\/raspberry-pi-500-plus\/","title":{"rendered":"Raspberry Pi 500+"},"content":{"rendered":"<p>We have included Raspberry Pi 500+ Key Dampener Kit with all Pi 500+ products. Optional to install if you want to slightly reduce the noise of key presses.<\/p>\n<p class=\"p1\"><strong>Key features include:<\/strong><\/p>\n<ul>\n<li class=\"p1\">2.4GHz quad-core, 64-bit Arm Cortex-A76 CPU, with 512KB L2 caches and a 2MB shared L3 cache<\/li>\n<li class=\"p1\">VideoCore VII GPU<\/li>\n<li class=\"p1\">16GB LPDDR4X-4267 SDRAM<\/li>\n<li class=\"p1\">2.4 GHz and 5.0 GHz 802.11ac Wi-Fi<\/li>\n<li class=\"p1\">Bluetooth 5.0 \/ Bluetooth Low Energy (BLE)<\/li>\n<li class=\"p1\">256GB SSD pre-loaded with Raspberry Pi OS<\/li>\n<li class=\"p1\">Micro SD card slot, with support for high-speed SDR104 mode and the command queuing extension<\/li>\n<li class=\"p1\">2 \u00d7 USB 3.0 ports, supporting simultaneous 5Gbps operation<\/li>\n<li class=\"p1\">1 \u00d7 USB 2.0 port<\/li>\n<li class=\"p1\">Gigabit Ethernet<\/li>\n<li class=\"p1\">Dual micro-HDMI ports<\/li>\n<li class=\"p1\">78-, 79- or 83-key (depending on regional variant) mechanical keyboard<\/li>\n<li class=\"p1\">40-pin GPIO header<\/li>\n<li class=\"p1\">Kensington lock<\/li>\n<li class=\"p1\">5V\/5A DC power \u2013 via separate USB-C power supply<\/li>\n<li class=\"p1\">Power button on the keyboard<\/li>\n<\/ul>\n","protected":false},"excerpt":{"rendered":"<p>Raspberry Pi 500+ bygger videre p\u00e5 suksessen til basismodellen Raspberry Pi 500, og erstatter membrantastaturet med et mekanisk tastatur av h\u00f8y kvalitet med individuelt adresserbare RGB-LED-er og utskiftbare taster. Den \u00f8ker systemminnet fra 8 GB til 16 GB, og inkluderer en 256 GB SSD forh\u00e5ndsinstallert med den nyeste versjonen av Raspberry Pi OS.<\/p>\n","protected":false},"featured_media":324864,"comment_status":"open","ping_status":"closed","template":"","meta":[],"product_brand":[],"product_cat":[600],"product_tag":[],"class_list":{"0":"post-324875","1":"product","2":"type-product","3":"status-publish","4":"has-post-thumbnail","6":"product_cat-raspberry-pi-modeller-no","8":"first","9":"instock","10":"taxable","11":"shipping-taxable","12":"purchasable","13":"product-type-variable","14":"has-default-attributes"},"composite_virtual":false,"composite_layout":"","composite_add_to_cart_form_location":"","composite_editable_in_cart":false,"composite_sold_individually_context":"","composite_shop_price_calc":"","composite_components":[],"composite_scenarios":[],"bundled_by":[],"bundle_stock_status":"instock","bundle_stock_quantity":null,"bundle_virtual":false,"bundle_layout":"","bundle_add_to_cart_form_location":"","bundle_editable_in_cart":false,"bundle_sold_individually_context":"","bundle_item_grouping":"","bundle_min_size":"","bundle_max_size":"","bundle_price":[],"bundled_items":[],"bundle_sell_ids":[217073,241683,218759],"yoast_head":"<!-- This site is optimized with the Yoast SEO plugin v27.1.1 - https:\/\/yoast.com\/product\/yoast-seo-wordpress\/ -->\n<title>Raspberry Pi 500+ \u2022 RaspberryPi.dk<\/title>\n<meta name=\"robots\" content=\"index, follow, max-snippet:-1, max-image-preview:large, max-video-preview:-1\" \/>\n<link rel=\"canonical\" href=\"https:\/\/raspberrypi.dk\/no\/produkt\/raspberry-pi-500-plus\/\" \/>\n<meta property=\"og:locale\" content=\"nb_NO\" \/>\n<meta property=\"og:type\" content=\"article\" \/>\n<meta property=\"og:title\" content=\"Raspberry Pi 500+ \u2022 RaspberryPi.dk\" \/>\n<meta property=\"og:description\" content=\"Raspberry Pi 500+ bygger videre p\u00e5 suksessen til basismodellen Raspberry Pi 500, og erstatter membrantastaturet med et mekanisk tastatur av h\u00f8y kvalitet med individuelt adresserbare RGB-LED-er og utskiftbare taster. Den \u00f8ker systemminnet fra 8 GB til 16 GB, og inkluderer en 256 GB SSD forh\u00e5ndsinstallert med den nyeste versjonen av Raspberry Pi OS.\" \/>\n<meta property=\"og:url\" content=\"https:\/\/raspberrypi.dk\/no\/produkt\/raspberry-pi-500-plus\/\" \/>\n<meta property=\"og:site_name\" content=\"RaspberryPi.dk\" \/>\n<meta property=\"article:publisher\" content=\"https:\/\/facebook.com\/RaspberryPiDanmark\" \/>\n<meta property=\"article:modified_time\" content=\"2026-01-19T10:39:39+00:00\" \/>\n<meta property=\"og:image\" content=\"https:\/\/raspberrypi.dk\/wp-content\/uploads\/2025\/09\/500-hero-front.jpg\" \/>\n\t<meta property=\"og:image:width\" content=\"1900\" \/>\n\t<meta property=\"og:image:height\" content=\"1273\" \/>\n\t<meta property=\"og:image:type\" content=\"image\/jpeg\" \/>\n<meta name=\"twitter:card\" content=\"summary_large_image\" \/>\n<meta name=\"twitter:site\" content=\"@raspberrypidk\" \/>\n<meta name=\"twitter:label1\" content=\"Ansl. lesetid\" \/>\n\t<meta name=\"twitter:data1\" content=\"1 minutt\" \/>\n<script type=\"application\/ld+json\" class=\"yoast-schema-graph\">{\"@context\":\"https:\/\/schema.org\",\"@graph\":[{\"@type\":\"WebPage\",\"@id\":\"https:\/\/raspberrypi.dk\/no\/produkt\/raspberry-pi-500-plus\/\",\"url\":\"https:\/\/raspberrypi.dk\/no\/produkt\/raspberry-pi-500-plus\/\",\"name\":\"Raspberry Pi 500+ \u2022 RaspberryPi.dk\",\"isPartOf\":{\"@id\":\"https:\/\/raspberrypi.dk\/no\/#website\"},\"primaryImageOfPage\":{\"@id\":\"https:\/\/raspberrypi.dk\/no\/produkt\/raspberry-pi-500-plus\/#primaryimage\"},\"image\":{\"@id\":\"https:\/\/raspberrypi.dk\/no\/produkt\/raspberry-pi-500-plus\/#primaryimage\"},\"thumbnailUrl\":\"https:\/\/raspberrypi.dk\/wp-content\/uploads\/2025\/09\/500-hero-front.jpg\",\"datePublished\":\"2025-09-25T07:00:55+00:00\",\"dateModified\":\"2026-01-19T10:39:39+00:00\",\"breadcrumb\":{\"@id\":\"https:\/\/raspberrypi.dk\/no\/produkt\/raspberry-pi-500-plus\/#breadcrumb\"},\"inLanguage\":\"nb-NO\",\"potentialAction\":[{\"@type\":\"ReadAction\",\"target\":[\"https:\/\/raspberrypi.dk\/no\/produkt\/raspberry-pi-500-plus\/\"]}]},{\"@type\":\"ImageObject\",\"inLanguage\":\"nb-NO\",\"@id\":\"https:\/\/raspberrypi.dk\/no\/produkt\/raspberry-pi-500-plus\/#primaryimage\",\"url\":\"https:\/\/raspberrypi.dk\/wp-content\/uploads\/2025\/09\/500-hero-front.jpg\",\"contentUrl\":\"https:\/\/raspberrypi.dk\/wp-content\/uploads\/2025\/09\/500-hero-front.jpg\",\"width\":1900,\"height\":1273,\"caption\":\"Raspberry Pi 500+ (500 plus)\"},{\"@type\":\"BreadcrumbList\",\"@id\":\"https:\/\/raspberrypi.dk\/no\/produkt\/raspberry-pi-500-plus\/#breadcrumb\",\"itemListElement\":[{\"@type\":\"ListItem\",\"position\":1,\"name\":\"Hjem\",\"item\":\"https:\/\/raspberrypi.dk\/no\/raspberry-pi-nettbutikk\/\"},{\"@type\":\"ListItem\",\"position\":2,\"name\":\"Shop\",\"item\":\"https:\/\/raspberrypi.dk\/no\/shop-2\/\"},{\"@type\":\"ListItem\",\"position\":3,\"name\":\"Raspberry Pi 500+\"}]},{\"@type\":\"WebSite\",\"@id\":\"https:\/\/raspberrypi.dk\/no\/#website\",\"url\":\"https:\/\/raspberrypi.dk\/no\/\",\"name\":\"RaspberryPi.dk\",\"description\":\"Danmarks f\u00f8rende Raspberry Pi side!\",\"publisher\":{\"@id\":\"https:\/\/raspberrypi.dk\/no\/#organization\"},\"potentialAction\":[{\"@type\":\"SearchAction\",\"target\":{\"@type\":\"EntryPoint\",\"urlTemplate\":\"https:\/\/raspberrypi.dk\/no\/?s={search_term_string}\"},\"query-input\":{\"@type\":\"PropertyValueSpecification\",\"valueRequired\":true,\"valueName\":\"search_term_string\"}}],\"inLanguage\":\"nb-NO\"},{\"@type\":\"Organization\",\"@id\":\"https:\/\/raspberrypi.dk\/no\/#organization\",\"name\":\"RaspberryPi.dk\",\"url\":\"https:\/\/raspberrypi.dk\/no\/\",\"logo\":{\"@type\":\"ImageObject\",\"inLanguage\":\"nb-NO\",\"@id\":\"https:\/\/raspberrypi.dk\/no\/#\/schema\/logo\/image\/\",\"url\":\"https:\/\/raspberrypi.dk\/wp-content\/uploads\/2017\/05\/RaspberryPidk_logo-2.png\",\"contentUrl\":\"https:\/\/raspberrypi.dk\/wp-content\/uploads\/2017\/05\/RaspberryPidk_logo-2.png\",\"width\":470,\"height\":110,\"caption\":\"RaspberryPi.dk\"},\"image\":{\"@id\":\"https:\/\/raspberrypi.dk\/no\/#\/schema\/logo\/image\/\"},\"sameAs\":[\"https:\/\/facebook.com\/RaspberryPiDanmark\",\"https:\/\/x.com\/raspberrypidk\",\"https:\/\/instagram.com\/raspberrypi.dk\"]}]}<\/script>\n<!-- \/ Yoast SEO plugin. -->","yoast_head_json":{"title":"Raspberry Pi 500+ \u2022 RaspberryPi.dk","robots":{"index":"index","follow":"follow","max-snippet":"max-snippet:-1","max-image-preview":"max-image-preview:large","max-video-preview":"max-video-preview:-1"},"canonical":"https:\/\/raspberrypi.dk\/no\/produkt\/raspberry-pi-500-plus\/","og_locale":"nb_NO","og_type":"article","og_title":"Raspberry Pi 500+ \u2022 RaspberryPi.dk","og_description":"Raspberry Pi 500+ bygger videre p\u00e5 suksessen til basismodellen Raspberry Pi 500, og erstatter membrantastaturet med et mekanisk tastatur av h\u00f8y kvalitet med individuelt adresserbare RGB-LED-er og utskiftbare taster. Den \u00f8ker systemminnet fra 8 GB til 16 GB, og inkluderer en 256 GB SSD forh\u00e5ndsinstallert med den nyeste versjonen av Raspberry Pi OS.","og_url":"https:\/\/raspberrypi.dk\/no\/produkt\/raspberry-pi-500-plus\/","og_site_name":"RaspberryPi.dk","article_publisher":"https:\/\/facebook.com\/RaspberryPiDanmark","article_modified_time":"2026-01-19T10:39:39+00:00","og_image":[{"width":1900,"height":1273,"url":"https:\/\/raspberrypi.dk\/wp-content\/uploads\/2025\/09\/500-hero-front.jpg","type":"image\/jpeg"}],"twitter_card":"summary_large_image","twitter_site":"@raspberrypidk","twitter_misc":{"Ansl. lesetid":"1 minutt"},"schema":{"@context":"https:\/\/schema.org","@graph":[{"@type":"WebPage","@id":"https:\/\/raspberrypi.dk\/no\/produkt\/raspberry-pi-500-plus\/","url":"https:\/\/raspberrypi.dk\/no\/produkt\/raspberry-pi-500-plus\/","name":"Raspberry Pi 500+ \u2022 RaspberryPi.dk","isPartOf":{"@id":"https:\/\/raspberrypi.dk\/no\/#website"},"primaryImageOfPage":{"@id":"https:\/\/raspberrypi.dk\/no\/produkt\/raspberry-pi-500-plus\/#primaryimage"},"image":{"@id":"https:\/\/raspberrypi.dk\/no\/produkt\/raspberry-pi-500-plus\/#primaryimage"},"thumbnailUrl":"https:\/\/raspberrypi.dk\/wp-content\/uploads\/2025\/09\/500-hero-front.jpg","datePublished":"2025-09-25T07:00:55+00:00","dateModified":"2026-01-19T10:39:39+00:00","breadcrumb":{"@id":"https:\/\/raspberrypi.dk\/no\/produkt\/raspberry-pi-500-plus\/#breadcrumb"},"inLanguage":"nb-NO","potentialAction":[{"@type":"ReadAction","target":["https:\/\/raspberrypi.dk\/no\/produkt\/raspberry-pi-500-plus\/"]}]},{"@type":"ImageObject","inLanguage":"nb-NO","@id":"https:\/\/raspberrypi.dk\/no\/produkt\/raspberry-pi-500-plus\/#primaryimage","url":"https:\/\/raspberrypi.dk\/wp-content\/uploads\/2025\/09\/500-hero-front.jpg","contentUrl":"https:\/\/raspberrypi.dk\/wp-content\/uploads\/2025\/09\/500-hero-front.jpg","width":1900,"height":1273,"caption":"Raspberry Pi 500+ (500 plus)"},{"@type":"BreadcrumbList","@id":"https:\/\/raspberrypi.dk\/no\/produkt\/raspberry-pi-500-plus\/#breadcrumb","itemListElement":[{"@type":"ListItem","position":1,"name":"Hjem","item":"https:\/\/raspberrypi.dk\/no\/raspberry-pi-nettbutikk\/"},{"@type":"ListItem","position":2,"name":"Shop","item":"https:\/\/raspberrypi.dk\/no\/shop-2\/"},{"@type":"ListItem","position":3,"name":"Raspberry Pi 500+"}]},{"@type":"WebSite","@id":"https:\/\/raspberrypi.dk\/no\/#website","url":"https:\/\/raspberrypi.dk\/no\/","name":"RaspberryPi.dk","description":"Danmarks f\u00f8rende Raspberry Pi side!","publisher":{"@id":"https:\/\/raspberrypi.dk\/no\/#organization"},"potentialAction":[{"@type":"SearchAction","target":{"@type":"EntryPoint","urlTemplate":"https:\/\/raspberrypi.dk\/no\/?s={search_term_string}"},"query-input":{"@type":"PropertyValueSpecification","valueRequired":true,"valueName":"search_term_string"}}],"inLanguage":"nb-NO"},{"@type":"Organization","@id":"https:\/\/raspberrypi.dk\/no\/#organization","name":"RaspberryPi.dk","url":"https:\/\/raspberrypi.dk\/no\/","logo":{"@type":"ImageObject","inLanguage":"nb-NO","@id":"https:\/\/raspberrypi.dk\/no\/#\/schema\/logo\/image\/","url":"https:\/\/raspberrypi.dk\/wp-content\/uploads\/2017\/05\/RaspberryPidk_logo-2.png","contentUrl":"https:\/\/raspberrypi.dk\/wp-content\/uploads\/2017\/05\/RaspberryPidk_logo-2.png","width":470,"height":110,"caption":"RaspberryPi.dk"},"image":{"@id":"https:\/\/raspberrypi.dk\/no\/#\/schema\/logo\/image\/"},"sameAs":["https:\/\/facebook.com\/RaspberryPiDanmark","https:\/\/x.com\/raspberrypidk","https:\/\/instagram.com\/raspberrypi.dk"]}]}},"_links":{"self":[{"href":"https:\/\/raspberrypi.dk\/no\/wp-json\/wp\/v2\/product\/324875","targetHints":{"allow":["GET"]}}],"collection":[{"href":"https:\/\/raspberrypi.dk\/no\/wp-json\/wp\/v2\/product"}],"about":[{"href":"https:\/\/raspberrypi.dk\/no\/wp-json\/wp\/v2\/types\/product"}],"replies":[{"embeddable":true,"href":"https:\/\/raspberrypi.dk\/no\/wp-json\/wp\/v2\/comments?post=324875"}],"wp:featuredmedia":[{"embeddable":true,"href":"https:\/\/raspberrypi.dk\/no\/wp-json\/wp\/v2\/media\/324864"}],"wp:attachment":[{"href":"https:\/\/raspberrypi.dk\/no\/wp-json\/wp\/v2\/media?parent=324875"}],"wp:term":[{"taxonomy":"product_brand","embeddable":true,"href":"https:\/\/raspberrypi.dk\/no\/wp-json\/wp\/v2\/product_brand?post=324875"},{"taxonomy":"product_cat","embeddable":true,"href":"https:\/\/raspberrypi.dk\/no\/wp-json\/wp\/v2\/product_cat?post=324875"},{"taxonomy":"product_tag","embeddable":true,"href":"https:\/\/raspberrypi.dk\/no\/wp-json\/wp\/v2\/product_tag?post=324875"}],"curies":[{"name":"wp","href":"https:\/\/api.w.org\/{rel}","templated":true}]}}