{"id":335276,"date":"2025-12-01T09:00:21","date_gmt":"2025-12-01T08:00:21","guid":{"rendered":"https:\/\/raspberrypi.dk\/?post_type=product&#038;p=335276"},"modified":"2026-03-30T22:36:14","modified_gmt":"2026-03-30T20:36:14","slug":"raspberry-pi-5-1gb","status":"publish","type":"product","link":"https:\/\/raspberrypi.dk\/no\/produkt\/raspberry-pi-5-1gb\/","title":{"rendered":"Raspberry Pi 5 &#8211; 1GB"},"content":{"rendered":"<div class=\"page\" title=\"Page 2\">\n<div class=\"layoutArea\">\n<div class=\"column\">\n<p>Trenger din bedrift et st\u00f8rre antall Raspberry Pi 5 eller hjelp med Raspberry Pi maskinvare\/programvare?\u00a0<a href=\"https:\/\/raspberrypi.dk\/no\/om\/b2b-salg\/\">Kontakt oss her<\/a>.<\/p>\n<button data-id=\"155958\" data-post_id=\"335276\" data-form_style=\"1\" data-allow_outside_click=\"\" data-width=\"50%\" data-popup_type=\"on_button_click\" class=\"wpb-pcf-form-fire wpb-pcf-btn-large wpb-pcf-btn wpb-pcf-btn-default\">Request Quote (B2B)<\/button>\n<p>&nbsp;<\/p>\n<p>Dette er <strong>Raspberry Pi 5<\/strong> med <strong>1 GB RAM.<\/strong><\/p>\n<p>Med en 64-bits firekjerners Arm Cortex-A76-prosessor klokket til 2,4 GHz, leverer Raspberry Pi 5 en 2-3 ganger \u00f8kning i CPU-ytelse i forhold til Raspberry Pi 4. I tillegg til et betydelig l\u00f8ft i grafikkytelse fra en 800MHz VideoCore VII GPU; dobbel 4Kp60-skjermutgang over HDMI; og toppmoderne kamerast\u00f8tte fra en gjenbrukt Raspberry Pi-bildesignalprosessor, gir den en jevn skrivebordsopplevelse for forbrukere og \u00e5pner d\u00f8ren til nye applikasjoner for industrikunder.<\/p>\n<p>For f\u00f8rste gang er dette en Raspberry Pi-datamaskin i full st\u00f8rrelse som bruker silisium innebygd i Raspberry Pi. RP1 &laquo;s\u00f8rbroen&raquo; gir hoveddelen av I\/O-mulighetene for Raspberry Pi 5 og gir en trinnvis endring i perifer ytelse og funksjonalitet. Total USB-b\u00e5ndbredde er mer enn doblet, og gir raskere overf\u00f8ringshastigheter for eksterne UAS-stasjoner og annet h\u00f8yhastighets periferiutstyr; det dedikerte tofelts 1 Gbps MIPI-kameraet og skjermgrensesnittene som finnes p\u00e5 tidligere modeller, er erstattet av et par firefelts 1,5 Gbps MIPI-sendere, som tredobler den totale b\u00e5ndbredden og st\u00f8tter enhver kombinasjon av opptil to kameraer eller skjermer; topp SD-kortytelse dobles gjennom st\u00f8tte for SDR104 h\u00f8yhastighetsmodus; og for f\u00f8rste gang p\u00e5 plattformen er det n\u00e5 et enkeltfelts PCI Express 2.0-grensesnitt som st\u00f8tter periferiutstyr med h\u00f8y b\u00e5ndbredde.<\/p>\n<p><strong>Specifikationer<\/strong><\/p>\n<p><strong>Processor:<\/strong> Broadcom BCM2712 2.4GHz quad-core 64-bit Arm Cortex-A76 CPU, with cryptography extensions, 512KB per-core L2 caches, and a 2MB shared L3 cache<\/p>\n<p><strong>Features:<\/strong><\/p>\n<ul>\n<li>VideoCore VII GPU, supporting OpenGL ES 3.1, Vulkan 1.2 \u2022 Dual 4Kp60 HDMI\u00ae display output with HDR support<\/li>\n<li>4Kp60 HEVC decoder<\/li>\n<li>LPDDR4X-4267 SDRAM (2GB, 4GB and 8GB SKUs available)<\/li>\n<li>Dual-band 802.11ac Wi-Fi\u00ae<\/li>\n<li>Bluetooth 5.0 \/ Bluetooth Low Energy (BLE)<\/li>\n<li>microSD card slot, with support for high-speed SDR104 mode<\/li>\n<li>2 \u00d7 USB 3.0 ports, supporting simultaneous 5Gbps operation<\/li>\n<li>2 \u00d7 USB 2.0 ports<\/li>\n<li>Gigabit Ethernet, with PoE+ support (requires separate PoE+ HAT)<\/li>\n<li>2 \u00d7 4-lane MIPI camera\/display transceivers<\/li>\n<li>PCIe 2.0 x1 interface for fast peripherals (requires separate M.2 HAT or other adapter)<\/li>\n<li>5V\/5A DC power via USB-C, with Power Delivery support \u2022 Raspberry Pi standard 40-pin header<\/li>\n<li>Real-time clock (RTC), powered from external battery<\/li>\n<li>Power button<\/li>\n<\/ul>\n<p><strong>Raspberry Pi 5 Overblik<\/strong><\/p>\n<p><a href=\"https:\/\/raspberrypi.dk\/wp-content\/uploads\/2023\/09\/raspberry-pi-5-overview.png\"><img decoding=\"async\" class=\"aligncenter wp-image-196265 size-full\" src=\"https:\/\/raspberrypi.dk\/wp-content\/uploads\/2023\/09\/raspberry-pi-5-overview.png\" alt=\"raspberry pi 5 overview\" width=\"1576\" height=\"901\" srcset=\"https:\/\/raspberrypi.dk\/wp-content\/uploads\/2023\/09\/raspberry-pi-5-overview.png 1576w, https:\/\/raspberrypi.dk\/wp-content\/uploads\/2023\/09\/raspberry-pi-5-overview-500x286.png 500w, https:\/\/raspberrypi.dk\/wp-content\/uploads\/2023\/09\/raspberry-pi-5-overview-1024x585.png 1024w, https:\/\/raspberrypi.dk\/wp-content\/uploads\/2023\/09\/raspberry-pi-5-overview-768x439.png 768w, https:\/\/raspberrypi.dk\/wp-content\/uploads\/2023\/09\/raspberry-pi-5-overview-1536x878.png 1536w, https:\/\/raspberrypi.dk\/wp-content\/uploads\/2023\/09\/raspberry-pi-5-overview-24x14.png 24w, https:\/\/raspberrypi.dk\/wp-content\/uploads\/2023\/09\/raspberry-pi-5-overview-36x21.png 36w, https:\/\/raspberrypi.dk\/wp-content\/uploads\/2023\/09\/raspberry-pi-5-overview-48x27.png 48w, https:\/\/raspberrypi.dk\/wp-content\/uploads\/2023\/09\/raspberry-pi-5-overview-457x261.png 457w\" sizes=\"(max-width: 1576px) 100vw, 1576px\" \/><\/a><\/p>\n<p><strong>Fysiske Dimensioner<\/strong><\/p>\n<p><a href=\"https:\/\/raspberrypi.dk\/wp-content\/uploads\/2023\/09\/dimensioner-pi-5.jpg\"><img decoding=\"async\" class=\"aligncenter wp-image-196201 size-full\" src=\"https:\/\/raspberrypi.dk\/wp-content\/uploads\/2023\/09\/dimensioner-pi-5.jpg\" alt=\"dimensions raspberry pi 5\" width=\"1391\" height=\"1123\" srcset=\"https:\/\/raspberrypi.dk\/wp-content\/uploads\/2023\/09\/dimensioner-pi-5.jpg 1391w, https:\/\/raspberrypi.dk\/wp-content\/uploads\/2023\/09\/dimensioner-pi-5-500x404.jpg 500w, https:\/\/raspberrypi.dk\/wp-content\/uploads\/2023\/09\/dimensioner-pi-5-1024x827.jpg 1024w, https:\/\/raspberrypi.dk\/wp-content\/uploads\/2023\/09\/dimensioner-pi-5-768x620.jpg 768w, https:\/\/raspberrypi.dk\/wp-content\/uploads\/2023\/09\/dimensioner-pi-5-24x19.jpg 24w, https:\/\/raspberrypi.dk\/wp-content\/uploads\/2023\/09\/dimensioner-pi-5-36x29.jpg 36w, https:\/\/raspberrypi.dk\/wp-content\/uploads\/2023\/09\/dimensioner-pi-5-48x39.jpg 48w, https:\/\/raspberrypi.dk\/wp-content\/uploads\/2023\/09\/dimensioner-pi-5-457x369.jpg 457w\" sizes=\"(max-width: 1391px) 100vw, 1391px\" \/><\/a><\/p>\n<\/div>\n<\/div>\n<\/div>\n","protected":false},"excerpt":{"rendered":"<p>Velkommen til siste generasjon av Raspberry Pi: Raspberry Pi 5 &#8211; 1 GB RAM!<\/p>\n<p><strong><a href=\"https:\/\/raspberrypi.dk\/no\/produkt\/raspberry-pi-5-starter-kit\/\">V\u00e5r Raspberry Pi 5 Starter Kit<\/a> er P\u00c5 LAGER <a href=\"https:\/\/raspberrypi.dk\/no\/produkt\/raspberry-pi-5-starter-kit\/\">her<\/a>.<\/strong><\/p>\n","protected":false},"featured_media":196255,"comment_status":"open","ping_status":"closed","template":"","meta":[],"product_brand":[],"product_cat":[600],"product_tag":[703],"class_list":{"0":"post-335276","1":"product","2":"type-product","3":"status-publish","4":"has-post-thumbnail","6":"product_cat-raspberry-pi-modeller-no","7":"product_tag-rpi5-no","9":"first","10":"instock","11":"taxable","12":"shipping-taxable","13":"purchasable","14":"product-type-simple"},"composite_virtual":false,"composite_layout":"","composite_add_to_cart_form_location":"","composite_editable_in_cart":false,"composite_sold_individually_context":"","composite_shop_price_calc":"","composite_components":[],"composite_scenarios":[],"bundled_by":[],"bundle_stock_status":"instock","bundle_stock_quantity":288,"bundle_virtual":false,"bundle_layout":"","bundle_add_to_cart_form_location":"","bundle_editable_in_cart":false,"bundle_sold_individually_context":"","bundle_item_grouping":"","bundle_min_size":"","bundle_max_size":"","bundle_price":[],"bundled_items":[],"bundle_sell_ids":[217073,217070],"yoast_head":"<!-- This site is optimized with the Yoast SEO plugin v27.1.1 - https:\/\/yoast.com\/product\/yoast-seo-wordpress\/ -->\n<title>Raspberry Pi 5 - 1GB \u2022 RaspberryPi.dk<\/title>\n<meta name=\"robots\" content=\"index, follow, max-snippet:-1, max-image-preview:large, max-video-preview:-1\" \/>\n<link rel=\"canonical\" href=\"https:\/\/raspberrypi.dk\/no\/produkt\/raspberry-pi-5-1gb\/\" \/>\n<meta property=\"og:locale\" content=\"nb_NO\" \/>\n<meta property=\"og:type\" content=\"article\" \/>\n<meta property=\"og:title\" content=\"Raspberry Pi 5 - 1GB \u2022 RaspberryPi.dk\" \/>\n<meta property=\"og:description\" content=\"Velkommen til siste generasjon av Raspberry Pi: Raspberry Pi 5 - 1 GB RAM!  V\u00e5r Raspberry Pi 5 Starter Kit er P\u00c5 LAGER her.\" \/>\n<meta property=\"og:url\" content=\"https:\/\/raspberrypi.dk\/no\/produkt\/raspberry-pi-5-1gb\/\" \/>\n<meta property=\"og:site_name\" content=\"RaspberryPi.dk\" \/>\n<meta property=\"article:publisher\" content=\"https:\/\/facebook.com\/RaspberryPiDanmark\" \/>\n<meta property=\"article:modified_time\" content=\"2026-03-30T20:36:14+00:00\" \/>\n<meta property=\"og:image\" content=\"https:\/\/raspberrypi.dk\/wp-content\/uploads\/2023\/09\/PI_5_HERO-1024x683.png\" \/>\n\t<meta property=\"og:image:width\" content=\"1024\" \/>\n\t<meta property=\"og:image:height\" content=\"683\" \/>\n\t<meta property=\"og:image:type\" content=\"image\/png\" \/>\n<meta name=\"twitter:card\" content=\"summary_large_image\" \/>\n<meta name=\"twitter:site\" content=\"@raspberrypidk\" \/>\n<meta name=\"twitter:label1\" content=\"Ansl. lesetid\" \/>\n\t<meta name=\"twitter:data1\" content=\"3 minutter\" \/>\n<script type=\"application\/ld+json\" class=\"yoast-schema-graph\">{\"@context\":\"https:\/\/schema.org\",\"@graph\":[{\"@type\":\"WebPage\",\"@id\":\"https:\/\/raspberrypi.dk\/no\/produkt\/raspberry-pi-5-1gb\/\",\"url\":\"https:\/\/raspberrypi.dk\/no\/produkt\/raspberry-pi-5-1gb\/\",\"name\":\"Raspberry Pi 5 - 1GB \u2022 RaspberryPi.dk\",\"isPartOf\":{\"@id\":\"https:\/\/raspberrypi.dk\/no\/#website\"},\"primaryImageOfPage\":{\"@id\":\"https:\/\/raspberrypi.dk\/no\/produkt\/raspberry-pi-5-1gb\/#primaryimage\"},\"image\":{\"@id\":\"https:\/\/raspberrypi.dk\/no\/produkt\/raspberry-pi-5-1gb\/#primaryimage\"},\"thumbnailUrl\":\"https:\/\/raspberrypi.dk\/wp-content\/uploads\/2023\/09\/PI_5_HERO.png\",\"datePublished\":\"2025-12-01T08:00:21+00:00\",\"dateModified\":\"2026-03-30T20:36:14+00:00\",\"breadcrumb\":{\"@id\":\"https:\/\/raspberrypi.dk\/no\/produkt\/raspberry-pi-5-1gb\/#breadcrumb\"},\"inLanguage\":\"nb-NO\",\"potentialAction\":[{\"@type\":\"ReadAction\",\"target\":[\"https:\/\/raspberrypi.dk\/no\/produkt\/raspberry-pi-5-1gb\/\"]}]},{\"@type\":\"ImageObject\",\"inLanguage\":\"nb-NO\",\"@id\":\"https:\/\/raspberrypi.dk\/no\/produkt\/raspberry-pi-5-1gb\/#primaryimage\",\"url\":\"https:\/\/raspberrypi.dk\/wp-content\/uploads\/2023\/09\/PI_5_HERO.png\",\"contentUrl\":\"https:\/\/raspberrypi.dk\/wp-content\/uploads\/2023\/09\/PI_5_HERO.png\",\"width\":1920,\"height\":1280,\"caption\":\"Raspberry Pi 5\"},{\"@type\":\"BreadcrumbList\",\"@id\":\"https:\/\/raspberrypi.dk\/no\/produkt\/raspberry-pi-5-1gb\/#breadcrumb\",\"itemListElement\":[{\"@type\":\"ListItem\",\"position\":1,\"name\":\"Hjem\",\"item\":\"https:\/\/raspberrypi.dk\/no\/raspberry-pi-nettbutikk\/\"},{\"@type\":\"ListItem\",\"position\":2,\"name\":\"Shop\",\"item\":\"https:\/\/raspberrypi.dk\/no\/shop-2\/\"},{\"@type\":\"ListItem\",\"position\":3,\"name\":\"Raspberry Pi 5 &#8211; 1GB\"}]},{\"@type\":\"WebSite\",\"@id\":\"https:\/\/raspberrypi.dk\/no\/#website\",\"url\":\"https:\/\/raspberrypi.dk\/no\/\",\"name\":\"RaspberryPi.dk\",\"description\":\"Danmarks f\u00f8rende Raspberry Pi side!\",\"publisher\":{\"@id\":\"https:\/\/raspberrypi.dk\/no\/#organization\"},\"potentialAction\":[{\"@type\":\"SearchAction\",\"target\":{\"@type\":\"EntryPoint\",\"urlTemplate\":\"https:\/\/raspberrypi.dk\/no\/?s={search_term_string}\"},\"query-input\":{\"@type\":\"PropertyValueSpecification\",\"valueRequired\":true,\"valueName\":\"search_term_string\"}}],\"inLanguage\":\"nb-NO\"},{\"@type\":\"Organization\",\"@id\":\"https:\/\/raspberrypi.dk\/no\/#organization\",\"name\":\"RaspberryPi.dk\",\"url\":\"https:\/\/raspberrypi.dk\/no\/\",\"logo\":{\"@type\":\"ImageObject\",\"inLanguage\":\"nb-NO\",\"@id\":\"https:\/\/raspberrypi.dk\/no\/#\/schema\/logo\/image\/\",\"url\":\"https:\/\/raspberrypi.dk\/wp-content\/uploads\/2017\/05\/RaspberryPidk_logo-2.png\",\"contentUrl\":\"https:\/\/raspberrypi.dk\/wp-content\/uploads\/2017\/05\/RaspberryPidk_logo-2.png\",\"width\":470,\"height\":110,\"caption\":\"RaspberryPi.dk\"},\"image\":{\"@id\":\"https:\/\/raspberrypi.dk\/no\/#\/schema\/logo\/image\/\"},\"sameAs\":[\"https:\/\/facebook.com\/RaspberryPiDanmark\",\"https:\/\/x.com\/raspberrypidk\",\"https:\/\/instagram.com\/raspberrypi.dk\"]}]}<\/script>\n<!-- \/ Yoast SEO plugin. -->","yoast_head_json":{"title":"Raspberry Pi 5 - 1GB \u2022 RaspberryPi.dk","robots":{"index":"index","follow":"follow","max-snippet":"max-snippet:-1","max-image-preview":"max-image-preview:large","max-video-preview":"max-video-preview:-1"},"canonical":"https:\/\/raspberrypi.dk\/no\/produkt\/raspberry-pi-5-1gb\/","og_locale":"nb_NO","og_type":"article","og_title":"Raspberry Pi 5 - 1GB \u2022 RaspberryPi.dk","og_description":"Velkommen til siste generasjon av Raspberry Pi: Raspberry Pi 5 - 1 GB RAM!  V\u00e5r Raspberry Pi 5 Starter Kit er P\u00c5 LAGER her.","og_url":"https:\/\/raspberrypi.dk\/no\/produkt\/raspberry-pi-5-1gb\/","og_site_name":"RaspberryPi.dk","article_publisher":"https:\/\/facebook.com\/RaspberryPiDanmark","article_modified_time":"2026-03-30T20:36:14+00:00","og_image":[{"width":1024,"height":683,"url":"https:\/\/raspberrypi.dk\/wp-content\/uploads\/2023\/09\/PI_5_HERO-1024x683.png","type":"image\/png"}],"twitter_card":"summary_large_image","twitter_site":"@raspberrypidk","twitter_misc":{"Ansl. lesetid":"3 minutter"},"schema":{"@context":"https:\/\/schema.org","@graph":[{"@type":"WebPage","@id":"https:\/\/raspberrypi.dk\/no\/produkt\/raspberry-pi-5-1gb\/","url":"https:\/\/raspberrypi.dk\/no\/produkt\/raspberry-pi-5-1gb\/","name":"Raspberry Pi 5 - 1GB \u2022 RaspberryPi.dk","isPartOf":{"@id":"https:\/\/raspberrypi.dk\/no\/#website"},"primaryImageOfPage":{"@id":"https:\/\/raspberrypi.dk\/no\/produkt\/raspberry-pi-5-1gb\/#primaryimage"},"image":{"@id":"https:\/\/raspberrypi.dk\/no\/produkt\/raspberry-pi-5-1gb\/#primaryimage"},"thumbnailUrl":"https:\/\/raspberrypi.dk\/wp-content\/uploads\/2023\/09\/PI_5_HERO.png","datePublished":"2025-12-01T08:00:21+00:00","dateModified":"2026-03-30T20:36:14+00:00","breadcrumb":{"@id":"https:\/\/raspberrypi.dk\/no\/produkt\/raspberry-pi-5-1gb\/#breadcrumb"},"inLanguage":"nb-NO","potentialAction":[{"@type":"ReadAction","target":["https:\/\/raspberrypi.dk\/no\/produkt\/raspberry-pi-5-1gb\/"]}]},{"@type":"ImageObject","inLanguage":"nb-NO","@id":"https:\/\/raspberrypi.dk\/no\/produkt\/raspberry-pi-5-1gb\/#primaryimage","url":"https:\/\/raspberrypi.dk\/wp-content\/uploads\/2023\/09\/PI_5_HERO.png","contentUrl":"https:\/\/raspberrypi.dk\/wp-content\/uploads\/2023\/09\/PI_5_HERO.png","width":1920,"height":1280,"caption":"Raspberry Pi 5"},{"@type":"BreadcrumbList","@id":"https:\/\/raspberrypi.dk\/no\/produkt\/raspberry-pi-5-1gb\/#breadcrumb","itemListElement":[{"@type":"ListItem","position":1,"name":"Hjem","item":"https:\/\/raspberrypi.dk\/no\/raspberry-pi-nettbutikk\/"},{"@type":"ListItem","position":2,"name":"Shop","item":"https:\/\/raspberrypi.dk\/no\/shop-2\/"},{"@type":"ListItem","position":3,"name":"Raspberry Pi 5 &#8211; 1GB"}]},{"@type":"WebSite","@id":"https:\/\/raspberrypi.dk\/no\/#website","url":"https:\/\/raspberrypi.dk\/no\/","name":"RaspberryPi.dk","description":"Danmarks f\u00f8rende Raspberry Pi side!","publisher":{"@id":"https:\/\/raspberrypi.dk\/no\/#organization"},"potentialAction":[{"@type":"SearchAction","target":{"@type":"EntryPoint","urlTemplate":"https:\/\/raspberrypi.dk\/no\/?s={search_term_string}"},"query-input":{"@type":"PropertyValueSpecification","valueRequired":true,"valueName":"search_term_string"}}],"inLanguage":"nb-NO"},{"@type":"Organization","@id":"https:\/\/raspberrypi.dk\/no\/#organization","name":"RaspberryPi.dk","url":"https:\/\/raspberrypi.dk\/no\/","logo":{"@type":"ImageObject","inLanguage":"nb-NO","@id":"https:\/\/raspberrypi.dk\/no\/#\/schema\/logo\/image\/","url":"https:\/\/raspberrypi.dk\/wp-content\/uploads\/2017\/05\/RaspberryPidk_logo-2.png","contentUrl":"https:\/\/raspberrypi.dk\/wp-content\/uploads\/2017\/05\/RaspberryPidk_logo-2.png","width":470,"height":110,"caption":"RaspberryPi.dk"},"image":{"@id":"https:\/\/raspberrypi.dk\/no\/#\/schema\/logo\/image\/"},"sameAs":["https:\/\/facebook.com\/RaspberryPiDanmark","https:\/\/x.com\/raspberrypidk","https:\/\/instagram.com\/raspberrypi.dk"]}]}},"_links":{"self":[{"href":"https:\/\/raspberrypi.dk\/no\/wp-json\/wp\/v2\/product\/335276","targetHints":{"allow":["GET"]}}],"collection":[{"href":"https:\/\/raspberrypi.dk\/no\/wp-json\/wp\/v2\/product"}],"about":[{"href":"https:\/\/raspberrypi.dk\/no\/wp-json\/wp\/v2\/types\/product"}],"replies":[{"embeddable":true,"href":"https:\/\/raspberrypi.dk\/no\/wp-json\/wp\/v2\/comments?post=335276"}],"wp:featuredmedia":[{"embeddable":true,"href":"https:\/\/raspberrypi.dk\/no\/wp-json\/wp\/v2\/media\/196255"}],"wp:attachment":[{"href":"https:\/\/raspberrypi.dk\/no\/wp-json\/wp\/v2\/media?parent=335276"}],"wp:term":[{"taxonomy":"product_brand","embeddable":true,"href":"https:\/\/raspberrypi.dk\/no\/wp-json\/wp\/v2\/product_brand?post=335276"},{"taxonomy":"product_cat","embeddable":true,"href":"https:\/\/raspberrypi.dk\/no\/wp-json\/wp\/v2\/product_cat?post=335276"},{"taxonomy":"product_tag","embeddable":true,"href":"https:\/\/raspberrypi.dk\/no\/wp-json\/wp\/v2\/product_tag?post=335276"}],"curies":[{"name":"wp","href":"https:\/\/api.w.org\/{rel}","templated":true}]}}