{"id":348668,"date":"2026-01-15T09:29:54","date_gmt":"2026-01-15T08:29:54","guid":{"rendered":"https:\/\/raspberrypi.dk\/?post_type=product&#038;p=348668"},"modified":"2026-02-28T15:45:08","modified_gmt":"2026-02-28T14:45:08","slug":"1tb-m-2-ssd-nvme-raspberry-pi","status":"publish","type":"product","link":"https:\/\/raspberrypi.dk\/no\/produkt\/1tb-m-2-ssd-nvme-raspberry-pi\/","title":{"rendered":"1TB M.2 SSD NVMe \u2013 Raspberry Pi"},"content":{"rendered":"<p>Det er en p\u00e5litelig, responsiv og h\u00f8yytelses PCIe Gen 3-kompatibel SSD som er i stand til rask dataoverf\u00f8ring.<\/p>\n<ul>\n<li>M.2 2230 formfaktor<\/li>\n<li>Samsvarer med PCIe Gen 3-standarden<\/li>\n<li>NVMe 1.4 registergrensesnitt og kommandosett<\/li>\n<li>Krever en Raspberry Pi 5-kompatibel M.2-adapter, for eksempel <a href=\"https:\/\/raspberrypi.dk\/no\/produkt\/raspberry-pi-m-2-hat-til-raspberry-pi-5\/\">Raspberry Pi M.2 HAT+<\/a> (selges separat).<\/li>\n<\/ul>\n<p class=\"p1\">Kan ha f\u00f8lgende ytelse, n\u00e5r du f\u00e5r tilgang til en 1-felts PCI Express 2.0-buss:<\/p>\n<table border=\"0\" width=\"261\" cellspacing=\"0\" cellpadding=\"0\">\n<tbody>\n<tr>\n<td class=\"xl63\" align=\"right\" width=\"87\" height=\"21\">Density<\/td>\n<td class=\"xl63\" align=\"right\" width=\"87\">IOPS (4KB random read)<\/td>\n<td class=\"xl63\" align=\"right\" width=\"87\">IOPS (4KB random write)<\/td>\n<\/tr>\n<tr>\n<td class=\"xl63\" align=\"right\" height=\"21\">256GB<\/td>\n<td class=\"xl63\" align=\"right\">40k<\/td>\n<td class=\"xl63\" align=\"right\">70k<\/td>\n<\/tr>\n<tr>\n<td class=\"xl63\" align=\"right\" height=\"21\">512GB<\/td>\n<td class=\"xl63\" align=\"right\">50k<\/td>\n<td class=\"xl63\" align=\"right\">90k<\/td>\n<\/tr>\n<\/tbody>\n<\/table>\n<h2 class=\"c-type-display c-product-slice__heading\">Download:<\/h2>\n<div class=\"c-wysiwyg\">\n<ul>\n<li><a href=\"https:\/\/datasheets.raspberrypi.com\/ssd\/raspberry-pi-ssd-product-brief.pdf\">Raspberry Pi SSD product brief<\/a><\/li>\n<\/ul>\n<\/div>\n<p class=\"p1\">\n","protected":false},"excerpt":{"rendered":"<p class=\"p1\">En Raspberry Pi SSD l\u00e5ser opp enest\u00e5ende ytelse for I\/O-intensive applikasjoner p\u00e5 Raspberry Pi 5 og andre enheter, inkludert superrask oppstart fra SSD.<\/p>\n","protected":false},"featured_media":348675,"comment_status":"open","ping_status":"closed","template":"","meta":[],"product_brand":[],"product_cat":[604],"product_tag":[703],"class_list":{"0":"post-348668","1":"product","2":"type-product","3":"status-publish","4":"has-post-thumbnail","6":"product_cat-lagring-usb-storage-no","7":"product_tag-rpi5-no","9":"first","10":"outofstock","11":"taxable","12":"shipping-taxable","13":"purchasable","14":"product-type-simple"},"composite_virtual":false,"composite_layout":"","composite_add_to_cart_form_location":"","composite_editable_in_cart":false,"composite_sold_individually_context":"","composite_shop_price_calc":"","composite_components":[],"composite_scenarios":[],"bundled_by":[],"bundle_stock_status":"outofstock","bundle_stock_quantity":0,"bundle_virtual":false,"bundle_layout":"","bundle_add_to_cart_form_location":"","bundle_editable_in_cart":false,"bundle_sold_individually_context":"","bundle_item_grouping":"","bundle_min_size":"","bundle_max_size":"","bundle_price":[],"bundled_items":[],"bundle_sell_ids":[217064],"yoast_head":"<!-- This site is optimized with the Yoast SEO plugin v27.1.1 - https:\/\/yoast.com\/product\/yoast-seo-wordpress\/ -->\n<title>1TB M.2 SSD NVMe \u2013 Raspberry Pi \u2022 RaspberryPi.dk<\/title>\n<meta name=\"robots\" content=\"index, follow, max-snippet:-1, max-image-preview:large, max-video-preview:-1\" \/>\n<link rel=\"canonical\" href=\"https:\/\/raspberrypi.dk\/no\/produkt\/1tb-m-2-ssd-nvme-raspberry-pi\/\" \/>\n<meta property=\"og:locale\" content=\"nb_NO\" \/>\n<meta property=\"og:type\" content=\"article\" \/>\n<meta property=\"og:title\" content=\"1TB M.2 SSD NVMe \u2013 Raspberry Pi \u2022 RaspberryPi.dk\" \/>\n<meta property=\"og:description\" content=\"En Raspberry Pi SSD l\u00e5ser opp enest\u00e5ende ytelse for I\/O-intensive applikasjoner p\u00e5 Raspberry Pi 5 og andre enheter, inkludert superrask oppstart fra SSD.\" \/>\n<meta property=\"og:url\" content=\"https:\/\/raspberrypi.dk\/no\/produkt\/1tb-m-2-ssd-nvme-raspberry-pi\/\" \/>\n<meta property=\"og:site_name\" content=\"RaspberryPi.dk\" \/>\n<meta property=\"article:publisher\" content=\"https:\/\/facebook.com\/RaspberryPiDanmark\" \/>\n<meta property=\"article:modified_time\" content=\"2026-02-28T14:45:08+00:00\" \/>\n<meta property=\"og:image\" content=\"https:\/\/raspberrypi.dk\/wp-content\/uploads\/2026\/01\/1TB-SSD-scaled.jpg\" \/>\n\t<meta property=\"og:image:width\" content=\"2560\" \/>\n\t<meta property=\"og:image:height\" content=\"1706\" \/>\n\t<meta property=\"og:image:type\" content=\"image\/jpeg\" \/>\n<meta name=\"twitter:card\" content=\"summary_large_image\" \/>\n<meta name=\"twitter:site\" content=\"@raspberrypidk\" \/>\n<meta name=\"twitter:label1\" content=\"Ansl. lesetid\" \/>\n\t<meta name=\"twitter:data1\" content=\"1 minutt\" \/>\n<script type=\"application\/ld+json\" class=\"yoast-schema-graph\">{\"@context\":\"https:\/\/schema.org\",\"@graph\":[{\"@type\":\"WebPage\",\"@id\":\"https:\/\/raspberrypi.dk\/no\/produkt\/1tb-m-2-ssd-nvme-raspberry-pi\/\",\"url\":\"https:\/\/raspberrypi.dk\/no\/produkt\/1tb-m-2-ssd-nvme-raspberry-pi\/\",\"name\":\"1TB M.2 SSD NVMe \u2013 Raspberry Pi \u2022 RaspberryPi.dk\",\"isPartOf\":{\"@id\":\"https:\/\/raspberrypi.dk\/no\/#website\"},\"primaryImageOfPage\":{\"@id\":\"https:\/\/raspberrypi.dk\/no\/produkt\/1tb-m-2-ssd-nvme-raspberry-pi\/#primaryimage\"},\"image\":{\"@id\":\"https:\/\/raspberrypi.dk\/no\/produkt\/1tb-m-2-ssd-nvme-raspberry-pi\/#primaryimage\"},\"thumbnailUrl\":\"https:\/\/raspberrypi.dk\/wp-content\/uploads\/2026\/01\/1TB-SSD-scaled.jpg\",\"datePublished\":\"2026-01-15T08:29:54+00:00\",\"dateModified\":\"2026-02-28T14:45:08+00:00\",\"breadcrumb\":{\"@id\":\"https:\/\/raspberrypi.dk\/no\/produkt\/1tb-m-2-ssd-nvme-raspberry-pi\/#breadcrumb\"},\"inLanguage\":\"nb-NO\",\"potentialAction\":[{\"@type\":\"ReadAction\",\"target\":[\"https:\/\/raspberrypi.dk\/no\/produkt\/1tb-m-2-ssd-nvme-raspberry-pi\/\"]}]},{\"@type\":\"ImageObject\",\"inLanguage\":\"nb-NO\",\"@id\":\"https:\/\/raspberrypi.dk\/no\/produkt\/1tb-m-2-ssd-nvme-raspberry-pi\/#primaryimage\",\"url\":\"https:\/\/raspberrypi.dk\/wp-content\/uploads\/2026\/01\/1TB-SSD-scaled.jpg\",\"contentUrl\":\"https:\/\/raspberrypi.dk\/wp-content\/uploads\/2026\/01\/1TB-SSD-scaled.jpg\",\"width\":2560,\"height\":1706,\"caption\":\"raspberry pi 1tb ssd\"},{\"@type\":\"BreadcrumbList\",\"@id\":\"https:\/\/raspberrypi.dk\/no\/produkt\/1tb-m-2-ssd-nvme-raspberry-pi\/#breadcrumb\",\"itemListElement\":[{\"@type\":\"ListItem\",\"position\":1,\"name\":\"Hjem\",\"item\":\"https:\/\/raspberrypi.dk\/no\/raspberry-pi-nettbutikk\/\"},{\"@type\":\"ListItem\",\"position\":2,\"name\":\"Shop\",\"item\":\"https:\/\/raspberrypi.dk\/no\/shop-2\/\"},{\"@type\":\"ListItem\",\"position\":3,\"name\":\"1TB M.2 SSD NVMe \u2013 Raspberry Pi\"}]},{\"@type\":\"WebSite\",\"@id\":\"https:\/\/raspberrypi.dk\/no\/#website\",\"url\":\"https:\/\/raspberrypi.dk\/no\/\",\"name\":\"RaspberryPi.dk\",\"description\":\"Danmarks f\u00f8rende Raspberry Pi side!\",\"publisher\":{\"@id\":\"https:\/\/raspberrypi.dk\/no\/#organization\"},\"potentialAction\":[{\"@type\":\"SearchAction\",\"target\":{\"@type\":\"EntryPoint\",\"urlTemplate\":\"https:\/\/raspberrypi.dk\/no\/?s={search_term_string}\"},\"query-input\":{\"@type\":\"PropertyValueSpecification\",\"valueRequired\":true,\"valueName\":\"search_term_string\"}}],\"inLanguage\":\"nb-NO\"},{\"@type\":\"Organization\",\"@id\":\"https:\/\/raspberrypi.dk\/no\/#organization\",\"name\":\"RaspberryPi.dk\",\"url\":\"https:\/\/raspberrypi.dk\/no\/\",\"logo\":{\"@type\":\"ImageObject\",\"inLanguage\":\"nb-NO\",\"@id\":\"https:\/\/raspberrypi.dk\/no\/#\/schema\/logo\/image\/\",\"url\":\"https:\/\/raspberrypi.dk\/wp-content\/uploads\/2017\/05\/RaspberryPidk_logo-2.png\",\"contentUrl\":\"https:\/\/raspberrypi.dk\/wp-content\/uploads\/2017\/05\/RaspberryPidk_logo-2.png\",\"width\":470,\"height\":110,\"caption\":\"RaspberryPi.dk\"},\"image\":{\"@id\":\"https:\/\/raspberrypi.dk\/no\/#\/schema\/logo\/image\/\"},\"sameAs\":[\"https:\/\/facebook.com\/RaspberryPiDanmark\",\"https:\/\/x.com\/raspberrypidk\",\"https:\/\/instagram.com\/raspberrypi.dk\"]}]}<\/script>\n<!-- \/ Yoast SEO plugin. -->","yoast_head_json":{"title":"1TB M.2 SSD NVMe \u2013 Raspberry Pi \u2022 RaspberryPi.dk","robots":{"index":"index","follow":"follow","max-snippet":"max-snippet:-1","max-image-preview":"max-image-preview:large","max-video-preview":"max-video-preview:-1"},"canonical":"https:\/\/raspberrypi.dk\/no\/produkt\/1tb-m-2-ssd-nvme-raspberry-pi\/","og_locale":"nb_NO","og_type":"article","og_title":"1TB M.2 SSD NVMe \u2013 Raspberry Pi \u2022 RaspberryPi.dk","og_description":"En Raspberry Pi SSD l\u00e5ser opp enest\u00e5ende ytelse for I\/O-intensive applikasjoner p\u00e5 Raspberry Pi 5 og andre enheter, inkludert superrask oppstart fra SSD.","og_url":"https:\/\/raspberrypi.dk\/no\/produkt\/1tb-m-2-ssd-nvme-raspberry-pi\/","og_site_name":"RaspberryPi.dk","article_publisher":"https:\/\/facebook.com\/RaspberryPiDanmark","article_modified_time":"2026-02-28T14:45:08+00:00","og_image":[{"width":2560,"height":1706,"url":"https:\/\/raspberrypi.dk\/wp-content\/uploads\/2026\/01\/1TB-SSD-scaled.jpg","type":"image\/jpeg"}],"twitter_card":"summary_large_image","twitter_site":"@raspberrypidk","twitter_misc":{"Ansl. lesetid":"1 minutt"},"schema":{"@context":"https:\/\/schema.org","@graph":[{"@type":"WebPage","@id":"https:\/\/raspberrypi.dk\/no\/produkt\/1tb-m-2-ssd-nvme-raspberry-pi\/","url":"https:\/\/raspberrypi.dk\/no\/produkt\/1tb-m-2-ssd-nvme-raspberry-pi\/","name":"1TB M.2 SSD NVMe \u2013 Raspberry Pi \u2022 RaspberryPi.dk","isPartOf":{"@id":"https:\/\/raspberrypi.dk\/no\/#website"},"primaryImageOfPage":{"@id":"https:\/\/raspberrypi.dk\/no\/produkt\/1tb-m-2-ssd-nvme-raspberry-pi\/#primaryimage"},"image":{"@id":"https:\/\/raspberrypi.dk\/no\/produkt\/1tb-m-2-ssd-nvme-raspberry-pi\/#primaryimage"},"thumbnailUrl":"https:\/\/raspberrypi.dk\/wp-content\/uploads\/2026\/01\/1TB-SSD-scaled.jpg","datePublished":"2026-01-15T08:29:54+00:00","dateModified":"2026-02-28T14:45:08+00:00","breadcrumb":{"@id":"https:\/\/raspberrypi.dk\/no\/produkt\/1tb-m-2-ssd-nvme-raspberry-pi\/#breadcrumb"},"inLanguage":"nb-NO","potentialAction":[{"@type":"ReadAction","target":["https:\/\/raspberrypi.dk\/no\/produkt\/1tb-m-2-ssd-nvme-raspberry-pi\/"]}]},{"@type":"ImageObject","inLanguage":"nb-NO","@id":"https:\/\/raspberrypi.dk\/no\/produkt\/1tb-m-2-ssd-nvme-raspberry-pi\/#primaryimage","url":"https:\/\/raspberrypi.dk\/wp-content\/uploads\/2026\/01\/1TB-SSD-scaled.jpg","contentUrl":"https:\/\/raspberrypi.dk\/wp-content\/uploads\/2026\/01\/1TB-SSD-scaled.jpg","width":2560,"height":1706,"caption":"raspberry pi 1tb ssd"},{"@type":"BreadcrumbList","@id":"https:\/\/raspberrypi.dk\/no\/produkt\/1tb-m-2-ssd-nvme-raspberry-pi\/#breadcrumb","itemListElement":[{"@type":"ListItem","position":1,"name":"Hjem","item":"https:\/\/raspberrypi.dk\/no\/raspberry-pi-nettbutikk\/"},{"@type":"ListItem","position":2,"name":"Shop","item":"https:\/\/raspberrypi.dk\/no\/shop-2\/"},{"@type":"ListItem","position":3,"name":"1TB M.2 SSD NVMe \u2013 Raspberry Pi"}]},{"@type":"WebSite","@id":"https:\/\/raspberrypi.dk\/no\/#website","url":"https:\/\/raspberrypi.dk\/no\/","name":"RaspberryPi.dk","description":"Danmarks f\u00f8rende Raspberry Pi side!","publisher":{"@id":"https:\/\/raspberrypi.dk\/no\/#organization"},"potentialAction":[{"@type":"SearchAction","target":{"@type":"EntryPoint","urlTemplate":"https:\/\/raspberrypi.dk\/no\/?s={search_term_string}"},"query-input":{"@type":"PropertyValueSpecification","valueRequired":true,"valueName":"search_term_string"}}],"inLanguage":"nb-NO"},{"@type":"Organization","@id":"https:\/\/raspberrypi.dk\/no\/#organization","name":"RaspberryPi.dk","url":"https:\/\/raspberrypi.dk\/no\/","logo":{"@type":"ImageObject","inLanguage":"nb-NO","@id":"https:\/\/raspberrypi.dk\/no\/#\/schema\/logo\/image\/","url":"https:\/\/raspberrypi.dk\/wp-content\/uploads\/2017\/05\/RaspberryPidk_logo-2.png","contentUrl":"https:\/\/raspberrypi.dk\/wp-content\/uploads\/2017\/05\/RaspberryPidk_logo-2.png","width":470,"height":110,"caption":"RaspberryPi.dk"},"image":{"@id":"https:\/\/raspberrypi.dk\/no\/#\/schema\/logo\/image\/"},"sameAs":["https:\/\/facebook.com\/RaspberryPiDanmark","https:\/\/x.com\/raspberrypidk","https:\/\/instagram.com\/raspberrypi.dk"]}]}},"_links":{"self":[{"href":"https:\/\/raspberrypi.dk\/no\/wp-json\/wp\/v2\/product\/348668","targetHints":{"allow":["GET"]}}],"collection":[{"href":"https:\/\/raspberrypi.dk\/no\/wp-json\/wp\/v2\/product"}],"about":[{"href":"https:\/\/raspberrypi.dk\/no\/wp-json\/wp\/v2\/types\/product"}],"replies":[{"embeddable":true,"href":"https:\/\/raspberrypi.dk\/no\/wp-json\/wp\/v2\/comments?post=348668"}],"wp:featuredmedia":[{"embeddable":true,"href":"https:\/\/raspberrypi.dk\/no\/wp-json\/wp\/v2\/media\/348675"}],"wp:attachment":[{"href":"https:\/\/raspberrypi.dk\/no\/wp-json\/wp\/v2\/media?parent=348668"}],"wp:term":[{"taxonomy":"product_brand","embeddable":true,"href":"https:\/\/raspberrypi.dk\/no\/wp-json\/wp\/v2\/product_brand?post=348668"},{"taxonomy":"product_cat","embeddable":true,"href":"https:\/\/raspberrypi.dk\/no\/wp-json\/wp\/v2\/product_cat?post=348668"},{"taxonomy":"product_tag","embeddable":true,"href":"https:\/\/raspberrypi.dk\/no\/wp-json\/wp\/v2\/product_tag?post=348668"}],"curies":[{"name":"wp","href":"https:\/\/api.w.org\/{rel}","templated":true}]}}